{"id":64,"date":"2026-03-16T16:28:17","date_gmt":"2026-03-16T14:28:17","guid":{"rendered":"https:\/\/meripelastus.fi\/savonlinna-vedos\/?page_id=64"},"modified":"2026-04-03T12:43:35","modified_gmt":"2026-04-03T09:43:35","slug":"halytysohje","status":"publish","type":"page","link":"https:\/\/meripelastus.fi\/savonlinna\/toiminta\/halytysohje\/","title":{"rendered":"H\u00e4lytysohje"},"content":{"rendered":"\n<p><strong>Kiireelliset<\/strong> <strong>yhteydenotot<\/strong> &#8211; yleinen h\u00e4t\u00e4numero&nbsp;<strong>112<\/strong><\/p>\n\n\n\n<p><strong>Kiirett\u00f6m\u00e4t<\/strong> <strong>yhteydenotot <\/strong>&#8211; Meripelastusseuran palvelunumero 1.5.-31.10. v\u00e4lisen\u00e4 aikana <strong>0800 30 22 30<\/strong><\/p>\n\n\n\n<hr class=\"wp-block-separator has-alpha-channel-opacity is-style-wide\" \/>\n\n\n\n<p><strong>H\u00e4lytysohje<\/strong><\/p>\n\n\n\n<p>1.\u00a0Kerro nimesi<br>2.\u00a0Kerro tarkka tapahtumapaikka (koordinaatit jos saatavilla)<br>3.\u00a0Kerro mit\u00e4 on tapahtunut<br>4.\u00a0Montako ihmist\u00e4 on vaarassa, onko loukkaantuneita?<br>5.\u00a0Kerro mit\u00e4 apua tarvitaan<br>6.\u00a0\u00c4l\u00e4 katkaise yhteytt\u00e4 ennen kuin saat luvan<\/p>\n\n\n\n<ol class=\"wp-block-list\"><\/ol>\n","protected":false},"excerpt":{"rendered":"<p>Kiireelliset yhteydenotot &#8211; yleinen h\u00e4t\u00e4numero&nbsp;112 Kiirett\u00f6m\u00e4t yhteydenotot &#8211; Meripelastusseuran palvelunumero 1.5.-31.10. v\u00e4lisen\u00e4 aikana 0800 30 22 30 H\u00e4lytysohje 1.\u00a0Kerro nimesi2.\u00a0Kerro tarkka tapahtumapaikka (koordinaatit jos saatavilla)3.\u00a0Kerro mit\u00e4 on tapahtunut4.\u00a0Montako ihmist\u00e4 on vaarassa, onko loukkaantuneita?5.\u00a0Kerro mit\u00e4 apua tarvitaan6.\u00a0\u00c4l\u00e4 katkaise yhteytt\u00e4 ennen kuin saat luvan<\/p>\n","protected":false},"author":1,"featured_media":0,"parent":56,"menu_order":0,"comment_status":"closed","ping_status":"closed","template":"","meta":{"_acf_changed":false,"inline_featured_image":false,"footnotes":""},"class_list":["post-64","page","type-page","status-publish","hentry"],"acf":[],"yoast_head":"<!-- This site is optimized with the Yoast SEO Premium plugin v27.4 (Yoast SEO v27.4) - https:\/\/yoast.com\/product\/yoast-seo-premium-wordpress\/ -->\n<title>H\u00e4lytysohje - SMPS Savonlinnan J\u00e4rvipelastajat ry<\/title>\n<meta name=\"robots\" content=\"index, follow, max-snippet:-1, max-image-preview:large, max-video-preview:-1\" \/>\n<link rel=\"canonical\" href=\"https:\/\/meripelastus.fi\/savonlinna\/toiminta\/halytysohje\/\" \/>\n<meta property=\"og:locale\" content=\"fi_FI\" \/>\n<meta property=\"og:type\" content=\"article\" \/>\n<meta property=\"og:title\" content=\"H\u00e4lytysohje\" \/>\n<meta property=\"og:description\" content=\"Kiireelliset yhteydenotot &#8211; yleinen h\u00e4t\u00e4numero&nbsp;112 Kiirett\u00f6m\u00e4t yhteydenotot &#8211; Meripelastusseuran palvelunumero 1.5.-31.10. v\u00e4lisen\u00e4 aikana 0800 30 22 30 H\u00e4lytysohje 1.\u00a0Kerro nimesi2.\u00a0Kerro tarkka tapahtumapaikka (koordinaatit jos saatavilla)3.\u00a0Kerro mit\u00e4 on tapahtunut4.\u00a0Montako ihmist\u00e4 on vaarassa, onko loukkaantuneita?5.\u00a0Kerro mit\u00e4 apua tarvitaan6.\u00a0\u00c4l\u00e4 katkaise yhteytt\u00e4 ennen kuin saat luvan\" \/>\n<meta property=\"og:url\" content=\"https:\/\/meripelastus.fi\/savonlinna\/toiminta\/halytysohje\/\" \/>\n<meta property=\"og:site_name\" content=\"SMPS Savonlinnan J\u00e4rvipelastajat ry\" \/>\n<meta property=\"article:modified_time\" content=\"2026-04-03T09:43:35+00:00\" \/>\n<meta name=\"twitter:card\" content=\"summary_large_image\" \/>\n<meta name=\"twitter:label1\" content=\"Arvioitu lukuaika\" \/>\n\t<meta name=\"twitter:data1\" content=\"1 minuutti\" \/>\n<script type=\"application\/ld+json\" class=\"yoast-schema-graph\">{\"@context\":\"https:\\\/\\\/schema.org\",\"@graph\":[{\"@type\":\"WebPage\",\"@id\":\"https:\\\/\\\/meripelastus.fi\\\/savonlinna\\\/toiminta\\\/halytysohje\\\/\",\"url\":\"https:\\\/\\\/meripelastus.fi\\\/savonlinna\\\/toiminta\\\/halytysohje\\\/\",\"name\":\"H\u00e4lytysohje - SMPS Savonlinnan J\u00e4rvipelastajat ry\",\"isPartOf\":{\"@id\":\"https:\\\/\\\/meripelastus.fi\\\/savonlinna\\\/#website\"},\"datePublished\":\"2026-03-16T14:28:17+00:00\",\"dateModified\":\"2026-04-03T09:43:35+00:00\",\"breadcrumb\":{\"@id\":\"https:\\\/\\\/meripelastus.fi\\\/savonlinna\\\/toiminta\\\/halytysohje\\\/#breadcrumb\"},\"inLanguage\":\"fi\",\"potentialAction\":[{\"@type\":\"ReadAction\",\"target\":[\"https:\\\/\\\/meripelastus.fi\\\/savonlinna\\\/toiminta\\\/halytysohje\\\/\"]}]},{\"@type\":\"BreadcrumbList\",\"@id\":\"https:\\\/\\\/meripelastus.fi\\\/savonlinna\\\/toiminta\\\/halytysohje\\\/#breadcrumb\",\"itemListElement\":[{\"@type\":\"ListItem\",\"position\":1,\"name\":\"Etusivu\",\"item\":\"https:\\\/\\\/meripelastus.fi\\\/savonlinna\\\/\"},{\"@type\":\"ListItem\",\"position\":2,\"name\":\"Toiminta\",\"item\":\"https:\\\/\\\/meripelastus.fi\\\/savonlinna\\\/toiminta\\\/\"},{\"@type\":\"ListItem\",\"position\":3,\"name\":\"H\u00e4lytysohje\"}]},{\"@type\":\"WebSite\",\"@id\":\"https:\\\/\\\/meripelastus.fi\\\/savonlinna\\\/#website\",\"url\":\"https:\\\/\\\/meripelastus.fi\\\/savonlinna\\\/\",\"name\":\"SMPS Savonlinnan J\u00e4rvipelastajat ry\",\"description\":\"Vapaaehtoiset apunasi vesill\u00e4\",\"potentialAction\":[{\"@type\":\"SearchAction\",\"target\":{\"@type\":\"EntryPoint\",\"urlTemplate\":\"https:\\\/\\\/meripelastus.fi\\\/savonlinna\\\/?s={search_term_string}\"},\"query-input\":{\"@type\":\"PropertyValueSpecification\",\"valueRequired\":true,\"valueName\":\"search_term_string\"}}],\"inLanguage\":\"fi\"}]}<\/script>\n<!-- \/ Yoast SEO Premium plugin. -->","yoast_head_json":{"title":"H\u00e4lytysohje - SMPS Savonlinnan J\u00e4rvipelastajat ry","robots":{"index":"index","follow":"follow","max-snippet":"max-snippet:-1","max-image-preview":"max-image-preview:large","max-video-preview":"max-video-preview:-1"},"canonical":"https:\/\/meripelastus.fi\/savonlinna\/toiminta\/halytysohje\/","og_locale":"fi_FI","og_type":"article","og_title":"H\u00e4lytysohje","og_description":"Kiireelliset yhteydenotot &#8211; yleinen h\u00e4t\u00e4numero&nbsp;112 Kiirett\u00f6m\u00e4t yhteydenotot &#8211; Meripelastusseuran palvelunumero 1.5.-31.10. v\u00e4lisen\u00e4 aikana 0800 30 22 30 H\u00e4lytysohje 1.\u00a0Kerro nimesi2.\u00a0Kerro tarkka tapahtumapaikka (koordinaatit jos saatavilla)3.\u00a0Kerro mit\u00e4 on tapahtunut4.\u00a0Montako ihmist\u00e4 on vaarassa, onko loukkaantuneita?5.\u00a0Kerro mit\u00e4 apua tarvitaan6.\u00a0\u00c4l\u00e4 katkaise yhteytt\u00e4 ennen kuin saat luvan","og_url":"https:\/\/meripelastus.fi\/savonlinna\/toiminta\/halytysohje\/","og_site_name":"SMPS Savonlinnan J\u00e4rvipelastajat ry","article_modified_time":"2026-04-03T09:43:35+00:00","twitter_card":"summary_large_image","twitter_misc":{"Arvioitu lukuaika":"1 minuutti"},"schema":{"@context":"https:\/\/schema.org","@graph":[{"@type":"WebPage","@id":"https:\/\/meripelastus.fi\/savonlinna\/toiminta\/halytysohje\/","url":"https:\/\/meripelastus.fi\/savonlinna\/toiminta\/halytysohje\/","name":"H\u00e4lytysohje - SMPS Savonlinnan J\u00e4rvipelastajat ry","isPartOf":{"@id":"https:\/\/meripelastus.fi\/savonlinna\/#website"},"datePublished":"2026-03-16T14:28:17+00:00","dateModified":"2026-04-03T09:43:35+00:00","breadcrumb":{"@id":"https:\/\/meripelastus.fi\/savonlinna\/toiminta\/halytysohje\/#breadcrumb"},"inLanguage":"fi","potentialAction":[{"@type":"ReadAction","target":["https:\/\/meripelastus.fi\/savonlinna\/toiminta\/halytysohje\/"]}]},{"@type":"BreadcrumbList","@id":"https:\/\/meripelastus.fi\/savonlinna\/toiminta\/halytysohje\/#breadcrumb","itemListElement":[{"@type":"ListItem","position":1,"name":"Etusivu","item":"https:\/\/meripelastus.fi\/savonlinna\/"},{"@type":"ListItem","position":2,"name":"Toiminta","item":"https:\/\/meripelastus.fi\/savonlinna\/toiminta\/"},{"@type":"ListItem","position":3,"name":"H\u00e4lytysohje"}]},{"@type":"WebSite","@id":"https:\/\/meripelastus.fi\/savonlinna\/#website","url":"https:\/\/meripelastus.fi\/savonlinna\/","name":"SMPS Savonlinnan J\u00e4rvipelastajat ry","description":"Vapaaehtoiset apunasi vesill\u00e4","potentialAction":[{"@type":"SearchAction","target":{"@type":"EntryPoint","urlTemplate":"https:\/\/meripelastus.fi\/savonlinna\/?s={search_term_string}"},"query-input":{"@type":"PropertyValueSpecification","valueRequired":true,"valueName":"search_term_string"}}],"inLanguage":"fi"}]}},"_links":{"self":[{"href":"https:\/\/meripelastus.fi\/savonlinna\/wp-json\/wp\/v2\/pages\/64","targetHints":{"allow":["GET"]}}],"collection":[{"href":"https:\/\/meripelastus.fi\/savonlinna\/wp-json\/wp\/v2\/pages"}],"about":[{"href":"https:\/\/meripelastus.fi\/savonlinna\/wp-json\/wp\/v2\/types\/page"}],"author":[{"embeddable":true,"href":"https:\/\/meripelastus.fi\/savonlinna\/wp-json\/wp\/v2\/users\/1"}],"replies":[{"embeddable":true,"href":"https:\/\/meripelastus.fi\/savonlinna\/wp-json\/wp\/v2\/comments?post=64"}],"version-history":[{"count":5,"href":"https:\/\/meripelastus.fi\/savonlinna\/wp-json\/wp\/v2\/pages\/64\/revisions"}],"predecessor-version":[{"id":252,"href":"https:\/\/meripelastus.fi\/savonlinna\/wp-json\/wp\/v2\/pages\/64\/revisions\/252"}],"up":[{"embeddable":true,"href":"https:\/\/meripelastus.fi\/savonlinna\/wp-json\/wp\/v2\/pages\/56"}],"wp:attachment":[{"href":"https:\/\/meripelastus.fi\/savonlinna\/wp-json\/wp\/v2\/media?parent=64"}],"curies":[{"name":"wp","href":"https:\/\/api.w.org\/{rel}","templated":true}]}}