{"id":60,"date":"2026-03-16T16:27:19","date_gmt":"2026-03-16T14:27:19","guid":{"rendered":"https:\/\/meripelastus.fi\/savonlinna-vedos\/?page_id=60"},"modified":"2026-04-03T12:37:38","modified_gmt":"2026-04-03T09:37:38","slug":"savonlinnan-jarvipelastajat","status":"publish","type":"page","link":"https:\/\/meripelastus.fi\/savonlinna\/savonlinnan-jarvipelastajat\/","title":{"rendered":"Savonlinnan J\u00e4rvipelastajat"},"content":{"rendered":"\n<p>Savonlinnan J\u00e4rvipelastajat<strong> <\/strong>on vapaaehtoisista koostuva yhdistys, joka auttaa Saimaan alueella vesill\u00e4 pulaan joutuneita ihmisi\u00e4. Toimintamme perustuu pyyteett\u00f6m\u00e4\u00e4n auttamishaluun, koulutettuihin vapaaehtoisiin ja tiiviiseen yhteisty\u00f6h\u00f6n viranomaisten kanssa.<\/p>\n\n\n\n<p>Arvomme ovat:<br>1. Vapaaehtoisuus<br>2. Yhteis\u00f6llisyys<br>3. Turvallisuus<br>4. P\u00e4tevyys<\/p>\n\n\n\n<p>Suoritamme pelastus\u2011 ja avustusteht\u00e4vi\u00e4 sek\u00e4 itsen\u00e4isesti ett\u00e4 viranomaisten johdolla. Vakavissa h\u00e4t\u00e4tilanteissa toimimme osana viranomaisjohtoista organisaatiota yhteisty\u00f6ss\u00e4 Etel\u00e4-Savon pelastuslaitoksen kanssa, erityisesti vesialueilla tapahtuvissa onnettomuuksissa. Yhdistyksen pelastusyksik\u00f6t suorittavat vuosittain noin sata erilaista teht\u00e4v\u00e4\u00e4.<\/p>\n\n\n\n<p>Toimintamme keski\u00f6ss\u00e4 on ihmishenkien pelastaminen. Yleisimm\u00e4t teht\u00e4v\u00e4mme liittyv\u00e4t veneilij\u00f6iden avustamiseen, kuten hinausteht\u00e4viin konerikkojen ja pohjakosketusten yhteydess\u00e4. Lis\u00e4ksi osallistumme etsint\u00e4teht\u00e4viin vapaaehtoisena pelastusresurssina yhteisty\u00f6ss\u00e4 poliisin kanssa sek\u00e4 ensivastetoimintaan Etel\u00e4-Savon hyvinvointialue Eloisan kanssa.<\/p>\n\n\n\n<p>Pelastusaluksemme ovat avovesikaudella jatkuvassa l\u00e4ht\u00f6valmiudessa, jotta apu saadaan nopeasti perille koko toiminta-alueella. Kauden aikana pelastusyksik\u00f6t liikkuvat laajalla maantieteellisell\u00e4 alueella, johon sis\u00e4ltyv\u00e4t muun muassa Hein\u00e4veden reitist\u00f6, Haukivedet, Puruvesi sek\u00e4 vesialueet Savonlinnasta Savonrannalle sek\u00e4 Puumalaan.<\/p>\n\n\n\n<figure class=\"wp-block-image size-large is-resized\"><img loading=\"lazy\" decoding=\"async\" width=\"739\" height=\"1024\" src=\"https:\/\/meripelastus.fi\/savonlinna-vedos\/wp-content\/uploads\/sites\/50\/2026\/03\/PHOTO-2025-12-04-11-14-49-739x1024.jpg\" alt=\"\" class=\"wp-image-153\" style=\"width:555px;height:auto\" srcset=\"https:\/\/meripelastus.fi\/savonlinna\/wp-content\/uploads\/sites\/50\/2026\/03\/PHOTO-2025-12-04-11-14-49-739x1024.jpg 739w, https:\/\/meripelastus.fi\/savonlinna\/wp-content\/uploads\/sites\/50\/2026\/03\/PHOTO-2025-12-04-11-14-49-217x300.jpg 217w, https:\/\/meripelastus.fi\/savonlinna\/wp-content\/uploads\/sites\/50\/2026\/03\/PHOTO-2025-12-04-11-14-49-768x1064.jpg 768w, https:\/\/meripelastus.fi\/savonlinna\/wp-content\/uploads\/sites\/50\/2026\/03\/PHOTO-2025-12-04-11-14-49.jpg 900w\" sizes=\"auto, (max-width: 739px) 100vw, 739px\" \/><\/figure>\n\n\n\n<p><\/p>\n","protected":false},"excerpt":{"rendered":"<p>Savonlinnan J\u00e4rvipelastajat on vapaaehtoisista koostuva yhdistys, joka auttaa Saimaan alueella vesill\u00e4 pulaan joutuneita ihmisi\u00e4. Toimintamme perustuu pyyteett\u00f6m\u00e4\u00e4n auttamishaluun, koulutettuihin vapaaehtoisiin ja tiiviiseen yhteisty\u00f6h\u00f6n viranomaisten kanssa. Arvomme ovat:1. Vapaaehtoisuus2. Yhteis\u00f6llisyys3. Turvallisuus4. P\u00e4tevyys Suoritamme pelastus\u2011 ja avustusteht\u00e4vi\u00e4 sek\u00e4 itsen\u00e4isesti ett\u00e4 viranomaisten johdolla. Vakavissa h\u00e4t\u00e4tilanteissa toimimme osana viranomaisjohtoista organisaatiota yhteisty\u00f6ss\u00e4 Etel\u00e4-Savon pelastuslaitoksen kanssa, erityisesti vesialueilla tapahtuvissa onnettomuuksissa. Yhdistyksen [&hellip;]<\/p>\n","protected":false},"author":1,"featured_media":0,"parent":0,"menu_order":0,"comment_status":"closed","ping_status":"closed","template":"","meta":{"_acf_changed":false,"inline_featured_image":false,"footnotes":""},"class_list":["post-60","page","type-page","status-publish","hentry"],"acf":[],"yoast_head":"<!-- This site is optimized with the Yoast SEO Premium plugin v27.4 (Yoast SEO v27.4) - https:\/\/yoast.com\/product\/yoast-seo-premium-wordpress\/ -->\n<title>Savonlinnan J\u00e4rvipelastajat - SMPS Savonlinnan J\u00e4rvipelastajat ry<\/title>\n<meta name=\"robots\" content=\"index, follow, max-snippet:-1, max-image-preview:large, max-video-preview:-1\" \/>\n<link rel=\"canonical\" href=\"https:\/\/meripelastus.fi\/savonlinna\/savonlinnan-jarvipelastajat\/\" \/>\n<meta property=\"og:locale\" content=\"fi_FI\" \/>\n<meta property=\"og:type\" content=\"article\" \/>\n<meta property=\"og:title\" content=\"Savonlinnan J\u00e4rvipelastajat\" \/>\n<meta property=\"og:description\" content=\"Savonlinnan J\u00e4rvipelastajat on vapaaehtoisista koostuva yhdistys, joka auttaa Saimaan alueella vesill\u00e4 pulaan joutuneita ihmisi\u00e4. Toimintamme perustuu pyyteett\u00f6m\u00e4\u00e4n auttamishaluun, koulutettuihin vapaaehtoisiin ja tiiviiseen yhteisty\u00f6h\u00f6n viranomaisten kanssa. Arvomme ovat:1. Vapaaehtoisuus2. Yhteis\u00f6llisyys3. Turvallisuus4. P\u00e4tevyys Suoritamme pelastus\u2011 ja avustusteht\u00e4vi\u00e4 sek\u00e4 itsen\u00e4isesti ett\u00e4 viranomaisten johdolla. Vakavissa h\u00e4t\u00e4tilanteissa toimimme osana viranomaisjohtoista organisaatiota yhteisty\u00f6ss\u00e4 Etel\u00e4-Savon pelastuslaitoksen kanssa, erityisesti vesialueilla tapahtuvissa onnettomuuksissa. Yhdistyksen [&hellip;]\" \/>\n<meta property=\"og:url\" content=\"https:\/\/meripelastus.fi\/savonlinna\/savonlinnan-jarvipelastajat\/\" \/>\n<meta property=\"og:site_name\" content=\"SMPS Savonlinnan J\u00e4rvipelastajat ry\" \/>\n<meta property=\"article:modified_time\" content=\"2026-04-03T09:37:38+00:00\" \/>\n<meta property=\"og:image\" content=\"https:\/\/meripelastus.fi\/savonlinna\/wp-content\/uploads\/sites\/50\/2026\/03\/PHOTO-2025-12-04-11-14-49.jpg\" \/>\n\t<meta property=\"og:image:width\" content=\"900\" \/>\n\t<meta property=\"og:image:height\" content=\"1247\" \/>\n\t<meta property=\"og:image:type\" content=\"image\/jpeg\" \/>\n<meta name=\"twitter:card\" content=\"summary_large_image\" \/>\n<meta name=\"twitter:label1\" content=\"Arvioitu lukuaika\" \/>\n\t<meta name=\"twitter:data1\" content=\"2 minuuttia\" \/>\n<script type=\"application\/ld+json\" class=\"yoast-schema-graph\">{\"@context\":\"https:\\\/\\\/schema.org\",\"@graph\":[{\"@type\":\"WebPage\",\"@id\":\"https:\\\/\\\/meripelastus.fi\\\/savonlinna\\\/savonlinnan-jarvipelastajat\\\/\",\"url\":\"https:\\\/\\\/meripelastus.fi\\\/savonlinna\\\/savonlinnan-jarvipelastajat\\\/\",\"name\":\"Savonlinnan J\u00e4rvipelastajat - SMPS Savonlinnan J\u00e4rvipelastajat ry\",\"isPartOf\":{\"@id\":\"https:\\\/\\\/meripelastus.fi\\\/savonlinna\\\/#website\"},\"primaryImageOfPage\":{\"@id\":\"https:\\\/\\\/meripelastus.fi\\\/savonlinna\\\/savonlinnan-jarvipelastajat\\\/#primaryimage\"},\"image\":{\"@id\":\"https:\\\/\\\/meripelastus.fi\\\/savonlinna\\\/savonlinnan-jarvipelastajat\\\/#primaryimage\"},\"thumbnailUrl\":\"https:\\\/\\\/meripelastus.fi\\\/savonlinna-vedos\\\/wp-content\\\/uploads\\\/sites\\\/50\\\/2026\\\/03\\\/PHOTO-2025-12-04-11-14-49-739x1024.jpg\",\"datePublished\":\"2026-03-16T14:27:19+00:00\",\"dateModified\":\"2026-04-03T09:37:38+00:00\",\"breadcrumb\":{\"@id\":\"https:\\\/\\\/meripelastus.fi\\\/savonlinna\\\/savonlinnan-jarvipelastajat\\\/#breadcrumb\"},\"inLanguage\":\"fi\",\"potentialAction\":[{\"@type\":\"ReadAction\",\"target\":[\"https:\\\/\\\/meripelastus.fi\\\/savonlinna\\\/savonlinnan-jarvipelastajat\\\/\"]}]},{\"@type\":\"ImageObject\",\"inLanguage\":\"fi\",\"@id\":\"https:\\\/\\\/meripelastus.fi\\\/savonlinna\\\/savonlinnan-jarvipelastajat\\\/#primaryimage\",\"url\":\"https:\\\/\\\/meripelastus.fi\\\/savonlinna\\\/wp-content\\\/uploads\\\/sites\\\/50\\\/2026\\\/03\\\/PHOTO-2025-12-04-11-14-49.jpg\",\"contentUrl\":\"https:\\\/\\\/meripelastus.fi\\\/savonlinna\\\/wp-content\\\/uploads\\\/sites\\\/50\\\/2026\\\/03\\\/PHOTO-2025-12-04-11-14-49.jpg\",\"width\":900,\"height\":1247},{\"@type\":\"BreadcrumbList\",\"@id\":\"https:\\\/\\\/meripelastus.fi\\\/savonlinna\\\/savonlinnan-jarvipelastajat\\\/#breadcrumb\",\"itemListElement\":[{\"@type\":\"ListItem\",\"position\":1,\"name\":\"Etusivu\",\"item\":\"https:\\\/\\\/meripelastus.fi\\\/savonlinna\\\/\"},{\"@type\":\"ListItem\",\"position\":2,\"name\":\"Savonlinnan J\u00e4rvipelastajat\"}]},{\"@type\":\"WebSite\",\"@id\":\"https:\\\/\\\/meripelastus.fi\\\/savonlinna\\\/#website\",\"url\":\"https:\\\/\\\/meripelastus.fi\\\/savonlinna\\\/\",\"name\":\"SMPS Savonlinnan J\u00e4rvipelastajat ry\",\"description\":\"Vapaaehtoiset apunasi vesill\u00e4\",\"potentialAction\":[{\"@type\":\"SearchAction\",\"target\":{\"@type\":\"EntryPoint\",\"urlTemplate\":\"https:\\\/\\\/meripelastus.fi\\\/savonlinna\\\/?s={search_term_string}\"},\"query-input\":{\"@type\":\"PropertyValueSpecification\",\"valueRequired\":true,\"valueName\":\"search_term_string\"}}],\"inLanguage\":\"fi\"}]}<\/script>\n<!-- \/ Yoast SEO Premium plugin. -->","yoast_head_json":{"title":"Savonlinnan J\u00e4rvipelastajat - SMPS Savonlinnan J\u00e4rvipelastajat ry","robots":{"index":"index","follow":"follow","max-snippet":"max-snippet:-1","max-image-preview":"max-image-preview:large","max-video-preview":"max-video-preview:-1"},"canonical":"https:\/\/meripelastus.fi\/savonlinna\/savonlinnan-jarvipelastajat\/","og_locale":"fi_FI","og_type":"article","og_title":"Savonlinnan J\u00e4rvipelastajat","og_description":"Savonlinnan J\u00e4rvipelastajat on vapaaehtoisista koostuva yhdistys, joka auttaa Saimaan alueella vesill\u00e4 pulaan joutuneita ihmisi\u00e4. Toimintamme perustuu pyyteett\u00f6m\u00e4\u00e4n auttamishaluun, koulutettuihin vapaaehtoisiin ja tiiviiseen yhteisty\u00f6h\u00f6n viranomaisten kanssa. Arvomme ovat:1. Vapaaehtoisuus2. Yhteis\u00f6llisyys3. Turvallisuus4. P\u00e4tevyys Suoritamme pelastus\u2011 ja avustusteht\u00e4vi\u00e4 sek\u00e4 itsen\u00e4isesti ett\u00e4 viranomaisten johdolla. Vakavissa h\u00e4t\u00e4tilanteissa toimimme osana viranomaisjohtoista organisaatiota yhteisty\u00f6ss\u00e4 Etel\u00e4-Savon pelastuslaitoksen kanssa, erityisesti vesialueilla tapahtuvissa onnettomuuksissa. Yhdistyksen [&hellip;]","og_url":"https:\/\/meripelastus.fi\/savonlinna\/savonlinnan-jarvipelastajat\/","og_site_name":"SMPS Savonlinnan J\u00e4rvipelastajat ry","article_modified_time":"2026-04-03T09:37:38+00:00","og_image":[{"width":900,"height":1247,"url":"https:\/\/meripelastus.fi\/savonlinna\/wp-content\/uploads\/sites\/50\/2026\/03\/PHOTO-2025-12-04-11-14-49.jpg","type":"image\/jpeg"}],"twitter_card":"summary_large_image","twitter_misc":{"Arvioitu lukuaika":"2 minuuttia"},"schema":{"@context":"https:\/\/schema.org","@graph":[{"@type":"WebPage","@id":"https:\/\/meripelastus.fi\/savonlinna\/savonlinnan-jarvipelastajat\/","url":"https:\/\/meripelastus.fi\/savonlinna\/savonlinnan-jarvipelastajat\/","name":"Savonlinnan J\u00e4rvipelastajat - SMPS Savonlinnan J\u00e4rvipelastajat ry","isPartOf":{"@id":"https:\/\/meripelastus.fi\/savonlinna\/#website"},"primaryImageOfPage":{"@id":"https:\/\/meripelastus.fi\/savonlinna\/savonlinnan-jarvipelastajat\/#primaryimage"},"image":{"@id":"https:\/\/meripelastus.fi\/savonlinna\/savonlinnan-jarvipelastajat\/#primaryimage"},"thumbnailUrl":"https:\/\/meripelastus.fi\/savonlinna-vedos\/wp-content\/uploads\/sites\/50\/2026\/03\/PHOTO-2025-12-04-11-14-49-739x1024.jpg","datePublished":"2026-03-16T14:27:19+00:00","dateModified":"2026-04-03T09:37:38+00:00","breadcrumb":{"@id":"https:\/\/meripelastus.fi\/savonlinna\/savonlinnan-jarvipelastajat\/#breadcrumb"},"inLanguage":"fi","potentialAction":[{"@type":"ReadAction","target":["https:\/\/meripelastus.fi\/savonlinna\/savonlinnan-jarvipelastajat\/"]}]},{"@type":"ImageObject","inLanguage":"fi","@id":"https:\/\/meripelastus.fi\/savonlinna\/savonlinnan-jarvipelastajat\/#primaryimage","url":"https:\/\/meripelastus.fi\/savonlinna\/wp-content\/uploads\/sites\/50\/2026\/03\/PHOTO-2025-12-04-11-14-49.jpg","contentUrl":"https:\/\/meripelastus.fi\/savonlinna\/wp-content\/uploads\/sites\/50\/2026\/03\/PHOTO-2025-12-04-11-14-49.jpg","width":900,"height":1247},{"@type":"BreadcrumbList","@id":"https:\/\/meripelastus.fi\/savonlinna\/savonlinnan-jarvipelastajat\/#breadcrumb","itemListElement":[{"@type":"ListItem","position":1,"name":"Etusivu","item":"https:\/\/meripelastus.fi\/savonlinna\/"},{"@type":"ListItem","position":2,"name":"Savonlinnan J\u00e4rvipelastajat"}]},{"@type":"WebSite","@id":"https:\/\/meripelastus.fi\/savonlinna\/#website","url":"https:\/\/meripelastus.fi\/savonlinna\/","name":"SMPS Savonlinnan J\u00e4rvipelastajat ry","description":"Vapaaehtoiset apunasi vesill\u00e4","potentialAction":[{"@type":"SearchAction","target":{"@type":"EntryPoint","urlTemplate":"https:\/\/meripelastus.fi\/savonlinna\/?s={search_term_string}"},"query-input":{"@type":"PropertyValueSpecification","valueRequired":true,"valueName":"search_term_string"}}],"inLanguage":"fi"}]}},"_links":{"self":[{"href":"https:\/\/meripelastus.fi\/savonlinna\/wp-json\/wp\/v2\/pages\/60","targetHints":{"allow":["GET"]}}],"collection":[{"href":"https:\/\/meripelastus.fi\/savonlinna\/wp-json\/wp\/v2\/pages"}],"about":[{"href":"https:\/\/meripelastus.fi\/savonlinna\/wp-json\/wp\/v2\/types\/page"}],"author":[{"embeddable":true,"href":"https:\/\/meripelastus.fi\/savonlinna\/wp-json\/wp\/v2\/users\/1"}],"replies":[{"embeddable":true,"href":"https:\/\/meripelastus.fi\/savonlinna\/wp-json\/wp\/v2\/comments?post=60"}],"version-history":[{"count":9,"href":"https:\/\/meripelastus.fi\/savonlinna\/wp-json\/wp\/v2\/pages\/60\/revisions"}],"predecessor-version":[{"id":248,"href":"https:\/\/meripelastus.fi\/savonlinna\/wp-json\/wp\/v2\/pages\/60\/revisions\/248"}],"wp:attachment":[{"href":"https:\/\/meripelastus.fi\/savonlinna\/wp-json\/wp\/v2\/media?parent=60"}],"curies":[{"name":"wp","href":"https:\/\/api.w.org\/{rel}","templated":true}]}}