{"id":137,"date":"2026-03-22T12:39:06","date_gmt":"2026-03-22T10:39:06","guid":{"rendered":"https:\/\/meripelastus.fi\/savonlinna-vedos\/?page_id=137"},"modified":"2026-04-03T12:39:02","modified_gmt":"2026-04-03T09:39:02","slug":"asema","status":"publish","type":"page","link":"https:\/\/meripelastus.fi\/savonlinna\/asema\/","title":{"rendered":"Asema"},"content":{"rendered":"\n<p><\/p>\n\n\n\n<p>Savonlinnan J\u00e4rvipelastajien asema sijaitsee keskeisell\u00e4 paikalla Saimaan vesist\u00f6alueella Savonlinnassa, Laitaatsillan telakka-alueella. Asemalta on hyv\u00e4t ja nopeat yhteydet yhdistyksen laajalle toiminta-alueelle, joka kattaa vilkkaasti liikenn\u00f6ityj\u00e4 veneilyreittej\u00e4, saaristoisia vesialueita sek\u00e4 avaria selk\u00e4vesi\u00e4. Sijainti mahdollistaa nopean l\u00e4ht\u00f6valmiuden ja tehokkaan avun vesill\u00e4 liikkujille koko toiminta-alueella.<\/p>\n\n\n\n<p><\/p>\n\n\n\n<figure class=\"wp-block-image size-full is-resized\"><img loading=\"lazy\" decoding=\"async\" width=\"833\" height=\"488\" src=\"https:\/\/meripelastus.fi\/savonlinna-vedos\/wp-content\/uploads\/sites\/50\/2026\/03\/Asema1.png\" alt=\"\" class=\"wp-image-142\" style=\"width:725px;height:auto\" srcset=\"https:\/\/meripelastus.fi\/savonlinna\/wp-content\/uploads\/sites\/50\/2026\/03\/Asema1.png 833w, https:\/\/meripelastus.fi\/savonlinna\/wp-content\/uploads\/sites\/50\/2026\/03\/Asema1-300x176.png 300w, https:\/\/meripelastus.fi\/savonlinna\/wp-content\/uploads\/sites\/50\/2026\/03\/Asema1-768x450.png 768w\" sizes=\"auto, (max-width: 833px) 100vw, 833px\" \/><\/figure>\n\n\n\n<p>Savonlinnan J\u00e4rvipelastajien tukikohta valmistui vuonna 2018 Laitaatsillan telakka\u2011alueelle. Yhdistyksen k\u00e4ytt\u00f6\u00f6n kunnostettu punatiilinen rakennus on yksi alueen vanhimmista ja valmistunut alun perin vuonna 1927. Rakennus on rakennushistoriallisesti merkitt\u00e4v\u00e4 ja Museoviraston suojelema.<\/p>\n\n\n\n<p>Tilat k\u00e4sitt\u00e4v\u00e4t miehist\u00f6\u2011 ja koulutustilat sek\u00e4 pelastustoiminnan edellytt\u00e4m\u00e4t kuivaus\u2011 ja varastotilat. Lis\u00e4ksi tontilla on erillinen varastorakennus. Tukikohta tarjoaa toimivat ja ajanmukaiset puitteet pelastustoiminnalle ja tukee yhdistyksen toimintaa pitk\u00e4lle tulevaisuuteen.<\/p>\n\n\n\n<p><\/p>\n","protected":false},"excerpt":{"rendered":"<p>Savonlinnan J\u00e4rvipelastajien asema sijaitsee keskeisell\u00e4 paikalla Saimaan vesist\u00f6alueella Savonlinnassa, Laitaatsillan telakka-alueella. Asemalta on hyv\u00e4t ja nopeat yhteydet yhdistyksen laajalle toiminta-alueelle, joka kattaa vilkkaasti liikenn\u00f6ityj\u00e4 veneilyreittej\u00e4, saaristoisia vesialueita sek\u00e4 avaria selk\u00e4vesi\u00e4. Sijainti mahdollistaa nopean l\u00e4ht\u00f6valmiuden ja tehokkaan avun vesill\u00e4 liikkujille koko toiminta-alueella. Savonlinnan J\u00e4rvipelastajien tukikohta valmistui vuonna 2018 Laitaatsillan telakka\u2011alueelle. Yhdistyksen k\u00e4ytt\u00f6\u00f6n kunnostettu punatiilinen rakennus on [&hellip;]<\/p>\n","protected":false},"author":151,"featured_media":0,"parent":0,"menu_order":0,"comment_status":"closed","ping_status":"closed","template":"","meta":{"_acf_changed":false,"inline_featured_image":false,"footnotes":""},"class_list":["post-137","page","type-page","status-publish","hentry"],"acf":[],"yoast_head":"<!-- This site is optimized with the Yoast SEO Premium plugin v27.4 (Yoast SEO v27.4) - https:\/\/yoast.com\/product\/yoast-seo-premium-wordpress\/ -->\n<title>Asema - SMPS Savonlinnan J\u00e4rvipelastajat ry<\/title>\n<meta name=\"robots\" content=\"index, follow, max-snippet:-1, max-image-preview:large, max-video-preview:-1\" \/>\n<link rel=\"canonical\" href=\"https:\/\/meripelastus.fi\/savonlinna\/asema\/\" \/>\n<meta property=\"og:locale\" content=\"fi_FI\" \/>\n<meta property=\"og:type\" content=\"article\" \/>\n<meta property=\"og:title\" content=\"Asema\" \/>\n<meta property=\"og:description\" content=\"Savonlinnan J\u00e4rvipelastajien asema sijaitsee keskeisell\u00e4 paikalla Saimaan vesist\u00f6alueella Savonlinnassa, Laitaatsillan telakka-alueella. Asemalta on hyv\u00e4t ja nopeat yhteydet yhdistyksen laajalle toiminta-alueelle, joka kattaa vilkkaasti liikenn\u00f6ityj\u00e4 veneilyreittej\u00e4, saaristoisia vesialueita sek\u00e4 avaria selk\u00e4vesi\u00e4. Sijainti mahdollistaa nopean l\u00e4ht\u00f6valmiuden ja tehokkaan avun vesill\u00e4 liikkujille koko toiminta-alueella. Savonlinnan J\u00e4rvipelastajien tukikohta valmistui vuonna 2018 Laitaatsillan telakka\u2011alueelle. Yhdistyksen k\u00e4ytt\u00f6\u00f6n kunnostettu punatiilinen rakennus on [&hellip;]\" \/>\n<meta property=\"og:url\" content=\"https:\/\/meripelastus.fi\/savonlinna\/asema\/\" \/>\n<meta property=\"og:site_name\" content=\"SMPS Savonlinnan J\u00e4rvipelastajat ry\" \/>\n<meta property=\"article:modified_time\" content=\"2026-04-03T09:39:02+00:00\" \/>\n<meta property=\"og:image\" content=\"https:\/\/meripelastus.fi\/savonlinna\/wp-content\/uploads\/sites\/50\/2026\/03\/Asema1.png\" \/>\n\t<meta property=\"og:image:width\" content=\"833\" \/>\n\t<meta property=\"og:image:height\" content=\"488\" \/>\n\t<meta property=\"og:image:type\" content=\"image\/png\" \/>\n<meta name=\"twitter:card\" content=\"summary_large_image\" \/>\n<meta name=\"twitter:label1\" content=\"Arvioitu lukuaika\" \/>\n\t<meta name=\"twitter:data1\" content=\"1 minuutti\" \/>\n<script type=\"application\/ld+json\" class=\"yoast-schema-graph\">{\"@context\":\"https:\\\/\\\/schema.org\",\"@graph\":[{\"@type\":\"WebPage\",\"@id\":\"https:\\\/\\\/meripelastus.fi\\\/savonlinna\\\/asema\\\/\",\"url\":\"https:\\\/\\\/meripelastus.fi\\\/savonlinna\\\/asema\\\/\",\"name\":\"Asema - SMPS Savonlinnan J\u00e4rvipelastajat ry\",\"isPartOf\":{\"@id\":\"https:\\\/\\\/meripelastus.fi\\\/savonlinna\\\/#website\"},\"primaryImageOfPage\":{\"@id\":\"https:\\\/\\\/meripelastus.fi\\\/savonlinna\\\/asema\\\/#primaryimage\"},\"image\":{\"@id\":\"https:\\\/\\\/meripelastus.fi\\\/savonlinna\\\/asema\\\/#primaryimage\"},\"thumbnailUrl\":\"https:\\\/\\\/meripelastus.fi\\\/savonlinna-vedos\\\/wp-content\\\/uploads\\\/sites\\\/50\\\/2026\\\/03\\\/Asema1.png\",\"datePublished\":\"2026-03-22T10:39:06+00:00\",\"dateModified\":\"2026-04-03T09:39:02+00:00\",\"breadcrumb\":{\"@id\":\"https:\\\/\\\/meripelastus.fi\\\/savonlinna\\\/asema\\\/#breadcrumb\"},\"inLanguage\":\"fi\",\"potentialAction\":[{\"@type\":\"ReadAction\",\"target\":[\"https:\\\/\\\/meripelastus.fi\\\/savonlinna\\\/asema\\\/\"]}]},{\"@type\":\"ImageObject\",\"inLanguage\":\"fi\",\"@id\":\"https:\\\/\\\/meripelastus.fi\\\/savonlinna\\\/asema\\\/#primaryimage\",\"url\":\"https:\\\/\\\/meripelastus.fi\\\/savonlinna\\\/wp-content\\\/uploads\\\/sites\\\/50\\\/2026\\\/03\\\/Asema1.png\",\"contentUrl\":\"https:\\\/\\\/meripelastus.fi\\\/savonlinna\\\/wp-content\\\/uploads\\\/sites\\\/50\\\/2026\\\/03\\\/Asema1.png\",\"width\":833,\"height\":488},{\"@type\":\"BreadcrumbList\",\"@id\":\"https:\\\/\\\/meripelastus.fi\\\/savonlinna\\\/asema\\\/#breadcrumb\",\"itemListElement\":[{\"@type\":\"ListItem\",\"position\":1,\"name\":\"Etusivu\",\"item\":\"https:\\\/\\\/meripelastus.fi\\\/savonlinna\\\/\"},{\"@type\":\"ListItem\",\"position\":2,\"name\":\"Asema\"}]},{\"@type\":\"WebSite\",\"@id\":\"https:\\\/\\\/meripelastus.fi\\\/savonlinna\\\/#website\",\"url\":\"https:\\\/\\\/meripelastus.fi\\\/savonlinna\\\/\",\"name\":\"SMPS Savonlinnan J\u00e4rvipelastajat ry\",\"description\":\"Vapaaehtoiset apunasi vesill\u00e4\",\"potentialAction\":[{\"@type\":\"SearchAction\",\"target\":{\"@type\":\"EntryPoint\",\"urlTemplate\":\"https:\\\/\\\/meripelastus.fi\\\/savonlinna\\\/?s={search_term_string}\"},\"query-input\":{\"@type\":\"PropertyValueSpecification\",\"valueRequired\":true,\"valueName\":\"search_term_string\"}}],\"inLanguage\":\"fi\"}]}<\/script>\n<!-- \/ Yoast SEO Premium plugin. -->","yoast_head_json":{"title":"Asema - SMPS Savonlinnan J\u00e4rvipelastajat ry","robots":{"index":"index","follow":"follow","max-snippet":"max-snippet:-1","max-image-preview":"max-image-preview:large","max-video-preview":"max-video-preview:-1"},"canonical":"https:\/\/meripelastus.fi\/savonlinna\/asema\/","og_locale":"fi_FI","og_type":"article","og_title":"Asema","og_description":"Savonlinnan J\u00e4rvipelastajien asema sijaitsee keskeisell\u00e4 paikalla Saimaan vesist\u00f6alueella Savonlinnassa, Laitaatsillan telakka-alueella. Asemalta on hyv\u00e4t ja nopeat yhteydet yhdistyksen laajalle toiminta-alueelle, joka kattaa vilkkaasti liikenn\u00f6ityj\u00e4 veneilyreittej\u00e4, saaristoisia vesialueita sek\u00e4 avaria selk\u00e4vesi\u00e4. Sijainti mahdollistaa nopean l\u00e4ht\u00f6valmiuden ja tehokkaan avun vesill\u00e4 liikkujille koko toiminta-alueella. Savonlinnan J\u00e4rvipelastajien tukikohta valmistui vuonna 2018 Laitaatsillan telakka\u2011alueelle. Yhdistyksen k\u00e4ytt\u00f6\u00f6n kunnostettu punatiilinen rakennus on [&hellip;]","og_url":"https:\/\/meripelastus.fi\/savonlinna\/asema\/","og_site_name":"SMPS Savonlinnan J\u00e4rvipelastajat ry","article_modified_time":"2026-04-03T09:39:02+00:00","og_image":[{"width":833,"height":488,"url":"https:\/\/meripelastus.fi\/savonlinna\/wp-content\/uploads\/sites\/50\/2026\/03\/Asema1.png","type":"image\/png"}],"twitter_card":"summary_large_image","twitter_misc":{"Arvioitu lukuaika":"1 minuutti"},"schema":{"@context":"https:\/\/schema.org","@graph":[{"@type":"WebPage","@id":"https:\/\/meripelastus.fi\/savonlinna\/asema\/","url":"https:\/\/meripelastus.fi\/savonlinna\/asema\/","name":"Asema - SMPS Savonlinnan J\u00e4rvipelastajat ry","isPartOf":{"@id":"https:\/\/meripelastus.fi\/savonlinna\/#website"},"primaryImageOfPage":{"@id":"https:\/\/meripelastus.fi\/savonlinna\/asema\/#primaryimage"},"image":{"@id":"https:\/\/meripelastus.fi\/savonlinna\/asema\/#primaryimage"},"thumbnailUrl":"https:\/\/meripelastus.fi\/savonlinna-vedos\/wp-content\/uploads\/sites\/50\/2026\/03\/Asema1.png","datePublished":"2026-03-22T10:39:06+00:00","dateModified":"2026-04-03T09:39:02+00:00","breadcrumb":{"@id":"https:\/\/meripelastus.fi\/savonlinna\/asema\/#breadcrumb"},"inLanguage":"fi","potentialAction":[{"@type":"ReadAction","target":["https:\/\/meripelastus.fi\/savonlinna\/asema\/"]}]},{"@type":"ImageObject","inLanguage":"fi","@id":"https:\/\/meripelastus.fi\/savonlinna\/asema\/#primaryimage","url":"https:\/\/meripelastus.fi\/savonlinna\/wp-content\/uploads\/sites\/50\/2026\/03\/Asema1.png","contentUrl":"https:\/\/meripelastus.fi\/savonlinna\/wp-content\/uploads\/sites\/50\/2026\/03\/Asema1.png","width":833,"height":488},{"@type":"BreadcrumbList","@id":"https:\/\/meripelastus.fi\/savonlinna\/asema\/#breadcrumb","itemListElement":[{"@type":"ListItem","position":1,"name":"Etusivu","item":"https:\/\/meripelastus.fi\/savonlinna\/"},{"@type":"ListItem","position":2,"name":"Asema"}]},{"@type":"WebSite","@id":"https:\/\/meripelastus.fi\/savonlinna\/#website","url":"https:\/\/meripelastus.fi\/savonlinna\/","name":"SMPS Savonlinnan J\u00e4rvipelastajat ry","description":"Vapaaehtoiset apunasi vesill\u00e4","potentialAction":[{"@type":"SearchAction","target":{"@type":"EntryPoint","urlTemplate":"https:\/\/meripelastus.fi\/savonlinna\/?s={search_term_string}"},"query-input":{"@type":"PropertyValueSpecification","valueRequired":true,"valueName":"search_term_string"}}],"inLanguage":"fi"}]}},"_links":{"self":[{"href":"https:\/\/meripelastus.fi\/savonlinna\/wp-json\/wp\/v2\/pages\/137","targetHints":{"allow":["GET"]}}],"collection":[{"href":"https:\/\/meripelastus.fi\/savonlinna\/wp-json\/wp\/v2\/pages"}],"about":[{"href":"https:\/\/meripelastus.fi\/savonlinna\/wp-json\/wp\/v2\/types\/page"}],"author":[{"embeddable":true,"href":"https:\/\/meripelastus.fi\/savonlinna\/wp-json\/wp\/v2\/users\/151"}],"replies":[{"embeddable":true,"href":"https:\/\/meripelastus.fi\/savonlinna\/wp-json\/wp\/v2\/comments?post=137"}],"version-history":[{"count":8,"href":"https:\/\/meripelastus.fi\/savonlinna\/wp-json\/wp\/v2\/pages\/137\/revisions"}],"predecessor-version":[{"id":249,"href":"https:\/\/meripelastus.fi\/savonlinna\/wp-json\/wp\/v2\/pages\/137\/revisions\/249"}],"wp:attachment":[{"href":"https:\/\/meripelastus.fi\/savonlinna\/wp-json\/wp\/v2\/media?parent=137"}],"curies":[{"name":"wp","href":"https:\/\/api.w.org\/{rel}","templated":true}]}}