{"id":134,"date":"2026-03-22T12:37:38","date_gmt":"2026-03-22T10:37:38","guid":{"rendered":"https:\/\/meripelastus.fi\/savonlinna-vedos\/?page_id=134"},"modified":"2026-04-03T12:12:18","modified_gmt":"2026-04-03T09:12:18","slug":"alukset","status":"publish","type":"page","link":"https:\/\/meripelastus.fi\/savonlinna\/alukset\/","title":{"rendered":"Alukset"},"content":{"rendered":"\n<p>Molemmat yhdistyksen pelastusveneet ovat nopeita, itsen\u00e4iseen toimintaan pystyvi\u00e4, valmiiksi meripelastusteht\u00e4viin varusteltuja ja vapaaehtoismiehist\u00f6jen k\u00e4ytt\u00f6\u00f6n suunniteltuja tehokkaita yksik\u00f6it\u00e4.<\/p>\n\n\n\n<p><strong>PV UURAS<\/strong> &#8211; <strong>VES828<\/strong><\/p>\n\n\n\n<p>PV Uuras on Savonlinnan J\u00e4rvipelastajien p\u00e4\u00e4asiallinen h\u00e4lytysalus, joka on suunniteltu vaativiin pelastus\u2011 ja avustusteht\u00e4viin Saimaan laajoilla ja usein haastavilla vesialueilla. Alus on nopea, toimintavarma ja varusteltu ymp\u00e4rivuorokautiseen h\u00e4lytystoimintaan, mahdollistaen tehokkaan toiminnan niin etsint\u00e4\u2011, hinaus\u2011 kuin ensivastetilanteissakin.<\/p>\n\n\n\n<p>Pituus: 10,9 m, leveys: 3,6 m, korkeus: 3,5 m, paino: 4,5 tn, koneiden teho: 2 x 184 kW, matkanopeus: 28 kn<\/p>\n\n\n\n<figure class=\"wp-block-image size-large is-resized\"><img loading=\"lazy\" decoding=\"async\" width=\"848\" height=\"1024\" src=\"https:\/\/meripelastus.fi\/savonlinna-vedos\/wp-content\/uploads\/sites\/50\/2026\/03\/Uuras-848x1024.jpg\" alt=\"\" class=\"wp-image-146\" style=\"width:598px;height:auto\" srcset=\"https:\/\/meripelastus.fi\/savonlinna\/wp-content\/uploads\/sites\/50\/2026\/03\/Uuras-848x1024.jpg 848w, https:\/\/meripelastus.fi\/savonlinna\/wp-content\/uploads\/sites\/50\/2026\/03\/Uuras-248x300.jpg 248w, https:\/\/meripelastus.fi\/savonlinna\/wp-content\/uploads\/sites\/50\/2026\/03\/Uuras-768x927.jpg 768w, https:\/\/meripelastus.fi\/savonlinna\/wp-content\/uploads\/sites\/50\/2026\/03\/Uuras-1272x1536.jpg 1272w, https:\/\/meripelastus.fi\/savonlinna\/wp-content\/uploads\/sites\/50\/2026\/03\/Uuras-1696x2048.jpg 1696w\" sizes=\"auto, (max-width: 848px) 100vw, 848px\" \/><\/figure>\n\n\n\n<p><strong>PV P\u00c4RSKE<\/strong> &#8211; <strong>VES8282<\/strong><\/p>\n\n\n\n<p>PV P\u00e4rske on ketter\u00e4 ja monik\u00e4ytt\u00f6inen pelastusalus, jota k\u00e4ytet\u00e4\u00e4n erityisesti avustus\u2011, valvonta\u2011 ja tukiteht\u00e4viss\u00e4. Alus soveltuu hyvin saaristoisille ja matalammille vesialueille sek\u00e4 toimii t\u00e4rke\u00e4n\u00e4 osana yhdistyksen kokonaisvalmiutta tukien h\u00e4lytystoimintaa ja koulutusta.<\/p>\n\n\n\n<p>Pituus: 7,95 m, leveys: 2,85 m, korkeus: 3,5 m, paino: 2,9 tn, koneteho: 331 kW, matkanopeus: 28 kn<\/p>\n\n\n\n<figure class=\"wp-block-image size-full\"><img loading=\"lazy\" decoding=\"async\" width=\"832\" height=\"593\" src=\"https:\/\/meripelastus.fi\/savonlinna-vedos\/wp-content\/uploads\/sites\/50\/2026\/03\/Parske.png\" alt=\"\" class=\"wp-image-148\" srcset=\"https:\/\/meripelastus.fi\/savonlinna\/wp-content\/uploads\/sites\/50\/2026\/03\/Parske.png 832w, https:\/\/meripelastus.fi\/savonlinna\/wp-content\/uploads\/sites\/50\/2026\/03\/Parske-300x214.png 300w, https:\/\/meripelastus.fi\/savonlinna\/wp-content\/uploads\/sites\/50\/2026\/03\/Parske-768x547.png 768w\" sizes=\"auto, (max-width: 832px) 100vw, 832px\" \/><\/figure>\n\n\n\n<p>Suomen Meripelastusseuran aluskalustosta voit lukea lis\u00e4\u00e4 <a href=\"https:\/\/meripelastus.fi\/toiminta\/alukset\/\" target=\"_blank\" rel=\"noreferrer noopener\">t\u00e4\u00e4lt\u00e4<\/a>.<\/p>\n","protected":false},"excerpt":{"rendered":"<p>Molemmat yhdistyksen pelastusveneet ovat nopeita, itsen\u00e4iseen toimintaan pystyvi\u00e4, valmiiksi meripelastusteht\u00e4viin varusteltuja ja vapaaehtoismiehist\u00f6jen k\u00e4ytt\u00f6\u00f6n suunniteltuja tehokkaita yksik\u00f6it\u00e4. PV UURAS &#8211; VES828 PV Uuras on Savonlinnan J\u00e4rvipelastajien p\u00e4\u00e4asiallinen h\u00e4lytysalus, joka on suunniteltu vaativiin pelastus\u2011 ja avustusteht\u00e4viin Saimaan laajoilla ja usein haastavilla vesialueilla. Alus on nopea, toimintavarma ja varusteltu ymp\u00e4rivuorokautiseen h\u00e4lytystoimintaan, mahdollistaen tehokkaan toiminnan niin etsint\u00e4\u2011, hinaus\u2011 [&hellip;]<\/p>\n","protected":false},"author":151,"featured_media":0,"parent":0,"menu_order":0,"comment_status":"closed","ping_status":"closed","template":"","meta":{"_acf_changed":false,"inline_featured_image":false,"footnotes":""},"class_list":["post-134","page","type-page","status-publish","hentry"],"acf":[],"yoast_head":"<!-- This site is optimized with the Yoast SEO Premium plugin v27.4 (Yoast SEO v27.4) - https:\/\/yoast.com\/product\/yoast-seo-premium-wordpress\/ -->\n<title>Alukset - SMPS Savonlinnan J\u00e4rvipelastajat ry<\/title>\n<meta name=\"robots\" content=\"index, follow, max-snippet:-1, max-image-preview:large, max-video-preview:-1\" \/>\n<link rel=\"canonical\" href=\"https:\/\/meripelastus.fi\/savonlinna\/alukset\/\" \/>\n<meta property=\"og:locale\" content=\"fi_FI\" \/>\n<meta property=\"og:type\" content=\"article\" \/>\n<meta property=\"og:title\" content=\"Alukset\" \/>\n<meta property=\"og:description\" content=\"Molemmat yhdistyksen pelastusveneet ovat nopeita, itsen\u00e4iseen toimintaan pystyvi\u00e4, valmiiksi meripelastusteht\u00e4viin varusteltuja ja vapaaehtoismiehist\u00f6jen k\u00e4ytt\u00f6\u00f6n suunniteltuja tehokkaita yksik\u00f6it\u00e4. PV UURAS &#8211; VES828 PV Uuras on Savonlinnan J\u00e4rvipelastajien p\u00e4\u00e4asiallinen h\u00e4lytysalus, joka on suunniteltu vaativiin pelastus\u2011 ja avustusteht\u00e4viin Saimaan laajoilla ja usein haastavilla vesialueilla. Alus on nopea, toimintavarma ja varusteltu ymp\u00e4rivuorokautiseen h\u00e4lytystoimintaan, mahdollistaen tehokkaan toiminnan niin etsint\u00e4\u2011, hinaus\u2011 [&hellip;]\" \/>\n<meta property=\"og:url\" content=\"https:\/\/meripelastus.fi\/savonlinna\/alukset\/\" \/>\n<meta property=\"og:site_name\" content=\"SMPS Savonlinnan J\u00e4rvipelastajat ry\" \/>\n<meta property=\"article:modified_time\" content=\"2026-04-03T09:12:18+00:00\" \/>\n<meta property=\"og:image\" content=\"https:\/\/meripelastus.fi\/savonlinna\/wp-content\/uploads\/sites\/50\/2026\/03\/Uuras-scaled.jpg\" \/>\n\t<meta property=\"og:image:width\" content=\"2120\" \/>\n\t<meta property=\"og:image:height\" content=\"2560\" \/>\n\t<meta property=\"og:image:type\" content=\"image\/jpeg\" \/>\n<meta name=\"twitter:card\" content=\"summary_large_image\" \/>\n<meta name=\"twitter:label1\" content=\"Arvioitu lukuaika\" \/>\n\t<meta name=\"twitter:data1\" content=\"2 minuuttia\" \/>\n<script type=\"application\/ld+json\" class=\"yoast-schema-graph\">{\"@context\":\"https:\\\/\\\/schema.org\",\"@graph\":[{\"@type\":\"WebPage\",\"@id\":\"https:\\\/\\\/meripelastus.fi\\\/savonlinna\\\/alukset\\\/\",\"url\":\"https:\\\/\\\/meripelastus.fi\\\/savonlinna\\\/alukset\\\/\",\"name\":\"Alukset - SMPS Savonlinnan J\u00e4rvipelastajat ry\",\"isPartOf\":{\"@id\":\"https:\\\/\\\/meripelastus.fi\\\/savonlinna\\\/#website\"},\"primaryImageOfPage\":{\"@id\":\"https:\\\/\\\/meripelastus.fi\\\/savonlinna\\\/alukset\\\/#primaryimage\"},\"image\":{\"@id\":\"https:\\\/\\\/meripelastus.fi\\\/savonlinna\\\/alukset\\\/#primaryimage\"},\"thumbnailUrl\":\"https:\\\/\\\/meripelastus.fi\\\/savonlinna-vedos\\\/wp-content\\\/uploads\\\/sites\\\/50\\\/2026\\\/03\\\/Uuras-848x1024.jpg\",\"datePublished\":\"2026-03-22T10:37:38+00:00\",\"dateModified\":\"2026-04-03T09:12:18+00:00\",\"breadcrumb\":{\"@id\":\"https:\\\/\\\/meripelastus.fi\\\/savonlinna\\\/alukset\\\/#breadcrumb\"},\"inLanguage\":\"fi\",\"potentialAction\":[{\"@type\":\"ReadAction\",\"target\":[\"https:\\\/\\\/meripelastus.fi\\\/savonlinna\\\/alukset\\\/\"]}]},{\"@type\":\"ImageObject\",\"inLanguage\":\"fi\",\"@id\":\"https:\\\/\\\/meripelastus.fi\\\/savonlinna\\\/alukset\\\/#primaryimage\",\"url\":\"https:\\\/\\\/meripelastus.fi\\\/savonlinna\\\/wp-content\\\/uploads\\\/sites\\\/50\\\/2026\\\/03\\\/Uuras-scaled.jpg\",\"contentUrl\":\"https:\\\/\\\/meripelastus.fi\\\/savonlinna\\\/wp-content\\\/uploads\\\/sites\\\/50\\\/2026\\\/03\\\/Uuras-scaled.jpg\",\"width\":2120,\"height\":2560},{\"@type\":\"BreadcrumbList\",\"@id\":\"https:\\\/\\\/meripelastus.fi\\\/savonlinna\\\/alukset\\\/#breadcrumb\",\"itemListElement\":[{\"@type\":\"ListItem\",\"position\":1,\"name\":\"Etusivu\",\"item\":\"https:\\\/\\\/meripelastus.fi\\\/savonlinna\\\/\"},{\"@type\":\"ListItem\",\"position\":2,\"name\":\"Alukset\"}]},{\"@type\":\"WebSite\",\"@id\":\"https:\\\/\\\/meripelastus.fi\\\/savonlinna\\\/#website\",\"url\":\"https:\\\/\\\/meripelastus.fi\\\/savonlinna\\\/\",\"name\":\"SMPS Savonlinnan J\u00e4rvipelastajat ry\",\"description\":\"Vapaaehtoiset apunasi vesill\u00e4\",\"potentialAction\":[{\"@type\":\"SearchAction\",\"target\":{\"@type\":\"EntryPoint\",\"urlTemplate\":\"https:\\\/\\\/meripelastus.fi\\\/savonlinna\\\/?s={search_term_string}\"},\"query-input\":{\"@type\":\"PropertyValueSpecification\",\"valueRequired\":true,\"valueName\":\"search_term_string\"}}],\"inLanguage\":\"fi\"}]}<\/script>\n<!-- \/ Yoast SEO Premium plugin. -->","yoast_head_json":{"title":"Alukset - SMPS Savonlinnan J\u00e4rvipelastajat ry","robots":{"index":"index","follow":"follow","max-snippet":"max-snippet:-1","max-image-preview":"max-image-preview:large","max-video-preview":"max-video-preview:-1"},"canonical":"https:\/\/meripelastus.fi\/savonlinna\/alukset\/","og_locale":"fi_FI","og_type":"article","og_title":"Alukset","og_description":"Molemmat yhdistyksen pelastusveneet ovat nopeita, itsen\u00e4iseen toimintaan pystyvi\u00e4, valmiiksi meripelastusteht\u00e4viin varusteltuja ja vapaaehtoismiehist\u00f6jen k\u00e4ytt\u00f6\u00f6n suunniteltuja tehokkaita yksik\u00f6it\u00e4. PV UURAS &#8211; VES828 PV Uuras on Savonlinnan J\u00e4rvipelastajien p\u00e4\u00e4asiallinen h\u00e4lytysalus, joka on suunniteltu vaativiin pelastus\u2011 ja avustusteht\u00e4viin Saimaan laajoilla ja usein haastavilla vesialueilla. Alus on nopea, toimintavarma ja varusteltu ymp\u00e4rivuorokautiseen h\u00e4lytystoimintaan, mahdollistaen tehokkaan toiminnan niin etsint\u00e4\u2011, hinaus\u2011 [&hellip;]","og_url":"https:\/\/meripelastus.fi\/savonlinna\/alukset\/","og_site_name":"SMPS Savonlinnan J\u00e4rvipelastajat ry","article_modified_time":"2026-04-03T09:12:18+00:00","og_image":[{"width":2120,"height":2560,"url":"https:\/\/meripelastus.fi\/savonlinna\/wp-content\/uploads\/sites\/50\/2026\/03\/Uuras-scaled.jpg","type":"image\/jpeg"}],"twitter_card":"summary_large_image","twitter_misc":{"Arvioitu lukuaika":"2 minuuttia"},"schema":{"@context":"https:\/\/schema.org","@graph":[{"@type":"WebPage","@id":"https:\/\/meripelastus.fi\/savonlinna\/alukset\/","url":"https:\/\/meripelastus.fi\/savonlinna\/alukset\/","name":"Alukset - SMPS Savonlinnan J\u00e4rvipelastajat ry","isPartOf":{"@id":"https:\/\/meripelastus.fi\/savonlinna\/#website"},"primaryImageOfPage":{"@id":"https:\/\/meripelastus.fi\/savonlinna\/alukset\/#primaryimage"},"image":{"@id":"https:\/\/meripelastus.fi\/savonlinna\/alukset\/#primaryimage"},"thumbnailUrl":"https:\/\/meripelastus.fi\/savonlinna-vedos\/wp-content\/uploads\/sites\/50\/2026\/03\/Uuras-848x1024.jpg","datePublished":"2026-03-22T10:37:38+00:00","dateModified":"2026-04-03T09:12:18+00:00","breadcrumb":{"@id":"https:\/\/meripelastus.fi\/savonlinna\/alukset\/#breadcrumb"},"inLanguage":"fi","potentialAction":[{"@type":"ReadAction","target":["https:\/\/meripelastus.fi\/savonlinna\/alukset\/"]}]},{"@type":"ImageObject","inLanguage":"fi","@id":"https:\/\/meripelastus.fi\/savonlinna\/alukset\/#primaryimage","url":"https:\/\/meripelastus.fi\/savonlinna\/wp-content\/uploads\/sites\/50\/2026\/03\/Uuras-scaled.jpg","contentUrl":"https:\/\/meripelastus.fi\/savonlinna\/wp-content\/uploads\/sites\/50\/2026\/03\/Uuras-scaled.jpg","width":2120,"height":2560},{"@type":"BreadcrumbList","@id":"https:\/\/meripelastus.fi\/savonlinna\/alukset\/#breadcrumb","itemListElement":[{"@type":"ListItem","position":1,"name":"Etusivu","item":"https:\/\/meripelastus.fi\/savonlinna\/"},{"@type":"ListItem","position":2,"name":"Alukset"}]},{"@type":"WebSite","@id":"https:\/\/meripelastus.fi\/savonlinna\/#website","url":"https:\/\/meripelastus.fi\/savonlinna\/","name":"SMPS Savonlinnan J\u00e4rvipelastajat ry","description":"Vapaaehtoiset apunasi vesill\u00e4","potentialAction":[{"@type":"SearchAction","target":{"@type":"EntryPoint","urlTemplate":"https:\/\/meripelastus.fi\/savonlinna\/?s={search_term_string}"},"query-input":{"@type":"PropertyValueSpecification","valueRequired":true,"valueName":"search_term_string"}}],"inLanguage":"fi"}]}},"_links":{"self":[{"href":"https:\/\/meripelastus.fi\/savonlinna\/wp-json\/wp\/v2\/pages\/134","targetHints":{"allow":["GET"]}}],"collection":[{"href":"https:\/\/meripelastus.fi\/savonlinna\/wp-json\/wp\/v2\/pages"}],"about":[{"href":"https:\/\/meripelastus.fi\/savonlinna\/wp-json\/wp\/v2\/types\/page"}],"author":[{"embeddable":true,"href":"https:\/\/meripelastus.fi\/savonlinna\/wp-json\/wp\/v2\/users\/151"}],"replies":[{"embeddable":true,"href":"https:\/\/meripelastus.fi\/savonlinna\/wp-json\/wp\/v2\/comments?post=134"}],"version-history":[{"count":12,"href":"https:\/\/meripelastus.fi\/savonlinna\/wp-json\/wp\/v2\/pages\/134\/revisions"}],"predecessor-version":[{"id":238,"href":"https:\/\/meripelastus.fi\/savonlinna\/wp-json\/wp\/v2\/pages\/134\/revisions\/238"}],"wp:attachment":[{"href":"https:\/\/meripelastus.fi\/savonlinna\/wp-json\/wp\/v2\/media?parent=134"}],"curies":[{"name":"wp","href":"https:\/\/api.w.org\/{rel}","templated":true}]}}