{"id":51,"date":"2018-03-19T09:24:37","date_gmt":"2018-03-19T07:24:37","guid":{"rendered":"http:\/\/basetemplate.smpsyhdistykset.16.testivedos.com\/?page_id=51"},"modified":"2025-10-03T15:48:07","modified_gmt":"2025-10-03T12:48:07","slug":"yhteystiedot","status":"publish","type":"page","link":"https:\/\/meripelastus.fi\/rauma-vedos\/yhteystiedot\/","title":{"rendered":"Yhteystiedot"},"content":{"rendered":"\n<div class=\"wp-block-columns is-layout-flex wp-container-core-columns-is-layout-9d6595d7 wp-block-columns-is-layout-flex\">\n<div class=\"wp-block-column is-layout-flow wp-block-column-is-layout-flow\">\n<p><strong>Rauman Meripelastusyhdistys ry<\/strong><\/p>\n\n\n\n<p>Pet\u00e4j\u00e4ksentie 234<br>26100 Rauma<\/p>\n\n\n\n<p>S\u00e4hk\u00f6posti: <a href=\"mailto:rauma@messi.meripelastus.fi\">rauma@messi.meripelastus.fi<\/a><br>Puhelinnumero: <a href=\"tel:+358504399852\">+358504399852<\/a><\/p>\n<\/div>\n\n\n\n<div class=\"wp-block-column is-layout-flow wp-block-column-is-layout-flow\">\n<p><strong>Puheenjohtaja<\/strong><\/p>\n\n\n\n<p>Markus Viitanen<br>Rajahorsmantie 12<br>26410 Rauma<\/p>\n\n\n\n<p>S\u00e4hk\u00f6posti: <a href=\"mailto:pj.rauma@messi.meripelastus.fi\">pj.rauma@messi.meripelastus.fi<\/a><br>Puhelinnumero: <a href=\"tel:+358504399852\">+358504399852<\/a><br><\/p>\n<\/div>\n<\/div>\n\n\n\n<p><\/p>\n","protected":false},"excerpt":{"rendered":"<p>Rauman Meripelastusyhdistys ry Pet\u00e4j\u00e4ksentie 23426100 Rauma S\u00e4hk\u00f6posti: rauma@messi.meripelastus.fiPuhelinnumero: +358504399852 Puheenjohtaja Markus ViitanenRajahorsmantie 1226410 Rauma S\u00e4hk\u00f6posti: pj.rauma@messi.meripelastus.fiPuhelinnumero: +358504399852<\/p>\n","protected":false},"author":1,"featured_media":0,"parent":0,"menu_order":4,"comment_status":"closed","ping_status":"closed","template":"","meta":{"_acf_changed":false,"inline_featured_image":false,"footnotes":""},"class_list":["post-51","page","type-page","status-publish","hentry"],"acf":[],"yoast_head":"<!-- This site is optimized with the Yoast SEO Premium plugin v27.4 (Yoast SEO v27.4) - https:\/\/yoast.com\/product\/yoast-seo-premium-wordpress\/ -->\n<title>Yhteystiedot - Rauman Meripelastusyhdistys<\/title>\n<meta name=\"robots\" content=\"noindex, follow, max-snippet:-1, max-image-preview:large, max-video-preview:-1\" \/>\n<meta property=\"og:locale\" content=\"fi_FI\" \/>\n<meta property=\"og:type\" content=\"article\" \/>\n<meta property=\"og:title\" content=\"Yhteystiedot\" \/>\n<meta property=\"og:description\" content=\"Rauman Meripelastusyhdistys ry Pet\u00e4j\u00e4ksentie 23426100 Rauma S\u00e4hk\u00f6posti: rauma@messi.meripelastus.fiPuhelinnumero: +358504399852 Puheenjohtaja Markus ViitanenRajahorsmantie 1226410 Rauma S\u00e4hk\u00f6posti: pj.rauma@messi.meripelastus.fiPuhelinnumero: +358504399852\" \/>\n<meta property=\"og:url\" content=\"https:\/\/meripelastus.fi\/rauma-vedos\/yhteystiedot\/\" \/>\n<meta property=\"og:site_name\" content=\"Rauman Meripelastusyhdistys\" \/>\n<meta property=\"article:modified_time\" content=\"2025-10-03T12:48:07+00:00\" \/>\n<meta name=\"twitter:card\" content=\"summary_large_image\" \/>\n<meta name=\"twitter:label1\" content=\"Arvioitu lukuaika\" \/>\n\t<meta name=\"twitter:data1\" content=\"1 minuutti\" \/>\n<script type=\"application\/ld+json\" class=\"yoast-schema-graph\">{\"@context\":\"https:\\\/\\\/schema.org\",\"@graph\":[{\"@type\":\"WebPage\",\"@id\":\"https:\\\/\\\/meripelastus.fi\\\/rauma-vedos\\\/yhteystiedot\\\/\",\"url\":\"https:\\\/\\\/meripelastus.fi\\\/rauma-vedos\\\/yhteystiedot\\\/\",\"name\":\"Yhteystiedot - Rauman Meripelastusyhdistys\",\"isPartOf\":{\"@id\":\"https:\\\/\\\/meripelastus.fi\\\/rauma-vedos\\\/#website\"},\"datePublished\":\"2018-03-19T07:24:37+00:00\",\"dateModified\":\"2025-10-03T12:48:07+00:00\",\"breadcrumb\":{\"@id\":\"https:\\\/\\\/meripelastus.fi\\\/rauma-vedos\\\/yhteystiedot\\\/#breadcrumb\"},\"inLanguage\":\"fi\",\"potentialAction\":[{\"@type\":\"ReadAction\",\"target\":[\"https:\\\/\\\/meripelastus.fi\\\/rauma-vedos\\\/yhteystiedot\\\/\"]}]},{\"@type\":\"BreadcrumbList\",\"@id\":\"https:\\\/\\\/meripelastus.fi\\\/rauma-vedos\\\/yhteystiedot\\\/#breadcrumb\",\"itemListElement\":[{\"@type\":\"ListItem\",\"position\":1,\"name\":\"Etusivu\",\"item\":\"https:\\\/\\\/meripelastus.fi\\\/rauma-vedos\\\/\"},{\"@type\":\"ListItem\",\"position\":2,\"name\":\"Yhteystiedot\"}]},{\"@type\":\"WebSite\",\"@id\":\"https:\\\/\\\/meripelastus.fi\\\/rauma-vedos\\\/#website\",\"url\":\"https:\\\/\\\/meripelastus.fi\\\/rauma-vedos\\\/\",\"name\":\"Rauman Meripelastusyhdistys\",\"description\":\"Vapaaehtoiset apunasi vesill\u00e4\",\"potentialAction\":[{\"@type\":\"SearchAction\",\"target\":{\"@type\":\"EntryPoint\",\"urlTemplate\":\"https:\\\/\\\/meripelastus.fi\\\/rauma-vedos\\\/?s={search_term_string}\"},\"query-input\":{\"@type\":\"PropertyValueSpecification\",\"valueRequired\":true,\"valueName\":\"search_term_string\"}}],\"inLanguage\":\"fi\"}]}<\/script>\n<!-- \/ Yoast SEO Premium plugin. -->","yoast_head_json":{"title":"Yhteystiedot - Rauman Meripelastusyhdistys","robots":{"index":"noindex","follow":"follow","max-snippet":"max-snippet:-1","max-image-preview":"max-image-preview:large","max-video-preview":"max-video-preview:-1"},"og_locale":"fi_FI","og_type":"article","og_title":"Yhteystiedot","og_description":"Rauman Meripelastusyhdistys ry Pet\u00e4j\u00e4ksentie 23426100 Rauma S\u00e4hk\u00f6posti: rauma@messi.meripelastus.fiPuhelinnumero: +358504399852 Puheenjohtaja Markus ViitanenRajahorsmantie 1226410 Rauma S\u00e4hk\u00f6posti: pj.rauma@messi.meripelastus.fiPuhelinnumero: +358504399852","og_url":"https:\/\/meripelastus.fi\/rauma-vedos\/yhteystiedot\/","og_site_name":"Rauman Meripelastusyhdistys","article_modified_time":"2025-10-03T12:48:07+00:00","twitter_card":"summary_large_image","twitter_misc":{"Arvioitu lukuaika":"1 minuutti"},"schema":{"@context":"https:\/\/schema.org","@graph":[{"@type":"WebPage","@id":"https:\/\/meripelastus.fi\/rauma-vedos\/yhteystiedot\/","url":"https:\/\/meripelastus.fi\/rauma-vedos\/yhteystiedot\/","name":"Yhteystiedot - Rauman Meripelastusyhdistys","isPartOf":{"@id":"https:\/\/meripelastus.fi\/rauma-vedos\/#website"},"datePublished":"2018-03-19T07:24:37+00:00","dateModified":"2025-10-03T12:48:07+00:00","breadcrumb":{"@id":"https:\/\/meripelastus.fi\/rauma-vedos\/yhteystiedot\/#breadcrumb"},"inLanguage":"fi","potentialAction":[{"@type":"ReadAction","target":["https:\/\/meripelastus.fi\/rauma-vedos\/yhteystiedot\/"]}]},{"@type":"BreadcrumbList","@id":"https:\/\/meripelastus.fi\/rauma-vedos\/yhteystiedot\/#breadcrumb","itemListElement":[{"@type":"ListItem","position":1,"name":"Etusivu","item":"https:\/\/meripelastus.fi\/rauma-vedos\/"},{"@type":"ListItem","position":2,"name":"Yhteystiedot"}]},{"@type":"WebSite","@id":"https:\/\/meripelastus.fi\/rauma-vedos\/#website","url":"https:\/\/meripelastus.fi\/rauma-vedos\/","name":"Rauman Meripelastusyhdistys","description":"Vapaaehtoiset apunasi vesill\u00e4","potentialAction":[{"@type":"SearchAction","target":{"@type":"EntryPoint","urlTemplate":"https:\/\/meripelastus.fi\/rauma-vedos\/?s={search_term_string}"},"query-input":{"@type":"PropertyValueSpecification","valueRequired":true,"valueName":"search_term_string"}}],"inLanguage":"fi"}]}},"_links":{"self":[{"href":"https:\/\/meripelastus.fi\/rauma-vedos\/wp-json\/wp\/v2\/pages\/51","targetHints":{"allow":["GET"]}}],"collection":[{"href":"https:\/\/meripelastus.fi\/rauma-vedos\/wp-json\/wp\/v2\/pages"}],"about":[{"href":"https:\/\/meripelastus.fi\/rauma-vedos\/wp-json\/wp\/v2\/types\/page"}],"author":[{"embeddable":true,"href":"https:\/\/meripelastus.fi\/rauma-vedos\/wp-json\/wp\/v2\/users\/1"}],"replies":[{"embeddable":true,"href":"https:\/\/meripelastus.fi\/rauma-vedos\/wp-json\/wp\/v2\/comments?post=51"}],"version-history":[{"count":6,"href":"https:\/\/meripelastus.fi\/rauma-vedos\/wp-json\/wp\/v2\/pages\/51\/revisions"}],"predecessor-version":[{"id":274,"href":"https:\/\/meripelastus.fi\/rauma-vedos\/wp-json\/wp\/v2\/pages\/51\/revisions\/274"}],"wp:attachment":[{"href":"https:\/\/meripelastus.fi\/rauma-vedos\/wp-json\/wp\/v2\/media?parent=51"}],"curies":[{"name":"wp","href":"https:\/\/api.w.org\/{rel}","templated":true}]}}