{"id":632,"date":"2024-06-11T21:39:03","date_gmt":"2024-06-11T18:39:03","guid":{"rendered":"https:\/\/meripelastus.fi\/porvoo\/?page_id=632"},"modified":"2024-06-11T21:47:00","modified_gmt":"2024-06-11T18:47:00","slug":"kannatusjasen","status":"publish","type":"page","link":"https:\/\/meripelastus.fi\/porvoo\/liity-jaseneksi\/kannatusjasen\/","title":{"rendered":"Kannatusj\u00e4sen"},"content":{"rendered":"\n<h2 class=\"wp-block-heading\"><strong>Kannatusj\u00e4senyys 37\u20ac vuodessa<\/strong><\/h2>\n\n\n\n<p>Sinulle, joka haluat pit\u00e4\u00e4 pelastusveneet liikkeell\u00e4 vuotuisella maksulla.<\/p>\n\n\n\n<p>L\u00e4het\u00e4 yhteistietosi alla olevan kaavakkeen kautta ja me olemme sinuun yhteydess\u00e4.<\/p>\n\n\n\n<div class=\"wp-block-contact-form-7-contact-form-selector\">\n<div class=\"wpcf7 no-js\" id=\"wpcf7-f631-o1\" lang=\"fi\" dir=\"ltr\" data-wpcf7-id=\"631\">\n<div class=\"screen-reader-response\"><p role=\"status\" aria-live=\"polite\" aria-atomic=\"true\"><\/p> <ul><\/ul><\/div>\n<form action=\"\/porvoo\/wp-json\/wp\/v2\/pages\/632#wpcf7-f631-o1\" method=\"post\" class=\"wpcf7-form init\" aria-label=\"Yhteydenottolomake\" novalidate=\"novalidate\" data-status=\"init\">\n<fieldset class=\"hidden-fields-container\"><input type=\"hidden\" name=\"_wpcf7\" value=\"631\" \/><input type=\"hidden\" name=\"_wpcf7_version\" value=\"6.1.5\" \/><input type=\"hidden\" name=\"_wpcf7_locale\" value=\"fi\" \/><input type=\"hidden\" name=\"_wpcf7_unit_tag\" value=\"wpcf7-f631-o1\" \/><input type=\"hidden\" name=\"_wpcf7_container_post\" value=\"0\" \/><input type=\"hidden\" name=\"_wpcf7_posted_data_hash\" value=\"\" \/><input type=\"hidden\" name=\"_wpcf7_recaptcha_response\" value=\"\" \/>\n<\/fieldset>\n<p><label> Sukunimi<br \/>\n<span class=\"wpcf7-form-control-wrap\" data-name=\"last-name\"><input size=\"40\" maxlength=\"400\" class=\"wpcf7-form-control wpcf7-text wpcf7-validates-as-required\" autocomplete=\"name\" aria-required=\"true\" aria-invalid=\"false\" value=\"\" type=\"text\" name=\"last-name\" \/><\/span> <\/label>\n<\/p>\n<p><label> Etunimet<br \/>\n<span class=\"wpcf7-form-control-wrap\" data-name=\"first-name\"><input size=\"40\" maxlength=\"400\" class=\"wpcf7-form-control wpcf7-text wpcf7-validates-as-required\" autocomplete=\"name\" aria-required=\"true\" aria-invalid=\"false\" value=\"\" type=\"text\" name=\"first-name\" \/><\/span> <\/label>\n<\/p>\n<p><label> Syntym\u00e4aika<br \/>\n<span class=\"wpcf7-form-control-wrap\" data-name=\"date-313\"><input class=\"wpcf7-form-control wpcf7-date wpcf7-validates-as-date\" aria-invalid=\"false\" value=\"\" type=\"date\" name=\"date-313\" \/><\/span> <\/label>\n<\/p>\n<p><label> Katuosoite<br \/>\n<span class=\"wpcf7-form-control-wrap\" data-name=\"adress\"><input size=\"40\" maxlength=\"400\" class=\"wpcf7-form-control wpcf7-text wpcf7-validates-as-required\" autocomplete=\"name\" aria-required=\"true\" aria-invalid=\"false\" value=\"\" type=\"text\" name=\"adress\" \/><\/span> <\/label>\n<\/p>\n<p><label> Postinumero ja -toimipaikka<br \/>\n<span class=\"wpcf7-form-control-wrap\" data-name=\"city\"><input size=\"40\" maxlength=\"400\" class=\"wpcf7-form-control wpcf7-text wpcf7-validates-as-required\" autocomplete=\"name\" aria-required=\"true\" aria-invalid=\"false\" value=\"\" type=\"text\" name=\"city\" \/><\/span> <\/label>\n<\/p>\n<p><label> Puhelinnumero<br \/>\n<span class=\"wpcf7-form-control-wrap\" data-name=\"tel-402\"><input size=\"40\" maxlength=\"400\" class=\"wpcf7-form-control wpcf7-tel wpcf7-validates-as-required wpcf7-text wpcf7-validates-as-tel\" aria-required=\"true\" aria-invalid=\"false\" value=\"\" type=\"tel\" name=\"tel-402\" \/><\/span> <\/label>\n<\/p>\n<p><label> S\u00e4hk\u00f6postiosoitteesi<br \/>\n<span class=\"wpcf7-form-control-wrap\" data-name=\"your-email\"><input size=\"40\" maxlength=\"400\" class=\"wpcf7-form-control wpcf7-email wpcf7-validates-as-required wpcf7-text wpcf7-validates-as-email\" autocomplete=\"email\" aria-required=\"true\" aria-invalid=\"false\" value=\"\" type=\"email\" name=\"your-email\" \/><\/span> <\/label>\n<\/p>\n<p><input class=\"wpcf7-form-control wpcf7-submit has-spinner\" type=\"submit\" value=\"L\u00e4het\u00e4\" \/>\n<\/p><div class=\"wpcf7-response-output\" aria-hidden=\"true\"><\/div>\n<\/form>\n<\/div>\n<\/div>\n","protected":false},"excerpt":{"rendered":"<p>Kannatusj\u00e4senyys 37\u20ac vuodessa Sinulle, joka haluat pit\u00e4\u00e4 pelastusveneet liikkeell\u00e4 vuotuisella maksulla. L\u00e4het\u00e4 yhteistietosi alla olevan kaavakkeen kautta ja me olemme sinuun yhteydess\u00e4.<\/p>\n","protected":false},"author":124,"featured_media":205,"parent":620,"menu_order":0,"comment_status":"closed","ping_status":"closed","template":"","meta":{"_acf_changed":false,"inline_featured_image":false,"footnotes":""},"class_list":["post-632","page","type-page","status-publish","has-post-thumbnail","hentry"],"acf":[],"yoast_head":"<!-- This site is optimized with the Yoast SEO Premium plugin v27.4 (Yoast SEO v27.4) - https:\/\/yoast.com\/product\/yoast-seo-premium-wordpress\/ -->\n<title>Kannatusj\u00e4sen - Porvoon Meripelastajat<\/title>\n<meta name=\"description\" content=\"Sinulle, joka haluat pit\u00e4\u00e4 pelastusveneet liikkeell\u00e4 vuotuisella maksulla. L\u00e4het\u00e4 yhteistietosi alla olevan kaavakkeen kautta.\" \/>\n<meta name=\"robots\" content=\"index, follow, max-snippet:-1, max-image-preview:large, max-video-preview:-1\" \/>\n<link rel=\"canonical\" href=\"https:\/\/meripelastus.fi\/porvoo\/liity-jaseneksi\/kannatusjasen\/\" \/>\n<meta property=\"og:locale\" content=\"fi_FI\" \/>\n<meta property=\"og:type\" content=\"article\" \/>\n<meta property=\"og:title\" content=\"Kannatusj\u00e4sen\" \/>\n<meta property=\"og:description\" content=\"Sinulle, joka haluat pit\u00e4\u00e4 pelastusveneet liikkeell\u00e4 vuotuisella maksulla. L\u00e4het\u00e4 yhteistietosi alla olevan kaavakkeen kautta.\" \/>\n<meta property=\"og:url\" content=\"https:\/\/meripelastus.fi\/porvoo\/liity-jaseneksi\/kannatusjasen\/\" \/>\n<meta property=\"og:site_name\" content=\"Porvoon Meripelastajat\" \/>\n<meta property=\"article:modified_time\" content=\"2024-06-11T18:47:00+00:00\" \/>\n<meta property=\"og:image\" content=\"https:\/\/meripelastus.fi\/porvoo\/wp-content\/uploads\/sites\/24\/2019\/06\/smps_porvoo_nettisivut-8591.jpg\" \/>\n\t<meta property=\"og:image:width\" content=\"2209\" \/>\n\t<meta property=\"og:image:height\" content=\"1473\" \/>\n\t<meta property=\"og:image:type\" content=\"image\/jpeg\" \/>\n<meta name=\"twitter:card\" content=\"summary_large_image\" \/>\n<meta name=\"twitter:label1\" content=\"Arvioitu lukuaika\" \/>\n\t<meta name=\"twitter:data1\" content=\"1 minuutti\" \/>\n<script type=\"application\/ld+json\" class=\"yoast-schema-graph\">{\"@context\":\"https:\\\/\\\/schema.org\",\"@graph\":[{\"@type\":\"WebPage\",\"@id\":\"https:\\\/\\\/meripelastus.fi\\\/porvoo\\\/liity-jaseneksi\\\/kannatusjasen\\\/\",\"url\":\"https:\\\/\\\/meripelastus.fi\\\/porvoo\\\/liity-jaseneksi\\\/kannatusjasen\\\/\",\"name\":\"Kannatusj\u00e4sen - Porvoon Meripelastajat\",\"isPartOf\":{\"@id\":\"https:\\\/\\\/meripelastus.fi\\\/porvoo\\\/#website\"},\"primaryImageOfPage\":{\"@id\":\"https:\\\/\\\/meripelastus.fi\\\/porvoo\\\/liity-jaseneksi\\\/kannatusjasen\\\/#primaryimage\"},\"image\":{\"@id\":\"https:\\\/\\\/meripelastus.fi\\\/porvoo\\\/liity-jaseneksi\\\/kannatusjasen\\\/#primaryimage\"},\"thumbnailUrl\":\"https:\\\/\\\/meripelastus.fi\\\/porvoo\\\/wp-content\\\/uploads\\\/sites\\\/24\\\/2019\\\/06\\\/smps_porvoo_nettisivut-8591.jpg\",\"datePublished\":\"2024-06-11T18:39:03+00:00\",\"dateModified\":\"2024-06-11T18:47:00+00:00\",\"description\":\"Sinulle, joka haluat pit\u00e4\u00e4 pelastusveneet liikkeell\u00e4 vuotuisella maksulla. L\u00e4het\u00e4 yhteistietosi alla olevan kaavakkeen kautta.\",\"breadcrumb\":{\"@id\":\"https:\\\/\\\/meripelastus.fi\\\/porvoo\\\/liity-jaseneksi\\\/kannatusjasen\\\/#breadcrumb\"},\"inLanguage\":\"fi\",\"potentialAction\":[{\"@type\":\"ReadAction\",\"target\":[\"https:\\\/\\\/meripelastus.fi\\\/porvoo\\\/liity-jaseneksi\\\/kannatusjasen\\\/\"]}]},{\"@type\":\"ImageObject\",\"inLanguage\":\"fi\",\"@id\":\"https:\\\/\\\/meripelastus.fi\\\/porvoo\\\/liity-jaseneksi\\\/kannatusjasen\\\/#primaryimage\",\"url\":\"https:\\\/\\\/meripelastus.fi\\\/porvoo\\\/wp-content\\\/uploads\\\/sites\\\/24\\\/2019\\\/06\\\/smps_porvoo_nettisivut-8591.jpg\",\"contentUrl\":\"https:\\\/\\\/meripelastus.fi\\\/porvoo\\\/wp-content\\\/uploads\\\/sites\\\/24\\\/2019\\\/06\\\/smps_porvoo_nettisivut-8591.jpg\",\"width\":2209,\"height\":1473},{\"@type\":\"BreadcrumbList\",\"@id\":\"https:\\\/\\\/meripelastus.fi\\\/porvoo\\\/liity-jaseneksi\\\/kannatusjasen\\\/#breadcrumb\",\"itemListElement\":[{\"@type\":\"ListItem\",\"position\":1,\"name\":\"Etusivu\",\"item\":\"https:\\\/\\\/meripelastus.fi\\\/porvoo\\\/\"},{\"@type\":\"ListItem\",\"position\":2,\"name\":\"Liity j\u00e4seneksi\",\"item\":\"https:\\\/\\\/meripelastus.fi\\\/porvoo\\\/liity-jaseneksi\\\/\"},{\"@type\":\"ListItem\",\"position\":3,\"name\":\"Kannatusj\u00e4sen\"}]},{\"@type\":\"WebSite\",\"@id\":\"https:\\\/\\\/meripelastus.fi\\\/porvoo\\\/#website\",\"url\":\"https:\\\/\\\/meripelastus.fi\\\/porvoo\\\/\",\"name\":\"Porvoon Meripelastajat\",\"description\":\"Vapaaehtoiset apunasi vesill\u00e4\",\"potentialAction\":[{\"@type\":\"SearchAction\",\"target\":{\"@type\":\"EntryPoint\",\"urlTemplate\":\"https:\\\/\\\/meripelastus.fi\\\/porvoo\\\/?s={search_term_string}\"},\"query-input\":{\"@type\":\"PropertyValueSpecification\",\"valueRequired\":true,\"valueName\":\"search_term_string\"}}],\"inLanguage\":\"fi\"}]}<\/script>\n<!-- \/ Yoast SEO Premium plugin. -->","yoast_head_json":{"title":"Kannatusj\u00e4sen - Porvoon Meripelastajat","description":"Sinulle, joka haluat pit\u00e4\u00e4 pelastusveneet liikkeell\u00e4 vuotuisella maksulla. L\u00e4het\u00e4 yhteistietosi alla olevan kaavakkeen kautta.","robots":{"index":"index","follow":"follow","max-snippet":"max-snippet:-1","max-image-preview":"max-image-preview:large","max-video-preview":"max-video-preview:-1"},"canonical":"https:\/\/meripelastus.fi\/porvoo\/liity-jaseneksi\/kannatusjasen\/","og_locale":"fi_FI","og_type":"article","og_title":"Kannatusj\u00e4sen","og_description":"Sinulle, joka haluat pit\u00e4\u00e4 pelastusveneet liikkeell\u00e4 vuotuisella maksulla. L\u00e4het\u00e4 yhteistietosi alla olevan kaavakkeen kautta.","og_url":"https:\/\/meripelastus.fi\/porvoo\/liity-jaseneksi\/kannatusjasen\/","og_site_name":"Porvoon Meripelastajat","article_modified_time":"2024-06-11T18:47:00+00:00","og_image":[{"width":2209,"height":1473,"url":"https:\/\/meripelastus.fi\/porvoo\/wp-content\/uploads\/sites\/24\/2019\/06\/smps_porvoo_nettisivut-8591.jpg","type":"image\/jpeg"}],"twitter_card":"summary_large_image","twitter_misc":{"Arvioitu lukuaika":"1 minuutti"},"schema":{"@context":"https:\/\/schema.org","@graph":[{"@type":"WebPage","@id":"https:\/\/meripelastus.fi\/porvoo\/liity-jaseneksi\/kannatusjasen\/","url":"https:\/\/meripelastus.fi\/porvoo\/liity-jaseneksi\/kannatusjasen\/","name":"Kannatusj\u00e4sen - Porvoon Meripelastajat","isPartOf":{"@id":"https:\/\/meripelastus.fi\/porvoo\/#website"},"primaryImageOfPage":{"@id":"https:\/\/meripelastus.fi\/porvoo\/liity-jaseneksi\/kannatusjasen\/#primaryimage"},"image":{"@id":"https:\/\/meripelastus.fi\/porvoo\/liity-jaseneksi\/kannatusjasen\/#primaryimage"},"thumbnailUrl":"https:\/\/meripelastus.fi\/porvoo\/wp-content\/uploads\/sites\/24\/2019\/06\/smps_porvoo_nettisivut-8591.jpg","datePublished":"2024-06-11T18:39:03+00:00","dateModified":"2024-06-11T18:47:00+00:00","description":"Sinulle, joka haluat pit\u00e4\u00e4 pelastusveneet liikkeell\u00e4 vuotuisella maksulla. L\u00e4het\u00e4 yhteistietosi alla olevan kaavakkeen kautta.","breadcrumb":{"@id":"https:\/\/meripelastus.fi\/porvoo\/liity-jaseneksi\/kannatusjasen\/#breadcrumb"},"inLanguage":"fi","potentialAction":[{"@type":"ReadAction","target":["https:\/\/meripelastus.fi\/porvoo\/liity-jaseneksi\/kannatusjasen\/"]}]},{"@type":"ImageObject","inLanguage":"fi","@id":"https:\/\/meripelastus.fi\/porvoo\/liity-jaseneksi\/kannatusjasen\/#primaryimage","url":"https:\/\/meripelastus.fi\/porvoo\/wp-content\/uploads\/sites\/24\/2019\/06\/smps_porvoo_nettisivut-8591.jpg","contentUrl":"https:\/\/meripelastus.fi\/porvoo\/wp-content\/uploads\/sites\/24\/2019\/06\/smps_porvoo_nettisivut-8591.jpg","width":2209,"height":1473},{"@type":"BreadcrumbList","@id":"https:\/\/meripelastus.fi\/porvoo\/liity-jaseneksi\/kannatusjasen\/#breadcrumb","itemListElement":[{"@type":"ListItem","position":1,"name":"Etusivu","item":"https:\/\/meripelastus.fi\/porvoo\/"},{"@type":"ListItem","position":2,"name":"Liity j\u00e4seneksi","item":"https:\/\/meripelastus.fi\/porvoo\/liity-jaseneksi\/"},{"@type":"ListItem","position":3,"name":"Kannatusj\u00e4sen"}]},{"@type":"WebSite","@id":"https:\/\/meripelastus.fi\/porvoo\/#website","url":"https:\/\/meripelastus.fi\/porvoo\/","name":"Porvoon Meripelastajat","description":"Vapaaehtoiset apunasi vesill\u00e4","potentialAction":[{"@type":"SearchAction","target":{"@type":"EntryPoint","urlTemplate":"https:\/\/meripelastus.fi\/porvoo\/?s={search_term_string}"},"query-input":{"@type":"PropertyValueSpecification","valueRequired":true,"valueName":"search_term_string"}}],"inLanguage":"fi"}]}},"_links":{"self":[{"href":"https:\/\/meripelastus.fi\/porvoo\/wp-json\/wp\/v2\/pages\/632","targetHints":{"allow":["GET"]}}],"collection":[{"href":"https:\/\/meripelastus.fi\/porvoo\/wp-json\/wp\/v2\/pages"}],"about":[{"href":"https:\/\/meripelastus.fi\/porvoo\/wp-json\/wp\/v2\/types\/page"}],"author":[{"embeddable":true,"href":"https:\/\/meripelastus.fi\/porvoo\/wp-json\/wp\/v2\/users\/124"}],"replies":[{"embeddable":true,"href":"https:\/\/meripelastus.fi\/porvoo\/wp-json\/wp\/v2\/comments?post=632"}],"version-history":[{"count":1,"href":"https:\/\/meripelastus.fi\/porvoo\/wp-json\/wp\/v2\/pages\/632\/revisions"}],"predecessor-version":[{"id":633,"href":"https:\/\/meripelastus.fi\/porvoo\/wp-json\/wp\/v2\/pages\/632\/revisions\/633"}],"up":[{"embeddable":true,"href":"https:\/\/meripelastus.fi\/porvoo\/wp-json\/wp\/v2\/pages\/620"}],"wp:featuredmedia":[{"embeddable":true,"href":"https:\/\/meripelastus.fi\/porvoo\/wp-json\/wp\/v2\/media\/205"}],"wp:attachment":[{"href":"https:\/\/meripelastus.fi\/porvoo\/wp-json\/wp\/v2\/media?parent=632"}],"curies":[{"name":"wp","href":"https:\/\/api.w.org\/{rel}","templated":true}]}}