{"id":620,"date":"2024-06-11T21:40:18","date_gmt":"2024-06-11T18:40:18","guid":{"rendered":"https:\/\/meripelastus.fi\/porvoo\/?page_id=620"},"modified":"2025-02-11T21:06:45","modified_gmt":"2025-02-11T19:06:45","slug":"liity-jaseneksi","status":"publish","type":"page","link":"https:\/\/meripelastus.fi\/porvoo\/liity-jaseneksi\/","title":{"rendered":"Liity j\u00e4seneksi"},"content":{"rendered":"\n<p>Porvoon Meripelastajat on vapaaehtoinen organisaatio, joka rahoittaa toimintansa ensisijaisesti lahjoituksilla ja j\u00e4senmaksuilla. Haluatko sin\u00e4 olla mukana varmistamassa, ett\u00e4 Porvoon ja Sipoon vesill\u00e4 on mahdollisimman turvallista liikkua? Jokainen henkil\u00f6- ja yhteis\u00f6j\u00e4sen edist\u00e4\u00e4 t\u00e4t\u00e4 tavoitetta j\u00e4senmaksullaan ja veneilyst\u00e4 kiinnostunut henkil\u00f6 voi oppia todella paljon aktiivij\u00e4senen\u00e4. Koulutusj\u00e4rjestelm\u00e4mme on kattava ja mukaan voi liitty\u00e4 niin kokenut kippari kuin maakrapu ilman aikaisempaa kokemusta.<\/p>\n\n\n\n<h2 class=\"wp-block-heading\" id=\"h-valitse-sopivin-jasenyysmuoto-alla-olevista-vaihtoehtoista\">Valitse sopivin j\u00e4senyysmuoto alla olevista vaihtoehtoista.<\/h2>\n\n\n\n<h3 class=\"wp-block-heading\" id=\"h-trossijasenyys-98-vuodessa\"><a href=\"http:\/\/www.trossi.fi\/\"><strong>Trossij\u00e4senyys 98\u20ac vuodessa<\/strong><\/a><\/h3>\n\n\n\n<p>Henkil\u00f6j\u00e4senyys on veneilij\u00e4lle, joka t\u00e4ysim\u00e4\u00e4r\u00e4isesti haluaa hy\u00f6dynt\u00e4\u00e4 Meripelastusseuran palveluita Suomessa, Ruotsissa ja Norjassa. Valitse linkin takaa aukeavan sivun vasemmasta laidasta \u201dLiity Trossi-j\u00e4seneksi\u201d ja valitse lomakkeesta yhdistykseksi Porvoon Meripelastajat.<\/p>\n\n\n\n<h3 class=\"wp-block-heading\" id=\"h-yhteisojasenyys-300-vuodessa\"><a href=\"https:\/\/meripelastus.fi\/porvoo\/yhteisojasenyys\/\"><strong>Yhteis\u00f6j\u00e4senyys 300\u20ac vuodessa<\/strong><\/a><\/h3>\n\n\n\n<p>Yhteis\u00f6j\u00e4senyys on suunnattu esimerkiksi yrityksille, venekerhoille ja veneily-yhdistyksille, jotka haluavat olla mukana mahdollistamassa vapaaehtoista meripelastusta Porvoon ja Sipoon alueella.<\/p>\n\n\n\n<h3 class=\"wp-block-heading\" id=\"h-aktiivijasenyys-40-vuodessa\"><a href=\"https:\/\/meripelastus.fi\/porvoo\/tule-mukaan\/\"><strong>Aktiivij\u00e4senyys 40\u20ac vuodessa<\/strong><\/a><\/h3>\n\n\n\n<p>Sinulle, joka haluat osallistua toimintaan itse.<\/p>\n\n\n\n<h3 class=\"wp-block-heading\" id=\"h-kannatusjasenyys-40-vuodessa\"><a href=\"https:\/\/meripelastus.fi\/porvoo\/kannatusjasen\/\"><strong>Kannatusj\u00e4senyys 40\u20ac vuodessa<\/strong><\/a><\/h3>\n\n\n\n<p>Sinulle, joka haluat pit\u00e4\u00e4 pelastusveneet liikkeell\u00e4 vuotuisella maksulla.<\/p>\n\n\n\n<p><strong><em> <\/em><\/strong><\/p>\n\n\n\n<p><\/p>\n","protected":false},"excerpt":{"rendered":"<p>Porvoon Meripelastajat on vapaaehtoinen organisaatio, joka rahoittaa toimintansa ensisijaisesti lahjoituksilla ja j\u00e4senmaksuilla. Haluatko sin\u00e4 olla mukana varmistamassa, ett\u00e4 Porvoon ja Sipoon vesill\u00e4 on mahdollisimman turvallista liikkua? Jokainen henkil\u00f6- ja yhteis\u00f6j\u00e4sen edist\u00e4\u00e4 t\u00e4t\u00e4 tavoitetta j\u00e4senmaksullaan ja veneilyst\u00e4 kiinnostunut henkil\u00f6 voi oppia todella paljon aktiivij\u00e4senen\u00e4. Koulutusj\u00e4rjestelm\u00e4mme on kattava ja mukaan voi liitty\u00e4 niin kokenut kippari kuin maakrapu [&hellip;]<\/p>\n","protected":false},"author":124,"featured_media":254,"parent":0,"menu_order":0,"comment_status":"closed","ping_status":"closed","template":"","meta":{"_acf_changed":false,"inline_featured_image":false,"footnotes":""},"class_list":["post-620","page","type-page","status-publish","has-post-thumbnail","hentry"],"acf":[],"yoast_head":"<!-- This site is optimized with the Yoast SEO Premium plugin v27.4 (Yoast SEO v27.4) - https:\/\/yoast.com\/product\/yoast-seo-premium-wordpress\/ -->\n<title>Liity j\u00e4seneksi - Porvoon Meripelastajat<\/title>\n<meta name=\"description\" content=\"Haluatko sin\u00e4 olla mukana varmistamassa, ett\u00e4 Porvoon ja Sipoon vesill\u00e4 on mahdollisimman turvallista liikkua? Liity j\u00e4seneksi!\" \/>\n<meta name=\"robots\" content=\"index, follow, max-snippet:-1, max-image-preview:large, max-video-preview:-1\" \/>\n<link rel=\"canonical\" href=\"https:\/\/meripelastus.fi\/porvoo\/liity-jaseneksi\/\" \/>\n<meta property=\"og:locale\" content=\"fi_FI\" \/>\n<meta property=\"og:type\" content=\"article\" \/>\n<meta property=\"og:title\" content=\"Liity j\u00e4seneksi\" \/>\n<meta property=\"og:description\" content=\"Haluatko sin\u00e4 olla mukana varmistamassa, ett\u00e4 Porvoon ja Sipoon vesill\u00e4 on mahdollisimman turvallista liikkua? Liity j\u00e4seneksi!\" \/>\n<meta property=\"og:url\" content=\"https:\/\/meripelastus.fi\/porvoo\/liity-jaseneksi\/\" \/>\n<meta property=\"og:site_name\" content=\"Porvoon Meripelastajat\" \/>\n<meta property=\"article:modified_time\" content=\"2025-02-11T19:06:45+00:00\" \/>\n<meta property=\"og:image\" content=\"https:\/\/meripelastus.fi\/porvoo\/wp-content\/uploads\/sites\/24\/2019\/06\/secu_-8700.jpg\" \/>\n\t<meta property=\"og:image:width\" content=\"1600\" \/>\n\t<meta property=\"og:image:height\" content=\"1068\" \/>\n\t<meta property=\"og:image:type\" content=\"image\/jpeg\" \/>\n<meta name=\"twitter:card\" content=\"summary_large_image\" \/>\n<meta name=\"twitter:label1\" content=\"Arvioitu lukuaika\" \/>\n\t<meta name=\"twitter:data1\" content=\"2 minuuttia\" \/>\n<script type=\"application\/ld+json\" class=\"yoast-schema-graph\">{\"@context\":\"https:\\\/\\\/schema.org\",\"@graph\":[{\"@type\":\"WebPage\",\"@id\":\"https:\\\/\\\/meripelastus.fi\\\/porvoo\\\/liity-jaseneksi\\\/\",\"url\":\"https:\\\/\\\/meripelastus.fi\\\/porvoo\\\/liity-jaseneksi\\\/\",\"name\":\"Liity j\u00e4seneksi - Porvoon Meripelastajat\",\"isPartOf\":{\"@id\":\"https:\\\/\\\/meripelastus.fi\\\/porvoo\\\/#website\"},\"primaryImageOfPage\":{\"@id\":\"https:\\\/\\\/meripelastus.fi\\\/porvoo\\\/liity-jaseneksi\\\/#primaryimage\"},\"image\":{\"@id\":\"https:\\\/\\\/meripelastus.fi\\\/porvoo\\\/liity-jaseneksi\\\/#primaryimage\"},\"thumbnailUrl\":\"https:\\\/\\\/meripelastus.fi\\\/porvoo\\\/wp-content\\\/uploads\\\/sites\\\/24\\\/2019\\\/06\\\/secu_-8700.jpg\",\"datePublished\":\"2024-06-11T18:40:18+00:00\",\"dateModified\":\"2025-02-11T19:06:45+00:00\",\"description\":\"Haluatko sin\u00e4 olla mukana varmistamassa, ett\u00e4 Porvoon ja Sipoon vesill\u00e4 on mahdollisimman turvallista liikkua? Liity j\u00e4seneksi!\",\"breadcrumb\":{\"@id\":\"https:\\\/\\\/meripelastus.fi\\\/porvoo\\\/liity-jaseneksi\\\/#breadcrumb\"},\"inLanguage\":\"fi\",\"potentialAction\":[{\"@type\":\"ReadAction\",\"target\":[\"https:\\\/\\\/meripelastus.fi\\\/porvoo\\\/liity-jaseneksi\\\/\"]}]},{\"@type\":\"ImageObject\",\"inLanguage\":\"fi\",\"@id\":\"https:\\\/\\\/meripelastus.fi\\\/porvoo\\\/liity-jaseneksi\\\/#primaryimage\",\"url\":\"https:\\\/\\\/meripelastus.fi\\\/porvoo\\\/wp-content\\\/uploads\\\/sites\\\/24\\\/2019\\\/06\\\/secu_-8700.jpg\",\"contentUrl\":\"https:\\\/\\\/meripelastus.fi\\\/porvoo\\\/wp-content\\\/uploads\\\/sites\\\/24\\\/2019\\\/06\\\/secu_-8700.jpg\",\"width\":1600,\"height\":1068},{\"@type\":\"BreadcrumbList\",\"@id\":\"https:\\\/\\\/meripelastus.fi\\\/porvoo\\\/liity-jaseneksi\\\/#breadcrumb\",\"itemListElement\":[{\"@type\":\"ListItem\",\"position\":1,\"name\":\"Etusivu\",\"item\":\"https:\\\/\\\/meripelastus.fi\\\/porvoo\\\/\"},{\"@type\":\"ListItem\",\"position\":2,\"name\":\"Liity j\u00e4seneksi\"}]},{\"@type\":\"WebSite\",\"@id\":\"https:\\\/\\\/meripelastus.fi\\\/porvoo\\\/#website\",\"url\":\"https:\\\/\\\/meripelastus.fi\\\/porvoo\\\/\",\"name\":\"Porvoon Meripelastajat\",\"description\":\"Vapaaehtoiset apunasi vesill\u00e4\",\"potentialAction\":[{\"@type\":\"SearchAction\",\"target\":{\"@type\":\"EntryPoint\",\"urlTemplate\":\"https:\\\/\\\/meripelastus.fi\\\/porvoo\\\/?s={search_term_string}\"},\"query-input\":{\"@type\":\"PropertyValueSpecification\",\"valueRequired\":true,\"valueName\":\"search_term_string\"}}],\"inLanguage\":\"fi\"}]}<\/script>\n<!-- \/ Yoast SEO Premium plugin. -->","yoast_head_json":{"title":"Liity j\u00e4seneksi - Porvoon Meripelastajat","description":"Haluatko sin\u00e4 olla mukana varmistamassa, ett\u00e4 Porvoon ja Sipoon vesill\u00e4 on mahdollisimman turvallista liikkua? Liity j\u00e4seneksi!","robots":{"index":"index","follow":"follow","max-snippet":"max-snippet:-1","max-image-preview":"max-image-preview:large","max-video-preview":"max-video-preview:-1"},"canonical":"https:\/\/meripelastus.fi\/porvoo\/liity-jaseneksi\/","og_locale":"fi_FI","og_type":"article","og_title":"Liity j\u00e4seneksi","og_description":"Haluatko sin\u00e4 olla mukana varmistamassa, ett\u00e4 Porvoon ja Sipoon vesill\u00e4 on mahdollisimman turvallista liikkua? Liity j\u00e4seneksi!","og_url":"https:\/\/meripelastus.fi\/porvoo\/liity-jaseneksi\/","og_site_name":"Porvoon Meripelastajat","article_modified_time":"2025-02-11T19:06:45+00:00","og_image":[{"width":1600,"height":1068,"url":"https:\/\/meripelastus.fi\/porvoo\/wp-content\/uploads\/sites\/24\/2019\/06\/secu_-8700.jpg","type":"image\/jpeg"}],"twitter_card":"summary_large_image","twitter_misc":{"Arvioitu lukuaika":"2 minuuttia"},"schema":{"@context":"https:\/\/schema.org","@graph":[{"@type":"WebPage","@id":"https:\/\/meripelastus.fi\/porvoo\/liity-jaseneksi\/","url":"https:\/\/meripelastus.fi\/porvoo\/liity-jaseneksi\/","name":"Liity j\u00e4seneksi - Porvoon Meripelastajat","isPartOf":{"@id":"https:\/\/meripelastus.fi\/porvoo\/#website"},"primaryImageOfPage":{"@id":"https:\/\/meripelastus.fi\/porvoo\/liity-jaseneksi\/#primaryimage"},"image":{"@id":"https:\/\/meripelastus.fi\/porvoo\/liity-jaseneksi\/#primaryimage"},"thumbnailUrl":"https:\/\/meripelastus.fi\/porvoo\/wp-content\/uploads\/sites\/24\/2019\/06\/secu_-8700.jpg","datePublished":"2024-06-11T18:40:18+00:00","dateModified":"2025-02-11T19:06:45+00:00","description":"Haluatko sin\u00e4 olla mukana varmistamassa, ett\u00e4 Porvoon ja Sipoon vesill\u00e4 on mahdollisimman turvallista liikkua? Liity j\u00e4seneksi!","breadcrumb":{"@id":"https:\/\/meripelastus.fi\/porvoo\/liity-jaseneksi\/#breadcrumb"},"inLanguage":"fi","potentialAction":[{"@type":"ReadAction","target":["https:\/\/meripelastus.fi\/porvoo\/liity-jaseneksi\/"]}]},{"@type":"ImageObject","inLanguage":"fi","@id":"https:\/\/meripelastus.fi\/porvoo\/liity-jaseneksi\/#primaryimage","url":"https:\/\/meripelastus.fi\/porvoo\/wp-content\/uploads\/sites\/24\/2019\/06\/secu_-8700.jpg","contentUrl":"https:\/\/meripelastus.fi\/porvoo\/wp-content\/uploads\/sites\/24\/2019\/06\/secu_-8700.jpg","width":1600,"height":1068},{"@type":"BreadcrumbList","@id":"https:\/\/meripelastus.fi\/porvoo\/liity-jaseneksi\/#breadcrumb","itemListElement":[{"@type":"ListItem","position":1,"name":"Etusivu","item":"https:\/\/meripelastus.fi\/porvoo\/"},{"@type":"ListItem","position":2,"name":"Liity j\u00e4seneksi"}]},{"@type":"WebSite","@id":"https:\/\/meripelastus.fi\/porvoo\/#website","url":"https:\/\/meripelastus.fi\/porvoo\/","name":"Porvoon Meripelastajat","description":"Vapaaehtoiset apunasi vesill\u00e4","potentialAction":[{"@type":"SearchAction","target":{"@type":"EntryPoint","urlTemplate":"https:\/\/meripelastus.fi\/porvoo\/?s={search_term_string}"},"query-input":{"@type":"PropertyValueSpecification","valueRequired":true,"valueName":"search_term_string"}}],"inLanguage":"fi"}]}},"_links":{"self":[{"href":"https:\/\/meripelastus.fi\/porvoo\/wp-json\/wp\/v2\/pages\/620","targetHints":{"allow":["GET"]}}],"collection":[{"href":"https:\/\/meripelastus.fi\/porvoo\/wp-json\/wp\/v2\/pages"}],"about":[{"href":"https:\/\/meripelastus.fi\/porvoo\/wp-json\/wp\/v2\/types\/page"}],"author":[{"embeddable":true,"href":"https:\/\/meripelastus.fi\/porvoo\/wp-json\/wp\/v2\/users\/124"}],"replies":[{"embeddable":true,"href":"https:\/\/meripelastus.fi\/porvoo\/wp-json\/wp\/v2\/comments?post=620"}],"version-history":[{"count":6,"href":"https:\/\/meripelastus.fi\/porvoo\/wp-json\/wp\/v2\/pages\/620\/revisions"}],"predecessor-version":[{"id":1030,"href":"https:\/\/meripelastus.fi\/porvoo\/wp-json\/wp\/v2\/pages\/620\/revisions\/1030"}],"wp:featuredmedia":[{"embeddable":true,"href":"https:\/\/meripelastus.fi\/porvoo\/wp-json\/wp\/v2\/media\/254"}],"wp:attachment":[{"href":"https:\/\/meripelastus.fi\/porvoo\/wp-json\/wp\/v2\/media?parent=620"}],"curies":[{"name":"wp","href":"https:\/\/api.w.org\/{rel}","templated":true}]}}