{"id":51,"date":"2018-03-19T09:24:37","date_gmt":"2018-03-19T07:24:37","guid":{"rendered":"http:\/\/basetemplate.smpsyhdistykset.16.testivedos.com\/?page_id=51"},"modified":"2026-03-05T10:50:28","modified_gmt":"2026-03-05T08:50:28","slug":"yhteystiedot","status":"publish","type":"page","link":"https:\/\/meripelastus.fi\/porvoo\/yhteystiedot\/","title":{"rendered":"Yhteystiedot ja laskutusosoite"},"content":{"rendered":"<p>Porvoon Meripelastajat ry<br \/>Tolkkistentie 773<br \/>06750 Porvoo<\/p>\n<p>Facebook \/ <a href=\"https:\/\/facebook.com\/porvoonmeripelastajat\/\">Porvoon Meripelastajat<\/a><br \/>Instagram \/ <a href=\"https:\/\/instagram.com\/sarporvoo\">@sarporvoo<\/a><br \/>X \/ <a href=\"https:\/\/twitter.com\/sarporvoo\">@sarporvoo<\/a><\/p>\n<p><strong>Puheenjohtaja:<\/strong><\/p>\n<p>Pasi Oikkonen<br \/>pj.porvoo(at)messi.meripelastus.fi<br \/>+358503324180<\/p>\n<p><strong>Varapuheenjohtaja<\/strong><\/p>\n<p>M\u00e5rten Karlsson<br \/>marten.karlsson(at)muovi-heljanko.fi<\/p>\n\n\n<p><strong>Verkkolaskuosoite:<\/strong><\/p>\n\n\n\n<p>Verkkolaskuoperaattorina toimii <strong>PostNord Str\u00e5lfors Oy<\/strong><\/p>\n\n\n\n<p>Verkkolaskuosoitetietomme ovat seuraavat:<\/p>\n\n\n\n<ul class=\"wp-block-list\">\n<li>Yritys: SMPS Porvoon Meripelastajat<\/li>\n\n\n\n<li>Y-tunnus: 1881269-9<\/li>\n\n\n\n<li>Verkkolaskuosoite: <strong>003718812699<\/strong><\/li>\n\n\n\n<li>Operaattoritunnus: <strong>003701150617<\/strong> <strong>(PostNord Str\u00e5lfors Oy)<\/strong><\/li>\n<\/ul>\n\n\n\n<p>Jos yrityksell\u00e4nne ei ole mahdollisuutta l\u00e4hett\u00e4\u00e4 meille verkkolaskuja, voitte l\u00e4hett\u00e4\u00e4 laskut s\u00e4hk\u00f6postilaskuina osoitteeseen<\/p>\n\n\n\n<p> <a href=\"mailto:fi-mailinvoice@postnordscanning.com\">fi-mailinvoice(at)postnordscanning.com<\/a>.<\/p>\n\n\n\n<p>S\u00e4hk\u00f6postilaskuissa tulee olla laskutusosoitteena:<\/p>\n\n\n\n<p><\/p>\n\n\n\n<ul class=\"wp-block-list\">\n<li>SMPS Porvoon Meripelastajat<\/li>\n\n\n\n<li>PL 38814596<\/li>\n\n\n\n<li>00019 SSC<\/li>\n<\/ul>\n\n\n\n<p><\/p>\n","protected":false},"excerpt":{"rendered":"<p>Porvoon Meripelastajat ryTolkkistentie 77306750 Porvoo Facebook \/ Porvoon MeripelastajatInstagram \/ @sarporvooX \/ @sarporvoo Puheenjohtaja: Pasi Oikkonenpj.porvoo(at)messi.meripelastus.fi+358503324180 Varapuheenjohtaja M\u00e5rten Karlssonmarten.karlsson(at)muovi-heljanko.fi Verkkolaskuosoite: Verkkolaskuoperaattorina toimii PostNord Str\u00e5lfors Oy Verkkolaskuosoitetietomme ovat seuraavat: Jos yrityksell\u00e4nne ei ole mahdollisuutta l\u00e4hett\u00e4\u00e4 meille verkkolaskuja, voitte l\u00e4hett\u00e4\u00e4 laskut s\u00e4hk\u00f6postilaskuina osoitteeseen fi-mailinvoice(at)postnordscanning.com. S\u00e4hk\u00f6postilaskuissa tulee olla laskutusosoitteena:<\/p>\n","protected":false},"author":1,"featured_media":0,"parent":0,"menu_order":4,"comment_status":"closed","ping_status":"closed","template":"","meta":{"_acf_changed":false,"inline_featured_image":false,"footnotes":""},"class_list":["post-51","page","type-page","status-publish","hentry"],"acf":[],"yoast_head":"<!-- This site is optimized with the Yoast SEO Premium plugin v27.2 (Yoast SEO v27.2) - https:\/\/yoast.com\/product\/yoast-seo-premium-wordpress\/ -->\n<title>Yhteystiedot ja laskutusosoite - Porvoon Meripelastajat<\/title>\n<meta name=\"robots\" content=\"index, follow, max-snippet:-1, max-image-preview:large, max-video-preview:-1\" \/>\n<link rel=\"canonical\" href=\"https:\/\/meripelastus.fi\/porvoo\/yhteystiedot\/\" \/>\n<meta property=\"og:locale\" content=\"fi_FI\" \/>\n<meta property=\"og:type\" content=\"article\" \/>\n<meta property=\"og:title\" content=\"Yhteystiedot ja laskutusosoite\" \/>\n<meta property=\"og:description\" content=\"Porvoon Meripelastajat ryTolkkistentie 77306750 Porvoo Facebook \/ Porvoon MeripelastajatInstagram \/ @sarporvooX \/ @sarporvoo Puheenjohtaja: Pasi Oikkonenpj.porvoo(at)messi.meripelastus.fi+358503324180 Varapuheenjohtaja M\u00e5rten Karlssonmarten.karlsson(at)muovi-heljanko.fi Verkkolaskuosoite: Verkkolaskuoperaattorina toimii PostNord Str\u00e5lfors Oy Verkkolaskuosoitetietomme ovat seuraavat: Jos yrityksell\u00e4nne ei ole mahdollisuutta l\u00e4hett\u00e4\u00e4 meille verkkolaskuja, voitte l\u00e4hett\u00e4\u00e4 laskut s\u00e4hk\u00f6postilaskuina osoitteeseen fi-mailinvoice(at)postnordscanning.com. S\u00e4hk\u00f6postilaskuissa tulee olla laskutusosoitteena:\" \/>\n<meta property=\"og:url\" content=\"https:\/\/meripelastus.fi\/porvoo\/yhteystiedot\/\" \/>\n<meta property=\"og:site_name\" content=\"Porvoon Meripelastajat\" \/>\n<meta property=\"article:modified_time\" content=\"2026-03-05T08:50:28+00:00\" \/>\n<meta name=\"twitter:card\" content=\"summary_large_image\" \/>\n<meta name=\"twitter:label1\" content=\"Arvioitu lukuaika\" \/>\n\t<meta name=\"twitter:data1\" content=\"1 minuutti\" \/>\n<script type=\"application\/ld+json\" class=\"yoast-schema-graph\">{\"@context\":\"https:\/\/schema.org\",\"@graph\":[{\"@type\":\"WebPage\",\"@id\":\"https:\/\/meripelastus.fi\/porvoo\/yhteystiedot\/\",\"url\":\"https:\/\/meripelastus.fi\/porvoo\/yhteystiedot\/\",\"name\":\"Yhteystiedot ja laskutusosoite - Porvoon Meripelastajat\",\"isPartOf\":{\"@id\":\"https:\/\/meripelastus.fi\/porvoo\/#website\"},\"datePublished\":\"2018-03-19T07:24:37+00:00\",\"dateModified\":\"2026-03-05T08:50:28+00:00\",\"breadcrumb\":{\"@id\":\"https:\/\/meripelastus.fi\/porvoo\/yhteystiedot\/#breadcrumb\"},\"inLanguage\":\"fi\",\"potentialAction\":[{\"@type\":\"ReadAction\",\"target\":[\"https:\/\/meripelastus.fi\/porvoo\/yhteystiedot\/\"]}]},{\"@type\":\"BreadcrumbList\",\"@id\":\"https:\/\/meripelastus.fi\/porvoo\/yhteystiedot\/#breadcrumb\",\"itemListElement\":[{\"@type\":\"ListItem\",\"position\":1,\"name\":\"Etusivu\",\"item\":\"https:\/\/meripelastus.fi\/porvoo\/\"},{\"@type\":\"ListItem\",\"position\":2,\"name\":\"Yhteystiedot ja laskutusosoite\"}]},{\"@type\":\"WebSite\",\"@id\":\"https:\/\/meripelastus.fi\/porvoo\/#website\",\"url\":\"https:\/\/meripelastus.fi\/porvoo\/\",\"name\":\"Porvoon Meripelastajat\",\"description\":\"Vapaaehtoiset apunasi vesill\u00e4\",\"potentialAction\":[{\"@type\":\"SearchAction\",\"target\":{\"@type\":\"EntryPoint\",\"urlTemplate\":\"https:\/\/meripelastus.fi\/porvoo\/?s={search_term_string}\"},\"query-input\":{\"@type\":\"PropertyValueSpecification\",\"valueRequired\":true,\"valueName\":\"search_term_string\"}}],\"inLanguage\":\"fi\"}]}<\/script>\n<!-- \/ Yoast SEO Premium plugin. -->","yoast_head_json":{"title":"Yhteystiedot ja laskutusosoite - Porvoon Meripelastajat","robots":{"index":"index","follow":"follow","max-snippet":"max-snippet:-1","max-image-preview":"max-image-preview:large","max-video-preview":"max-video-preview:-1"},"canonical":"https:\/\/meripelastus.fi\/porvoo\/yhteystiedot\/","og_locale":"fi_FI","og_type":"article","og_title":"Yhteystiedot ja laskutusosoite","og_description":"Porvoon Meripelastajat ryTolkkistentie 77306750 Porvoo Facebook \/ Porvoon MeripelastajatInstagram \/ @sarporvooX \/ @sarporvoo Puheenjohtaja: Pasi Oikkonenpj.porvoo(at)messi.meripelastus.fi+358503324180 Varapuheenjohtaja M\u00e5rten Karlssonmarten.karlsson(at)muovi-heljanko.fi Verkkolaskuosoite: Verkkolaskuoperaattorina toimii PostNord Str\u00e5lfors Oy Verkkolaskuosoitetietomme ovat seuraavat: Jos yrityksell\u00e4nne ei ole mahdollisuutta l\u00e4hett\u00e4\u00e4 meille verkkolaskuja, voitte l\u00e4hett\u00e4\u00e4 laskut s\u00e4hk\u00f6postilaskuina osoitteeseen fi-mailinvoice(at)postnordscanning.com. S\u00e4hk\u00f6postilaskuissa tulee olla laskutusosoitteena:","og_url":"https:\/\/meripelastus.fi\/porvoo\/yhteystiedot\/","og_site_name":"Porvoon Meripelastajat","article_modified_time":"2026-03-05T08:50:28+00:00","twitter_card":"summary_large_image","twitter_misc":{"Arvioitu lukuaika":"1 minuutti"},"schema":{"@context":"https:\/\/schema.org","@graph":[{"@type":"WebPage","@id":"https:\/\/meripelastus.fi\/porvoo\/yhteystiedot\/","url":"https:\/\/meripelastus.fi\/porvoo\/yhteystiedot\/","name":"Yhteystiedot ja laskutusosoite - Porvoon Meripelastajat","isPartOf":{"@id":"https:\/\/meripelastus.fi\/porvoo\/#website"},"datePublished":"2018-03-19T07:24:37+00:00","dateModified":"2026-03-05T08:50:28+00:00","breadcrumb":{"@id":"https:\/\/meripelastus.fi\/porvoo\/yhteystiedot\/#breadcrumb"},"inLanguage":"fi","potentialAction":[{"@type":"ReadAction","target":["https:\/\/meripelastus.fi\/porvoo\/yhteystiedot\/"]}]},{"@type":"BreadcrumbList","@id":"https:\/\/meripelastus.fi\/porvoo\/yhteystiedot\/#breadcrumb","itemListElement":[{"@type":"ListItem","position":1,"name":"Etusivu","item":"https:\/\/meripelastus.fi\/porvoo\/"},{"@type":"ListItem","position":2,"name":"Yhteystiedot ja laskutusosoite"}]},{"@type":"WebSite","@id":"https:\/\/meripelastus.fi\/porvoo\/#website","url":"https:\/\/meripelastus.fi\/porvoo\/","name":"Porvoon Meripelastajat","description":"Vapaaehtoiset apunasi vesill\u00e4","potentialAction":[{"@type":"SearchAction","target":{"@type":"EntryPoint","urlTemplate":"https:\/\/meripelastus.fi\/porvoo\/?s={search_term_string}"},"query-input":{"@type":"PropertyValueSpecification","valueRequired":true,"valueName":"search_term_string"}}],"inLanguage":"fi"}]}},"_links":{"self":[{"href":"https:\/\/meripelastus.fi\/porvoo\/wp-json\/wp\/v2\/pages\/51","targetHints":{"allow":["GET"]}}],"collection":[{"href":"https:\/\/meripelastus.fi\/porvoo\/wp-json\/wp\/v2\/pages"}],"about":[{"href":"https:\/\/meripelastus.fi\/porvoo\/wp-json\/wp\/v2\/types\/page"}],"author":[{"embeddable":true,"href":"https:\/\/meripelastus.fi\/porvoo\/wp-json\/wp\/v2\/users\/1"}],"replies":[{"embeddable":true,"href":"https:\/\/meripelastus.fi\/porvoo\/wp-json\/wp\/v2\/comments?post=51"}],"version-history":[{"count":21,"href":"https:\/\/meripelastus.fi\/porvoo\/wp-json\/wp\/v2\/pages\/51\/revisions"}],"predecessor-version":[{"id":1190,"href":"https:\/\/meripelastus.fi\/porvoo\/wp-json\/wp\/v2\/pages\/51\/revisions\/1190"}],"wp:attachment":[{"href":"https:\/\/meripelastus.fi\/porvoo\/wp-json\/wp\/v2\/media?parent=51"}],"curies":[{"name":"wp","href":"https:\/\/api.w.org\/{rel}","templated":true}]}}