{"id":304,"date":"2019-06-25T15:14:25","date_gmt":"2019-06-25T12:14:25","guid":{"rendered":"https:\/\/meripelastus.fi\/porvoo\/?page_id=304"},"modified":"2026-03-05T10:51:56","modified_gmt":"2026-03-05T08:51:56","slug":"tule-mukaan","status":"publish","type":"page","link":"https:\/\/meripelastus.fi\/porvoo\/tule-mukaan\/","title":{"rendered":"Tule mukaan!"},"content":{"rendered":"<h3>Kiinnostaako vapaaehtoinen meripelastus? Haemme joukkoomme uusia meripelastajia.<\/h3>\n<p>Tule mukaan el\u00e4m\u00e4si parhaimpaan harrastukseen. Et tarvitse aikaisempaa kokemusta, vaan koulutamme kaikki oman koulutusj\u00e4rjestelm\u00e4mme mukaisesti l\u00e4ht\u00f6tasosta riippumatta.\u00a0Koulutuksen tavoitteena on antaa vapaaehtoisille meripelastajille sellaiset tiedot ja taidot, ett\u00e4 he voivat turvallisesti ja tehokkaasti toimia pelastusteht\u00e4viss\u00e4 meripelastusaluksilla. <a href=\"https:\/\/meripelastus.fi\/porvoo\/toiminta\/koulutus\/\">Lue lis\u00e4\u00e4 koulutuksesta<\/a><\/p>\n<p>Lataa my\u00f6s ennen hakua luettavaksi <a href=\"http:\/\/view.24mags.com\/mobilev\/b96aff83a6a4bbbdcfbada9f7d2ead02#\/page=1\">hakijan opas!<\/a><\/p>\n<p>P\u00e4\u00e4syvaatimuksena pelastusmiehist\u00f6\u00f6n on 18 vuoden ik\u00e4, mutta jo 16-vuotiaana voi p\u00e4\u00e4st\u00e4 alukselle kansimiesharjoittelijaksi. Lis\u00e4ksi edellytyksen\u00e4 h\u00e4lytysmiehist\u00f6ss\u00e4 toimimiselle ovat hyv\u00e4 <strong>fyysinen ja psyykkinen peruskunto<\/strong>, <strong>uimataito<\/strong> ja <strong>n\u00e4\u00f6ntarkkuus 0,5 silm\u00e4laseilla ja 0,1 ilman.<\/strong><\/p>\n<p><strong>Hakeminen<\/strong><\/p>\n<p>Mukaan voit hakea vaikka heti! T\u00e4yt\u00e4 yhteystietosi Meripelastusseuran sivuilla.<\/p>\n<p><a href=\"https:\/\/meripelastus.fi\/toiminta\/tule-mukaan\/\">https:\/\/meripelastus.fi\/toiminta\/tule-mukaan<\/a><\/p>\n<p>Muista valita yhdistykseksi Porvoon Meripelastajat. Olemme sinuun yhteydess\u00e4.<\/p>\n<p><strong>Tulokasvastaava<\/strong><\/p>\n<p>Anne T\u00f6llikk\u00f6<br \/>annetollikko@(at)gmail.com<\/p>\n\n\n<p><\/p>\n","protected":false},"excerpt":{"rendered":"<p>Kiinnostaako vapaaehtoinen meripelastus? Haemme joukkoomme uusia meripelastajia. Tule mukaan el\u00e4m\u00e4si parhaimpaan harrastukseen. Et tarvitse aikaisempaa kokemusta, vaan koulutamme kaikki oman koulutusj\u00e4rjestelm\u00e4mme mukaisesti l\u00e4ht\u00f6tasosta riippumatta.\u00a0Koulutuksen tavoitteena on antaa vapaaehtoisille meripelastajille sellaiset tiedot ja taidot, ett\u00e4 he voivat turvallisesti ja tehokkaasti toimia pelastusteht\u00e4viss\u00e4 meripelastusaluksilla. Lue lis\u00e4\u00e4 koulutuksesta Lataa my\u00f6s ennen hakua luettavaksi hakijan opas! P\u00e4\u00e4syvaatimuksena pelastusmiehist\u00f6\u00f6n on [&hellip;]<\/p>\n","protected":false},"author":48,"featured_media":364,"parent":0,"menu_order":0,"comment_status":"closed","ping_status":"closed","template":"","meta":{"_acf_changed":false,"inline_featured_image":false,"footnotes":""},"class_list":["post-304","page","type-page","status-publish","has-post-thumbnail","hentry"],"acf":[],"yoast_head":"<!-- This site is optimized with the Yoast SEO Premium plugin v27.4 (Yoast SEO v27.4) - https:\/\/yoast.com\/product\/yoast-seo-premium-wordpress\/ -->\n<title>Tule mukaan! - Porvoon Meripelastajat<\/title>\n<meta name=\"robots\" content=\"index, follow, max-snippet:-1, max-image-preview:large, max-video-preview:-1\" \/>\n<link rel=\"canonical\" href=\"https:\/\/meripelastus.fi\/porvoo\/tule-mukaan\/\" \/>\n<meta property=\"og:locale\" content=\"fi_FI\" \/>\n<meta property=\"og:type\" content=\"article\" \/>\n<meta property=\"og:title\" content=\"Tule mukaan!\" \/>\n<meta property=\"og:description\" content=\"Kiinnostaako vapaaehtoinen meripelastus? Haemme joukkoomme uusia meripelastajia. Tule mukaan el\u00e4m\u00e4si parhaimpaan harrastukseen. Et tarvitse aikaisempaa kokemusta, vaan koulutamme kaikki oman koulutusj\u00e4rjestelm\u00e4mme mukaisesti l\u00e4ht\u00f6tasosta riippumatta.\u00a0Koulutuksen tavoitteena on antaa vapaaehtoisille meripelastajille sellaiset tiedot ja taidot, ett\u00e4 he voivat turvallisesti ja tehokkaasti toimia pelastusteht\u00e4viss\u00e4 meripelastusaluksilla. Lue lis\u00e4\u00e4 koulutuksesta Lataa my\u00f6s ennen hakua luettavaksi hakijan opas! P\u00e4\u00e4syvaatimuksena pelastusmiehist\u00f6\u00f6n on [&hellip;]\" \/>\n<meta property=\"og:url\" content=\"https:\/\/meripelastus.fi\/porvoo\/tule-mukaan\/\" \/>\n<meta property=\"og:site_name\" content=\"Porvoon Meripelastajat\" \/>\n<meta property=\"article:modified_time\" content=\"2026-03-05T08:51:56+00:00\" \/>\n<meta property=\"og:image\" content=\"https:\/\/meripelastus.fi\/porvoo\/wp-content\/uploads\/sites\/24\/2019\/10\/porvoo_fanny-1.jpg\" \/>\n\t<meta property=\"og:image:width\" content=\"2001\" \/>\n\t<meta property=\"og:image:height\" content=\"1334\" \/>\n\t<meta property=\"og:image:type\" content=\"image\/jpeg\" \/>\n<meta name=\"twitter:card\" content=\"summary_large_image\" \/>\n<meta name=\"twitter:label1\" content=\"Arvioitu lukuaika\" \/>\n\t<meta name=\"twitter:data1\" content=\"1 minuutti\" \/>\n<script type=\"application\/ld+json\" class=\"yoast-schema-graph\">{\"@context\":\"https:\\\/\\\/schema.org\",\"@graph\":[{\"@type\":\"WebPage\",\"@id\":\"https:\\\/\\\/meripelastus.fi\\\/porvoo\\\/tule-mukaan\\\/\",\"url\":\"https:\\\/\\\/meripelastus.fi\\\/porvoo\\\/tule-mukaan\\\/\",\"name\":\"Tule mukaan! - Porvoon Meripelastajat\",\"isPartOf\":{\"@id\":\"https:\\\/\\\/meripelastus.fi\\\/porvoo\\\/#website\"},\"primaryImageOfPage\":{\"@id\":\"https:\\\/\\\/meripelastus.fi\\\/porvoo\\\/tule-mukaan\\\/#primaryimage\"},\"image\":{\"@id\":\"https:\\\/\\\/meripelastus.fi\\\/porvoo\\\/tule-mukaan\\\/#primaryimage\"},\"thumbnailUrl\":\"https:\\\/\\\/meripelastus.fi\\\/porvoo\\\/wp-content\\\/uploads\\\/sites\\\/24\\\/2019\\\/10\\\/porvoo_fanny-1.jpg\",\"datePublished\":\"2019-06-25T12:14:25+00:00\",\"dateModified\":\"2026-03-05T08:51:56+00:00\",\"breadcrumb\":{\"@id\":\"https:\\\/\\\/meripelastus.fi\\\/porvoo\\\/tule-mukaan\\\/#breadcrumb\"},\"inLanguage\":\"fi\",\"potentialAction\":[{\"@type\":\"ReadAction\",\"target\":[\"https:\\\/\\\/meripelastus.fi\\\/porvoo\\\/tule-mukaan\\\/\"]}]},{\"@type\":\"ImageObject\",\"inLanguage\":\"fi\",\"@id\":\"https:\\\/\\\/meripelastus.fi\\\/porvoo\\\/tule-mukaan\\\/#primaryimage\",\"url\":\"https:\\\/\\\/meripelastus.fi\\\/porvoo\\\/wp-content\\\/uploads\\\/sites\\\/24\\\/2019\\\/10\\\/porvoo_fanny-1.jpg\",\"contentUrl\":\"https:\\\/\\\/meripelastus.fi\\\/porvoo\\\/wp-content\\\/uploads\\\/sites\\\/24\\\/2019\\\/10\\\/porvoo_fanny-1.jpg\",\"width\":2001,\"height\":1334},{\"@type\":\"BreadcrumbList\",\"@id\":\"https:\\\/\\\/meripelastus.fi\\\/porvoo\\\/tule-mukaan\\\/#breadcrumb\",\"itemListElement\":[{\"@type\":\"ListItem\",\"position\":1,\"name\":\"Etusivu\",\"item\":\"https:\\\/\\\/meripelastus.fi\\\/porvoo\\\/\"},{\"@type\":\"ListItem\",\"position\":2,\"name\":\"Tule mukaan!\"}]},{\"@type\":\"WebSite\",\"@id\":\"https:\\\/\\\/meripelastus.fi\\\/porvoo\\\/#website\",\"url\":\"https:\\\/\\\/meripelastus.fi\\\/porvoo\\\/\",\"name\":\"Porvoon Meripelastajat\",\"description\":\"Vapaaehtoiset apunasi vesill\u00e4\",\"potentialAction\":[{\"@type\":\"SearchAction\",\"target\":{\"@type\":\"EntryPoint\",\"urlTemplate\":\"https:\\\/\\\/meripelastus.fi\\\/porvoo\\\/?s={search_term_string}\"},\"query-input\":{\"@type\":\"PropertyValueSpecification\",\"valueRequired\":true,\"valueName\":\"search_term_string\"}}],\"inLanguage\":\"fi\"}]}<\/script>\n<!-- \/ Yoast SEO Premium plugin. -->","yoast_head_json":{"title":"Tule mukaan! - Porvoon Meripelastajat","robots":{"index":"index","follow":"follow","max-snippet":"max-snippet:-1","max-image-preview":"max-image-preview:large","max-video-preview":"max-video-preview:-1"},"canonical":"https:\/\/meripelastus.fi\/porvoo\/tule-mukaan\/","og_locale":"fi_FI","og_type":"article","og_title":"Tule mukaan!","og_description":"Kiinnostaako vapaaehtoinen meripelastus? Haemme joukkoomme uusia meripelastajia. Tule mukaan el\u00e4m\u00e4si parhaimpaan harrastukseen. Et tarvitse aikaisempaa kokemusta, vaan koulutamme kaikki oman koulutusj\u00e4rjestelm\u00e4mme mukaisesti l\u00e4ht\u00f6tasosta riippumatta.\u00a0Koulutuksen tavoitteena on antaa vapaaehtoisille meripelastajille sellaiset tiedot ja taidot, ett\u00e4 he voivat turvallisesti ja tehokkaasti toimia pelastusteht\u00e4viss\u00e4 meripelastusaluksilla. Lue lis\u00e4\u00e4 koulutuksesta Lataa my\u00f6s ennen hakua luettavaksi hakijan opas! P\u00e4\u00e4syvaatimuksena pelastusmiehist\u00f6\u00f6n on [&hellip;]","og_url":"https:\/\/meripelastus.fi\/porvoo\/tule-mukaan\/","og_site_name":"Porvoon Meripelastajat","article_modified_time":"2026-03-05T08:51:56+00:00","og_image":[{"width":2001,"height":1334,"url":"https:\/\/meripelastus.fi\/porvoo\/wp-content\/uploads\/sites\/24\/2019\/10\/porvoo_fanny-1.jpg","type":"image\/jpeg"}],"twitter_card":"summary_large_image","twitter_misc":{"Arvioitu lukuaika":"1 minuutti"},"schema":{"@context":"https:\/\/schema.org","@graph":[{"@type":"WebPage","@id":"https:\/\/meripelastus.fi\/porvoo\/tule-mukaan\/","url":"https:\/\/meripelastus.fi\/porvoo\/tule-mukaan\/","name":"Tule mukaan! - Porvoon Meripelastajat","isPartOf":{"@id":"https:\/\/meripelastus.fi\/porvoo\/#website"},"primaryImageOfPage":{"@id":"https:\/\/meripelastus.fi\/porvoo\/tule-mukaan\/#primaryimage"},"image":{"@id":"https:\/\/meripelastus.fi\/porvoo\/tule-mukaan\/#primaryimage"},"thumbnailUrl":"https:\/\/meripelastus.fi\/porvoo\/wp-content\/uploads\/sites\/24\/2019\/10\/porvoo_fanny-1.jpg","datePublished":"2019-06-25T12:14:25+00:00","dateModified":"2026-03-05T08:51:56+00:00","breadcrumb":{"@id":"https:\/\/meripelastus.fi\/porvoo\/tule-mukaan\/#breadcrumb"},"inLanguage":"fi","potentialAction":[{"@type":"ReadAction","target":["https:\/\/meripelastus.fi\/porvoo\/tule-mukaan\/"]}]},{"@type":"ImageObject","inLanguage":"fi","@id":"https:\/\/meripelastus.fi\/porvoo\/tule-mukaan\/#primaryimage","url":"https:\/\/meripelastus.fi\/porvoo\/wp-content\/uploads\/sites\/24\/2019\/10\/porvoo_fanny-1.jpg","contentUrl":"https:\/\/meripelastus.fi\/porvoo\/wp-content\/uploads\/sites\/24\/2019\/10\/porvoo_fanny-1.jpg","width":2001,"height":1334},{"@type":"BreadcrumbList","@id":"https:\/\/meripelastus.fi\/porvoo\/tule-mukaan\/#breadcrumb","itemListElement":[{"@type":"ListItem","position":1,"name":"Etusivu","item":"https:\/\/meripelastus.fi\/porvoo\/"},{"@type":"ListItem","position":2,"name":"Tule mukaan!"}]},{"@type":"WebSite","@id":"https:\/\/meripelastus.fi\/porvoo\/#website","url":"https:\/\/meripelastus.fi\/porvoo\/","name":"Porvoon Meripelastajat","description":"Vapaaehtoiset apunasi vesill\u00e4","potentialAction":[{"@type":"SearchAction","target":{"@type":"EntryPoint","urlTemplate":"https:\/\/meripelastus.fi\/porvoo\/?s={search_term_string}"},"query-input":{"@type":"PropertyValueSpecification","valueRequired":true,"valueName":"search_term_string"}}],"inLanguage":"fi"}]}},"_links":{"self":[{"href":"https:\/\/meripelastus.fi\/porvoo\/wp-json\/wp\/v2\/pages\/304","targetHints":{"allow":["GET"]}}],"collection":[{"href":"https:\/\/meripelastus.fi\/porvoo\/wp-json\/wp\/v2\/pages"}],"about":[{"href":"https:\/\/meripelastus.fi\/porvoo\/wp-json\/wp\/v2\/types\/page"}],"author":[{"embeddable":true,"href":"https:\/\/meripelastus.fi\/porvoo\/wp-json\/wp\/v2\/users\/48"}],"replies":[{"embeddable":true,"href":"https:\/\/meripelastus.fi\/porvoo\/wp-json\/wp\/v2\/comments?post=304"}],"version-history":[{"count":32,"href":"https:\/\/meripelastus.fi\/porvoo\/wp-json\/wp\/v2\/pages\/304\/revisions"}],"predecessor-version":[{"id":1191,"href":"https:\/\/meripelastus.fi\/porvoo\/wp-json\/wp\/v2\/pages\/304\/revisions\/1191"}],"wp:featuredmedia":[{"embeddable":true,"href":"https:\/\/meripelastus.fi\/porvoo\/wp-json\/wp\/v2\/media\/364"}],"wp:attachment":[{"href":"https:\/\/meripelastus.fi\/porvoo\/wp-json\/wp\/v2\/media?parent=304"}],"curies":[{"name":"wp","href":"https:\/\/api.w.org\/{rel}","templated":true}]}}