{"id":266,"date":"2019-06-17T16:57:27","date_gmt":"2019-06-17T13:57:27","guid":{"rendered":"https:\/\/meripelastus.fi\/porvoo-vedos\/?page_id=266"},"modified":"2024-06-09T13:57:01","modified_gmt":"2024-06-09T10:57:01","slug":"tue-meita","status":"publish","type":"page","link":"https:\/\/meripelastus.fi\/porvoo\/tue-meita\/","title":{"rendered":"Lahjoita"},"content":{"rendered":"\n<p>Hanki merihenkist\u00e4 n\u00e4kyvyytt\u00e4 yrityksellesi ja laajenna yrityksesi yhteiskuntavastuuta kotiseudun veneilij\u00f6iden hyv\u00e4ksi.&nbsp; Tarjoamme uudenlaista n\u00e4kyvyytt\u00e4 ja hieman erilaisen sponsorointikohteen. Voit tarjota asiakkaillesi ainutlaatuisia el\u00e4myksi\u00e4, tai tehd\u00e4 hyv\u00e4\u00e4 matalalla profiililla.<\/p>\n\n\n\n<p>Vapaaehtoinen meripelastustoiminta rahoitetaan p\u00e4\u00e4osin avustuksilla ja j\u00e4senmaksuilla. Tehokkaat pelastusalukset kuluttavat paljon polttoainetta ja niiden yll\u00e4pito on kallista. Tarvitsemme paikkakuntalaisten yhteis\u00f6jen tukea voidaksemme auttaa merell\u00e4 h\u00e4t\u00e4\u00e4n joutuneita.<\/p>\n\n\n\n<p>Vapaaehtoisen meripelastustoiminnan tukeminen on yrityksille kunnia-asia monilla paikkakunnilla pitkin Suomen rannikkoa ja sis\u00e4vesill\u00e4. Olisiko vapaaehtoisen meripelastuksen tukeminen luonnollinen tapa yrityksellesi osallistua turvallisuuden parantamiseen Porvoon seudulla?<\/p>\n\n\n\n<p>Lis\u00e4tietoja mahdollisuuksista tukea toimintaamme antaa<br>Pauli Tarna \/ 0408456110 \/ <a href=\"mailto:pauli.tarna@gmail.com\">pauli.tarna@gmail.com<\/a><\/p>\n\n\n<div class=\"wp-block-image\">\n<figure class=\"aligncenter size-large\"><img loading=\"lazy\" decoding=\"async\" width=\"1024\" height=\"724\" src=\"https:\/\/meripelastus.fi\/porvoo\/wp-content\/uploads\/sites\/24\/2024\/06\/Veneporttimainos-PMPY_0.4-1024x724.png\" alt=\"\" class=\"wp-image-646\" srcset=\"https:\/\/meripelastus.fi\/porvoo\/wp-content\/uploads\/sites\/24\/2024\/06\/Veneporttimainos-PMPY_0.4-1024x724.png 1024w, https:\/\/meripelastus.fi\/porvoo\/wp-content\/uploads\/sites\/24\/2024\/06\/Veneporttimainos-PMPY_0.4-300x212.png 300w, https:\/\/meripelastus.fi\/porvoo\/wp-content\/uploads\/sites\/24\/2024\/06\/Veneporttimainos-PMPY_0.4-768x543.png 768w, https:\/\/meripelastus.fi\/porvoo\/wp-content\/uploads\/sites\/24\/2024\/06\/Veneporttimainos-PMPY_0.4.png 1440w\" sizes=\"auto, (max-width: 1024px) 100vw, 1024px\" \/><\/figure>\n<\/div>","protected":false},"excerpt":{"rendered":"<p>Hanki merihenkist\u00e4 n\u00e4kyvyytt\u00e4 yrityksellesi ja laajenna yrityksesi yhteiskuntavastuuta kotiseudun veneilij\u00f6iden hyv\u00e4ksi.&nbsp; Tarjoamme uudenlaista n\u00e4kyvyytt\u00e4 ja hieman erilaisen sponsorointikohteen. Voit tarjota asiakkaillesi ainutlaatuisia el\u00e4myksi\u00e4, tai tehd\u00e4 hyv\u00e4\u00e4 matalalla profiililla. Vapaaehtoinen meripelastustoiminta rahoitetaan p\u00e4\u00e4osin avustuksilla ja j\u00e4senmaksuilla. Tehokkaat pelastusalukset kuluttavat paljon polttoainetta ja niiden yll\u00e4pito on kallista. Tarvitsemme paikkakuntalaisten yhteis\u00f6jen tukea voidaksemme auttaa merell\u00e4 h\u00e4t\u00e4\u00e4n joutuneita. Vapaaehtoisen [&hellip;]<\/p>\n","protected":false},"author":48,"featured_media":271,"parent":0,"menu_order":0,"comment_status":"closed","ping_status":"closed","template":"","meta":{"_acf_changed":false,"inline_featured_image":false,"footnotes":""},"class_list":["post-266","page","type-page","status-publish","has-post-thumbnail","hentry"],"acf":[],"yoast_head":"<!-- This site is optimized with the Yoast SEO Premium plugin v27.4 (Yoast SEO v27.4) - https:\/\/yoast.com\/product\/yoast-seo-premium-wordpress\/ -->\n<title>Lahjoita - Porvoon Meripelastajat<\/title>\n<meta name=\"robots\" content=\"index, follow, max-snippet:-1, max-image-preview:large, max-video-preview:-1\" \/>\n<link rel=\"canonical\" href=\"https:\/\/meripelastus.fi\/porvoo\/tue-meita\/\" \/>\n<meta property=\"og:locale\" content=\"fi_FI\" \/>\n<meta property=\"og:type\" content=\"article\" \/>\n<meta property=\"og:title\" content=\"Lahjoita\" \/>\n<meta property=\"og:description\" content=\"Hanki merihenkist\u00e4 n\u00e4kyvyytt\u00e4 yrityksellesi ja laajenna yrityksesi yhteiskuntavastuuta kotiseudun veneilij\u00f6iden hyv\u00e4ksi.&nbsp; Tarjoamme uudenlaista n\u00e4kyvyytt\u00e4 ja hieman erilaisen sponsorointikohteen. Voit tarjota asiakkaillesi ainutlaatuisia el\u00e4myksi\u00e4, tai tehd\u00e4 hyv\u00e4\u00e4 matalalla profiililla. Vapaaehtoinen meripelastustoiminta rahoitetaan p\u00e4\u00e4osin avustuksilla ja j\u00e4senmaksuilla. Tehokkaat pelastusalukset kuluttavat paljon polttoainetta ja niiden yll\u00e4pito on kallista. Tarvitsemme paikkakuntalaisten yhteis\u00f6jen tukea voidaksemme auttaa merell\u00e4 h\u00e4t\u00e4\u00e4n joutuneita. Vapaaehtoisen [&hellip;]\" \/>\n<meta property=\"og:url\" content=\"https:\/\/meripelastus.fi\/porvoo\/tue-meita\/\" \/>\n<meta property=\"og:site_name\" content=\"Porvoon Meripelastajat\" \/>\n<meta property=\"article:modified_time\" content=\"2024-06-09T10:57:01+00:00\" \/>\n<meta property=\"og:image\" content=\"https:\/\/meripelastus.fi\/porvoo\/wp-content\/uploads\/sites\/24\/2019\/06\/mepe_secu-8853.jpg\" \/>\n\t<meta property=\"og:image:width\" content=\"1600\" \/>\n\t<meta property=\"og:image:height\" content=\"1067\" \/>\n\t<meta property=\"og:image:type\" content=\"image\/jpeg\" \/>\n<meta name=\"twitter:card\" content=\"summary_large_image\" \/>\n<meta name=\"twitter:label1\" content=\"Arvioitu lukuaika\" \/>\n\t<meta name=\"twitter:data1\" content=\"1 minuutti\" \/>\n<script type=\"application\/ld+json\" class=\"yoast-schema-graph\">{\"@context\":\"https:\\\/\\\/schema.org\",\"@graph\":[{\"@type\":\"WebPage\",\"@id\":\"https:\\\/\\\/meripelastus.fi\\\/porvoo\\\/tue-meita\\\/\",\"url\":\"https:\\\/\\\/meripelastus.fi\\\/porvoo\\\/tue-meita\\\/\",\"name\":\"Lahjoita - Porvoon Meripelastajat\",\"isPartOf\":{\"@id\":\"https:\\\/\\\/meripelastus.fi\\\/porvoo\\\/#website\"},\"primaryImageOfPage\":{\"@id\":\"https:\\\/\\\/meripelastus.fi\\\/porvoo\\\/tue-meita\\\/#primaryimage\"},\"image\":{\"@id\":\"https:\\\/\\\/meripelastus.fi\\\/porvoo\\\/tue-meita\\\/#primaryimage\"},\"thumbnailUrl\":\"https:\\\/\\\/meripelastus.fi\\\/porvoo\\\/wp-content\\\/uploads\\\/sites\\\/24\\\/2019\\\/06\\\/mepe_secu-8853.jpg\",\"datePublished\":\"2019-06-17T13:57:27+00:00\",\"dateModified\":\"2024-06-09T10:57:01+00:00\",\"breadcrumb\":{\"@id\":\"https:\\\/\\\/meripelastus.fi\\\/porvoo\\\/tue-meita\\\/#breadcrumb\"},\"inLanguage\":\"fi\",\"potentialAction\":[{\"@type\":\"ReadAction\",\"target\":[\"https:\\\/\\\/meripelastus.fi\\\/porvoo\\\/tue-meita\\\/\"]}]},{\"@type\":\"ImageObject\",\"inLanguage\":\"fi\",\"@id\":\"https:\\\/\\\/meripelastus.fi\\\/porvoo\\\/tue-meita\\\/#primaryimage\",\"url\":\"https:\\\/\\\/meripelastus.fi\\\/porvoo\\\/wp-content\\\/uploads\\\/sites\\\/24\\\/2019\\\/06\\\/mepe_secu-8853.jpg\",\"contentUrl\":\"https:\\\/\\\/meripelastus.fi\\\/porvoo\\\/wp-content\\\/uploads\\\/sites\\\/24\\\/2019\\\/06\\\/mepe_secu-8853.jpg\",\"width\":1600,\"height\":1067},{\"@type\":\"BreadcrumbList\",\"@id\":\"https:\\\/\\\/meripelastus.fi\\\/porvoo\\\/tue-meita\\\/#breadcrumb\",\"itemListElement\":[{\"@type\":\"ListItem\",\"position\":1,\"name\":\"Etusivu\",\"item\":\"https:\\\/\\\/meripelastus.fi\\\/porvoo\\\/\"},{\"@type\":\"ListItem\",\"position\":2,\"name\":\"Lahjoita\"}]},{\"@type\":\"WebSite\",\"@id\":\"https:\\\/\\\/meripelastus.fi\\\/porvoo\\\/#website\",\"url\":\"https:\\\/\\\/meripelastus.fi\\\/porvoo\\\/\",\"name\":\"Porvoon Meripelastajat\",\"description\":\"Vapaaehtoiset apunasi vesill\u00e4\",\"potentialAction\":[{\"@type\":\"SearchAction\",\"target\":{\"@type\":\"EntryPoint\",\"urlTemplate\":\"https:\\\/\\\/meripelastus.fi\\\/porvoo\\\/?s={search_term_string}\"},\"query-input\":{\"@type\":\"PropertyValueSpecification\",\"valueRequired\":true,\"valueName\":\"search_term_string\"}}],\"inLanguage\":\"fi\"}]}<\/script>\n<!-- \/ Yoast SEO Premium plugin. -->","yoast_head_json":{"title":"Lahjoita - Porvoon Meripelastajat","robots":{"index":"index","follow":"follow","max-snippet":"max-snippet:-1","max-image-preview":"max-image-preview:large","max-video-preview":"max-video-preview:-1"},"canonical":"https:\/\/meripelastus.fi\/porvoo\/tue-meita\/","og_locale":"fi_FI","og_type":"article","og_title":"Lahjoita","og_description":"Hanki merihenkist\u00e4 n\u00e4kyvyytt\u00e4 yrityksellesi ja laajenna yrityksesi yhteiskuntavastuuta kotiseudun veneilij\u00f6iden hyv\u00e4ksi.&nbsp; Tarjoamme uudenlaista n\u00e4kyvyytt\u00e4 ja hieman erilaisen sponsorointikohteen. Voit tarjota asiakkaillesi ainutlaatuisia el\u00e4myksi\u00e4, tai tehd\u00e4 hyv\u00e4\u00e4 matalalla profiililla. Vapaaehtoinen meripelastustoiminta rahoitetaan p\u00e4\u00e4osin avustuksilla ja j\u00e4senmaksuilla. Tehokkaat pelastusalukset kuluttavat paljon polttoainetta ja niiden yll\u00e4pito on kallista. Tarvitsemme paikkakuntalaisten yhteis\u00f6jen tukea voidaksemme auttaa merell\u00e4 h\u00e4t\u00e4\u00e4n joutuneita. Vapaaehtoisen [&hellip;]","og_url":"https:\/\/meripelastus.fi\/porvoo\/tue-meita\/","og_site_name":"Porvoon Meripelastajat","article_modified_time":"2024-06-09T10:57:01+00:00","og_image":[{"width":1600,"height":1067,"url":"https:\/\/meripelastus.fi\/porvoo\/wp-content\/uploads\/sites\/24\/2019\/06\/mepe_secu-8853.jpg","type":"image\/jpeg"}],"twitter_card":"summary_large_image","twitter_misc":{"Arvioitu lukuaika":"1 minuutti"},"schema":{"@context":"https:\/\/schema.org","@graph":[{"@type":"WebPage","@id":"https:\/\/meripelastus.fi\/porvoo\/tue-meita\/","url":"https:\/\/meripelastus.fi\/porvoo\/tue-meita\/","name":"Lahjoita - Porvoon Meripelastajat","isPartOf":{"@id":"https:\/\/meripelastus.fi\/porvoo\/#website"},"primaryImageOfPage":{"@id":"https:\/\/meripelastus.fi\/porvoo\/tue-meita\/#primaryimage"},"image":{"@id":"https:\/\/meripelastus.fi\/porvoo\/tue-meita\/#primaryimage"},"thumbnailUrl":"https:\/\/meripelastus.fi\/porvoo\/wp-content\/uploads\/sites\/24\/2019\/06\/mepe_secu-8853.jpg","datePublished":"2019-06-17T13:57:27+00:00","dateModified":"2024-06-09T10:57:01+00:00","breadcrumb":{"@id":"https:\/\/meripelastus.fi\/porvoo\/tue-meita\/#breadcrumb"},"inLanguage":"fi","potentialAction":[{"@type":"ReadAction","target":["https:\/\/meripelastus.fi\/porvoo\/tue-meita\/"]}]},{"@type":"ImageObject","inLanguage":"fi","@id":"https:\/\/meripelastus.fi\/porvoo\/tue-meita\/#primaryimage","url":"https:\/\/meripelastus.fi\/porvoo\/wp-content\/uploads\/sites\/24\/2019\/06\/mepe_secu-8853.jpg","contentUrl":"https:\/\/meripelastus.fi\/porvoo\/wp-content\/uploads\/sites\/24\/2019\/06\/mepe_secu-8853.jpg","width":1600,"height":1067},{"@type":"BreadcrumbList","@id":"https:\/\/meripelastus.fi\/porvoo\/tue-meita\/#breadcrumb","itemListElement":[{"@type":"ListItem","position":1,"name":"Etusivu","item":"https:\/\/meripelastus.fi\/porvoo\/"},{"@type":"ListItem","position":2,"name":"Lahjoita"}]},{"@type":"WebSite","@id":"https:\/\/meripelastus.fi\/porvoo\/#website","url":"https:\/\/meripelastus.fi\/porvoo\/","name":"Porvoon Meripelastajat","description":"Vapaaehtoiset apunasi vesill\u00e4","potentialAction":[{"@type":"SearchAction","target":{"@type":"EntryPoint","urlTemplate":"https:\/\/meripelastus.fi\/porvoo\/?s={search_term_string}"},"query-input":{"@type":"PropertyValueSpecification","valueRequired":true,"valueName":"search_term_string"}}],"inLanguage":"fi"}]}},"_links":{"self":[{"href":"https:\/\/meripelastus.fi\/porvoo\/wp-json\/wp\/v2\/pages\/266","targetHints":{"allow":["GET"]}}],"collection":[{"href":"https:\/\/meripelastus.fi\/porvoo\/wp-json\/wp\/v2\/pages"}],"about":[{"href":"https:\/\/meripelastus.fi\/porvoo\/wp-json\/wp\/v2\/types\/page"}],"author":[{"embeddable":true,"href":"https:\/\/meripelastus.fi\/porvoo\/wp-json\/wp\/v2\/users\/48"}],"replies":[{"embeddable":true,"href":"https:\/\/meripelastus.fi\/porvoo\/wp-json\/wp\/v2\/comments?post=266"}],"version-history":[{"count":11,"href":"https:\/\/meripelastus.fi\/porvoo\/wp-json\/wp\/v2\/pages\/266\/revisions"}],"predecessor-version":[{"id":664,"href":"https:\/\/meripelastus.fi\/porvoo\/wp-json\/wp\/v2\/pages\/266\/revisions\/664"}],"wp:featuredmedia":[{"embeddable":true,"href":"https:\/\/meripelastus.fi\/porvoo\/wp-json\/wp\/v2\/media\/271"}],"wp:attachment":[{"href":"https:\/\/meripelastus.fi\/porvoo\/wp-json\/wp\/v2\/media?parent=266"}],"curies":[{"name":"wp","href":"https:\/\/api.w.org\/{rel}","templated":true}]}}