{"id":26,"date":"2018-03-19T09:19:10","date_gmt":"2018-03-19T07:19:10","guid":{"rendered":"http:\/\/basetemplate.smpsyhdistykset.16.testivedos.com\/?page_id=26"},"modified":"2024-04-21T20:54:22","modified_gmt":"2024-04-21T17:54:22","slug":"alukset","status":"publish","type":"page","link":"https:\/\/meripelastus.fi\/porvoo\/toiminta\/alukset\/","title":{"rendered":"Alukset"},"content":{"rendered":"<h2>PV L\u00e4hiTapiola Uusimaa<\/h2>\n<p><img loading=\"lazy\" decoding=\"async\" class=\"alignnone wp-image-209 size-full\" src=\"https:\/\/meripelastus.fi\/porvoo\/wp-content\/uploads\/sites\/24\/2019\/06\/securitas.jpg\" alt=\"\" width=\"1000\" height=\"661\" srcset=\"https:\/\/meripelastus.fi\/porvoo\/wp-content\/uploads\/sites\/24\/2019\/06\/securitas.jpg 1000w, https:\/\/meripelastus.fi\/porvoo\/wp-content\/uploads\/sites\/24\/2019\/06\/securitas-300x198.jpg 300w, https:\/\/meripelastus.fi\/porvoo\/wp-content\/uploads\/sites\/24\/2019\/06\/securitas-768x508.jpg 768w\" sizes=\"auto, (max-width: 1000px) 100vw, 1000px\" \/><\/p>\n<p>HTECH A25 SAR -tyyppinen PV1-luokan PV L\u00e4hiTapiola Uusimaa on itsen\u00e4iseen toimintaan tarkoitettu etsint\u00e4- ja pelastusyksikk\u00f6. Kahdeksanmetrisen veneen huippunopeus on 42 solmua, matkanopeus 36 solmua ja toimintas\u00e4de noin 100 meripeninkulmaa. Vauhdin takaa 450 hevosvoiman Iveco \u2013moottorin ja Alamarin-Jet 288 \u2013vesijetin yhdistelm\u00e4. \u00a0Veneen runko on rakennettu merialumiinista, joka on hyvin korroosiota, mekaanista kulutusta ja rasitusta kest\u00e4v\u00e4 materiaali.<\/p>\n<p>PV1:n suunnittelussa on kiinnitetty erityisesti huomiota miehist\u00f6n ty\u00f6turvallisuuteen sek\u00e4 ty\u00f6skentelyn helppouteen. Kansi on tasainen ja kokonaan ymp\u00e4ri k\u00e4velt\u00e4viss\u00e4. Avoin per\u00e4 helpottaa vedest\u00e4nostotilanteita.<\/p>\n<h4><strong>T\u00e4rkeimm\u00e4t mitat:<\/strong><\/h4>\n<p>Pituus:\u00a0 \u00a0 \u00a0 \u00a0 \u00a0 \u00a0 \u00a0 \u00a0 \u00a0 \u00a07,95 m<br \/>\nLeveys:\u00a0 \u00a0 \u00a0 \u00a0 \u00a0 \u00a0 \u00a0 \u00a0 \u00a0 2,85 m<br \/>\nMoottori:\u00a0 \u00a0 \u00a0 \u00a0 \u00a0 \u00a0 \u00a0 \u00a0Iveco 450hp<br \/>\nHuippunopeus:\u00a0 \u00a0 42 solmua<br \/>\nMinimimiehitys:\u00a0 \u00a02 henkil\u00f6\u00e4<\/p>\n<hr \/>\n<h2>PV Aktia Porvoo<\/h2>\n<p><img loading=\"lazy\" decoding=\"async\" class=\"alignnone wp-image-202 size-full\" src=\"https:\/\/meripelastus.fi\/porvoo\/wp-content\/uploads\/sites\/24\/2019\/06\/aktiaporvoo2019.jpg\" alt=\"\" width=\"1001\" height=\"667\" srcset=\"https:\/\/meripelastus.fi\/porvoo\/wp-content\/uploads\/sites\/24\/2019\/06\/aktiaporvoo2019.jpg 1001w, https:\/\/meripelastus.fi\/porvoo\/wp-content\/uploads\/sites\/24\/2019\/06\/aktiaporvoo2019-300x200.jpg 300w, https:\/\/meripelastus.fi\/porvoo\/wp-content\/uploads\/sites\/24\/2019\/06\/aktiaporvoo2019-768x512.jpg 768w\" sizes=\"auto, (max-width: 1001px) 100vw, 1001px\" \/><\/p>\n<p>PV Aktia Porvoo on Boomeranger RIB C-1100 -tyyppinen PV3-luokan pelastusvene. Katettu kovapohjainen kellukevene (RIB) on varustettu kahdella dieselmoottorilla (yhteisteho 552 kW) ja vesisuihkuvetolaitteilla. Toimintaan itsen\u00e4isen\u00e4 etsint\u00e4- ja pelastusyksikk\u00f6n\u00e4 rannikolla ja saaristossa kykenev\u00e4ss\u00e4 aluksessa on ammattitason navigointilaitteet ja monipuolinen meripelastusvarustus.<\/p>\n<h4><strong>T\u00e4rkeimm\u00e4t mitat:<\/strong><\/h4>\n<p>Pituus:\u00a0 \u00a0 \u00a0 \u00a0 \u00a0 \u00a0 \u00a0 \u00a0 \u00a0 \u00a0 11,9 m<br \/>\nLeveys:\u00a0 \u00a0 \u00a0 \u00a0 \u00a0 \u00a0 \u00a0 \u00a0 \u00a0 \u00a03,65 m<br \/>\nMoottorit:\u00a0 \u00a0 \u00a0 \u00a0 \u00a0 \u00a0 \u00a0 Yanmar 2 x 375 hp<br \/>\nHuippunopeus:\u00a0 \u00a0 35 solmua<br \/>\nMinimimiehitys: \u00a03 henkil\u00f6\u00e4<\/p>\n<hr \/>\n<p><strong>Lis\u00e4\u00e4 luettavaa<\/strong><\/p>\n<p><a class=\"link-arrow\" href=\"https:\/\/meripelastus.fi\/porvoo\/tule-mukaan\/\">Liity meripelastajaksi<\/a><\/p>\n","protected":false},"excerpt":{"rendered":"<p>PV L\u00e4hiTapiola Uusimaa HTECH A25 SAR -tyyppinen PV1-luokan PV L\u00e4hiTapiola Uusimaa on itsen\u00e4iseen toimintaan tarkoitettu etsint\u00e4- ja pelastusyksikk\u00f6. Kahdeksanmetrisen veneen huippunopeus on 42 solmua, matkanopeus 36 solmua ja toimintas\u00e4de noin 100 meripeninkulmaa. Vauhdin takaa 450 hevosvoiman Iveco \u2013moottorin ja Alamarin-Jet 288 \u2013vesijetin yhdistelm\u00e4. \u00a0Veneen runko on rakennettu merialumiinista, joka on hyvin korroosiota, mekaanista kulutusta ja [&hellip;]<\/p>\n","protected":false},"author":1,"featured_media":205,"parent":20,"menu_order":0,"comment_status":"closed","ping_status":"closed","template":"","meta":{"_acf_changed":false,"inline_featured_image":false,"footnotes":""},"class_list":["post-26","page","type-page","status-publish","has-post-thumbnail","hentry"],"acf":[],"yoast_head":"<!-- This site is optimized with the Yoast SEO Premium plugin v27.2 (Yoast SEO v27.2) - https:\/\/yoast.com\/product\/yoast-seo-premium-wordpress\/ -->\n<title>Alukset - Porvoon Meripelastajat<\/title>\n<meta name=\"robots\" content=\"index, follow, max-snippet:-1, max-image-preview:large, max-video-preview:-1\" \/>\n<link rel=\"canonical\" href=\"https:\/\/meripelastus.fi\/porvoo\/toiminta\/alukset\/\" \/>\n<meta property=\"og:locale\" content=\"fi_FI\" \/>\n<meta property=\"og:type\" content=\"article\" \/>\n<meta property=\"og:title\" content=\"Alukset\" \/>\n<meta property=\"og:description\" content=\"PV L\u00e4hiTapiola Uusimaa HTECH A25 SAR -tyyppinen PV1-luokan PV L\u00e4hiTapiola Uusimaa on itsen\u00e4iseen toimintaan tarkoitettu etsint\u00e4- ja pelastusyksikk\u00f6. Kahdeksanmetrisen veneen huippunopeus on 42 solmua, matkanopeus 36 solmua ja toimintas\u00e4de noin 100 meripeninkulmaa. Vauhdin takaa 450 hevosvoiman Iveco \u2013moottorin ja Alamarin-Jet 288 \u2013vesijetin yhdistelm\u00e4. \u00a0Veneen runko on rakennettu merialumiinista, joka on hyvin korroosiota, mekaanista kulutusta ja [&hellip;]\" \/>\n<meta property=\"og:url\" content=\"https:\/\/meripelastus.fi\/porvoo\/toiminta\/alukset\/\" \/>\n<meta property=\"og:site_name\" content=\"Porvoon Meripelastajat\" \/>\n<meta property=\"article:modified_time\" content=\"2024-04-21T17:54:22+00:00\" \/>\n<meta property=\"og:image\" content=\"https:\/\/meripelastus.fi\/porvoo\/wp-content\/uploads\/sites\/24\/2019\/06\/smps_porvoo_nettisivut-8591.jpg\" \/>\n\t<meta property=\"og:image:width\" content=\"2209\" \/>\n\t<meta property=\"og:image:height\" content=\"1473\" \/>\n\t<meta property=\"og:image:type\" content=\"image\/jpeg\" \/>\n<meta name=\"twitter:card\" content=\"summary_large_image\" \/>\n<meta name=\"twitter:label1\" content=\"Arvioitu lukuaika\" \/>\n\t<meta name=\"twitter:data1\" content=\"2 minuuttia\" \/>\n<script type=\"application\/ld+json\" class=\"yoast-schema-graph\">{\"@context\":\"https:\/\/schema.org\",\"@graph\":[{\"@type\":\"WebPage\",\"@id\":\"https:\/\/meripelastus.fi\/porvoo\/toiminta\/alukset\/\",\"url\":\"https:\/\/meripelastus.fi\/porvoo\/toiminta\/alukset\/\",\"name\":\"Alukset - Porvoon Meripelastajat\",\"isPartOf\":{\"@id\":\"https:\/\/meripelastus.fi\/porvoo\/#website\"},\"primaryImageOfPage\":{\"@id\":\"https:\/\/meripelastus.fi\/porvoo\/toiminta\/alukset\/#primaryimage\"},\"image\":{\"@id\":\"https:\/\/meripelastus.fi\/porvoo\/toiminta\/alukset\/#primaryimage\"},\"thumbnailUrl\":\"https:\/\/meripelastus.fi\/porvoo\/wp-content\/uploads\/sites\/24\/2019\/06\/smps_porvoo_nettisivut-8591.jpg\",\"datePublished\":\"2018-03-19T07:19:10+00:00\",\"dateModified\":\"2024-04-21T17:54:22+00:00\",\"breadcrumb\":{\"@id\":\"https:\/\/meripelastus.fi\/porvoo\/toiminta\/alukset\/#breadcrumb\"},\"inLanguage\":\"fi\",\"potentialAction\":[{\"@type\":\"ReadAction\",\"target\":[\"https:\/\/meripelastus.fi\/porvoo\/toiminta\/alukset\/\"]}]},{\"@type\":\"ImageObject\",\"inLanguage\":\"fi\",\"@id\":\"https:\/\/meripelastus.fi\/porvoo\/toiminta\/alukset\/#primaryimage\",\"url\":\"https:\/\/meripelastus.fi\/porvoo\/wp-content\/uploads\/sites\/24\/2019\/06\/smps_porvoo_nettisivut-8591.jpg\",\"contentUrl\":\"https:\/\/meripelastus.fi\/porvoo\/wp-content\/uploads\/sites\/24\/2019\/06\/smps_porvoo_nettisivut-8591.jpg\",\"width\":2209,\"height\":1473},{\"@type\":\"BreadcrumbList\",\"@id\":\"https:\/\/meripelastus.fi\/porvoo\/toiminta\/alukset\/#breadcrumb\",\"itemListElement\":[{\"@type\":\"ListItem\",\"position\":1,\"name\":\"Etusivu\",\"item\":\"https:\/\/meripelastus.fi\/porvoo\/\"},{\"@type\":\"ListItem\",\"position\":2,\"name\":\"Toiminta\",\"item\":\"https:\/\/meripelastus.fi\/porvoo\/toiminta\/\"},{\"@type\":\"ListItem\",\"position\":3,\"name\":\"Alukset\"}]},{\"@type\":\"WebSite\",\"@id\":\"https:\/\/meripelastus.fi\/porvoo\/#website\",\"url\":\"https:\/\/meripelastus.fi\/porvoo\/\",\"name\":\"Porvoon Meripelastajat\",\"description\":\"Vapaaehtoiset apunasi vesill\u00e4\",\"potentialAction\":[{\"@type\":\"SearchAction\",\"target\":{\"@type\":\"EntryPoint\",\"urlTemplate\":\"https:\/\/meripelastus.fi\/porvoo\/?s={search_term_string}\"},\"query-input\":{\"@type\":\"PropertyValueSpecification\",\"valueRequired\":true,\"valueName\":\"search_term_string\"}}],\"inLanguage\":\"fi\"}]}<\/script>\n<!-- \/ Yoast SEO Premium plugin. -->","yoast_head_json":{"title":"Alukset - Porvoon Meripelastajat","robots":{"index":"index","follow":"follow","max-snippet":"max-snippet:-1","max-image-preview":"max-image-preview:large","max-video-preview":"max-video-preview:-1"},"canonical":"https:\/\/meripelastus.fi\/porvoo\/toiminta\/alukset\/","og_locale":"fi_FI","og_type":"article","og_title":"Alukset","og_description":"PV L\u00e4hiTapiola Uusimaa HTECH A25 SAR -tyyppinen PV1-luokan PV L\u00e4hiTapiola Uusimaa on itsen\u00e4iseen toimintaan tarkoitettu etsint\u00e4- ja pelastusyksikk\u00f6. Kahdeksanmetrisen veneen huippunopeus on 42 solmua, matkanopeus 36 solmua ja toimintas\u00e4de noin 100 meripeninkulmaa. Vauhdin takaa 450 hevosvoiman Iveco \u2013moottorin ja Alamarin-Jet 288 \u2013vesijetin yhdistelm\u00e4. \u00a0Veneen runko on rakennettu merialumiinista, joka on hyvin korroosiota, mekaanista kulutusta ja [&hellip;]","og_url":"https:\/\/meripelastus.fi\/porvoo\/toiminta\/alukset\/","og_site_name":"Porvoon Meripelastajat","article_modified_time":"2024-04-21T17:54:22+00:00","og_image":[{"width":2209,"height":1473,"url":"https:\/\/meripelastus.fi\/porvoo\/wp-content\/uploads\/sites\/24\/2019\/06\/smps_porvoo_nettisivut-8591.jpg","type":"image\/jpeg"}],"twitter_card":"summary_large_image","twitter_misc":{"Arvioitu lukuaika":"2 minuuttia"},"schema":{"@context":"https:\/\/schema.org","@graph":[{"@type":"WebPage","@id":"https:\/\/meripelastus.fi\/porvoo\/toiminta\/alukset\/","url":"https:\/\/meripelastus.fi\/porvoo\/toiminta\/alukset\/","name":"Alukset - Porvoon Meripelastajat","isPartOf":{"@id":"https:\/\/meripelastus.fi\/porvoo\/#website"},"primaryImageOfPage":{"@id":"https:\/\/meripelastus.fi\/porvoo\/toiminta\/alukset\/#primaryimage"},"image":{"@id":"https:\/\/meripelastus.fi\/porvoo\/toiminta\/alukset\/#primaryimage"},"thumbnailUrl":"https:\/\/meripelastus.fi\/porvoo\/wp-content\/uploads\/sites\/24\/2019\/06\/smps_porvoo_nettisivut-8591.jpg","datePublished":"2018-03-19T07:19:10+00:00","dateModified":"2024-04-21T17:54:22+00:00","breadcrumb":{"@id":"https:\/\/meripelastus.fi\/porvoo\/toiminta\/alukset\/#breadcrumb"},"inLanguage":"fi","potentialAction":[{"@type":"ReadAction","target":["https:\/\/meripelastus.fi\/porvoo\/toiminta\/alukset\/"]}]},{"@type":"ImageObject","inLanguage":"fi","@id":"https:\/\/meripelastus.fi\/porvoo\/toiminta\/alukset\/#primaryimage","url":"https:\/\/meripelastus.fi\/porvoo\/wp-content\/uploads\/sites\/24\/2019\/06\/smps_porvoo_nettisivut-8591.jpg","contentUrl":"https:\/\/meripelastus.fi\/porvoo\/wp-content\/uploads\/sites\/24\/2019\/06\/smps_porvoo_nettisivut-8591.jpg","width":2209,"height":1473},{"@type":"BreadcrumbList","@id":"https:\/\/meripelastus.fi\/porvoo\/toiminta\/alukset\/#breadcrumb","itemListElement":[{"@type":"ListItem","position":1,"name":"Etusivu","item":"https:\/\/meripelastus.fi\/porvoo\/"},{"@type":"ListItem","position":2,"name":"Toiminta","item":"https:\/\/meripelastus.fi\/porvoo\/toiminta\/"},{"@type":"ListItem","position":3,"name":"Alukset"}]},{"@type":"WebSite","@id":"https:\/\/meripelastus.fi\/porvoo\/#website","url":"https:\/\/meripelastus.fi\/porvoo\/","name":"Porvoon Meripelastajat","description":"Vapaaehtoiset apunasi vesill\u00e4","potentialAction":[{"@type":"SearchAction","target":{"@type":"EntryPoint","urlTemplate":"https:\/\/meripelastus.fi\/porvoo\/?s={search_term_string}"},"query-input":{"@type":"PropertyValueSpecification","valueRequired":true,"valueName":"search_term_string"}}],"inLanguage":"fi"}]}},"_links":{"self":[{"href":"https:\/\/meripelastus.fi\/porvoo\/wp-json\/wp\/v2\/pages\/26","targetHints":{"allow":["GET"]}}],"collection":[{"href":"https:\/\/meripelastus.fi\/porvoo\/wp-json\/wp\/v2\/pages"}],"about":[{"href":"https:\/\/meripelastus.fi\/porvoo\/wp-json\/wp\/v2\/types\/page"}],"author":[{"embeddable":true,"href":"https:\/\/meripelastus.fi\/porvoo\/wp-json\/wp\/v2\/users\/1"}],"replies":[{"embeddable":true,"href":"https:\/\/meripelastus.fi\/porvoo\/wp-json\/wp\/v2\/comments?post=26"}],"version-history":[{"count":16,"href":"https:\/\/meripelastus.fi\/porvoo\/wp-json\/wp\/v2\/pages\/26\/revisions"}],"predecessor-version":[{"id":616,"href":"https:\/\/meripelastus.fi\/porvoo\/wp-json\/wp\/v2\/pages\/26\/revisions\/616"}],"up":[{"embeddable":true,"href":"https:\/\/meripelastus.fi\/porvoo\/wp-json\/wp\/v2\/pages\/20"}],"wp:featuredmedia":[{"embeddable":true,"href":"https:\/\/meripelastus.fi\/porvoo\/wp-json\/wp\/v2\/media\/205"}],"wp:attachment":[{"href":"https:\/\/meripelastus.fi\/porvoo\/wp-json\/wp\/v2\/media?parent=26"}],"curies":[{"name":"wp","href":"https:\/\/api.w.org\/{rel}","templated":true}]}}