{"id":22,"date":"2018-03-19T09:18:43","date_gmt":"2018-03-19T07:18:43","guid":{"rendered":"http:\/\/basetemplate.smpsyhdistykset.16.testivedos.com\/?page_id=22"},"modified":"2019-06-25T15:49:38","modified_gmt":"2019-06-25T12:49:38","slug":"halytysohje","status":"publish","type":"page","link":"https:\/\/meripelastus.fi\/porvoo\/toiminta\/halytysohje\/","title":{"rendered":"H\u00e4lytysohje \u2013 N\u00e4in h\u00e4lyt\u00e4t apua"},"content":{"rendered":"<p>Merell\u00e4 meripelastuksen h\u00e4t\u00e4numero <a href=\"tel:02941000\">0294 1000<\/a><br \/>\nSis\u00e4vesill\u00e4 <a href=\"tel:112\">112<\/a><br \/>\nVHF 16 \/ VHF-DSC 70<\/p>\n<p>1. Kerro aluksesi nimi ja yhteystiedot<\/p>\n<p>2. Kerro tarkka tapahtumapaikka<\/p>\n<p>3. Kerro mit\u00e4 on tapahtunut<\/p>\n<p>4. Montako ihmist\u00e4 on vaarassa, onko loukkaantuneita?<\/p>\n<p>5. Kerro mit\u00e4 apua tarvitaan<\/p>\n<p>6. \u00c4l\u00e4 katkaise yhteytt\u00e4 ennen kuin saat luvan<\/p>\n<hr \/>\n<p>Alarmvisning<\/p>\n<p>Sj\u00f6r\u00e4ddningens alarmnummer\u00a0<a href=\"tel:02941000\">0294 1000<\/a><br \/>\nAllm\u00e4nt n\u00f6dnummer\u00a0<a href=\"tel:112\">112<\/a><br \/>\nEller VHF-kanal\u00a016 \/ VHF-DSC 70<\/p>\n<p>1. Ber\u00e4tta (fartygets) namn och kontaktuppgifter<\/p>\n<p>2. Ber\u00e4tta exakt var olyckan skett<\/p>\n<p>3. Ber\u00e4tta vad som har h\u00e4nt<\/p>\n<p>4. Hur m\u00e5nga m\u00e4nniskor \u00e4r i fara, finns det skadade?<\/p>\n<p>5. Ber\u00e4tta hurudan hj\u00e4lp det beh\u00f6vs<\/p>\n<p>6. Avbryt inte kontakten f\u00f6rr\u00e4n du f\u00e5tt lov<\/p>\n<hr \/>\n<div>\n<div id=\"block-system-main\">\n<div>\n<div id=\"node-5\">\n<div>\n<div>\n<div>\n<div>\n<div>\n<p>Emergency instructions<\/p>\n<p>Distress calls to the Maritime Rescue Centre<br \/>\nBy telephone to <a href=\"tel:+3582941000\">+358 294 1000<\/a> or <a href=\"tel:112\">112<\/a><br \/>\nBy VHF 16 \/ VHF-DSC 70<\/p>\n<p>1. Tell your (ships) name and contact information<\/p>\n<p>2. Tell your position<\/p>\n<p>3. Tell what has happened<\/p>\n<p>4. How many people are in danger, how many are injured?<\/p>\n<p>5. Tell what kind of help is needed<\/p>\n<p>6. Do not hang up before you get permission to do so<\/p>\n<\/div>\n<\/div>\n<\/div>\n<\/div>\n<\/div>\n<\/div>\n<\/div>\n<\/div>\n<\/div>\n","protected":false},"excerpt":{"rendered":"<p>Merell\u00e4 meripelastuksen h\u00e4t\u00e4numero 0294 1000 Sis\u00e4vesill\u00e4 112 VHF 16 \/ VHF-DSC 70 1. Kerro aluksesi nimi ja yhteystiedot 2. Kerro tarkka tapahtumapaikka 3. Kerro mit\u00e4 on tapahtunut 4. Montako ihmist\u00e4 on vaarassa, onko loukkaantuneita? 5. Kerro mit\u00e4 apua tarvitaan 6. \u00c4l\u00e4 katkaise yhteytt\u00e4 ennen kuin saat luvan Alarmvisning Sj\u00f6r\u00e4ddningens alarmnummer\u00a00294 1000 Allm\u00e4nt n\u00f6dnummer\u00a0112 Eller VHF-kanal\u00a016 [&hellip;]<\/p>\n","protected":false},"author":1,"featured_media":288,"parent":20,"menu_order":0,"comment_status":"closed","ping_status":"closed","template":"","meta":{"_acf_changed":false,"inline_featured_image":false,"footnotes":""},"class_list":["post-22","page","type-page","status-publish","has-post-thumbnail","hentry"],"acf":[],"yoast_head":"<!-- This site is optimized with the Yoast SEO Premium plugin v27.2 (Yoast SEO v27.2) - https:\/\/yoast.com\/product\/yoast-seo-premium-wordpress\/ -->\n<title>H\u00e4lytysohje \u2013 N\u00e4in h\u00e4lyt\u00e4t apua - Porvoon Meripelastajat<\/title>\n<meta name=\"robots\" content=\"index, follow, max-snippet:-1, max-image-preview:large, max-video-preview:-1\" \/>\n<link rel=\"canonical\" href=\"https:\/\/meripelastus.fi\/porvoo\/toiminta\/halytysohje\/\" \/>\n<meta property=\"og:locale\" content=\"fi_FI\" \/>\n<meta property=\"og:type\" content=\"article\" \/>\n<meta property=\"og:title\" content=\"H\u00e4lytysohje \u2013 N\u00e4in h\u00e4lyt\u00e4t apua\" \/>\n<meta property=\"og:description\" content=\"Merell\u00e4 meripelastuksen h\u00e4t\u00e4numero 0294 1000 Sis\u00e4vesill\u00e4 112 VHF 16 \/ VHF-DSC 70 1. Kerro aluksesi nimi ja yhteystiedot 2. Kerro tarkka tapahtumapaikka 3. Kerro mit\u00e4 on tapahtunut 4. Montako ihmist\u00e4 on vaarassa, onko loukkaantuneita? 5. Kerro mit\u00e4 apua tarvitaan 6. \u00c4l\u00e4 katkaise yhteytt\u00e4 ennen kuin saat luvan Alarmvisning Sj\u00f6r\u00e4ddningens alarmnummer\u00a00294 1000 Allm\u00e4nt n\u00f6dnummer\u00a0112 Eller VHF-kanal\u00a016 [&hellip;]\" \/>\n<meta property=\"og:url\" content=\"https:\/\/meripelastus.fi\/porvoo\/toiminta\/halytysohje\/\" \/>\n<meta property=\"og:site_name\" content=\"Porvoon Meripelastajat\" \/>\n<meta property=\"article:modified_time\" content=\"2019-06-25T12:49:38+00:00\" \/>\n<meta property=\"og:image\" content=\"https:\/\/meripelastus.fi\/porvoo\/wp-content\/uploads\/sites\/24\/2019\/06\/secut_uus-9195.jpg\" \/>\n\t<meta property=\"og:image:width\" content=\"1600\" \/>\n\t<meta property=\"og:image:height\" content=\"1067\" \/>\n\t<meta property=\"og:image:type\" content=\"image\/jpeg\" \/>\n<meta name=\"twitter:card\" content=\"summary_large_image\" \/>\n<meta name=\"twitter:label1\" content=\"Arvioitu lukuaika\" \/>\n\t<meta name=\"twitter:data1\" content=\"1 minuutti\" \/>\n<script type=\"application\/ld+json\" class=\"yoast-schema-graph\">{\"@context\":\"https:\/\/schema.org\",\"@graph\":[{\"@type\":\"WebPage\",\"@id\":\"https:\/\/meripelastus.fi\/porvoo\/toiminta\/halytysohje\/\",\"url\":\"https:\/\/meripelastus.fi\/porvoo\/toiminta\/halytysohje\/\",\"name\":\"H\u00e4lytysohje \u2013 N\u00e4in h\u00e4lyt\u00e4t apua - Porvoon Meripelastajat\",\"isPartOf\":{\"@id\":\"https:\/\/meripelastus.fi\/porvoo\/#website\"},\"primaryImageOfPage\":{\"@id\":\"https:\/\/meripelastus.fi\/porvoo\/toiminta\/halytysohje\/#primaryimage\"},\"image\":{\"@id\":\"https:\/\/meripelastus.fi\/porvoo\/toiminta\/halytysohje\/#primaryimage\"},\"thumbnailUrl\":\"https:\/\/meripelastus.fi\/porvoo\/wp-content\/uploads\/sites\/24\/2019\/06\/secut_uus-9195.jpg\",\"datePublished\":\"2018-03-19T07:18:43+00:00\",\"dateModified\":\"2019-06-25T12:49:38+00:00\",\"breadcrumb\":{\"@id\":\"https:\/\/meripelastus.fi\/porvoo\/toiminta\/halytysohje\/#breadcrumb\"},\"inLanguage\":\"fi\",\"potentialAction\":[{\"@type\":\"ReadAction\",\"target\":[\"https:\/\/meripelastus.fi\/porvoo\/toiminta\/halytysohje\/\"]}]},{\"@type\":\"ImageObject\",\"inLanguage\":\"fi\",\"@id\":\"https:\/\/meripelastus.fi\/porvoo\/toiminta\/halytysohje\/#primaryimage\",\"url\":\"https:\/\/meripelastus.fi\/porvoo\/wp-content\/uploads\/sites\/24\/2019\/06\/secut_uus-9195.jpg\",\"contentUrl\":\"https:\/\/meripelastus.fi\/porvoo\/wp-content\/uploads\/sites\/24\/2019\/06\/secut_uus-9195.jpg\",\"width\":1600,\"height\":1067},{\"@type\":\"BreadcrumbList\",\"@id\":\"https:\/\/meripelastus.fi\/porvoo\/toiminta\/halytysohje\/#breadcrumb\",\"itemListElement\":[{\"@type\":\"ListItem\",\"position\":1,\"name\":\"Etusivu\",\"item\":\"https:\/\/meripelastus.fi\/porvoo\/\"},{\"@type\":\"ListItem\",\"position\":2,\"name\":\"Toiminta\",\"item\":\"https:\/\/meripelastus.fi\/porvoo\/toiminta\/\"},{\"@type\":\"ListItem\",\"position\":3,\"name\":\"H\u00e4lytysohje \u2013 N\u00e4in h\u00e4lyt\u00e4t apua\"}]},{\"@type\":\"WebSite\",\"@id\":\"https:\/\/meripelastus.fi\/porvoo\/#website\",\"url\":\"https:\/\/meripelastus.fi\/porvoo\/\",\"name\":\"Porvoon Meripelastajat\",\"description\":\"Vapaaehtoiset apunasi vesill\u00e4\",\"potentialAction\":[{\"@type\":\"SearchAction\",\"target\":{\"@type\":\"EntryPoint\",\"urlTemplate\":\"https:\/\/meripelastus.fi\/porvoo\/?s={search_term_string}\"},\"query-input\":{\"@type\":\"PropertyValueSpecification\",\"valueRequired\":true,\"valueName\":\"search_term_string\"}}],\"inLanguage\":\"fi\"}]}<\/script>\n<!-- \/ Yoast SEO Premium plugin. -->","yoast_head_json":{"title":"H\u00e4lytysohje \u2013 N\u00e4in h\u00e4lyt\u00e4t apua - Porvoon Meripelastajat","robots":{"index":"index","follow":"follow","max-snippet":"max-snippet:-1","max-image-preview":"max-image-preview:large","max-video-preview":"max-video-preview:-1"},"canonical":"https:\/\/meripelastus.fi\/porvoo\/toiminta\/halytysohje\/","og_locale":"fi_FI","og_type":"article","og_title":"H\u00e4lytysohje \u2013 N\u00e4in h\u00e4lyt\u00e4t apua","og_description":"Merell\u00e4 meripelastuksen h\u00e4t\u00e4numero 0294 1000 Sis\u00e4vesill\u00e4 112 VHF 16 \/ VHF-DSC 70 1. Kerro aluksesi nimi ja yhteystiedot 2. Kerro tarkka tapahtumapaikka 3. Kerro mit\u00e4 on tapahtunut 4. Montako ihmist\u00e4 on vaarassa, onko loukkaantuneita? 5. Kerro mit\u00e4 apua tarvitaan 6. \u00c4l\u00e4 katkaise yhteytt\u00e4 ennen kuin saat luvan Alarmvisning Sj\u00f6r\u00e4ddningens alarmnummer\u00a00294 1000 Allm\u00e4nt n\u00f6dnummer\u00a0112 Eller VHF-kanal\u00a016 [&hellip;]","og_url":"https:\/\/meripelastus.fi\/porvoo\/toiminta\/halytysohje\/","og_site_name":"Porvoon Meripelastajat","article_modified_time":"2019-06-25T12:49:38+00:00","og_image":[{"width":1600,"height":1067,"url":"https:\/\/meripelastus.fi\/porvoo\/wp-content\/uploads\/sites\/24\/2019\/06\/secut_uus-9195.jpg","type":"image\/jpeg"}],"twitter_card":"summary_large_image","twitter_misc":{"Arvioitu lukuaika":"1 minuutti"},"schema":{"@context":"https:\/\/schema.org","@graph":[{"@type":"WebPage","@id":"https:\/\/meripelastus.fi\/porvoo\/toiminta\/halytysohje\/","url":"https:\/\/meripelastus.fi\/porvoo\/toiminta\/halytysohje\/","name":"H\u00e4lytysohje \u2013 N\u00e4in h\u00e4lyt\u00e4t apua - Porvoon Meripelastajat","isPartOf":{"@id":"https:\/\/meripelastus.fi\/porvoo\/#website"},"primaryImageOfPage":{"@id":"https:\/\/meripelastus.fi\/porvoo\/toiminta\/halytysohje\/#primaryimage"},"image":{"@id":"https:\/\/meripelastus.fi\/porvoo\/toiminta\/halytysohje\/#primaryimage"},"thumbnailUrl":"https:\/\/meripelastus.fi\/porvoo\/wp-content\/uploads\/sites\/24\/2019\/06\/secut_uus-9195.jpg","datePublished":"2018-03-19T07:18:43+00:00","dateModified":"2019-06-25T12:49:38+00:00","breadcrumb":{"@id":"https:\/\/meripelastus.fi\/porvoo\/toiminta\/halytysohje\/#breadcrumb"},"inLanguage":"fi","potentialAction":[{"@type":"ReadAction","target":["https:\/\/meripelastus.fi\/porvoo\/toiminta\/halytysohje\/"]}]},{"@type":"ImageObject","inLanguage":"fi","@id":"https:\/\/meripelastus.fi\/porvoo\/toiminta\/halytysohje\/#primaryimage","url":"https:\/\/meripelastus.fi\/porvoo\/wp-content\/uploads\/sites\/24\/2019\/06\/secut_uus-9195.jpg","contentUrl":"https:\/\/meripelastus.fi\/porvoo\/wp-content\/uploads\/sites\/24\/2019\/06\/secut_uus-9195.jpg","width":1600,"height":1067},{"@type":"BreadcrumbList","@id":"https:\/\/meripelastus.fi\/porvoo\/toiminta\/halytysohje\/#breadcrumb","itemListElement":[{"@type":"ListItem","position":1,"name":"Etusivu","item":"https:\/\/meripelastus.fi\/porvoo\/"},{"@type":"ListItem","position":2,"name":"Toiminta","item":"https:\/\/meripelastus.fi\/porvoo\/toiminta\/"},{"@type":"ListItem","position":3,"name":"H\u00e4lytysohje \u2013 N\u00e4in h\u00e4lyt\u00e4t apua"}]},{"@type":"WebSite","@id":"https:\/\/meripelastus.fi\/porvoo\/#website","url":"https:\/\/meripelastus.fi\/porvoo\/","name":"Porvoon Meripelastajat","description":"Vapaaehtoiset apunasi vesill\u00e4","potentialAction":[{"@type":"SearchAction","target":{"@type":"EntryPoint","urlTemplate":"https:\/\/meripelastus.fi\/porvoo\/?s={search_term_string}"},"query-input":{"@type":"PropertyValueSpecification","valueRequired":true,"valueName":"search_term_string"}}],"inLanguage":"fi"}]}},"_links":{"self":[{"href":"https:\/\/meripelastus.fi\/porvoo\/wp-json\/wp\/v2\/pages\/22","targetHints":{"allow":["GET"]}}],"collection":[{"href":"https:\/\/meripelastus.fi\/porvoo\/wp-json\/wp\/v2\/pages"}],"about":[{"href":"https:\/\/meripelastus.fi\/porvoo\/wp-json\/wp\/v2\/types\/page"}],"author":[{"embeddable":true,"href":"https:\/\/meripelastus.fi\/porvoo\/wp-json\/wp\/v2\/users\/1"}],"replies":[{"embeddable":true,"href":"https:\/\/meripelastus.fi\/porvoo\/wp-json\/wp\/v2\/comments?post=22"}],"version-history":[{"count":15,"href":"https:\/\/meripelastus.fi\/porvoo\/wp-json\/wp\/v2\/pages\/22\/revisions"}],"predecessor-version":[{"id":316,"href":"https:\/\/meripelastus.fi\/porvoo\/wp-json\/wp\/v2\/pages\/22\/revisions\/316"}],"up":[{"embeddable":true,"href":"https:\/\/meripelastus.fi\/porvoo\/wp-json\/wp\/v2\/pages\/20"}],"wp:featuredmedia":[{"embeddable":true,"href":"https:\/\/meripelastus.fi\/porvoo\/wp-json\/wp\/v2\/media\/288"}],"wp:attachment":[{"href":"https:\/\/meripelastus.fi\/porvoo\/wp-json\/wp\/v2\/media?parent=22"}],"curies":[{"name":"wp","href":"https:\/\/api.w.org\/{rel}","templated":true}]}}