{"id":191,"date":"2019-06-13T22:27:37","date_gmt":"2019-06-13T19:27:37","guid":{"rendered":"https:\/\/meripelastus.fi\/porvoo-vedos\/?page_id=191"},"modified":"2019-06-27T09:27:35","modified_gmt":"2019-06-27T06:27:35","slug":"koulutus","status":"publish","type":"page","link":"https:\/\/meripelastus.fi\/porvoo\/toiminta\/koulutus\/","title":{"rendered":"Koulutus"},"content":{"rendered":"<p>Koulutamme miehist\u00f6mme yhteisty\u00f6ss\u00e4<span>\u00a0<\/span><a href=\"https:\/\/meripelastus.fi\/\" target=\"_blank\" rel=\"noopener noreferrer\">Suomen Meripelastusseuran<\/a>, viranomaisten ja muiden yhteisty\u00f6kumppaneiden kanssa noudattaen Suomen Meripelastusseuran<span>\u00a0<\/span><a href=\"https:\/\/meripelastus.fi\/koulutus\/\" target=\"_blank\" rel=\"noopener noreferrer\">koulutusj\u00e4rjestelm\u00e4\u00e4<\/a>.<\/p>\n<p>Vapaaehtoinen meripelastus on vaativa, mutta antoisa harrastus. Meri osaa olla armoton my\u00f6s pelastajalle. Muiden vesill\u00e4liikkujien auttaminen ankarissa s\u00e4\u00e4oloissa edellytt\u00e4\u00e4 miehist\u00f6n ja kaluston huippukuntoa. Koulutamme miehist\u00f6mme my\u00f6s oman turvallisuutensa varmistamiseksi.<\/p>\n<p>Vapaaehtoiselta meripelastajalta vaaditaan normaali fyysinen kunto, uimataito, vastuullinen asenne sek\u00e4 todellinen halu ja mahdollisuus sitoutua toimintaan.<\/p>\n<p><strong>Tulokas\u2013 ja harjoittelijakoulutus<\/strong><\/p>\n<p>Tulokas- ja harjoittelijakoulutuksessa annetaan perusvalmiudet aluksen miehist\u00f6ss\u00e4 toimimiseen. Koulutusjakson aikana tutustutaan meripelastusj\u00e4rjestelm\u00e4\u00e4n, toimintatapoihin ja turvallisuuss\u00e4\u00e4nt\u00f6ihin. Lis\u00e4ksi tulokas- ja harjoittelijajaksot sis\u00e4lt\u00e4v\u00e4t henkil\u00f6kohtaiseen pelastautumiseen, merimiestaitoihin, meripelastustaitoihin, palontorjuntaan, viestiliikenteeseen sek\u00e4 ensiapuun liittyv\u00e4\u00e4 koulutusta.<\/p>\n<p><strong>Kansimies\u2013 ja konemieskoulutus<\/strong><\/p>\n<p>Kansimieskoulutus antaa valmiudet itsen\u00e4iseen toimintaan meripelastusaluksen miehist\u00f6ss\u00e4. Koulutuksen aikana syvennet\u00e4\u00e4n harjoittelijakoulutuksessa opittuja taitoja ja perehdyt\u00e4\u00e4n laajasti meripelastusteht\u00e4vien hoitamiseen. Kansimiehen on kyett\u00e4v\u00e4 suoriutumaan niin kansit\u00f6ist\u00e4, ruorinpidosta, apuveneen k\u00e4sittelyst\u00e4 kuin pelastusteht\u00e4vien k\u00e4yt\u00e4nn\u00f6n toteuttamisesta sek\u00e4 osittain my\u00f6s viestiliikenteest\u00e4 ja navigoinnista.<\/p>\n<p>Konemieskoulutuksen teht\u00e4v\u00e4n\u00e4 on antaa perustiedot aluksen tekniikkaan ja kunnossapitoon liittyvist\u00e4 asioista. Konemies huolehtii aluksen moottoreiden valvonnasta sen ollessa kulussa ja osaa suorittaa pikkukorjauksia ja muita kunnossapitot\u00f6it\u00e4.<\/p>\n<p><strong>P\u00e4\u00e4llyst\u00f6koulutus<\/strong><\/p>\n<p>Per\u00e4mieskoulutuksessa perehdyt\u00e4\u00e4n vapaaehtoisen meripelastusyksik\u00f6n toimintaan kokonaisuutena. Erityisen\u00e4 painopistealueena on monipuolinen valmistautuminen vastuunottoon miehist\u00f6n johtamisesta ja navigoinnista. Per\u00e4mies-nimityksen saanut on valmis toimiman vahtip\u00e4\u00e4llikk\u00f6n\u00e4 aluksella.<\/p>\n<p>P\u00e4\u00e4llikk\u00f6koulutuksessa olevalle annetaan valmiudet aluksen toiminnasta vastaamiseen. P\u00e4\u00e4llik\u00f6n tulee hallita kaikki vapaaehtoisyksik\u00f6n perustoiminnot ja pysty\u00e4 ottamaan kokonaisvastuu aluksesta, miehist\u00f6st\u00e4 ja meripelastusteht\u00e4vien suorittamisesta.<\/p>\n<p><a class=\"link-arrow\" href=\"https:\/\/meripelastus.fi\/porvoo\/toiminta\/alukset\/\">Tutustu aluksiimme<\/a><\/p>\n","protected":false},"excerpt":{"rendered":"<p>Koulutamme miehist\u00f6mme yhteisty\u00f6ss\u00e4\u00a0Suomen Meripelastusseuran, viranomaisten ja muiden yhteisty\u00f6kumppaneiden kanssa noudattaen Suomen Meripelastusseuran\u00a0koulutusj\u00e4rjestelm\u00e4\u00e4. Vapaaehtoinen meripelastus on vaativa, mutta antoisa harrastus. Meri osaa olla armoton my\u00f6s pelastajalle. Muiden vesill\u00e4liikkujien auttaminen ankarissa s\u00e4\u00e4oloissa edellytt\u00e4\u00e4 miehist\u00f6n ja kaluston huippukuntoa. Koulutamme miehist\u00f6mme my\u00f6s oman turvallisuutensa varmistamiseksi. Vapaaehtoiselta meripelastajalta vaaditaan normaali fyysinen kunto, uimataito, vastuullinen asenne sek\u00e4 todellinen halu ja mahdollisuus [&hellip;]<\/p>\n","protected":false},"author":48,"featured_media":254,"parent":20,"menu_order":0,"comment_status":"closed","ping_status":"closed","template":"","meta":{"_acf_changed":false,"inline_featured_image":false,"footnotes":""},"class_list":["post-191","page","type-page","status-publish","has-post-thumbnail","hentry"],"acf":[],"yoast_head":"<!-- This site is optimized with the Yoast SEO Premium plugin v27.2 (Yoast SEO v27.2) - https:\/\/yoast.com\/product\/yoast-seo-premium-wordpress\/ -->\n<title>Koulutus - Porvoon Meripelastajat<\/title>\n<meta name=\"robots\" content=\"index, follow, max-snippet:-1, max-image-preview:large, max-video-preview:-1\" \/>\n<link rel=\"canonical\" href=\"https:\/\/meripelastus.fi\/porvoo\/toiminta\/koulutus\/\" \/>\n<meta property=\"og:locale\" content=\"fi_FI\" \/>\n<meta property=\"og:type\" content=\"article\" \/>\n<meta property=\"og:title\" content=\"Koulutus\" \/>\n<meta property=\"og:description\" content=\"Koulutamme miehist\u00f6mme yhteisty\u00f6ss\u00e4\u00a0Suomen Meripelastusseuran, viranomaisten ja muiden yhteisty\u00f6kumppaneiden kanssa noudattaen Suomen Meripelastusseuran\u00a0koulutusj\u00e4rjestelm\u00e4\u00e4. Vapaaehtoinen meripelastus on vaativa, mutta antoisa harrastus. Meri osaa olla armoton my\u00f6s pelastajalle. Muiden vesill\u00e4liikkujien auttaminen ankarissa s\u00e4\u00e4oloissa edellytt\u00e4\u00e4 miehist\u00f6n ja kaluston huippukuntoa. Koulutamme miehist\u00f6mme my\u00f6s oman turvallisuutensa varmistamiseksi. Vapaaehtoiselta meripelastajalta vaaditaan normaali fyysinen kunto, uimataito, vastuullinen asenne sek\u00e4 todellinen halu ja mahdollisuus [&hellip;]\" \/>\n<meta property=\"og:url\" content=\"https:\/\/meripelastus.fi\/porvoo\/toiminta\/koulutus\/\" \/>\n<meta property=\"og:site_name\" content=\"Porvoon Meripelastajat\" \/>\n<meta property=\"article:modified_time\" content=\"2019-06-27T06:27:35+00:00\" \/>\n<meta property=\"og:image\" content=\"https:\/\/meripelastus.fi\/porvoo\/wp-content\/uploads\/sites\/24\/2019\/06\/secu_-8700.jpg\" \/>\n\t<meta property=\"og:image:width\" content=\"1600\" \/>\n\t<meta property=\"og:image:height\" content=\"1068\" \/>\n\t<meta property=\"og:image:type\" content=\"image\/jpeg\" \/>\n<meta name=\"twitter:card\" content=\"summary_large_image\" \/>\n<meta name=\"twitter:label1\" content=\"Arvioitu lukuaika\" \/>\n\t<meta name=\"twitter:data1\" content=\"1 minuutti\" \/>\n<script type=\"application\/ld+json\" class=\"yoast-schema-graph\">{\"@context\":\"https:\/\/schema.org\",\"@graph\":[{\"@type\":\"WebPage\",\"@id\":\"https:\/\/meripelastus.fi\/porvoo\/toiminta\/koulutus\/\",\"url\":\"https:\/\/meripelastus.fi\/porvoo\/toiminta\/koulutus\/\",\"name\":\"Koulutus - Porvoon Meripelastajat\",\"isPartOf\":{\"@id\":\"https:\/\/meripelastus.fi\/porvoo\/#website\"},\"primaryImageOfPage\":{\"@id\":\"https:\/\/meripelastus.fi\/porvoo\/toiminta\/koulutus\/#primaryimage\"},\"image\":{\"@id\":\"https:\/\/meripelastus.fi\/porvoo\/toiminta\/koulutus\/#primaryimage\"},\"thumbnailUrl\":\"https:\/\/meripelastus.fi\/porvoo\/wp-content\/uploads\/sites\/24\/2019\/06\/secu_-8700.jpg\",\"datePublished\":\"2019-06-13T19:27:37+00:00\",\"dateModified\":\"2019-06-27T06:27:35+00:00\",\"breadcrumb\":{\"@id\":\"https:\/\/meripelastus.fi\/porvoo\/toiminta\/koulutus\/#breadcrumb\"},\"inLanguage\":\"fi\",\"potentialAction\":[{\"@type\":\"ReadAction\",\"target\":[\"https:\/\/meripelastus.fi\/porvoo\/toiminta\/koulutus\/\"]}]},{\"@type\":\"ImageObject\",\"inLanguage\":\"fi\",\"@id\":\"https:\/\/meripelastus.fi\/porvoo\/toiminta\/koulutus\/#primaryimage\",\"url\":\"https:\/\/meripelastus.fi\/porvoo\/wp-content\/uploads\/sites\/24\/2019\/06\/secu_-8700.jpg\",\"contentUrl\":\"https:\/\/meripelastus.fi\/porvoo\/wp-content\/uploads\/sites\/24\/2019\/06\/secu_-8700.jpg\",\"width\":1600,\"height\":1068},{\"@type\":\"BreadcrumbList\",\"@id\":\"https:\/\/meripelastus.fi\/porvoo\/toiminta\/koulutus\/#breadcrumb\",\"itemListElement\":[{\"@type\":\"ListItem\",\"position\":1,\"name\":\"Etusivu\",\"item\":\"https:\/\/meripelastus.fi\/porvoo\/\"},{\"@type\":\"ListItem\",\"position\":2,\"name\":\"Toiminta\",\"item\":\"https:\/\/meripelastus.fi\/porvoo\/toiminta\/\"},{\"@type\":\"ListItem\",\"position\":3,\"name\":\"Koulutus\"}]},{\"@type\":\"WebSite\",\"@id\":\"https:\/\/meripelastus.fi\/porvoo\/#website\",\"url\":\"https:\/\/meripelastus.fi\/porvoo\/\",\"name\":\"Porvoon Meripelastajat\",\"description\":\"Vapaaehtoiset apunasi vesill\u00e4\",\"potentialAction\":[{\"@type\":\"SearchAction\",\"target\":{\"@type\":\"EntryPoint\",\"urlTemplate\":\"https:\/\/meripelastus.fi\/porvoo\/?s={search_term_string}\"},\"query-input\":{\"@type\":\"PropertyValueSpecification\",\"valueRequired\":true,\"valueName\":\"search_term_string\"}}],\"inLanguage\":\"fi\"}]}<\/script>\n<!-- \/ Yoast SEO Premium plugin. -->","yoast_head_json":{"title":"Koulutus - Porvoon Meripelastajat","robots":{"index":"index","follow":"follow","max-snippet":"max-snippet:-1","max-image-preview":"max-image-preview:large","max-video-preview":"max-video-preview:-1"},"canonical":"https:\/\/meripelastus.fi\/porvoo\/toiminta\/koulutus\/","og_locale":"fi_FI","og_type":"article","og_title":"Koulutus","og_description":"Koulutamme miehist\u00f6mme yhteisty\u00f6ss\u00e4\u00a0Suomen Meripelastusseuran, viranomaisten ja muiden yhteisty\u00f6kumppaneiden kanssa noudattaen Suomen Meripelastusseuran\u00a0koulutusj\u00e4rjestelm\u00e4\u00e4. Vapaaehtoinen meripelastus on vaativa, mutta antoisa harrastus. Meri osaa olla armoton my\u00f6s pelastajalle. Muiden vesill\u00e4liikkujien auttaminen ankarissa s\u00e4\u00e4oloissa edellytt\u00e4\u00e4 miehist\u00f6n ja kaluston huippukuntoa. Koulutamme miehist\u00f6mme my\u00f6s oman turvallisuutensa varmistamiseksi. Vapaaehtoiselta meripelastajalta vaaditaan normaali fyysinen kunto, uimataito, vastuullinen asenne sek\u00e4 todellinen halu ja mahdollisuus [&hellip;]","og_url":"https:\/\/meripelastus.fi\/porvoo\/toiminta\/koulutus\/","og_site_name":"Porvoon Meripelastajat","article_modified_time":"2019-06-27T06:27:35+00:00","og_image":[{"width":1600,"height":1068,"url":"https:\/\/meripelastus.fi\/porvoo\/wp-content\/uploads\/sites\/24\/2019\/06\/secu_-8700.jpg","type":"image\/jpeg"}],"twitter_card":"summary_large_image","twitter_misc":{"Arvioitu lukuaika":"1 minuutti"},"schema":{"@context":"https:\/\/schema.org","@graph":[{"@type":"WebPage","@id":"https:\/\/meripelastus.fi\/porvoo\/toiminta\/koulutus\/","url":"https:\/\/meripelastus.fi\/porvoo\/toiminta\/koulutus\/","name":"Koulutus - Porvoon Meripelastajat","isPartOf":{"@id":"https:\/\/meripelastus.fi\/porvoo\/#website"},"primaryImageOfPage":{"@id":"https:\/\/meripelastus.fi\/porvoo\/toiminta\/koulutus\/#primaryimage"},"image":{"@id":"https:\/\/meripelastus.fi\/porvoo\/toiminta\/koulutus\/#primaryimage"},"thumbnailUrl":"https:\/\/meripelastus.fi\/porvoo\/wp-content\/uploads\/sites\/24\/2019\/06\/secu_-8700.jpg","datePublished":"2019-06-13T19:27:37+00:00","dateModified":"2019-06-27T06:27:35+00:00","breadcrumb":{"@id":"https:\/\/meripelastus.fi\/porvoo\/toiminta\/koulutus\/#breadcrumb"},"inLanguage":"fi","potentialAction":[{"@type":"ReadAction","target":["https:\/\/meripelastus.fi\/porvoo\/toiminta\/koulutus\/"]}]},{"@type":"ImageObject","inLanguage":"fi","@id":"https:\/\/meripelastus.fi\/porvoo\/toiminta\/koulutus\/#primaryimage","url":"https:\/\/meripelastus.fi\/porvoo\/wp-content\/uploads\/sites\/24\/2019\/06\/secu_-8700.jpg","contentUrl":"https:\/\/meripelastus.fi\/porvoo\/wp-content\/uploads\/sites\/24\/2019\/06\/secu_-8700.jpg","width":1600,"height":1068},{"@type":"BreadcrumbList","@id":"https:\/\/meripelastus.fi\/porvoo\/toiminta\/koulutus\/#breadcrumb","itemListElement":[{"@type":"ListItem","position":1,"name":"Etusivu","item":"https:\/\/meripelastus.fi\/porvoo\/"},{"@type":"ListItem","position":2,"name":"Toiminta","item":"https:\/\/meripelastus.fi\/porvoo\/toiminta\/"},{"@type":"ListItem","position":3,"name":"Koulutus"}]},{"@type":"WebSite","@id":"https:\/\/meripelastus.fi\/porvoo\/#website","url":"https:\/\/meripelastus.fi\/porvoo\/","name":"Porvoon Meripelastajat","description":"Vapaaehtoiset apunasi vesill\u00e4","potentialAction":[{"@type":"SearchAction","target":{"@type":"EntryPoint","urlTemplate":"https:\/\/meripelastus.fi\/porvoo\/?s={search_term_string}"},"query-input":{"@type":"PropertyValueSpecification","valueRequired":true,"valueName":"search_term_string"}}],"inLanguage":"fi"}]}},"_links":{"self":[{"href":"https:\/\/meripelastus.fi\/porvoo\/wp-json\/wp\/v2\/pages\/191","targetHints":{"allow":["GET"]}}],"collection":[{"href":"https:\/\/meripelastus.fi\/porvoo\/wp-json\/wp\/v2\/pages"}],"about":[{"href":"https:\/\/meripelastus.fi\/porvoo\/wp-json\/wp\/v2\/types\/page"}],"author":[{"embeddable":true,"href":"https:\/\/meripelastus.fi\/porvoo\/wp-json\/wp\/v2\/users\/48"}],"replies":[{"embeddable":true,"href":"https:\/\/meripelastus.fi\/porvoo\/wp-json\/wp\/v2\/comments?post=191"}],"version-history":[{"count":8,"href":"https:\/\/meripelastus.fi\/porvoo\/wp-json\/wp\/v2\/pages\/191\/revisions"}],"predecessor-version":[{"id":352,"href":"https:\/\/meripelastus.fi\/porvoo\/wp-json\/wp\/v2\/pages\/191\/revisions\/352"}],"up":[{"embeddable":true,"href":"https:\/\/meripelastus.fi\/porvoo\/wp-json\/wp\/v2\/pages\/20"}],"wp:featuredmedia":[{"embeddable":true,"href":"https:\/\/meripelastus.fi\/porvoo\/wp-json\/wp\/v2\/media\/254"}],"wp:attachment":[{"href":"https:\/\/meripelastus.fi\/porvoo\/wp-json\/wp\/v2\/media?parent=191"}],"curies":[{"name":"wp","href":"https:\/\/api.w.org\/{rel}","templated":true}]}}