{"id":8,"date":"2018-03-19T09:16:29","date_gmt":"2018-03-19T07:16:29","guid":{"rendered":"http:\/\/basetemplate.smpsyhdistykset.16.testivedos.com\/?page_id=8"},"modified":"2023-11-08T16:21:21","modified_gmt":"2023-11-08T14:21:21","slug":"tietoa-meista","status":"publish","type":"page","link":"https:\/\/meripelastus.fi\/porkkala\/porkkalan-meripelastajat\/tietoa-meista\/","title":{"rendered":"Aina valmiina auttamaan vapaaehtoisesti"},"content":{"rendered":"\n<p>Meripelastuksessa t\u00e4rkeint\u00e4 on ihmishenkien pelastaminen. Toimimme yhteisty\u00f6ss\u00e4 <a href=\"http:\/\/www.merivartiosto.fi\/rvl\/slmv\/home.nsf\" target=\"_blank\" rel=\"noopener noreferrer\"> Merivartioston<\/a> ja <a href=\"http:\/\/www.112.fi\/\" target=\"_blank\" rel=\"noopener noreferrer\">H\u00e4t\u00e4keskuksen<\/a> kanssa. Vakavia h\u00e4t\u00e4tilanteita sattuu alueellamme onneksi harvoin, mutta kiireett\u00f6m\u00e4mpi\u00e4 havereita usein.<\/p>\n\n\n\n<p>Teht\u00e4viimme kuuluu muun muassa karilleajon tai konevian vuoksi toimintakyvytt\u00f6mien veneiden hinaukset. Valtaosa kaikista avuntarvitsijoista on huviveneilij\u00f6it\u00e4, jotka yll\u00e4tt\u00e4\u00e4 esimerkiksi tekninen vika tai polttoaineen loppuminen. Lis\u00e4ksi autamme viranomaisia etsinn\u00f6iss\u00e4 ja suoritamme sairaankuljetuksia merialueella.<\/p>\n\n\n\n<p>Olemme sopimuspalokunta ja aluksillamme on siirrett\u00e4v\u00e4\u00e4 sammutus- ja pumppauskalustoa, jota k\u00e4yt\u00e4mme <a href=\"http:\/\/www.lup.fi\/fi-FI\" target=\"_blank\" rel=\"noopener noreferrer\">L\u00e4nsi-Uudenmaan Pelastuslaitoksen<\/a> johdolla.<\/p>\n\n\n\n<p>Avovesikaudella miehist\u00f6mme on l\u00e4ht\u00f6valmiudessa ymp\u00e4ri vuorokauden. Meid\u00e4n h\u00e4lytet\u00e4\u00e4n teht\u00e4ville joko Trossi-palvelun kautta, suoraan kansalaisen yhteydenoton perusteella, meripelastuskeskuksen tai h\u00e4t\u00e4keskuksen h\u00e4lytt\u00e4m\u00e4n\u00e4.<\/p>\n\n\n\n<p>Yhdistyksen tukikohta sijaitsee Upinniemess\u00e4 keskeisell\u00e4 paikalla p\u00e4ivystysaluetta. Tukikohdan sijainti mahdollistaa lyhyet vasteajat kaikkialle alueelle.<\/p>\n\n\n\n<p>Osaamme auttaa my\u00f6s monessa muussa paikallistuntemusta vaativassa asiassa, kuten tapahtumien turvaveneteht\u00e4viss\u00e4. Aina saa maksutta kysy\u00e4 neuvoa ! Jos emme itse tied\u00e4, varmasti l\u00f6yd\u00e4mme jonkun joka tiet\u00e4\u00e4 !<\/p>\n\n\n\n<p>P\u00e4ivyst\u00e4v\u00e4n p\u00e4\u00e4llikk\u00f6mme saa kiinni numerosta <strong>040&nbsp;757 8966<\/strong><\/p>\n\n\n\n<h3 class=\"wp-block-heading\">Haluatko tukea toimintaamme?<\/h3>\n\n\n\n<p>Liity <a href=\"https:\/\/meripelastus.fi\/porkkala\/kannatusjasen\/\">kannatusj\u00e4seneksi<\/a> tai ota veneellesi <a href=\"http:\/\/www.trossi.fi\">Trossi-j\u00e4senyys, valitse yhdistykseksi Porkkalan meripelastajat<\/a>. Yritykset tai yhteis\u00f6t voivat liitty\u00e4 <a href=\"https:\/\/meripelastus.fi\/porkkala\/yhteisojasen\/\">yhteis\u00f6j\u00e4seneksi<\/a>.<\/p>\n","protected":false},"excerpt":{"rendered":"<p>Meripelastuksessa t\u00e4rkeint\u00e4 on ihmishenkien pelastaminen. Toimimme yhteisty\u00f6ss\u00e4 Merivartioston ja H\u00e4t\u00e4keskuksen kanssa. Vakavia h\u00e4t\u00e4tilanteita sattuu alueellamme onneksi harvoin, mutta kiireett\u00f6m\u00e4mpi\u00e4 havereita usein. Teht\u00e4viimme kuuluu muun muassa karilleajon tai konevian vuoksi toimintakyvytt\u00f6mien veneiden hinaukset. Valtaosa kaikista avuntarvitsijoista on huviveneilij\u00f6it\u00e4, jotka yll\u00e4tt\u00e4\u00e4 esimerkiksi tekninen vika tai polttoaineen loppuminen. Lis\u00e4ksi autamme viranomaisia etsinn\u00f6iss\u00e4 ja suoritamme sairaankuljetuksia merialueella. Olemme sopimuspalokunta [&hellip;]<\/p>\n","protected":false},"author":1,"featured_media":1334,"parent":6,"menu_order":0,"comment_status":"closed","ping_status":"closed","template":"","meta":{"_acf_changed":false,"inline_featured_image":false,"footnotes":""},"class_list":["post-8","page","type-page","status-publish","has-post-thumbnail","hentry"],"acf":[],"yoast_head":"<!-- This site is optimized with the Yoast SEO Premium plugin v27.2 (Yoast SEO v27.2) - https:\/\/yoast.com\/product\/yoast-seo-premium-wordpress\/ -->\n<title>Aina valmiina auttamaan vapaaehtoisesti - Porkkalan meripelastajat<\/title>\n<meta name=\"robots\" content=\"index, follow, max-snippet:-1, max-image-preview:large, max-video-preview:-1\" \/>\n<link rel=\"canonical\" href=\"https:\/\/meripelastus.fi\/porkkala\/porkkalan-meripelastajat\/tietoa-meista\/\" \/>\n<meta property=\"og:locale\" content=\"fi_FI\" \/>\n<meta property=\"og:type\" content=\"article\" \/>\n<meta property=\"og:title\" content=\"Aina valmiina auttamaan vapaaehtoisesti\" \/>\n<meta property=\"og:description\" content=\"Meripelastuksessa t\u00e4rkeint\u00e4 on ihmishenkien pelastaminen. Toimimme yhteisty\u00f6ss\u00e4 Merivartioston ja H\u00e4t\u00e4keskuksen kanssa. Vakavia h\u00e4t\u00e4tilanteita sattuu alueellamme onneksi harvoin, mutta kiireett\u00f6m\u00e4mpi\u00e4 havereita usein. Teht\u00e4viimme kuuluu muun muassa karilleajon tai konevian vuoksi toimintakyvytt\u00f6mien veneiden hinaukset. Valtaosa kaikista avuntarvitsijoista on huviveneilij\u00f6it\u00e4, jotka yll\u00e4tt\u00e4\u00e4 esimerkiksi tekninen vika tai polttoaineen loppuminen. Lis\u00e4ksi autamme viranomaisia etsinn\u00f6iss\u00e4 ja suoritamme sairaankuljetuksia merialueella. Olemme sopimuspalokunta [&hellip;]\" \/>\n<meta property=\"og:url\" content=\"https:\/\/meripelastus.fi\/porkkala\/porkkalan-meripelastajat\/tietoa-meista\/\" \/>\n<meta property=\"og:site_name\" content=\"Porkkalan meripelastajat\" \/>\n<meta property=\"article:modified_time\" content=\"2023-11-08T14:21:21+00:00\" \/>\n<meta property=\"og:image\" content=\"https:\/\/meripelastus.fi\/porkkala\/wp-content\/uploads\/sites\/30\/2020\/03\/Uponnut-vene-Porkkalan-kaupalla-tyhjennys-guided-Aki.jpg\" \/>\n\t<meta property=\"og:image:width\" content=\"1632\" \/>\n\t<meta property=\"og:image:height\" content=\"701\" \/>\n\t<meta property=\"og:image:type\" content=\"image\/jpeg\" \/>\n<meta name=\"twitter:card\" content=\"summary_large_image\" \/>\n<meta name=\"twitter:label1\" content=\"Arvioitu lukuaika\" \/>\n\t<meta name=\"twitter:data1\" content=\"1 minuutti\" \/>\n<script type=\"application\/ld+json\" class=\"yoast-schema-graph\">{\"@context\":\"https:\/\/schema.org\",\"@graph\":[{\"@type\":\"WebPage\",\"@id\":\"https:\/\/meripelastus.fi\/porkkala\/porkkalan-meripelastajat\/tietoa-meista\/\",\"url\":\"https:\/\/meripelastus.fi\/porkkala\/porkkalan-meripelastajat\/tietoa-meista\/\",\"name\":\"Aina valmiina auttamaan vapaaehtoisesti - Porkkalan meripelastajat\",\"isPartOf\":{\"@id\":\"https:\/\/meripelastus.fi\/porkkala\/#website\"},\"primaryImageOfPage\":{\"@id\":\"https:\/\/meripelastus.fi\/porkkala\/porkkalan-meripelastajat\/tietoa-meista\/#primaryimage\"},\"image\":{\"@id\":\"https:\/\/meripelastus.fi\/porkkala\/porkkalan-meripelastajat\/tietoa-meista\/#primaryimage\"},\"thumbnailUrl\":\"https:\/\/meripelastus.fi\/porkkala\/wp-content\/uploads\/sites\/30\/2020\/03\/Uponnut-vene-Porkkalan-kaupalla-tyhjennys-guided-Aki.jpg\",\"datePublished\":\"2018-03-19T07:16:29+00:00\",\"dateModified\":\"2023-11-08T14:21:21+00:00\",\"breadcrumb\":{\"@id\":\"https:\/\/meripelastus.fi\/porkkala\/porkkalan-meripelastajat\/tietoa-meista\/#breadcrumb\"},\"inLanguage\":\"fi\",\"potentialAction\":[{\"@type\":\"ReadAction\",\"target\":[\"https:\/\/meripelastus.fi\/porkkala\/porkkalan-meripelastajat\/tietoa-meista\/\"]}]},{\"@type\":\"ImageObject\",\"inLanguage\":\"fi\",\"@id\":\"https:\/\/meripelastus.fi\/porkkala\/porkkalan-meripelastajat\/tietoa-meista\/#primaryimage\",\"url\":\"https:\/\/meripelastus.fi\/porkkala\/wp-content\/uploads\/sites\/30\/2020\/03\/Uponnut-vene-Porkkalan-kaupalla-tyhjennys-guided-Aki.jpg\",\"contentUrl\":\"https:\/\/meripelastus.fi\/porkkala\/wp-content\/uploads\/sites\/30\/2020\/03\/Uponnut-vene-Porkkalan-kaupalla-tyhjennys-guided-Aki.jpg\",\"width\":1632,\"height\":701},{\"@type\":\"BreadcrumbList\",\"@id\":\"https:\/\/meripelastus.fi\/porkkala\/porkkalan-meripelastajat\/tietoa-meista\/#breadcrumb\",\"itemListElement\":[{\"@type\":\"ListItem\",\"position\":1,\"name\":\"Home\",\"item\":\"https:\/\/meripelastus.fi\/porkkala\/\"},{\"@type\":\"ListItem\",\"position\":2,\"name\":\"Porkkalan meripelastajat\",\"item\":\"https:\/\/meripelastus.fi\/porkkala\/porkkalan-meripelastajat\/\"},{\"@type\":\"ListItem\",\"position\":3,\"name\":\"Aina valmiina auttamaan vapaaehtoisesti\"}]},{\"@type\":\"WebSite\",\"@id\":\"https:\/\/meripelastus.fi\/porkkala\/#website\",\"url\":\"https:\/\/meripelastus.fi\/porkkala\/\",\"name\":\"Porkkalan meripelastajat\",\"description\":\"Vapaaehtoiset apunasi vesill\u00e4\",\"potentialAction\":[{\"@type\":\"SearchAction\",\"target\":{\"@type\":\"EntryPoint\",\"urlTemplate\":\"https:\/\/meripelastus.fi\/porkkala\/?s={search_term_string}\"},\"query-input\":{\"@type\":\"PropertyValueSpecification\",\"valueRequired\":true,\"valueName\":\"search_term_string\"}}],\"inLanguage\":\"fi\"}]}<\/script>\n<!-- \/ Yoast SEO Premium plugin. -->","yoast_head_json":{"title":"Aina valmiina auttamaan vapaaehtoisesti - Porkkalan meripelastajat","robots":{"index":"index","follow":"follow","max-snippet":"max-snippet:-1","max-image-preview":"max-image-preview:large","max-video-preview":"max-video-preview:-1"},"canonical":"https:\/\/meripelastus.fi\/porkkala\/porkkalan-meripelastajat\/tietoa-meista\/","og_locale":"fi_FI","og_type":"article","og_title":"Aina valmiina auttamaan vapaaehtoisesti","og_description":"Meripelastuksessa t\u00e4rkeint\u00e4 on ihmishenkien pelastaminen. Toimimme yhteisty\u00f6ss\u00e4 Merivartioston ja H\u00e4t\u00e4keskuksen kanssa. Vakavia h\u00e4t\u00e4tilanteita sattuu alueellamme onneksi harvoin, mutta kiireett\u00f6m\u00e4mpi\u00e4 havereita usein. Teht\u00e4viimme kuuluu muun muassa karilleajon tai konevian vuoksi toimintakyvytt\u00f6mien veneiden hinaukset. Valtaosa kaikista avuntarvitsijoista on huviveneilij\u00f6it\u00e4, jotka yll\u00e4tt\u00e4\u00e4 esimerkiksi tekninen vika tai polttoaineen loppuminen. Lis\u00e4ksi autamme viranomaisia etsinn\u00f6iss\u00e4 ja suoritamme sairaankuljetuksia merialueella. Olemme sopimuspalokunta [&hellip;]","og_url":"https:\/\/meripelastus.fi\/porkkala\/porkkalan-meripelastajat\/tietoa-meista\/","og_site_name":"Porkkalan meripelastajat","article_modified_time":"2023-11-08T14:21:21+00:00","og_image":[{"width":1632,"height":701,"url":"https:\/\/meripelastus.fi\/porkkala\/wp-content\/uploads\/sites\/30\/2020\/03\/Uponnut-vene-Porkkalan-kaupalla-tyhjennys-guided-Aki.jpg","type":"image\/jpeg"}],"twitter_card":"summary_large_image","twitter_misc":{"Arvioitu lukuaika":"1 minuutti"},"schema":{"@context":"https:\/\/schema.org","@graph":[{"@type":"WebPage","@id":"https:\/\/meripelastus.fi\/porkkala\/porkkalan-meripelastajat\/tietoa-meista\/","url":"https:\/\/meripelastus.fi\/porkkala\/porkkalan-meripelastajat\/tietoa-meista\/","name":"Aina valmiina auttamaan vapaaehtoisesti - Porkkalan meripelastajat","isPartOf":{"@id":"https:\/\/meripelastus.fi\/porkkala\/#website"},"primaryImageOfPage":{"@id":"https:\/\/meripelastus.fi\/porkkala\/porkkalan-meripelastajat\/tietoa-meista\/#primaryimage"},"image":{"@id":"https:\/\/meripelastus.fi\/porkkala\/porkkalan-meripelastajat\/tietoa-meista\/#primaryimage"},"thumbnailUrl":"https:\/\/meripelastus.fi\/porkkala\/wp-content\/uploads\/sites\/30\/2020\/03\/Uponnut-vene-Porkkalan-kaupalla-tyhjennys-guided-Aki.jpg","datePublished":"2018-03-19T07:16:29+00:00","dateModified":"2023-11-08T14:21:21+00:00","breadcrumb":{"@id":"https:\/\/meripelastus.fi\/porkkala\/porkkalan-meripelastajat\/tietoa-meista\/#breadcrumb"},"inLanguage":"fi","potentialAction":[{"@type":"ReadAction","target":["https:\/\/meripelastus.fi\/porkkala\/porkkalan-meripelastajat\/tietoa-meista\/"]}]},{"@type":"ImageObject","inLanguage":"fi","@id":"https:\/\/meripelastus.fi\/porkkala\/porkkalan-meripelastajat\/tietoa-meista\/#primaryimage","url":"https:\/\/meripelastus.fi\/porkkala\/wp-content\/uploads\/sites\/30\/2020\/03\/Uponnut-vene-Porkkalan-kaupalla-tyhjennys-guided-Aki.jpg","contentUrl":"https:\/\/meripelastus.fi\/porkkala\/wp-content\/uploads\/sites\/30\/2020\/03\/Uponnut-vene-Porkkalan-kaupalla-tyhjennys-guided-Aki.jpg","width":1632,"height":701},{"@type":"BreadcrumbList","@id":"https:\/\/meripelastus.fi\/porkkala\/porkkalan-meripelastajat\/tietoa-meista\/#breadcrumb","itemListElement":[{"@type":"ListItem","position":1,"name":"Home","item":"https:\/\/meripelastus.fi\/porkkala\/"},{"@type":"ListItem","position":2,"name":"Porkkalan meripelastajat","item":"https:\/\/meripelastus.fi\/porkkala\/porkkalan-meripelastajat\/"},{"@type":"ListItem","position":3,"name":"Aina valmiina auttamaan vapaaehtoisesti"}]},{"@type":"WebSite","@id":"https:\/\/meripelastus.fi\/porkkala\/#website","url":"https:\/\/meripelastus.fi\/porkkala\/","name":"Porkkalan meripelastajat","description":"Vapaaehtoiset apunasi vesill\u00e4","potentialAction":[{"@type":"SearchAction","target":{"@type":"EntryPoint","urlTemplate":"https:\/\/meripelastus.fi\/porkkala\/?s={search_term_string}"},"query-input":{"@type":"PropertyValueSpecification","valueRequired":true,"valueName":"search_term_string"}}],"inLanguage":"fi"}]}},"_links":{"self":[{"href":"https:\/\/meripelastus.fi\/porkkala\/wp-json\/wp\/v2\/pages\/8","targetHints":{"allow":["GET"]}}],"collection":[{"href":"https:\/\/meripelastus.fi\/porkkala\/wp-json\/wp\/v2\/pages"}],"about":[{"href":"https:\/\/meripelastus.fi\/porkkala\/wp-json\/wp\/v2\/types\/page"}],"author":[{"embeddable":true,"href":"https:\/\/meripelastus.fi\/porkkala\/wp-json\/wp\/v2\/users\/1"}],"replies":[{"embeddable":true,"href":"https:\/\/meripelastus.fi\/porkkala\/wp-json\/wp\/v2\/comments?post=8"}],"version-history":[{"count":17,"href":"https:\/\/meripelastus.fi\/porkkala\/wp-json\/wp\/v2\/pages\/8\/revisions"}],"predecessor-version":[{"id":1752,"href":"https:\/\/meripelastus.fi\/porkkala\/wp-json\/wp\/v2\/pages\/8\/revisions\/1752"}],"up":[{"embeddable":true,"href":"https:\/\/meripelastus.fi\/porkkala\/wp-json\/wp\/v2\/pages\/6"}],"wp:featuredmedia":[{"embeddable":true,"href":"https:\/\/meripelastus.fi\/porkkala\/wp-json\/wp\/v2\/media\/1334"}],"wp:attachment":[{"href":"https:\/\/meripelastus.fi\/porkkala\/wp-json\/wp\/v2\/media?parent=8"}],"curies":[{"name":"wp","href":"https:\/\/api.w.org\/{rel}","templated":true}]}}