{"id":797,"date":"2020-02-26T00:21:04","date_gmt":"2020-02-25T22:21:04","guid":{"rendered":"https:\/\/meripelastus.fi\/porkkala-vedos\/?page_id=797"},"modified":"2024-06-18T21:22:04","modified_gmt":"2024-06-18T18:22:04","slug":"yhteystiedot","status":"publish","type":"page","link":"https:\/\/meripelastus.fi\/porkkala\/sv\/yhteystiedot\/","title":{"rendered":"Kontaktuppgifter"},"content":{"rendered":"\n<h2 class=\"wp-block-heading\">SMPS &#8211;<strong>Porkala Sj\u00f6r\u00e4ddare ry<\/strong><\/h2>\n\n\n\n<p>Postadress:<\/p>\n\n\n\n<p>Upinniementie 1075<\/p>\n\n\n\n<p>02470 Obbn\u00e4s<\/p>\n\n\n\n<p>Tel: +358 40 1691 333<\/p>\n\n\n\n<p>E-post: <a href=\"mailto:info@sarporkkala.fi\">info@sarporkkala.fi<\/a><\/p>\n\n\n\n<p>Twitter: <a href=\"https:\/\/twitter.com\/SARPorkkala\">@SARPorkkala<\/a><\/p>\n\n\n\n<p>Instagram: <a href=\"https:\/\/www.instagram.com\/SARPorkkala\/\">@SARPorkkala<\/a><\/p>\n\n\n\n<p>Facebook: <a href=\"https:\/\/www.facebook.com\/PorkkalanMeripelastajat\/\">SMPS Porkkalan meripelastajat<\/a><\/p>\n\n\n\n<h2 class=\"wp-block-heading\">Styrelse<\/h2>\n\n\n\n<div class=\"wp-block-columns is-layout-flex wp-container-core-columns-is-layout-9d6595d7 wp-block-columns-is-layout-flex\">\n<div class=\"wp-block-column is-layout-flow wp-block-column-is-layout-flow\"><div class=\"wp-block-image\">\n<figure class=\"alignleft is-resized\"><a href=\"mailto:vpj.porkkala@messi.meripelastus.fi\"><img loading=\"lazy\" decoding=\"async\" width=\"300\" height=\"255\" src=\"https:\/\/meripelastus.fi\/porkkala-vedos\/wp-content\/uploads\/sites\/30\/2020\/02\/Aki.-Porkkala-Pj-2016-18-varavaltuutettu-Suomelahti.-Alusvastaava-ja-P\u00e4\u00e4llikk\u00f6-PV-Aktia-300x255.jpg\" alt=\"\" class=\"wp-image-483\" style=\"aspect-ratio:1.1764705882352942;width:250px;height:auto\" srcset=\"https:\/\/meripelastus.fi\/porkkala\/wp-content\/uploads\/sites\/30\/2020\/02\/Aki.-Porkkala-Pj-2016-18-varavaltuutettu-Suomelahti.-Alusvastaava-ja-P\u00e4\u00e4llikk\u00f6-PV-Aktia-300x255.jpg 300w, https:\/\/meripelastus.fi\/porkkala\/wp-content\/uploads\/sites\/30\/2020\/02\/Aki.-Porkkala-Pj-2016-18-varavaltuutettu-Suomelahti.-Alusvastaava-ja-P\u00e4\u00e4llikk\u00f6-PV-Aktia.jpg 504w\" sizes=\"auto, (max-width: 300px) 100vw, 300px\" \/><\/a><\/figure>\n<\/div><\/div>\n\n\n\n<div class=\"wp-block-column is-layout-flow wp-block-column-is-layout-flow\">\n<p><strong>Aki Kaisla<\/strong><br>Ordf\u00f6rande<br>Tel. 040 1691 333<br><a href=\"mailto:vpj.porkkala@messi.meripelastus.fi\">aki@sarporkkala.fi<\/a><\/p>\n<\/div>\n<\/div>\n\n\n\n<div class=\"wp-block-columns is-layout-flex wp-container-core-columns-is-layout-9d6595d7 wp-block-columns-is-layout-flex\">\n<div class=\"wp-block-column is-layout-flow wp-block-column-is-layout-flow\"><\/div>\n\n\n\n<div class=\"wp-block-column is-layout-flow wp-block-column-is-layout-flow\"><\/div>\n<\/div>\n\n\n\n<p>Styrelsemedlemmar:<\/p>\n\n\n\n<p>Olli Posti<\/p>\n\n\n\n<p>Juha Aromeri, <a href=\"mailto:info@sarporkkala.fi\">info@sarporkkala.fi<\/a><\/p>\n\n\n\n<p>Tommy Nenonen, Medlemssekreterare och nya medlemmar<\/p>\n\n\n\n<p><a href=\"mailto:jasensihteeri.porkkala@messi.meripelastus.fi\">jasensihteeri.porkkala@messi.meripelastus.fi<\/a><\/p>\n\n\n\n<p>Tommy R\u00f6nnberg, Ekonomi,  <\/p>\n\n\n\n<p><a href=\"mailto:talous@sarporkkala.fi\">talous@sarporkkala.fi<\/a><\/p>\n","protected":false},"excerpt":{"rendered":"<p>SMPS &#8211;Porkala Sj\u00f6r\u00e4ddare ry Postadress: Upinniementie 1075 02470 Obbn\u00e4s Tel: +358 40 1691 333 E-post: info@sarporkkala.fi Twitter: @SARPorkkala Instagram: @SARPorkkala Facebook: SMPS Porkkalan meripelastajat Styrelse Aki KaislaOrdf\u00f6randeTel. 040 1691 333aki@sarporkkala.fi Styrelsemedlemmar: Olli Posti Juha Aromeri, info@sarporkkala.fi Tommy Nenonen, Medlemssekreterare och nya medlemmar jasensihteeri.porkkala@messi.meripelastus.fi Tommy R\u00f6nnberg, Ekonomi, talous@sarporkkala.fi<\/p>\n","protected":false},"author":70,"featured_media":0,"parent":0,"menu_order":0,"comment_status":"closed","ping_status":"closed","template":"","meta":{"_acf_changed":false,"inline_featured_image":false,"footnotes":""},"class_list":["post-797","page","type-page","status-publish","hentry"],"acf":[],"yoast_head":"<!-- This site is optimized with the Yoast SEO Premium plugin v27.2 (Yoast SEO v27.2) - https:\/\/yoast.com\/product\/yoast-seo-premium-wordpress\/ -->\n<title>Kontaktuppgifter - Porkkalan meripelastajat<\/title>\n<meta name=\"robots\" content=\"index, follow, max-snippet:-1, max-image-preview:large, max-video-preview:-1\" \/>\n<link rel=\"canonical\" href=\"https:\/\/meripelastus.fi\/porkkala\/sv\/yhteystiedot\/\" \/>\n<meta property=\"og:locale\" content=\"fi_FI\" \/>\n<meta property=\"og:type\" content=\"article\" \/>\n<meta property=\"og:title\" content=\"Kontaktuppgifter\" \/>\n<meta property=\"og:description\" content=\"SMPS &#8211;Porkala Sj\u00f6r\u00e4ddare ry Postadress: Upinniementie 1075 02470 Obbn\u00e4s Tel: +358 40 1691 333 E-post: info@sarporkkala.fi Twitter: @SARPorkkala Instagram: @SARPorkkala Facebook: SMPS Porkkalan meripelastajat Styrelse Aki KaislaOrdf\u00f6randeTel. 040 1691 333aki@sarporkkala.fi Styrelsemedlemmar: Olli Posti Juha Aromeri, info@sarporkkala.fi Tommy Nenonen, Medlemssekreterare och nya medlemmar jasensihteeri.porkkala@messi.meripelastus.fi Tommy R\u00f6nnberg, Ekonomi, talous@sarporkkala.fi\" \/>\n<meta property=\"og:url\" content=\"https:\/\/meripelastus.fi\/porkkala\/sv\/yhteystiedot\/\" \/>\n<meta property=\"og:site_name\" content=\"Porkkalan meripelastajat\" \/>\n<meta property=\"article:modified_time\" content=\"2024-06-18T18:22:04+00:00\" \/>\n<meta name=\"twitter:card\" content=\"summary_large_image\" \/>\n<meta name=\"twitter:label1\" content=\"Arvioitu lukuaika\" \/>\n\t<meta name=\"twitter:data1\" content=\"1 minuutti\" \/>\n<script type=\"application\/ld+json\" class=\"yoast-schema-graph\">{\"@context\":\"https:\/\/schema.org\",\"@graph\":[{\"@type\":\"WebPage\",\"@id\":\"https:\/\/meripelastus.fi\/porkkala\/sv\/yhteystiedot\/\",\"url\":\"https:\/\/meripelastus.fi\/porkkala\/sv\/yhteystiedot\/\",\"name\":\"Kontaktuppgifter - Porkkalan meripelastajat\",\"isPartOf\":{\"@id\":\"https:\/\/meripelastus.fi\/porkkala\/#website\"},\"datePublished\":\"2020-02-25T22:21:04+00:00\",\"dateModified\":\"2024-06-18T18:22:04+00:00\",\"breadcrumb\":{\"@id\":\"https:\/\/meripelastus.fi\/porkkala\/sv\/yhteystiedot\/#breadcrumb\"},\"inLanguage\":\"fi\",\"potentialAction\":[{\"@type\":\"ReadAction\",\"target\":[\"https:\/\/meripelastus.fi\/porkkala\/sv\/yhteystiedot\/\"]}]},{\"@type\":\"BreadcrumbList\",\"@id\":\"https:\/\/meripelastus.fi\/porkkala\/sv\/yhteystiedot\/#breadcrumb\",\"itemListElement\":[{\"@type\":\"ListItem\",\"position\":1,\"name\":\"Home\",\"item\":\"https:\/\/meripelastus.fi\/porkkala\/\"},{\"@type\":\"ListItem\",\"position\":2,\"name\":\"Kontaktuppgifter\"}]},{\"@type\":\"WebSite\",\"@id\":\"https:\/\/meripelastus.fi\/porkkala\/#website\",\"url\":\"https:\/\/meripelastus.fi\/porkkala\/\",\"name\":\"Porkkalan meripelastajat\",\"description\":\"Vapaaehtoiset apunasi vesill\u00e4\",\"potentialAction\":[{\"@type\":\"SearchAction\",\"target\":{\"@type\":\"EntryPoint\",\"urlTemplate\":\"https:\/\/meripelastus.fi\/porkkala\/?s={search_term_string}\"},\"query-input\":{\"@type\":\"PropertyValueSpecification\",\"valueRequired\":true,\"valueName\":\"search_term_string\"}}],\"inLanguage\":\"fi\"}]}<\/script>\n<!-- \/ Yoast SEO Premium plugin. -->","yoast_head_json":{"title":"Kontaktuppgifter - Porkkalan meripelastajat","robots":{"index":"index","follow":"follow","max-snippet":"max-snippet:-1","max-image-preview":"max-image-preview:large","max-video-preview":"max-video-preview:-1"},"canonical":"https:\/\/meripelastus.fi\/porkkala\/sv\/yhteystiedot\/","og_locale":"fi_FI","og_type":"article","og_title":"Kontaktuppgifter","og_description":"SMPS &#8211;Porkala Sj\u00f6r\u00e4ddare ry Postadress: Upinniementie 1075 02470 Obbn\u00e4s Tel: +358 40 1691 333 E-post: info@sarporkkala.fi Twitter: @SARPorkkala Instagram: @SARPorkkala Facebook: SMPS Porkkalan meripelastajat Styrelse Aki KaislaOrdf\u00f6randeTel. 040 1691 333aki@sarporkkala.fi Styrelsemedlemmar: Olli Posti Juha Aromeri, info@sarporkkala.fi Tommy Nenonen, Medlemssekreterare och nya medlemmar jasensihteeri.porkkala@messi.meripelastus.fi Tommy R\u00f6nnberg, Ekonomi, talous@sarporkkala.fi","og_url":"https:\/\/meripelastus.fi\/porkkala\/sv\/yhteystiedot\/","og_site_name":"Porkkalan meripelastajat","article_modified_time":"2024-06-18T18:22:04+00:00","twitter_card":"summary_large_image","twitter_misc":{"Arvioitu lukuaika":"1 minuutti"},"schema":{"@context":"https:\/\/schema.org","@graph":[{"@type":"WebPage","@id":"https:\/\/meripelastus.fi\/porkkala\/sv\/yhteystiedot\/","url":"https:\/\/meripelastus.fi\/porkkala\/sv\/yhteystiedot\/","name":"Kontaktuppgifter - Porkkalan meripelastajat","isPartOf":{"@id":"https:\/\/meripelastus.fi\/porkkala\/#website"},"datePublished":"2020-02-25T22:21:04+00:00","dateModified":"2024-06-18T18:22:04+00:00","breadcrumb":{"@id":"https:\/\/meripelastus.fi\/porkkala\/sv\/yhteystiedot\/#breadcrumb"},"inLanguage":"fi","potentialAction":[{"@type":"ReadAction","target":["https:\/\/meripelastus.fi\/porkkala\/sv\/yhteystiedot\/"]}]},{"@type":"BreadcrumbList","@id":"https:\/\/meripelastus.fi\/porkkala\/sv\/yhteystiedot\/#breadcrumb","itemListElement":[{"@type":"ListItem","position":1,"name":"Home","item":"https:\/\/meripelastus.fi\/porkkala\/"},{"@type":"ListItem","position":2,"name":"Kontaktuppgifter"}]},{"@type":"WebSite","@id":"https:\/\/meripelastus.fi\/porkkala\/#website","url":"https:\/\/meripelastus.fi\/porkkala\/","name":"Porkkalan meripelastajat","description":"Vapaaehtoiset apunasi vesill\u00e4","potentialAction":[{"@type":"SearchAction","target":{"@type":"EntryPoint","urlTemplate":"https:\/\/meripelastus.fi\/porkkala\/?s={search_term_string}"},"query-input":{"@type":"PropertyValueSpecification","valueRequired":true,"valueName":"search_term_string"}}],"inLanguage":"fi"}]}},"_links":{"self":[{"href":"https:\/\/meripelastus.fi\/porkkala\/wp-json\/wp\/v2\/pages\/797","targetHints":{"allow":["GET"]}}],"collection":[{"href":"https:\/\/meripelastus.fi\/porkkala\/wp-json\/wp\/v2\/pages"}],"about":[{"href":"https:\/\/meripelastus.fi\/porkkala\/wp-json\/wp\/v2\/types\/page"}],"author":[{"embeddable":true,"href":"https:\/\/meripelastus.fi\/porkkala\/wp-json\/wp\/v2\/users\/70"}],"replies":[{"embeddable":true,"href":"https:\/\/meripelastus.fi\/porkkala\/wp-json\/wp\/v2\/comments?post=797"}],"version-history":[{"count":9,"href":"https:\/\/meripelastus.fi\/porkkala\/wp-json\/wp\/v2\/pages\/797\/revisions"}],"predecessor-version":[{"id":2309,"href":"https:\/\/meripelastus.fi\/porkkala\/wp-json\/wp\/v2\/pages\/797\/revisions\/2309"}],"wp:attachment":[{"href":"https:\/\/meripelastus.fi\/porkkala\/wp-json\/wp\/v2\/media?parent=797"}],"curies":[{"name":"wp","href":"https:\/\/api.w.org\/{rel}","templated":true}]}}