{"id":734,"date":"2020-02-25T20:00:29","date_gmt":"2020-02-25T18:00:29","guid":{"rendered":"https:\/\/meripelastus.fi\/porkkala-vedos\/?page_id=734"},"modified":"2024-09-24T22:40:12","modified_gmt":"2024-09-24T19:40:12","slug":"tue-toimintaamme","status":"publish","type":"page","link":"https:\/\/meripelastus.fi\/porkkala\/tue-toimintaamme\/","title":{"rendered":"Tue toimintaamme"},"content":{"rendered":"\n<h3 class=\"wp-block-heading\">Porkkalan Meripelastajien toiminta on vapaaehtoista, mutta toiminnastamme aiheutuu kuluja. Valtaosan n\u00e4ist\u00e4 kuluista katamme j\u00e4senmaksuilla ja lahjoituksilla.<\/h3>\n\n\n\n<p>Haluatko sin\u00e4 olla mukana varmistamassa ett\u00e4 Porkkalan vesill\u00e4 on mahdollisimman turvallista liikkua? Jokainen kannatus- ja yhteis\u00f6j\u00e4sen edist\u00e4\u00e4 t\u00e4t\u00e4 tavoitetta j\u00e4senmaksullaan.<\/p>\n\n\n\n<h3 class=\"wp-block-heading\"><a href=\"https:\/\/meripelastus.fi\/porkkala\/kannatusjasen\/\">Kannatusj\u00e4senyys 35 \u20ac vuodessa<\/a><\/h3>\n\n\n\n<p>Yksitt\u00e4iset ihmiset voivat liitty\u00e4 kannatusj\u00e4sneniksi<br>Sinulle, joka haluat pit\u00e4\u00e4 pelastusveneet liikkeell\u00e4 vuotuisella maksulla.<\/p>\n\n\n\n<h3 class=\"wp-block-heading\"><a href=\"https:\/\/meripelastus.fi\/porkkala\/yhteisojasen\/\">Yhteis\u00f6j\u00e4senyys 160 \u20ac vuodessa<\/a><\/h3>\n\n\n\n<p>Yritykset, venekerhot ja veneily-yhdistykset, jotka haluavat olla mukana mahdollistamassa vapaaehtoista meripelastusta Porkkalassa.<\/p>\n\n\n\n<h3 class=\"wp-block-heading\"><strong><mark style=\"background-color:#fff\" class=\"has-inline-color has-secondary-color\">Tilinumeromme:  Aktia FI30 4055 2020 1717 75<\/mark><\/strong><\/h3>\n\n\n\n<p class=\"has-secondary-color has-text-color has-link-color has-medium-font-size wp-elements-a1018762de5fa9a09ab57d3639454f5e\" style=\"font-style:normal;font-weight:700\"><\/p>\n\n\n\n<p><\/p>\n\n\n\n<p><\/p>\n\n\n\n<p><\/p>\n\n\n\n<p><a href=\"https:\/\/meripelastus.fi\/porkkala\/wp-content\/uploads\/sites\/30\/2020\/03\/Rekisteriseloste-Porkkalan-meripelastajat.pdf\">Rekisteriseloste Porkkalan meripelastajat<\/a><\/p>\n","protected":false},"excerpt":{"rendered":"<p>Porkkalan Meripelastajien toiminta on vapaaehtoista, mutta toiminnastamme aiheutuu kuluja. Valtaosan n\u00e4ist\u00e4 kuluista katamme j\u00e4senmaksuilla ja lahjoituksilla. Haluatko sin\u00e4 olla mukana varmistamassa ett\u00e4 Porkkalan vesill\u00e4 on mahdollisimman turvallista liikkua? Jokainen kannatus- ja yhteis\u00f6j\u00e4sen edist\u00e4\u00e4 t\u00e4t\u00e4 tavoitetta j\u00e4senmaksullaan. Kannatusj\u00e4senyys 35 \u20ac vuodessa Yksitt\u00e4iset ihmiset voivat liitty\u00e4 kannatusj\u00e4sneniksiSinulle, joka haluat pit\u00e4\u00e4 pelastusveneet liikkeell\u00e4 vuotuisella maksulla. Yhteis\u00f6j\u00e4senyys 160 \u20ac [&hellip;]<\/p>\n","protected":false},"author":70,"featured_media":0,"parent":0,"menu_order":0,"comment_status":"closed","ping_status":"closed","template":"","meta":{"_acf_changed":false,"inline_featured_image":false,"footnotes":""},"class_list":["post-734","page","type-page","status-publish","hentry"],"acf":[],"yoast_head":"<!-- This site is optimized with the Yoast SEO Premium plugin v27.2 (Yoast SEO v27.2) - https:\/\/yoast.com\/product\/yoast-seo-premium-wordpress\/ -->\n<title>Tue toimintaamme - Porkkalan meripelastajat<\/title>\n<meta name=\"robots\" content=\"index, follow, max-snippet:-1, max-image-preview:large, max-video-preview:-1\" \/>\n<link rel=\"canonical\" href=\"https:\/\/meripelastus.fi\/porkkala\/tue-toimintaamme\/\" \/>\n<meta property=\"og:locale\" content=\"fi_FI\" \/>\n<meta property=\"og:type\" content=\"article\" \/>\n<meta property=\"og:title\" content=\"Tue toimintaamme\" \/>\n<meta property=\"og:description\" content=\"Porkkalan Meripelastajien toiminta on vapaaehtoista, mutta toiminnastamme aiheutuu kuluja. Valtaosan n\u00e4ist\u00e4 kuluista katamme j\u00e4senmaksuilla ja lahjoituksilla. Haluatko sin\u00e4 olla mukana varmistamassa ett\u00e4 Porkkalan vesill\u00e4 on mahdollisimman turvallista liikkua? Jokainen kannatus- ja yhteis\u00f6j\u00e4sen edist\u00e4\u00e4 t\u00e4t\u00e4 tavoitetta j\u00e4senmaksullaan. Kannatusj\u00e4senyys 35 \u20ac vuodessa Yksitt\u00e4iset ihmiset voivat liitty\u00e4 kannatusj\u00e4sneniksiSinulle, joka haluat pit\u00e4\u00e4 pelastusveneet liikkeell\u00e4 vuotuisella maksulla. Yhteis\u00f6j\u00e4senyys 160 \u20ac [&hellip;]\" \/>\n<meta property=\"og:url\" content=\"https:\/\/meripelastus.fi\/porkkala\/tue-toimintaamme\/\" \/>\n<meta property=\"og:site_name\" content=\"Porkkalan meripelastajat\" \/>\n<meta property=\"article:modified_time\" content=\"2024-09-24T19:40:12+00:00\" \/>\n<meta name=\"twitter:card\" content=\"summary_large_image\" \/>\n<meta name=\"twitter:label1\" content=\"Arvioitu lukuaika\" \/>\n\t<meta name=\"twitter:data1\" content=\"1 minuutti\" \/>\n<script type=\"application\/ld+json\" class=\"yoast-schema-graph\">{\"@context\":\"https:\/\/schema.org\",\"@graph\":[{\"@type\":\"WebPage\",\"@id\":\"https:\/\/meripelastus.fi\/porkkala\/tue-toimintaamme\/\",\"url\":\"https:\/\/meripelastus.fi\/porkkala\/tue-toimintaamme\/\",\"name\":\"Tue toimintaamme - Porkkalan meripelastajat\",\"isPartOf\":{\"@id\":\"https:\/\/meripelastus.fi\/porkkala\/#website\"},\"datePublished\":\"2020-02-25T18:00:29+00:00\",\"dateModified\":\"2024-09-24T19:40:12+00:00\",\"breadcrumb\":{\"@id\":\"https:\/\/meripelastus.fi\/porkkala\/tue-toimintaamme\/#breadcrumb\"},\"inLanguage\":\"fi\",\"potentialAction\":[{\"@type\":\"ReadAction\",\"target\":[\"https:\/\/meripelastus.fi\/porkkala\/tue-toimintaamme\/\"]}]},{\"@type\":\"BreadcrumbList\",\"@id\":\"https:\/\/meripelastus.fi\/porkkala\/tue-toimintaamme\/#breadcrumb\",\"itemListElement\":[{\"@type\":\"ListItem\",\"position\":1,\"name\":\"Home\",\"item\":\"https:\/\/meripelastus.fi\/porkkala\/\"},{\"@type\":\"ListItem\",\"position\":2,\"name\":\"Tue toimintaamme\"}]},{\"@type\":\"WebSite\",\"@id\":\"https:\/\/meripelastus.fi\/porkkala\/#website\",\"url\":\"https:\/\/meripelastus.fi\/porkkala\/\",\"name\":\"Porkkalan meripelastajat\",\"description\":\"Vapaaehtoiset apunasi vesill\u00e4\",\"potentialAction\":[{\"@type\":\"SearchAction\",\"target\":{\"@type\":\"EntryPoint\",\"urlTemplate\":\"https:\/\/meripelastus.fi\/porkkala\/?s={search_term_string}\"},\"query-input\":{\"@type\":\"PropertyValueSpecification\",\"valueRequired\":true,\"valueName\":\"search_term_string\"}}],\"inLanguage\":\"fi\"}]}<\/script>\n<!-- \/ Yoast SEO Premium plugin. -->","yoast_head_json":{"title":"Tue toimintaamme - Porkkalan meripelastajat","robots":{"index":"index","follow":"follow","max-snippet":"max-snippet:-1","max-image-preview":"max-image-preview:large","max-video-preview":"max-video-preview:-1"},"canonical":"https:\/\/meripelastus.fi\/porkkala\/tue-toimintaamme\/","og_locale":"fi_FI","og_type":"article","og_title":"Tue toimintaamme","og_description":"Porkkalan Meripelastajien toiminta on vapaaehtoista, mutta toiminnastamme aiheutuu kuluja. Valtaosan n\u00e4ist\u00e4 kuluista katamme j\u00e4senmaksuilla ja lahjoituksilla. Haluatko sin\u00e4 olla mukana varmistamassa ett\u00e4 Porkkalan vesill\u00e4 on mahdollisimman turvallista liikkua? Jokainen kannatus- ja yhteis\u00f6j\u00e4sen edist\u00e4\u00e4 t\u00e4t\u00e4 tavoitetta j\u00e4senmaksullaan. Kannatusj\u00e4senyys 35 \u20ac vuodessa Yksitt\u00e4iset ihmiset voivat liitty\u00e4 kannatusj\u00e4sneniksiSinulle, joka haluat pit\u00e4\u00e4 pelastusveneet liikkeell\u00e4 vuotuisella maksulla. Yhteis\u00f6j\u00e4senyys 160 \u20ac [&hellip;]","og_url":"https:\/\/meripelastus.fi\/porkkala\/tue-toimintaamme\/","og_site_name":"Porkkalan meripelastajat","article_modified_time":"2024-09-24T19:40:12+00:00","twitter_card":"summary_large_image","twitter_misc":{"Arvioitu lukuaika":"1 minuutti"},"schema":{"@context":"https:\/\/schema.org","@graph":[{"@type":"WebPage","@id":"https:\/\/meripelastus.fi\/porkkala\/tue-toimintaamme\/","url":"https:\/\/meripelastus.fi\/porkkala\/tue-toimintaamme\/","name":"Tue toimintaamme - Porkkalan meripelastajat","isPartOf":{"@id":"https:\/\/meripelastus.fi\/porkkala\/#website"},"datePublished":"2020-02-25T18:00:29+00:00","dateModified":"2024-09-24T19:40:12+00:00","breadcrumb":{"@id":"https:\/\/meripelastus.fi\/porkkala\/tue-toimintaamme\/#breadcrumb"},"inLanguage":"fi","potentialAction":[{"@type":"ReadAction","target":["https:\/\/meripelastus.fi\/porkkala\/tue-toimintaamme\/"]}]},{"@type":"BreadcrumbList","@id":"https:\/\/meripelastus.fi\/porkkala\/tue-toimintaamme\/#breadcrumb","itemListElement":[{"@type":"ListItem","position":1,"name":"Home","item":"https:\/\/meripelastus.fi\/porkkala\/"},{"@type":"ListItem","position":2,"name":"Tue toimintaamme"}]},{"@type":"WebSite","@id":"https:\/\/meripelastus.fi\/porkkala\/#website","url":"https:\/\/meripelastus.fi\/porkkala\/","name":"Porkkalan meripelastajat","description":"Vapaaehtoiset apunasi vesill\u00e4","potentialAction":[{"@type":"SearchAction","target":{"@type":"EntryPoint","urlTemplate":"https:\/\/meripelastus.fi\/porkkala\/?s={search_term_string}"},"query-input":{"@type":"PropertyValueSpecification","valueRequired":true,"valueName":"search_term_string"}}],"inLanguage":"fi"}]}},"_links":{"self":[{"href":"https:\/\/meripelastus.fi\/porkkala\/wp-json\/wp\/v2\/pages\/734","targetHints":{"allow":["GET"]}}],"collection":[{"href":"https:\/\/meripelastus.fi\/porkkala\/wp-json\/wp\/v2\/pages"}],"about":[{"href":"https:\/\/meripelastus.fi\/porkkala\/wp-json\/wp\/v2\/types\/page"}],"author":[{"embeddable":true,"href":"https:\/\/meripelastus.fi\/porkkala\/wp-json\/wp\/v2\/users\/70"}],"replies":[{"embeddable":true,"href":"https:\/\/meripelastus.fi\/porkkala\/wp-json\/wp\/v2\/comments?post=734"}],"version-history":[{"count":21,"href":"https:\/\/meripelastus.fi\/porkkala\/wp-json\/wp\/v2\/pages\/734\/revisions"}],"predecessor-version":[{"id":2353,"href":"https:\/\/meripelastus.fi\/porkkala\/wp-json\/wp\/v2\/pages\/734\/revisions\/2353"}],"wp:attachment":[{"href":"https:\/\/meripelastus.fi\/porkkala\/wp-json\/wp\/v2\/media?parent=734"}],"curies":[{"name":"wp","href":"https:\/\/api.w.org\/{rel}","templated":true}]}}