{"id":726,"date":"2020-02-25T13:17:07","date_gmt":"2020-02-25T11:17:07","guid":{"rendered":"https:\/\/meripelastus.fi\/porkkala-vedos\/?page_id=726"},"modified":"2023-11-08T16:12:11","modified_gmt":"2023-11-08T14:12:11","slug":"jasentietojen-paivitys","status":"publish","type":"page","link":"https:\/\/meripelastus.fi\/porkkala\/jasentietojen-paivitys\/","title":{"rendered":"J\u00e4sentietojen p\u00e4ivitys"},"content":{"rendered":"\n<h3 class=\"wp-block-heading\"><a href=\"https:\/\/meripelastus.fi\/trossi\/jasentietojen-paivityslomake\/\">J\u00e4sentietojen p\u00e4ivityslomake<\/a><\/h3>\n\n\n\n<p>J\u00e4sentietojen p\u00e4ivitys ja apua muissakin j\u00e4senasioissa.<br>Tai j\u00e4senasiat s\u00e4hk\u00f6postitse: <a href=\"mailto:smps.toimisto@meripelastus.fi\">smps.toimisto@meripelastus.fi<\/a><br>Puhelinnumero meripelastusseuran j\u00e4senasioissa: 044 5533 000<\/p>\n","protected":false},"excerpt":{"rendered":"<p>J\u00e4sentietojen p\u00e4ivityslomake J\u00e4sentietojen p\u00e4ivitys ja apua muissakin j\u00e4senasioissa.Tai j\u00e4senasiat s\u00e4hk\u00f6postitse: smps.toimisto@meripelastus.fiPuhelinnumero meripelastusseuran j\u00e4senasioissa: 044 5533 000<\/p>\n","protected":false},"author":70,"featured_media":0,"parent":0,"menu_order":0,"comment_status":"closed","ping_status":"closed","template":"","meta":{"_acf_changed":false,"inline_featured_image":false,"footnotes":""},"class_list":["post-726","page","type-page","status-publish","hentry"],"acf":[],"yoast_head":"<!-- This site is optimized with the Yoast SEO Premium plugin v27.2 (Yoast SEO v27.2) - https:\/\/yoast.com\/product\/yoast-seo-premium-wordpress\/ -->\n<title>J\u00e4sentietojen p\u00e4ivitys - Porkkalan meripelastajat<\/title>\n<meta name=\"robots\" content=\"index, follow, max-snippet:-1, max-image-preview:large, max-video-preview:-1\" \/>\n<link rel=\"canonical\" href=\"https:\/\/meripelastus.fi\/porkkala\/jasentietojen-paivitys\/\" \/>\n<meta property=\"og:locale\" content=\"fi_FI\" \/>\n<meta property=\"og:type\" content=\"article\" \/>\n<meta property=\"og:title\" content=\"J\u00e4sentietojen p\u00e4ivitys\" \/>\n<meta property=\"og:description\" content=\"J\u00e4sentietojen p\u00e4ivityslomake J\u00e4sentietojen p\u00e4ivitys ja apua muissakin j\u00e4senasioissa.Tai j\u00e4senasiat s\u00e4hk\u00f6postitse: smps.toimisto@meripelastus.fiPuhelinnumero meripelastusseuran j\u00e4senasioissa: 044 5533 000\" \/>\n<meta property=\"og:url\" content=\"https:\/\/meripelastus.fi\/porkkala\/jasentietojen-paivitys\/\" \/>\n<meta property=\"og:site_name\" content=\"Porkkalan meripelastajat\" \/>\n<meta property=\"article:modified_time\" content=\"2023-11-08T14:12:11+00:00\" \/>\n<meta name=\"twitter:card\" content=\"summary_large_image\" \/>\n<meta name=\"twitter:label1\" content=\"Arvioitu lukuaika\" \/>\n\t<meta name=\"twitter:data1\" content=\"1 minuutti\" \/>\n<script type=\"application\/ld+json\" class=\"yoast-schema-graph\">{\"@context\":\"https:\/\/schema.org\",\"@graph\":[{\"@type\":\"WebPage\",\"@id\":\"https:\/\/meripelastus.fi\/porkkala\/jasentietojen-paivitys\/\",\"url\":\"https:\/\/meripelastus.fi\/porkkala\/jasentietojen-paivitys\/\",\"name\":\"J\u00e4sentietojen p\u00e4ivitys - Porkkalan meripelastajat\",\"isPartOf\":{\"@id\":\"https:\/\/meripelastus.fi\/porkkala\/#website\"},\"datePublished\":\"2020-02-25T11:17:07+00:00\",\"dateModified\":\"2023-11-08T14:12:11+00:00\",\"breadcrumb\":{\"@id\":\"https:\/\/meripelastus.fi\/porkkala\/jasentietojen-paivitys\/#breadcrumb\"},\"inLanguage\":\"fi\",\"potentialAction\":[{\"@type\":\"ReadAction\",\"target\":[\"https:\/\/meripelastus.fi\/porkkala\/jasentietojen-paivitys\/\"]}]},{\"@type\":\"BreadcrumbList\",\"@id\":\"https:\/\/meripelastus.fi\/porkkala\/jasentietojen-paivitys\/#breadcrumb\",\"itemListElement\":[{\"@type\":\"ListItem\",\"position\":1,\"name\":\"Home\",\"item\":\"https:\/\/meripelastus.fi\/porkkala\/\"},{\"@type\":\"ListItem\",\"position\":2,\"name\":\"J\u00e4sentietojen p\u00e4ivitys\"}]},{\"@type\":\"WebSite\",\"@id\":\"https:\/\/meripelastus.fi\/porkkala\/#website\",\"url\":\"https:\/\/meripelastus.fi\/porkkala\/\",\"name\":\"Porkkalan meripelastajat\",\"description\":\"Vapaaehtoiset apunasi vesill\u00e4\",\"potentialAction\":[{\"@type\":\"SearchAction\",\"target\":{\"@type\":\"EntryPoint\",\"urlTemplate\":\"https:\/\/meripelastus.fi\/porkkala\/?s={search_term_string}\"},\"query-input\":{\"@type\":\"PropertyValueSpecification\",\"valueRequired\":true,\"valueName\":\"search_term_string\"}}],\"inLanguage\":\"fi\"}]}<\/script>\n<!-- \/ Yoast SEO Premium plugin. -->","yoast_head_json":{"title":"J\u00e4sentietojen p\u00e4ivitys - Porkkalan meripelastajat","robots":{"index":"index","follow":"follow","max-snippet":"max-snippet:-1","max-image-preview":"max-image-preview:large","max-video-preview":"max-video-preview:-1"},"canonical":"https:\/\/meripelastus.fi\/porkkala\/jasentietojen-paivitys\/","og_locale":"fi_FI","og_type":"article","og_title":"J\u00e4sentietojen p\u00e4ivitys","og_description":"J\u00e4sentietojen p\u00e4ivityslomake J\u00e4sentietojen p\u00e4ivitys ja apua muissakin j\u00e4senasioissa.Tai j\u00e4senasiat s\u00e4hk\u00f6postitse: smps.toimisto@meripelastus.fiPuhelinnumero meripelastusseuran j\u00e4senasioissa: 044 5533 000","og_url":"https:\/\/meripelastus.fi\/porkkala\/jasentietojen-paivitys\/","og_site_name":"Porkkalan meripelastajat","article_modified_time":"2023-11-08T14:12:11+00:00","twitter_card":"summary_large_image","twitter_misc":{"Arvioitu lukuaika":"1 minuutti"},"schema":{"@context":"https:\/\/schema.org","@graph":[{"@type":"WebPage","@id":"https:\/\/meripelastus.fi\/porkkala\/jasentietojen-paivitys\/","url":"https:\/\/meripelastus.fi\/porkkala\/jasentietojen-paivitys\/","name":"J\u00e4sentietojen p\u00e4ivitys - Porkkalan meripelastajat","isPartOf":{"@id":"https:\/\/meripelastus.fi\/porkkala\/#website"},"datePublished":"2020-02-25T11:17:07+00:00","dateModified":"2023-11-08T14:12:11+00:00","breadcrumb":{"@id":"https:\/\/meripelastus.fi\/porkkala\/jasentietojen-paivitys\/#breadcrumb"},"inLanguage":"fi","potentialAction":[{"@type":"ReadAction","target":["https:\/\/meripelastus.fi\/porkkala\/jasentietojen-paivitys\/"]}]},{"@type":"BreadcrumbList","@id":"https:\/\/meripelastus.fi\/porkkala\/jasentietojen-paivitys\/#breadcrumb","itemListElement":[{"@type":"ListItem","position":1,"name":"Home","item":"https:\/\/meripelastus.fi\/porkkala\/"},{"@type":"ListItem","position":2,"name":"J\u00e4sentietojen p\u00e4ivitys"}]},{"@type":"WebSite","@id":"https:\/\/meripelastus.fi\/porkkala\/#website","url":"https:\/\/meripelastus.fi\/porkkala\/","name":"Porkkalan meripelastajat","description":"Vapaaehtoiset apunasi vesill\u00e4","potentialAction":[{"@type":"SearchAction","target":{"@type":"EntryPoint","urlTemplate":"https:\/\/meripelastus.fi\/porkkala\/?s={search_term_string}"},"query-input":{"@type":"PropertyValueSpecification","valueRequired":true,"valueName":"search_term_string"}}],"inLanguage":"fi"}]}},"_links":{"self":[{"href":"https:\/\/meripelastus.fi\/porkkala\/wp-json\/wp\/v2\/pages\/726","targetHints":{"allow":["GET"]}}],"collection":[{"href":"https:\/\/meripelastus.fi\/porkkala\/wp-json\/wp\/v2\/pages"}],"about":[{"href":"https:\/\/meripelastus.fi\/porkkala\/wp-json\/wp\/v2\/types\/page"}],"author":[{"embeddable":true,"href":"https:\/\/meripelastus.fi\/porkkala\/wp-json\/wp\/v2\/users\/70"}],"replies":[{"embeddable":true,"href":"https:\/\/meripelastus.fi\/porkkala\/wp-json\/wp\/v2\/comments?post=726"}],"version-history":[{"count":3,"href":"https:\/\/meripelastus.fi\/porkkala\/wp-json\/wp\/v2\/pages\/726\/revisions"}],"predecessor-version":[{"id":1740,"href":"https:\/\/meripelastus.fi\/porkkala\/wp-json\/wp\/v2\/pages\/726\/revisions\/1740"}],"wp:attachment":[{"href":"https:\/\/meripelastus.fi\/porkkala\/wp-json\/wp\/v2\/media?parent=726"}],"curies":[{"name":"wp","href":"https:\/\/api.w.org\/{rel}","templated":true}]}}