{"id":672,"date":"2017-05-31T07:33:01","date_gmt":"2017-05-31T04:33:01","guid":{"rendered":"https:\/\/meripelastus.fi\/porkkala-vedos\/?page_id=672"},"modified":"2023-11-08T16:17:17","modified_gmt":"2023-11-08T14:17:17","slug":"porkkalan-meripelastajille-uusi-tukija-ja-yhteistyokumppani-baronasta","status":"publish","type":"page","link":"https:\/\/meripelastus.fi\/porkkala\/porkkalan-meripelastajille-uusi-tukija-ja-yhteistyokumppani-baronasta\/","title":{"rendered":"Porkkalan meripelastajille uusi tukija ja yhteisty\u00f6kumppani Baronasta"},"content":{"rendered":"<div class=\"wp-block-image\">\n<figure class=\"alignright\"><img loading=\"lazy\" decoding=\"async\" width=\"300\" height=\"190\" src=\"https:\/\/meripelastus.fi\/porkkala-vedos\/wp-content\/uploads\/sites\/30\/2020\/02\/Alukset-Barona-2-300x190.jpg\" alt=\"Barona pelastusvene\" class=\"wp-image-572\" srcset=\"https:\/\/meripelastus.fi\/porkkala\/wp-content\/uploads\/sites\/30\/2020\/02\/Alukset-Barona-2-300x190.jpg 300w, https:\/\/meripelastus.fi\/porkkala\/wp-content\/uploads\/sites\/30\/2020\/02\/Alukset-Barona-2-730x460.jpg 730w, https:\/\/meripelastus.fi\/porkkala\/wp-content\/uploads\/sites\/30\/2020\/02\/Alukset-Barona-2-768x486.jpg 768w, https:\/\/meripelastus.fi\/porkkala\/wp-content\/uploads\/sites\/30\/2020\/02\/Alukset-Barona-2-1024x647.jpg 1024w, https:\/\/meripelastus.fi\/porkkala\/wp-content\/uploads\/sites\/30\/2020\/02\/Alukset-Barona-2-1536x971.jpg 1536w, https:\/\/meripelastus.fi\/porkkala\/wp-content\/uploads\/sites\/30\/2020\/02\/Alukset-Barona-2.jpg 1672w\" sizes=\"auto, (max-width: 300px) 100vw, 300px\" \/><\/figure>\n<\/div>\n\n\n<p>Ty\u00f6myyr\u00e4mme HTech 25 \/ PV 133 on saanut uuden tukijan Barona Group Oy:st\u00e4 ja aluksen nimi muuttuu tukijansa mukaisesti \u201dPV Barona\u201d :ksi. &nbsp;Barona Group Oy tulee tukemaan alusta, yhdistyst\u00e4mme ja toimintaamme huomattavalla vuosittaisella summalla seuraavien vuosien ajan. Barona Groupin toimintaideologia ja arvomaailma sopii eritt\u00e4in hyvin toimintaamme: Baronalla Groupilla on useilla toimialoilla vaikuttava yritysyhteis\u00f6j\u00e4, joiden teht\u00e4v\u00e4 on vied\u00e4 yhteiskuntaa kohti parempaa tulevaisuutta. Tulevaisuus on aina tuntematon. Barona n\u00e4kee sen t\u00e4ynn\u00e4 mahdollisuuksia: uusina ja tehokkaampina tapoina tehd\u00e4 asioita, rakentaa yhteiskuntaa. Heid\u00e4n keskeinen idea on: \u201dItsen\u00e4isesti toimivat yritysyhteis\u00f6n j\u00e4senet muodostavat tiiviin perheen, jota yhdist\u00e4\u00e4 sama arvomaailma.\u201d<\/p>\n\n\n\n<p>Barona Group on t\u00e4ysin Suomalainen yritys, jonka arvioitu liikevaihto v. 2016 on n. 270 MEur. Yritys ty\u00f6llist\u00e4\u00e4 n. 5000 henkil\u00f6\u00e4.<\/p>\n\n\n\n<p><a href=\"https:\/\/www.barona.fi\/\">https:\/\/www.barona.fi\/<\/a><\/p>\n","protected":false},"excerpt":{"rendered":"<p>Ty\u00f6myyr\u00e4mme HTech 25 \/ PV 133 on saanut uuden tukijan Barona Group Oy:st\u00e4 ja aluksen nimi muuttuu tukijansa mukaisesti \u201dPV Barona\u201d :ksi. &nbsp;Barona Group Oy tulee tukemaan alusta, yhdistyst\u00e4mme ja toimintaamme huomattavalla vuosittaisella summalla seuraavien vuosien ajan. Barona Groupin toimintaideologia ja arvomaailma sopii eritt\u00e4in hyvin toimintaamme: Baronalla Groupilla on useilla toimialoilla vaikuttava yritysyhteis\u00f6j\u00e4, joiden teht\u00e4v\u00e4 [&hellip;]<\/p>\n","protected":false},"author":70,"featured_media":0,"parent":0,"menu_order":0,"comment_status":"closed","ping_status":"closed","template":"","meta":{"_acf_changed":false,"inline_featured_image":false,"footnotes":""},"class_list":["post-672","page","type-page","status-publish","hentry"],"acf":[],"yoast_head":"<!-- This site is optimized with the Yoast SEO Premium plugin v27.2 (Yoast SEO v27.2) - https:\/\/yoast.com\/product\/yoast-seo-premium-wordpress\/ -->\n<title>Porkkalan meripelastajille uusi tukija ja yhteisty\u00f6kumppani Baronasta - Porkkalan meripelastajat<\/title>\n<meta name=\"robots\" content=\"index, follow, max-snippet:-1, max-image-preview:large, max-video-preview:-1\" \/>\n<link rel=\"canonical\" href=\"https:\/\/meripelastus.fi\/porkkala\/porkkalan-meripelastajille-uusi-tukija-ja-yhteistyokumppani-baronasta\/\" \/>\n<meta property=\"og:locale\" content=\"fi_FI\" \/>\n<meta property=\"og:type\" content=\"article\" \/>\n<meta property=\"og:title\" content=\"Porkkalan meripelastajille uusi tukija ja yhteisty\u00f6kumppani Baronasta\" \/>\n<meta property=\"og:description\" content=\"Ty\u00f6myyr\u00e4mme HTech 25 \/ PV 133 on saanut uuden tukijan Barona Group Oy:st\u00e4 ja aluksen nimi muuttuu tukijansa mukaisesti \u201dPV Barona\u201d :ksi. &nbsp;Barona Group Oy tulee tukemaan alusta, yhdistyst\u00e4mme ja toimintaamme huomattavalla vuosittaisella summalla seuraavien vuosien ajan. Barona Groupin toimintaideologia ja arvomaailma sopii eritt\u00e4in hyvin toimintaamme: Baronalla Groupilla on useilla toimialoilla vaikuttava yritysyhteis\u00f6j\u00e4, joiden teht\u00e4v\u00e4 [&hellip;]\" \/>\n<meta property=\"og:url\" content=\"https:\/\/meripelastus.fi\/porkkala\/porkkalan-meripelastajille-uusi-tukija-ja-yhteistyokumppani-baronasta\/\" \/>\n<meta property=\"og:site_name\" content=\"Porkkalan meripelastajat\" \/>\n<meta property=\"article:modified_time\" content=\"2023-11-08T14:17:17+00:00\" \/>\n<meta property=\"og:image\" content=\"https:\/\/meripelastus.fi\/porkkala-vedos\/wp-content\/uploads\/sites\/30\/2020\/02\/Alukset-Barona-2-300x190.jpg\" \/>\n<meta name=\"twitter:card\" content=\"summary_large_image\" \/>\n<meta name=\"twitter:label1\" content=\"Arvioitu lukuaika\" \/>\n\t<meta name=\"twitter:data1\" content=\"1 minuutti\" \/>\n<script type=\"application\/ld+json\" class=\"yoast-schema-graph\">{\"@context\":\"https:\/\/schema.org\",\"@graph\":[{\"@type\":\"WebPage\",\"@id\":\"https:\/\/meripelastus.fi\/porkkala\/porkkalan-meripelastajille-uusi-tukija-ja-yhteistyokumppani-baronasta\/\",\"url\":\"https:\/\/meripelastus.fi\/porkkala\/porkkalan-meripelastajille-uusi-tukija-ja-yhteistyokumppani-baronasta\/\",\"name\":\"Porkkalan meripelastajille uusi tukija ja yhteisty\u00f6kumppani Baronasta - Porkkalan meripelastajat\",\"isPartOf\":{\"@id\":\"https:\/\/meripelastus.fi\/porkkala\/#website\"},\"primaryImageOfPage\":{\"@id\":\"https:\/\/meripelastus.fi\/porkkala\/porkkalan-meripelastajille-uusi-tukija-ja-yhteistyokumppani-baronasta\/#primaryimage\"},\"image\":{\"@id\":\"https:\/\/meripelastus.fi\/porkkala\/porkkalan-meripelastajille-uusi-tukija-ja-yhteistyokumppani-baronasta\/#primaryimage\"},\"thumbnailUrl\":\"https:\/\/meripelastus.fi\/porkkala-vedos\/wp-content\/uploads\/sites\/30\/2020\/02\/Alukset-Barona-2-300x190.jpg\",\"datePublished\":\"2017-05-31T04:33:01+00:00\",\"dateModified\":\"2023-11-08T14:17:17+00:00\",\"breadcrumb\":{\"@id\":\"https:\/\/meripelastus.fi\/porkkala\/porkkalan-meripelastajille-uusi-tukija-ja-yhteistyokumppani-baronasta\/#breadcrumb\"},\"inLanguage\":\"fi\",\"potentialAction\":[{\"@type\":\"ReadAction\",\"target\":[\"https:\/\/meripelastus.fi\/porkkala\/porkkalan-meripelastajille-uusi-tukija-ja-yhteistyokumppani-baronasta\/\"]}]},{\"@type\":\"ImageObject\",\"inLanguage\":\"fi\",\"@id\":\"https:\/\/meripelastus.fi\/porkkala\/porkkalan-meripelastajille-uusi-tukija-ja-yhteistyokumppani-baronasta\/#primaryimage\",\"url\":\"https:\/\/meripelastus.fi\/porkkala\/wp-content\/uploads\/sites\/30\/2020\/02\/Alukset-Barona-2.jpg\",\"contentUrl\":\"https:\/\/meripelastus.fi\/porkkala\/wp-content\/uploads\/sites\/30\/2020\/02\/Alukset-Barona-2.jpg\",\"width\":1672,\"height\":1057,\"caption\":\"Barona pelastusvene\"},{\"@type\":\"BreadcrumbList\",\"@id\":\"https:\/\/meripelastus.fi\/porkkala\/porkkalan-meripelastajille-uusi-tukija-ja-yhteistyokumppani-baronasta\/#breadcrumb\",\"itemListElement\":[{\"@type\":\"ListItem\",\"position\":1,\"name\":\"Home\",\"item\":\"https:\/\/meripelastus.fi\/porkkala\/\"},{\"@type\":\"ListItem\",\"position\":2,\"name\":\"Porkkalan meripelastajille uusi tukija ja yhteisty\u00f6kumppani Baronasta\"}]},{\"@type\":\"WebSite\",\"@id\":\"https:\/\/meripelastus.fi\/porkkala\/#website\",\"url\":\"https:\/\/meripelastus.fi\/porkkala\/\",\"name\":\"Porkkalan meripelastajat\",\"description\":\"Vapaaehtoiset apunasi vesill\u00e4\",\"potentialAction\":[{\"@type\":\"SearchAction\",\"target\":{\"@type\":\"EntryPoint\",\"urlTemplate\":\"https:\/\/meripelastus.fi\/porkkala\/?s={search_term_string}\"},\"query-input\":{\"@type\":\"PropertyValueSpecification\",\"valueRequired\":true,\"valueName\":\"search_term_string\"}}],\"inLanguage\":\"fi\"}]}<\/script>\n<!-- \/ Yoast SEO Premium plugin. -->","yoast_head_json":{"title":"Porkkalan meripelastajille uusi tukija ja yhteisty\u00f6kumppani Baronasta - Porkkalan meripelastajat","robots":{"index":"index","follow":"follow","max-snippet":"max-snippet:-1","max-image-preview":"max-image-preview:large","max-video-preview":"max-video-preview:-1"},"canonical":"https:\/\/meripelastus.fi\/porkkala\/porkkalan-meripelastajille-uusi-tukija-ja-yhteistyokumppani-baronasta\/","og_locale":"fi_FI","og_type":"article","og_title":"Porkkalan meripelastajille uusi tukija ja yhteisty\u00f6kumppani Baronasta","og_description":"Ty\u00f6myyr\u00e4mme HTech 25 \/ PV 133 on saanut uuden tukijan Barona Group Oy:st\u00e4 ja aluksen nimi muuttuu tukijansa mukaisesti \u201dPV Barona\u201d :ksi. &nbsp;Barona Group Oy tulee tukemaan alusta, yhdistyst\u00e4mme ja toimintaamme huomattavalla vuosittaisella summalla seuraavien vuosien ajan. Barona Groupin toimintaideologia ja arvomaailma sopii eritt\u00e4in hyvin toimintaamme: Baronalla Groupilla on useilla toimialoilla vaikuttava yritysyhteis\u00f6j\u00e4, joiden teht\u00e4v\u00e4 [&hellip;]","og_url":"https:\/\/meripelastus.fi\/porkkala\/porkkalan-meripelastajille-uusi-tukija-ja-yhteistyokumppani-baronasta\/","og_site_name":"Porkkalan meripelastajat","article_modified_time":"2023-11-08T14:17:17+00:00","og_image":[{"url":"https:\/\/meripelastus.fi\/porkkala-vedos\/wp-content\/uploads\/sites\/30\/2020\/02\/Alukset-Barona-2-300x190.jpg","type":"","width":"","height":""}],"twitter_card":"summary_large_image","twitter_misc":{"Arvioitu lukuaika":"1 minuutti"},"schema":{"@context":"https:\/\/schema.org","@graph":[{"@type":"WebPage","@id":"https:\/\/meripelastus.fi\/porkkala\/porkkalan-meripelastajille-uusi-tukija-ja-yhteistyokumppani-baronasta\/","url":"https:\/\/meripelastus.fi\/porkkala\/porkkalan-meripelastajille-uusi-tukija-ja-yhteistyokumppani-baronasta\/","name":"Porkkalan meripelastajille uusi tukija ja yhteisty\u00f6kumppani Baronasta - Porkkalan meripelastajat","isPartOf":{"@id":"https:\/\/meripelastus.fi\/porkkala\/#website"},"primaryImageOfPage":{"@id":"https:\/\/meripelastus.fi\/porkkala\/porkkalan-meripelastajille-uusi-tukija-ja-yhteistyokumppani-baronasta\/#primaryimage"},"image":{"@id":"https:\/\/meripelastus.fi\/porkkala\/porkkalan-meripelastajille-uusi-tukija-ja-yhteistyokumppani-baronasta\/#primaryimage"},"thumbnailUrl":"https:\/\/meripelastus.fi\/porkkala-vedos\/wp-content\/uploads\/sites\/30\/2020\/02\/Alukset-Barona-2-300x190.jpg","datePublished":"2017-05-31T04:33:01+00:00","dateModified":"2023-11-08T14:17:17+00:00","breadcrumb":{"@id":"https:\/\/meripelastus.fi\/porkkala\/porkkalan-meripelastajille-uusi-tukija-ja-yhteistyokumppani-baronasta\/#breadcrumb"},"inLanguage":"fi","potentialAction":[{"@type":"ReadAction","target":["https:\/\/meripelastus.fi\/porkkala\/porkkalan-meripelastajille-uusi-tukija-ja-yhteistyokumppani-baronasta\/"]}]},{"@type":"ImageObject","inLanguage":"fi","@id":"https:\/\/meripelastus.fi\/porkkala\/porkkalan-meripelastajille-uusi-tukija-ja-yhteistyokumppani-baronasta\/#primaryimage","url":"https:\/\/meripelastus.fi\/porkkala\/wp-content\/uploads\/sites\/30\/2020\/02\/Alukset-Barona-2.jpg","contentUrl":"https:\/\/meripelastus.fi\/porkkala\/wp-content\/uploads\/sites\/30\/2020\/02\/Alukset-Barona-2.jpg","width":1672,"height":1057,"caption":"Barona pelastusvene"},{"@type":"BreadcrumbList","@id":"https:\/\/meripelastus.fi\/porkkala\/porkkalan-meripelastajille-uusi-tukija-ja-yhteistyokumppani-baronasta\/#breadcrumb","itemListElement":[{"@type":"ListItem","position":1,"name":"Home","item":"https:\/\/meripelastus.fi\/porkkala\/"},{"@type":"ListItem","position":2,"name":"Porkkalan meripelastajille uusi tukija ja yhteisty\u00f6kumppani Baronasta"}]},{"@type":"WebSite","@id":"https:\/\/meripelastus.fi\/porkkala\/#website","url":"https:\/\/meripelastus.fi\/porkkala\/","name":"Porkkalan meripelastajat","description":"Vapaaehtoiset apunasi vesill\u00e4","potentialAction":[{"@type":"SearchAction","target":{"@type":"EntryPoint","urlTemplate":"https:\/\/meripelastus.fi\/porkkala\/?s={search_term_string}"},"query-input":{"@type":"PropertyValueSpecification","valueRequired":true,"valueName":"search_term_string"}}],"inLanguage":"fi"}]}},"_links":{"self":[{"href":"https:\/\/meripelastus.fi\/porkkala\/wp-json\/wp\/v2\/pages\/672","targetHints":{"allow":["GET"]}}],"collection":[{"href":"https:\/\/meripelastus.fi\/porkkala\/wp-json\/wp\/v2\/pages"}],"about":[{"href":"https:\/\/meripelastus.fi\/porkkala\/wp-json\/wp\/v2\/types\/page"}],"author":[{"embeddable":true,"href":"https:\/\/meripelastus.fi\/porkkala\/wp-json\/wp\/v2\/users\/70"}],"replies":[{"embeddable":true,"href":"https:\/\/meripelastus.fi\/porkkala\/wp-json\/wp\/v2\/comments?post=672"}],"version-history":[{"count":6,"href":"https:\/\/meripelastus.fi\/porkkala\/wp-json\/wp\/v2\/pages\/672\/revisions"}],"predecessor-version":[{"id":1750,"href":"https:\/\/meripelastus.fi\/porkkala\/wp-json\/wp\/v2\/pages\/672\/revisions\/1750"}],"wp:attachment":[{"href":"https:\/\/meripelastus.fi\/porkkala\/wp-json\/wp\/v2\/media?parent=672"}],"curies":[{"name":"wp","href":"https:\/\/api.w.org\/{rel}","templated":true}]}}