{"id":597,"date":"2020-02-23T22:21:09","date_gmt":"2020-02-23T20:21:09","guid":{"rendered":"https:\/\/meripelastus.fi\/porkkala-vedos\/?page_id=597"},"modified":"2024-09-24T22:24:52","modified_gmt":"2024-09-24T19:24:52","slug":"toimintaamme-tukevat","status":"publish","type":"page","link":"https:\/\/meripelastus.fi\/porkkala\/toimintaamme-tukevat\/","title":{"rendered":"Toimintaamme tukevat"},"content":{"rendered":"<div class=\"wp-block-image\">\n<figure class=\"alignleft is-resized\"><a href=\"https:\/\/kyrkslatt.sparbanksstiftelserna.fi\/fi\/\" target=\"_blank\" rel=\"noopener noreferrer\"><img loading=\"lazy\" decoding=\"async\" width=\"300\" height=\"60\" src=\"https:\/\/meripelastus.fi\/porkkala-vedos\/wp-content\/uploads\/sites\/30\/2020\/02\/S\u00e4\u00e4st\u00f6pankkis\u00e4\u00e4ti\u00f6-logo-300x60.jpg\" alt=\"\" class=\"wp-image-614\" style=\"width:610px;height:auto\" srcset=\"https:\/\/meripelastus.fi\/porkkala\/wp-content\/uploads\/sites\/30\/2020\/02\/S\u00e4\u00e4st\u00f6pankkis\u00e4\u00e4ti\u00f6-logo-300x60.jpg 300w, https:\/\/meripelastus.fi\/porkkala\/wp-content\/uploads\/sites\/30\/2020\/02\/S\u00e4\u00e4st\u00f6pankkis\u00e4\u00e4ti\u00f6-logo.jpg 620w\" sizes=\"auto, (max-width: 300px) 100vw, 300px\" \/><\/a><\/figure>\n<\/div>\n\n<div class=\"wp-block-image\">\n<figure class=\"alignleft is-resized\"><a href=\"https:\/\/millog.fi\/\" target=\"_blank\" rel=\"noopener noreferrer\"><img loading=\"lazy\" decoding=\"async\" width=\"235\" height=\"94\" src=\"https:\/\/meripelastus.fi\/porkkala-vedos\/wp-content\/uploads\/sites\/30\/2020\/02\/Millog-logo.png\" alt=\"\" class=\"wp-image-607\" style=\"width:354px;height:auto\" \/><\/a><\/figure>\n<\/div>\n\n\n<div class=\"wp-block-group is-nowrap is-layout-flex wp-container-core-group-is-layout-ad2f72ca wp-block-group-is-layout-flex\">\n<div class=\"wp-block-group is-nowrap is-layout-flex wp-container-core-group-is-layout-ad2f72ca wp-block-group-is-layout-flex\"><\/div>\n<\/div>\n\n\n<div class=\"wp-block-image\">\n<figure class=\"alignright size-full is-resized\"><img loading=\"lazy\" decoding=\"async\" width=\"400\" height=\"400\" src=\"https:\/\/meripelastus.fi\/porkkala\/wp-content\/uploads\/sites\/30\/2020\/02\/2mQsiEOv_400x400.jpg\" alt=\"\" class=\"wp-image-634\" style=\"width:463px;height:auto\" srcset=\"https:\/\/meripelastus.fi\/porkkala\/wp-content\/uploads\/sites\/30\/2020\/02\/2mQsiEOv_400x400.jpg 400w, https:\/\/meripelastus.fi\/porkkala\/wp-content\/uploads\/sites\/30\/2020\/02\/2mQsiEOv_400x400-150x150.jpg 150w, https:\/\/meripelastus.fi\/porkkala\/wp-content\/uploads\/sites\/30\/2020\/02\/2mQsiEOv_400x400-300x300.jpg 300w\" sizes=\"auto, (max-width: 400px) 100vw, 400px\" \/><\/figure>\n<\/div>\n\n<div class=\"wp-block-image\">\n<figure class=\"alignleft size-full is-resized\"><img loading=\"lazy\" decoding=\"async\" width=\"400\" height=\"400\" src=\"https:\/\/meripelastus.fi\/porkkala\/wp-content\/uploads\/sites\/30\/2020\/02\/Merivoimat-logo.jpg\" alt=\"\" class=\"wp-image-639\" style=\"width:397px;height:auto\" srcset=\"https:\/\/meripelastus.fi\/porkkala\/wp-content\/uploads\/sites\/30\/2020\/02\/Merivoimat-logo.jpg 400w, https:\/\/meripelastus.fi\/porkkala\/wp-content\/uploads\/sites\/30\/2020\/02\/Merivoimat-logo-150x150.jpg 150w, https:\/\/meripelastus.fi\/porkkala\/wp-content\/uploads\/sites\/30\/2020\/02\/Merivoimat-logo-300x300.jpg 300w\" sizes=\"auto, (max-width: 400px) 100vw, 400px\" \/><figcaption class=\"wp-element-caption\"><strong>Rannikkoprikaati<\/strong><\/figcaption><\/figure>\n<\/div>\n\n<div class=\"wp-block-image\">\n<figure class=\"alignleft size-large is-resized\"><img loading=\"lazy\" decoding=\"async\" width=\"1024\" height=\"422\" src=\"https:\/\/meripelastus.fi\/porkkala\/wp-content\/uploads\/sites\/30\/2024\/09\/Varuboden-Osla-logo-1024x422.png\" alt=\"\" class=\"wp-image-2346\" style=\"aspect-ratio:1;width:410px;height:auto\" srcset=\"https:\/\/meripelastus.fi\/porkkala\/wp-content\/uploads\/sites\/30\/2024\/09\/Varuboden-Osla-logo-1024x422.png 1024w, https:\/\/meripelastus.fi\/porkkala\/wp-content\/uploads\/sites\/30\/2024\/09\/Varuboden-Osla-logo-300x124.png 300w, https:\/\/meripelastus.fi\/porkkala\/wp-content\/uploads\/sites\/30\/2024\/09\/Varuboden-Osla-logo-768x317.png 768w, https:\/\/meripelastus.fi\/porkkala\/wp-content\/uploads\/sites\/30\/2024\/09\/Varuboden-Osla-logo.png 1150w\" sizes=\"auto, (max-width: 1024px) 100vw, 1024px\" \/><\/figure>\n<\/div>\n\n\n<div class=\"wp-block-group is-nowrap is-layout-flex wp-container-core-group-is-layout-ad2f72ca wp-block-group-is-layout-flex\"><\/div>\n\n\n\n<div class=\"wp-block-group is-nowrap is-layout-flex wp-container-core-group-is-layout-ad2f72ca wp-block-group-is-layout-flex\"><\/div>\n\n\n<div class=\"wp-block-image\">\n<figure class=\"alignleft size-large is-resized\"><img loading=\"lazy\" decoding=\"async\" width=\"1024\" height=\"348\" src=\"https:\/\/meripelastus.fi\/porkkala\/wp-content\/uploads\/sites\/30\/2020\/02\/Lakeuden-hydro-log-1024x348.jpg\" alt=\"\" class=\"wp-image-625\" style=\"width:357px;height:auto\" srcset=\"https:\/\/meripelastus.fi\/porkkala\/wp-content\/uploads\/sites\/30\/2020\/02\/Lakeuden-hydro-log-1024x348.jpg 1024w, https:\/\/meripelastus.fi\/porkkala\/wp-content\/uploads\/sites\/30\/2020\/02\/Lakeuden-hydro-log-300x102.jpg 300w, https:\/\/meripelastus.fi\/porkkala\/wp-content\/uploads\/sites\/30\/2020\/02\/Lakeuden-hydro-log-768x261.jpg 768w, https:\/\/meripelastus.fi\/porkkala\/wp-content\/uploads\/sites\/30\/2020\/02\/Lakeuden-hydro-log.jpg 1196w\" sizes=\"auto, (max-width: 1024px) 100vw, 1024px\" \/><\/figure>\n<\/div>\n\n\n<h2 class=\"wp-block-heading\"><a href=\"http:\/\/www.veneklinikka.fi\/_\/index.html\"><img loading=\"lazy\" decoding=\"async\" width=\"300\" height=\"80\" class=\"size-full wp-image-609 alignleft\" src=\"https:\/\/meripelastus.fi\/porkkala-vedos\/wp-content\/uploads\/sites\/30\/2020\/02\/veneklinikka-osoittella_v.png\" alt=\"\" style=\"width: 360px\"><\/a><\/h2>\n\n\n\n<p><\/p>\n\n\n\n<p><\/p>\n","protected":false},"excerpt":{"rendered":"","protected":false},"author":70,"featured_media":0,"parent":0,"menu_order":0,"comment_status":"closed","ping_status":"closed","template":"","meta":{"_acf_changed":false,"inline_featured_image":false,"footnotes":""},"class_list":["post-597","page","type-page","status-publish","hentry"],"acf":[],"yoast_head":"<!-- This site is optimized with the Yoast SEO Premium plugin v27.2 (Yoast SEO v27.2) - https:\/\/yoast.com\/product\/yoast-seo-premium-wordpress\/ -->\n<title>Toimintaamme tukevat - Porkkalan meripelastajat<\/title>\n<meta name=\"robots\" content=\"index, follow, max-snippet:-1, max-image-preview:large, max-video-preview:-1\" \/>\n<link rel=\"canonical\" href=\"https:\/\/meripelastus.fi\/porkkala\/toimintaamme-tukevat\/\" \/>\n<meta property=\"og:locale\" content=\"fi_FI\" \/>\n<meta property=\"og:type\" content=\"article\" \/>\n<meta property=\"og:title\" content=\"Toimintaamme tukevat\" \/>\n<meta property=\"og:url\" content=\"https:\/\/meripelastus.fi\/porkkala\/toimintaamme-tukevat\/\" \/>\n<meta property=\"og:site_name\" content=\"Porkkalan meripelastajat\" \/>\n<meta property=\"article:modified_time\" content=\"2024-09-24T19:24:52+00:00\" \/>\n<meta property=\"og:image\" content=\"https:\/\/meripelastus.fi\/porkkala-vedos\/wp-content\/uploads\/sites\/30\/2020\/02\/Millog-logo.png\" \/>\n<meta name=\"twitter:card\" content=\"summary_large_image\" \/>\n<meta name=\"twitter:label1\" content=\"Arvioitu lukuaika\" \/>\n\t<meta name=\"twitter:data1\" content=\"2 minuuttia\" \/>\n<script type=\"application\/ld+json\" class=\"yoast-schema-graph\">{\"@context\":\"https:\/\/schema.org\",\"@graph\":[{\"@type\":\"WebPage\",\"@id\":\"https:\/\/meripelastus.fi\/porkkala\/toimintaamme-tukevat\/\",\"url\":\"https:\/\/meripelastus.fi\/porkkala\/toimintaamme-tukevat\/\",\"name\":\"Toimintaamme tukevat - Porkkalan meripelastajat\",\"isPartOf\":{\"@id\":\"https:\/\/meripelastus.fi\/porkkala\/#website\"},\"primaryImageOfPage\":{\"@id\":\"https:\/\/meripelastus.fi\/porkkala\/toimintaamme-tukevat\/#primaryimage\"},\"image\":{\"@id\":\"https:\/\/meripelastus.fi\/porkkala\/toimintaamme-tukevat\/#primaryimage\"},\"thumbnailUrl\":\"https:\/\/meripelastus.fi\/porkkala-vedos\/wp-content\/uploads\/sites\/30\/2020\/02\/Millog-logo.png\",\"datePublished\":\"2020-02-23T20:21:09+00:00\",\"dateModified\":\"2024-09-24T19:24:52+00:00\",\"breadcrumb\":{\"@id\":\"https:\/\/meripelastus.fi\/porkkala\/toimintaamme-tukevat\/#breadcrumb\"},\"inLanguage\":\"fi\",\"potentialAction\":[{\"@type\":\"ReadAction\",\"target\":[\"https:\/\/meripelastus.fi\/porkkala\/toimintaamme-tukevat\/\"]}]},{\"@type\":\"ImageObject\",\"inLanguage\":\"fi\",\"@id\":\"https:\/\/meripelastus.fi\/porkkala\/toimintaamme-tukevat\/#primaryimage\",\"url\":\"https:\/\/meripelastus.fi\/porkkala\/wp-content\/uploads\/sites\/30\/2020\/02\/Millog-logo.png\",\"contentUrl\":\"https:\/\/meripelastus.fi\/porkkala\/wp-content\/uploads\/sites\/30\/2020\/02\/Millog-logo.png\",\"width\":235,\"height\":94},{\"@type\":\"BreadcrumbList\",\"@id\":\"https:\/\/meripelastus.fi\/porkkala\/toimintaamme-tukevat\/#breadcrumb\",\"itemListElement\":[{\"@type\":\"ListItem\",\"position\":1,\"name\":\"Home\",\"item\":\"https:\/\/meripelastus.fi\/porkkala\/\"},{\"@type\":\"ListItem\",\"position\":2,\"name\":\"Toimintaamme tukevat\"}]},{\"@type\":\"WebSite\",\"@id\":\"https:\/\/meripelastus.fi\/porkkala\/#website\",\"url\":\"https:\/\/meripelastus.fi\/porkkala\/\",\"name\":\"Porkkalan meripelastajat\",\"description\":\"Vapaaehtoiset apunasi vesill\u00e4\",\"potentialAction\":[{\"@type\":\"SearchAction\",\"target\":{\"@type\":\"EntryPoint\",\"urlTemplate\":\"https:\/\/meripelastus.fi\/porkkala\/?s={search_term_string}\"},\"query-input\":{\"@type\":\"PropertyValueSpecification\",\"valueRequired\":true,\"valueName\":\"search_term_string\"}}],\"inLanguage\":\"fi\"}]}<\/script>\n<!-- \/ Yoast SEO Premium plugin. -->","yoast_head_json":{"title":"Toimintaamme tukevat - Porkkalan meripelastajat","robots":{"index":"index","follow":"follow","max-snippet":"max-snippet:-1","max-image-preview":"max-image-preview:large","max-video-preview":"max-video-preview:-1"},"canonical":"https:\/\/meripelastus.fi\/porkkala\/toimintaamme-tukevat\/","og_locale":"fi_FI","og_type":"article","og_title":"Toimintaamme tukevat","og_url":"https:\/\/meripelastus.fi\/porkkala\/toimintaamme-tukevat\/","og_site_name":"Porkkalan meripelastajat","article_modified_time":"2024-09-24T19:24:52+00:00","og_image":[{"url":"https:\/\/meripelastus.fi\/porkkala-vedos\/wp-content\/uploads\/sites\/30\/2020\/02\/Millog-logo.png","type":"","width":"","height":""}],"twitter_card":"summary_large_image","twitter_misc":{"Arvioitu lukuaika":"2 minuuttia"},"schema":{"@context":"https:\/\/schema.org","@graph":[{"@type":"WebPage","@id":"https:\/\/meripelastus.fi\/porkkala\/toimintaamme-tukevat\/","url":"https:\/\/meripelastus.fi\/porkkala\/toimintaamme-tukevat\/","name":"Toimintaamme tukevat - Porkkalan meripelastajat","isPartOf":{"@id":"https:\/\/meripelastus.fi\/porkkala\/#website"},"primaryImageOfPage":{"@id":"https:\/\/meripelastus.fi\/porkkala\/toimintaamme-tukevat\/#primaryimage"},"image":{"@id":"https:\/\/meripelastus.fi\/porkkala\/toimintaamme-tukevat\/#primaryimage"},"thumbnailUrl":"https:\/\/meripelastus.fi\/porkkala-vedos\/wp-content\/uploads\/sites\/30\/2020\/02\/Millog-logo.png","datePublished":"2020-02-23T20:21:09+00:00","dateModified":"2024-09-24T19:24:52+00:00","breadcrumb":{"@id":"https:\/\/meripelastus.fi\/porkkala\/toimintaamme-tukevat\/#breadcrumb"},"inLanguage":"fi","potentialAction":[{"@type":"ReadAction","target":["https:\/\/meripelastus.fi\/porkkala\/toimintaamme-tukevat\/"]}]},{"@type":"ImageObject","inLanguage":"fi","@id":"https:\/\/meripelastus.fi\/porkkala\/toimintaamme-tukevat\/#primaryimage","url":"https:\/\/meripelastus.fi\/porkkala\/wp-content\/uploads\/sites\/30\/2020\/02\/Millog-logo.png","contentUrl":"https:\/\/meripelastus.fi\/porkkala\/wp-content\/uploads\/sites\/30\/2020\/02\/Millog-logo.png","width":235,"height":94},{"@type":"BreadcrumbList","@id":"https:\/\/meripelastus.fi\/porkkala\/toimintaamme-tukevat\/#breadcrumb","itemListElement":[{"@type":"ListItem","position":1,"name":"Home","item":"https:\/\/meripelastus.fi\/porkkala\/"},{"@type":"ListItem","position":2,"name":"Toimintaamme tukevat"}]},{"@type":"WebSite","@id":"https:\/\/meripelastus.fi\/porkkala\/#website","url":"https:\/\/meripelastus.fi\/porkkala\/","name":"Porkkalan meripelastajat","description":"Vapaaehtoiset apunasi vesill\u00e4","potentialAction":[{"@type":"SearchAction","target":{"@type":"EntryPoint","urlTemplate":"https:\/\/meripelastus.fi\/porkkala\/?s={search_term_string}"},"query-input":{"@type":"PropertyValueSpecification","valueRequired":true,"valueName":"search_term_string"}}],"inLanguage":"fi"}]}},"_links":{"self":[{"href":"https:\/\/meripelastus.fi\/porkkala\/wp-json\/wp\/v2\/pages\/597","targetHints":{"allow":["GET"]}}],"collection":[{"href":"https:\/\/meripelastus.fi\/porkkala\/wp-json\/wp\/v2\/pages"}],"about":[{"href":"https:\/\/meripelastus.fi\/porkkala\/wp-json\/wp\/v2\/types\/page"}],"author":[{"embeddable":true,"href":"https:\/\/meripelastus.fi\/porkkala\/wp-json\/wp\/v2\/users\/70"}],"replies":[{"embeddable":true,"href":"https:\/\/meripelastus.fi\/porkkala\/wp-json\/wp\/v2\/comments?post=597"}],"version-history":[{"count":25,"href":"https:\/\/meripelastus.fi\/porkkala\/wp-json\/wp\/v2\/pages\/597\/revisions"}],"predecessor-version":[{"id":2349,"href":"https:\/\/meripelastus.fi\/porkkala\/wp-json\/wp\/v2\/pages\/597\/revisions\/2349"}],"wp:attachment":[{"href":"https:\/\/meripelastus.fi\/porkkala\/wp-json\/wp\/v2\/media?parent=597"}],"curies":[{"name":"wp","href":"https:\/\/api.w.org\/{rel}","templated":true}]}}