{"id":515,"date":"2020-02-22T20:04:52","date_gmt":"2020-02-22T18:04:52","guid":{"rendered":"https:\/\/meripelastus.fi\/porkkala-vedos\/?page_id=515"},"modified":"2026-03-11T16:08:48","modified_gmt":"2026-03-11T14:08:48","slug":"liity-jaseneksi","status":"publish","type":"page","link":"https:\/\/meripelastus.fi\/porkkala\/liity-jaseneksi\/","title":{"rendered":"Liity j\u00e4seneksi"},"content":{"rendered":"\n<p>Porkkalan Meripelastajat on vapaaehtoinen organisaatio joka rahoittaa toimintansa ensisijaisesti lahjoituksilla ja j\u00e4senmaksuilla. Haluatko sin\u00e4 olla mukana varmistamassa ett\u00e4 Porkkalan vesill\u00e4 on mahdollisimman turvallista liikkua? Jokainen j\u00e4sen edist\u00e4\u00e4 t\u00e4t\u00e4 tavoitetta j\u00e4senmaksullaan. Mukaan toimintaan tuleva henkil\u00f6 voi oppia todella paljon aktiivij\u00e4senen\u00e4. Koulutusj\u00e4rjestelm\u00e4mme on kattava. Maakrapu ilman aikaisempaa kokemusta voi ajan my\u00f6t\u00e4 edet\u00e4 jopa pelastusaluksen p\u00e4\u00e4llik\u00f6ksi.<\/p>\n\n\n\n<p>Valitse sopivin j\u00e4senyysmuoto allaolevista vaihtoehtoista.<\/p>\n\n\n\n<h3 class=\"wp-block-heading\" id=\"h-trossijasenyys-88-vuodessa\"><a href=\"http:\/\/www.trossi.fi\/\">Trossij\u00e4senyys 88 \u20ac vuodessa<\/a><\/h3>\n\n\n\n<p>Henkil\u00f6j\u00e4senyys veneilij\u00e4lle joka t\u00e4ysim\u00e4\u00e4r\u00e4isesti haluaa hy\u00f6dynt\u00e4\u00e4 Meripelastusseuran palveluita Suomessa, Ruotsissa ja Norjassa. Valitse linkin takaa aukeavan sivun alalaidan laatikosta \u201dliitty j\u00e4seneksi\u201d ja valitse lomakkeesta yhdistykseksi Porkkalan Meripelastajat.<\/p>\n\n\n\n<h3 class=\"wp-block-heading\" id=\"h-aktiivijasenyys-35-vuodessa\"><a href=\"https:\/\/meripelastus.fi\/jasenyys\/liittymislomakkeet\/?utm_source=trossi&amp;utm_medium=trossi&amp;utm_campaign=trossi\">Aktiivij\u00e4senyys 35 \u20ac vuodessa<\/a><\/h3>\n\n\n\n<p>Sinulle, joka haluat tulla mukaan toimintaan itse. Lue ennen aktiiivij\u00e4seneksi liittymist\u00e4 <a href=\"https:\/\/meripelastus.fi\/porkkala-vedos\/toiminta\/tule-mukaan\/\">ohjeet<\/a> ja j\u00e4t\u00e4 <a href=\"https:\/\/meripelastus.fi\/porkkala\/toiminta\/tule-mukaan\/\">hakemuslomake<\/a> meille.<\/p>\n\n\n\n<p><a href=\"https:\/\/meripelastus.fi\/porkkala\/wp-content\/uploads\/sites\/30\/2020\/03\/Rekisteriseloste-Porkkalan-meripelastajat.pdf\">Rekisteriseloste Porkkalan meripelastajat<\/a><\/p>\n","protected":false},"excerpt":{"rendered":"<p>Porkkalan Meripelastajat on vapaaehtoinen organisaatio joka rahoittaa toimintansa ensisijaisesti lahjoituksilla ja j\u00e4senmaksuilla. Haluatko sin\u00e4 olla mukana varmistamassa ett\u00e4 Porkkalan vesill\u00e4 on mahdollisimman turvallista liikkua? Jokainen j\u00e4sen edist\u00e4\u00e4 t\u00e4t\u00e4 tavoitetta j\u00e4senmaksullaan. Mukaan toimintaan tuleva henkil\u00f6 voi oppia todella paljon aktiivij\u00e4senen\u00e4. Koulutusj\u00e4rjestelm\u00e4mme on kattava. Maakrapu ilman aikaisempaa kokemusta voi ajan my\u00f6t\u00e4 edet\u00e4 jopa pelastusaluksen p\u00e4\u00e4llik\u00f6ksi. Valitse sopivin [&hellip;]<\/p>\n","protected":false},"author":70,"featured_media":0,"parent":0,"menu_order":0,"comment_status":"closed","ping_status":"closed","template":"","meta":{"_acf_changed":false,"inline_featured_image":false,"footnotes":""},"class_list":["post-515","page","type-page","status-publish","hentry"],"acf":[],"yoast_head":"<!-- This site is optimized with the Yoast SEO Premium plugin v27.2 (Yoast SEO v27.2) - https:\/\/yoast.com\/product\/yoast-seo-premium-wordpress\/ -->\n<title>Liity j\u00e4seneksi - Porkkalan meripelastajat<\/title>\n<meta name=\"robots\" content=\"index, follow, max-snippet:-1, max-image-preview:large, max-video-preview:-1\" \/>\n<link rel=\"canonical\" href=\"https:\/\/meripelastus.fi\/porkkala\/liity-jaseneksi\/\" \/>\n<meta property=\"og:locale\" content=\"fi_FI\" \/>\n<meta property=\"og:type\" content=\"article\" \/>\n<meta property=\"og:title\" content=\"Liity j\u00e4seneksi\" \/>\n<meta property=\"og:description\" content=\"Porkkalan Meripelastajat on vapaaehtoinen organisaatio joka rahoittaa toimintansa ensisijaisesti lahjoituksilla ja j\u00e4senmaksuilla. Haluatko sin\u00e4 olla mukana varmistamassa ett\u00e4 Porkkalan vesill\u00e4 on mahdollisimman turvallista liikkua? Jokainen j\u00e4sen edist\u00e4\u00e4 t\u00e4t\u00e4 tavoitetta j\u00e4senmaksullaan. Mukaan toimintaan tuleva henkil\u00f6 voi oppia todella paljon aktiivij\u00e4senen\u00e4. Koulutusj\u00e4rjestelm\u00e4mme on kattava. Maakrapu ilman aikaisempaa kokemusta voi ajan my\u00f6t\u00e4 edet\u00e4 jopa pelastusaluksen p\u00e4\u00e4llik\u00f6ksi. Valitse sopivin [&hellip;]\" \/>\n<meta property=\"og:url\" content=\"https:\/\/meripelastus.fi\/porkkala\/liity-jaseneksi\/\" \/>\n<meta property=\"og:site_name\" content=\"Porkkalan meripelastajat\" \/>\n<meta property=\"article:modified_time\" content=\"2026-03-11T14:08:48+00:00\" \/>\n<meta name=\"twitter:card\" content=\"summary_large_image\" \/>\n<meta name=\"twitter:label1\" content=\"Arvioitu lukuaika\" \/>\n\t<meta name=\"twitter:data1\" content=\"1 minuutti\" \/>\n<script type=\"application\/ld+json\" class=\"yoast-schema-graph\">{\"@context\":\"https:\/\/schema.org\",\"@graph\":[{\"@type\":\"WebPage\",\"@id\":\"https:\/\/meripelastus.fi\/porkkala\/liity-jaseneksi\/\",\"url\":\"https:\/\/meripelastus.fi\/porkkala\/liity-jaseneksi\/\",\"name\":\"Liity j\u00e4seneksi - Porkkalan meripelastajat\",\"isPartOf\":{\"@id\":\"https:\/\/meripelastus.fi\/porkkala\/#website\"},\"datePublished\":\"2020-02-22T18:04:52+00:00\",\"dateModified\":\"2026-03-11T14:08:48+00:00\",\"breadcrumb\":{\"@id\":\"https:\/\/meripelastus.fi\/porkkala\/liity-jaseneksi\/#breadcrumb\"},\"inLanguage\":\"fi\",\"potentialAction\":[{\"@type\":\"ReadAction\",\"target\":[\"https:\/\/meripelastus.fi\/porkkala\/liity-jaseneksi\/\"]}]},{\"@type\":\"BreadcrumbList\",\"@id\":\"https:\/\/meripelastus.fi\/porkkala\/liity-jaseneksi\/#breadcrumb\",\"itemListElement\":[{\"@type\":\"ListItem\",\"position\":1,\"name\":\"Home\",\"item\":\"https:\/\/meripelastus.fi\/porkkala\/\"},{\"@type\":\"ListItem\",\"position\":2,\"name\":\"Liity j\u00e4seneksi\"}]},{\"@type\":\"WebSite\",\"@id\":\"https:\/\/meripelastus.fi\/porkkala\/#website\",\"url\":\"https:\/\/meripelastus.fi\/porkkala\/\",\"name\":\"Porkkalan meripelastajat\",\"description\":\"Vapaaehtoiset apunasi vesill\u00e4\",\"potentialAction\":[{\"@type\":\"SearchAction\",\"target\":{\"@type\":\"EntryPoint\",\"urlTemplate\":\"https:\/\/meripelastus.fi\/porkkala\/?s={search_term_string}\"},\"query-input\":{\"@type\":\"PropertyValueSpecification\",\"valueRequired\":true,\"valueName\":\"search_term_string\"}}],\"inLanguage\":\"fi\"}]}<\/script>\n<!-- \/ Yoast SEO Premium plugin. -->","yoast_head_json":{"title":"Liity j\u00e4seneksi - Porkkalan meripelastajat","robots":{"index":"index","follow":"follow","max-snippet":"max-snippet:-1","max-image-preview":"max-image-preview:large","max-video-preview":"max-video-preview:-1"},"canonical":"https:\/\/meripelastus.fi\/porkkala\/liity-jaseneksi\/","og_locale":"fi_FI","og_type":"article","og_title":"Liity j\u00e4seneksi","og_description":"Porkkalan Meripelastajat on vapaaehtoinen organisaatio joka rahoittaa toimintansa ensisijaisesti lahjoituksilla ja j\u00e4senmaksuilla. Haluatko sin\u00e4 olla mukana varmistamassa ett\u00e4 Porkkalan vesill\u00e4 on mahdollisimman turvallista liikkua? Jokainen j\u00e4sen edist\u00e4\u00e4 t\u00e4t\u00e4 tavoitetta j\u00e4senmaksullaan. Mukaan toimintaan tuleva henkil\u00f6 voi oppia todella paljon aktiivij\u00e4senen\u00e4. Koulutusj\u00e4rjestelm\u00e4mme on kattava. Maakrapu ilman aikaisempaa kokemusta voi ajan my\u00f6t\u00e4 edet\u00e4 jopa pelastusaluksen p\u00e4\u00e4llik\u00f6ksi. Valitse sopivin [&hellip;]","og_url":"https:\/\/meripelastus.fi\/porkkala\/liity-jaseneksi\/","og_site_name":"Porkkalan meripelastajat","article_modified_time":"2026-03-11T14:08:48+00:00","twitter_card":"summary_large_image","twitter_misc":{"Arvioitu lukuaika":"1 minuutti"},"schema":{"@context":"https:\/\/schema.org","@graph":[{"@type":"WebPage","@id":"https:\/\/meripelastus.fi\/porkkala\/liity-jaseneksi\/","url":"https:\/\/meripelastus.fi\/porkkala\/liity-jaseneksi\/","name":"Liity j\u00e4seneksi - Porkkalan meripelastajat","isPartOf":{"@id":"https:\/\/meripelastus.fi\/porkkala\/#website"},"datePublished":"2020-02-22T18:04:52+00:00","dateModified":"2026-03-11T14:08:48+00:00","breadcrumb":{"@id":"https:\/\/meripelastus.fi\/porkkala\/liity-jaseneksi\/#breadcrumb"},"inLanguage":"fi","potentialAction":[{"@type":"ReadAction","target":["https:\/\/meripelastus.fi\/porkkala\/liity-jaseneksi\/"]}]},{"@type":"BreadcrumbList","@id":"https:\/\/meripelastus.fi\/porkkala\/liity-jaseneksi\/#breadcrumb","itemListElement":[{"@type":"ListItem","position":1,"name":"Home","item":"https:\/\/meripelastus.fi\/porkkala\/"},{"@type":"ListItem","position":2,"name":"Liity j\u00e4seneksi"}]},{"@type":"WebSite","@id":"https:\/\/meripelastus.fi\/porkkala\/#website","url":"https:\/\/meripelastus.fi\/porkkala\/","name":"Porkkalan meripelastajat","description":"Vapaaehtoiset apunasi vesill\u00e4","potentialAction":[{"@type":"SearchAction","target":{"@type":"EntryPoint","urlTemplate":"https:\/\/meripelastus.fi\/porkkala\/?s={search_term_string}"},"query-input":{"@type":"PropertyValueSpecification","valueRequired":true,"valueName":"search_term_string"}}],"inLanguage":"fi"}]}},"_links":{"self":[{"href":"https:\/\/meripelastus.fi\/porkkala\/wp-json\/wp\/v2\/pages\/515","targetHints":{"allow":["GET"]}}],"collection":[{"href":"https:\/\/meripelastus.fi\/porkkala\/wp-json\/wp\/v2\/pages"}],"about":[{"href":"https:\/\/meripelastus.fi\/porkkala\/wp-json\/wp\/v2\/types\/page"}],"author":[{"embeddable":true,"href":"https:\/\/meripelastus.fi\/porkkala\/wp-json\/wp\/v2\/users\/70"}],"replies":[{"embeddable":true,"href":"https:\/\/meripelastus.fi\/porkkala\/wp-json\/wp\/v2\/comments?post=515"}],"version-history":[{"count":30,"href":"https:\/\/meripelastus.fi\/porkkala\/wp-json\/wp\/v2\/pages\/515\/revisions"}],"predecessor-version":[{"id":2404,"href":"https:\/\/meripelastus.fi\/porkkala\/wp-json\/wp\/v2\/pages\/515\/revisions\/2404"}],"wp:attachment":[{"href":"https:\/\/meripelastus.fi\/porkkala\/wp-json\/wp\/v2\/media?parent=515"}],"curies":[{"name":"wp","href":"https:\/\/api.w.org\/{rel}","templated":true}]}}