{"id":400,"date":"2020-02-21T19:57:06","date_gmt":"2020-02-21T17:57:06","guid":{"rendered":"https:\/\/meripelastus.fi\/porkkala-vedos\/?page_id=400"},"modified":"2026-02-15T20:59:42","modified_gmt":"2026-02-15T18:59:42","slug":"yhteystiedot-2","status":"publish","type":"page","link":"https:\/\/meripelastus.fi\/porkkala\/yhteystiedot-2\/","title":{"rendered":"Yhteystiedot"},"content":{"rendered":"\n<h2 class=\"wp-block-heading\" id=\"h-smps-porkkalan-meripelastajat-ry\">SMPS &#8211; Porkkalan Meripelastajat ry<\/h2>\n\n\n\n<p><strong>P\u00e4ivyst\u00e4v\u00e4 p\u00e4\u00e4llikk\u00f6 24\/7&nbsp;&nbsp; p. 040 757 8966<\/strong><\/p>\n\n\n\n<p>Postiosoite:<\/p>\n\n\n\n<p>Upinniementie 1075<\/p>\n\n\n\n<p>02470 Upinniemi<\/p>\n\n\n\n<p>Puhelin:&nbsp;040 1691 333<\/p>\n\n\n\n<p>S\u00e4hk\u00f6posti: <a href=\"mailto:info@sarporkkala.fi\">info@sarporkkala.fi<\/a><\/p>\n\n\n\n<p><strong>Verkkolaskuosoite:&nbsp;003717289584<\/strong><br><strong>Operaattoritunnus:&nbsp;HELSFIHH<\/strong><\/p>\n\n\n\n<p><strong>Tilinumero: Aktia FI30 4055 2020 1717 75<\/strong><\/p>\n\n\n\n<p>Talousvastaava:<br>Tommy R\u00f6nnberg, <a href=\"mailto:talous@sarporkkala.fi\">talous@sarporkkala.fi<\/a><\/p>\n\n\n\n<p>Twitter: <a href=\"https:\/\/twitter.com\/SARPorkkala\">@SARPorkkala<\/a><\/p>\n\n\n\n<p>Instagram: <a href=\"https:\/\/www.instagram.com\/SARPorkkala\/\">@SARPorkkala<\/a><\/p>\n\n\n\n<p>Facebook: <a href=\"https:\/\/www.facebook.com\/PorkkalanMeripelastajat\/\">SMPS Porkkalan meripelastajat<\/a><\/p>\n\n\n\n<h2 class=\"wp-block-heading\" id=\"h-hallitus\">Hallitus<\/h2>\n\n\n\n<figure class=\"wp-block-image size-thumbnail\"><img loading=\"lazy\" decoding=\"async\" width=\"150\" height=\"150\" src=\"https:\/\/meripelastus.fi\/porkkala\/wp-content\/uploads\/sites\/30\/2020\/02\/Aki.-Porkkala-Pj-2016-18-varavaltuutettu-Suomelahti.-Alusvastaava-ja-P\u00e4\u00e4llikk\u00f6-PV-Aktia-150x150.jpg\" alt=\"\" class=\"wp-image-483\" \/><\/figure>\n\n\n\n<p><strong>Aki Kaisla<\/strong><br>puheenjohtaja<br>valmiusvastaava<br>Puh. 040 1691 333<br><a href=\"mailto:pj@sarporkkala.fi\">pj@sarporkkala.fi<\/a><\/p>\n\n\n\n<h3 class=\"wp-block-heading\" id=\"h-hallituksen-jasenet\">Hallituksen j\u00e4senet:<\/h3>\n\n\n\n<p>Juha Aromeri, varapuheenjohtaja, <a href=\"mailto:tiedotus@sarporkkala.fi\">tiedotus@sarporkkala.fi<\/a><\/p>\n\n\n\n<p>Tommy Nenonen, j\u00e4sensihteeri, <a href=\"mailto:info@sarporkkala.fi\">info@sarporkkala.fi<\/a><\/p>\n\n\n\n<p>Olli Posti, valmiusvastaava., tulokkaat : <a href=\"mailto:tulokas@sarporkkala.fi\">tulokas@sarporkkala.fi<\/a><\/p>\n\n\n\n<p>Laura Pohjaniemi, asema , <a href=\"mailto:info@sarporkkala.fi\">info@sarporkkala.fi<\/a><\/p>\n\n\n\n<p>Krista Tanhuanp\u00e4\u00e4, koulutus, tiedotus : <a href=\"mailto:tiedotus@sarporkkala.fi\">tiedotus@sarporkkala.fi<\/a><\/p>\n\n\n\n<p>Antti Ellonen, tiedotus<\/p>\n\n\n\n<h3 class=\"wp-block-heading\" id=\"h-anna-palautetta\">Anna palautetta:<\/h3>\n\n\n\n<div class=\"wp-block-contact-form-7-contact-form-selector\">\n<div class=\"wpcf7 no-js\" id=\"wpcf7-f559-o1\" lang=\"fi\" dir=\"ltr\" data-wpcf7-id=\"559\">\n<div class=\"screen-reader-response\"><p role=\"status\" aria-live=\"polite\" aria-atomic=\"true\"><\/p> <ul><\/ul><\/div>\n<form action=\"\/porkkala\/wp-json\/wp\/v2\/pages\/400#wpcf7-f559-o1\" method=\"post\" class=\"wpcf7-form init\" aria-label=\"Yhteydenottolomake\" novalidate=\"novalidate\" data-status=\"init\">\n<fieldset class=\"hidden-fields-container\"><input type=\"hidden\" name=\"_wpcf7\" value=\"559\" \/><input type=\"hidden\" name=\"_wpcf7_version\" value=\"6.1.5\" \/><input type=\"hidden\" name=\"_wpcf7_locale\" value=\"fi\" \/><input type=\"hidden\" name=\"_wpcf7_unit_tag\" value=\"wpcf7-f559-o1\" \/><input type=\"hidden\" name=\"_wpcf7_container_post\" value=\"0\" \/><input type=\"hidden\" name=\"_wpcf7_posted_data_hash\" value=\"\" \/><input type=\"hidden\" name=\"_wpcf7_recaptcha_response\" value=\"\" \/>\n<\/fieldset>\n<div class=\"form-group\">\n\t<p><label for=\"your-name\" class=\"control-label\">Nimi (pakollinen)<\/label><br \/>\n<span class=\"wpcf7-form-control-wrap\" data-name=\"your-name\"><input size=\"40\" maxlength=\"400\" class=\"wpcf7-form-control wpcf7-text wpcf7-validates-as-required form-control\" aria-required=\"true\" aria-invalid=\"false\" value=\"\" type=\"text\" name=\"your-name\" \/><\/span>\n\t<\/p>\n<\/div>\n<div class=\"form-group\">\n\t<p><label for=\"your-email\" class=\"control-label\">S\u00e4hk\u00f6posti (pakollinen)<\/label><br \/>\n<span class=\"wpcf7-form-control-wrap\" data-name=\"your-email\"><input size=\"40\" maxlength=\"400\" class=\"wpcf7-form-control wpcf7-email wpcf7-validates-as-required wpcf7-text wpcf7-validates-as-email form-control\" aria-required=\"true\" aria-invalid=\"false\" value=\"\" type=\"email\" name=\"your-email\" \/><\/span>\n\t<\/p>\n<\/div>\n<div class=\"form-group\">\n\t<p><label for=\"your-subject\" class=\"control-label\"> Aihe<\/label><br \/>\n<span class=\"wpcf7-form-control-wrap\" data-name=\"your-subject\"><input size=\"40\" maxlength=\"400\" class=\"wpcf7-form-control wpcf7-text form-control\" aria-invalid=\"false\" value=\"\" type=\"text\" name=\"your-subject\" \/><\/span>\n\t<\/p>\n<\/div>\n<div class=\"form-group\">\n\t<p><label for=\"your-message\" class=\"control-label\"> Viesti<\/label><br \/>\n<span class=\"wpcf7-form-control-wrap\" data-name=\"your-message\"><textarea cols=\"40\" rows=\"10\" maxlength=\"2000\" class=\"wpcf7-form-control wpcf7-textarea form-control\" aria-invalid=\"false\" name=\"your-message\"><\/textarea><\/span>\n\t<\/p>\n<\/div>\n<p><input class=\"wpcf7-form-control wpcf7-submit has-spinner btn-block btn btn-primary btn-lg\" type=\"submit\" value=\"L\u00e4het\u00e4\" \/>\n<\/p><div class=\"wpcf7-response-output\" aria-hidden=\"true\"><\/div>\n<\/form>\n<\/div>\n<\/div>\n","protected":false},"excerpt":{"rendered":"<p>SMPS &#8211; Porkkalan Meripelastajat ry P\u00e4ivyst\u00e4v\u00e4 p\u00e4\u00e4llikk\u00f6 24\/7&nbsp;&nbsp; p. 040 757 8966 Postiosoite: Upinniementie 1075 02470 Upinniemi Puhelin:&nbsp;040 1691 333 S\u00e4hk\u00f6posti: info@sarporkkala.fi Verkkolaskuosoite:&nbsp;003717289584Operaattoritunnus:&nbsp;HELSFIHH Tilinumero: Aktia FI30 4055 2020 1717 75 Talousvastaava:Tommy R\u00f6nnberg, talous@sarporkkala.fi Twitter: @SARPorkkala Instagram: @SARPorkkala Facebook: SMPS Porkkalan meripelastajat Hallitus Aki KaislapuheenjohtajavalmiusvastaavaPuh. 040 1691 333pj@sarporkkala.fi Hallituksen j\u00e4senet: Juha Aromeri, varapuheenjohtaja, tiedotus@sarporkkala.fi Tommy Nenonen, [&hellip;]<\/p>\n","protected":false},"author":70,"featured_media":0,"parent":0,"menu_order":0,"comment_status":"closed","ping_status":"closed","template":"","meta":{"_acf_changed":false,"inline_featured_image":false,"footnotes":""},"class_list":["post-400","page","type-page","status-publish","hentry"],"acf":[],"yoast_head":"<!-- This site is optimized with the Yoast SEO Premium plugin v27.2 (Yoast SEO v27.2) - https:\/\/yoast.com\/product\/yoast-seo-premium-wordpress\/ -->\n<title>Yhteystiedot - Porkkalan meripelastajat<\/title>\n<meta name=\"description\" content=\"%\" \/>\n<meta name=\"robots\" content=\"index, follow, max-snippet:-1, max-image-preview:large, max-video-preview:-1\" \/>\n<link rel=\"canonical\" href=\"https:\/\/meripelastus.fi\/porkkala\/yhteystiedot-2\/\" \/>\n<meta property=\"og:locale\" content=\"fi_FI\" \/>\n<meta property=\"og:type\" content=\"article\" \/>\n<meta property=\"og:title\" content=\"Yhteystiedot\" \/>\n<meta property=\"og:description\" content=\"%\" \/>\n<meta property=\"og:url\" content=\"https:\/\/meripelastus.fi\/porkkala\/yhteystiedot-2\/\" \/>\n<meta property=\"og:site_name\" content=\"Porkkalan meripelastajat\" \/>\n<meta property=\"article:modified_time\" content=\"2026-02-15T18:59:42+00:00\" \/>\n<meta name=\"twitter:card\" content=\"summary_large_image\" \/>\n<meta name=\"twitter:label1\" content=\"Arvioitu lukuaika\" \/>\n\t<meta name=\"twitter:data1\" content=\"1 minuutti\" \/>\n<script type=\"application\/ld+json\" class=\"yoast-schema-graph\">{\"@context\":\"https:\/\/schema.org\",\"@graph\":[{\"@type\":\"WebPage\",\"@id\":\"https:\/\/meripelastus.fi\/porkkala\/yhteystiedot-2\/\",\"url\":\"https:\/\/meripelastus.fi\/porkkala\/yhteystiedot-2\/\",\"name\":\"Yhteystiedot - Porkkalan meripelastajat\",\"isPartOf\":{\"@id\":\"https:\/\/meripelastus.fi\/porkkala\/#website\"},\"datePublished\":\"2020-02-21T17:57:06+00:00\",\"dateModified\":\"2026-02-15T18:59:42+00:00\",\"description\":\"%\",\"breadcrumb\":{\"@id\":\"https:\/\/meripelastus.fi\/porkkala\/yhteystiedot-2\/#breadcrumb\"},\"inLanguage\":\"fi\",\"potentialAction\":[{\"@type\":\"ReadAction\",\"target\":[\"https:\/\/meripelastus.fi\/porkkala\/yhteystiedot-2\/\"]}]},{\"@type\":\"BreadcrumbList\",\"@id\":\"https:\/\/meripelastus.fi\/porkkala\/yhteystiedot-2\/#breadcrumb\",\"itemListElement\":[{\"@type\":\"ListItem\",\"position\":1,\"name\":\"Home\",\"item\":\"https:\/\/meripelastus.fi\/porkkala\/\"},{\"@type\":\"ListItem\",\"position\":2,\"name\":\"Yhteystiedot\"}]},{\"@type\":\"WebSite\",\"@id\":\"https:\/\/meripelastus.fi\/porkkala\/#website\",\"url\":\"https:\/\/meripelastus.fi\/porkkala\/\",\"name\":\"Porkkalan meripelastajat\",\"description\":\"Vapaaehtoiset apunasi vesill\u00e4\",\"potentialAction\":[{\"@type\":\"SearchAction\",\"target\":{\"@type\":\"EntryPoint\",\"urlTemplate\":\"https:\/\/meripelastus.fi\/porkkala\/?s={search_term_string}\"},\"query-input\":{\"@type\":\"PropertyValueSpecification\",\"valueRequired\":true,\"valueName\":\"search_term_string\"}}],\"inLanguage\":\"fi\"}]}<\/script>\n<!-- \/ Yoast SEO Premium plugin. -->","yoast_head_json":{"title":"Yhteystiedot - Porkkalan meripelastajat","description":"%","robots":{"index":"index","follow":"follow","max-snippet":"max-snippet:-1","max-image-preview":"max-image-preview:large","max-video-preview":"max-video-preview:-1"},"canonical":"https:\/\/meripelastus.fi\/porkkala\/yhteystiedot-2\/","og_locale":"fi_FI","og_type":"article","og_title":"Yhteystiedot","og_description":"%","og_url":"https:\/\/meripelastus.fi\/porkkala\/yhteystiedot-2\/","og_site_name":"Porkkalan meripelastajat","article_modified_time":"2026-02-15T18:59:42+00:00","twitter_card":"summary_large_image","twitter_misc":{"Arvioitu lukuaika":"1 minuutti"},"schema":{"@context":"https:\/\/schema.org","@graph":[{"@type":"WebPage","@id":"https:\/\/meripelastus.fi\/porkkala\/yhteystiedot-2\/","url":"https:\/\/meripelastus.fi\/porkkala\/yhteystiedot-2\/","name":"Yhteystiedot - Porkkalan meripelastajat","isPartOf":{"@id":"https:\/\/meripelastus.fi\/porkkala\/#website"},"datePublished":"2020-02-21T17:57:06+00:00","dateModified":"2026-02-15T18:59:42+00:00","description":"%","breadcrumb":{"@id":"https:\/\/meripelastus.fi\/porkkala\/yhteystiedot-2\/#breadcrumb"},"inLanguage":"fi","potentialAction":[{"@type":"ReadAction","target":["https:\/\/meripelastus.fi\/porkkala\/yhteystiedot-2\/"]}]},{"@type":"BreadcrumbList","@id":"https:\/\/meripelastus.fi\/porkkala\/yhteystiedot-2\/#breadcrumb","itemListElement":[{"@type":"ListItem","position":1,"name":"Home","item":"https:\/\/meripelastus.fi\/porkkala\/"},{"@type":"ListItem","position":2,"name":"Yhteystiedot"}]},{"@type":"WebSite","@id":"https:\/\/meripelastus.fi\/porkkala\/#website","url":"https:\/\/meripelastus.fi\/porkkala\/","name":"Porkkalan meripelastajat","description":"Vapaaehtoiset apunasi vesill\u00e4","potentialAction":[{"@type":"SearchAction","target":{"@type":"EntryPoint","urlTemplate":"https:\/\/meripelastus.fi\/porkkala\/?s={search_term_string}"},"query-input":{"@type":"PropertyValueSpecification","valueRequired":true,"valueName":"search_term_string"}}],"inLanguage":"fi"}]}},"_links":{"self":[{"href":"https:\/\/meripelastus.fi\/porkkala\/wp-json\/wp\/v2\/pages\/400","targetHints":{"allow":["GET"]}}],"collection":[{"href":"https:\/\/meripelastus.fi\/porkkala\/wp-json\/wp\/v2\/pages"}],"about":[{"href":"https:\/\/meripelastus.fi\/porkkala\/wp-json\/wp\/v2\/types\/page"}],"author":[{"embeddable":true,"href":"https:\/\/meripelastus.fi\/porkkala\/wp-json\/wp\/v2\/users\/70"}],"replies":[{"embeddable":true,"href":"https:\/\/meripelastus.fi\/porkkala\/wp-json\/wp\/v2\/comments?post=400"}],"version-history":[{"count":41,"href":"https:\/\/meripelastus.fi\/porkkala\/wp-json\/wp\/v2\/pages\/400\/revisions"}],"predecessor-version":[{"id":2400,"href":"https:\/\/meripelastus.fi\/porkkala\/wp-json\/wp\/v2\/pages\/400\/revisions\/2400"}],"wp:attachment":[{"href":"https:\/\/meripelastus.fi\/porkkala\/wp-json\/wp\/v2\/media?parent=400"}],"curies":[{"name":"wp","href":"https:\/\/api.w.org\/{rel}","templated":true}]}}