{"id":255,"date":"2020-02-18T09:22:52","date_gmt":"2020-02-18T07:22:52","guid":{"rendered":"https:\/\/meripelastus.fi\/porkkala-vedos\/?page_id=255"},"modified":"2023-11-08T16:37:07","modified_gmt":"2023-11-08T14:37:07","slug":"alarmanvisning","status":"publish","type":"page","link":"https:\/\/meripelastus.fi\/porkkala\/sv\/verksamhet\/alarmanvisning\/","title":{"rendered":"Alarmanvisning"},"content":{"rendered":"\n<p>Sj\u00f6r\u00e4ddningens alarmnummer <strong>0294 1000<\/strong><br>Eller VHF-kanal 16 \/ VHF-DSC 70<br>Allm\u00e4nt n\u00f6dnummer <strong>112<\/strong><\/p>\n\n\n\n<ul class=\"wp-block-list\">\n<li>Ber\u00e4tta (fartygets) namn och kontaktuppgifter.<\/li>\n\n\n\n<li>Ber\u00e4tta exakt var olyckan skett.<\/li>\n\n\n\n<li>Ber\u00e4tta vad som har h\u00e4nt.<\/li>\n\n\n\n<li>Hur m\u00e5nga m\u00e4nniskor \u00e4r i fara, finns det skadade?<\/li>\n\n\n\n<li>Ber\u00e4tta hurdan hj\u00e4lp det beh\u00f6vs.<\/li>\n\n\n\n<li>Avbryt inte kontakten f\u00f6rr\u00e4n du f\u00e5tt lov.<\/li>\n<\/ul>\n\n\n\n<p><strong>Trossen assistans 0800 30 22 30 (1.5.-31.10.)<\/strong><\/p>\n\n\n\n<p>Ring Trossen-tj\u00e4nstnumret exempelvis i f\u00f6ljande problemsituationer:<\/p>\n\n\n\n<ul class=\"wp-block-list\">\n<li>B\u00e5ten ligger vid kaj eller p\u00e5 annat tryggt st\u00e4lle men startar inte f\u00f6r att:\n<ul class=\"wp-block-list\">\n<li>br\u00e4nslet \u00e4r slut<\/li>\n\n\n\n<li>batteriet \u00e4r tomt<\/li>\n\n\n\n<li>n\u00e5gon del eller anordning har g\u00e5tt s\u00f6nder<\/li>\n\n\n\n<li>en lina har trasslat in sig i propellern eller ankaret fastnat i bottnen.<\/li>\n<\/ul>\n<\/li>\n\n\n\n<li>B\u00e5ten ligger f\u00f6r ankar p\u00e5 ett tryggt st\u00e4lle och v\u00e4dret \u00e4r gynnsamt, men motorn startar inte efter t.ex. en \u00f6vernattning.<\/li>\n\n\n\n<li>F\u00e4rden har pl\u00f6tsligt avbrutits pga. att n\u00e5gon anordning g\u00e5tt s\u00f6nder eller br\u00e4nslet tagit slut, men ni har lyckas ankra tryggt och det r\u00e5der ingen annan fara.<\/li>\n\n\n\n<li>B\u00e5ten r\u00f6r sig, men beh\u00f6ver senare, vid \u00f6verenskommen tidpunkt, hj\u00e4lp med att ta i land eller dylikt.<\/li>\n<\/ul>\n\n\n\n<p>OBS! Om du \u00e4r os\u00e4ker p\u00e5 om det \u00e4r fr\u00e5ga om ett icke-br\u00e5dskande hj\u00e4lpuppdrag eller en n\u00f6dsituation, ring sj\u00f6r\u00e4ddningens alarmnummer 0294 1000 eller det allm\u00e4nna n\u00f6dnumret 112.<\/p>\n","protected":false},"excerpt":{"rendered":"<p>Sj\u00f6r\u00e4ddningens alarmnummer 0294 1000Eller VHF-kanal 16 \/ VHF-DSC 70Allm\u00e4nt n\u00f6dnummer 112 Trossen assistans 0800 30 22 30 (1.5.-31.10.) Ring Trossen-tj\u00e4nstnumret exempelvis i f\u00f6ljande problemsituationer: OBS! Om du \u00e4r os\u00e4ker p\u00e5 om det \u00e4r fr\u00e5ga om ett icke-br\u00e5dskande hj\u00e4lpuppdrag eller en n\u00f6dsituation, ring sj\u00f6r\u00e4ddningens alarmnummer 0294 1000 eller det allm\u00e4nna n\u00f6dnumret 112.<\/p>\n","protected":false},"author":1,"featured_media":0,"parent":253,"menu_order":0,"comment_status":"closed","ping_status":"closed","template":"","meta":{"_acf_changed":false,"inline_featured_image":false,"footnotes":""},"class_list":["post-255","page","type-page","status-publish","hentry"],"acf":[],"yoast_head":"<!-- This site is optimized with the Yoast SEO Premium plugin v27.4 (Yoast SEO v27.4) - https:\/\/yoast.com\/product\/yoast-seo-premium-wordpress\/ -->\n<title>Alarmanvisning - Porkkalan meripelastajat<\/title>\n<meta name=\"robots\" content=\"index, follow, max-snippet:-1, max-image-preview:large, max-video-preview:-1\" \/>\n<link rel=\"canonical\" href=\"https:\/\/meripelastus.fi\/porkkala\/sv\/verksamhet\/alarmanvisning\/\" \/>\n<meta property=\"og:locale\" content=\"fi_FI\" \/>\n<meta property=\"og:type\" content=\"article\" \/>\n<meta property=\"og:title\" content=\"Alarmanvisning\" \/>\n<meta property=\"og:description\" content=\"Sj\u00f6r\u00e4ddningens alarmnummer 0294 1000Eller VHF-kanal 16 \/ VHF-DSC 70Allm\u00e4nt n\u00f6dnummer 112 Trossen assistans 0800 30 22 30 (1.5.-31.10.) Ring Trossen-tj\u00e4nstnumret exempelvis i f\u00f6ljande problemsituationer: OBS! Om du \u00e4r os\u00e4ker p\u00e5 om det \u00e4r fr\u00e5ga om ett icke-br\u00e5dskande hj\u00e4lpuppdrag eller en n\u00f6dsituation, ring sj\u00f6r\u00e4ddningens alarmnummer 0294 1000 eller det allm\u00e4nna n\u00f6dnumret 112.\" \/>\n<meta property=\"og:url\" content=\"https:\/\/meripelastus.fi\/porkkala\/sv\/verksamhet\/alarmanvisning\/\" \/>\n<meta property=\"og:site_name\" content=\"Porkkalan meripelastajat\" \/>\n<meta property=\"article:modified_time\" content=\"2023-11-08T14:37:07+00:00\" \/>\n<meta name=\"twitter:card\" content=\"summary_large_image\" \/>\n<meta name=\"twitter:label1\" content=\"Arvioitu lukuaika\" \/>\n\t<meta name=\"twitter:data1\" content=\"2 minuuttia\" \/>\n<script type=\"application\/ld+json\" class=\"yoast-schema-graph\">{\"@context\":\"https:\\\/\\\/schema.org\",\"@graph\":[{\"@type\":\"WebPage\",\"@id\":\"https:\\\/\\\/meripelastus.fi\\\/porkkala\\\/sv\\\/verksamhet\\\/alarmanvisning\\\/\",\"url\":\"https:\\\/\\\/meripelastus.fi\\\/porkkala\\\/sv\\\/verksamhet\\\/alarmanvisning\\\/\",\"name\":\"Alarmanvisning - Porkkalan meripelastajat\",\"isPartOf\":{\"@id\":\"https:\\\/\\\/meripelastus.fi\\\/porkkala\\\/#website\"},\"datePublished\":\"2020-02-18T07:22:52+00:00\",\"dateModified\":\"2023-11-08T14:37:07+00:00\",\"breadcrumb\":{\"@id\":\"https:\\\/\\\/meripelastus.fi\\\/porkkala\\\/sv\\\/verksamhet\\\/alarmanvisning\\\/#breadcrumb\"},\"inLanguage\":\"fi\",\"potentialAction\":[{\"@type\":\"ReadAction\",\"target\":[\"https:\\\/\\\/meripelastus.fi\\\/porkkala\\\/sv\\\/verksamhet\\\/alarmanvisning\\\/\"]}]},{\"@type\":\"BreadcrumbList\",\"@id\":\"https:\\\/\\\/meripelastus.fi\\\/porkkala\\\/sv\\\/verksamhet\\\/alarmanvisning\\\/#breadcrumb\",\"itemListElement\":[{\"@type\":\"ListItem\",\"position\":1,\"name\":\"Home\",\"item\":\"https:\\\/\\\/meripelastus.fi\\\/porkkala\\\/\"},{\"@type\":\"ListItem\",\"position\":2,\"name\":\"Verksamhet\",\"item\":\"https:\\\/\\\/meripelastus.fi\\\/porkkala\\\/sv\\\/verksamhet\\\/\"},{\"@type\":\"ListItem\",\"position\":3,\"name\":\"Alarmanvisning\"}]},{\"@type\":\"WebSite\",\"@id\":\"https:\\\/\\\/meripelastus.fi\\\/porkkala\\\/#website\",\"url\":\"https:\\\/\\\/meripelastus.fi\\\/porkkala\\\/\",\"name\":\"Porkkalan meripelastajat\",\"description\":\"Vapaaehtoiset apunasi vesill\u00e4\",\"potentialAction\":[{\"@type\":\"SearchAction\",\"target\":{\"@type\":\"EntryPoint\",\"urlTemplate\":\"https:\\\/\\\/meripelastus.fi\\\/porkkala\\\/?s={search_term_string}\"},\"query-input\":{\"@type\":\"PropertyValueSpecification\",\"valueRequired\":true,\"valueName\":\"search_term_string\"}}],\"inLanguage\":\"fi\"}]}<\/script>\n<!-- \/ Yoast SEO Premium plugin. -->","yoast_head_json":{"title":"Alarmanvisning - Porkkalan meripelastajat","robots":{"index":"index","follow":"follow","max-snippet":"max-snippet:-1","max-image-preview":"max-image-preview:large","max-video-preview":"max-video-preview:-1"},"canonical":"https:\/\/meripelastus.fi\/porkkala\/sv\/verksamhet\/alarmanvisning\/","og_locale":"fi_FI","og_type":"article","og_title":"Alarmanvisning","og_description":"Sj\u00f6r\u00e4ddningens alarmnummer 0294 1000Eller VHF-kanal 16 \/ VHF-DSC 70Allm\u00e4nt n\u00f6dnummer 112 Trossen assistans 0800 30 22 30 (1.5.-31.10.) Ring Trossen-tj\u00e4nstnumret exempelvis i f\u00f6ljande problemsituationer: OBS! Om du \u00e4r os\u00e4ker p\u00e5 om det \u00e4r fr\u00e5ga om ett icke-br\u00e5dskande hj\u00e4lpuppdrag eller en n\u00f6dsituation, ring sj\u00f6r\u00e4ddningens alarmnummer 0294 1000 eller det allm\u00e4nna n\u00f6dnumret 112.","og_url":"https:\/\/meripelastus.fi\/porkkala\/sv\/verksamhet\/alarmanvisning\/","og_site_name":"Porkkalan meripelastajat","article_modified_time":"2023-11-08T14:37:07+00:00","twitter_card":"summary_large_image","twitter_misc":{"Arvioitu lukuaika":"2 minuuttia"},"schema":{"@context":"https:\/\/schema.org","@graph":[{"@type":"WebPage","@id":"https:\/\/meripelastus.fi\/porkkala\/sv\/verksamhet\/alarmanvisning\/","url":"https:\/\/meripelastus.fi\/porkkala\/sv\/verksamhet\/alarmanvisning\/","name":"Alarmanvisning - Porkkalan meripelastajat","isPartOf":{"@id":"https:\/\/meripelastus.fi\/porkkala\/#website"},"datePublished":"2020-02-18T07:22:52+00:00","dateModified":"2023-11-08T14:37:07+00:00","breadcrumb":{"@id":"https:\/\/meripelastus.fi\/porkkala\/sv\/verksamhet\/alarmanvisning\/#breadcrumb"},"inLanguage":"fi","potentialAction":[{"@type":"ReadAction","target":["https:\/\/meripelastus.fi\/porkkala\/sv\/verksamhet\/alarmanvisning\/"]}]},{"@type":"BreadcrumbList","@id":"https:\/\/meripelastus.fi\/porkkala\/sv\/verksamhet\/alarmanvisning\/#breadcrumb","itemListElement":[{"@type":"ListItem","position":1,"name":"Home","item":"https:\/\/meripelastus.fi\/porkkala\/"},{"@type":"ListItem","position":2,"name":"Verksamhet","item":"https:\/\/meripelastus.fi\/porkkala\/sv\/verksamhet\/"},{"@type":"ListItem","position":3,"name":"Alarmanvisning"}]},{"@type":"WebSite","@id":"https:\/\/meripelastus.fi\/porkkala\/#website","url":"https:\/\/meripelastus.fi\/porkkala\/","name":"Porkkalan meripelastajat","description":"Vapaaehtoiset apunasi vesill\u00e4","potentialAction":[{"@type":"SearchAction","target":{"@type":"EntryPoint","urlTemplate":"https:\/\/meripelastus.fi\/porkkala\/?s={search_term_string}"},"query-input":{"@type":"PropertyValueSpecification","valueRequired":true,"valueName":"search_term_string"}}],"inLanguage":"fi"}]}},"_links":{"self":[{"href":"https:\/\/meripelastus.fi\/porkkala\/wp-json\/wp\/v2\/pages\/255","targetHints":{"allow":["GET"]}}],"collection":[{"href":"https:\/\/meripelastus.fi\/porkkala\/wp-json\/wp\/v2\/pages"}],"about":[{"href":"https:\/\/meripelastus.fi\/porkkala\/wp-json\/wp\/v2\/types\/page"}],"author":[{"embeddable":true,"href":"https:\/\/meripelastus.fi\/porkkala\/wp-json\/wp\/v2\/users\/1"}],"replies":[{"embeddable":true,"href":"https:\/\/meripelastus.fi\/porkkala\/wp-json\/wp\/v2\/comments?post=255"}],"version-history":[{"count":4,"href":"https:\/\/meripelastus.fi\/porkkala\/wp-json\/wp\/v2\/pages\/255\/revisions"}],"predecessor-version":[{"id":1776,"href":"https:\/\/meripelastus.fi\/porkkala\/wp-json\/wp\/v2\/pages\/255\/revisions\/1776"}],"up":[{"embeddable":true,"href":"https:\/\/meripelastus.fi\/porkkala\/wp-json\/wp\/v2\/pages\/253"}],"wp:attachment":[{"href":"https:\/\/meripelastus.fi\/porkkala\/wp-json\/wp\/v2\/media?parent=255"}],"curies":[{"name":"wp","href":"https:\/\/api.w.org\/{rel}","templated":true}]}}