{"id":249,"date":"2020-02-18T09:20:49","date_gmt":"2020-02-18T07:20:49","guid":{"rendered":"https:\/\/meripelastus.fi\/porkkala-vedos\/?page_id=249"},"modified":"2023-11-08T16:33:17","modified_gmt":"2023-11-08T14:33:17","slug":"om-oss","status":"publish","type":"page","link":"https:\/\/meripelastus.fi\/porkkala\/sv\/porkala-sjoraddare\/om-oss\/","title":{"rendered":"Frivilliga hj\u00e4lper dig p\u00e5 sj\u00f6n"},"content":{"rendered":"\n<p><span>Vi r\u00e4ddar och bist\u00e5r m\u00e4nniskor i n\u00f6d p\u00e5 sj\u00f6omr\u00e5det.<\/span><\/p>\n\n\n\n<p><span><strong>Alltid redo att hj\u00e4lpa<\/strong><\/span><\/p>\n\n\n\n<p>Det viktigaste med sj\u00f6r\u00e4ddningen \u00e4r att r\u00e4dda m\u00e4nniskoliv. Vi samarbetar med <a href=\"https:\/\/www.raja.fi\/sjoraddning\/sv\">Sj\u00f6bevakningen<\/a> och <a href=\"https:\/\/www.112.fi\/\">N\u00f6dcentralen<\/a>. Allvarliga farosituationer sker s\u00e4llan p\u00e5 v\u00e5rt verksamhetsomr\u00e5de, men mindre br\u00e5dskande uppdrag \u00e4r vanliga.<\/p>\n\n\n\n<p>Till v\u00e5ra uppgifter h\u00f6r bland annat bogsering av b\u00e5tar som k\u00f6rt p\u00e5 grund, eller som en f\u00f6ljd av ett tekniskt fel blivit obrukbara.<\/p>\n\n\n\n<p><span>Alla i f\u00f6reningen \u00e4r frivilliga. Detta inneb\u00e4r att s\u00e5v\u00e4l utbildningen, f\u00f6rebyggande verksamheten och den operativa verksamheten bedrivs p\u00e5 frivilliga krafter. Dessa \u00e4r beroende av medlemsavgifter samt underst\u00f6d av privatpersoner, f\u00f6retag och stiftelser.<\/span><\/p>\n\n\n\n<p>F\u00f6reningens \u00e4ndam\u00e5l \u00e4r bl.a.<\/p>\n\n\n\n<ul class=\"wp-block-list\">\n<li>att aktivt utf\u00f6ra sj\u00f6r\u00e4ddningsarbete inom sitt verksamhetsomr\u00e5de i samarbete med myndigheter och \u00f6vriga akt\u00f6rer.<\/li>\n\n\n\n<li>att befordra intresse f\u00f6r och f\u00f6rkovra sj\u00f6r\u00e4ddningskunskaper.<\/li>\n\n\n\n<li>att st\u00f6da \u00f6vriga f\u00f6reningar i deras arbete f\u00f6r sj\u00f6s\u00e4kerheten.<\/li>\n<\/ul>\n\n\n\n<p><span>Kort sagt,<\/span><\/p>\n\n\n\n<ul class=\"wp-block-list\">\n<li>verka f\u00f6r att farosituationer och skador inte uppst\u00e5r f\u00f6r sj\u00f6farare.<\/li>\n<\/ul>\n\n\n\n<p>Men om n\u00e5got sker,<\/p>\n\n\n\n<ul class=\"wp-block-list\">\n<li>att minimera skadorna d\u00e5 en olycka intr\u00e4ffat.<\/li>\n<\/ul>\n","protected":false},"excerpt":{"rendered":"<p>Vi r\u00e4ddar och bist\u00e5r m\u00e4nniskor i n\u00f6d p\u00e5 sj\u00f6omr\u00e5det. Alltid redo att hj\u00e4lpa Det viktigaste med sj\u00f6r\u00e4ddningen \u00e4r att r\u00e4dda m\u00e4nniskoliv. Vi samarbetar med Sj\u00f6bevakningen och N\u00f6dcentralen. Allvarliga farosituationer sker s\u00e4llan p\u00e5 v\u00e5rt verksamhetsomr\u00e5de, men mindre br\u00e5dskande uppdrag \u00e4r vanliga. Till v\u00e5ra uppgifter h\u00f6r bland annat bogsering av b\u00e5tar som k\u00f6rt p\u00e5 grund, eller som [&hellip;]<\/p>\n","protected":false},"author":1,"featured_media":1337,"parent":231,"menu_order":0,"comment_status":"closed","ping_status":"closed","template":"","meta":{"_acf_changed":false,"inline_featured_image":false,"footnotes":""},"class_list":["post-249","page","type-page","status-publish","has-post-thumbnail","hentry"],"acf":[],"yoast_head":"<!-- This site is optimized with the Yoast SEO Premium plugin v27.2 (Yoast SEO v27.2) - https:\/\/yoast.com\/product\/yoast-seo-premium-wordpress\/ -->\n<title>Frivilliga hj\u00e4lper dig p\u00e5 sj\u00f6n - Porkkalan meripelastajat<\/title>\n<meta name=\"robots\" content=\"index, follow, max-snippet:-1, max-image-preview:large, max-video-preview:-1\" \/>\n<link rel=\"canonical\" href=\"https:\/\/meripelastus.fi\/porkkala\/sv\/porkala-sjoraddare\/om-oss\/\" \/>\n<meta property=\"og:locale\" content=\"fi_FI\" \/>\n<meta property=\"og:type\" content=\"article\" \/>\n<meta property=\"og:title\" content=\"Frivilliga hj\u00e4lper dig p\u00e5 sj\u00f6n\" \/>\n<meta property=\"og:description\" content=\"Vi r\u00e4ddar och bist\u00e5r m\u00e4nniskor i n\u00f6d p\u00e5 sj\u00f6omr\u00e5det. Alltid redo att hj\u00e4lpa Det viktigaste med sj\u00f6r\u00e4ddningen \u00e4r att r\u00e4dda m\u00e4nniskoliv. Vi samarbetar med Sj\u00f6bevakningen och N\u00f6dcentralen. Allvarliga farosituationer sker s\u00e4llan p\u00e5 v\u00e5rt verksamhetsomr\u00e5de, men mindre br\u00e5dskande uppdrag \u00e4r vanliga. Till v\u00e5ra uppgifter h\u00f6r bland annat bogsering av b\u00e5tar som k\u00f6rt p\u00e5 grund, eller som [&hellip;]\" \/>\n<meta property=\"og:url\" content=\"https:\/\/meripelastus.fi\/porkkala\/sv\/porkala-sjoraddare\/om-oss\/\" \/>\n<meta property=\"og:site_name\" content=\"Porkkalan meripelastajat\" \/>\n<meta property=\"article:modified_time\" content=\"2023-11-08T14:33:17+00:00\" \/>\n<meta property=\"og:image\" content=\"https:\/\/meripelastus.fi\/porkkala\/wp-content\/uploads\/sites\/30\/2020\/03\/Uponnut-vene-Porkkalan-kaupalla-tyhjennys-guided-Aki.jpg\" \/>\n\t<meta property=\"og:image:width\" content=\"1632\" \/>\n\t<meta property=\"og:image:height\" content=\"701\" \/>\n\t<meta property=\"og:image:type\" content=\"image\/jpeg\" \/>\n<meta name=\"twitter:card\" content=\"summary_large_image\" \/>\n<meta name=\"twitter:label1\" content=\"Arvioitu lukuaika\" \/>\n\t<meta name=\"twitter:data1\" content=\"1 minuutti\" \/>\n<script type=\"application\/ld+json\" class=\"yoast-schema-graph\">{\"@context\":\"https:\/\/schema.org\",\"@graph\":[{\"@type\":\"WebPage\",\"@id\":\"https:\/\/meripelastus.fi\/porkkala\/sv\/porkala-sjoraddare\/om-oss\/\",\"url\":\"https:\/\/meripelastus.fi\/porkkala\/sv\/porkala-sjoraddare\/om-oss\/\",\"name\":\"Frivilliga hj\u00e4lper dig p\u00e5 sj\u00f6n - Porkkalan meripelastajat\",\"isPartOf\":{\"@id\":\"https:\/\/meripelastus.fi\/porkkala\/#website\"},\"primaryImageOfPage\":{\"@id\":\"https:\/\/meripelastus.fi\/porkkala\/sv\/porkala-sjoraddare\/om-oss\/#primaryimage\"},\"image\":{\"@id\":\"https:\/\/meripelastus.fi\/porkkala\/sv\/porkala-sjoraddare\/om-oss\/#primaryimage\"},\"thumbnailUrl\":\"https:\/\/meripelastus.fi\/porkkala\/wp-content\/uploads\/sites\/30\/2020\/03\/Uponnut-vene-Porkkalan-kaupalla-tyhjennys-guided-Aki.jpg\",\"datePublished\":\"2020-02-18T07:20:49+00:00\",\"dateModified\":\"2023-11-08T14:33:17+00:00\",\"breadcrumb\":{\"@id\":\"https:\/\/meripelastus.fi\/porkkala\/sv\/porkala-sjoraddare\/om-oss\/#breadcrumb\"},\"inLanguage\":\"fi\",\"potentialAction\":[{\"@type\":\"ReadAction\",\"target\":[\"https:\/\/meripelastus.fi\/porkkala\/sv\/porkala-sjoraddare\/om-oss\/\"]}]},{\"@type\":\"ImageObject\",\"inLanguage\":\"fi\",\"@id\":\"https:\/\/meripelastus.fi\/porkkala\/sv\/porkala-sjoraddare\/om-oss\/#primaryimage\",\"url\":\"https:\/\/meripelastus.fi\/porkkala\/wp-content\/uploads\/sites\/30\/2020\/03\/Uponnut-vene-Porkkalan-kaupalla-tyhjennys-guided-Aki.jpg\",\"contentUrl\":\"https:\/\/meripelastus.fi\/porkkala\/wp-content\/uploads\/sites\/30\/2020\/03\/Uponnut-vene-Porkkalan-kaupalla-tyhjennys-guided-Aki.jpg\",\"width\":1632,\"height\":701},{\"@type\":\"BreadcrumbList\",\"@id\":\"https:\/\/meripelastus.fi\/porkkala\/sv\/porkala-sjoraddare\/om-oss\/#breadcrumb\",\"itemListElement\":[{\"@type\":\"ListItem\",\"position\":1,\"name\":\"Home\",\"item\":\"https:\/\/meripelastus.fi\/porkkala\/\"},{\"@type\":\"ListItem\",\"position\":2,\"name\":\"Porkala Sj\u00f6r\u00e4ddare\",\"item\":\"https:\/\/meripelastus.fi\/porkkala\/sv\/porkala-sjoraddare\/\"},{\"@type\":\"ListItem\",\"position\":3,\"name\":\"Frivilliga hj\u00e4lper dig p\u00e5 sj\u00f6n\"}]},{\"@type\":\"WebSite\",\"@id\":\"https:\/\/meripelastus.fi\/porkkala\/#website\",\"url\":\"https:\/\/meripelastus.fi\/porkkala\/\",\"name\":\"Porkkalan meripelastajat\",\"description\":\"Vapaaehtoiset apunasi vesill\u00e4\",\"potentialAction\":[{\"@type\":\"SearchAction\",\"target\":{\"@type\":\"EntryPoint\",\"urlTemplate\":\"https:\/\/meripelastus.fi\/porkkala\/?s={search_term_string}\"},\"query-input\":{\"@type\":\"PropertyValueSpecification\",\"valueRequired\":true,\"valueName\":\"search_term_string\"}}],\"inLanguage\":\"fi\"}]}<\/script>\n<!-- \/ Yoast SEO Premium plugin. -->","yoast_head_json":{"title":"Frivilliga hj\u00e4lper dig p\u00e5 sj\u00f6n - Porkkalan meripelastajat","robots":{"index":"index","follow":"follow","max-snippet":"max-snippet:-1","max-image-preview":"max-image-preview:large","max-video-preview":"max-video-preview:-1"},"canonical":"https:\/\/meripelastus.fi\/porkkala\/sv\/porkala-sjoraddare\/om-oss\/","og_locale":"fi_FI","og_type":"article","og_title":"Frivilliga hj\u00e4lper dig p\u00e5 sj\u00f6n","og_description":"Vi r\u00e4ddar och bist\u00e5r m\u00e4nniskor i n\u00f6d p\u00e5 sj\u00f6omr\u00e5det. Alltid redo att hj\u00e4lpa Det viktigaste med sj\u00f6r\u00e4ddningen \u00e4r att r\u00e4dda m\u00e4nniskoliv. Vi samarbetar med Sj\u00f6bevakningen och N\u00f6dcentralen. Allvarliga farosituationer sker s\u00e4llan p\u00e5 v\u00e5rt verksamhetsomr\u00e5de, men mindre br\u00e5dskande uppdrag \u00e4r vanliga. Till v\u00e5ra uppgifter h\u00f6r bland annat bogsering av b\u00e5tar som k\u00f6rt p\u00e5 grund, eller som [&hellip;]","og_url":"https:\/\/meripelastus.fi\/porkkala\/sv\/porkala-sjoraddare\/om-oss\/","og_site_name":"Porkkalan meripelastajat","article_modified_time":"2023-11-08T14:33:17+00:00","og_image":[{"width":1632,"height":701,"url":"https:\/\/meripelastus.fi\/porkkala\/wp-content\/uploads\/sites\/30\/2020\/03\/Uponnut-vene-Porkkalan-kaupalla-tyhjennys-guided-Aki.jpg","type":"image\/jpeg"}],"twitter_card":"summary_large_image","twitter_misc":{"Arvioitu lukuaika":"1 minuutti"},"schema":{"@context":"https:\/\/schema.org","@graph":[{"@type":"WebPage","@id":"https:\/\/meripelastus.fi\/porkkala\/sv\/porkala-sjoraddare\/om-oss\/","url":"https:\/\/meripelastus.fi\/porkkala\/sv\/porkala-sjoraddare\/om-oss\/","name":"Frivilliga hj\u00e4lper dig p\u00e5 sj\u00f6n - Porkkalan meripelastajat","isPartOf":{"@id":"https:\/\/meripelastus.fi\/porkkala\/#website"},"primaryImageOfPage":{"@id":"https:\/\/meripelastus.fi\/porkkala\/sv\/porkala-sjoraddare\/om-oss\/#primaryimage"},"image":{"@id":"https:\/\/meripelastus.fi\/porkkala\/sv\/porkala-sjoraddare\/om-oss\/#primaryimage"},"thumbnailUrl":"https:\/\/meripelastus.fi\/porkkala\/wp-content\/uploads\/sites\/30\/2020\/03\/Uponnut-vene-Porkkalan-kaupalla-tyhjennys-guided-Aki.jpg","datePublished":"2020-02-18T07:20:49+00:00","dateModified":"2023-11-08T14:33:17+00:00","breadcrumb":{"@id":"https:\/\/meripelastus.fi\/porkkala\/sv\/porkala-sjoraddare\/om-oss\/#breadcrumb"},"inLanguage":"fi","potentialAction":[{"@type":"ReadAction","target":["https:\/\/meripelastus.fi\/porkkala\/sv\/porkala-sjoraddare\/om-oss\/"]}]},{"@type":"ImageObject","inLanguage":"fi","@id":"https:\/\/meripelastus.fi\/porkkala\/sv\/porkala-sjoraddare\/om-oss\/#primaryimage","url":"https:\/\/meripelastus.fi\/porkkala\/wp-content\/uploads\/sites\/30\/2020\/03\/Uponnut-vene-Porkkalan-kaupalla-tyhjennys-guided-Aki.jpg","contentUrl":"https:\/\/meripelastus.fi\/porkkala\/wp-content\/uploads\/sites\/30\/2020\/03\/Uponnut-vene-Porkkalan-kaupalla-tyhjennys-guided-Aki.jpg","width":1632,"height":701},{"@type":"BreadcrumbList","@id":"https:\/\/meripelastus.fi\/porkkala\/sv\/porkala-sjoraddare\/om-oss\/#breadcrumb","itemListElement":[{"@type":"ListItem","position":1,"name":"Home","item":"https:\/\/meripelastus.fi\/porkkala\/"},{"@type":"ListItem","position":2,"name":"Porkala Sj\u00f6r\u00e4ddare","item":"https:\/\/meripelastus.fi\/porkkala\/sv\/porkala-sjoraddare\/"},{"@type":"ListItem","position":3,"name":"Frivilliga hj\u00e4lper dig p\u00e5 sj\u00f6n"}]},{"@type":"WebSite","@id":"https:\/\/meripelastus.fi\/porkkala\/#website","url":"https:\/\/meripelastus.fi\/porkkala\/","name":"Porkkalan meripelastajat","description":"Vapaaehtoiset apunasi vesill\u00e4","potentialAction":[{"@type":"SearchAction","target":{"@type":"EntryPoint","urlTemplate":"https:\/\/meripelastus.fi\/porkkala\/?s={search_term_string}"},"query-input":{"@type":"PropertyValueSpecification","valueRequired":true,"valueName":"search_term_string"}}],"inLanguage":"fi"}]}},"_links":{"self":[{"href":"https:\/\/meripelastus.fi\/porkkala\/wp-json\/wp\/v2\/pages\/249","targetHints":{"allow":["GET"]}}],"collection":[{"href":"https:\/\/meripelastus.fi\/porkkala\/wp-json\/wp\/v2\/pages"}],"about":[{"href":"https:\/\/meripelastus.fi\/porkkala\/wp-json\/wp\/v2\/types\/page"}],"author":[{"embeddable":true,"href":"https:\/\/meripelastus.fi\/porkkala\/wp-json\/wp\/v2\/users\/1"}],"replies":[{"embeddable":true,"href":"https:\/\/meripelastus.fi\/porkkala\/wp-json\/wp\/v2\/comments?post=249"}],"version-history":[{"count":7,"href":"https:\/\/meripelastus.fi\/porkkala\/wp-json\/wp\/v2\/pages\/249\/revisions"}],"predecessor-version":[{"id":1771,"href":"https:\/\/meripelastus.fi\/porkkala\/wp-json\/wp\/v2\/pages\/249\/revisions\/1771"}],"up":[{"embeddable":true,"href":"https:\/\/meripelastus.fi\/porkkala\/wp-json\/wp\/v2\/pages\/231"}],"wp:featuredmedia":[{"embeddable":true,"href":"https:\/\/meripelastus.fi\/porkkala\/wp-json\/wp\/v2\/media\/1337"}],"wp:attachment":[{"href":"https:\/\/meripelastus.fi\/porkkala\/wp-json\/wp\/v2\/media?parent=249"}],"curies":[{"name":"wp","href":"https:\/\/api.w.org\/{rel}","templated":true}]}}