{"id":22,"date":"2018-03-19T09:18:43","date_gmt":"2018-03-19T07:18:43","guid":{"rendered":"http:\/\/basetemplate.smpsyhdistykset.16.testivedos.com\/?page_id=22"},"modified":"2020-02-25T20:46:20","modified_gmt":"2020-02-25T18:46:20","slug":"halytysohje","status":"publish","type":"page","link":"https:\/\/meripelastus.fi\/porkkala\/toiminta\/halytysohje\/","title":{"rendered":"H\u00e4lytysohje"},"content":{"rendered":"<p>Merell\u00e4 meripelastuksen h\u00e4lytysnumero <strong>0294 1000<\/strong><\/p>\n<p>Tai VHF-kanava 16 \/ VHF-DSC 70<\/p>\n<p>Sis\u00e4vesill\u00e4 yleinen h\u00e4t\u00e4numero <strong>112<\/strong><\/p>\n<p><strong>H\u00e4t\u00e4- tai vaaratilanteessa ilmoita:<\/strong><\/p>\n<ul>\n<li>nimesi (aluksesi nimi) ja yhteysmahdollisuudet<\/li>\n<li>tapahtumapaikka mahdollisimman tarkasti<\/li>\n<li>mit\u00e4 on tapahtunut<\/li>\n<li>onko loukkaantuneita tai ihmishenki\u00e4 vaarassa<\/li>\n<li>mit\u00e4 apua tarvitaan<\/li>\n<li>\u00c4L\u00c4 KATKAISE YHTEYTT\u00c4 ennen kuin saat luvan.<\/li>\n<\/ul>\n<p>Kiireett\u00f6m\u00e4t Trossi-palvelupyynn\u00f6t numerosta <strong>0800 30 22 30<\/strong> (1.5.-31.10.).<\/p>\n<p>P\u00e4ivyst\u00e4v\u00e4n p\u00e4\u00e4llikk\u00f6mme saa kiinni numerosta <strong>040\u00a0757 8966<\/strong><\/p>\n","protected":false},"excerpt":{"rendered":"<p>Merell\u00e4 meripelastuksen h\u00e4lytysnumero 0294 1000 Tai VHF-kanava 16 \/ VHF-DSC 70 Sis\u00e4vesill\u00e4 yleinen h\u00e4t\u00e4numero 112 H\u00e4t\u00e4- tai vaaratilanteessa ilmoita: nimesi (aluksesi nimi) ja yhteysmahdollisuudet tapahtumapaikka mahdollisimman tarkasti mit\u00e4 on tapahtunut onko loukkaantuneita tai ihmishenki\u00e4 vaarassa mit\u00e4 apua tarvitaan \u00c4L\u00c4 KATKAISE YHTEYTT\u00c4 ennen kuin saat luvan. Kiireett\u00f6m\u00e4t Trossi-palvelupyynn\u00f6t numerosta 0800 30 22 30 (1.5.-31.10.). P\u00e4ivyst\u00e4v\u00e4n p\u00e4\u00e4llikk\u00f6mme [&hellip;]<\/p>\n","protected":false},"author":1,"featured_media":0,"parent":20,"menu_order":0,"comment_status":"closed","ping_status":"closed","template":"","meta":{"_acf_changed":false,"inline_featured_image":false,"footnotes":""},"class_list":["post-22","page","type-page","status-publish","hentry"],"acf":[],"yoast_head":"<!-- This site is optimized with the Yoast SEO Premium plugin v27.2 (Yoast SEO v27.2) - https:\/\/yoast.com\/product\/yoast-seo-premium-wordpress\/ -->\n<title>H\u00e4lytysohje - Porkkalan meripelastajat<\/title>\n<meta name=\"robots\" content=\"index, follow, max-snippet:-1, max-image-preview:large, max-video-preview:-1\" \/>\n<link rel=\"canonical\" href=\"https:\/\/meripelastus.fi\/porkkala\/toiminta\/halytysohje\/\" \/>\n<meta property=\"og:locale\" content=\"fi_FI\" \/>\n<meta property=\"og:type\" content=\"article\" \/>\n<meta property=\"og:title\" content=\"H\u00e4lytysohje\" \/>\n<meta property=\"og:description\" content=\"Merell\u00e4 meripelastuksen h\u00e4lytysnumero 0294 1000 Tai VHF-kanava 16 \/ VHF-DSC 70 Sis\u00e4vesill\u00e4 yleinen h\u00e4t\u00e4numero 112 H\u00e4t\u00e4- tai vaaratilanteessa ilmoita: nimesi (aluksesi nimi) ja yhteysmahdollisuudet tapahtumapaikka mahdollisimman tarkasti mit\u00e4 on tapahtunut onko loukkaantuneita tai ihmishenki\u00e4 vaarassa mit\u00e4 apua tarvitaan \u00c4L\u00c4 KATKAISE YHTEYTT\u00c4 ennen kuin saat luvan. Kiireett\u00f6m\u00e4t Trossi-palvelupyynn\u00f6t numerosta 0800 30 22 30 (1.5.-31.10.). P\u00e4ivyst\u00e4v\u00e4n p\u00e4\u00e4llikk\u00f6mme [&hellip;]\" \/>\n<meta property=\"og:url\" content=\"https:\/\/meripelastus.fi\/porkkala\/toiminta\/halytysohje\/\" \/>\n<meta property=\"og:site_name\" content=\"Porkkalan meripelastajat\" \/>\n<meta property=\"article:modified_time\" content=\"2020-02-25T18:46:20+00:00\" \/>\n<meta name=\"twitter:card\" content=\"summary_large_image\" \/>\n<script type=\"application\/ld+json\" class=\"yoast-schema-graph\">{\"@context\":\"https:\/\/schema.org\",\"@graph\":[{\"@type\":\"WebPage\",\"@id\":\"https:\/\/meripelastus.fi\/porkkala\/toiminta\/halytysohje\/\",\"url\":\"https:\/\/meripelastus.fi\/porkkala\/toiminta\/halytysohje\/\",\"name\":\"H\u00e4lytysohje - Porkkalan meripelastajat\",\"isPartOf\":{\"@id\":\"https:\/\/meripelastus.fi\/porkkala\/#website\"},\"datePublished\":\"2018-03-19T07:18:43+00:00\",\"dateModified\":\"2020-02-25T18:46:20+00:00\",\"breadcrumb\":{\"@id\":\"https:\/\/meripelastus.fi\/porkkala\/toiminta\/halytysohje\/#breadcrumb\"},\"inLanguage\":\"fi\",\"potentialAction\":[{\"@type\":\"ReadAction\",\"target\":[\"https:\/\/meripelastus.fi\/porkkala\/toiminta\/halytysohje\/\"]}]},{\"@type\":\"BreadcrumbList\",\"@id\":\"https:\/\/meripelastus.fi\/porkkala\/toiminta\/halytysohje\/#breadcrumb\",\"itemListElement\":[{\"@type\":\"ListItem\",\"position\":1,\"name\":\"Home\",\"item\":\"https:\/\/meripelastus.fi\/porkkala\/\"},{\"@type\":\"ListItem\",\"position\":2,\"name\":\"Toiminta\",\"item\":\"https:\/\/meripelastus.fi\/porkkala\/toiminta\/\"},{\"@type\":\"ListItem\",\"position\":3,\"name\":\"H\u00e4lytysohje\"}]},{\"@type\":\"WebSite\",\"@id\":\"https:\/\/meripelastus.fi\/porkkala\/#website\",\"url\":\"https:\/\/meripelastus.fi\/porkkala\/\",\"name\":\"Porkkalan meripelastajat\",\"description\":\"Vapaaehtoiset apunasi vesill\u00e4\",\"potentialAction\":[{\"@type\":\"SearchAction\",\"target\":{\"@type\":\"EntryPoint\",\"urlTemplate\":\"https:\/\/meripelastus.fi\/porkkala\/?s={search_term_string}\"},\"query-input\":{\"@type\":\"PropertyValueSpecification\",\"valueRequired\":true,\"valueName\":\"search_term_string\"}}],\"inLanguage\":\"fi\"}]}<\/script>\n<!-- \/ Yoast SEO Premium plugin. -->","yoast_head_json":{"title":"H\u00e4lytysohje - Porkkalan meripelastajat","robots":{"index":"index","follow":"follow","max-snippet":"max-snippet:-1","max-image-preview":"max-image-preview:large","max-video-preview":"max-video-preview:-1"},"canonical":"https:\/\/meripelastus.fi\/porkkala\/toiminta\/halytysohje\/","og_locale":"fi_FI","og_type":"article","og_title":"H\u00e4lytysohje","og_description":"Merell\u00e4 meripelastuksen h\u00e4lytysnumero 0294 1000 Tai VHF-kanava 16 \/ VHF-DSC 70 Sis\u00e4vesill\u00e4 yleinen h\u00e4t\u00e4numero 112 H\u00e4t\u00e4- tai vaaratilanteessa ilmoita: nimesi (aluksesi nimi) ja yhteysmahdollisuudet tapahtumapaikka mahdollisimman tarkasti mit\u00e4 on tapahtunut onko loukkaantuneita tai ihmishenki\u00e4 vaarassa mit\u00e4 apua tarvitaan \u00c4L\u00c4 KATKAISE YHTEYTT\u00c4 ennen kuin saat luvan. Kiireett\u00f6m\u00e4t Trossi-palvelupyynn\u00f6t numerosta 0800 30 22 30 (1.5.-31.10.). P\u00e4ivyst\u00e4v\u00e4n p\u00e4\u00e4llikk\u00f6mme [&hellip;]","og_url":"https:\/\/meripelastus.fi\/porkkala\/toiminta\/halytysohje\/","og_site_name":"Porkkalan meripelastajat","article_modified_time":"2020-02-25T18:46:20+00:00","twitter_card":"summary_large_image","schema":{"@context":"https:\/\/schema.org","@graph":[{"@type":"WebPage","@id":"https:\/\/meripelastus.fi\/porkkala\/toiminta\/halytysohje\/","url":"https:\/\/meripelastus.fi\/porkkala\/toiminta\/halytysohje\/","name":"H\u00e4lytysohje - Porkkalan meripelastajat","isPartOf":{"@id":"https:\/\/meripelastus.fi\/porkkala\/#website"},"datePublished":"2018-03-19T07:18:43+00:00","dateModified":"2020-02-25T18:46:20+00:00","breadcrumb":{"@id":"https:\/\/meripelastus.fi\/porkkala\/toiminta\/halytysohje\/#breadcrumb"},"inLanguage":"fi","potentialAction":[{"@type":"ReadAction","target":["https:\/\/meripelastus.fi\/porkkala\/toiminta\/halytysohje\/"]}]},{"@type":"BreadcrumbList","@id":"https:\/\/meripelastus.fi\/porkkala\/toiminta\/halytysohje\/#breadcrumb","itemListElement":[{"@type":"ListItem","position":1,"name":"Home","item":"https:\/\/meripelastus.fi\/porkkala\/"},{"@type":"ListItem","position":2,"name":"Toiminta","item":"https:\/\/meripelastus.fi\/porkkala\/toiminta\/"},{"@type":"ListItem","position":3,"name":"H\u00e4lytysohje"}]},{"@type":"WebSite","@id":"https:\/\/meripelastus.fi\/porkkala\/#website","url":"https:\/\/meripelastus.fi\/porkkala\/","name":"Porkkalan meripelastajat","description":"Vapaaehtoiset apunasi vesill\u00e4","potentialAction":[{"@type":"SearchAction","target":{"@type":"EntryPoint","urlTemplate":"https:\/\/meripelastus.fi\/porkkala\/?s={search_term_string}"},"query-input":{"@type":"PropertyValueSpecification","valueRequired":true,"valueName":"search_term_string"}}],"inLanguage":"fi"}]}},"_links":{"self":[{"href":"https:\/\/meripelastus.fi\/porkkala\/wp-json\/wp\/v2\/pages\/22","targetHints":{"allow":["GET"]}}],"collection":[{"href":"https:\/\/meripelastus.fi\/porkkala\/wp-json\/wp\/v2\/pages"}],"about":[{"href":"https:\/\/meripelastus.fi\/porkkala\/wp-json\/wp\/v2\/types\/page"}],"author":[{"embeddable":true,"href":"https:\/\/meripelastus.fi\/porkkala\/wp-json\/wp\/v2\/users\/1"}],"replies":[{"embeddable":true,"href":"https:\/\/meripelastus.fi\/porkkala\/wp-json\/wp\/v2\/comments?post=22"}],"version-history":[{"count":4,"href":"https:\/\/meripelastus.fi\/porkkala\/wp-json\/wp\/v2\/pages\/22\/revisions"}],"predecessor-version":[{"id":391,"href":"https:\/\/meripelastus.fi\/porkkala\/wp-json\/wp\/v2\/pages\/22\/revisions\/391"}],"up":[{"embeddable":true,"href":"https:\/\/meripelastus.fi\/porkkala\/wp-json\/wp\/v2\/pages\/20"}],"wp:attachment":[{"href":"https:\/\/meripelastus.fi\/porkkala\/wp-json\/wp\/v2\/media?parent=22"}],"curies":[{"name":"wp","href":"https:\/\/api.w.org\/{rel}","templated":true}]}}