{"id":187,"date":"2018-03-19T09:15:43","date_gmt":"2018-03-19T07:15:43","guid":{"rendered":"https:\/\/meripelastus.fi\/porkkala-vedos\/?page_id=187"},"modified":"2025-12-05T10:27:57","modified_gmt":"2025-12-05T08:27:57","slug":"etusivu-2","status":"publish","type":"page","link":"https:\/\/meripelastus.fi\/porkkala\/sv\/","title":{"rendered":"Porkala Sj\u00f6r\u00e4ddare g\u00f6r frivilligt sj\u00f6r\u00e4ddningsarbete"},"content":{"rendered":"\n<div style=\"height:3rem\" aria-hidden=\"true\" class=\"wp-block-spacer\"><\/div>\n\n\n \n\t\n<div class=\"container home-container\"> \n    <div class=\"row home-img-lifts py-0 d-flex justify-content-center\">\n\n            \t\t\t\t \n\t\t\t\t\t\t<div class=\"col-10 offset-1 offset-md-0 col-md-6 col-lg-3 col-xxl-4 has-secondary-background-color d-flex flex-column align-items-stretch justify-content-between text-white text-center homelifts homelifts-lahjoita\">\n                            <div class=\"homelifts-lahjoita-img\"><img loading=\"lazy\" decoding=\"async\" src=\"https:\/\/meripelastus.fi\/porkkala\/wp-content\/uploads\/sites\/30\/2024\/01\/svg-huutomerkki-white-1.svg\" alt=\"\" width=\"300\" height=\"273\" \/><\/div> \n                            <div class=\"homelifts-lahjoita-content\">\n                                <h3 class=\"h2 text-white mt-0 mb-0\">Alarmanvisning!<\/h3>                                                                <div class=\"homelifts-lahjoita-content-otsikkoryhma\">\n                                    <h4 class=\"text-white mt-0\"><span>Insj\u00f6vattnen<\/span><\/h4>\n                                    <p><a href=\"tel:112\">112<\/a><\/p>\n                                <\/div>\n                                                                <div class=\"homelifts-lahjoita-content-otsikkoryhma\">\n                                    <h4 class=\"text-white mt-0\"><span>Sj\u00f6omr\u00e5det:<\/span><\/h4>\n                                    <p><a href=\"tel:02941000\">0294 1000<\/a><\/p>\n                                <\/div>\n                                                                                            <\/div>\n                            <a href=\"https:\/\/meripelastus.fi\/porkkala\/sv\/verksamhet\/alarmanvisning\/\" class=\"btn btn-default my-0 mx-auto\" target=\"_self\">Alarmanvisning<\/a>                             \n                        <\/div>\n\t\t\t\t\t\t\t\n            \t\t\t\t \n\t\t\t\t\t\t\t<div class=\"col-10 offset-1 offset-md-0 col-md-6 col-lg-3 col-xxl-4 has-white-background-color d-flex flex-column align-items-stretch justify-content-between text-center homelifts homelifts-trossi\">\n                                <div class=\"homelifts-trossi-img\"><img loading=\"lazy\" decoding=\"async\" src=\"https:\/\/meripelastus.fi\/porkkala\/wp-content\/uploads\/sites\/30\/2024\/01\/svg-alus-1.svg\" alt=\"\" width=\"300\" height=\"300\" \/><\/div>                          \n                                <div class=\"homelifts-trossi-content\">\n                                    <h3 class=\"h2 mt-0\">Sj\u00f6r\u00e4ddningsuppdrag<\/h3>                                                                                                                <ul class=\"list-unstyled\" id=\"tehtavatrss\" data-amount=\"2\" data-city=\"26\">\n                                            <template>\n                                                <li>\n                                                    <time><\/time>\n                                                    <strong><\/strong>\n                                                    <br \/>\n                                                    <span><\/span>\n                                                <\/li>\n                                            <\/template>\n                                        <\/ul>\n                                                                    <\/div>\n                                <a href=\"https:\/\/meripelastus.fi\/porkkala\/sv\/verksamhet\/sjoraddningsuppdrag\/\" class=\"btn btn-primary mb-0 mx-auto\" target=\"_self\">Bl\u00e4ddra bland uppgifter<\/a>                             \n                            <\/div>\n\t\t\t\t\t\t\t           \n\n            \t\t\t\t \n\t\t\t\t\t\t<div class=\"col-10 offset-1 offset-md-0 col-md-6 col-lg-3 col-xxl-4 has-secondary-background-color d-flex flex-column align-items-stretch justify-content-between text-white text-center homelifts homelifts-liity\">\n                            <div class=\"homelifts-liity-img\"><img loading=\"lazy\" decoding=\"async\" src=\"https:\/\/meripelastus.fi\/porkkala\/wp-content\/uploads\/sites\/30\/2025\/12\/smps-plus-jasenpalvelu-1-300x300.png\" alt=\"Ympyr\u00e4ikoni\" width=\"300\" height=\"300\" \/><\/div>  \n                            <div class=\"homelifts-liity-content\">\n                                <h3 class=\"h2 text-white mt-0\">Medlemstj\u00e4nst &#8211; Skydd f\u00f6r din b\u00e5t<\/h3>                                <hr class=\"homelift-border\">\n                                <p>Medlemstj\u00e4nst \u2013 trygghet f\u00f6r dina b\u00e5tf\u00e4rder.<\/p>\n                            <\/div>\n                            <a href=\"https:\/\/meripelastus.fi\/sv\/medlemstjanst\/\" class=\"btn btn-default mb-0 mx-auto\" target=\"_blank\">L\u00e4s mer<\/a>                             \n                        <\/div>\n\t\t\t\t\t\t\t    <\/div>\n<\/div>\n\n\n<div style=\"height:3rem\" aria-hidden=\"true\" class=\"wp-block-spacer\"><\/div>\n\n\n\n<div class=\"wp-block-group alignfull border-top has-white-background-color has-background\"><div class=\"wp-block-group__inner-container is-layout-constrained wp-block-group-is-layout-constrained\">\n<div style=\"height:3rem\" aria-hidden=\"true\" class=\"wp-block-spacer\"><\/div>\n\n\n\n<h4 class=\"wp-block-heading has-text-align-center has-x-large-font-size\" id=\"h-porkala-sjoraddare-gor-frivilligt-sjoraddningsarbete\" style=\"text-transform:uppercase\">Porkala Sj\u00f6r\u00e4ddare g\u00f6r frivilligt sj\u00f6r\u00e4ddningsarbete<\/h4>\n\n\n\n<p class=\"has-text-align-center\"><strong>p\u00e5 havsomr\u00e5den i Kyrksl\u00e4tt, mellan Esbo och Ing\u00e5. Vi r\u00e4ddar och hj\u00e4lper m\u00e4nniskor och b\u00e5tar i sj\u00f6n\u00f6d. Finlands sj\u00f6r\u00e4ddningss\u00e4llskap samarbetar med myndigheterna. I Finland leds <a href=\"https:\/\/www.raja.fi\/sjoraddning\/sv\">sj\u00f6r\u00e4ddningsverksamheten<\/a> av <\/strong><a href=\"https:\/\/www.raja.fi\/sv\">Gr\u00e4nsbevakningen.<\/a><\/p>\n\n\n\n<div class=\"wp-block-buttons is-content-justification-center is-layout-flex wp-container-core-buttons-is-layout-16018d1d wp-block-buttons-is-layout-flex\">\n<div class=\"wp-block-button\"><a class=\"wp-block-button__link wp-element-button\" href=\"https:\/\/meripelastus.fi\/porkkala\/sv\/porkala-sjoraddare\/om-oss\/\">Bekanta dig med&nbsp;oss<\/a><\/div>\n<\/div>\n\n\n\t\n   <div class=\"compass-wrapper\"><img loading=\"lazy\" decoding=\"async\" src=\"https:\/\/meripelastus.fi\/porkkala\/wp-content\/themes\/jarjestot\/img\/smps-kompassi-sininen.png\" width=\"1083\" height=\"110\" class=\"kompassi-block\" aria-hidden=\"true\"\/><\/div><\/div><\/div>\n","protected":false},"excerpt":{"rendered":"<p>Porkala Sj\u00f6r\u00e4ddare g\u00f6r frivilligt sj\u00f6r\u00e4ddningsarbete p\u00e5 havsomr\u00e5den i Kyrksl\u00e4tt, mellan Esbo och Ing\u00e5. Vi r\u00e4ddar och hj\u00e4lper m\u00e4nniskor och b\u00e5tar i sj\u00f6n\u00f6d. Finlands sj\u00f6r\u00e4ddningss\u00e4llskap samarbetar med myndigheterna. I Finland leds sj\u00f6r\u00e4ddningsverksamheten av Gr\u00e4nsbevakningen.<\/p>\n","protected":false},"author":1,"featured_media":1977,"parent":0,"menu_order":1,"comment_status":"closed","ping_status":"closed","template":"templates\/frontpage.php","meta":{"_acf_changed":false,"inline_featured_image":false,"footnotes":""},"class_list":["post-187","page","type-page","status-publish","has-post-thumbnail","hentry"],"acf":[],"yoast_head":"<!-- This site is optimized with the Yoast SEO Premium plugin v27.4 (Yoast SEO v27.4) - https:\/\/yoast.com\/product\/yoast-seo-premium-wordpress\/ -->\n<title>Porkala Sj\u00f6r\u00e4ddare g\u00f6r frivilligt sj\u00f6r\u00e4ddningsarbete - Porkkalan meripelastajat<\/title>\n<meta name=\"robots\" content=\"index, follow, max-snippet:-1, max-image-preview:large, max-video-preview:-1\" \/>\n<link rel=\"canonical\" href=\"https:\/\/meripelastus.fi\/porkkala\/sv\/\" \/>\n<meta property=\"og:locale\" content=\"fi_FI\" \/>\n<meta property=\"og:type\" content=\"article\" \/>\n<meta property=\"og:title\" content=\"Porkala Sj\u00f6r\u00e4ddare g\u00f6r frivilligt sj\u00f6r\u00e4ddningsarbete\" \/>\n<meta property=\"og:description\" content=\"Porkala Sj\u00f6r\u00e4ddare g\u00f6r frivilligt sj\u00f6r\u00e4ddningsarbete p\u00e5 havsomr\u00e5den i Kyrksl\u00e4tt, mellan Esbo och Ing\u00e5. Vi r\u00e4ddar och hj\u00e4lper m\u00e4nniskor och b\u00e5tar i sj\u00f6n\u00f6d. Finlands sj\u00f6r\u00e4ddningss\u00e4llskap samarbetar med myndigheterna. I Finland leds sj\u00f6r\u00e4ddningsverksamheten av Gr\u00e4nsbevakningen.\" \/>\n<meta property=\"og:url\" content=\"https:\/\/meripelastus.fi\/porkkala\/sv\/\" \/>\n<meta property=\"og:site_name\" content=\"Porkkalan meripelastajat\" \/>\n<meta property=\"article:modified_time\" content=\"2025-12-05T08:27:57+00:00\" \/>\n<meta property=\"og:image\" content=\"https:\/\/meripelastus.fi\/porkkala\/wp-content\/uploads\/sites\/30\/2024\/01\/cover.jpg\" \/>\n\t<meta property=\"og:image:width\" content=\"1800\" \/>\n\t<meta property=\"og:image:height\" content=\"850\" \/>\n\t<meta property=\"og:image:type\" content=\"image\/jpeg\" \/>\n<meta name=\"twitter:card\" content=\"summary_large_image\" \/>\n<meta name=\"twitter:label1\" content=\"Arvioitu lukuaika\" \/>\n\t<meta name=\"twitter:data1\" content=\"1 minuutti\" \/>\n<script type=\"application\/ld+json\" class=\"yoast-schema-graph\">{\"@context\":\"https:\\\/\\\/schema.org\",\"@graph\":[{\"@type\":\"WebPage\",\"@id\":\"https:\\\/\\\/meripelastus.fi\\\/porkkala\\\/sv\\\/\",\"url\":\"https:\\\/\\\/meripelastus.fi\\\/porkkala\\\/sv\\\/\",\"name\":\"Porkala Sj\u00f6r\u00e4ddare g\u00f6r frivilligt sj\u00f6r\u00e4ddningsarbete - Porkkalan meripelastajat\",\"isPartOf\":{\"@id\":\"https:\\\/\\\/meripelastus.fi\\\/porkkala\\\/#website\"},\"primaryImageOfPage\":{\"@id\":\"https:\\\/\\\/meripelastus.fi\\\/porkkala\\\/sv\\\/#primaryimage\"},\"image\":{\"@id\":\"https:\\\/\\\/meripelastus.fi\\\/porkkala\\\/sv\\\/#primaryimage\"},\"thumbnailUrl\":\"https:\\\/\\\/meripelastus.fi\\\/porkkala\\\/wp-content\\\/uploads\\\/sites\\\/30\\\/2024\\\/01\\\/cover.jpg\",\"datePublished\":\"2018-03-19T07:15:43+00:00\",\"dateModified\":\"2025-12-05T08:27:57+00:00\",\"breadcrumb\":{\"@id\":\"https:\\\/\\\/meripelastus.fi\\\/porkkala\\\/sv\\\/#breadcrumb\"},\"inLanguage\":\"fi\",\"potentialAction\":[{\"@type\":\"ReadAction\",\"target\":[\"https:\\\/\\\/meripelastus.fi\\\/porkkala\\\/sv\\\/\"]}]},{\"@type\":\"ImageObject\",\"inLanguage\":\"fi\",\"@id\":\"https:\\\/\\\/meripelastus.fi\\\/porkkala\\\/sv\\\/#primaryimage\",\"url\":\"https:\\\/\\\/meripelastus.fi\\\/porkkala\\\/wp-content\\\/uploads\\\/sites\\\/30\\\/2024\\\/01\\\/cover.jpg\",\"contentUrl\":\"https:\\\/\\\/meripelastus.fi\\\/porkkala\\\/wp-content\\\/uploads\\\/sites\\\/30\\\/2024\\\/01\\\/cover.jpg\",\"width\":1800,\"height\":850},{\"@type\":\"BreadcrumbList\",\"@id\":\"https:\\\/\\\/meripelastus.fi\\\/porkkala\\\/sv\\\/#breadcrumb\",\"itemListElement\":[{\"@type\":\"ListItem\",\"position\":1,\"name\":\"Home\",\"item\":\"https:\\\/\\\/meripelastus.fi\\\/porkkala\\\/\"},{\"@type\":\"ListItem\",\"position\":2,\"name\":\"Porkala Sj\u00f6r\u00e4ddare g\u00f6r frivilligt sj\u00f6r\u00e4ddningsarbete\"}]},{\"@type\":\"WebSite\",\"@id\":\"https:\\\/\\\/meripelastus.fi\\\/porkkala\\\/#website\",\"url\":\"https:\\\/\\\/meripelastus.fi\\\/porkkala\\\/\",\"name\":\"Porkkalan meripelastajat\",\"description\":\"Vapaaehtoiset apunasi vesill\u00e4\",\"potentialAction\":[{\"@type\":\"SearchAction\",\"target\":{\"@type\":\"EntryPoint\",\"urlTemplate\":\"https:\\\/\\\/meripelastus.fi\\\/porkkala\\\/?s={search_term_string}\"},\"query-input\":{\"@type\":\"PropertyValueSpecification\",\"valueRequired\":true,\"valueName\":\"search_term_string\"}}],\"inLanguage\":\"fi\"}]}<\/script>\n<!-- \/ Yoast SEO Premium plugin. -->","yoast_head_json":{"title":"Porkala Sj\u00f6r\u00e4ddare g\u00f6r frivilligt sj\u00f6r\u00e4ddningsarbete - Porkkalan meripelastajat","robots":{"index":"index","follow":"follow","max-snippet":"max-snippet:-1","max-image-preview":"max-image-preview:large","max-video-preview":"max-video-preview:-1"},"canonical":"https:\/\/meripelastus.fi\/porkkala\/sv\/","og_locale":"fi_FI","og_type":"article","og_title":"Porkala Sj\u00f6r\u00e4ddare g\u00f6r frivilligt sj\u00f6r\u00e4ddningsarbete","og_description":"Porkala Sj\u00f6r\u00e4ddare g\u00f6r frivilligt sj\u00f6r\u00e4ddningsarbete p\u00e5 havsomr\u00e5den i Kyrksl\u00e4tt, mellan Esbo och Ing\u00e5. Vi r\u00e4ddar och hj\u00e4lper m\u00e4nniskor och b\u00e5tar i sj\u00f6n\u00f6d. Finlands sj\u00f6r\u00e4ddningss\u00e4llskap samarbetar med myndigheterna. I Finland leds sj\u00f6r\u00e4ddningsverksamheten av Gr\u00e4nsbevakningen.","og_url":"https:\/\/meripelastus.fi\/porkkala\/sv\/","og_site_name":"Porkkalan meripelastajat","article_modified_time":"2025-12-05T08:27:57+00:00","og_image":[{"width":1800,"height":850,"url":"https:\/\/meripelastus.fi\/porkkala\/wp-content\/uploads\/sites\/30\/2024\/01\/cover.jpg","type":"image\/jpeg"}],"twitter_card":"summary_large_image","twitter_misc":{"Arvioitu lukuaika":"1 minuutti"},"schema":{"@context":"https:\/\/schema.org","@graph":[{"@type":"WebPage","@id":"https:\/\/meripelastus.fi\/porkkala\/sv\/","url":"https:\/\/meripelastus.fi\/porkkala\/sv\/","name":"Porkala Sj\u00f6r\u00e4ddare g\u00f6r frivilligt sj\u00f6r\u00e4ddningsarbete - Porkkalan meripelastajat","isPartOf":{"@id":"https:\/\/meripelastus.fi\/porkkala\/#website"},"primaryImageOfPage":{"@id":"https:\/\/meripelastus.fi\/porkkala\/sv\/#primaryimage"},"image":{"@id":"https:\/\/meripelastus.fi\/porkkala\/sv\/#primaryimage"},"thumbnailUrl":"https:\/\/meripelastus.fi\/porkkala\/wp-content\/uploads\/sites\/30\/2024\/01\/cover.jpg","datePublished":"2018-03-19T07:15:43+00:00","dateModified":"2025-12-05T08:27:57+00:00","breadcrumb":{"@id":"https:\/\/meripelastus.fi\/porkkala\/sv\/#breadcrumb"},"inLanguage":"fi","potentialAction":[{"@type":"ReadAction","target":["https:\/\/meripelastus.fi\/porkkala\/sv\/"]}]},{"@type":"ImageObject","inLanguage":"fi","@id":"https:\/\/meripelastus.fi\/porkkala\/sv\/#primaryimage","url":"https:\/\/meripelastus.fi\/porkkala\/wp-content\/uploads\/sites\/30\/2024\/01\/cover.jpg","contentUrl":"https:\/\/meripelastus.fi\/porkkala\/wp-content\/uploads\/sites\/30\/2024\/01\/cover.jpg","width":1800,"height":850},{"@type":"BreadcrumbList","@id":"https:\/\/meripelastus.fi\/porkkala\/sv\/#breadcrumb","itemListElement":[{"@type":"ListItem","position":1,"name":"Home","item":"https:\/\/meripelastus.fi\/porkkala\/"},{"@type":"ListItem","position":2,"name":"Porkala Sj\u00f6r\u00e4ddare g\u00f6r frivilligt sj\u00f6r\u00e4ddningsarbete"}]},{"@type":"WebSite","@id":"https:\/\/meripelastus.fi\/porkkala\/#website","url":"https:\/\/meripelastus.fi\/porkkala\/","name":"Porkkalan meripelastajat","description":"Vapaaehtoiset apunasi vesill\u00e4","potentialAction":[{"@type":"SearchAction","target":{"@type":"EntryPoint","urlTemplate":"https:\/\/meripelastus.fi\/porkkala\/?s={search_term_string}"},"query-input":{"@type":"PropertyValueSpecification","valueRequired":true,"valueName":"search_term_string"}}],"inLanguage":"fi"}]}},"_links":{"self":[{"href":"https:\/\/meripelastus.fi\/porkkala\/wp-json\/wp\/v2\/pages\/187","targetHints":{"allow":["GET"]}}],"collection":[{"href":"https:\/\/meripelastus.fi\/porkkala\/wp-json\/wp\/v2\/pages"}],"about":[{"href":"https:\/\/meripelastus.fi\/porkkala\/wp-json\/wp\/v2\/types\/page"}],"author":[{"embeddable":true,"href":"https:\/\/meripelastus.fi\/porkkala\/wp-json\/wp\/v2\/users\/1"}],"replies":[{"embeddable":true,"href":"https:\/\/meripelastus.fi\/porkkala\/wp-json\/wp\/v2\/comments?post=187"}],"version-history":[{"count":32,"href":"https:\/\/meripelastus.fi\/porkkala\/wp-json\/wp\/v2\/pages\/187\/revisions"}],"predecessor-version":[{"id":2397,"href":"https:\/\/meripelastus.fi\/porkkala\/wp-json\/wp\/v2\/pages\/187\/revisions\/2397"}],"wp:featuredmedia":[{"embeddable":true,"href":"https:\/\/meripelastus.fi\/porkkala\/wp-json\/wp\/v2\/media\/1977"}],"wp:attachment":[{"href":"https:\/\/meripelastus.fi\/porkkala\/wp-json\/wp\/v2\/media?parent=187"}],"curies":[{"name":"wp","href":"https:\/\/api.w.org\/{rel}","templated":true}]}}