{"id":8,"date":"2018-03-19T09:16:29","date_gmt":"2018-03-19T07:16:29","guid":{"rendered":"http:\/\/basetemplate.smpsyhdistykset.16.testivedos.com\/?page_id=8"},"modified":"2024-03-23T16:54:10","modified_gmt":"2024-03-23T14:54:10","slug":"tietoa-meista","status":"publish","type":"page","link":"https:\/\/meripelastus.fi\/pohjoiskarjala\/meripelastus-pohjois-karjala\/tietoa-meista\/","title":{"rendered":"Tietoa meist\u00e4"},"content":{"rendered":"\n<p>Suomen Meripelastusseura Pohjois-Karjala ry on Suomen Meripelastusseura ry:n j\u00e4sen. Yhdistyksen kotipaikka on Joensuun ja sen toiminta-alueena on Vuoksen vesist\u00f6 sen latvavesineen, Oravista it\u00e4\u00e4n.<br><br>Yhdistyksen tarkoituksena on toiminta-alueellaan pelastaa ihmishenki\u00e4 merih\u00e4d\u00e4st\u00e4 sek\u00e4 avustaa vesill\u00e4liikkujia vahinko- ja vaaratilanteissa. Teemme vapaaehtoista meripelastustoimintaa tunnetuksi ja toimimme meripelastusty\u00f6n sek\u00e4 vesiliikenteen turvallisuuden edist\u00e4miseksi toiminta-alueellamme.<\/p>\n\n\n\n<p>Haluatko kuulla lis\u00e4\u00e4? <a href=\"https:\/\/meripelastus.fi\/pohjoiskarjala\/yhteystiedot\/\">Ota yhteytt\u00e4<\/a> tai lue vastauksia <a href=\"https:\/\/meripelastus.fi\/jasenyys\/faq\/\">usein kysyttyihin kysymyksiin<\/a>.<\/p>\n","protected":false},"excerpt":{"rendered":"<p>Suomen Meripelastusseura Pohjois-Karjala ry on Suomen Meripelastusseura ry:n j\u00e4sen. Yhdistyksen kotipaikka on Joensuun ja sen toiminta-alueena on Vuoksen vesist\u00f6 sen latvavesineen, Oravista it\u00e4\u00e4n. Yhdistyksen tarkoituksena on toiminta-alueellaan pelastaa ihmishenki\u00e4 merih\u00e4d\u00e4st\u00e4 sek\u00e4 avustaa vesill\u00e4liikkujia vahinko- ja vaaratilanteissa. Teemme vapaaehtoista meripelastustoimintaa tunnetuksi ja toimimme meripelastusty\u00f6n sek\u00e4 vesiliikenteen turvallisuuden edist\u00e4miseksi toiminta-alueellamme. Haluatko kuulla lis\u00e4\u00e4? Ota yhteytt\u00e4 tai lue [&hellip;]<\/p>\n","protected":false},"author":1,"featured_media":0,"parent":6,"menu_order":0,"comment_status":"closed","ping_status":"closed","template":"","meta":{"_acf_changed":false,"inline_featured_image":false,"footnotes":""},"class_list":["post-8","page","type-page","status-publish","hentry"],"acf":[],"yoast_head":"<!-- This site is optimized with the Yoast SEO Premium plugin v27.2 (Yoast SEO v27.2) - https:\/\/yoast.com\/product\/yoast-seo-premium-wordpress\/ -->\n<title>Tietoa meist\u00e4 - Meripelastus Pohjois-Karjala<\/title>\n<meta name=\"robots\" content=\"index, follow, max-snippet:-1, max-image-preview:large, max-video-preview:-1\" \/>\n<link rel=\"canonical\" href=\"https:\/\/meripelastus.fi\/pohjoiskarjala\/meripelastus-pohjois-karjala\/tietoa-meista\/\" \/>\n<meta property=\"og:locale\" content=\"fi_FI\" \/>\n<meta property=\"og:type\" content=\"article\" \/>\n<meta property=\"og:title\" content=\"Tietoa meist\u00e4\" \/>\n<meta property=\"og:description\" content=\"Suomen Meripelastusseura Pohjois-Karjala ry on Suomen Meripelastusseura ry:n j\u00e4sen. Yhdistyksen kotipaikka on Joensuun ja sen toiminta-alueena on Vuoksen vesist\u00f6 sen latvavesineen, Oravista it\u00e4\u00e4n. Yhdistyksen tarkoituksena on toiminta-alueellaan pelastaa ihmishenki\u00e4 merih\u00e4d\u00e4st\u00e4 sek\u00e4 avustaa vesill\u00e4liikkujia vahinko- ja vaaratilanteissa. Teemme vapaaehtoista meripelastustoimintaa tunnetuksi ja toimimme meripelastusty\u00f6n sek\u00e4 vesiliikenteen turvallisuuden edist\u00e4miseksi toiminta-alueellamme. Haluatko kuulla lis\u00e4\u00e4? Ota yhteytt\u00e4 tai lue [&hellip;]\" \/>\n<meta property=\"og:url\" content=\"https:\/\/meripelastus.fi\/pohjoiskarjala\/meripelastus-pohjois-karjala\/tietoa-meista\/\" \/>\n<meta property=\"og:site_name\" content=\"Meripelastus Pohjois-Karjala\" \/>\n<meta property=\"article:modified_time\" content=\"2024-03-23T14:54:10+00:00\" \/>\n<meta name=\"twitter:card\" content=\"summary_large_image\" \/>\n<meta name=\"twitter:label1\" content=\"Arvioitu lukuaika\" \/>\n\t<meta name=\"twitter:data1\" content=\"1 minuutti\" \/>\n<script type=\"application\/ld+json\" class=\"yoast-schema-graph\">{\"@context\":\"https:\/\/schema.org\",\"@graph\":[{\"@type\":\"WebPage\",\"@id\":\"https:\/\/meripelastus.fi\/pohjoiskarjala\/meripelastus-pohjois-karjala\/tietoa-meista\/\",\"url\":\"https:\/\/meripelastus.fi\/pohjoiskarjala\/meripelastus-pohjois-karjala\/tietoa-meista\/\",\"name\":\"Tietoa meist\u00e4 - Meripelastus Pohjois-Karjala\",\"isPartOf\":{\"@id\":\"https:\/\/meripelastus.fi\/pohjoiskarjala\/#website\"},\"datePublished\":\"2018-03-19T07:16:29+00:00\",\"dateModified\":\"2024-03-23T14:54:10+00:00\",\"breadcrumb\":{\"@id\":\"https:\/\/meripelastus.fi\/pohjoiskarjala\/meripelastus-pohjois-karjala\/tietoa-meista\/#breadcrumb\"},\"inLanguage\":\"fi\",\"potentialAction\":[{\"@type\":\"ReadAction\",\"target\":[\"https:\/\/meripelastus.fi\/pohjoiskarjala\/meripelastus-pohjois-karjala\/tietoa-meista\/\"]}]},{\"@type\":\"BreadcrumbList\",\"@id\":\"https:\/\/meripelastus.fi\/pohjoiskarjala\/meripelastus-pohjois-karjala\/tietoa-meista\/#breadcrumb\",\"itemListElement\":[{\"@type\":\"ListItem\",\"position\":1,\"name\":\"Etusivu\",\"item\":\"https:\/\/meripelastus.fi\/pohjoiskarjala\/\"},{\"@type\":\"ListItem\",\"position\":2,\"name\":\"Meripelastus Pohjois-Karjala\",\"item\":\"https:\/\/meripelastus.fi\/pohjoiskarjala\/meripelastus-pohjois-karjala\/\"},{\"@type\":\"ListItem\",\"position\":3,\"name\":\"Tietoa meist\u00e4\"}]},{\"@type\":\"WebSite\",\"@id\":\"https:\/\/meripelastus.fi\/pohjoiskarjala\/#website\",\"url\":\"https:\/\/meripelastus.fi\/pohjoiskarjala\/\",\"name\":\"Meripelastus Pohjois-Karjala\",\"description\":\"Vapaaehtoiset apunasi vesill\u00e4\",\"potentialAction\":[{\"@type\":\"SearchAction\",\"target\":{\"@type\":\"EntryPoint\",\"urlTemplate\":\"https:\/\/meripelastus.fi\/pohjoiskarjala\/?s={search_term_string}\"},\"query-input\":{\"@type\":\"PropertyValueSpecification\",\"valueRequired\":true,\"valueName\":\"search_term_string\"}}],\"inLanguage\":\"fi\"}]}<\/script>\n<!-- \/ Yoast SEO Premium plugin. -->","yoast_head_json":{"title":"Tietoa meist\u00e4 - Meripelastus Pohjois-Karjala","robots":{"index":"index","follow":"follow","max-snippet":"max-snippet:-1","max-image-preview":"max-image-preview:large","max-video-preview":"max-video-preview:-1"},"canonical":"https:\/\/meripelastus.fi\/pohjoiskarjala\/meripelastus-pohjois-karjala\/tietoa-meista\/","og_locale":"fi_FI","og_type":"article","og_title":"Tietoa meist\u00e4","og_description":"Suomen Meripelastusseura Pohjois-Karjala ry on Suomen Meripelastusseura ry:n j\u00e4sen. Yhdistyksen kotipaikka on Joensuun ja sen toiminta-alueena on Vuoksen vesist\u00f6 sen latvavesineen, Oravista it\u00e4\u00e4n. Yhdistyksen tarkoituksena on toiminta-alueellaan pelastaa ihmishenki\u00e4 merih\u00e4d\u00e4st\u00e4 sek\u00e4 avustaa vesill\u00e4liikkujia vahinko- ja vaaratilanteissa. Teemme vapaaehtoista meripelastustoimintaa tunnetuksi ja toimimme meripelastusty\u00f6n sek\u00e4 vesiliikenteen turvallisuuden edist\u00e4miseksi toiminta-alueellamme. Haluatko kuulla lis\u00e4\u00e4? Ota yhteytt\u00e4 tai lue [&hellip;]","og_url":"https:\/\/meripelastus.fi\/pohjoiskarjala\/meripelastus-pohjois-karjala\/tietoa-meista\/","og_site_name":"Meripelastus Pohjois-Karjala","article_modified_time":"2024-03-23T14:54:10+00:00","twitter_card":"summary_large_image","twitter_misc":{"Arvioitu lukuaika":"1 minuutti"},"schema":{"@context":"https:\/\/schema.org","@graph":[{"@type":"WebPage","@id":"https:\/\/meripelastus.fi\/pohjoiskarjala\/meripelastus-pohjois-karjala\/tietoa-meista\/","url":"https:\/\/meripelastus.fi\/pohjoiskarjala\/meripelastus-pohjois-karjala\/tietoa-meista\/","name":"Tietoa meist\u00e4 - Meripelastus Pohjois-Karjala","isPartOf":{"@id":"https:\/\/meripelastus.fi\/pohjoiskarjala\/#website"},"datePublished":"2018-03-19T07:16:29+00:00","dateModified":"2024-03-23T14:54:10+00:00","breadcrumb":{"@id":"https:\/\/meripelastus.fi\/pohjoiskarjala\/meripelastus-pohjois-karjala\/tietoa-meista\/#breadcrumb"},"inLanguage":"fi","potentialAction":[{"@type":"ReadAction","target":["https:\/\/meripelastus.fi\/pohjoiskarjala\/meripelastus-pohjois-karjala\/tietoa-meista\/"]}]},{"@type":"BreadcrumbList","@id":"https:\/\/meripelastus.fi\/pohjoiskarjala\/meripelastus-pohjois-karjala\/tietoa-meista\/#breadcrumb","itemListElement":[{"@type":"ListItem","position":1,"name":"Etusivu","item":"https:\/\/meripelastus.fi\/pohjoiskarjala\/"},{"@type":"ListItem","position":2,"name":"Meripelastus Pohjois-Karjala","item":"https:\/\/meripelastus.fi\/pohjoiskarjala\/meripelastus-pohjois-karjala\/"},{"@type":"ListItem","position":3,"name":"Tietoa meist\u00e4"}]},{"@type":"WebSite","@id":"https:\/\/meripelastus.fi\/pohjoiskarjala\/#website","url":"https:\/\/meripelastus.fi\/pohjoiskarjala\/","name":"Meripelastus Pohjois-Karjala","description":"Vapaaehtoiset apunasi vesill\u00e4","potentialAction":[{"@type":"SearchAction","target":{"@type":"EntryPoint","urlTemplate":"https:\/\/meripelastus.fi\/pohjoiskarjala\/?s={search_term_string}"},"query-input":{"@type":"PropertyValueSpecification","valueRequired":true,"valueName":"search_term_string"}}],"inLanguage":"fi"}]}},"_links":{"self":[{"href":"https:\/\/meripelastus.fi\/pohjoiskarjala\/wp-json\/wp\/v2\/pages\/8","targetHints":{"allow":["GET"]}}],"collection":[{"href":"https:\/\/meripelastus.fi\/pohjoiskarjala\/wp-json\/wp\/v2\/pages"}],"about":[{"href":"https:\/\/meripelastus.fi\/pohjoiskarjala\/wp-json\/wp\/v2\/types\/page"}],"author":[{"embeddable":true,"href":"https:\/\/meripelastus.fi\/pohjoiskarjala\/wp-json\/wp\/v2\/users\/1"}],"replies":[{"embeddable":true,"href":"https:\/\/meripelastus.fi\/pohjoiskarjala\/wp-json\/wp\/v2\/comments?post=8"}],"version-history":[{"count":9,"href":"https:\/\/meripelastus.fi\/pohjoiskarjala\/wp-json\/wp\/v2\/pages\/8\/revisions"}],"predecessor-version":[{"id":291,"href":"https:\/\/meripelastus.fi\/pohjoiskarjala\/wp-json\/wp\/v2\/pages\/8\/revisions\/291"}],"up":[{"embeddable":true,"href":"https:\/\/meripelastus.fi\/pohjoiskarjala\/wp-json\/wp\/v2\/pages\/6"}],"wp:attachment":[{"href":"https:\/\/meripelastus.fi\/pohjoiskarjala\/wp-json\/wp\/v2\/media?parent=8"}],"curies":[{"name":"wp","href":"https:\/\/api.w.org\/{rel}","templated":true}]}}