{"id":8,"date":"2018-03-19T09:16:29","date_gmt":"2018-03-19T07:16:29","guid":{"rendered":"http:\/\/basetemplate.smpsyhdistykset.16.testivedos.com\/?page_id=8"},"modified":"2021-11-22T15:53:20","modified_gmt":"2021-11-22T13:53:20","slug":"tietoa-meista","status":"publish","type":"page","link":"https:\/\/meripelastus.fi\/pirkanmaa\/pirkanmaa\/tietoa-meista\/","title":{"rendered":"Tietoa meist\u00e4"},"content":{"rendered":"<h2>Yhdistys<\/h2>\n<p>Suomen Meripelastusseura Pirkanmaa ry on yleishy\u00f6dyllinen yhdistys, jonka t\u00e4rkeimp\u00e4n\u00e4 tavoitteena turvata kahden pelastusasemansa toiminta. Yhdistys on <a href=\"https:\/\/www.meripelastus.fi\">Suomen Meripelastusseura ry<\/a> j\u00e4senyhdistys ja aluksemme k\u00e4ytt\u00e4v\u00e4t Suomen Meripelastusseuran varustamolippua.<\/p>\n<p>Yhdistyksen hallitus huolehtii erityisesti yhdistyksen varainhankinnasta, taloudenhoidosta sek\u00e4 suhteista viranomaisiin. Hallitus kantaa my\u00f6s laivais\u00e4nn\u00e4n vastuuta, joten se valvoo mm. pelastusalusten k\u00e4ytt\u00f6\u00e4 ja miehist\u00f6n osaamista. Pelastusalukset omistaa Suomen Meripelastusseura, joka on antanut ne k\u00e4ytt\u00f6\u00f6mme edellytyksell\u00e4, ett\u00e4 huolehdimme mm. katsastus- ja koulutusj\u00e4rjestelm\u00e4n noudattamisesta.<\/p>\n<h2>Pelastusasemat toimivat<\/h2>\n<p>Toimintamme keskittyy kahdelle pelastusasemalle, jotka toimivat Tampereella ja Valkeakoskella. Toiminnalla on Pirkanmaalla pitk\u00e4t perinteet, vaikka nykyinen yhdistys on perustettu vuonna 2011, jolloin kokosimme yhteen maakunnan vapaaehtoisen vesipelastustoiminnan voimat.<\/p>\n<p>Pelastusasemiemme h\u00e4lytysmiehist\u00f6t p\u00e4ivyst\u00e4v\u00e4t veneilykauden aikana ymp\u00e4ri vuorokauden. Teht\u00e4v\u00e4t v\u00e4litet\u00e4\u00e4n H\u00e4t\u00e4keskuksesta koko h\u00e4lytysmiehist\u00f6lle, mink\u00e4 j\u00e4lkeen pelastusalukset miehitet\u00e4\u00e4n h\u00e4t\u00e4tilanteessa pelastuslaitoksen kanssa sovitun mukaisesti.<\/p>\n<p>Kiireett\u00f6m\u00e4t teht\u00e4v\u00e4t h\u00e4lytet\u00e4\u00e4n trossipalvelun kautta tai sovitaan pelastusaseman p\u00e4\u00e4llik\u00f6n kanssa.<\/p>\n<p>Jos tarvitset apua vesialueella, on t\u00e4rke\u00e4\u00e4, ett\u00e4 soitat yleiseen h\u00e4t\u00e4numeroon 112. H\u00e4t\u00e4keskus osaa v\u00e4litt\u00e4\u00e4 teht\u00e4v\u00e4n l\u00e4himm\u00e4lle ja tarkoituksenmukaiselle yksik\u00f6lle. Vain kiireett\u00f6m\u00e4t avunpyynn\u00f6t kuuluvat trossipalvelulle.<\/p>\n<p><a href=\"https:\/\/meripelastus.fi\/pirkanmaa\/toiminta\/halytysohje\/\">Lue h\u00e4lytysohjeet t\u00e4st\u00e4.<\/a><\/p>\n","protected":false},"excerpt":{"rendered":"<p>Yhdistys Suomen Meripelastusseura Pirkanmaa ry on yleishy\u00f6dyllinen yhdistys, jonka t\u00e4rkeimp\u00e4n\u00e4 tavoitteena turvata kahden pelastusasemansa toiminta. Yhdistys on Suomen Meripelastusseura ry j\u00e4senyhdistys ja aluksemme k\u00e4ytt\u00e4v\u00e4t Suomen Meripelastusseuran varustamolippua. Yhdistyksen hallitus huolehtii erityisesti yhdistyksen varainhankinnasta, taloudenhoidosta sek\u00e4 suhteista viranomaisiin. Hallitus kantaa my\u00f6s laivais\u00e4nn\u00e4n vastuuta, joten se valvoo mm. pelastusalusten k\u00e4ytt\u00f6\u00e4 ja miehist\u00f6n osaamista. Pelastusalukset omistaa Suomen Meripelastusseura, [&hellip;]<\/p>\n","protected":false},"author":1,"featured_media":0,"parent":6,"menu_order":0,"comment_status":"closed","ping_status":"closed","template":"","meta":{"_acf_changed":false,"inline_featured_image":false,"footnotes":""},"class_list":["post-8","page","type-page","status-publish","hentry"],"acf":[],"yoast_head":"<!-- This site is optimized with the Yoast SEO Premium plugin v27.2 (Yoast SEO v27.2) - https:\/\/yoast.com\/product\/yoast-seo-premium-wordpress\/ -->\n<title>Tietoa meist\u00e4 - Suomen Meripelastusseura Pirkanmaa ry<\/title>\n<meta name=\"robots\" content=\"noindex, follow, max-snippet:-1, max-image-preview:large, max-video-preview:-1\" \/>\n<meta property=\"og:locale\" content=\"fi_FI\" \/>\n<meta property=\"og:type\" content=\"article\" \/>\n<meta property=\"og:title\" content=\"Tietoa meist\u00e4\" \/>\n<meta property=\"og:description\" content=\"Yhdistys Suomen Meripelastusseura Pirkanmaa ry on yleishy\u00f6dyllinen yhdistys, jonka t\u00e4rkeimp\u00e4n\u00e4 tavoitteena turvata kahden pelastusasemansa toiminta. Yhdistys on Suomen Meripelastusseura ry j\u00e4senyhdistys ja aluksemme k\u00e4ytt\u00e4v\u00e4t Suomen Meripelastusseuran varustamolippua. Yhdistyksen hallitus huolehtii erityisesti yhdistyksen varainhankinnasta, taloudenhoidosta sek\u00e4 suhteista viranomaisiin. Hallitus kantaa my\u00f6s laivais\u00e4nn\u00e4n vastuuta, joten se valvoo mm. pelastusalusten k\u00e4ytt\u00f6\u00e4 ja miehist\u00f6n osaamista. Pelastusalukset omistaa Suomen Meripelastusseura, [&hellip;]\" \/>\n<meta property=\"og:url\" content=\"https:\/\/meripelastus.fi\/pirkanmaa\/pirkanmaa\/tietoa-meista\/\" \/>\n<meta property=\"og:site_name\" content=\"Suomen Meripelastusseura Pirkanmaa ry\" \/>\n<meta property=\"article:modified_time\" content=\"2021-11-22T13:53:20+00:00\" \/>\n<meta name=\"twitter:card\" content=\"summary_large_image\" \/>\n<meta name=\"twitter:label1\" content=\"Arvioitu lukuaika\" \/>\n\t<meta name=\"twitter:data1\" content=\"1 minuutti\" \/>\n<script type=\"application\/ld+json\" class=\"yoast-schema-graph\">{\"@context\":\"https:\/\/schema.org\",\"@graph\":[{\"@type\":\"WebPage\",\"@id\":\"https:\/\/meripelastus.fi\/pirkanmaa\/pirkanmaa\/tietoa-meista\/\",\"url\":\"https:\/\/meripelastus.fi\/pirkanmaa\/pirkanmaa\/tietoa-meista\/\",\"name\":\"Tietoa meist\u00e4 - Suomen Meripelastusseura Pirkanmaa ry\",\"isPartOf\":{\"@id\":\"https:\/\/meripelastus.fi\/pirkanmaa\/#website\"},\"datePublished\":\"2018-03-19T07:16:29+00:00\",\"dateModified\":\"2021-11-22T13:53:20+00:00\",\"breadcrumb\":{\"@id\":\"https:\/\/meripelastus.fi\/pirkanmaa\/pirkanmaa\/tietoa-meista\/#breadcrumb\"},\"inLanguage\":\"fi\",\"potentialAction\":[{\"@type\":\"ReadAction\",\"target\":[\"https:\/\/meripelastus.fi\/pirkanmaa\/pirkanmaa\/tietoa-meista\/\"]}]},{\"@type\":\"BreadcrumbList\",\"@id\":\"https:\/\/meripelastus.fi\/pirkanmaa\/pirkanmaa\/tietoa-meista\/#breadcrumb\",\"itemListElement\":[{\"@type\":\"ListItem\",\"position\":1,\"name\":\"Etusivu\",\"item\":\"https:\/\/meripelastus.fi\/pirkanmaa\/\"},{\"@type\":\"ListItem\",\"position\":2,\"name\":\"Pirkanmaa\",\"item\":\"https:\/\/meripelastus.fi\/pirkanmaa\/pirkanmaa\/\"},{\"@type\":\"ListItem\",\"position\":3,\"name\":\"Tietoa meist\u00e4\"}]},{\"@type\":\"WebSite\",\"@id\":\"https:\/\/meripelastus.fi\/pirkanmaa\/#website\",\"url\":\"https:\/\/meripelastus.fi\/pirkanmaa\/\",\"name\":\"Suomen Meripelastusseura Pirkanmaa ry\",\"description\":\"Vapaaehtoiset apunasi vesill\u00e4\",\"potentialAction\":[{\"@type\":\"SearchAction\",\"target\":{\"@type\":\"EntryPoint\",\"urlTemplate\":\"https:\/\/meripelastus.fi\/pirkanmaa\/?s={search_term_string}\"},\"query-input\":{\"@type\":\"PropertyValueSpecification\",\"valueRequired\":true,\"valueName\":\"search_term_string\"}}],\"inLanguage\":\"fi\"}]}<\/script>\n<!-- \/ Yoast SEO Premium plugin. -->","yoast_head_json":{"title":"Tietoa meist\u00e4 - Suomen Meripelastusseura Pirkanmaa ry","robots":{"index":"noindex","follow":"follow","max-snippet":"max-snippet:-1","max-image-preview":"max-image-preview:large","max-video-preview":"max-video-preview:-1"},"og_locale":"fi_FI","og_type":"article","og_title":"Tietoa meist\u00e4","og_description":"Yhdistys Suomen Meripelastusseura Pirkanmaa ry on yleishy\u00f6dyllinen yhdistys, jonka t\u00e4rkeimp\u00e4n\u00e4 tavoitteena turvata kahden pelastusasemansa toiminta. Yhdistys on Suomen Meripelastusseura ry j\u00e4senyhdistys ja aluksemme k\u00e4ytt\u00e4v\u00e4t Suomen Meripelastusseuran varustamolippua. Yhdistyksen hallitus huolehtii erityisesti yhdistyksen varainhankinnasta, taloudenhoidosta sek\u00e4 suhteista viranomaisiin. Hallitus kantaa my\u00f6s laivais\u00e4nn\u00e4n vastuuta, joten se valvoo mm. pelastusalusten k\u00e4ytt\u00f6\u00e4 ja miehist\u00f6n osaamista. Pelastusalukset omistaa Suomen Meripelastusseura, [&hellip;]","og_url":"https:\/\/meripelastus.fi\/pirkanmaa\/pirkanmaa\/tietoa-meista\/","og_site_name":"Suomen Meripelastusseura Pirkanmaa ry","article_modified_time":"2021-11-22T13:53:20+00:00","twitter_card":"summary_large_image","twitter_misc":{"Arvioitu lukuaika":"1 minuutti"},"schema":{"@context":"https:\/\/schema.org","@graph":[{"@type":"WebPage","@id":"https:\/\/meripelastus.fi\/pirkanmaa\/pirkanmaa\/tietoa-meista\/","url":"https:\/\/meripelastus.fi\/pirkanmaa\/pirkanmaa\/tietoa-meista\/","name":"Tietoa meist\u00e4 - Suomen Meripelastusseura Pirkanmaa ry","isPartOf":{"@id":"https:\/\/meripelastus.fi\/pirkanmaa\/#website"},"datePublished":"2018-03-19T07:16:29+00:00","dateModified":"2021-11-22T13:53:20+00:00","breadcrumb":{"@id":"https:\/\/meripelastus.fi\/pirkanmaa\/pirkanmaa\/tietoa-meista\/#breadcrumb"},"inLanguage":"fi","potentialAction":[{"@type":"ReadAction","target":["https:\/\/meripelastus.fi\/pirkanmaa\/pirkanmaa\/tietoa-meista\/"]}]},{"@type":"BreadcrumbList","@id":"https:\/\/meripelastus.fi\/pirkanmaa\/pirkanmaa\/tietoa-meista\/#breadcrumb","itemListElement":[{"@type":"ListItem","position":1,"name":"Etusivu","item":"https:\/\/meripelastus.fi\/pirkanmaa\/"},{"@type":"ListItem","position":2,"name":"Pirkanmaa","item":"https:\/\/meripelastus.fi\/pirkanmaa\/pirkanmaa\/"},{"@type":"ListItem","position":3,"name":"Tietoa meist\u00e4"}]},{"@type":"WebSite","@id":"https:\/\/meripelastus.fi\/pirkanmaa\/#website","url":"https:\/\/meripelastus.fi\/pirkanmaa\/","name":"Suomen Meripelastusseura Pirkanmaa ry","description":"Vapaaehtoiset apunasi vesill\u00e4","potentialAction":[{"@type":"SearchAction","target":{"@type":"EntryPoint","urlTemplate":"https:\/\/meripelastus.fi\/pirkanmaa\/?s={search_term_string}"},"query-input":{"@type":"PropertyValueSpecification","valueRequired":true,"valueName":"search_term_string"}}],"inLanguage":"fi"}]}},"_links":{"self":[{"href":"https:\/\/meripelastus.fi\/pirkanmaa\/wp-json\/wp\/v2\/pages\/8","targetHints":{"allow":["GET"]}}],"collection":[{"href":"https:\/\/meripelastus.fi\/pirkanmaa\/wp-json\/wp\/v2\/pages"}],"about":[{"href":"https:\/\/meripelastus.fi\/pirkanmaa\/wp-json\/wp\/v2\/types\/page"}],"author":[{"embeddable":true,"href":"https:\/\/meripelastus.fi\/pirkanmaa\/wp-json\/wp\/v2\/users\/1"}],"replies":[{"embeddable":true,"href":"https:\/\/meripelastus.fi\/pirkanmaa\/wp-json\/wp\/v2\/comments?post=8"}],"version-history":[{"count":10,"href":"https:\/\/meripelastus.fi\/pirkanmaa\/wp-json\/wp\/v2\/pages\/8\/revisions"}],"predecessor-version":[{"id":343,"href":"https:\/\/meripelastus.fi\/pirkanmaa\/wp-json\/wp\/v2\/pages\/8\/revisions\/343"}],"up":[{"embeddable":true,"href":"https:\/\/meripelastus.fi\/pirkanmaa\/wp-json\/wp\/v2\/pages\/6"}],"wp:attachment":[{"href":"https:\/\/meripelastus.fi\/pirkanmaa\/wp-json\/wp\/v2\/media?parent=8"}],"curies":[{"name":"wp","href":"https:\/\/api.w.org\/{rel}","templated":true}]}}