{"id":51,"date":"2018-03-19T09:24:37","date_gmt":"2018-03-19T07:24:37","guid":{"rendered":"http:\/\/basetemplate.smpsyhdistykset.16.testivedos.com\/?page_id=51"},"modified":"2025-01-30T21:05:03","modified_gmt":"2025-01-30T19:05:03","slug":"yhteystiedot","status":"publish","type":"page","link":"https:\/\/meripelastus.fi\/pirkanmaa\/yhteystiedot\/","title":{"rendered":"Yhteystiedot"},"content":{"rendered":"\n<p>Mik\u00e4li olet v\u00e4litt\u00f6m\u00e4ss\u00e4 h\u00e4d\u00e4ss\u00e4, tee h\u00e4t\u00e4ilmoitus <a href=\"https:\/\/meripelastus.fi\/pirkanmaa-vedos\/toiminta\/halytysohje\/\">h\u00e4lytysohjeen<\/a> mukaisesti.<\/p>\n\n\n\n<h2 class=\"wp-block-heading\" id=\"h-yhdistyksen-hallitus\">Yhdistyksen hallitus<\/h2>\n\n\n\n<p><strong>Viranomaisyhteisty\u00f6, viralliset lausunnot, hallinnolliset asiat<\/strong><br>Puheenjohtaja Vesa Arvonen<br>hallitus.pirkanmaa(\u00e4t)messi.meripelastus.fi<\/p>\n\n\n\n<p><strong>Tiedotus (sosiaalinen media ja verkkosivut)<\/strong><br>Markus Haapam\u00e4ki<br>tiedotustr.pirkanmaa(\u00e4t)messi.meripelastus.fi<\/p>\n\n\n\n<h2 class=\"wp-block-heading\" id=\"h-tampereen-pelastusasema\">Tampereen pelastusasema<\/h2>\n\n\n\n<p><strong>Pelastusasemien operatiivinen toiminta, alusten k\u00e4ytt\u00f6 ja valmiusasiat sek\u00e4 kiireett\u00f6m\u00e4t ty\u00f6teht\u00e4v\u00e4t<\/strong><br>Pelastusaseman p\u00e4\u00e4llikk\u00f6 Lassi J\u00e4ms\u00e4<br>asematr.tampere(\u00e4t)messi.meripelastus.fi<\/p>\n\n\n\n<p><strong>Koulutustoiminta<\/strong><br>Koulutusvastaava Mira Sir\u00e9n<br>koulutus.tampere(\u00e4t)messi.meripelastus.fi<\/p>\n\n\n\n<p><strong>Miehist\u00f6n rekrytointi<br><\/strong>Tulokasvastaava Julius Alanko<br>tulokasvastaava.tampere(\u00e4t)meripelastuspirkanmaa.fi<\/p>\n\n\n\n<h2 class=\"wp-block-heading\" id=\"h-valkeakosken-pelastusasema\">Valkeakosken pelastusasema<\/h2>\n\n\n\n<p><strong>Pelastusasemien operatiivinen toiminta, alusten k\u00e4ytt\u00f6 ja valmiusasiat sek\u00e4 kiireett\u00f6m\u00e4t ty\u00f6teht\u00e4v\u00e4t<\/strong><br>Pelastusaseman p\u00e4\u00e4llikk\u00f6 Tuomas M\u00e4kinen<br>asematr.valkeakoski(\u00e4t)messi.meripelastus.fi<\/p>\n\n\n\n<p><strong>Koulutustoiminta<\/strong><br>Koulutusvastaava Helin\u00e4 Tr\u00e4skman<br>koulutus.valkeakoski(\u00e4t)messi.meripelastus.fi<\/p>\n\n\n\n<p><strong>Miehist\u00f6n rekrytointi<\/strong><br>tulokas.valkeakoski(\u00e4t)messi.meripelastus.fi<\/p>\n","protected":false},"excerpt":{"rendered":"<p>Mik\u00e4li olet v\u00e4litt\u00f6m\u00e4ss\u00e4 h\u00e4d\u00e4ss\u00e4, tee h\u00e4t\u00e4ilmoitus h\u00e4lytysohjeen mukaisesti. Yhdistyksen hallitus Viranomaisyhteisty\u00f6, viralliset lausunnot, hallinnolliset asiatPuheenjohtaja Vesa Arvonenhallitus.pirkanmaa(\u00e4t)messi.meripelastus.fi Tiedotus (sosiaalinen media ja verkkosivut)Markus Haapam\u00e4kitiedotustr.pirkanmaa(\u00e4t)messi.meripelastus.fi Tampereen pelastusasema Pelastusasemien operatiivinen toiminta, alusten k\u00e4ytt\u00f6 ja valmiusasiat sek\u00e4 kiireett\u00f6m\u00e4t ty\u00f6teht\u00e4v\u00e4tPelastusaseman p\u00e4\u00e4llikk\u00f6 Lassi J\u00e4ms\u00e4asematr.tampere(\u00e4t)messi.meripelastus.fi KoulutustoimintaKoulutusvastaava Mira Sir\u00e9nkoulutus.tampere(\u00e4t)messi.meripelastus.fi Miehist\u00f6n rekrytointiTulokasvastaava Julius Alankotulokasvastaava.tampere(\u00e4t)meripelastuspirkanmaa.fi Valkeakosken pelastusasema Pelastusasemien operatiivinen toiminta, alusten k\u00e4ytt\u00f6 ja valmiusasiat sek\u00e4 [&hellip;]<\/p>\n","protected":false},"author":1,"featured_media":301,"parent":0,"menu_order":4,"comment_status":"closed","ping_status":"closed","template":"","meta":{"_acf_changed":false,"inline_featured_image":false,"footnotes":""},"class_list":["post-51","page","type-page","status-publish","has-post-thumbnail","hentry"],"acf":[],"yoast_head":"<!-- This site is optimized with the Yoast SEO Premium plugin v27.2 (Yoast SEO v27.2) - https:\/\/yoast.com\/product\/yoast-seo-premium-wordpress\/ -->\n<title>Yhteystiedot - Suomen Meripelastusseura Pirkanmaa ry<\/title>\n<meta name=\"description\" content=\"Meid\u00e4t h\u00e4lytet\u00e4\u00e4n numerosta 112. Kiireett\u00f6m\u00e4n avunpyynn\u00f6t trossipalvelunumerosta. Hallinnolliset yhteystiedot t\u00e4\u00e4ll\u00e4.\" \/>\n<meta name=\"robots\" content=\"noindex, follow, max-snippet:-1, max-image-preview:large, max-video-preview:-1\" \/>\n<meta property=\"og:locale\" content=\"fi_FI\" \/>\n<meta property=\"og:type\" content=\"article\" \/>\n<meta property=\"og:title\" content=\"Yhteystiedot\" \/>\n<meta property=\"og:description\" content=\"Meid\u00e4t h\u00e4lytet\u00e4\u00e4n numerosta 112. Kiireett\u00f6m\u00e4n avunpyynn\u00f6t trossipalvelunumerosta. Hallinnolliset yhteystiedot t\u00e4\u00e4ll\u00e4.\" \/>\n<meta property=\"og:url\" content=\"https:\/\/meripelastus.fi\/pirkanmaa\/yhteystiedot\/\" \/>\n<meta property=\"og:site_name\" content=\"Suomen Meripelastusseura Pirkanmaa ry\" \/>\n<meta property=\"article:modified_time\" content=\"2025-01-30T19:05:03+00:00\" \/>\n<meta property=\"og:image\" content=\"https:\/\/meripelastus.fi\/pirkanmaa\/wp-content\/uploads\/sites\/16\/2021\/11\/alasivu.jpg\" \/>\n\t<meta property=\"og:image:width\" content=\"1800\" \/>\n\t<meta property=\"og:image:height\" content=\"850\" \/>\n\t<meta property=\"og:image:type\" content=\"image\/jpeg\" \/>\n<meta name=\"twitter:card\" content=\"summary_large_image\" \/>\n<meta name=\"twitter:label1\" content=\"Arvioitu lukuaika\" \/>\n\t<meta name=\"twitter:data1\" content=\"1 minuutti\" \/>\n<script type=\"application\/ld+json\" class=\"yoast-schema-graph\">{\"@context\":\"https:\/\/schema.org\",\"@graph\":[{\"@type\":\"WebPage\",\"@id\":\"https:\/\/meripelastus.fi\/pirkanmaa\/yhteystiedot\/\",\"url\":\"https:\/\/meripelastus.fi\/pirkanmaa\/yhteystiedot\/\",\"name\":\"Yhteystiedot - Suomen Meripelastusseura Pirkanmaa ry\",\"isPartOf\":{\"@id\":\"https:\/\/meripelastus.fi\/pirkanmaa\/#website\"},\"primaryImageOfPage\":{\"@id\":\"https:\/\/meripelastus.fi\/pirkanmaa\/yhteystiedot\/#primaryimage\"},\"image\":{\"@id\":\"https:\/\/meripelastus.fi\/pirkanmaa\/yhteystiedot\/#primaryimage\"},\"thumbnailUrl\":\"https:\/\/meripelastus.fi\/pirkanmaa\/wp-content\/uploads\/sites\/16\/2021\/11\/alasivu.jpg\",\"datePublished\":\"2018-03-19T07:24:37+00:00\",\"dateModified\":\"2025-01-30T19:05:03+00:00\",\"description\":\"Meid\u00e4t h\u00e4lytet\u00e4\u00e4n numerosta 112. Kiireett\u00f6m\u00e4n avunpyynn\u00f6t trossipalvelunumerosta. Hallinnolliset yhteystiedot t\u00e4\u00e4ll\u00e4.\",\"breadcrumb\":{\"@id\":\"https:\/\/meripelastus.fi\/pirkanmaa\/yhteystiedot\/#breadcrumb\"},\"inLanguage\":\"fi\",\"potentialAction\":[{\"@type\":\"ReadAction\",\"target\":[\"https:\/\/meripelastus.fi\/pirkanmaa\/yhteystiedot\/\"]}]},{\"@type\":\"ImageObject\",\"inLanguage\":\"fi\",\"@id\":\"https:\/\/meripelastus.fi\/pirkanmaa\/yhteystiedot\/#primaryimage\",\"url\":\"https:\/\/meripelastus.fi\/pirkanmaa\/wp-content\/uploads\/sites\/16\/2021\/11\/alasivu.jpg\",\"contentUrl\":\"https:\/\/meripelastus.fi\/pirkanmaa\/wp-content\/uploads\/sites\/16\/2021\/11\/alasivu.jpg\",\"width\":1800,\"height\":850},{\"@type\":\"BreadcrumbList\",\"@id\":\"https:\/\/meripelastus.fi\/pirkanmaa\/yhteystiedot\/#breadcrumb\",\"itemListElement\":[{\"@type\":\"ListItem\",\"position\":1,\"name\":\"Etusivu\",\"item\":\"https:\/\/meripelastus.fi\/pirkanmaa\/\"},{\"@type\":\"ListItem\",\"position\":2,\"name\":\"Yhteystiedot\"}]},{\"@type\":\"WebSite\",\"@id\":\"https:\/\/meripelastus.fi\/pirkanmaa\/#website\",\"url\":\"https:\/\/meripelastus.fi\/pirkanmaa\/\",\"name\":\"Suomen Meripelastusseura Pirkanmaa ry\",\"description\":\"Vapaaehtoiset apunasi vesill\u00e4\",\"potentialAction\":[{\"@type\":\"SearchAction\",\"target\":{\"@type\":\"EntryPoint\",\"urlTemplate\":\"https:\/\/meripelastus.fi\/pirkanmaa\/?s={search_term_string}\"},\"query-input\":{\"@type\":\"PropertyValueSpecification\",\"valueRequired\":true,\"valueName\":\"search_term_string\"}}],\"inLanguage\":\"fi\"}]}<\/script>\n<!-- \/ Yoast SEO Premium plugin. -->","yoast_head_json":{"title":"Yhteystiedot - Suomen Meripelastusseura Pirkanmaa ry","description":"Meid\u00e4t h\u00e4lytet\u00e4\u00e4n numerosta 112. Kiireett\u00f6m\u00e4n avunpyynn\u00f6t trossipalvelunumerosta. Hallinnolliset yhteystiedot t\u00e4\u00e4ll\u00e4.","robots":{"index":"noindex","follow":"follow","max-snippet":"max-snippet:-1","max-image-preview":"max-image-preview:large","max-video-preview":"max-video-preview:-1"},"og_locale":"fi_FI","og_type":"article","og_title":"Yhteystiedot","og_description":"Meid\u00e4t h\u00e4lytet\u00e4\u00e4n numerosta 112. Kiireett\u00f6m\u00e4n avunpyynn\u00f6t trossipalvelunumerosta. Hallinnolliset yhteystiedot t\u00e4\u00e4ll\u00e4.","og_url":"https:\/\/meripelastus.fi\/pirkanmaa\/yhteystiedot\/","og_site_name":"Suomen Meripelastusseura Pirkanmaa ry","article_modified_time":"2025-01-30T19:05:03+00:00","og_image":[{"width":1800,"height":850,"url":"https:\/\/meripelastus.fi\/pirkanmaa\/wp-content\/uploads\/sites\/16\/2021\/11\/alasivu.jpg","type":"image\/jpeg"}],"twitter_card":"summary_large_image","twitter_misc":{"Arvioitu lukuaika":"1 minuutti"},"schema":{"@context":"https:\/\/schema.org","@graph":[{"@type":"WebPage","@id":"https:\/\/meripelastus.fi\/pirkanmaa\/yhteystiedot\/","url":"https:\/\/meripelastus.fi\/pirkanmaa\/yhteystiedot\/","name":"Yhteystiedot - Suomen Meripelastusseura Pirkanmaa ry","isPartOf":{"@id":"https:\/\/meripelastus.fi\/pirkanmaa\/#website"},"primaryImageOfPage":{"@id":"https:\/\/meripelastus.fi\/pirkanmaa\/yhteystiedot\/#primaryimage"},"image":{"@id":"https:\/\/meripelastus.fi\/pirkanmaa\/yhteystiedot\/#primaryimage"},"thumbnailUrl":"https:\/\/meripelastus.fi\/pirkanmaa\/wp-content\/uploads\/sites\/16\/2021\/11\/alasivu.jpg","datePublished":"2018-03-19T07:24:37+00:00","dateModified":"2025-01-30T19:05:03+00:00","description":"Meid\u00e4t h\u00e4lytet\u00e4\u00e4n numerosta 112. Kiireett\u00f6m\u00e4n avunpyynn\u00f6t trossipalvelunumerosta. Hallinnolliset yhteystiedot t\u00e4\u00e4ll\u00e4.","breadcrumb":{"@id":"https:\/\/meripelastus.fi\/pirkanmaa\/yhteystiedot\/#breadcrumb"},"inLanguage":"fi","potentialAction":[{"@type":"ReadAction","target":["https:\/\/meripelastus.fi\/pirkanmaa\/yhteystiedot\/"]}]},{"@type":"ImageObject","inLanguage":"fi","@id":"https:\/\/meripelastus.fi\/pirkanmaa\/yhteystiedot\/#primaryimage","url":"https:\/\/meripelastus.fi\/pirkanmaa\/wp-content\/uploads\/sites\/16\/2021\/11\/alasivu.jpg","contentUrl":"https:\/\/meripelastus.fi\/pirkanmaa\/wp-content\/uploads\/sites\/16\/2021\/11\/alasivu.jpg","width":1800,"height":850},{"@type":"BreadcrumbList","@id":"https:\/\/meripelastus.fi\/pirkanmaa\/yhteystiedot\/#breadcrumb","itemListElement":[{"@type":"ListItem","position":1,"name":"Etusivu","item":"https:\/\/meripelastus.fi\/pirkanmaa\/"},{"@type":"ListItem","position":2,"name":"Yhteystiedot"}]},{"@type":"WebSite","@id":"https:\/\/meripelastus.fi\/pirkanmaa\/#website","url":"https:\/\/meripelastus.fi\/pirkanmaa\/","name":"Suomen Meripelastusseura Pirkanmaa ry","description":"Vapaaehtoiset apunasi vesill\u00e4","potentialAction":[{"@type":"SearchAction","target":{"@type":"EntryPoint","urlTemplate":"https:\/\/meripelastus.fi\/pirkanmaa\/?s={search_term_string}"},"query-input":{"@type":"PropertyValueSpecification","valueRequired":true,"valueName":"search_term_string"}}],"inLanguage":"fi"}]}},"_links":{"self":[{"href":"https:\/\/meripelastus.fi\/pirkanmaa\/wp-json\/wp\/v2\/pages\/51","targetHints":{"allow":["GET"]}}],"collection":[{"href":"https:\/\/meripelastus.fi\/pirkanmaa\/wp-json\/wp\/v2\/pages"}],"about":[{"href":"https:\/\/meripelastus.fi\/pirkanmaa\/wp-json\/wp\/v2\/types\/page"}],"author":[{"embeddable":true,"href":"https:\/\/meripelastus.fi\/pirkanmaa\/wp-json\/wp\/v2\/users\/1"}],"replies":[{"embeddable":true,"href":"https:\/\/meripelastus.fi\/pirkanmaa\/wp-json\/wp\/v2\/comments?post=51"}],"version-history":[{"count":22,"href":"https:\/\/meripelastus.fi\/pirkanmaa\/wp-json\/wp\/v2\/pages\/51\/revisions"}],"predecessor-version":[{"id":505,"href":"https:\/\/meripelastus.fi\/pirkanmaa\/wp-json\/wp\/v2\/pages\/51\/revisions\/505"}],"wp:featuredmedia":[{"embeddable":true,"href":"https:\/\/meripelastus.fi\/pirkanmaa\/wp-json\/wp\/v2\/media\/301"}],"wp:attachment":[{"href":"https:\/\/meripelastus.fi\/pirkanmaa\/wp-json\/wp\/v2\/media?parent=51"}],"curies":[{"name":"wp","href":"https:\/\/api.w.org\/{rel}","templated":true}]}}