{"id":268,"date":"2021-11-09T10:33:49","date_gmt":"2021-11-09T08:33:49","guid":{"rendered":"https:\/\/meripelastus.fi\/pirkanmaa-vedos\/?page_id=268"},"modified":"2021-11-22T15:39:04","modified_gmt":"2021-11-22T13:39:04","slug":"lahjoita","status":"publish","type":"page","link":"https:\/\/meripelastus.fi\/pirkanmaa\/lahjoita\/","title":{"rendered":"Lahjoita"},"content":{"rendered":"<h3><a href=\"https:\/\/meripelastus.fi\/jasenyys\/liittymislomakkeet\/\" target=\"_blank\" rel=\"noopener\">Henkil\u00f6j\u00e4senyys 25 \u20ac vuodessa<\/a><\/h3>\n<p>Loistava vaihtoehto sinulle mik\u00e4li haluat piit\u00e4\u00e4 pelastusveneet liikkeell\u00e4 vuotuisella maksulla.Valitse linkin takaa aukeavalta sivustolta \u201dHaluan liitty\u00e4 j\u00e4seneksi \u201d. Valitse lomakkeesta yhdistykseksi \u201dPirkanmaa\u201d.<\/p>\n<h3><a href=\"https:\/\/meripelastus.fi\/pirkanmaa\/pirkanmaa\/liity-jaseneksi\/yhteisojasen\/\">Yhteis\u00f6j\u00e4senyys 200 \u20ac vuodessa<\/a><\/h3>\n<p>Esimerkiksi yrityksille, venekerhoille ja veneily-yhdistyksille, jotka haluavat olla mukana mahdollistamassa vapaaehtoista meripelastusta Pirkanmaalla.<\/p>\n<h3>Lahjoita helposti<\/h3>\n<p>Tee lahjoitus Suomen Meripelastusseuran tilille FI35 1572 3000 0270 11.<\/p>\n<p>MobilePayn koodi 62700 ohjaa tukesi meripelastajille.<\/p>\n<p>Jokainen lahjoitus on t\u00e4rke\u00e4.<\/p>\n<p>Voit lukea lis\u00e4tietoa kaikista tavoista olla mukana tukemassa toimintaa ja eri tavoista lahjoittaa <a href=\"https:\/\/meripelastus.fi\/tue-toimintaa\/lahjoita\/\" target=\"_blank\" rel=\"noopener\">t\u00e4st\u00e4 linkist\u00e4<\/a>.<\/p>\n<p>&nbsp;<\/p>\n<p><em>Pienker\u00e4yslupa RA\/2021\/1150, voimassa 21.09.2021 \u2013 20.12.2021 koko Suomessa Ahvenanmaata lukuun ottamatta.<\/em><\/p>\n","protected":false},"excerpt":{"rendered":"<p>Henkil\u00f6j\u00e4senyys 25 \u20ac vuodessa Loistava vaihtoehto sinulle mik\u00e4li haluat piit\u00e4\u00e4 pelastusveneet liikkeell\u00e4 vuotuisella maksulla.Valitse linkin takaa aukeavalta sivustolta \u201dHaluan liitty\u00e4 j\u00e4seneksi \u201d. Valitse lomakkeesta yhdistykseksi \u201dPirkanmaa\u201d. Yhteis\u00f6j\u00e4senyys 200 \u20ac vuodessa Esimerkiksi yrityksille, venekerhoille ja veneily-yhdistyksille, jotka haluavat olla mukana mahdollistamassa vapaaehtoista meripelastusta Pirkanmaalla. Lahjoita helposti Tee lahjoitus Suomen Meripelastusseuran tilille FI35 1572 3000 0270 11. [&hellip;]<\/p>\n","protected":false},"author":32,"featured_media":0,"parent":0,"menu_order":0,"comment_status":"closed","ping_status":"closed","template":"","meta":{"_acf_changed":false,"inline_featured_image":false,"footnotes":""},"class_list":["post-268","page","type-page","status-publish","hentry"],"acf":[],"yoast_head":"<!-- This site is optimized with the Yoast SEO Premium plugin v27.2 (Yoast SEO v27.2) - https:\/\/yoast.com\/product\/yoast-seo-premium-wordpress\/ -->\n<title>Lahjoita - Suomen Meripelastusseura Pirkanmaa ry<\/title>\n<meta name=\"robots\" content=\"noindex, follow, max-snippet:-1, max-image-preview:large, max-video-preview:-1\" \/>\n<meta property=\"og:locale\" content=\"fi_FI\" \/>\n<meta property=\"og:type\" content=\"article\" \/>\n<meta property=\"og:title\" content=\"Lahjoita\" \/>\n<meta property=\"og:description\" content=\"Henkil\u00f6j\u00e4senyys 25 \u20ac vuodessa Loistava vaihtoehto sinulle mik\u00e4li haluat piit\u00e4\u00e4 pelastusveneet liikkeell\u00e4 vuotuisella maksulla.Valitse linkin takaa aukeavalta sivustolta \u201dHaluan liitty\u00e4 j\u00e4seneksi \u201d. Valitse lomakkeesta yhdistykseksi \u201dPirkanmaa\u201d. Yhteis\u00f6j\u00e4senyys 200 \u20ac vuodessa Esimerkiksi yrityksille, venekerhoille ja veneily-yhdistyksille, jotka haluavat olla mukana mahdollistamassa vapaaehtoista meripelastusta Pirkanmaalla. Lahjoita helposti Tee lahjoitus Suomen Meripelastusseuran tilille FI35 1572 3000 0270 11. [&hellip;]\" \/>\n<meta property=\"og:url\" content=\"https:\/\/meripelastus.fi\/pirkanmaa\/lahjoita\/\" \/>\n<meta property=\"og:site_name\" content=\"Suomen Meripelastusseura Pirkanmaa ry\" \/>\n<meta property=\"article:modified_time\" content=\"2021-11-22T13:39:04+00:00\" \/>\n<meta name=\"twitter:card\" content=\"summary_large_image\" \/>\n<meta name=\"twitter:label1\" content=\"Arvioitu lukuaika\" \/>\n\t<meta name=\"twitter:data1\" content=\"1 minuutti\" \/>\n<script type=\"application\/ld+json\" class=\"yoast-schema-graph\">{\"@context\":\"https:\/\/schema.org\",\"@graph\":[{\"@type\":\"WebPage\",\"@id\":\"https:\/\/meripelastus.fi\/pirkanmaa\/lahjoita\/\",\"url\":\"https:\/\/meripelastus.fi\/pirkanmaa\/lahjoita\/\",\"name\":\"Lahjoita - Suomen Meripelastusseura Pirkanmaa ry\",\"isPartOf\":{\"@id\":\"https:\/\/meripelastus.fi\/pirkanmaa\/#website\"},\"datePublished\":\"2021-11-09T08:33:49+00:00\",\"dateModified\":\"2021-11-22T13:39:04+00:00\",\"breadcrumb\":{\"@id\":\"https:\/\/meripelastus.fi\/pirkanmaa\/lahjoita\/#breadcrumb\"},\"inLanguage\":\"fi\",\"potentialAction\":[{\"@type\":\"ReadAction\",\"target\":[\"https:\/\/meripelastus.fi\/pirkanmaa\/lahjoita\/\"]}]},{\"@type\":\"BreadcrumbList\",\"@id\":\"https:\/\/meripelastus.fi\/pirkanmaa\/lahjoita\/#breadcrumb\",\"itemListElement\":[{\"@type\":\"ListItem\",\"position\":1,\"name\":\"Etusivu\",\"item\":\"https:\/\/meripelastus.fi\/pirkanmaa\/\"},{\"@type\":\"ListItem\",\"position\":2,\"name\":\"Lahjoita\"}]},{\"@type\":\"WebSite\",\"@id\":\"https:\/\/meripelastus.fi\/pirkanmaa\/#website\",\"url\":\"https:\/\/meripelastus.fi\/pirkanmaa\/\",\"name\":\"Suomen Meripelastusseura Pirkanmaa ry\",\"description\":\"Vapaaehtoiset apunasi vesill\u00e4\",\"potentialAction\":[{\"@type\":\"SearchAction\",\"target\":{\"@type\":\"EntryPoint\",\"urlTemplate\":\"https:\/\/meripelastus.fi\/pirkanmaa\/?s={search_term_string}\"},\"query-input\":{\"@type\":\"PropertyValueSpecification\",\"valueRequired\":true,\"valueName\":\"search_term_string\"}}],\"inLanguage\":\"fi\"}]}<\/script>\n<!-- \/ Yoast SEO Premium plugin. -->","yoast_head_json":{"title":"Lahjoita - Suomen Meripelastusseura Pirkanmaa ry","robots":{"index":"noindex","follow":"follow","max-snippet":"max-snippet:-1","max-image-preview":"max-image-preview:large","max-video-preview":"max-video-preview:-1"},"og_locale":"fi_FI","og_type":"article","og_title":"Lahjoita","og_description":"Henkil\u00f6j\u00e4senyys 25 \u20ac vuodessa Loistava vaihtoehto sinulle mik\u00e4li haluat piit\u00e4\u00e4 pelastusveneet liikkeell\u00e4 vuotuisella maksulla.Valitse linkin takaa aukeavalta sivustolta \u201dHaluan liitty\u00e4 j\u00e4seneksi \u201d. Valitse lomakkeesta yhdistykseksi \u201dPirkanmaa\u201d. Yhteis\u00f6j\u00e4senyys 200 \u20ac vuodessa Esimerkiksi yrityksille, venekerhoille ja veneily-yhdistyksille, jotka haluavat olla mukana mahdollistamassa vapaaehtoista meripelastusta Pirkanmaalla. Lahjoita helposti Tee lahjoitus Suomen Meripelastusseuran tilille FI35 1572 3000 0270 11. [&hellip;]","og_url":"https:\/\/meripelastus.fi\/pirkanmaa\/lahjoita\/","og_site_name":"Suomen Meripelastusseura Pirkanmaa ry","article_modified_time":"2021-11-22T13:39:04+00:00","twitter_card":"summary_large_image","twitter_misc":{"Arvioitu lukuaika":"1 minuutti"},"schema":{"@context":"https:\/\/schema.org","@graph":[{"@type":"WebPage","@id":"https:\/\/meripelastus.fi\/pirkanmaa\/lahjoita\/","url":"https:\/\/meripelastus.fi\/pirkanmaa\/lahjoita\/","name":"Lahjoita - Suomen Meripelastusseura Pirkanmaa ry","isPartOf":{"@id":"https:\/\/meripelastus.fi\/pirkanmaa\/#website"},"datePublished":"2021-11-09T08:33:49+00:00","dateModified":"2021-11-22T13:39:04+00:00","breadcrumb":{"@id":"https:\/\/meripelastus.fi\/pirkanmaa\/lahjoita\/#breadcrumb"},"inLanguage":"fi","potentialAction":[{"@type":"ReadAction","target":["https:\/\/meripelastus.fi\/pirkanmaa\/lahjoita\/"]}]},{"@type":"BreadcrumbList","@id":"https:\/\/meripelastus.fi\/pirkanmaa\/lahjoita\/#breadcrumb","itemListElement":[{"@type":"ListItem","position":1,"name":"Etusivu","item":"https:\/\/meripelastus.fi\/pirkanmaa\/"},{"@type":"ListItem","position":2,"name":"Lahjoita"}]},{"@type":"WebSite","@id":"https:\/\/meripelastus.fi\/pirkanmaa\/#website","url":"https:\/\/meripelastus.fi\/pirkanmaa\/","name":"Suomen Meripelastusseura Pirkanmaa ry","description":"Vapaaehtoiset apunasi vesill\u00e4","potentialAction":[{"@type":"SearchAction","target":{"@type":"EntryPoint","urlTemplate":"https:\/\/meripelastus.fi\/pirkanmaa\/?s={search_term_string}"},"query-input":{"@type":"PropertyValueSpecification","valueRequired":true,"valueName":"search_term_string"}}],"inLanguage":"fi"}]}},"_links":{"self":[{"href":"https:\/\/meripelastus.fi\/pirkanmaa\/wp-json\/wp\/v2\/pages\/268","targetHints":{"allow":["GET"]}}],"collection":[{"href":"https:\/\/meripelastus.fi\/pirkanmaa\/wp-json\/wp\/v2\/pages"}],"about":[{"href":"https:\/\/meripelastus.fi\/pirkanmaa\/wp-json\/wp\/v2\/types\/page"}],"author":[{"embeddable":true,"href":"https:\/\/meripelastus.fi\/pirkanmaa\/wp-json\/wp\/v2\/users\/32"}],"replies":[{"embeddable":true,"href":"https:\/\/meripelastus.fi\/pirkanmaa\/wp-json\/wp\/v2\/comments?post=268"}],"version-history":[{"count":11,"href":"https:\/\/meripelastus.fi\/pirkanmaa\/wp-json\/wp\/v2\/pages\/268\/revisions"}],"predecessor-version":[{"id":338,"href":"https:\/\/meripelastus.fi\/pirkanmaa\/wp-json\/wp\/v2\/pages\/268\/revisions\/338"}],"wp:attachment":[{"href":"https:\/\/meripelastus.fi\/pirkanmaa\/wp-json\/wp\/v2\/media?parent=268"}],"curies":[{"name":"wp","href":"https:\/\/api.w.org\/{rel}","templated":true}]}}