{"id":266,"date":"2021-11-09T10:31:47","date_gmt":"2021-11-09T08:31:47","guid":{"rendered":"https:\/\/meripelastus.fi\/pirkanmaa-vedos\/?page_id=266"},"modified":"2023-06-28T07:18:48","modified_gmt":"2023-06-28T04:18:48","slug":"tukijamme","status":"publish","type":"page","link":"https:\/\/meripelastus.fi\/pirkanmaa\/tukijamme\/","title":{"rendered":"Tukijamme"},"content":{"rendered":"<p><a href=\"https:\/\/pelastustoimi.fi\/pirkanmaa\" target=\"_blank\" rel=\"noopener\"><img loading=\"lazy\" decoding=\"async\" class=\"alignnone wp-image-276 size-full\" src=\"https:\/\/meripelastus.fi\/pirkanmaa-vedos\/wp-content\/uploads\/sites\/16\/2021\/11\/pirpela.png\" alt=\"Pirkanmaan Pelastuslaitos\" width=\"180\" height=\"180\" srcset=\"https:\/\/meripelastus.fi\/pirkanmaa\/wp-content\/uploads\/sites\/16\/2021\/11\/pirpela.png 180w, https:\/\/meripelastus.fi\/pirkanmaa\/wp-content\/uploads\/sites\/16\/2021\/11\/pirpela-150x150.png 150w\" sizes=\"auto, (max-width: 180px) 100vw, 180px\" \/><\/a><\/p>\n<p><a href=\"https:\/\/www.turva.fi\" target=\"_blank\" rel=\"noopener\"><img loading=\"lazy\" decoding=\"async\" class=\"alignnone wp-image-280 size-medium\" src=\"https:\/\/meripelastus.fi\/pirkanmaa-vedos\/wp-content\/uploads\/sites\/16\/2021\/11\/Turva_logo-300x136.jpg\" alt=\"Turva logo\" width=\"300\" height=\"136\" srcset=\"https:\/\/meripelastus.fi\/pirkanmaa\/wp-content\/uploads\/sites\/16\/2021\/11\/Turva_logo-300x136.jpg 300w, https:\/\/meripelastus.fi\/pirkanmaa\/wp-content\/uploads\/sites\/16\/2021\/11\/Turva_logo-768x348.jpg 768w, https:\/\/meripelastus.fi\/pirkanmaa\/wp-content\/uploads\/sites\/16\/2021\/11\/Turva_logo.jpg 800w\" sizes=\"auto, (max-width: 300px) 100vw, 300px\" \/><\/a><\/p>\n<p><a href=\"https:\/\/valkeakoskenenergia.fi\/\" target=\"_blank\" rel=\"noopener\"><img loading=\"lazy\" decoding=\"async\" class=\"alignnone wp-image-282 size-medium\" src=\"https:\/\/meripelastus.fi\/pirkanmaa-vedos\/wp-content\/uploads\/sites\/16\/2021\/11\/vke-logo-300x75.png\" alt=\"Valkeakosken Energia\" width=\"300\" height=\"75\" srcset=\"https:\/\/meripelastus.fi\/pirkanmaa\/wp-content\/uploads\/sites\/16\/2021\/11\/vke-logo-300x75.png 300w, https:\/\/meripelastus.fi\/pirkanmaa\/wp-content\/uploads\/sites\/16\/2021\/11\/vke-logo.png 400w\" sizes=\"auto, (max-width: 300px) 100vw, 300px\" \/><\/a><\/p>\n<p><a href=\"https:\/\/varikas.fi\/\"><img loading=\"lazy\" decoding=\"async\" class=\"alignnone wp-image-330 size-medium\" src=\"https:\/\/meripelastus.fi\/pirkanmaa-vedos\/wp-content\/uploads\/sites\/16\/2021\/11\/varikas-logo-300x103.png\" alt=\"\" width=\"300\" height=\"103\" srcset=\"https:\/\/meripelastus.fi\/pirkanmaa\/wp-content\/uploads\/sites\/16\/2021\/11\/varikas-logo-300x103.png 300w, https:\/\/meripelastus.fi\/pirkanmaa\/wp-content\/uploads\/sites\/16\/2021\/11\/varikas-logo.png 600w\" sizes=\"auto, (max-width: 300px) 100vw, 300px\" \/><\/a><br \/>\n<a href=\"https:\/\/gronlundpalvelut.fi\/\" target=\"_blank\" rel=\"noopener\"><img loading=\"lazy\" decoding=\"async\" class=\"alignnone wp-image-275 size-medium\" src=\"https:\/\/meripelastus.fi\/pirkanmaa-vedos\/wp-content\/uploads\/sites\/16\/2021\/11\/Gronlund_Logo_Slogan-300x90.jpg\" alt=\"Gronlund Logo\" width=\"300\" height=\"90\" srcset=\"https:\/\/meripelastus.fi\/pirkanmaa\/wp-content\/uploads\/sites\/16\/2021\/11\/Gronlund_Logo_Slogan-300x90.jpg 300w, https:\/\/meripelastus.fi\/pirkanmaa\/wp-content\/uploads\/sites\/16\/2021\/11\/Gronlund_Logo_Slogan.jpg 591w\" sizes=\"auto, (max-width: 300px) 100vw, 300px\" \/><\/a><\/p>\n<p><a href=\"https:\/\/www.sahkolaitos.fi\/\" target=\"_blank\" rel=\"noopener\"><img loading=\"lazy\" decoding=\"async\" class=\"alignnone wp-image-284 size-medium\" src=\"https:\/\/meripelastus.fi\/pirkanmaa-vedos\/wp-content\/uploads\/sites\/16\/2021\/11\/TampereenSahkolaitos-300x85.png\" alt=\"Tampereen S\u00e4hk\u00f6laitos\" width=\"300\" height=\"85\" srcset=\"https:\/\/meripelastus.fi\/pirkanmaa\/wp-content\/uploads\/sites\/16\/2021\/11\/TampereenSahkolaitos-300x85.png 300w, https:\/\/meripelastus.fi\/pirkanmaa\/wp-content\/uploads\/sites\/16\/2021\/11\/TampereenSahkolaitos.png 600w\" sizes=\"auto, (max-width: 300px) 100vw, 300px\" \/><\/a><\/p>\n<p><a href=\"https:\/\/suomenkolibri.fi\/\" target=\"_blank\" rel=\"noopener\"><img loading=\"lazy\" decoding=\"async\" class=\"alignnone size-full wp-image-319\" src=\"https:\/\/meripelastus.fi\/pirkanmaa-vedos\/wp-content\/uploads\/sites\/16\/2021\/11\/suomen_kolibri_info_2020-1.png\" alt=\"suomen kolibri\" width=\"180\" height=\"121\" \/><\/a><\/p>\n<p>Lemp\u00e4\u00e4l\u00e4n venekuljetus Sami Rauhala<\/p>\n<p><a href=\"https:\/\/reittitiimi.fi\/\" target=\"_blank\" rel=\"noopener\">Reittitiimi Oy<\/a><\/p>\n<p>OR-Tekniikka Oy<\/p>\n","protected":false},"excerpt":{"rendered":"<p>Lemp\u00e4\u00e4l\u00e4n venekuljetus Sami Rauhala Reittitiimi Oy OR-Tekniikka Oy<\/p>\n","protected":false},"author":32,"featured_media":0,"parent":0,"menu_order":0,"comment_status":"closed","ping_status":"closed","template":"","meta":{"_acf_changed":false,"inline_featured_image":false,"footnotes":""},"class_list":["post-266","page","type-page","status-publish","hentry"],"acf":[],"yoast_head":"<!-- This site is optimized with the Yoast SEO Premium plugin v27.2 (Yoast SEO v27.2) - https:\/\/yoast.com\/product\/yoast-seo-premium-wordpress\/ -->\n<title>Tukijamme - Suomen Meripelastusseura Pirkanmaa ry<\/title>\n<meta name=\"robots\" content=\"noindex, follow, max-snippet:-1, max-image-preview:large, max-video-preview:-1\" \/>\n<meta property=\"og:locale\" content=\"fi_FI\" \/>\n<meta property=\"og:type\" content=\"article\" \/>\n<meta property=\"og:title\" content=\"Tukijamme\" \/>\n<meta property=\"og:description\" content=\"Lemp\u00e4\u00e4l\u00e4n venekuljetus Sami Rauhala Reittitiimi Oy OR-Tekniikka Oy\" \/>\n<meta property=\"og:url\" content=\"https:\/\/meripelastus.fi\/pirkanmaa\/tukijamme\/\" \/>\n<meta property=\"og:site_name\" content=\"Suomen Meripelastusseura Pirkanmaa ry\" \/>\n<meta property=\"article:modified_time\" content=\"2023-06-28T04:18:48+00:00\" \/>\n<meta property=\"og:image\" content=\"https:\/\/meripelastus.fi\/pirkanmaa-vedos\/wp-content\/uploads\/sites\/16\/2021\/11\/pirpela.png\" \/>\n<meta name=\"twitter:card\" content=\"summary_large_image\" \/>\n<meta name=\"twitter:label1\" content=\"Arvioitu lukuaika\" \/>\n\t<meta name=\"twitter:data1\" content=\"2 minuuttia\" \/>\n<script type=\"application\/ld+json\" class=\"yoast-schema-graph\">{\"@context\":\"https:\/\/schema.org\",\"@graph\":[{\"@type\":\"WebPage\",\"@id\":\"https:\/\/meripelastus.fi\/pirkanmaa\/tukijamme\/\",\"url\":\"https:\/\/meripelastus.fi\/pirkanmaa\/tukijamme\/\",\"name\":\"Tukijamme - Suomen Meripelastusseura Pirkanmaa ry\",\"isPartOf\":{\"@id\":\"https:\/\/meripelastus.fi\/pirkanmaa\/#website\"},\"primaryImageOfPage\":{\"@id\":\"https:\/\/meripelastus.fi\/pirkanmaa\/tukijamme\/#primaryimage\"},\"image\":{\"@id\":\"https:\/\/meripelastus.fi\/pirkanmaa\/tukijamme\/#primaryimage\"},\"thumbnailUrl\":\"https:\/\/meripelastus.fi\/pirkanmaa-vedos\/wp-content\/uploads\/sites\/16\/2021\/11\/pirpela.png\",\"datePublished\":\"2021-11-09T08:31:47+00:00\",\"dateModified\":\"2023-06-28T04:18:48+00:00\",\"breadcrumb\":{\"@id\":\"https:\/\/meripelastus.fi\/pirkanmaa\/tukijamme\/#breadcrumb\"},\"inLanguage\":\"fi\",\"potentialAction\":[{\"@type\":\"ReadAction\",\"target\":[\"https:\/\/meripelastus.fi\/pirkanmaa\/tukijamme\/\"]}]},{\"@type\":\"ImageObject\",\"inLanguage\":\"fi\",\"@id\":\"https:\/\/meripelastus.fi\/pirkanmaa\/tukijamme\/#primaryimage\",\"url\":\"https:\/\/meripelastus.fi\/pirkanmaa\/wp-content\/uploads\/sites\/16\/2021\/11\/pirpela.png\",\"contentUrl\":\"https:\/\/meripelastus.fi\/pirkanmaa\/wp-content\/uploads\/sites\/16\/2021\/11\/pirpela.png\",\"width\":180,\"height\":180,\"caption\":\"Pirkanmaan Pelastuslaitos\"},{\"@type\":\"BreadcrumbList\",\"@id\":\"https:\/\/meripelastus.fi\/pirkanmaa\/tukijamme\/#breadcrumb\",\"itemListElement\":[{\"@type\":\"ListItem\",\"position\":1,\"name\":\"Etusivu\",\"item\":\"https:\/\/meripelastus.fi\/pirkanmaa\/\"},{\"@type\":\"ListItem\",\"position\":2,\"name\":\"Tukijamme\"}]},{\"@type\":\"WebSite\",\"@id\":\"https:\/\/meripelastus.fi\/pirkanmaa\/#website\",\"url\":\"https:\/\/meripelastus.fi\/pirkanmaa\/\",\"name\":\"Suomen Meripelastusseura Pirkanmaa ry\",\"description\":\"Vapaaehtoiset apunasi vesill\u00e4\",\"potentialAction\":[{\"@type\":\"SearchAction\",\"target\":{\"@type\":\"EntryPoint\",\"urlTemplate\":\"https:\/\/meripelastus.fi\/pirkanmaa\/?s={search_term_string}\"},\"query-input\":{\"@type\":\"PropertyValueSpecification\",\"valueRequired\":true,\"valueName\":\"search_term_string\"}}],\"inLanguage\":\"fi\"}]}<\/script>\n<!-- \/ Yoast SEO Premium plugin. -->","yoast_head_json":{"title":"Tukijamme - Suomen Meripelastusseura Pirkanmaa ry","robots":{"index":"noindex","follow":"follow","max-snippet":"max-snippet:-1","max-image-preview":"max-image-preview:large","max-video-preview":"max-video-preview:-1"},"og_locale":"fi_FI","og_type":"article","og_title":"Tukijamme","og_description":"Lemp\u00e4\u00e4l\u00e4n venekuljetus Sami Rauhala Reittitiimi Oy OR-Tekniikka Oy","og_url":"https:\/\/meripelastus.fi\/pirkanmaa\/tukijamme\/","og_site_name":"Suomen Meripelastusseura Pirkanmaa ry","article_modified_time":"2023-06-28T04:18:48+00:00","og_image":[{"url":"https:\/\/meripelastus.fi\/pirkanmaa-vedos\/wp-content\/uploads\/sites\/16\/2021\/11\/pirpela.png","type":"","width":"","height":""}],"twitter_card":"summary_large_image","twitter_misc":{"Arvioitu lukuaika":"2 minuuttia"},"schema":{"@context":"https:\/\/schema.org","@graph":[{"@type":"WebPage","@id":"https:\/\/meripelastus.fi\/pirkanmaa\/tukijamme\/","url":"https:\/\/meripelastus.fi\/pirkanmaa\/tukijamme\/","name":"Tukijamme - Suomen Meripelastusseura Pirkanmaa ry","isPartOf":{"@id":"https:\/\/meripelastus.fi\/pirkanmaa\/#website"},"primaryImageOfPage":{"@id":"https:\/\/meripelastus.fi\/pirkanmaa\/tukijamme\/#primaryimage"},"image":{"@id":"https:\/\/meripelastus.fi\/pirkanmaa\/tukijamme\/#primaryimage"},"thumbnailUrl":"https:\/\/meripelastus.fi\/pirkanmaa-vedos\/wp-content\/uploads\/sites\/16\/2021\/11\/pirpela.png","datePublished":"2021-11-09T08:31:47+00:00","dateModified":"2023-06-28T04:18:48+00:00","breadcrumb":{"@id":"https:\/\/meripelastus.fi\/pirkanmaa\/tukijamme\/#breadcrumb"},"inLanguage":"fi","potentialAction":[{"@type":"ReadAction","target":["https:\/\/meripelastus.fi\/pirkanmaa\/tukijamme\/"]}]},{"@type":"ImageObject","inLanguage":"fi","@id":"https:\/\/meripelastus.fi\/pirkanmaa\/tukijamme\/#primaryimage","url":"https:\/\/meripelastus.fi\/pirkanmaa\/wp-content\/uploads\/sites\/16\/2021\/11\/pirpela.png","contentUrl":"https:\/\/meripelastus.fi\/pirkanmaa\/wp-content\/uploads\/sites\/16\/2021\/11\/pirpela.png","width":180,"height":180,"caption":"Pirkanmaan Pelastuslaitos"},{"@type":"BreadcrumbList","@id":"https:\/\/meripelastus.fi\/pirkanmaa\/tukijamme\/#breadcrumb","itemListElement":[{"@type":"ListItem","position":1,"name":"Etusivu","item":"https:\/\/meripelastus.fi\/pirkanmaa\/"},{"@type":"ListItem","position":2,"name":"Tukijamme"}]},{"@type":"WebSite","@id":"https:\/\/meripelastus.fi\/pirkanmaa\/#website","url":"https:\/\/meripelastus.fi\/pirkanmaa\/","name":"Suomen Meripelastusseura Pirkanmaa ry","description":"Vapaaehtoiset apunasi vesill\u00e4","potentialAction":[{"@type":"SearchAction","target":{"@type":"EntryPoint","urlTemplate":"https:\/\/meripelastus.fi\/pirkanmaa\/?s={search_term_string}"},"query-input":{"@type":"PropertyValueSpecification","valueRequired":true,"valueName":"search_term_string"}}],"inLanguage":"fi"}]}},"_links":{"self":[{"href":"https:\/\/meripelastus.fi\/pirkanmaa\/wp-json\/wp\/v2\/pages\/266","targetHints":{"allow":["GET"]}}],"collection":[{"href":"https:\/\/meripelastus.fi\/pirkanmaa\/wp-json\/wp\/v2\/pages"}],"about":[{"href":"https:\/\/meripelastus.fi\/pirkanmaa\/wp-json\/wp\/v2\/types\/page"}],"author":[{"embeddable":true,"href":"https:\/\/meripelastus.fi\/pirkanmaa\/wp-json\/wp\/v2\/users\/32"}],"replies":[{"embeddable":true,"href":"https:\/\/meripelastus.fi\/pirkanmaa\/wp-json\/wp\/v2\/comments?post=266"}],"version-history":[{"count":13,"href":"https:\/\/meripelastus.fi\/pirkanmaa\/wp-json\/wp\/v2\/pages\/266\/revisions"}],"predecessor-version":[{"id":423,"href":"https:\/\/meripelastus.fi\/pirkanmaa\/wp-json\/wp\/v2\/pages\/266\/revisions\/423"}],"wp:attachment":[{"href":"https:\/\/meripelastus.fi\/pirkanmaa\/wp-json\/wp\/v2\/media?parent=266"}],"curies":[{"name":"wp","href":"https:\/\/api.w.org\/{rel}","templated":true}]}}