{"id":22,"date":"2018-03-19T09:18:43","date_gmt":"2018-03-19T07:18:43","guid":{"rendered":"http:\/\/basetemplate.smpsyhdistykset.16.testivedos.com\/?page_id=22"},"modified":"2021-11-22T15:36:55","modified_gmt":"2021-11-22T13:36:55","slug":"halytysohje","status":"publish","type":"page","link":"https:\/\/meripelastus.fi\/pirkanmaa\/toiminta\/halytysohje\/","title":{"rendered":"H\u00e4lytysohje"},"content":{"rendered":"<h2>Avun h\u00e4lytt\u00e4minen h\u00e4t\u00e4tilanteessa:<\/h2>\n<p><strong>Rauhoitu<\/strong><\/p>\n<p>H\u00e4lyt\u00e4 apua soittamalla yleiseen h\u00e4t\u00e4numeroon 112. Suosittelemme k\u00e4ytt\u00e4m\u00e4\u00e4n 112 Suomi -mobiilisovellusta. Vastaa h\u00e4t\u00e4keskuksen esitt\u00e4miin kysymyksiin ja toimi annettujen ohjeiden mukaan. <strong>\u00c4l\u00e4 sulje puhelinta ennen kuin saat luvan.\u00a0<\/strong>\u00c4l\u00e4 k\u00e4yt\u00e4 puhelintasi muihin puheluihin, h\u00e4t\u00e4keskus tai apuun tuleva saattaa soittaa sinulle<\/p>\n<p><strong>Jos et voi soittaa apua<\/strong><br \/>\nPyri her\u00e4tt\u00e4m\u00e4\u00e4n muiden vesill\u00e4 tai rannalla liikkujien huomio esimerkiksi:<\/p>\n<ul>\n<li>huutamalla apua, puhaltamalla pilliin tai antamalla \u00e4\u00e4nimerkinantolaitteella pitki\u00e4 yht\u00e4jaksoisia \u00e4\u00e4nimerkkej\u00e4<\/li>\n<li>levitt\u00e4m\u00e4ll\u00e4 molempia k\u00e4si\u00e4si verkkaisesti yl\u00f6s ja alas<\/li>\n<li>ampumalla h\u00e4t\u00e4raketti tai k\u00e4ytt\u00e4m\u00e4ll\u00e4 muita h\u00e4t\u00e4merkkej\u00e4, joita sinulla on veneess\u00e4si<\/li>\n<\/ul>\n<p><strong>Paikan m\u00e4\u00e4ritt\u00e4minen<\/strong><\/p>\n<p>H\u00e4t\u00e4keskusp\u00e4ivyst\u00e4j\u00e4n pit\u00e4\u00e4 saada tiet\u00e4\u00e4 mahdollisimman tarkasti miss\u00e4 apua tarvitaan. Huolehdi siis aina vesill\u00e4 ollessasi, ett\u00e4 osaat kertoa miss\u00e4 olet. H\u00e4t\u00e4numeroon 112 soittaminen kannattaa tehd\u00e4 112 Suomi -mobiilisovelluksella, jolloin soittajan paikkatieto v\u00e4littyy automaattisesti h\u00e4t\u00e4keskukseen ja n\u00e4in v\u00e4hennet\u00e4\u00e4n virheiden mahdollisuutta h\u00e4d\u00e4ss\u00e4 olevan paikan selvitt\u00e4misess\u00e4.<\/p>\n<p>Vaikka k\u00e4ytt\u00e4isitkin 112 Suomi -mobiilisovellusta h\u00e4t\u00e4numeroon soittamiseen, tulee sinun siit\u00e4 huolimatta olla aina vesill\u00e4 liikkuessasi tietoinen omasta sijainnista turvallisen navigoinnin takia.<\/p>\n<h2>Kiireett\u00f6m\u00e4t avustusteht\u00e4v\u00e4t<\/h2>\n<p>Yleisen h\u00e4t\u00e4numeron 112 kautta h\u00e4lytett\u00e4vien kiireellisten viranomaisjohtoisten teht\u00e4vien lis\u00e4ksi avustamme vesill\u00e4liikkujia my\u00f6s kiireett\u00f6miss\u00e4 tilanteissa. Kiireett\u00f6m\u00e4t avustusteht\u00e4viin pyrimme hoitamaan kohtuullisessa ajassa, mutta avunsaanti voi viiv\u00e4sty\u00e4 esimerkiksi yksik\u00f6iden ollessa kiireellisemmill\u00e4 teht\u00e4vill\u00e4 tai vapaaehtoisen miehist\u00f6n ollessa t\u00f6iss\u00e4. Kiireett\u00f6m\u00e4t avustusteht\u00e4v\u00e4t yksik\u00f6illemme v\u00e4litt\u00e4\u00e4 Meripelastusseuran Trossi-palvelunumero 0800 30 22 30. Mik\u00e4li et ole varma avuntarpeen kiireellisyydest\u00e4, kannattaa soittaa yleiseen h\u00e4t\u00e4numeroon 112. H\u00e4t\u00e4keskusp\u00e4ivyst\u00e4j\u00e4 tekee tilannearvion, jonka perusteella joko h\u00e4lytet\u00e4\u00e4n kiireellinen viranomaisjohtoinen teht\u00e4v\u00e4 tai ohjataan avuntarvitsija soittamaan Trossi-palvelunumeroon. Kiireett\u00f6miss\u00e4 avustusteht\u00e4viss\u00e4 veloitamme pelastusaluksen k\u00e4ytt\u00f6kulut avustettavalta, mik\u00e4li avustettava ei ole Meripelastusseuran trossi-j\u00e4sen.<\/p>\n<p><a href=\"http:\/\/www.trossi.fi\">Katso lis\u00e4tietoa Meripelastusseuran Trossi-j\u00e4senpalvelusta.<\/a><\/p>\n<p>Yhdistyksen alukset tekev\u00e4t my\u00f6s vesipelastustoimintaan liittyvi\u00e4 ennalta sovittuja avustusteht\u00e4vi\u00e4 osana miehist\u00f6n koulutusta. T\u00e4llaisia teht\u00e4vi\u00e4 ovat esimerkiksi siirtohinaukset tai venepoijun siirt\u00e4minen. Lastia ja ihmisi\u00e4 emme pysty kuljettamaan kuin poikkeustapauksissa. My\u00f6s n\u00e4iss\u00e4 teht\u00e4viss\u00e4 veloitamme kaluston k\u00e4yt\u00f6st\u00e4 syntyv\u00e4t kustannukset avustettavalta. Ennalta sovitut avustusteht\u00e4v\u00e4t sovitaan pelastusaseman asemap\u00e4\u00e4llik\u00f6n kanssa miehist\u00f6lle sopivaan ajankohtaan.<\/p>\n<p><a href=\"https:\/\/meripelastus.fi\/pirkanmaa\/yhteystiedot\/\">Katso pelastusasemien yhteystiedot.<\/a><\/p>\n","protected":false},"excerpt":{"rendered":"<p>Avun h\u00e4lytt\u00e4minen h\u00e4t\u00e4tilanteessa: Rauhoitu H\u00e4lyt\u00e4 apua soittamalla yleiseen h\u00e4t\u00e4numeroon 112. Suosittelemme k\u00e4ytt\u00e4m\u00e4\u00e4n 112 Suomi -mobiilisovellusta. Vastaa h\u00e4t\u00e4keskuksen esitt\u00e4miin kysymyksiin ja toimi annettujen ohjeiden mukaan. \u00c4l\u00e4 sulje puhelinta ennen kuin saat luvan.\u00a0\u00c4l\u00e4 k\u00e4yt\u00e4 puhelintasi muihin puheluihin, h\u00e4t\u00e4keskus tai apuun tuleva saattaa soittaa sinulle Jos et voi soittaa apua Pyri her\u00e4tt\u00e4m\u00e4\u00e4n muiden vesill\u00e4 tai rannalla liikkujien huomio [&hellip;]<\/p>\n","protected":false},"author":1,"featured_media":0,"parent":20,"menu_order":0,"comment_status":"closed","ping_status":"closed","template":"","meta":{"_acf_changed":false,"inline_featured_image":false,"footnotes":""},"class_list":["post-22","page","type-page","status-publish","hentry"],"acf":[],"yoast_head":"<!-- This site is optimized with the Yoast SEO Premium plugin v27.4 (Yoast SEO v27.4) - https:\/\/yoast.com\/product\/yoast-seo-premium-wordpress\/ -->\n<title>H\u00e4lytysohje - Suomen Meripelastusseura Pirkanmaa ry<\/title>\n<meta name=\"robots\" content=\"noindex, follow, max-snippet:-1, max-image-preview:large, max-video-preview:-1\" \/>\n<meta property=\"og:locale\" content=\"fi_FI\" \/>\n<meta property=\"og:type\" content=\"article\" \/>\n<meta property=\"og:title\" content=\"H\u00e4lytysohje\" \/>\n<meta property=\"og:description\" content=\"Avun h\u00e4lytt\u00e4minen h\u00e4t\u00e4tilanteessa: Rauhoitu H\u00e4lyt\u00e4 apua soittamalla yleiseen h\u00e4t\u00e4numeroon 112. Suosittelemme k\u00e4ytt\u00e4m\u00e4\u00e4n 112 Suomi -mobiilisovellusta. Vastaa h\u00e4t\u00e4keskuksen esitt\u00e4miin kysymyksiin ja toimi annettujen ohjeiden mukaan. \u00c4l\u00e4 sulje puhelinta ennen kuin saat luvan.\u00a0\u00c4l\u00e4 k\u00e4yt\u00e4 puhelintasi muihin puheluihin, h\u00e4t\u00e4keskus tai apuun tuleva saattaa soittaa sinulle Jos et voi soittaa apua Pyri her\u00e4tt\u00e4m\u00e4\u00e4n muiden vesill\u00e4 tai rannalla liikkujien huomio [&hellip;]\" \/>\n<meta property=\"og:url\" content=\"https:\/\/meripelastus.fi\/pirkanmaa\/toiminta\/halytysohje\/\" \/>\n<meta property=\"og:site_name\" content=\"Suomen Meripelastusseura Pirkanmaa ry\" \/>\n<meta property=\"article:modified_time\" content=\"2021-11-22T13:36:55+00:00\" \/>\n<meta name=\"twitter:card\" content=\"summary_large_image\" \/>\n<meta name=\"twitter:label1\" content=\"Arvioitu lukuaika\" \/>\n\t<meta name=\"twitter:data1\" content=\"2 minuuttia\" \/>\n<script type=\"application\/ld+json\" class=\"yoast-schema-graph\">{\"@context\":\"https:\\\/\\\/schema.org\",\"@graph\":[{\"@type\":\"WebPage\",\"@id\":\"https:\\\/\\\/meripelastus.fi\\\/pirkanmaa\\\/toiminta\\\/halytysohje\\\/\",\"url\":\"https:\\\/\\\/meripelastus.fi\\\/pirkanmaa\\\/toiminta\\\/halytysohje\\\/\",\"name\":\"H\u00e4lytysohje - Suomen Meripelastusseura Pirkanmaa ry\",\"isPartOf\":{\"@id\":\"https:\\\/\\\/meripelastus.fi\\\/pirkanmaa\\\/#website\"},\"datePublished\":\"2018-03-19T07:18:43+00:00\",\"dateModified\":\"2021-11-22T13:36:55+00:00\",\"breadcrumb\":{\"@id\":\"https:\\\/\\\/meripelastus.fi\\\/pirkanmaa\\\/toiminta\\\/halytysohje\\\/#breadcrumb\"},\"inLanguage\":\"fi\",\"potentialAction\":[{\"@type\":\"ReadAction\",\"target\":[\"https:\\\/\\\/meripelastus.fi\\\/pirkanmaa\\\/toiminta\\\/halytysohje\\\/\"]}]},{\"@type\":\"BreadcrumbList\",\"@id\":\"https:\\\/\\\/meripelastus.fi\\\/pirkanmaa\\\/toiminta\\\/halytysohje\\\/#breadcrumb\",\"itemListElement\":[{\"@type\":\"ListItem\",\"position\":1,\"name\":\"Etusivu\",\"item\":\"https:\\\/\\\/meripelastus.fi\\\/pirkanmaa\\\/\"},{\"@type\":\"ListItem\",\"position\":2,\"name\":\"Toiminta\",\"item\":\"https:\\\/\\\/meripelastus.fi\\\/pirkanmaa\\\/toiminta\\\/\"},{\"@type\":\"ListItem\",\"position\":3,\"name\":\"H\u00e4lytysohje\"}]},{\"@type\":\"WebSite\",\"@id\":\"https:\\\/\\\/meripelastus.fi\\\/pirkanmaa\\\/#website\",\"url\":\"https:\\\/\\\/meripelastus.fi\\\/pirkanmaa\\\/\",\"name\":\"Suomen Meripelastusseura Pirkanmaa ry\",\"description\":\"Vapaaehtoiset apunasi vesill\u00e4\",\"potentialAction\":[{\"@type\":\"SearchAction\",\"target\":{\"@type\":\"EntryPoint\",\"urlTemplate\":\"https:\\\/\\\/meripelastus.fi\\\/pirkanmaa\\\/?s={search_term_string}\"},\"query-input\":{\"@type\":\"PropertyValueSpecification\",\"valueRequired\":true,\"valueName\":\"search_term_string\"}}],\"inLanguage\":\"fi\"}]}<\/script>\n<!-- \/ Yoast SEO Premium plugin. -->","yoast_head_json":{"title":"H\u00e4lytysohje - Suomen Meripelastusseura Pirkanmaa ry","robots":{"index":"noindex","follow":"follow","max-snippet":"max-snippet:-1","max-image-preview":"max-image-preview:large","max-video-preview":"max-video-preview:-1"},"og_locale":"fi_FI","og_type":"article","og_title":"H\u00e4lytysohje","og_description":"Avun h\u00e4lytt\u00e4minen h\u00e4t\u00e4tilanteessa: Rauhoitu H\u00e4lyt\u00e4 apua soittamalla yleiseen h\u00e4t\u00e4numeroon 112. Suosittelemme k\u00e4ytt\u00e4m\u00e4\u00e4n 112 Suomi -mobiilisovellusta. Vastaa h\u00e4t\u00e4keskuksen esitt\u00e4miin kysymyksiin ja toimi annettujen ohjeiden mukaan. \u00c4l\u00e4 sulje puhelinta ennen kuin saat luvan.\u00a0\u00c4l\u00e4 k\u00e4yt\u00e4 puhelintasi muihin puheluihin, h\u00e4t\u00e4keskus tai apuun tuleva saattaa soittaa sinulle Jos et voi soittaa apua Pyri her\u00e4tt\u00e4m\u00e4\u00e4n muiden vesill\u00e4 tai rannalla liikkujien huomio [&hellip;]","og_url":"https:\/\/meripelastus.fi\/pirkanmaa\/toiminta\/halytysohje\/","og_site_name":"Suomen Meripelastusseura Pirkanmaa ry","article_modified_time":"2021-11-22T13:36:55+00:00","twitter_card":"summary_large_image","twitter_misc":{"Arvioitu lukuaika":"2 minuuttia"},"schema":{"@context":"https:\/\/schema.org","@graph":[{"@type":"WebPage","@id":"https:\/\/meripelastus.fi\/pirkanmaa\/toiminta\/halytysohje\/","url":"https:\/\/meripelastus.fi\/pirkanmaa\/toiminta\/halytysohje\/","name":"H\u00e4lytysohje - Suomen Meripelastusseura Pirkanmaa ry","isPartOf":{"@id":"https:\/\/meripelastus.fi\/pirkanmaa\/#website"},"datePublished":"2018-03-19T07:18:43+00:00","dateModified":"2021-11-22T13:36:55+00:00","breadcrumb":{"@id":"https:\/\/meripelastus.fi\/pirkanmaa\/toiminta\/halytysohje\/#breadcrumb"},"inLanguage":"fi","potentialAction":[{"@type":"ReadAction","target":["https:\/\/meripelastus.fi\/pirkanmaa\/toiminta\/halytysohje\/"]}]},{"@type":"BreadcrumbList","@id":"https:\/\/meripelastus.fi\/pirkanmaa\/toiminta\/halytysohje\/#breadcrumb","itemListElement":[{"@type":"ListItem","position":1,"name":"Etusivu","item":"https:\/\/meripelastus.fi\/pirkanmaa\/"},{"@type":"ListItem","position":2,"name":"Toiminta","item":"https:\/\/meripelastus.fi\/pirkanmaa\/toiminta\/"},{"@type":"ListItem","position":3,"name":"H\u00e4lytysohje"}]},{"@type":"WebSite","@id":"https:\/\/meripelastus.fi\/pirkanmaa\/#website","url":"https:\/\/meripelastus.fi\/pirkanmaa\/","name":"Suomen Meripelastusseura Pirkanmaa ry","description":"Vapaaehtoiset apunasi vesill\u00e4","potentialAction":[{"@type":"SearchAction","target":{"@type":"EntryPoint","urlTemplate":"https:\/\/meripelastus.fi\/pirkanmaa\/?s={search_term_string}"},"query-input":{"@type":"PropertyValueSpecification","valueRequired":true,"valueName":"search_term_string"}}],"inLanguage":"fi"}]}},"_links":{"self":[{"href":"https:\/\/meripelastus.fi\/pirkanmaa\/wp-json\/wp\/v2\/pages\/22","targetHints":{"allow":["GET"]}}],"collection":[{"href":"https:\/\/meripelastus.fi\/pirkanmaa\/wp-json\/wp\/v2\/pages"}],"about":[{"href":"https:\/\/meripelastus.fi\/pirkanmaa\/wp-json\/wp\/v2\/types\/page"}],"author":[{"embeddable":true,"href":"https:\/\/meripelastus.fi\/pirkanmaa\/wp-json\/wp\/v2\/users\/1"}],"replies":[{"embeddable":true,"href":"https:\/\/meripelastus.fi\/pirkanmaa\/wp-json\/wp\/v2\/comments?post=22"}],"version-history":[{"count":5,"href":"https:\/\/meripelastus.fi\/pirkanmaa\/wp-json\/wp\/v2\/pages\/22\/revisions"}],"predecessor-version":[{"id":336,"href":"https:\/\/meripelastus.fi\/pirkanmaa\/wp-json\/wp\/v2\/pages\/22\/revisions\/336"}],"up":[{"embeddable":true,"href":"https:\/\/meripelastus.fi\/pirkanmaa\/wp-json\/wp\/v2\/pages\/20"}],"wp:attachment":[{"href":"https:\/\/meripelastus.fi\/pirkanmaa\/wp-json\/wp\/v2\/media?parent=22"}],"curies":[{"name":"wp","href":"https:\/\/api.w.org\/{rel}","templated":true}]}}