{"id":214,"date":"2021-10-26T21:29:59","date_gmt":"2021-10-26T18:29:59","guid":{"rendered":"https:\/\/meripelastus.fi\/pirkanmaa-vedos\/?page_id=214"},"modified":"2024-03-04T17:38:26","modified_gmt":"2024-03-04T15:38:26","slug":"alukset","status":"publish","type":"page","link":"https:\/\/meripelastus.fi\/pirkanmaa\/toiminta\/alukset\/","title":{"rendered":"Alukset"},"content":{"rendered":"\n<h2 class=\"wp-block-heading\">PV Repa<\/h2>\n\n\n\n<figure class=\"wp-block-image\"><img loading=\"lazy\" decoding=\"async\" width=\"400\" height=\"200\" src=\"https:\/\/meripelastus.fi\/pirkanmaa-vedos\/wp-content\/uploads\/sites\/16\/2021\/11\/PV_Repa.jpg\" alt=\"PV Repa\" class=\"wp-image-260\" srcset=\"https:\/\/meripelastus.fi\/pirkanmaa\/wp-content\/uploads\/sites\/16\/2021\/11\/PV_Repa.jpg 400w, https:\/\/meripelastus.fi\/pirkanmaa\/wp-content\/uploads\/sites\/16\/2021\/11\/PV_Repa-300x150.jpg 300w\" sizes=\"auto, (max-width: 400px) 100vw, 400px\" \/><\/figure>\n\n\n\n<p>Valmistaja: Mobimar Oy<\/p>\n\n\n\n<p>Pituus: 13,5 m<br>Leveys: 4,5 m<br>Paino: 15,0 tn<br>Nopeus: 30 kn<br>Koneteho: 846 kW<br>Toimintas\u00e4de: 95 nm<br>Kotisatama: Tampere, N\u00e4sij\u00e4rvi<br>Miehist\u00f6: 4<br>Propulsio: vesisuihku<\/p>\n\n\n\n<h2 class=\"wp-block-heading\">PV Tervasaari<\/h2>\n\n\n\n<figure class=\"wp-block-image\"><img loading=\"lazy\" decoding=\"async\" width=\"400\" height=\"200\" src=\"https:\/\/meripelastus.fi\/pirkanmaa\/wp-content\/uploads\/sites\/16\/2022\/07\/PV-Tervasaari.jpg\" alt=\"\" class=\"wp-image-381\" srcset=\"https:\/\/meripelastus.fi\/pirkanmaa\/wp-content\/uploads\/sites\/16\/2022\/07\/PV-Tervasaari.jpg 400w, https:\/\/meripelastus.fi\/pirkanmaa\/wp-content\/uploads\/sites\/16\/2022\/07\/PV-Tervasaari-300x150.jpg 300w\" sizes=\"auto, (max-width: 400px) 100vw, 400px\" \/><\/figure>\n\n\n\n<p>Valmistaja: Mobimar Oy<\/p>\n\n\n\n<p>Pituus:&nbsp;13,5 m<br>Leveys:&nbsp;4,5 m<br>Paino:&nbsp;15 tn<br>Nopeus: 30 kn<br>Koneteho:&nbsp;846 kW<br>Toimintas\u00e4de:&nbsp;95 nm<br>Kotisatama: Valkeakoski<br>Miehist\u00f6: 4<br>Propulsio: vesisuihku<\/p>\n\n\n\n<h2 class=\"wp-block-heading\">PV Turva<\/h2>\n\n\n\n<figure class=\"wp-block-image size-full is-style-default\"><img loading=\"lazy\" decoding=\"async\" width=\"400\" height=\"200\" src=\"https:\/\/meripelastus.fi\/pirkanmaa\/wp-content\/uploads\/sites\/16\/2024\/03\/PV-Turva.jpg\" alt=\"\" class=\"wp-image-491\" srcset=\"https:\/\/meripelastus.fi\/pirkanmaa\/wp-content\/uploads\/sites\/16\/2024\/03\/PV-Turva.jpg 400w, https:\/\/meripelastus.fi\/pirkanmaa\/wp-content\/uploads\/sites\/16\/2024\/03\/PV-Turva-300x150.jpg 300w\" sizes=\"auto, (max-width: 400px) 100vw, 400px\" \/><\/figure>\n\n\n\n<p>Tukija: <a href=\"https:\/\/www.turva.fi\/henkiloasiakkaat\">Keskin\u00e4inen Vakuutusyhti\u00f6 Turva<\/a><\/p>\n\n\n\n<p>Valmistaja:&nbsp;HT Engineering Oy<\/p>\n\n\n\n<p>Pituus:&nbsp;8 m<br>Leveys: 2,9 m<br>Paino:&nbsp;8,8 tn<br>Nopeus: 30 kn<br>Koneteho:&nbsp;331 kW<br>Toimintas\u00e4de: 50 nm<br>Kotisatama: Tampere, Pyh\u00e4j\u00e4rvi<br>Miehist\u00f6: 2<br>Propulsio: vesisuihku<\/p>\n\n\n\n<h2 class=\"wp-block-heading\">AV AV62<\/h2>\n\n\n\n<p>Valmistaja: Ab Boatsman Oy<\/p>\n\n\n\n<p>Pituus: 5,0 m<br>Leveys: 2,1 m<br>Paino: 0,7 tn<br>Nopeus: 22 kn<br>Koneteho: 51 kW<br>Toimintas\u00e4de: 20 nm<br>Kotisatama: Valkeakoski<br>Miehist\u00f6: 2<br>Propulsio: per\u00e4moottori<\/p>\n\n\n\n<h2 class=\"wp-block-heading\">AV Roni<\/h2>\n\n\n\n<figure class=\"wp-block-image\"><img loading=\"lazy\" decoding=\"async\" width=\"400\" height=\"200\" src=\"https:\/\/meripelastus.fi\/pirkanmaa-vedos\/wp-content\/uploads\/sites\/16\/2021\/11\/AV_Roni.jpg\" alt=\"AV Roni\" class=\"wp-image-246\" srcset=\"https:\/\/meripelastus.fi\/pirkanmaa\/wp-content\/uploads\/sites\/16\/2021\/11\/AV_Roni.jpg 400w, https:\/\/meripelastus.fi\/pirkanmaa\/wp-content\/uploads\/sites\/16\/2021\/11\/AV_Roni-300x150.jpg 300w\" sizes=\"auto, (max-width: 400px) 100vw, 400px\" \/><\/figure>\n\n\n\n<p>Valmistaja: Ab Boatsman Oy<\/p>\n\n\n\n<p>Pituus: 5,0 m<br>Leveys: 2,1 m<br>Paino: 0,7 tn<br>Nopeus: 22 kn<br>Koneteho: 51 kW<br>Toimintas\u00e4de: 20 nm<br>Kotisatama: Tampere, N\u00e4sij\u00e4rvi<br>Miehist\u00f6: 2<br>Propulsio: per\u00e4moottori<\/p>\n","protected":false},"excerpt":{"rendered":"<p>PV Repa Valmistaja: Mobimar Oy Pituus: 13,5 mLeveys: 4,5 mPaino: 15,0 tnNopeus: 30 knKoneteho: 846 kWToimintas\u00e4de: 95 nmKotisatama: Tampere, N\u00e4sij\u00e4rviMiehist\u00f6: 4Propulsio: vesisuihku PV Tervasaari Valmistaja: Mobimar Oy Pituus:&nbsp;13,5 mLeveys:&nbsp;4,5 mPaino:&nbsp;15 tnNopeus: 30 knKoneteho:&nbsp;846 kWToimintas\u00e4de:&nbsp;95 nmKotisatama: ValkeakoskiMiehist\u00f6: 4Propulsio: vesisuihku PV Turva Tukija: Keskin\u00e4inen Vakuutusyhti\u00f6 Turva Valmistaja:&nbsp;HT Engineering Oy Pituus:&nbsp;8 mLeveys: 2,9 mPaino:&nbsp;8,8 tnNopeus: 30 knKoneteho:&nbsp;331 kWToimintas\u00e4de: [&hellip;]<\/p>\n","protected":false},"author":32,"featured_media":0,"parent":20,"menu_order":0,"comment_status":"closed","ping_status":"closed","template":"","meta":{"_acf_changed":false,"inline_featured_image":false,"footnotes":""},"class_list":["post-214","page","type-page","status-publish","hentry"],"acf":[],"yoast_head":"<!-- This site is optimized with the Yoast SEO Premium plugin v27.2 (Yoast SEO v27.2) - https:\/\/yoast.com\/product\/yoast-seo-premium-wordpress\/ -->\n<title>Alukset - Suomen Meripelastusseura Pirkanmaa ry<\/title>\n<meta name=\"robots\" content=\"noindex, follow, max-snippet:-1, max-image-preview:large, max-video-preview:-1\" \/>\n<meta property=\"og:locale\" content=\"fi_FI\" \/>\n<meta property=\"og:type\" content=\"article\" \/>\n<meta property=\"og:title\" content=\"Alukset\" \/>\n<meta property=\"og:description\" content=\"PV Repa Valmistaja: Mobimar Oy Pituus: 13,5 mLeveys: 4,5 mPaino: 15,0 tnNopeus: 30 knKoneteho: 846 kWToimintas\u00e4de: 95 nmKotisatama: Tampere, N\u00e4sij\u00e4rviMiehist\u00f6: 4Propulsio: vesisuihku PV Tervasaari Valmistaja: Mobimar Oy Pituus:&nbsp;13,5 mLeveys:&nbsp;4,5 mPaino:&nbsp;15 tnNopeus: 30 knKoneteho:&nbsp;846 kWToimintas\u00e4de:&nbsp;95 nmKotisatama: ValkeakoskiMiehist\u00f6: 4Propulsio: vesisuihku PV Turva Tukija: Keskin\u00e4inen Vakuutusyhti\u00f6 Turva Valmistaja:&nbsp;HT Engineering Oy Pituus:&nbsp;8 mLeveys: 2,9 mPaino:&nbsp;8,8 tnNopeus: 30 knKoneteho:&nbsp;331 kWToimintas\u00e4de: [&hellip;]\" \/>\n<meta property=\"og:url\" content=\"https:\/\/meripelastus.fi\/pirkanmaa\/toiminta\/alukset\/\" \/>\n<meta property=\"og:site_name\" content=\"Suomen Meripelastusseura Pirkanmaa ry\" \/>\n<meta property=\"article:modified_time\" content=\"2024-03-04T15:38:26+00:00\" \/>\n<meta property=\"og:image\" content=\"https:\/\/meripelastus.fi\/pirkanmaa-vedos\/wp-content\/uploads\/sites\/16\/2021\/11\/PV_Repa.jpg\" \/>\n<meta name=\"twitter:card\" content=\"summary_large_image\" \/>\n<meta name=\"twitter:label1\" content=\"Arvioitu lukuaika\" \/>\n\t<meta name=\"twitter:data1\" content=\"2 minuuttia\" \/>\n<script type=\"application\/ld+json\" class=\"yoast-schema-graph\">{\"@context\":\"https:\/\/schema.org\",\"@graph\":[{\"@type\":\"WebPage\",\"@id\":\"https:\/\/meripelastus.fi\/pirkanmaa\/toiminta\/alukset\/\",\"url\":\"https:\/\/meripelastus.fi\/pirkanmaa\/toiminta\/alukset\/\",\"name\":\"Alukset - Suomen Meripelastusseura Pirkanmaa ry\",\"isPartOf\":{\"@id\":\"https:\/\/meripelastus.fi\/pirkanmaa\/#website\"},\"primaryImageOfPage\":{\"@id\":\"https:\/\/meripelastus.fi\/pirkanmaa\/toiminta\/alukset\/#primaryimage\"},\"image\":{\"@id\":\"https:\/\/meripelastus.fi\/pirkanmaa\/toiminta\/alukset\/#primaryimage\"},\"thumbnailUrl\":\"https:\/\/meripelastus.fi\/pirkanmaa-vedos\/wp-content\/uploads\/sites\/16\/2021\/11\/PV_Repa.jpg\",\"datePublished\":\"2021-10-26T18:29:59+00:00\",\"dateModified\":\"2024-03-04T15:38:26+00:00\",\"breadcrumb\":{\"@id\":\"https:\/\/meripelastus.fi\/pirkanmaa\/toiminta\/alukset\/#breadcrumb\"},\"inLanguage\":\"fi\",\"potentialAction\":[{\"@type\":\"ReadAction\",\"target\":[\"https:\/\/meripelastus.fi\/pirkanmaa\/toiminta\/alukset\/\"]}]},{\"@type\":\"ImageObject\",\"inLanguage\":\"fi\",\"@id\":\"https:\/\/meripelastus.fi\/pirkanmaa\/toiminta\/alukset\/#primaryimage\",\"url\":\"https:\/\/meripelastus.fi\/pirkanmaa-vedos\/wp-content\/uploads\/sites\/16\/2021\/11\/PV_Repa.jpg\",\"contentUrl\":\"https:\/\/meripelastus.fi\/pirkanmaa-vedos\/wp-content\/uploads\/sites\/16\/2021\/11\/PV_Repa.jpg\"},{\"@type\":\"BreadcrumbList\",\"@id\":\"https:\/\/meripelastus.fi\/pirkanmaa\/toiminta\/alukset\/#breadcrumb\",\"itemListElement\":[{\"@type\":\"ListItem\",\"position\":1,\"name\":\"Etusivu\",\"item\":\"https:\/\/meripelastus.fi\/pirkanmaa\/\"},{\"@type\":\"ListItem\",\"position\":2,\"name\":\"Toiminta\",\"item\":\"https:\/\/meripelastus.fi\/pirkanmaa\/toiminta\/\"},{\"@type\":\"ListItem\",\"position\":3,\"name\":\"Alukset\"}]},{\"@type\":\"WebSite\",\"@id\":\"https:\/\/meripelastus.fi\/pirkanmaa\/#website\",\"url\":\"https:\/\/meripelastus.fi\/pirkanmaa\/\",\"name\":\"Suomen Meripelastusseura Pirkanmaa ry\",\"description\":\"Vapaaehtoiset apunasi vesill\u00e4\",\"potentialAction\":[{\"@type\":\"SearchAction\",\"target\":{\"@type\":\"EntryPoint\",\"urlTemplate\":\"https:\/\/meripelastus.fi\/pirkanmaa\/?s={search_term_string}\"},\"query-input\":{\"@type\":\"PropertyValueSpecification\",\"valueRequired\":true,\"valueName\":\"search_term_string\"}}],\"inLanguage\":\"fi\"}]}<\/script>\n<!-- \/ Yoast SEO Premium plugin. -->","yoast_head_json":{"title":"Alukset - Suomen Meripelastusseura Pirkanmaa ry","robots":{"index":"noindex","follow":"follow","max-snippet":"max-snippet:-1","max-image-preview":"max-image-preview:large","max-video-preview":"max-video-preview:-1"},"og_locale":"fi_FI","og_type":"article","og_title":"Alukset","og_description":"PV Repa Valmistaja: Mobimar Oy Pituus: 13,5 mLeveys: 4,5 mPaino: 15,0 tnNopeus: 30 knKoneteho: 846 kWToimintas\u00e4de: 95 nmKotisatama: Tampere, N\u00e4sij\u00e4rviMiehist\u00f6: 4Propulsio: vesisuihku PV Tervasaari Valmistaja: Mobimar Oy Pituus:&nbsp;13,5 mLeveys:&nbsp;4,5 mPaino:&nbsp;15 tnNopeus: 30 knKoneteho:&nbsp;846 kWToimintas\u00e4de:&nbsp;95 nmKotisatama: ValkeakoskiMiehist\u00f6: 4Propulsio: vesisuihku PV Turva Tukija: Keskin\u00e4inen Vakuutusyhti\u00f6 Turva Valmistaja:&nbsp;HT Engineering Oy Pituus:&nbsp;8 mLeveys: 2,9 mPaino:&nbsp;8,8 tnNopeus: 30 knKoneteho:&nbsp;331 kWToimintas\u00e4de: [&hellip;]","og_url":"https:\/\/meripelastus.fi\/pirkanmaa\/toiminta\/alukset\/","og_site_name":"Suomen Meripelastusseura Pirkanmaa ry","article_modified_time":"2024-03-04T15:38:26+00:00","og_image":[{"url":"https:\/\/meripelastus.fi\/pirkanmaa-vedos\/wp-content\/uploads\/sites\/16\/2021\/11\/PV_Repa.jpg","type":"","width":"","height":""}],"twitter_card":"summary_large_image","twitter_misc":{"Arvioitu lukuaika":"2 minuuttia"},"schema":{"@context":"https:\/\/schema.org","@graph":[{"@type":"WebPage","@id":"https:\/\/meripelastus.fi\/pirkanmaa\/toiminta\/alukset\/","url":"https:\/\/meripelastus.fi\/pirkanmaa\/toiminta\/alukset\/","name":"Alukset - Suomen Meripelastusseura Pirkanmaa ry","isPartOf":{"@id":"https:\/\/meripelastus.fi\/pirkanmaa\/#website"},"primaryImageOfPage":{"@id":"https:\/\/meripelastus.fi\/pirkanmaa\/toiminta\/alukset\/#primaryimage"},"image":{"@id":"https:\/\/meripelastus.fi\/pirkanmaa\/toiminta\/alukset\/#primaryimage"},"thumbnailUrl":"https:\/\/meripelastus.fi\/pirkanmaa-vedos\/wp-content\/uploads\/sites\/16\/2021\/11\/PV_Repa.jpg","datePublished":"2021-10-26T18:29:59+00:00","dateModified":"2024-03-04T15:38:26+00:00","breadcrumb":{"@id":"https:\/\/meripelastus.fi\/pirkanmaa\/toiminta\/alukset\/#breadcrumb"},"inLanguage":"fi","potentialAction":[{"@type":"ReadAction","target":["https:\/\/meripelastus.fi\/pirkanmaa\/toiminta\/alukset\/"]}]},{"@type":"ImageObject","inLanguage":"fi","@id":"https:\/\/meripelastus.fi\/pirkanmaa\/toiminta\/alukset\/#primaryimage","url":"https:\/\/meripelastus.fi\/pirkanmaa-vedos\/wp-content\/uploads\/sites\/16\/2021\/11\/PV_Repa.jpg","contentUrl":"https:\/\/meripelastus.fi\/pirkanmaa-vedos\/wp-content\/uploads\/sites\/16\/2021\/11\/PV_Repa.jpg"},{"@type":"BreadcrumbList","@id":"https:\/\/meripelastus.fi\/pirkanmaa\/toiminta\/alukset\/#breadcrumb","itemListElement":[{"@type":"ListItem","position":1,"name":"Etusivu","item":"https:\/\/meripelastus.fi\/pirkanmaa\/"},{"@type":"ListItem","position":2,"name":"Toiminta","item":"https:\/\/meripelastus.fi\/pirkanmaa\/toiminta\/"},{"@type":"ListItem","position":3,"name":"Alukset"}]},{"@type":"WebSite","@id":"https:\/\/meripelastus.fi\/pirkanmaa\/#website","url":"https:\/\/meripelastus.fi\/pirkanmaa\/","name":"Suomen Meripelastusseura Pirkanmaa ry","description":"Vapaaehtoiset apunasi vesill\u00e4","potentialAction":[{"@type":"SearchAction","target":{"@type":"EntryPoint","urlTemplate":"https:\/\/meripelastus.fi\/pirkanmaa\/?s={search_term_string}"},"query-input":{"@type":"PropertyValueSpecification","valueRequired":true,"valueName":"search_term_string"}}],"inLanguage":"fi"}]}},"_links":{"self":[{"href":"https:\/\/meripelastus.fi\/pirkanmaa\/wp-json\/wp\/v2\/pages\/214","targetHints":{"allow":["GET"]}}],"collection":[{"href":"https:\/\/meripelastus.fi\/pirkanmaa\/wp-json\/wp\/v2\/pages"}],"about":[{"href":"https:\/\/meripelastus.fi\/pirkanmaa\/wp-json\/wp\/v2\/types\/page"}],"author":[{"embeddable":true,"href":"https:\/\/meripelastus.fi\/pirkanmaa\/wp-json\/wp\/v2\/users\/32"}],"replies":[{"embeddable":true,"href":"https:\/\/meripelastus.fi\/pirkanmaa\/wp-json\/wp\/v2\/comments?post=214"}],"version-history":[{"count":17,"href":"https:\/\/meripelastus.fi\/pirkanmaa\/wp-json\/wp\/v2\/pages\/214\/revisions"}],"predecessor-version":[{"id":492,"href":"https:\/\/meripelastus.fi\/pirkanmaa\/wp-json\/wp\/v2\/pages\/214\/revisions\/492"}],"up":[{"embeddable":true,"href":"https:\/\/meripelastus.fi\/pirkanmaa\/wp-json\/wp\/v2\/pages\/20"}],"wp:attachment":[{"href":"https:\/\/meripelastus.fi\/pirkanmaa\/wp-json\/wp\/v2\/media?parent=214"}],"curies":[{"name":"wp","href":"https:\/\/api.w.org\/{rel}","templated":true}]}}