{"id":58,"date":"2024-03-26T09:53:25","date_gmt":"2024-03-26T07:53:25","guid":{"rendered":"https:\/\/meripelastus.fi\/pielinen-vedos\/?page_id=58"},"modified":"2024-10-17T20:43:14","modified_gmt":"2024-10-17T17:43:14","slug":"lahjoita","status":"publish","type":"page","link":"https:\/\/meripelastus.fi\/pielinen\/tue-toimintaa\/lahjoita\/","title":{"rendered":"Pienker\u00e4ys on p\u00e4\u00e4ttynyt"},"content":{"rendered":"\n<p class=\"has-text-align-left has-primary-color has-text-color has-link-color has-medium-font-size wp-elements-e243b96bd1b5f157e2d9fca2101c8364\"><\/p>\n\n\n\n<div class=\"wp-block-media-text has-media-on-the-right is-stacked-on-mobile is-image-fill\" style=\"grid-template-columns:auto 45%\"><div class=\"wp-block-media-text__content\">\n<p>Olemme j\u00e4rjest\u00e4neet pienker\u00e4yksen, jonka tarkoituksena oli ker\u00e4t\u00e4 varoja l\u00e4mmint\u00e4 varuste- ja toimitilaa varten Lieksan satamaan. Ker\u00e4ys on p\u00e4\u00e4ttynyt 17.10.2024.<\/p>\n\n\n\n<blockquote class=\"wp-block-quote is-layout-flow wp-block-quote-is-layout-flow\">\n<p class=\"has-text-align-left\">Vapaaehtoiset j\u00e4rvipelastajamme ovat s\u00e4\u00e4n armoilla l\u00e4htiess\u00e4\u00e4n Pieliselle keliss\u00e4 kuin keliss\u00e4, siihen emme voi vaikuttaa. Mutta tahtoisimme tarjota heille l\u00e4mpim\u00e4n tilan, jossa varusteiden vaihtaminen ja huoltaminen tai vaikkapa lokikirjan kirjoittaminen on mielekk\u00e4\u00e4mp\u00e4\u00e4 kuin aivan taivasalla. Toiveenamme on saada hankittua ns. toimistokontti tai siisti ty\u00f6maakoppi. <\/p>\n<\/blockquote>\n\n\n\n<p>Tavoitetta ei ihan viel\u00e4 saavutettu, mutta hyv\u00e4\u00e4n alkuun p\u00e4\u00e4stiin ja jatkamme t\u00e4st\u00e4 kartoittamalla eri vaihtoehtoja lis\u00e4rahoituksen saamiseksi.<\/p>\n<\/div><figure class=\"wp-block-media-text__media\" style=\"background-image:url(https:\/\/meripelastus.fi\/pielinen\/wp-content\/uploads\/sites\/41\/2024\/07\/Sara-sumussa-Hirviniemi-2-683x1024.jpg);background-position:34% 76%\"><img loading=\"lazy\" decoding=\"async\" width=\"683\" height=\"1024\" src=\"https:\/\/meripelastus.fi\/pielinen\/wp-content\/uploads\/sites\/41\/2024\/07\/Sara-sumussa-Hirviniemi-2-683x1024.jpg\" alt=\"\" class=\"wp-image-360 size-full\" srcset=\"https:\/\/meripelastus.fi\/pielinen\/wp-content\/uploads\/sites\/41\/2024\/07\/Sara-sumussa-Hirviniemi-2-683x1024.jpg 683w, https:\/\/meripelastus.fi\/pielinen\/wp-content\/uploads\/sites\/41\/2024\/07\/Sara-sumussa-Hirviniemi-2-200x300.jpg 200w, https:\/\/meripelastus.fi\/pielinen\/wp-content\/uploads\/sites\/41\/2024\/07\/Sara-sumussa-Hirviniemi-2-768x1152.jpg 768w, https:\/\/meripelastus.fi\/pielinen\/wp-content\/uploads\/sites\/41\/2024\/07\/Sara-sumussa-Hirviniemi-2-1024x1536.jpg 1024w, https:\/\/meripelastus.fi\/pielinen\/wp-content\/uploads\/sites\/41\/2024\/07\/Sara-sumussa-Hirviniemi-2-1365x2048.jpg 1365w, https:\/\/meripelastus.fi\/pielinen\/wp-content\/uploads\/sites\/41\/2024\/07\/Sara-sumussa-Hirviniemi-2-scaled.jpg 1707w\" sizes=\"auto, (max-width: 683px) 100vw, 683px\" \/><\/figure><\/div>\n\n\n\n<p class=\"has-large-font-size\"><br>Syd\u00e4mellinen kiitos tuestasi!<\/p>\n\n\n\t\n   <div class=\"compass-wrapper\"><img loading=\"lazy\" decoding=\"async\" src=\"https:\/\/meripelastus.fi\/pielinen\/wp-content\/themes\/jarjestot\/img\/smps-kompassi-sininen.png\" width=\"1083\" height=\"110\" class=\"kompassi-block\" aria-hidden=\"true\"\/><\/div>","protected":false},"excerpt":{"rendered":"<p>Syd\u00e4mellinen kiitos tuestasi!<\/p>\n","protected":false},"author":1,"featured_media":105,"parent":56,"menu_order":0,"comment_status":"closed","ping_status":"closed","template":"","meta":{"_acf_changed":false,"inline_featured_image":false,"footnotes":""},"class_list":["post-58","page","type-page","status-publish","has-post-thumbnail","hentry"],"acf":[],"yoast_head":"<!-- This site is optimized with the Yoast SEO Premium plugin v27.2 (Yoast SEO v27.2) - https:\/\/yoast.com\/product\/yoast-seo-premium-wordpress\/ -->\n<title>Pienker\u00e4ys on p\u00e4\u00e4ttynyt - Pielisen J\u00e4rvipelastajat<\/title>\n<meta name=\"robots\" content=\"index, follow, max-snippet:-1, max-image-preview:large, max-video-preview:-1\" \/>\n<link rel=\"canonical\" href=\"https:\/\/meripelastus.fi\/pielinen\/tue-toimintaa\/lahjoita\/\" \/>\n<meta property=\"og:locale\" content=\"fi_FI\" \/>\n<meta property=\"og:type\" content=\"article\" \/>\n<meta property=\"og:title\" content=\"Pienker\u00e4ys on p\u00e4\u00e4ttynyt\" \/>\n<meta property=\"og:description\" content=\"Syd\u00e4mellinen kiitos tuestasi!\" \/>\n<meta property=\"og:url\" content=\"https:\/\/meripelastus.fi\/pielinen\/tue-toimintaa\/lahjoita\/\" \/>\n<meta property=\"og:site_name\" content=\"Pielisen J\u00e4rvipelastajat\" \/>\n<meta property=\"article:modified_time\" content=\"2024-10-17T17:43:14+00:00\" \/>\n<meta property=\"og:image\" content=\"https:\/\/meripelastus.fi\/pielinen\/wp-content\/uploads\/sites\/41\/2024\/03\/pielisenjp-alukset-alasivu.jpg\" \/>\n\t<meta property=\"og:image:width\" content=\"1920\" \/>\n\t<meta property=\"og:image:height\" content=\"515\" \/>\n\t<meta property=\"og:image:type\" content=\"image\/jpeg\" \/>\n<meta name=\"twitter:card\" content=\"summary_large_image\" \/>\n<meta name=\"twitter:label1\" content=\"Arvioitu lukuaika\" \/>\n\t<meta name=\"twitter:data1\" content=\"1 minuutti\" \/>\n<script type=\"application\/ld+json\" class=\"yoast-schema-graph\">{\"@context\":\"https:\/\/schema.org\",\"@graph\":[{\"@type\":\"WebPage\",\"@id\":\"https:\/\/meripelastus.fi\/pielinen\/tue-toimintaa\/lahjoita\/\",\"url\":\"https:\/\/meripelastus.fi\/pielinen\/tue-toimintaa\/lahjoita\/\",\"name\":\"Pienker\u00e4ys on p\u00e4\u00e4ttynyt - Pielisen J\u00e4rvipelastajat\",\"isPartOf\":{\"@id\":\"https:\/\/meripelastus.fi\/pielinen\/#website\"},\"primaryImageOfPage\":{\"@id\":\"https:\/\/meripelastus.fi\/pielinen\/tue-toimintaa\/lahjoita\/#primaryimage\"},\"image\":{\"@id\":\"https:\/\/meripelastus.fi\/pielinen\/tue-toimintaa\/lahjoita\/#primaryimage\"},\"thumbnailUrl\":\"https:\/\/meripelastus.fi\/pielinen\/wp-content\/uploads\/sites\/41\/2024\/03\/pielisenjp-alukset-alasivu.jpg\",\"datePublished\":\"2024-03-26T07:53:25+00:00\",\"dateModified\":\"2024-10-17T17:43:14+00:00\",\"breadcrumb\":{\"@id\":\"https:\/\/meripelastus.fi\/pielinen\/tue-toimintaa\/lahjoita\/#breadcrumb\"},\"inLanguage\":\"fi\",\"potentialAction\":[{\"@type\":\"ReadAction\",\"target\":[\"https:\/\/meripelastus.fi\/pielinen\/tue-toimintaa\/lahjoita\/\"]}]},{\"@type\":\"ImageObject\",\"inLanguage\":\"fi\",\"@id\":\"https:\/\/meripelastus.fi\/pielinen\/tue-toimintaa\/lahjoita\/#primaryimage\",\"url\":\"https:\/\/meripelastus.fi\/pielinen\/wp-content\/uploads\/sites\/41\/2024\/03\/pielisenjp-alukset-alasivu.jpg\",\"contentUrl\":\"https:\/\/meripelastus.fi\/pielinen\/wp-content\/uploads\/sites\/41\/2024\/03\/pielisenjp-alukset-alasivu.jpg\",\"width\":1920,\"height\":515,\"caption\":\"Alukset\"},{\"@type\":\"BreadcrumbList\",\"@id\":\"https:\/\/meripelastus.fi\/pielinen\/tue-toimintaa\/lahjoita\/#breadcrumb\",\"itemListElement\":[{\"@type\":\"ListItem\",\"position\":1,\"name\":\"Etusivu\",\"item\":\"https:\/\/meripelastus.fi\/pielinen\/\"},{\"@type\":\"ListItem\",\"position\":2,\"name\":\"Tue toimintaa\",\"item\":\"https:\/\/meripelastus.fi\/pielinen\/tue-toimintaa\/\"},{\"@type\":\"ListItem\",\"position\":3,\"name\":\"Pienker\u00e4ys on p\u00e4\u00e4ttynyt\"}]},{\"@type\":\"WebSite\",\"@id\":\"https:\/\/meripelastus.fi\/pielinen\/#website\",\"url\":\"https:\/\/meripelastus.fi\/pielinen\/\",\"name\":\"Pielisen J\u00e4rvipelastajat\",\"description\":\"Vapaaehtoiset apunasi vesill\u00e4\",\"potentialAction\":[{\"@type\":\"SearchAction\",\"target\":{\"@type\":\"EntryPoint\",\"urlTemplate\":\"https:\/\/meripelastus.fi\/pielinen\/?s={search_term_string}\"},\"query-input\":{\"@type\":\"PropertyValueSpecification\",\"valueRequired\":true,\"valueName\":\"search_term_string\"}}],\"inLanguage\":\"fi\"}]}<\/script>\n<!-- \/ Yoast SEO Premium plugin. -->","yoast_head_json":{"title":"Pienker\u00e4ys on p\u00e4\u00e4ttynyt - Pielisen J\u00e4rvipelastajat","robots":{"index":"index","follow":"follow","max-snippet":"max-snippet:-1","max-image-preview":"max-image-preview:large","max-video-preview":"max-video-preview:-1"},"canonical":"https:\/\/meripelastus.fi\/pielinen\/tue-toimintaa\/lahjoita\/","og_locale":"fi_FI","og_type":"article","og_title":"Pienker\u00e4ys on p\u00e4\u00e4ttynyt","og_description":"Syd\u00e4mellinen kiitos tuestasi!","og_url":"https:\/\/meripelastus.fi\/pielinen\/tue-toimintaa\/lahjoita\/","og_site_name":"Pielisen J\u00e4rvipelastajat","article_modified_time":"2024-10-17T17:43:14+00:00","og_image":[{"width":1920,"height":515,"url":"https:\/\/meripelastus.fi\/pielinen\/wp-content\/uploads\/sites\/41\/2024\/03\/pielisenjp-alukset-alasivu.jpg","type":"image\/jpeg"}],"twitter_card":"summary_large_image","twitter_misc":{"Arvioitu lukuaika":"1 minuutti"},"schema":{"@context":"https:\/\/schema.org","@graph":[{"@type":"WebPage","@id":"https:\/\/meripelastus.fi\/pielinen\/tue-toimintaa\/lahjoita\/","url":"https:\/\/meripelastus.fi\/pielinen\/tue-toimintaa\/lahjoita\/","name":"Pienker\u00e4ys on p\u00e4\u00e4ttynyt - Pielisen J\u00e4rvipelastajat","isPartOf":{"@id":"https:\/\/meripelastus.fi\/pielinen\/#website"},"primaryImageOfPage":{"@id":"https:\/\/meripelastus.fi\/pielinen\/tue-toimintaa\/lahjoita\/#primaryimage"},"image":{"@id":"https:\/\/meripelastus.fi\/pielinen\/tue-toimintaa\/lahjoita\/#primaryimage"},"thumbnailUrl":"https:\/\/meripelastus.fi\/pielinen\/wp-content\/uploads\/sites\/41\/2024\/03\/pielisenjp-alukset-alasivu.jpg","datePublished":"2024-03-26T07:53:25+00:00","dateModified":"2024-10-17T17:43:14+00:00","breadcrumb":{"@id":"https:\/\/meripelastus.fi\/pielinen\/tue-toimintaa\/lahjoita\/#breadcrumb"},"inLanguage":"fi","potentialAction":[{"@type":"ReadAction","target":["https:\/\/meripelastus.fi\/pielinen\/tue-toimintaa\/lahjoita\/"]}]},{"@type":"ImageObject","inLanguage":"fi","@id":"https:\/\/meripelastus.fi\/pielinen\/tue-toimintaa\/lahjoita\/#primaryimage","url":"https:\/\/meripelastus.fi\/pielinen\/wp-content\/uploads\/sites\/41\/2024\/03\/pielisenjp-alukset-alasivu.jpg","contentUrl":"https:\/\/meripelastus.fi\/pielinen\/wp-content\/uploads\/sites\/41\/2024\/03\/pielisenjp-alukset-alasivu.jpg","width":1920,"height":515,"caption":"Alukset"},{"@type":"BreadcrumbList","@id":"https:\/\/meripelastus.fi\/pielinen\/tue-toimintaa\/lahjoita\/#breadcrumb","itemListElement":[{"@type":"ListItem","position":1,"name":"Etusivu","item":"https:\/\/meripelastus.fi\/pielinen\/"},{"@type":"ListItem","position":2,"name":"Tue toimintaa","item":"https:\/\/meripelastus.fi\/pielinen\/tue-toimintaa\/"},{"@type":"ListItem","position":3,"name":"Pienker\u00e4ys on p\u00e4\u00e4ttynyt"}]},{"@type":"WebSite","@id":"https:\/\/meripelastus.fi\/pielinen\/#website","url":"https:\/\/meripelastus.fi\/pielinen\/","name":"Pielisen J\u00e4rvipelastajat","description":"Vapaaehtoiset apunasi vesill\u00e4","potentialAction":[{"@type":"SearchAction","target":{"@type":"EntryPoint","urlTemplate":"https:\/\/meripelastus.fi\/pielinen\/?s={search_term_string}"},"query-input":{"@type":"PropertyValueSpecification","valueRequired":true,"valueName":"search_term_string"}}],"inLanguage":"fi"}]}},"_links":{"self":[{"href":"https:\/\/meripelastus.fi\/pielinen\/wp-json\/wp\/v2\/pages\/58","targetHints":{"allow":["GET"]}}],"collection":[{"href":"https:\/\/meripelastus.fi\/pielinen\/wp-json\/wp\/v2\/pages"}],"about":[{"href":"https:\/\/meripelastus.fi\/pielinen\/wp-json\/wp\/v2\/types\/page"}],"author":[{"embeddable":true,"href":"https:\/\/meripelastus.fi\/pielinen\/wp-json\/wp\/v2\/users\/1"}],"replies":[{"embeddable":true,"href":"https:\/\/meripelastus.fi\/pielinen\/wp-json\/wp\/v2\/comments?post=58"}],"version-history":[{"count":6,"href":"https:\/\/meripelastus.fi\/pielinen\/wp-json\/wp\/v2\/pages\/58\/revisions"}],"predecessor-version":[{"id":394,"href":"https:\/\/meripelastus.fi\/pielinen\/wp-json\/wp\/v2\/pages\/58\/revisions\/394"}],"up":[{"embeddable":true,"href":"https:\/\/meripelastus.fi\/pielinen\/wp-json\/wp\/v2\/pages\/56"}],"wp:featuredmedia":[{"embeddable":true,"href":"https:\/\/meripelastus.fi\/pielinen\/wp-json\/wp\/v2\/media\/105"}],"wp:attachment":[{"href":"https:\/\/meripelastus.fi\/pielinen\/wp-json\/wp\/v2\/media?parent=58"}],"curies":[{"name":"wp","href":"https:\/\/api.w.org\/{rel}","templated":true}]}}