{"id":54,"date":"2024-03-26T09:51:47","date_gmt":"2024-03-26T07:51:47","guid":{"rendered":"https:\/\/meripelastus.fi\/pielinen-vedos\/?page_id=54"},"modified":"2025-01-11T16:28:59","modified_gmt":"2025-01-11T14:28:59","slug":"tietoa-meista","status":"publish","type":"page","link":"https:\/\/meripelastus.fi\/pielinen\/pielisen-jarvipelastajat\/tietoa-meista\/","title":{"rendered":"Tietoa meist\u00e4"},"content":{"rendered":"\n<div class=\"wp-block-columns are-vertically-aligned-top is-layout-flex wp-container-core-columns-is-layout-9d6595d7 wp-block-columns-is-layout-flex\">\n<div class=\"wp-block-column is-vertically-aligned-top is-layout-flow wp-block-column-is-layout-flow\" style=\"flex-basis:60%\">\n<p>Pielisen J\u00e4rvipelastajat on vapaaehtoisty\u00f6t\u00e4 tekev\u00e4, Suomen Meripelastusseuran alainen yhdistys. J\u00e4rvipelastustoimintaa on Pielisell\u00e4 ollut jo vuodesta 1984 l\u00e4htien.<br>Yhdistyksemme kotisatama on Lieksassa ja toinen tukikohta sijaitsee Nurmeksessa. P\u00e4ivystys vuorottelee n\u00e4iden kahden paikkakunnan v\u00e4lill\u00e4. Avovesikaudella p\u00e4ivyst\u00e4mme arkisin klo 17 &#8211; 07 sek\u00e4 viikonloppuisin vuorokauden ymp\u00e4ri, jolloin olemme l\u00e4ht\u00f6valmiudessa veneilij\u00f6iden apuun Pieliselle. <br>Haemme jatkuvasti lis\u00e4\u00e4 vapaaehtoisia harrastajia joukkoomme Lieksaan ja Nurmekseen. J\u00e4rvipelastus on harrastuksena monipuolinen; opit uusia taitoja, p\u00e4\u00e4set haastamaan itse\u00e4si ja veneilem\u00e4\u00e4n kauniissa ymp\u00e4rist\u00f6ss\u00e4 sek\u00e4 ennen kaikkea saat hyv\u00e4n mielen auttamalla muita ihmisi\u00e4. Et tarvitse aiempaa kokemusta, oikea asenne on t\u00e4rkein. Jos kiinnostuit, katso lis\u00e4tietoja <a href=\"https:\/\/meripelastus.fi\/pielinen\/toiminta\/tule-mukaan\/\">t\u00e4\u00e4lt\u00e4 <\/a>ja ota rohkeasti yhteytt\u00e4!<\/p>\n\n\n<div class=\"wp-block-image\">\n<figure class=\"alignleft size-large is-resized\"><img loading=\"lazy\" decoding=\"async\" width=\"768\" height=\"1024\" src=\"https:\/\/meripelastus.fi\/pielinen-vedos\/wp-content\/uploads\/sites\/41\/2024\/04\/Brahea-Uramossa_pieni-768x1024.jpg\" alt=\"Kuvassa pelastusalus laiturissa kauniina p\u00e4iv\u00e4n\u00e4 j\u00e4rven ollessa tyyni,\" class=\"wp-image-181\" style=\"width:596px;height:auto\" srcset=\"https:\/\/meripelastus.fi\/pielinen\/wp-content\/uploads\/sites\/41\/2024\/04\/Brahea-Uramossa_pieni-768x1024.jpg 768w, https:\/\/meripelastus.fi\/pielinen\/wp-content\/uploads\/sites\/41\/2024\/04\/Brahea-Uramossa_pieni-225x300.jpg 225w, https:\/\/meripelastus.fi\/pielinen\/wp-content\/uploads\/sites\/41\/2024\/04\/Brahea-Uramossa_pieni-1152x1536.jpg 1152w, https:\/\/meripelastus.fi\/pielinen\/wp-content\/uploads\/sites\/41\/2024\/04\/Brahea-Uramossa_pieni-1536x2048.jpg 1536w, https:\/\/meripelastus.fi\/pielinen\/wp-content\/uploads\/sites\/41\/2024\/04\/Brahea-Uramossa_pieni-scaled.jpg 1920w\" sizes=\"auto, (max-width: 768px) 100vw, 768px\" \/><\/figure>\n<\/div><\/div>\n<\/div>\n","protected":false},"excerpt":{"rendered":"<p>Pielisen J\u00e4rvipelastajat on vapaaehtoisty\u00f6t\u00e4 tekev\u00e4, Suomen Meripelastusseuran alainen yhdistys. J\u00e4rvipelastustoimintaa on Pielisell\u00e4 ollut jo vuodesta 1984 l\u00e4htien.Yhdistyksemme kotisatama on Lieksassa ja toinen tukikohta sijaitsee Nurmeksessa. P\u00e4ivystys vuorottelee n\u00e4iden kahden paikkakunnan v\u00e4lill\u00e4. Avovesikaudella p\u00e4ivyst\u00e4mme arkisin klo 17 &#8211; 07 sek\u00e4 viikonloppuisin vuorokauden ymp\u00e4ri, jolloin olemme l\u00e4ht\u00f6valmiudessa veneilij\u00f6iden apuun Pieliselle. Haemme jatkuvasti lis\u00e4\u00e4 vapaaehtoisia harrastajia joukkoomme Lieksaan [&hellip;]<\/p>\n","protected":false},"author":1,"featured_media":105,"parent":63,"menu_order":0,"comment_status":"closed","ping_status":"closed","template":"","meta":{"_acf_changed":false,"inline_featured_image":false,"footnotes":""},"class_list":["post-54","page","type-page","status-publish","has-post-thumbnail","hentry"],"acf":[],"yoast_head":"<!-- This site is optimized with the Yoast SEO Premium plugin v27.4 (Yoast SEO v27.4) - https:\/\/yoast.com\/product\/yoast-seo-premium-wordpress\/ -->\n<title>Tietoa meist\u00e4 - Pielisen J\u00e4rvipelastajat<\/title>\n<meta name=\"description\" content=\"Pielisen J\u00e4rvipelastajat veneilij\u00f6iden turvana Pielisell\u00e4.\" \/>\n<meta name=\"robots\" content=\"index, follow, max-snippet:-1, max-image-preview:large, max-video-preview:-1\" \/>\n<link rel=\"canonical\" href=\"https:\/\/meripelastus.fi\/pielinen\/pielisen-jarvipelastajat\/tietoa-meista\/\" \/>\n<meta property=\"og:locale\" content=\"fi_FI\" \/>\n<meta property=\"og:type\" content=\"article\" \/>\n<meta property=\"og:title\" content=\"Tietoa meist\u00e4\" \/>\n<meta property=\"og:description\" content=\"Pielisen J\u00e4rvipelastajat veneilij\u00f6iden turvana Pielisell\u00e4.\" \/>\n<meta property=\"og:url\" content=\"https:\/\/meripelastus.fi\/pielinen\/pielisen-jarvipelastajat\/tietoa-meista\/\" \/>\n<meta property=\"og:site_name\" content=\"Pielisen J\u00e4rvipelastajat\" \/>\n<meta property=\"article:modified_time\" content=\"2025-01-11T14:28:59+00:00\" \/>\n<meta property=\"og:image\" content=\"https:\/\/meripelastus.fi\/pielinen\/wp-content\/uploads\/sites\/41\/2024\/03\/pielisenjp-alukset-alasivu.jpg\" \/>\n\t<meta property=\"og:image:width\" content=\"1920\" \/>\n\t<meta property=\"og:image:height\" content=\"515\" \/>\n\t<meta property=\"og:image:type\" content=\"image\/jpeg\" \/>\n<meta name=\"twitter:card\" content=\"summary_large_image\" \/>\n<meta name=\"twitter:label1\" content=\"Arvioitu lukuaika\" \/>\n\t<meta name=\"twitter:data1\" content=\"2 minuuttia\" \/>\n<script type=\"application\/ld+json\" class=\"yoast-schema-graph\">{\"@context\":\"https:\\\/\\\/schema.org\",\"@graph\":[{\"@type\":\"WebPage\",\"@id\":\"https:\\\/\\\/meripelastus.fi\\\/pielinen\\\/pielisen-jarvipelastajat\\\/tietoa-meista\\\/\",\"url\":\"https:\\\/\\\/meripelastus.fi\\\/pielinen\\\/pielisen-jarvipelastajat\\\/tietoa-meista\\\/\",\"name\":\"Tietoa meist\u00e4 - Pielisen J\u00e4rvipelastajat\",\"isPartOf\":{\"@id\":\"https:\\\/\\\/meripelastus.fi\\\/pielinen\\\/#website\"},\"primaryImageOfPage\":{\"@id\":\"https:\\\/\\\/meripelastus.fi\\\/pielinen\\\/pielisen-jarvipelastajat\\\/tietoa-meista\\\/#primaryimage\"},\"image\":{\"@id\":\"https:\\\/\\\/meripelastus.fi\\\/pielinen\\\/pielisen-jarvipelastajat\\\/tietoa-meista\\\/#primaryimage\"},\"thumbnailUrl\":\"https:\\\/\\\/meripelastus.fi\\\/pielinen\\\/wp-content\\\/uploads\\\/sites\\\/41\\\/2024\\\/03\\\/pielisenjp-alukset-alasivu.jpg\",\"datePublished\":\"2024-03-26T07:51:47+00:00\",\"dateModified\":\"2025-01-11T14:28:59+00:00\",\"description\":\"Pielisen J\u00e4rvipelastajat veneilij\u00f6iden turvana Pielisell\u00e4.\",\"breadcrumb\":{\"@id\":\"https:\\\/\\\/meripelastus.fi\\\/pielinen\\\/pielisen-jarvipelastajat\\\/tietoa-meista\\\/#breadcrumb\"},\"inLanguage\":\"fi\",\"potentialAction\":[{\"@type\":\"ReadAction\",\"target\":[\"https:\\\/\\\/meripelastus.fi\\\/pielinen\\\/pielisen-jarvipelastajat\\\/tietoa-meista\\\/\"]}]},{\"@type\":\"ImageObject\",\"inLanguage\":\"fi\",\"@id\":\"https:\\\/\\\/meripelastus.fi\\\/pielinen\\\/pielisen-jarvipelastajat\\\/tietoa-meista\\\/#primaryimage\",\"url\":\"https:\\\/\\\/meripelastus.fi\\\/pielinen\\\/wp-content\\\/uploads\\\/sites\\\/41\\\/2024\\\/03\\\/pielisenjp-alukset-alasivu.jpg\",\"contentUrl\":\"https:\\\/\\\/meripelastus.fi\\\/pielinen\\\/wp-content\\\/uploads\\\/sites\\\/41\\\/2024\\\/03\\\/pielisenjp-alukset-alasivu.jpg\",\"width\":1920,\"height\":515,\"caption\":\"Alukset\"},{\"@type\":\"BreadcrumbList\",\"@id\":\"https:\\\/\\\/meripelastus.fi\\\/pielinen\\\/pielisen-jarvipelastajat\\\/tietoa-meista\\\/#breadcrumb\",\"itemListElement\":[{\"@type\":\"ListItem\",\"position\":1,\"name\":\"Etusivu\",\"item\":\"https:\\\/\\\/meripelastus.fi\\\/pielinen\\\/\"},{\"@type\":\"ListItem\",\"position\":2,\"name\":\"Pielisen J\u00e4rvipelastajat\",\"item\":\"https:\\\/\\\/meripelastus.fi\\\/pielinen\\\/pielisen-jarvipelastajat\\\/\"},{\"@type\":\"ListItem\",\"position\":3,\"name\":\"Tietoa meist\u00e4\"}]},{\"@type\":\"WebSite\",\"@id\":\"https:\\\/\\\/meripelastus.fi\\\/pielinen\\\/#website\",\"url\":\"https:\\\/\\\/meripelastus.fi\\\/pielinen\\\/\",\"name\":\"Pielisen J\u00e4rvipelastajat\",\"description\":\"Vapaaehtoiset apunasi vesill\u00e4\",\"potentialAction\":[{\"@type\":\"SearchAction\",\"target\":{\"@type\":\"EntryPoint\",\"urlTemplate\":\"https:\\\/\\\/meripelastus.fi\\\/pielinen\\\/?s={search_term_string}\"},\"query-input\":{\"@type\":\"PropertyValueSpecification\",\"valueRequired\":true,\"valueName\":\"search_term_string\"}}],\"inLanguage\":\"fi\"}]}<\/script>\n<!-- \/ Yoast SEO Premium plugin. -->","yoast_head_json":{"title":"Tietoa meist\u00e4 - Pielisen J\u00e4rvipelastajat","description":"Pielisen J\u00e4rvipelastajat veneilij\u00f6iden turvana Pielisell\u00e4.","robots":{"index":"index","follow":"follow","max-snippet":"max-snippet:-1","max-image-preview":"max-image-preview:large","max-video-preview":"max-video-preview:-1"},"canonical":"https:\/\/meripelastus.fi\/pielinen\/pielisen-jarvipelastajat\/tietoa-meista\/","og_locale":"fi_FI","og_type":"article","og_title":"Tietoa meist\u00e4","og_description":"Pielisen J\u00e4rvipelastajat veneilij\u00f6iden turvana Pielisell\u00e4.","og_url":"https:\/\/meripelastus.fi\/pielinen\/pielisen-jarvipelastajat\/tietoa-meista\/","og_site_name":"Pielisen J\u00e4rvipelastajat","article_modified_time":"2025-01-11T14:28:59+00:00","og_image":[{"width":1920,"height":515,"url":"https:\/\/meripelastus.fi\/pielinen\/wp-content\/uploads\/sites\/41\/2024\/03\/pielisenjp-alukset-alasivu.jpg","type":"image\/jpeg"}],"twitter_card":"summary_large_image","twitter_misc":{"Arvioitu lukuaika":"2 minuuttia"},"schema":{"@context":"https:\/\/schema.org","@graph":[{"@type":"WebPage","@id":"https:\/\/meripelastus.fi\/pielinen\/pielisen-jarvipelastajat\/tietoa-meista\/","url":"https:\/\/meripelastus.fi\/pielinen\/pielisen-jarvipelastajat\/tietoa-meista\/","name":"Tietoa meist\u00e4 - Pielisen J\u00e4rvipelastajat","isPartOf":{"@id":"https:\/\/meripelastus.fi\/pielinen\/#website"},"primaryImageOfPage":{"@id":"https:\/\/meripelastus.fi\/pielinen\/pielisen-jarvipelastajat\/tietoa-meista\/#primaryimage"},"image":{"@id":"https:\/\/meripelastus.fi\/pielinen\/pielisen-jarvipelastajat\/tietoa-meista\/#primaryimage"},"thumbnailUrl":"https:\/\/meripelastus.fi\/pielinen\/wp-content\/uploads\/sites\/41\/2024\/03\/pielisenjp-alukset-alasivu.jpg","datePublished":"2024-03-26T07:51:47+00:00","dateModified":"2025-01-11T14:28:59+00:00","description":"Pielisen J\u00e4rvipelastajat veneilij\u00f6iden turvana Pielisell\u00e4.","breadcrumb":{"@id":"https:\/\/meripelastus.fi\/pielinen\/pielisen-jarvipelastajat\/tietoa-meista\/#breadcrumb"},"inLanguage":"fi","potentialAction":[{"@type":"ReadAction","target":["https:\/\/meripelastus.fi\/pielinen\/pielisen-jarvipelastajat\/tietoa-meista\/"]}]},{"@type":"ImageObject","inLanguage":"fi","@id":"https:\/\/meripelastus.fi\/pielinen\/pielisen-jarvipelastajat\/tietoa-meista\/#primaryimage","url":"https:\/\/meripelastus.fi\/pielinen\/wp-content\/uploads\/sites\/41\/2024\/03\/pielisenjp-alukset-alasivu.jpg","contentUrl":"https:\/\/meripelastus.fi\/pielinen\/wp-content\/uploads\/sites\/41\/2024\/03\/pielisenjp-alukset-alasivu.jpg","width":1920,"height":515,"caption":"Alukset"},{"@type":"BreadcrumbList","@id":"https:\/\/meripelastus.fi\/pielinen\/pielisen-jarvipelastajat\/tietoa-meista\/#breadcrumb","itemListElement":[{"@type":"ListItem","position":1,"name":"Etusivu","item":"https:\/\/meripelastus.fi\/pielinen\/"},{"@type":"ListItem","position":2,"name":"Pielisen J\u00e4rvipelastajat","item":"https:\/\/meripelastus.fi\/pielinen\/pielisen-jarvipelastajat\/"},{"@type":"ListItem","position":3,"name":"Tietoa meist\u00e4"}]},{"@type":"WebSite","@id":"https:\/\/meripelastus.fi\/pielinen\/#website","url":"https:\/\/meripelastus.fi\/pielinen\/","name":"Pielisen J\u00e4rvipelastajat","description":"Vapaaehtoiset apunasi vesill\u00e4","potentialAction":[{"@type":"SearchAction","target":{"@type":"EntryPoint","urlTemplate":"https:\/\/meripelastus.fi\/pielinen\/?s={search_term_string}"},"query-input":{"@type":"PropertyValueSpecification","valueRequired":true,"valueName":"search_term_string"}}],"inLanguage":"fi"}]}},"_links":{"self":[{"href":"https:\/\/meripelastus.fi\/pielinen\/wp-json\/wp\/v2\/pages\/54","targetHints":{"allow":["GET"]}}],"collection":[{"href":"https:\/\/meripelastus.fi\/pielinen\/wp-json\/wp\/v2\/pages"}],"about":[{"href":"https:\/\/meripelastus.fi\/pielinen\/wp-json\/wp\/v2\/types\/page"}],"author":[{"embeddable":true,"href":"https:\/\/meripelastus.fi\/pielinen\/wp-json\/wp\/v2\/users\/1"}],"replies":[{"embeddable":true,"href":"https:\/\/meripelastus.fi\/pielinen\/wp-json\/wp\/v2\/comments?post=54"}],"version-history":[{"count":9,"href":"https:\/\/meripelastus.fi\/pielinen\/wp-json\/wp\/v2\/pages\/54\/revisions"}],"predecessor-version":[{"id":437,"href":"https:\/\/meripelastus.fi\/pielinen\/wp-json\/wp\/v2\/pages\/54\/revisions\/437"}],"up":[{"embeddable":true,"href":"https:\/\/meripelastus.fi\/pielinen\/wp-json\/wp\/v2\/pages\/63"}],"wp:featuredmedia":[{"embeddable":true,"href":"https:\/\/meripelastus.fi\/pielinen\/wp-json\/wp\/v2\/media\/105"}],"wp:attachment":[{"href":"https:\/\/meripelastus.fi\/pielinen\/wp-json\/wp\/v2\/media?parent=54"}],"curies":[{"name":"wp","href":"https:\/\/api.w.org\/{rel}","templated":true}]}}