{"id":52,"date":"2024-03-26T09:51:26","date_gmt":"2024-03-26T07:51:26","guid":{"rendered":"https:\/\/meripelastus.fi\/pielinen-vedos\/?page_id=52"},"modified":"2025-07-30T20:47:37","modified_gmt":"2025-07-30T17:47:37","slug":"yhteystiedot","status":"publish","type":"page","link":"https:\/\/meripelastus.fi\/pielinen\/yhteystiedot\/","title":{"rendered":"Yhteystiedot"},"content":{"rendered":"\n<h2 class=\"wp-block-heading\" id=\"h-pielisen-jarvipelastajat-ry\">Pielisen J\u00e4rvipelastajat ry<\/h2>\n\n\n\n<p>P\u00e4ivyst\u00e4v\u00e4n p\u00e4\u00e4llik\u00f6n puhelin <strong>050 336 4006<\/strong><\/p>\n\n\n\n<p><\/p>\n\n\n\n<p>Puheenjohtaja Jari Korhonen<br>pielinen(at)messi.meripelastus.fi<br>Puh.\u00a00500 277 923<\/p>\n\n\n\n<p><\/p>\n\n\n\n<p>Instagram: <a href=\"https:\/\/www.instagram.com\/sarpielinen\/\">sarpielinen<\/a><\/p>\n\n\n\n<p>Facebook: <a href=\"https:\/\/www.facebook.com\/smpspielisenjarvipelastajat\">SMPS Pielisen J\u00e4rvipelastajat<\/a><\/p>\n\n\n\n<p><\/p>\n","protected":false},"excerpt":{"rendered":"<p>Pielisen J\u00e4rvipelastajat ry P\u00e4ivyst\u00e4v\u00e4n p\u00e4\u00e4llik\u00f6n puhelin 050 336 4006 Puheenjohtaja Jari Korhonenpielinen(at)messi.meripelastus.fiPuh.\u00a00500 277 923 Instagram: sarpielinen Facebook: SMPS Pielisen J\u00e4rvipelastajat<\/p>\n","protected":false},"author":1,"featured_media":105,"parent":0,"menu_order":0,"comment_status":"closed","ping_status":"closed","template":"","meta":{"_acf_changed":false,"inline_featured_image":false,"footnotes":""},"class_list":["post-52","page","type-page","status-publish","has-post-thumbnail","hentry"],"acf":[],"yoast_head":"<!-- This site is optimized with the Yoast SEO Premium plugin v27.2 (Yoast SEO v27.2) - https:\/\/yoast.com\/product\/yoast-seo-premium-wordpress\/ -->\n<title>Yhteystiedot - Pielisen J\u00e4rvipelastajat<\/title>\n<meta name=\"robots\" content=\"index, follow, max-snippet:-1, max-image-preview:large, max-video-preview:-1\" \/>\n<link rel=\"canonical\" href=\"https:\/\/meripelastus.fi\/pielinen\/yhteystiedot\/\" \/>\n<meta property=\"og:locale\" content=\"fi_FI\" \/>\n<meta property=\"og:type\" content=\"article\" \/>\n<meta property=\"og:title\" content=\"Yhteystiedot\" \/>\n<meta property=\"og:description\" content=\"Pielisen J\u00e4rvipelastajat ry P\u00e4ivyst\u00e4v\u00e4n p\u00e4\u00e4llik\u00f6n puhelin 050 336 4006 Puheenjohtaja Jari Korhonenpielinen(at)messi.meripelastus.fiPuh.\u00a00500 277 923 Instagram: sarpielinen Facebook: SMPS Pielisen J\u00e4rvipelastajat\" \/>\n<meta property=\"og:url\" content=\"https:\/\/meripelastus.fi\/pielinen\/yhteystiedot\/\" \/>\n<meta property=\"og:site_name\" content=\"Pielisen J\u00e4rvipelastajat\" \/>\n<meta property=\"article:modified_time\" content=\"2025-07-30T17:47:37+00:00\" \/>\n<meta property=\"og:image\" content=\"https:\/\/meripelastus.fi\/pielinen\/wp-content\/uploads\/sites\/41\/2024\/03\/pielisenjp-alukset-alasivu.jpg\" \/>\n\t<meta property=\"og:image:width\" content=\"1920\" \/>\n\t<meta property=\"og:image:height\" content=\"515\" \/>\n\t<meta property=\"og:image:type\" content=\"image\/jpeg\" \/>\n<meta name=\"twitter:card\" content=\"summary_large_image\" \/>\n<meta name=\"twitter:label1\" content=\"Arvioitu lukuaika\" \/>\n\t<meta name=\"twitter:data1\" content=\"1 minuutti\" \/>\n<script type=\"application\/ld+json\" class=\"yoast-schema-graph\">{\"@context\":\"https:\/\/schema.org\",\"@graph\":[{\"@type\":\"WebPage\",\"@id\":\"https:\/\/meripelastus.fi\/pielinen\/yhteystiedot\/\",\"url\":\"https:\/\/meripelastus.fi\/pielinen\/yhteystiedot\/\",\"name\":\"Yhteystiedot - Pielisen J\u00e4rvipelastajat\",\"isPartOf\":{\"@id\":\"https:\/\/meripelastus.fi\/pielinen\/#website\"},\"primaryImageOfPage\":{\"@id\":\"https:\/\/meripelastus.fi\/pielinen\/yhteystiedot\/#primaryimage\"},\"image\":{\"@id\":\"https:\/\/meripelastus.fi\/pielinen\/yhteystiedot\/#primaryimage\"},\"thumbnailUrl\":\"https:\/\/meripelastus.fi\/pielinen\/wp-content\/uploads\/sites\/41\/2024\/03\/pielisenjp-alukset-alasivu.jpg\",\"datePublished\":\"2024-03-26T07:51:26+00:00\",\"dateModified\":\"2025-07-30T17:47:37+00:00\",\"breadcrumb\":{\"@id\":\"https:\/\/meripelastus.fi\/pielinen\/yhteystiedot\/#breadcrumb\"},\"inLanguage\":\"fi\",\"potentialAction\":[{\"@type\":\"ReadAction\",\"target\":[\"https:\/\/meripelastus.fi\/pielinen\/yhteystiedot\/\"]}]},{\"@type\":\"ImageObject\",\"inLanguage\":\"fi\",\"@id\":\"https:\/\/meripelastus.fi\/pielinen\/yhteystiedot\/#primaryimage\",\"url\":\"https:\/\/meripelastus.fi\/pielinen\/wp-content\/uploads\/sites\/41\/2024\/03\/pielisenjp-alukset-alasivu.jpg\",\"contentUrl\":\"https:\/\/meripelastus.fi\/pielinen\/wp-content\/uploads\/sites\/41\/2024\/03\/pielisenjp-alukset-alasivu.jpg\",\"width\":1920,\"height\":515,\"caption\":\"Alukset\"},{\"@type\":\"BreadcrumbList\",\"@id\":\"https:\/\/meripelastus.fi\/pielinen\/yhteystiedot\/#breadcrumb\",\"itemListElement\":[{\"@type\":\"ListItem\",\"position\":1,\"name\":\"Etusivu\",\"item\":\"https:\/\/meripelastus.fi\/pielinen\/\"},{\"@type\":\"ListItem\",\"position\":2,\"name\":\"Yhteystiedot\"}]},{\"@type\":\"WebSite\",\"@id\":\"https:\/\/meripelastus.fi\/pielinen\/#website\",\"url\":\"https:\/\/meripelastus.fi\/pielinen\/\",\"name\":\"Pielisen J\u00e4rvipelastajat\",\"description\":\"Vapaaehtoiset apunasi vesill\u00e4\",\"potentialAction\":[{\"@type\":\"SearchAction\",\"target\":{\"@type\":\"EntryPoint\",\"urlTemplate\":\"https:\/\/meripelastus.fi\/pielinen\/?s={search_term_string}\"},\"query-input\":{\"@type\":\"PropertyValueSpecification\",\"valueRequired\":true,\"valueName\":\"search_term_string\"}}],\"inLanguage\":\"fi\"}]}<\/script>\n<!-- \/ Yoast SEO Premium plugin. -->","yoast_head_json":{"title":"Yhteystiedot - Pielisen J\u00e4rvipelastajat","robots":{"index":"index","follow":"follow","max-snippet":"max-snippet:-1","max-image-preview":"max-image-preview:large","max-video-preview":"max-video-preview:-1"},"canonical":"https:\/\/meripelastus.fi\/pielinen\/yhteystiedot\/","og_locale":"fi_FI","og_type":"article","og_title":"Yhteystiedot","og_description":"Pielisen J\u00e4rvipelastajat ry P\u00e4ivyst\u00e4v\u00e4n p\u00e4\u00e4llik\u00f6n puhelin 050 336 4006 Puheenjohtaja Jari Korhonenpielinen(at)messi.meripelastus.fiPuh.\u00a00500 277 923 Instagram: sarpielinen Facebook: SMPS Pielisen J\u00e4rvipelastajat","og_url":"https:\/\/meripelastus.fi\/pielinen\/yhteystiedot\/","og_site_name":"Pielisen J\u00e4rvipelastajat","article_modified_time":"2025-07-30T17:47:37+00:00","og_image":[{"width":1920,"height":515,"url":"https:\/\/meripelastus.fi\/pielinen\/wp-content\/uploads\/sites\/41\/2024\/03\/pielisenjp-alukset-alasivu.jpg","type":"image\/jpeg"}],"twitter_card":"summary_large_image","twitter_misc":{"Arvioitu lukuaika":"1 minuutti"},"schema":{"@context":"https:\/\/schema.org","@graph":[{"@type":"WebPage","@id":"https:\/\/meripelastus.fi\/pielinen\/yhteystiedot\/","url":"https:\/\/meripelastus.fi\/pielinen\/yhteystiedot\/","name":"Yhteystiedot - Pielisen J\u00e4rvipelastajat","isPartOf":{"@id":"https:\/\/meripelastus.fi\/pielinen\/#website"},"primaryImageOfPage":{"@id":"https:\/\/meripelastus.fi\/pielinen\/yhteystiedot\/#primaryimage"},"image":{"@id":"https:\/\/meripelastus.fi\/pielinen\/yhteystiedot\/#primaryimage"},"thumbnailUrl":"https:\/\/meripelastus.fi\/pielinen\/wp-content\/uploads\/sites\/41\/2024\/03\/pielisenjp-alukset-alasivu.jpg","datePublished":"2024-03-26T07:51:26+00:00","dateModified":"2025-07-30T17:47:37+00:00","breadcrumb":{"@id":"https:\/\/meripelastus.fi\/pielinen\/yhteystiedot\/#breadcrumb"},"inLanguage":"fi","potentialAction":[{"@type":"ReadAction","target":["https:\/\/meripelastus.fi\/pielinen\/yhteystiedot\/"]}]},{"@type":"ImageObject","inLanguage":"fi","@id":"https:\/\/meripelastus.fi\/pielinen\/yhteystiedot\/#primaryimage","url":"https:\/\/meripelastus.fi\/pielinen\/wp-content\/uploads\/sites\/41\/2024\/03\/pielisenjp-alukset-alasivu.jpg","contentUrl":"https:\/\/meripelastus.fi\/pielinen\/wp-content\/uploads\/sites\/41\/2024\/03\/pielisenjp-alukset-alasivu.jpg","width":1920,"height":515,"caption":"Alukset"},{"@type":"BreadcrumbList","@id":"https:\/\/meripelastus.fi\/pielinen\/yhteystiedot\/#breadcrumb","itemListElement":[{"@type":"ListItem","position":1,"name":"Etusivu","item":"https:\/\/meripelastus.fi\/pielinen\/"},{"@type":"ListItem","position":2,"name":"Yhteystiedot"}]},{"@type":"WebSite","@id":"https:\/\/meripelastus.fi\/pielinen\/#website","url":"https:\/\/meripelastus.fi\/pielinen\/","name":"Pielisen J\u00e4rvipelastajat","description":"Vapaaehtoiset apunasi vesill\u00e4","potentialAction":[{"@type":"SearchAction","target":{"@type":"EntryPoint","urlTemplate":"https:\/\/meripelastus.fi\/pielinen\/?s={search_term_string}"},"query-input":{"@type":"PropertyValueSpecification","valueRequired":true,"valueName":"search_term_string"}}],"inLanguage":"fi"}]}},"_links":{"self":[{"href":"https:\/\/meripelastus.fi\/pielinen\/wp-json\/wp\/v2\/pages\/52","targetHints":{"allow":["GET"]}}],"collection":[{"href":"https:\/\/meripelastus.fi\/pielinen\/wp-json\/wp\/v2\/pages"}],"about":[{"href":"https:\/\/meripelastus.fi\/pielinen\/wp-json\/wp\/v2\/types\/page"}],"author":[{"embeddable":true,"href":"https:\/\/meripelastus.fi\/pielinen\/wp-json\/wp\/v2\/users\/1"}],"replies":[{"embeddable":true,"href":"https:\/\/meripelastus.fi\/pielinen\/wp-json\/wp\/v2\/comments?post=52"}],"version-history":[{"count":9,"href":"https:\/\/meripelastus.fi\/pielinen\/wp-json\/wp\/v2\/pages\/52\/revisions"}],"predecessor-version":[{"id":606,"href":"https:\/\/meripelastus.fi\/pielinen\/wp-json\/wp\/v2\/pages\/52\/revisions\/606"}],"wp:featuredmedia":[{"embeddable":true,"href":"https:\/\/meripelastus.fi\/pielinen\/wp-json\/wp\/v2\/media\/105"}],"wp:attachment":[{"href":"https:\/\/meripelastus.fi\/pielinen\/wp-json\/wp\/v2\/media?parent=52"}],"curies":[{"name":"wp","href":"https:\/\/api.w.org\/{rel}","templated":true}]}}