{"id":249,"date":"2024-04-19T12:18:57","date_gmt":"2024-04-19T09:18:57","guid":{"rendered":"https:\/\/meripelastus.fi\/pielinen-vedos\/?page_id=249"},"modified":"2024-05-25T21:03:50","modified_gmt":"2024-05-25T18:03:50","slug":"historia","status":"publish","type":"page","link":"https:\/\/meripelastus.fi\/pielinen\/historia\/","title":{"rendered":"Historia"},"content":{"rendered":"\n<p>Historia-palstalle poimimme paloja j\u00e4rvipelastustoiminnasta Pielisell\u00e4. Onko sinulla tarinoita, kuvia tai muistoja liittyen veneilyyn Pielisell\u00e4? Ne voivat olla kauempaa aikojen takaa tai ihan l\u00e4hihistoriasta. Ker\u00e4\u00e4mme lukijoiden tarinoita osaksi historiikkiamme ja julkaisemme parhaita paloja t\u00e4ll\u00e4 palstalla sek\u00e4 sosiaalisen median tileill\u00e4mme. L\u00e4het\u00e4 juttuvinkkisi osoitteeseen <strong>pielinen(at)messi.meripelastus.fi<\/strong>.<\/p>\n\n\n\n<div style=\"height:3rem\" aria-hidden=\"true\" class=\"wp-block-spacer\"><\/div>\n\n\n\t\n   <div class=\"compass-wrapper\"><img loading=\"lazy\" decoding=\"async\" src=\"https:\/\/meripelastus.fi\/pielinen\/wp-content\/themes\/jarjestot\/img\/smps-kompassi-sininen.png\" width=\"1083\" height=\"110\" class=\"kompassi-block\" aria-hidden=\"true\"\/><\/div>\n\n\n<div class=\"wp-block-group\"><div class=\"wp-block-group__inner-container is-layout-constrained wp-block-group-is-layout-constrained\">\n<h2 class=\"wp-block-heading\">Suuren seikkailun vartiointi vuonna 2003<\/h2>\n\n\n\n<h3 class=\"wp-block-heading\">J\u00e4rvipelastajat huolehtivat kuuluisan televisiosarjan kuvausrauhasta<\/h3>\n\n\n\n<div class=\"wp-block-media-text alignwide has-media-on-the-right is-stacked-on-mobile\"><div class=\"wp-block-media-text__content\">\n<p>Parisenkymment\u00e4 vuotta sitten j\u00e4rvipelastajat saivat hoidettavakseen melkoisen urakan; Suuri Seikkailu -nimisen televisiosarjan kuvausten vartioinnin 18.5. &#8211; 16.6.2003. Tuo aikav\u00e4li vartioitiin veneliikennett\u00e4 Romonsaarien ymp\u00e4rill\u00e4 ja uteliaat veneilij\u00e4t ohjattiin suuntaamaan reittins\u00e4 poisp\u00e4in alueelta.<\/p>\n\n\n\n<p>Mukana ollut j\u00e4rvipelastaja muistelee:<br><br><em>&#8221;18.5.2003 klo 13.55 l\u00e4hdettiin Lieksan satamasta Kolia kohti, miehist\u00f6\u00f6n kuului kolme henkil\u00f6\u00e4. Muutamaa p\u00e4iv\u00e4\u00e4 ennen oli j\u00e4\u00e4t l\u00e4hteneet Pielisest\u00e4 ja pieni\u00e4 lauttoja seilasi viel\u00e4kin, kun ajettiin Kolille. Meill\u00e4 oli vuokralla Ronja-niminen alus, koska Brahea oli Lammassaaren telakalla. Ronjassa ei toiminut l\u00e4mmityslaite, oli viileit\u00e4 \u00f6it\u00e4 edess\u00e4. Saavuimme toimialueelle klo 15.45. J\u00e4rjest\u00e4jien Buster k\u00e4vi ja saatiin ohjeet. Ankkuroimme seikkailuleirin edustalle klo 16.00. Suuren Seikkailun veneit\u00e4 k\u00e4vi esitt\u00e4ytym\u00e4ss\u00e4, kaikkiaan 5 kpl Bustereita. Ohjelman juontaja Mila Kajas oli mukana. Siit\u00e4 se vartiointi alkoi 24 h\/vrk. P\u00e4ivystysryhm\u00e4\u00e4 vaihdettiin 21.5. <\/em><br><em>klo 18.55. Siit\u00e4h\u00e4n se homma l\u00e4htikin rullaamaan, sen j\u00e4lkeen vuoron vaihdot olivat kahden vuorokauden v\u00e4lein. Mielenkiintoinen urakka!&#8221;<\/em><\/p>\n<\/div><figure class=\"wp-block-media-text__media\"><img loading=\"lazy\" decoding=\"async\" width=\"654\" height=\"373\" src=\"https:\/\/meripelastus.fi\/pielinen-vedos\/wp-content\/uploads\/sites\/41\/2024\/04\/Suuri-Seikkailu-2003-Koli.jpg\" alt=\"\" class=\"wp-image-273 size-full\" srcset=\"https:\/\/meripelastus.fi\/pielinen\/wp-content\/uploads\/sites\/41\/2024\/04\/Suuri-Seikkailu-2003-Koli.jpg 654w, https:\/\/meripelastus.fi\/pielinen\/wp-content\/uploads\/sites\/41\/2024\/04\/Suuri-Seikkailu-2003-Koli-300x171.jpg 300w\" sizes=\"auto, (max-width: 654px) 100vw, 654px\" \/><\/figure><\/div>\n<\/div><\/div>\n\n\n<div class=\"wp-block-image\">\n<figure class=\"aligncenter size-large\"><img loading=\"lazy\" decoding=\"async\" width=\"1024\" height=\"653\" src=\"https:\/\/meripelastus.fi\/pielinen-vedos\/wp-content\/uploads\/sites\/41\/2024\/04\/Lieksan-Lehti-14062003-Suuri-seikkailu-1-1024x653.jpg\" alt=\"\" class=\"wp-image-272\" srcset=\"https:\/\/meripelastus.fi\/pielinen\/wp-content\/uploads\/sites\/41\/2024\/04\/Lieksan-Lehti-14062003-Suuri-seikkailu-1-1024x653.jpg 1024w, https:\/\/meripelastus.fi\/pielinen\/wp-content\/uploads\/sites\/41\/2024\/04\/Lieksan-Lehti-14062003-Suuri-seikkailu-1-300x191.jpg 300w, https:\/\/meripelastus.fi\/pielinen\/wp-content\/uploads\/sites\/41\/2024\/04\/Lieksan-Lehti-14062003-Suuri-seikkailu-1-768x490.jpg 768w, https:\/\/meripelastus.fi\/pielinen\/wp-content\/uploads\/sites\/41\/2024\/04\/Lieksan-Lehti-14062003-Suuri-seikkailu-1.jpg 1195w\" sizes=\"auto, (max-width: 1024px) 100vw, 1024px\" \/><figcaption class=\"wp-element-caption\">Juttu Lieksan Lehdess\u00e4 14.6.2003<\/figcaption><\/figure>\n<\/div>\n\n\t\n   <div class=\"compass-wrapper\"><img loading=\"lazy\" decoding=\"async\" src=\"https:\/\/meripelastus.fi\/pielinen\/wp-content\/themes\/jarjestot\/img\/smps-kompassi-sininen.png\" width=\"1083\" height=\"110\" class=\"kompassi-block\" aria-hidden=\"true\"\/><\/div>","protected":false},"excerpt":{"rendered":"<p>Historia-palstalle poimimme paloja j\u00e4rvipelastustoiminnasta Pielisell\u00e4. Onko sinulla tarinoita, kuvia tai muistoja liittyen veneilyyn Pielisell\u00e4? Ne voivat olla kauempaa aikojen takaa tai ihan l\u00e4hihistoriasta. Ker\u00e4\u00e4mme lukijoiden tarinoita osaksi historiikkiamme ja julkaisemme parhaita paloja t\u00e4ll\u00e4 palstalla sek\u00e4 sosiaalisen median tileill\u00e4mme. L\u00e4het\u00e4 juttuvinkkisi osoitteeseen pielinen(at)messi.meripelastus.fi. Suuren seikkailun vartiointi vuonna 2003 J\u00e4rvipelastajat huolehtivat kuuluisan televisiosarjan kuvausrauhasta Parisenkymment\u00e4 vuotta sitten [&hellip;]<\/p>\n","protected":false},"author":1,"featured_media":0,"parent":0,"menu_order":0,"comment_status":"closed","ping_status":"closed","template":"","meta":{"_acf_changed":false,"inline_featured_image":false,"footnotes":""},"class_list":["post-249","page","type-page","status-publish","hentry"],"acf":[],"yoast_head":"<!-- This site is optimized with the Yoast SEO Premium plugin v27.2 (Yoast SEO v27.2) - https:\/\/yoast.com\/product\/yoast-seo-premium-wordpress\/ -->\n<title>Historia - Pielisen J\u00e4rvipelastajat<\/title>\n<meta name=\"robots\" content=\"index, follow, max-snippet:-1, max-image-preview:large, max-video-preview:-1\" \/>\n<link rel=\"canonical\" href=\"https:\/\/meripelastus.fi\/pielinen\/historia\/\" \/>\n<meta property=\"og:locale\" content=\"fi_FI\" \/>\n<meta property=\"og:type\" content=\"article\" \/>\n<meta property=\"og:title\" content=\"Historia\" \/>\n<meta property=\"og:description\" content=\"Historia-palstalle poimimme paloja j\u00e4rvipelastustoiminnasta Pielisell\u00e4. Onko sinulla tarinoita, kuvia tai muistoja liittyen veneilyyn Pielisell\u00e4? Ne voivat olla kauempaa aikojen takaa tai ihan l\u00e4hihistoriasta. Ker\u00e4\u00e4mme lukijoiden tarinoita osaksi historiikkiamme ja julkaisemme parhaita paloja t\u00e4ll\u00e4 palstalla sek\u00e4 sosiaalisen median tileill\u00e4mme. L\u00e4het\u00e4 juttuvinkkisi osoitteeseen pielinen(at)messi.meripelastus.fi. Suuren seikkailun vartiointi vuonna 2003 J\u00e4rvipelastajat huolehtivat kuuluisan televisiosarjan kuvausrauhasta Parisenkymment\u00e4 vuotta sitten [&hellip;]\" \/>\n<meta property=\"og:url\" content=\"https:\/\/meripelastus.fi\/pielinen\/historia\/\" \/>\n<meta property=\"og:site_name\" content=\"Pielisen J\u00e4rvipelastajat\" \/>\n<meta property=\"article:modified_time\" content=\"2024-05-25T18:03:50+00:00\" \/>\n<meta property=\"og:image\" content=\"https:\/\/meripelastus.fi\/pielinen-vedos\/wp-content\/uploads\/sites\/41\/2024\/04\/Suuri-Seikkailu-2003-Koli.jpg\" \/>\n<meta name=\"twitter:card\" content=\"summary_large_image\" \/>\n<meta name=\"twitter:label1\" content=\"Arvioitu lukuaika\" \/>\n\t<meta name=\"twitter:data1\" content=\"2 minuuttia\" \/>\n<script type=\"application\/ld+json\" class=\"yoast-schema-graph\">{\"@context\":\"https:\/\/schema.org\",\"@graph\":[{\"@type\":\"WebPage\",\"@id\":\"https:\/\/meripelastus.fi\/pielinen\/historia\/\",\"url\":\"https:\/\/meripelastus.fi\/pielinen\/historia\/\",\"name\":\"Historia - Pielisen J\u00e4rvipelastajat\",\"isPartOf\":{\"@id\":\"https:\/\/meripelastus.fi\/pielinen\/#website\"},\"primaryImageOfPage\":{\"@id\":\"https:\/\/meripelastus.fi\/pielinen\/historia\/#primaryimage\"},\"image\":{\"@id\":\"https:\/\/meripelastus.fi\/pielinen\/historia\/#primaryimage\"},\"thumbnailUrl\":\"https:\/\/meripelastus.fi\/pielinen-vedos\/wp-content\/uploads\/sites\/41\/2024\/04\/Suuri-Seikkailu-2003-Koli.jpg\",\"datePublished\":\"2024-04-19T09:18:57+00:00\",\"dateModified\":\"2024-05-25T18:03:50+00:00\",\"breadcrumb\":{\"@id\":\"https:\/\/meripelastus.fi\/pielinen\/historia\/#breadcrumb\"},\"inLanguage\":\"fi\",\"potentialAction\":[{\"@type\":\"ReadAction\",\"target\":[\"https:\/\/meripelastus.fi\/pielinen\/historia\/\"]}]},{\"@type\":\"ImageObject\",\"inLanguage\":\"fi\",\"@id\":\"https:\/\/meripelastus.fi\/pielinen\/historia\/#primaryimage\",\"url\":\"https:\/\/meripelastus.fi\/pielinen\/wp-content\/uploads\/sites\/41\/2024\/04\/Suuri-Seikkailu-2003-Koli.jpg\",\"contentUrl\":\"https:\/\/meripelastus.fi\/pielinen\/wp-content\/uploads\/sites\/41\/2024\/04\/Suuri-Seikkailu-2003-Koli.jpg\",\"width\":654,\"height\":373},{\"@type\":\"BreadcrumbList\",\"@id\":\"https:\/\/meripelastus.fi\/pielinen\/historia\/#breadcrumb\",\"itemListElement\":[{\"@type\":\"ListItem\",\"position\":1,\"name\":\"Etusivu\",\"item\":\"https:\/\/meripelastus.fi\/pielinen\/\"},{\"@type\":\"ListItem\",\"position\":2,\"name\":\"Historia\"}]},{\"@type\":\"WebSite\",\"@id\":\"https:\/\/meripelastus.fi\/pielinen\/#website\",\"url\":\"https:\/\/meripelastus.fi\/pielinen\/\",\"name\":\"Pielisen J\u00e4rvipelastajat\",\"description\":\"Vapaaehtoiset apunasi vesill\u00e4\",\"potentialAction\":[{\"@type\":\"SearchAction\",\"target\":{\"@type\":\"EntryPoint\",\"urlTemplate\":\"https:\/\/meripelastus.fi\/pielinen\/?s={search_term_string}\"},\"query-input\":{\"@type\":\"PropertyValueSpecification\",\"valueRequired\":true,\"valueName\":\"search_term_string\"}}],\"inLanguage\":\"fi\"}]}<\/script>\n<!-- \/ Yoast SEO Premium plugin. -->","yoast_head_json":{"title":"Historia - Pielisen J\u00e4rvipelastajat","robots":{"index":"index","follow":"follow","max-snippet":"max-snippet:-1","max-image-preview":"max-image-preview:large","max-video-preview":"max-video-preview:-1"},"canonical":"https:\/\/meripelastus.fi\/pielinen\/historia\/","og_locale":"fi_FI","og_type":"article","og_title":"Historia","og_description":"Historia-palstalle poimimme paloja j\u00e4rvipelastustoiminnasta Pielisell\u00e4. Onko sinulla tarinoita, kuvia tai muistoja liittyen veneilyyn Pielisell\u00e4? Ne voivat olla kauempaa aikojen takaa tai ihan l\u00e4hihistoriasta. Ker\u00e4\u00e4mme lukijoiden tarinoita osaksi historiikkiamme ja julkaisemme parhaita paloja t\u00e4ll\u00e4 palstalla sek\u00e4 sosiaalisen median tileill\u00e4mme. L\u00e4het\u00e4 juttuvinkkisi osoitteeseen pielinen(at)messi.meripelastus.fi. Suuren seikkailun vartiointi vuonna 2003 J\u00e4rvipelastajat huolehtivat kuuluisan televisiosarjan kuvausrauhasta Parisenkymment\u00e4 vuotta sitten [&hellip;]","og_url":"https:\/\/meripelastus.fi\/pielinen\/historia\/","og_site_name":"Pielisen J\u00e4rvipelastajat","article_modified_time":"2024-05-25T18:03:50+00:00","og_image":[{"url":"https:\/\/meripelastus.fi\/pielinen-vedos\/wp-content\/uploads\/sites\/41\/2024\/04\/Suuri-Seikkailu-2003-Koli.jpg","type":"","width":"","height":""}],"twitter_card":"summary_large_image","twitter_misc":{"Arvioitu lukuaika":"2 minuuttia"},"schema":{"@context":"https:\/\/schema.org","@graph":[{"@type":"WebPage","@id":"https:\/\/meripelastus.fi\/pielinen\/historia\/","url":"https:\/\/meripelastus.fi\/pielinen\/historia\/","name":"Historia - Pielisen J\u00e4rvipelastajat","isPartOf":{"@id":"https:\/\/meripelastus.fi\/pielinen\/#website"},"primaryImageOfPage":{"@id":"https:\/\/meripelastus.fi\/pielinen\/historia\/#primaryimage"},"image":{"@id":"https:\/\/meripelastus.fi\/pielinen\/historia\/#primaryimage"},"thumbnailUrl":"https:\/\/meripelastus.fi\/pielinen-vedos\/wp-content\/uploads\/sites\/41\/2024\/04\/Suuri-Seikkailu-2003-Koli.jpg","datePublished":"2024-04-19T09:18:57+00:00","dateModified":"2024-05-25T18:03:50+00:00","breadcrumb":{"@id":"https:\/\/meripelastus.fi\/pielinen\/historia\/#breadcrumb"},"inLanguage":"fi","potentialAction":[{"@type":"ReadAction","target":["https:\/\/meripelastus.fi\/pielinen\/historia\/"]}]},{"@type":"ImageObject","inLanguage":"fi","@id":"https:\/\/meripelastus.fi\/pielinen\/historia\/#primaryimage","url":"https:\/\/meripelastus.fi\/pielinen\/wp-content\/uploads\/sites\/41\/2024\/04\/Suuri-Seikkailu-2003-Koli.jpg","contentUrl":"https:\/\/meripelastus.fi\/pielinen\/wp-content\/uploads\/sites\/41\/2024\/04\/Suuri-Seikkailu-2003-Koli.jpg","width":654,"height":373},{"@type":"BreadcrumbList","@id":"https:\/\/meripelastus.fi\/pielinen\/historia\/#breadcrumb","itemListElement":[{"@type":"ListItem","position":1,"name":"Etusivu","item":"https:\/\/meripelastus.fi\/pielinen\/"},{"@type":"ListItem","position":2,"name":"Historia"}]},{"@type":"WebSite","@id":"https:\/\/meripelastus.fi\/pielinen\/#website","url":"https:\/\/meripelastus.fi\/pielinen\/","name":"Pielisen J\u00e4rvipelastajat","description":"Vapaaehtoiset apunasi vesill\u00e4","potentialAction":[{"@type":"SearchAction","target":{"@type":"EntryPoint","urlTemplate":"https:\/\/meripelastus.fi\/pielinen\/?s={search_term_string}"},"query-input":{"@type":"PropertyValueSpecification","valueRequired":true,"valueName":"search_term_string"}}],"inLanguage":"fi"}]}},"_links":{"self":[{"href":"https:\/\/meripelastus.fi\/pielinen\/wp-json\/wp\/v2\/pages\/249","targetHints":{"allow":["GET"]}}],"collection":[{"href":"https:\/\/meripelastus.fi\/pielinen\/wp-json\/wp\/v2\/pages"}],"about":[{"href":"https:\/\/meripelastus.fi\/pielinen\/wp-json\/wp\/v2\/types\/page"}],"author":[{"embeddable":true,"href":"https:\/\/meripelastus.fi\/pielinen\/wp-json\/wp\/v2\/users\/1"}],"replies":[{"embeddable":true,"href":"https:\/\/meripelastus.fi\/pielinen\/wp-json\/wp\/v2\/comments?post=249"}],"version-history":[{"count":23,"href":"https:\/\/meripelastus.fi\/pielinen\/wp-json\/wp\/v2\/pages\/249\/revisions"}],"predecessor-version":[{"id":329,"href":"https:\/\/meripelastus.fi\/pielinen\/wp-json\/wp\/v2\/pages\/249\/revisions\/329"}],"wp:attachment":[{"href":"https:\/\/meripelastus.fi\/pielinen\/wp-json\/wp\/v2\/media?parent=249"}],"curies":[{"name":"wp","href":"https:\/\/api.w.org\/{rel}","templated":true}]}}