{"id":51,"date":"2018-03-19T09:24:37","date_gmt":"2018-03-19T07:24:37","guid":{"rendered":"http:\/\/basetemplate.smpsyhdistykset.16.testivedos.com\/?page_id=51"},"modified":"2021-02-23T03:40:47","modified_gmt":"2021-02-23T01:40:47","slug":"yhteystiedot","status":"publish","type":"page","link":"https:\/\/meripelastus.fi\/parainen\/yhteystiedot\/","title":{"rendered":"Yhteys &#8211; Kontakt"},"content":{"rendered":"<h2>Paraisten Meripelastajat ry, Pargas Sj\u00f6r\u00e4ddare rf<\/h2>\n<p>Y-tunnus FO-nummer:\u00a0\u00a01834355-4<br \/>\nTukikohta Sj\u00f6r\u00e4ddningsstationen: <span>Sk\u00e4rg\u00e5rdsv\u00e4gen 3032, 21600 Pargas<\/span><br \/>\nPuh. Tel\u00a0<span>044 790 4921<\/span>, puheenjohtaja ordf\u00f6rande Kristiina Sunell<\/p>\n<p>Meripelastusalus Sj\u00f6r\u00e4ddningsfartyget Ad Mare:\u00a00400 515 991<\/p>\n<p>Pankkiyhteys Bank<br \/>\nNauvon Osuuspankki Nagu Andelsbank<br \/>\nFI25 5560 0920 0238 36<\/p>\n<p>____________________________________________________________________________________________________<\/p>\n<p><strong>Laskutus Fakturening<\/strong><\/p>\n<p>Vastaanotamme laskut\u00a0<em><strong>ainoastaan<\/strong><\/em>\u00a0<em><strong>s\u00e4hk\u00f6isesti<\/strong><\/em>. Yhdistyksen E-laskuosoite on <strong>003718343554\u00a0 OKOYFIHH<\/strong><\/p>\n<p>Vi tar emot <strong><em>endast e-fakturor<\/em><\/strong>. F\u00f6reningens e-fakturingsadress \u00e4r <strong>003718343554\u00a0 OKOYFIHH<\/strong><\/p>\n<p>Mik\u00e4li laskuttajalla ei ole mahdollisuutta l\u00e4hett\u00e4\u00e4 laskua e-laskutusosoitteeseemme, tulee laskut toimittaa tilauksen tehneelle s\u00e4hk\u00f6postin liitetiedostona pdf-muodossa.<\/p>\n<p>Har ni inte m\u00f6jlighet till e-fakturering, var v\u00e4nlig och skicka fakturan via e-post till best\u00e4llaren. Filformen b\u00f6r vara pdf.<\/p>\n<hr \/>\n<p>Mik\u00e4li sinulla on kysytt\u00e4v\u00e4\u00e4 tai jokin asia askarruttaa, laita viesti\u00e4 t\u00e4ll\u00e4 lomakkeella tai l\u00e4het\u00e4 s\u00e4hk\u00f6postia puheenjohtajalle: pj.parainen@messi.meripelastus.fi<\/p>\n<p>Ta g\u00e4rna kontakt om du har fr\u00e5gor eller vill ha n\u00e4rmare underlag! Ordf\u00f6randen n\u00e5s via e-post: pj.parainen@messi.meripelastus.fi<\/p>\n\n<div class=\"wpcf7 no-js\" id=\"wpcf7-f380-o1\" lang=\"fi\" dir=\"ltr\" data-wpcf7-id=\"380\">\n<div class=\"screen-reader-response\"><p role=\"status\" aria-live=\"polite\" aria-atomic=\"true\"><\/p> <ul><\/ul><\/div>\n<form action=\"\/parainen\/wp-json\/wp\/v2\/pages\/51#wpcf7-f380-o1\" method=\"post\" class=\"wpcf7-form init\" aria-label=\"Yhteydenottolomake\" novalidate=\"novalidate\" data-status=\"init\">\n<fieldset class=\"hidden-fields-container\"><input type=\"hidden\" name=\"_wpcf7\" value=\"380\" \/><input type=\"hidden\" name=\"_wpcf7_version\" value=\"6.1.5\" \/><input type=\"hidden\" name=\"_wpcf7_locale\" value=\"fi\" \/><input type=\"hidden\" name=\"_wpcf7_unit_tag\" value=\"wpcf7-f380-o1\" \/><input type=\"hidden\" name=\"_wpcf7_container_post\" value=\"0\" \/><input type=\"hidden\" name=\"_wpcf7_posted_data_hash\" value=\"\" \/><input type=\"hidden\" name=\"_wpcf7_recaptcha_response\" value=\"\" \/>\n<\/fieldset>\n<div class=\"form-group\">\n\t<p><label for=\"your-name\" class=\"control-label\">Nimi Namn (*)<\/label><br \/>\n<span class=\"wpcf7-form-control-wrap\" data-name=\"your-name\"><input size=\"40\" maxlength=\"400\" class=\"wpcf7-form-control wpcf7-text wpcf7-validates-as-required form-control\" aria-required=\"true\" aria-invalid=\"false\" value=\"\" type=\"text\" name=\"your-name\" \/><\/span>\n\t<\/p>\n<\/div>\n<div class=\"form-group\">\n\t<p><label for=\"your-email\" class=\"control-label\">S\u00e4hk\u00f6posti e-post (*)<\/label><br \/>\n<span class=\"wpcf7-form-control-wrap\" data-name=\"your-email\"><input size=\"40\" maxlength=\"400\" class=\"wpcf7-form-control wpcf7-email wpcf7-validates-as-required wpcf7-text wpcf7-validates-as-email form-control\" aria-required=\"true\" aria-invalid=\"false\" value=\"\" type=\"email\" name=\"your-email\" \/><\/span>\n\t<\/p>\n<\/div>\n<div class=\"form-group\">\n\t<p><label for=\"your-subject\" class=\"control-label\">Aihe \u00c4rende<\/label><br \/>\n<span class=\"wpcf7-form-control-wrap\" data-name=\"your-subject\"><input size=\"40\" maxlength=\"400\" class=\"wpcf7-form-control wpcf7-text form-control\" aria-invalid=\"false\" value=\"\" type=\"text\" name=\"your-subject\" \/><\/span>\n\t<\/p>\n<\/div>\n<div class=\"form-group\" class=\"control-label\">\n\t<p><label for=\"your-message\">Viesti Meddelande<\/label><br \/>\n<span class=\"wpcf7-form-control-wrap\" data-name=\"your-message\"><textarea cols=\"40\" rows=\"10\" maxlength=\"2000\" class=\"wpcf7-form-control wpcf7-textarea form-control\" aria-invalid=\"false\" name=\"your-message\"><\/textarea><\/span>\n\t<\/p>\n<\/div>\n<p><input class=\"wpcf7-form-control wpcf7-submit has-spinner btn-block btn btn-primary btn-lg\" type=\"submit\" value=\"L\u00e4het\u00e4 Skicka\" \/>\n<\/p><div class=\"wpcf7-response-output\" aria-hidden=\"true\"><\/div>\n<\/form>\n<\/div>\n\n","protected":false},"excerpt":{"rendered":"<p>Paraisten Meripelastajat ry, Pargas Sj\u00f6r\u00e4ddare rf Y-tunnus FO-nummer:\u00a0\u00a01834355-4 Tukikohta Sj\u00f6r\u00e4ddningsstationen: Sk\u00e4rg\u00e5rdsv\u00e4gen 3032, 21600 Pargas Puh. Tel\u00a0044 790 4921, puheenjohtaja ordf\u00f6rande Kristiina Sunell Meripelastusalus Sj\u00f6r\u00e4ddningsfartyget Ad Mare:\u00a00400 515 991 Pankkiyhteys Bank Nauvon Osuuspankki Nagu Andelsbank FI25 5560 0920 0238 36 ____________________________________________________________________________________________________ Laskutus Fakturening Vastaanotamme laskut\u00a0ainoastaan\u00a0s\u00e4hk\u00f6isesti. Yhdistyksen E-laskuosoite on 003718343554\u00a0 OKOYFIHH Vi tar emot endast e-fakturor. F\u00f6reningens [&hellip;]<\/p>\n","protected":false},"author":1,"featured_media":345,"parent":0,"menu_order":4,"comment_status":"closed","ping_status":"closed","template":"","meta":{"_acf_changed":false,"inline_featured_image":false,"footnotes":""},"class_list":["post-51","page","type-page","status-publish","has-post-thumbnail","hentry"],"acf":[],"yoast_head":"<!-- This site is optimized with the Yoast SEO Premium plugin v27.4 (Yoast SEO v27.4) - https:\/\/yoast.com\/product\/yoast-seo-premium-wordpress\/ -->\n<title>Yhteys - Kontakt - Paraisten Meripelastajat<\/title>\n<meta name=\"robots\" content=\"index, follow, max-snippet:-1, max-image-preview:large, max-video-preview:-1\" \/>\n<link rel=\"canonical\" href=\"https:\/\/meripelastus.fi\/parainen\/yhteystiedot\/\" \/>\n<meta property=\"og:locale\" content=\"fi_FI\" \/>\n<meta property=\"og:type\" content=\"article\" \/>\n<meta property=\"og:title\" content=\"Yhteys - Kontakt\" \/>\n<meta property=\"og:description\" content=\"Paraisten Meripelastajat ry, Pargas Sj\u00f6r\u00e4ddare rf Y-tunnus FO-nummer:\u00a0\u00a01834355-4 Tukikohta Sj\u00f6r\u00e4ddningsstationen: Sk\u00e4rg\u00e5rdsv\u00e4gen 3032, 21600 Pargas Puh. Tel\u00a0044 790 4921, puheenjohtaja ordf\u00f6rande Kristiina Sunell Meripelastusalus Sj\u00f6r\u00e4ddningsfartyget Ad Mare:\u00a00400 515 991 Pankkiyhteys Bank Nauvon Osuuspankki Nagu Andelsbank FI25 5560 0920 0238 36 ____________________________________________________________________________________________________ Laskutus Fakturening Vastaanotamme laskut\u00a0ainoastaan\u00a0s\u00e4hk\u00f6isesti. Yhdistyksen E-laskuosoite on 003718343554\u00a0 OKOYFIHH Vi tar emot endast e-fakturor. F\u00f6reningens [&hellip;]\" \/>\n<meta property=\"og:url\" content=\"https:\/\/meripelastus.fi\/parainen\/yhteystiedot\/\" \/>\n<meta property=\"og:site_name\" content=\"Paraisten Meripelastajat\" \/>\n<meta property=\"article:modified_time\" content=\"2021-02-23T01:40:47+00:00\" \/>\n<meta property=\"og:image\" content=\"https:\/\/meripelastus.fi\/parainen\/wp-content\/uploads\/sites\/14\/2018\/08\/pmpBG021.jpg\" \/>\n\t<meta property=\"og:image:width\" content=\"1800\" \/>\n\t<meta property=\"og:image:height\" content=\"850\" \/>\n\t<meta property=\"og:image:type\" content=\"image\/jpeg\" \/>\n<meta name=\"twitter:card\" content=\"summary_large_image\" \/>\n<meta name=\"twitter:label1\" content=\"Arvioitu lukuaika\" \/>\n\t<meta name=\"twitter:data1\" content=\"1 minuutti\" \/>\n<script type=\"application\/ld+json\" class=\"yoast-schema-graph\">{\"@context\":\"https:\\\/\\\/schema.org\",\"@graph\":[{\"@type\":\"WebPage\",\"@id\":\"https:\\\/\\\/meripelastus.fi\\\/parainen\\\/yhteystiedot\\\/\",\"url\":\"https:\\\/\\\/meripelastus.fi\\\/parainen\\\/yhteystiedot\\\/\",\"name\":\"Yhteys - Kontakt - Paraisten Meripelastajat\",\"isPartOf\":{\"@id\":\"https:\\\/\\\/meripelastus.fi\\\/parainen\\\/#website\"},\"primaryImageOfPage\":{\"@id\":\"https:\\\/\\\/meripelastus.fi\\\/parainen\\\/yhteystiedot\\\/#primaryimage\"},\"image\":{\"@id\":\"https:\\\/\\\/meripelastus.fi\\\/parainen\\\/yhteystiedot\\\/#primaryimage\"},\"thumbnailUrl\":\"https:\\\/\\\/meripelastus.fi\\\/parainen\\\/wp-content\\\/uploads\\\/sites\\\/14\\\/2018\\\/08\\\/pmpBG021.jpg\",\"datePublished\":\"2018-03-19T07:24:37+00:00\",\"dateModified\":\"2021-02-23T01:40:47+00:00\",\"breadcrumb\":{\"@id\":\"https:\\\/\\\/meripelastus.fi\\\/parainen\\\/yhteystiedot\\\/#breadcrumb\"},\"inLanguage\":\"fi\",\"potentialAction\":[{\"@type\":\"ReadAction\",\"target\":[\"https:\\\/\\\/meripelastus.fi\\\/parainen\\\/yhteystiedot\\\/\"]}]},{\"@type\":\"ImageObject\",\"inLanguage\":\"fi\",\"@id\":\"https:\\\/\\\/meripelastus.fi\\\/parainen\\\/yhteystiedot\\\/#primaryimage\",\"url\":\"https:\\\/\\\/meripelastus.fi\\\/parainen\\\/wp-content\\\/uploads\\\/sites\\\/14\\\/2018\\\/08\\\/pmpBG021.jpg\",\"contentUrl\":\"https:\\\/\\\/meripelastus.fi\\\/parainen\\\/wp-content\\\/uploads\\\/sites\\\/14\\\/2018\\\/08\\\/pmpBG021.jpg\",\"width\":1800,\"height\":850},{\"@type\":\"BreadcrumbList\",\"@id\":\"https:\\\/\\\/meripelastus.fi\\\/parainen\\\/yhteystiedot\\\/#breadcrumb\",\"itemListElement\":[{\"@type\":\"ListItem\",\"position\":1,\"name\":\"Etusivu\",\"item\":\"https:\\\/\\\/meripelastus.fi\\\/parainen\\\/\"},{\"@type\":\"ListItem\",\"position\":2,\"name\":\"Yhteys &#8211; Kontakt\"}]},{\"@type\":\"WebSite\",\"@id\":\"https:\\\/\\\/meripelastus.fi\\\/parainen\\\/#website\",\"url\":\"https:\\\/\\\/meripelastus.fi\\\/parainen\\\/\",\"name\":\"Paraisten Meripelastajat\",\"description\":\"Vapaaehtoiset apunasi vesill\u00e4\",\"potentialAction\":[{\"@type\":\"SearchAction\",\"target\":{\"@type\":\"EntryPoint\",\"urlTemplate\":\"https:\\\/\\\/meripelastus.fi\\\/parainen\\\/?s={search_term_string}\"},\"query-input\":{\"@type\":\"PropertyValueSpecification\",\"valueRequired\":true,\"valueName\":\"search_term_string\"}}],\"inLanguage\":\"fi\"}]}<\/script>\n<!-- \/ Yoast SEO Premium plugin. -->","yoast_head_json":{"title":"Yhteys - Kontakt - Paraisten Meripelastajat","robots":{"index":"index","follow":"follow","max-snippet":"max-snippet:-1","max-image-preview":"max-image-preview:large","max-video-preview":"max-video-preview:-1"},"canonical":"https:\/\/meripelastus.fi\/parainen\/yhteystiedot\/","og_locale":"fi_FI","og_type":"article","og_title":"Yhteys - Kontakt","og_description":"Paraisten Meripelastajat ry, Pargas Sj\u00f6r\u00e4ddare rf Y-tunnus FO-nummer:\u00a0\u00a01834355-4 Tukikohta Sj\u00f6r\u00e4ddningsstationen: Sk\u00e4rg\u00e5rdsv\u00e4gen 3032, 21600 Pargas Puh. Tel\u00a0044 790 4921, puheenjohtaja ordf\u00f6rande Kristiina Sunell Meripelastusalus Sj\u00f6r\u00e4ddningsfartyget Ad Mare:\u00a00400 515 991 Pankkiyhteys Bank Nauvon Osuuspankki Nagu Andelsbank FI25 5560 0920 0238 36 ____________________________________________________________________________________________________ Laskutus Fakturening Vastaanotamme laskut\u00a0ainoastaan\u00a0s\u00e4hk\u00f6isesti. Yhdistyksen E-laskuosoite on 003718343554\u00a0 OKOYFIHH Vi tar emot endast e-fakturor. F\u00f6reningens [&hellip;]","og_url":"https:\/\/meripelastus.fi\/parainen\/yhteystiedot\/","og_site_name":"Paraisten Meripelastajat","article_modified_time":"2021-02-23T01:40:47+00:00","og_image":[{"width":1800,"height":850,"url":"https:\/\/meripelastus.fi\/parainen\/wp-content\/uploads\/sites\/14\/2018\/08\/pmpBG021.jpg","type":"image\/jpeg"}],"twitter_card":"summary_large_image","twitter_misc":{"Arvioitu lukuaika":"1 minuutti"},"schema":{"@context":"https:\/\/schema.org","@graph":[{"@type":"WebPage","@id":"https:\/\/meripelastus.fi\/parainen\/yhteystiedot\/","url":"https:\/\/meripelastus.fi\/parainen\/yhteystiedot\/","name":"Yhteys - Kontakt - Paraisten Meripelastajat","isPartOf":{"@id":"https:\/\/meripelastus.fi\/parainen\/#website"},"primaryImageOfPage":{"@id":"https:\/\/meripelastus.fi\/parainen\/yhteystiedot\/#primaryimage"},"image":{"@id":"https:\/\/meripelastus.fi\/parainen\/yhteystiedot\/#primaryimage"},"thumbnailUrl":"https:\/\/meripelastus.fi\/parainen\/wp-content\/uploads\/sites\/14\/2018\/08\/pmpBG021.jpg","datePublished":"2018-03-19T07:24:37+00:00","dateModified":"2021-02-23T01:40:47+00:00","breadcrumb":{"@id":"https:\/\/meripelastus.fi\/parainen\/yhteystiedot\/#breadcrumb"},"inLanguage":"fi","potentialAction":[{"@type":"ReadAction","target":["https:\/\/meripelastus.fi\/parainen\/yhteystiedot\/"]}]},{"@type":"ImageObject","inLanguage":"fi","@id":"https:\/\/meripelastus.fi\/parainen\/yhteystiedot\/#primaryimage","url":"https:\/\/meripelastus.fi\/parainen\/wp-content\/uploads\/sites\/14\/2018\/08\/pmpBG021.jpg","contentUrl":"https:\/\/meripelastus.fi\/parainen\/wp-content\/uploads\/sites\/14\/2018\/08\/pmpBG021.jpg","width":1800,"height":850},{"@type":"BreadcrumbList","@id":"https:\/\/meripelastus.fi\/parainen\/yhteystiedot\/#breadcrumb","itemListElement":[{"@type":"ListItem","position":1,"name":"Etusivu","item":"https:\/\/meripelastus.fi\/parainen\/"},{"@type":"ListItem","position":2,"name":"Yhteys &#8211; Kontakt"}]},{"@type":"WebSite","@id":"https:\/\/meripelastus.fi\/parainen\/#website","url":"https:\/\/meripelastus.fi\/parainen\/","name":"Paraisten Meripelastajat","description":"Vapaaehtoiset apunasi vesill\u00e4","potentialAction":[{"@type":"SearchAction","target":{"@type":"EntryPoint","urlTemplate":"https:\/\/meripelastus.fi\/parainen\/?s={search_term_string}"},"query-input":{"@type":"PropertyValueSpecification","valueRequired":true,"valueName":"search_term_string"}}],"inLanguage":"fi"}]}},"_links":{"self":[{"href":"https:\/\/meripelastus.fi\/parainen\/wp-json\/wp\/v2\/pages\/51","targetHints":{"allow":["GET"]}}],"collection":[{"href":"https:\/\/meripelastus.fi\/parainen\/wp-json\/wp\/v2\/pages"}],"about":[{"href":"https:\/\/meripelastus.fi\/parainen\/wp-json\/wp\/v2\/types\/page"}],"author":[{"embeddable":true,"href":"https:\/\/meripelastus.fi\/parainen\/wp-json\/wp\/v2\/users\/1"}],"replies":[{"embeddable":true,"href":"https:\/\/meripelastus.fi\/parainen\/wp-json\/wp\/v2\/comments?post=51"}],"version-history":[{"count":21,"href":"https:\/\/meripelastus.fi\/parainen\/wp-json\/wp\/v2\/pages\/51\/revisions"}],"predecessor-version":[{"id":432,"href":"https:\/\/meripelastus.fi\/parainen\/wp-json\/wp\/v2\/pages\/51\/revisions\/432"}],"wp:featuredmedia":[{"embeddable":true,"href":"https:\/\/meripelastus.fi\/parainen\/wp-json\/wp\/v2\/media\/345"}],"wp:attachment":[{"href":"https:\/\/meripelastus.fi\/parainen\/wp-json\/wp\/v2\/media?parent=51"}],"curies":[{"name":"wp","href":"https:\/\/api.w.org\/{rel}","templated":true}]}}