{"id":237,"date":"2018-08-20T13:18:44","date_gmt":"2018-08-20T10:18:44","guid":{"rendered":"https:\/\/meripelastus.fi\/parainen-vedos\/?page_id=237"},"modified":"2024-01-19T13:37:06","modified_gmt":"2024-01-19T11:37:06","slug":"toimintaamme-tukevat","status":"publish","type":"page","link":"https:\/\/meripelastus.fi\/parainen\/toimintaamme-tukevat\/","title":{"rendered":"Toimintaamme tukevat"},"content":{"rendered":"\n<p>Vapaaehtoisen meripelastuksen valmiutta yll\u00e4pidet\u00e4\u00e4n t\u00e4ysin lahjoitusvaroin. P\u00e4ivystysmiehist\u00f6t eiv\u00e4t saa palkkaa tai korvausta tekem\u00e4st\u00e4\u00e4n ty\u00f6st\u00e4. Koulutus, varusteiden hankinta, sek\u00e4 p\u00e4ivystyksen muonitus kustannetaan\u00a0kokonaan miehist\u00f6n omista varoista.\u00a0Ilman ulkopuolisten tukijoiden apua toimintamme olisi huomattavasti pienemp\u00e4\u00e4 ja veneilij\u00e4n turvallisuus merell\u00e4 heikentyisi merkitt\u00e4v\u00e4sti\u00a0nykyisest\u00e4.<\/p>\n\n\n\n<div style=\"height:3rem\" aria-hidden=\"true\" class=\"wp-block-spacer\"><\/div>\n\n\n\n<p><em>Mik\u00e4li yrityksesi on kiinnostunut tukemaan toimintaamme ja haluatte keskustella mahdollisuuksista, <a href=\"mailto:parainen@messi.meripelastus.fi?Subject=Yhteisty\u00f6 - Paraisten Meripelastajat\">ota yhteytt\u00e4<\/a>.<\/em><\/p>\n","protected":false},"excerpt":{"rendered":"<p>Vapaaehtoisen meripelastuksen valmiutta yll\u00e4pidet\u00e4\u00e4n t\u00e4ysin lahjoitusvaroin. P\u00e4ivystysmiehist\u00f6t eiv\u00e4t saa palkkaa tai korvausta tekem\u00e4st\u00e4\u00e4n ty\u00f6st\u00e4. Koulutus, varusteiden hankinta, sek\u00e4 p\u00e4ivystyksen muonitus kustannetaan\u00a0kokonaan miehist\u00f6n omista varoista.\u00a0Ilman ulkopuolisten tukijoiden apua toimintamme olisi huomattavasti pienemp\u00e4\u00e4 ja veneilij\u00e4n turvallisuus merell\u00e4 heikentyisi merkitt\u00e4v\u00e4sti\u00a0nykyisest\u00e4. Mik\u00e4li yrityksesi on kiinnostunut tukemaan toimintaamme ja haluatte keskustella mahdollisuuksista, ota yhteytt\u00e4.<\/p>\n","protected":false},"author":26,"featured_media":376,"parent":0,"menu_order":0,"comment_status":"closed","ping_status":"closed","template":"","meta":{"_acf_changed":false,"inline_featured_image":false,"footnotes":""},"class_list":["post-237","page","type-page","status-publish","has-post-thumbnail","hentry"],"acf":[],"yoast_head":"<!-- This site is optimized with the Yoast SEO Premium plugin v27.4 (Yoast SEO v27.4) - https:\/\/yoast.com\/product\/yoast-seo-premium-wordpress\/ -->\n<title>Toimintaamme tukevat - Paraisten Meripelastajat<\/title>\n<meta name=\"robots\" content=\"index, follow, max-snippet:-1, max-image-preview:large, max-video-preview:-1\" \/>\n<link rel=\"canonical\" href=\"https:\/\/meripelastus.fi\/parainen\/toimintaamme-tukevat\/\" \/>\n<meta property=\"og:locale\" content=\"fi_FI\" \/>\n<meta property=\"og:type\" content=\"article\" \/>\n<meta property=\"og:title\" content=\"Toimintaamme tukevat\" \/>\n<meta property=\"og:description\" content=\"Vapaaehtoisen meripelastuksen valmiutta yll\u00e4pidet\u00e4\u00e4n t\u00e4ysin lahjoitusvaroin. P\u00e4ivystysmiehist\u00f6t eiv\u00e4t saa palkkaa tai korvausta tekem\u00e4st\u00e4\u00e4n ty\u00f6st\u00e4. Koulutus, varusteiden hankinta, sek\u00e4 p\u00e4ivystyksen muonitus kustannetaan\u00a0kokonaan miehist\u00f6n omista varoista.\u00a0Ilman ulkopuolisten tukijoiden apua toimintamme olisi huomattavasti pienemp\u00e4\u00e4 ja veneilij\u00e4n turvallisuus merell\u00e4 heikentyisi merkitt\u00e4v\u00e4sti\u00a0nykyisest\u00e4. Mik\u00e4li yrityksesi on kiinnostunut tukemaan toimintaamme ja haluatte keskustella mahdollisuuksista, ota yhteytt\u00e4.\" \/>\n<meta property=\"og:url\" content=\"https:\/\/meripelastus.fi\/parainen\/toimintaamme-tukevat\/\" \/>\n<meta property=\"og:site_name\" content=\"Paraisten Meripelastajat\" \/>\n<meta property=\"article:modified_time\" content=\"2024-01-19T11:37:06+00:00\" \/>\n<meta property=\"og:image\" content=\"https:\/\/meripelastus.fi\/parainen\/wp-content\/uploads\/sites\/14\/2018\/09\/pmpBG029.jpg\" \/>\n\t<meta property=\"og:image:width\" content=\"1800\" \/>\n\t<meta property=\"og:image:height\" content=\"850\" \/>\n\t<meta property=\"og:image:type\" content=\"image\/jpeg\" \/>\n<meta name=\"twitter:card\" content=\"summary_large_image\" \/>\n<meta name=\"twitter:label1\" content=\"Arvioitu lukuaika\" \/>\n\t<meta name=\"twitter:data1\" content=\"1 minuutti\" \/>\n<script type=\"application\/ld+json\" class=\"yoast-schema-graph\">{\"@context\":\"https:\\\/\\\/schema.org\",\"@graph\":[{\"@type\":\"WebPage\",\"@id\":\"https:\\\/\\\/meripelastus.fi\\\/parainen\\\/toimintaamme-tukevat\\\/\",\"url\":\"https:\\\/\\\/meripelastus.fi\\\/parainen\\\/toimintaamme-tukevat\\\/\",\"name\":\"Toimintaamme tukevat - Paraisten Meripelastajat\",\"isPartOf\":{\"@id\":\"https:\\\/\\\/meripelastus.fi\\\/parainen\\\/#website\"},\"primaryImageOfPage\":{\"@id\":\"https:\\\/\\\/meripelastus.fi\\\/parainen\\\/toimintaamme-tukevat\\\/#primaryimage\"},\"image\":{\"@id\":\"https:\\\/\\\/meripelastus.fi\\\/parainen\\\/toimintaamme-tukevat\\\/#primaryimage\"},\"thumbnailUrl\":\"https:\\\/\\\/meripelastus.fi\\\/parainen\\\/wp-content\\\/uploads\\\/sites\\\/14\\\/2018\\\/09\\\/pmpBG029.jpg\",\"datePublished\":\"2018-08-20T10:18:44+00:00\",\"dateModified\":\"2024-01-19T11:37:06+00:00\",\"breadcrumb\":{\"@id\":\"https:\\\/\\\/meripelastus.fi\\\/parainen\\\/toimintaamme-tukevat\\\/#breadcrumb\"},\"inLanguage\":\"fi\",\"potentialAction\":[{\"@type\":\"ReadAction\",\"target\":[\"https:\\\/\\\/meripelastus.fi\\\/parainen\\\/toimintaamme-tukevat\\\/\"]}]},{\"@type\":\"ImageObject\",\"inLanguage\":\"fi\",\"@id\":\"https:\\\/\\\/meripelastus.fi\\\/parainen\\\/toimintaamme-tukevat\\\/#primaryimage\",\"url\":\"https:\\\/\\\/meripelastus.fi\\\/parainen\\\/wp-content\\\/uploads\\\/sites\\\/14\\\/2018\\\/09\\\/pmpBG029.jpg\",\"contentUrl\":\"https:\\\/\\\/meripelastus.fi\\\/parainen\\\/wp-content\\\/uploads\\\/sites\\\/14\\\/2018\\\/09\\\/pmpBG029.jpg\",\"width\":1800,\"height\":850},{\"@type\":\"BreadcrumbList\",\"@id\":\"https:\\\/\\\/meripelastus.fi\\\/parainen\\\/toimintaamme-tukevat\\\/#breadcrumb\",\"itemListElement\":[{\"@type\":\"ListItem\",\"position\":1,\"name\":\"Etusivu\",\"item\":\"https:\\\/\\\/meripelastus.fi\\\/parainen\\\/\"},{\"@type\":\"ListItem\",\"position\":2,\"name\":\"Toimintaamme tukevat\"}]},{\"@type\":\"WebSite\",\"@id\":\"https:\\\/\\\/meripelastus.fi\\\/parainen\\\/#website\",\"url\":\"https:\\\/\\\/meripelastus.fi\\\/parainen\\\/\",\"name\":\"Paraisten Meripelastajat\",\"description\":\"Vapaaehtoiset apunasi vesill\u00e4\",\"potentialAction\":[{\"@type\":\"SearchAction\",\"target\":{\"@type\":\"EntryPoint\",\"urlTemplate\":\"https:\\\/\\\/meripelastus.fi\\\/parainen\\\/?s={search_term_string}\"},\"query-input\":{\"@type\":\"PropertyValueSpecification\",\"valueRequired\":true,\"valueName\":\"search_term_string\"}}],\"inLanguage\":\"fi\"}]}<\/script>\n<!-- \/ Yoast SEO Premium plugin. -->","yoast_head_json":{"title":"Toimintaamme tukevat - Paraisten Meripelastajat","robots":{"index":"index","follow":"follow","max-snippet":"max-snippet:-1","max-image-preview":"max-image-preview:large","max-video-preview":"max-video-preview:-1"},"canonical":"https:\/\/meripelastus.fi\/parainen\/toimintaamme-tukevat\/","og_locale":"fi_FI","og_type":"article","og_title":"Toimintaamme tukevat","og_description":"Vapaaehtoisen meripelastuksen valmiutta yll\u00e4pidet\u00e4\u00e4n t\u00e4ysin lahjoitusvaroin. P\u00e4ivystysmiehist\u00f6t eiv\u00e4t saa palkkaa tai korvausta tekem\u00e4st\u00e4\u00e4n ty\u00f6st\u00e4. Koulutus, varusteiden hankinta, sek\u00e4 p\u00e4ivystyksen muonitus kustannetaan\u00a0kokonaan miehist\u00f6n omista varoista.\u00a0Ilman ulkopuolisten tukijoiden apua toimintamme olisi huomattavasti pienemp\u00e4\u00e4 ja veneilij\u00e4n turvallisuus merell\u00e4 heikentyisi merkitt\u00e4v\u00e4sti\u00a0nykyisest\u00e4. Mik\u00e4li yrityksesi on kiinnostunut tukemaan toimintaamme ja haluatte keskustella mahdollisuuksista, ota yhteytt\u00e4.","og_url":"https:\/\/meripelastus.fi\/parainen\/toimintaamme-tukevat\/","og_site_name":"Paraisten Meripelastajat","article_modified_time":"2024-01-19T11:37:06+00:00","og_image":[{"width":1800,"height":850,"url":"https:\/\/meripelastus.fi\/parainen\/wp-content\/uploads\/sites\/14\/2018\/09\/pmpBG029.jpg","type":"image\/jpeg"}],"twitter_card":"summary_large_image","twitter_misc":{"Arvioitu lukuaika":"1 minuutti"},"schema":{"@context":"https:\/\/schema.org","@graph":[{"@type":"WebPage","@id":"https:\/\/meripelastus.fi\/parainen\/toimintaamme-tukevat\/","url":"https:\/\/meripelastus.fi\/parainen\/toimintaamme-tukevat\/","name":"Toimintaamme tukevat - Paraisten Meripelastajat","isPartOf":{"@id":"https:\/\/meripelastus.fi\/parainen\/#website"},"primaryImageOfPage":{"@id":"https:\/\/meripelastus.fi\/parainen\/toimintaamme-tukevat\/#primaryimage"},"image":{"@id":"https:\/\/meripelastus.fi\/parainen\/toimintaamme-tukevat\/#primaryimage"},"thumbnailUrl":"https:\/\/meripelastus.fi\/parainen\/wp-content\/uploads\/sites\/14\/2018\/09\/pmpBG029.jpg","datePublished":"2018-08-20T10:18:44+00:00","dateModified":"2024-01-19T11:37:06+00:00","breadcrumb":{"@id":"https:\/\/meripelastus.fi\/parainen\/toimintaamme-tukevat\/#breadcrumb"},"inLanguage":"fi","potentialAction":[{"@type":"ReadAction","target":["https:\/\/meripelastus.fi\/parainen\/toimintaamme-tukevat\/"]}]},{"@type":"ImageObject","inLanguage":"fi","@id":"https:\/\/meripelastus.fi\/parainen\/toimintaamme-tukevat\/#primaryimage","url":"https:\/\/meripelastus.fi\/parainen\/wp-content\/uploads\/sites\/14\/2018\/09\/pmpBG029.jpg","contentUrl":"https:\/\/meripelastus.fi\/parainen\/wp-content\/uploads\/sites\/14\/2018\/09\/pmpBG029.jpg","width":1800,"height":850},{"@type":"BreadcrumbList","@id":"https:\/\/meripelastus.fi\/parainen\/toimintaamme-tukevat\/#breadcrumb","itemListElement":[{"@type":"ListItem","position":1,"name":"Etusivu","item":"https:\/\/meripelastus.fi\/parainen\/"},{"@type":"ListItem","position":2,"name":"Toimintaamme tukevat"}]},{"@type":"WebSite","@id":"https:\/\/meripelastus.fi\/parainen\/#website","url":"https:\/\/meripelastus.fi\/parainen\/","name":"Paraisten Meripelastajat","description":"Vapaaehtoiset apunasi vesill\u00e4","potentialAction":[{"@type":"SearchAction","target":{"@type":"EntryPoint","urlTemplate":"https:\/\/meripelastus.fi\/parainen\/?s={search_term_string}"},"query-input":{"@type":"PropertyValueSpecification","valueRequired":true,"valueName":"search_term_string"}}],"inLanguage":"fi"}]}},"_links":{"self":[{"href":"https:\/\/meripelastus.fi\/parainen\/wp-json\/wp\/v2\/pages\/237","targetHints":{"allow":["GET"]}}],"collection":[{"href":"https:\/\/meripelastus.fi\/parainen\/wp-json\/wp\/v2\/pages"}],"about":[{"href":"https:\/\/meripelastus.fi\/parainen\/wp-json\/wp\/v2\/types\/page"}],"author":[{"embeddable":true,"href":"https:\/\/meripelastus.fi\/parainen\/wp-json\/wp\/v2\/users\/26"}],"replies":[{"embeddable":true,"href":"https:\/\/meripelastus.fi\/parainen\/wp-json\/wp\/v2\/comments?post=237"}],"version-history":[{"count":12,"href":"https:\/\/meripelastus.fi\/parainen\/wp-json\/wp\/v2\/pages\/237\/revisions"}],"predecessor-version":[{"id":497,"href":"https:\/\/meripelastus.fi\/parainen\/wp-json\/wp\/v2\/pages\/237\/revisions\/497"}],"wp:featuredmedia":[{"embeddable":true,"href":"https:\/\/meripelastus.fi\/parainen\/wp-json\/wp\/v2\/media\/376"}],"wp:attachment":[{"href":"https:\/\/meripelastus.fi\/parainen\/wp-json\/wp\/v2\/media?parent=237"}],"curies":[{"name":"wp","href":"https:\/\/api.w.org\/{rel}","templated":true}]}}