{"id":20,"date":"2018-03-19T09:18:28","date_gmt":"2018-03-19T07:18:28","guid":{"rendered":"http:\/\/basetemplate.smpsyhdistykset.16.testivedos.com\/?page_id=20"},"modified":"2024-06-18T00:56:53","modified_gmt":"2024-06-17T21:56:53","slug":"toiminta","status":"publish","type":"page","link":"https:\/\/meripelastus.fi\/parainen\/toiminta\/","title":{"rendered":"Toiminta"},"content":{"rendered":"\n<p>Olemme Paraisilla toimiva Suomen Meripelastusseuran j\u00e4senyhdistys. Toimialueemme on Saaristomerell\u00e4 l\u00e4hinn\u00e4 Paraisten etel\u00e4iset merialueet.<\/p>\n\n\n\n<p>Meripelastajien ensisijaisena teht\u00e4v\u00e4n\u00e4 on ihmishenkien pelastaminen. Suuri osa toimintaa on merell\u00e4 liikkujien avustamista vaara- ja ongelmatilanteissa. Teht\u00e4v\u00e4t hoidetaan hyv\u00e4ss\u00e4 yhteisty\u00f6ss\u00e4 Meripelastuskeskuksen ja muiden viranomaisten, alueen yhdistysten sek\u00e4 pelastuspalveluorganisaatioiden kanssa.<\/p>\n\n\n\n<h2 class=\"wp-block-heading\">Merellinen harrastus kaikille<\/h2>\n\n\n\n<p>Vapaaehtoinen meripelastustoiminta tarjoaa tekemist\u00e4 l\u00e4pi vuoden kiinnostuneille. Merell\u00e4 p\u00e4ivyst\u00e4minen on n\u00e4kyvin osa toimintaamme mutta sen taakse k\u00e4tkeytyy paljon muutakin. J\u00e4iden tultua toimintaa jatketaan mm. koulutuksen ja alusten kausihuollon parissa. Tekemist\u00e4 riitt\u00e4\u00e4 avovesikaudellakin monipuolisissa valmiutta ja toimintamahdollisuuksia varmistavissa teht\u00e4viss\u00e4. Veneilij\u00e4n turvallisuuden edist\u00e4miseen tarvitaan osaajia my\u00f6s maalla.<\/p>\n\n\n\n<h2 class=\"wp-block-heading\">Tukikohta<\/h2>\n\n\n\n<p>Yhdistyksen tukikohta on toukokuusta 2021 alkaen Lillm\u00e4l\u00f6n luotsiaseman yhteydess\u00e4. Asemalla on yhdistyksen toimisto, huoltotilat varusteille ja y\u00f6pymistilat miehist\u00f6ille.<\/p>\n\n\n\n<h2 class=\"wp-block-heading\">P\u00e4ivystys<\/h2>\n\n\n\n<p>P\u00e4ivystystoiminta alkaa huhtikuun lopulla ja jatkuu aina marraskuuhun asti. T\u00e4ll\u00f6in PV Ad Mare ja PV Fagerholm p\u00e4ivyst\u00e4v\u00e4t yleens\u00e4 viikonloput merell\u00e4. Muina p\u00e4ivin\u00e4 kaikki alukset ovat noin tunnin l\u00e4ht\u00f6valmiudessa kaikkina vuorokauden aikoina ja kaikenlaisissa s\u00e4\u00e4olosuhteissa.<\/p>\n\n\n\n<p>Alusten miehityksen muodostaa p\u00e4\u00e4llikk\u00f6 ja 2 \u2013 5 henkinen miehist\u00f6. Mukana on aina kokeneita meripelastajia, mutta teht\u00e4v\u00e4n luonteesta riippuen my\u00f6s teht\u00e4viin harjoittelevia uusia tulokkaita, miehi\u00e4 ja naisia.<\/p>\n\n\n\n<h2 class=\"wp-block-heading\">Koulutus<\/h2>\n\n\n\n<p>Varsinaiseen toimintaan osallistuville annetaan harjaantumiskoulutusta aluksilla, aina p\u00e4\u00e4llikk\u00f6tasolle asti. T\u00e4m\u00e4n lis\u00e4ksi kurssiluontoisia erikoistaitoja opiskellaan Suomen Meripelastusseuran j\u00e4rjest\u00e4miss\u00e4 koulutuksissa, merenkulkuoppilaitoksissa tai seuran omassa koulutuskeskuksessa B\u00e5gask\u00e4riss\u00e4. Yhdistys tukee my\u00f6s erityistaitojen oppimista kuten esim. sukeltamista.<\/p>\n\n\n\n<p>Veneilev\u00e4lle j\u00e4senelle j\u00e4rjestet\u00e4\u00e4n my\u00f6s koulutuksia, joilla kehitet\u00e4\u00e4n merenkulun taitoja.<\/p>\n\n\n\n<h2 class=\"wp-block-heading\">Muu toiminta<\/h2>\n\n\n\n<p>Voit auttaa meit\u00e4 auttamaan, vaikka et tuntisikaan kiinnostusta varsinaisten meripelastusteht\u00e4vien hoitoon. Teht\u00e4vi\u00e4 riitt\u00e4\u00e4 niin alusten ja varusteiden kunnossapidon, tukikohdasta huolehtimisen kuin taloudellisten resurssien hankinnan parissa.<\/p>\n","protected":false},"excerpt":{"rendered":"<p>Olemme Paraisilla toimiva Suomen Meripelastusseuran j\u00e4senyhdistys. Toimialueemme on Saaristomerell\u00e4 l\u00e4hinn\u00e4 Paraisten etel\u00e4iset merialueet. Meripelastajien ensisijaisena teht\u00e4v\u00e4n\u00e4 on ihmishenkien pelastaminen. Suuri osa toimintaa on merell\u00e4 liikkujien avustamista vaara- ja ongelmatilanteissa. Teht\u00e4v\u00e4t hoidetaan hyv\u00e4ss\u00e4 yhteisty\u00f6ss\u00e4 Meripelastuskeskuksen ja muiden viranomaisten, alueen yhdistysten sek\u00e4 pelastuspalveluorganisaatioiden kanssa. Merellinen harrastus kaikille Vapaaehtoinen meripelastustoiminta tarjoaa tekemist\u00e4 l\u00e4pi vuoden kiinnostuneille. Merell\u00e4 p\u00e4ivyst\u00e4minen on [&hellip;]<\/p>\n","protected":false},"author":1,"featured_media":330,"parent":0,"menu_order":3,"comment_status":"closed","ping_status":"closed","template":"","meta":{"_acf_changed":false,"inline_featured_image":false,"footnotes":""},"class_list":["post-20","page","type-page","status-publish","has-post-thumbnail","hentry"],"acf":[],"yoast_head":"<!-- This site is optimized with the Yoast SEO Premium plugin v27.2 (Yoast SEO v27.2) - https:\/\/yoast.com\/product\/yoast-seo-premium-wordpress\/ -->\n<title>Toiminta - Paraisten Meripelastajat<\/title>\n<meta name=\"robots\" content=\"index, follow, max-snippet:-1, max-image-preview:large, max-video-preview:-1\" \/>\n<link rel=\"canonical\" href=\"https:\/\/meripelastus.fi\/parainen\/toiminta\/\" \/>\n<meta property=\"og:locale\" content=\"fi_FI\" \/>\n<meta property=\"og:type\" content=\"article\" \/>\n<meta property=\"og:title\" content=\"Toiminta\" \/>\n<meta property=\"og:description\" content=\"Olemme Paraisilla toimiva Suomen Meripelastusseuran j\u00e4senyhdistys. Toimialueemme on Saaristomerell\u00e4 l\u00e4hinn\u00e4 Paraisten etel\u00e4iset merialueet. Meripelastajien ensisijaisena teht\u00e4v\u00e4n\u00e4 on ihmishenkien pelastaminen. Suuri osa toimintaa on merell\u00e4 liikkujien avustamista vaara- ja ongelmatilanteissa. Teht\u00e4v\u00e4t hoidetaan hyv\u00e4ss\u00e4 yhteisty\u00f6ss\u00e4 Meripelastuskeskuksen ja muiden viranomaisten, alueen yhdistysten sek\u00e4 pelastuspalveluorganisaatioiden kanssa. Merellinen harrastus kaikille Vapaaehtoinen meripelastustoiminta tarjoaa tekemist\u00e4 l\u00e4pi vuoden kiinnostuneille. Merell\u00e4 p\u00e4ivyst\u00e4minen on [&hellip;]\" \/>\n<meta property=\"og:url\" content=\"https:\/\/meripelastus.fi\/parainen\/toiminta\/\" \/>\n<meta property=\"og:site_name\" content=\"Paraisten Meripelastajat\" \/>\n<meta property=\"article:modified_time\" content=\"2024-06-17T21:56:53+00:00\" \/>\n<meta property=\"og:image\" content=\"https:\/\/meripelastus.fi\/parainen\/wp-content\/uploads\/sites\/14\/2018\/08\/pmpBG006.jpg\" \/>\n\t<meta property=\"og:image:width\" content=\"1800\" \/>\n\t<meta property=\"og:image:height\" content=\"850\" \/>\n\t<meta property=\"og:image:type\" content=\"image\/jpeg\" \/>\n<meta name=\"twitter:card\" content=\"summary_large_image\" \/>\n<meta name=\"twitter:label1\" content=\"Arvioitu lukuaika\" \/>\n\t<meta name=\"twitter:data1\" content=\"2 minuuttia\" \/>\n<script type=\"application\/ld+json\" class=\"yoast-schema-graph\">{\"@context\":\"https:\/\/schema.org\",\"@graph\":[{\"@type\":\"WebPage\",\"@id\":\"https:\/\/meripelastus.fi\/parainen\/toiminta\/\",\"url\":\"https:\/\/meripelastus.fi\/parainen\/toiminta\/\",\"name\":\"Toiminta - Paraisten Meripelastajat\",\"isPartOf\":{\"@id\":\"https:\/\/meripelastus.fi\/parainen\/#website\"},\"primaryImageOfPage\":{\"@id\":\"https:\/\/meripelastus.fi\/parainen\/toiminta\/#primaryimage\"},\"image\":{\"@id\":\"https:\/\/meripelastus.fi\/parainen\/toiminta\/#primaryimage\"},\"thumbnailUrl\":\"https:\/\/meripelastus.fi\/parainen\/wp-content\/uploads\/sites\/14\/2018\/08\/pmpBG006.jpg\",\"datePublished\":\"2018-03-19T07:18:28+00:00\",\"dateModified\":\"2024-06-17T21:56:53+00:00\",\"breadcrumb\":{\"@id\":\"https:\/\/meripelastus.fi\/parainen\/toiminta\/#breadcrumb\"},\"inLanguage\":\"fi\",\"potentialAction\":[{\"@type\":\"ReadAction\",\"target\":[\"https:\/\/meripelastus.fi\/parainen\/toiminta\/\"]}]},{\"@type\":\"ImageObject\",\"inLanguage\":\"fi\",\"@id\":\"https:\/\/meripelastus.fi\/parainen\/toiminta\/#primaryimage\",\"url\":\"https:\/\/meripelastus.fi\/parainen\/wp-content\/uploads\/sites\/14\/2018\/08\/pmpBG006.jpg\",\"contentUrl\":\"https:\/\/meripelastus.fi\/parainen\/wp-content\/uploads\/sites\/14\/2018\/08\/pmpBG006.jpg\",\"width\":1800,\"height\":850},{\"@type\":\"BreadcrumbList\",\"@id\":\"https:\/\/meripelastus.fi\/parainen\/toiminta\/#breadcrumb\",\"itemListElement\":[{\"@type\":\"ListItem\",\"position\":1,\"name\":\"Etusivu\",\"item\":\"https:\/\/meripelastus.fi\/parainen\/\"},{\"@type\":\"ListItem\",\"position\":2,\"name\":\"Toiminta\"}]},{\"@type\":\"WebSite\",\"@id\":\"https:\/\/meripelastus.fi\/parainen\/#website\",\"url\":\"https:\/\/meripelastus.fi\/parainen\/\",\"name\":\"Paraisten Meripelastajat\",\"description\":\"Vapaaehtoiset apunasi vesill\u00e4\",\"potentialAction\":[{\"@type\":\"SearchAction\",\"target\":{\"@type\":\"EntryPoint\",\"urlTemplate\":\"https:\/\/meripelastus.fi\/parainen\/?s={search_term_string}\"},\"query-input\":{\"@type\":\"PropertyValueSpecification\",\"valueRequired\":true,\"valueName\":\"search_term_string\"}}],\"inLanguage\":\"fi\"}]}<\/script>\n<!-- \/ Yoast SEO Premium plugin. -->","yoast_head_json":{"title":"Toiminta - Paraisten Meripelastajat","robots":{"index":"index","follow":"follow","max-snippet":"max-snippet:-1","max-image-preview":"max-image-preview:large","max-video-preview":"max-video-preview:-1"},"canonical":"https:\/\/meripelastus.fi\/parainen\/toiminta\/","og_locale":"fi_FI","og_type":"article","og_title":"Toiminta","og_description":"Olemme Paraisilla toimiva Suomen Meripelastusseuran j\u00e4senyhdistys. Toimialueemme on Saaristomerell\u00e4 l\u00e4hinn\u00e4 Paraisten etel\u00e4iset merialueet. Meripelastajien ensisijaisena teht\u00e4v\u00e4n\u00e4 on ihmishenkien pelastaminen. Suuri osa toimintaa on merell\u00e4 liikkujien avustamista vaara- ja ongelmatilanteissa. Teht\u00e4v\u00e4t hoidetaan hyv\u00e4ss\u00e4 yhteisty\u00f6ss\u00e4 Meripelastuskeskuksen ja muiden viranomaisten, alueen yhdistysten sek\u00e4 pelastuspalveluorganisaatioiden kanssa. Merellinen harrastus kaikille Vapaaehtoinen meripelastustoiminta tarjoaa tekemist\u00e4 l\u00e4pi vuoden kiinnostuneille. Merell\u00e4 p\u00e4ivyst\u00e4minen on [&hellip;]","og_url":"https:\/\/meripelastus.fi\/parainen\/toiminta\/","og_site_name":"Paraisten Meripelastajat","article_modified_time":"2024-06-17T21:56:53+00:00","og_image":[{"width":1800,"height":850,"url":"https:\/\/meripelastus.fi\/parainen\/wp-content\/uploads\/sites\/14\/2018\/08\/pmpBG006.jpg","type":"image\/jpeg"}],"twitter_card":"summary_large_image","twitter_misc":{"Arvioitu lukuaika":"2 minuuttia"},"schema":{"@context":"https:\/\/schema.org","@graph":[{"@type":"WebPage","@id":"https:\/\/meripelastus.fi\/parainen\/toiminta\/","url":"https:\/\/meripelastus.fi\/parainen\/toiminta\/","name":"Toiminta - Paraisten Meripelastajat","isPartOf":{"@id":"https:\/\/meripelastus.fi\/parainen\/#website"},"primaryImageOfPage":{"@id":"https:\/\/meripelastus.fi\/parainen\/toiminta\/#primaryimage"},"image":{"@id":"https:\/\/meripelastus.fi\/parainen\/toiminta\/#primaryimage"},"thumbnailUrl":"https:\/\/meripelastus.fi\/parainen\/wp-content\/uploads\/sites\/14\/2018\/08\/pmpBG006.jpg","datePublished":"2018-03-19T07:18:28+00:00","dateModified":"2024-06-17T21:56:53+00:00","breadcrumb":{"@id":"https:\/\/meripelastus.fi\/parainen\/toiminta\/#breadcrumb"},"inLanguage":"fi","potentialAction":[{"@type":"ReadAction","target":["https:\/\/meripelastus.fi\/parainen\/toiminta\/"]}]},{"@type":"ImageObject","inLanguage":"fi","@id":"https:\/\/meripelastus.fi\/parainen\/toiminta\/#primaryimage","url":"https:\/\/meripelastus.fi\/parainen\/wp-content\/uploads\/sites\/14\/2018\/08\/pmpBG006.jpg","contentUrl":"https:\/\/meripelastus.fi\/parainen\/wp-content\/uploads\/sites\/14\/2018\/08\/pmpBG006.jpg","width":1800,"height":850},{"@type":"BreadcrumbList","@id":"https:\/\/meripelastus.fi\/parainen\/toiminta\/#breadcrumb","itemListElement":[{"@type":"ListItem","position":1,"name":"Etusivu","item":"https:\/\/meripelastus.fi\/parainen\/"},{"@type":"ListItem","position":2,"name":"Toiminta"}]},{"@type":"WebSite","@id":"https:\/\/meripelastus.fi\/parainen\/#website","url":"https:\/\/meripelastus.fi\/parainen\/","name":"Paraisten Meripelastajat","description":"Vapaaehtoiset apunasi vesill\u00e4","potentialAction":[{"@type":"SearchAction","target":{"@type":"EntryPoint","urlTemplate":"https:\/\/meripelastus.fi\/parainen\/?s={search_term_string}"},"query-input":{"@type":"PropertyValueSpecification","valueRequired":true,"valueName":"search_term_string"}}],"inLanguage":"fi"}]}},"_links":{"self":[{"href":"https:\/\/meripelastus.fi\/parainen\/wp-json\/wp\/v2\/pages\/20","targetHints":{"allow":["GET"]}}],"collection":[{"href":"https:\/\/meripelastus.fi\/parainen\/wp-json\/wp\/v2\/pages"}],"about":[{"href":"https:\/\/meripelastus.fi\/parainen\/wp-json\/wp\/v2\/types\/page"}],"author":[{"embeddable":true,"href":"https:\/\/meripelastus.fi\/parainen\/wp-json\/wp\/v2\/users\/1"}],"replies":[{"embeddable":true,"href":"https:\/\/meripelastus.fi\/parainen\/wp-json\/wp\/v2\/comments?post=20"}],"version-history":[{"count":13,"href":"https:\/\/meripelastus.fi\/parainen\/wp-json\/wp\/v2\/pages\/20\/revisions"}],"predecessor-version":[{"id":535,"href":"https:\/\/meripelastus.fi\/parainen\/wp-json\/wp\/v2\/pages\/20\/revisions\/535"}],"wp:featuredmedia":[{"embeddable":true,"href":"https:\/\/meripelastus.fi\/parainen\/wp-json\/wp\/v2\/media\/330"}],"wp:attachment":[{"href":"https:\/\/meripelastus.fi\/parainen\/wp-json\/wp\/v2\/media?parent=20"}],"curies":[{"name":"wp","href":"https:\/\/api.w.org\/{rel}","templated":true}]}}