{"id":188,"date":"2018-07-13T09:03:05","date_gmt":"2018-07-13T06:03:05","guid":{"rendered":"https:\/\/meripelastus.fi\/parainen-vedos\/?page_id=188"},"modified":"2018-09-14T08:51:28","modified_gmt":"2018-09-14T05:51:28","slug":"liity-jaseneksi","status":"publish","type":"page","link":"https:\/\/meripelastus.fi\/parainen\/toiminta\/liity-jaseneksi\/","title":{"rendered":"Liity j\u00e4seneksi"},"content":{"rendered":"<h2>Tule mukaan toimintaamme.<\/h2>\n<p>Voit liitty\u00e4 yhdistyksemme j\u00e4seneksi alla olevien linkkien kautta.<\/p>\n<h2>Henkil\u00f6j\u00e4senyys<\/h2>\n<p>Henkil\u00f6j\u00e4senen\u00e4 tuet toimintaamme ja olet oikeutettu osallistumaan koulutukseemme sek\u00e4 p\u00e4ivystyksille.<\/p>\n<p><a href=\"https:\/\/meripelastus.fi\/jasenyys\/liittymislomakkeet\/\">Liity henkil\u00f6j\u00e4seneksi &gt;&gt;<\/a><\/p>\n<h2>Yhteis\u00f6j\u00e4senyys<\/h2>\n<p>Yhteis\u00f6j\u00e4senyys on suunnattu mm.veneseuroille, yhteis\u00f6ille ja yrityksille. Yhteis\u00f6j\u00e4senen\u00e4 tuet toimintaamme.<\/p>\n<p><a href=\"https:\/\/meripelastus.fi\/parainen\/yhteisojaseneksi\/\">Liity yhteis\u00f6j\u00e4seneksi&gt;&gt;<\/a><\/p>\n","protected":false},"excerpt":{"rendered":"<p>Tule mukaan toimintaamme. Voit liitty\u00e4 yhdistyksemme j\u00e4seneksi alla olevien linkkien kautta. Henkil\u00f6j\u00e4senyys Henkil\u00f6j\u00e4senen\u00e4 tuet toimintaamme ja olet oikeutettu osallistumaan koulutukseemme sek\u00e4 p\u00e4ivystyksille. Liity henkil\u00f6j\u00e4seneksi &gt;&gt; Yhteis\u00f6j\u00e4senyys Yhteis\u00f6j\u00e4senyys on suunnattu mm.veneseuroille, yhteis\u00f6ille ja yrityksille. Yhteis\u00f6j\u00e4senen\u00e4 tuet toimintaamme. Liity yhteis\u00f6j\u00e4seneksi&gt;&gt;<\/p>\n","protected":false},"author":1,"featured_media":331,"parent":20,"menu_order":0,"comment_status":"closed","ping_status":"closed","template":"","meta":{"_acf_changed":false,"inline_featured_image":false,"footnotes":""},"class_list":["post-188","page","type-page","status-publish","has-post-thumbnail","hentry"],"acf":[],"yoast_head":"<!-- This site is optimized with the Yoast SEO Premium plugin v27.2 (Yoast SEO v27.2) - https:\/\/yoast.com\/product\/yoast-seo-premium-wordpress\/ -->\n<title>Liity j\u00e4seneksi - Paraisten Meripelastajat<\/title>\n<meta name=\"robots\" content=\"index, follow, max-snippet:-1, max-image-preview:large, max-video-preview:-1\" \/>\n<link rel=\"canonical\" href=\"https:\/\/meripelastus.fi\/parainen\/toiminta\/liity-jaseneksi\/\" \/>\n<meta property=\"og:locale\" content=\"fi_FI\" \/>\n<meta property=\"og:type\" content=\"article\" \/>\n<meta property=\"og:title\" content=\"Liity j\u00e4seneksi\" \/>\n<meta property=\"og:description\" content=\"Tule mukaan toimintaamme. Voit liitty\u00e4 yhdistyksemme j\u00e4seneksi alla olevien linkkien kautta. Henkil\u00f6j\u00e4senyys Henkil\u00f6j\u00e4senen\u00e4 tuet toimintaamme ja olet oikeutettu osallistumaan koulutukseemme sek\u00e4 p\u00e4ivystyksille. Liity henkil\u00f6j\u00e4seneksi &gt;&gt; Yhteis\u00f6j\u00e4senyys Yhteis\u00f6j\u00e4senyys on suunnattu mm.veneseuroille, yhteis\u00f6ille ja yrityksille. Yhteis\u00f6j\u00e4senen\u00e4 tuet toimintaamme. Liity yhteis\u00f6j\u00e4seneksi&gt;&gt;\" \/>\n<meta property=\"og:url\" content=\"https:\/\/meripelastus.fi\/parainen\/toiminta\/liity-jaseneksi\/\" \/>\n<meta property=\"og:site_name\" content=\"Paraisten Meripelastajat\" \/>\n<meta property=\"article:modified_time\" content=\"2018-09-14T05:51:28+00:00\" \/>\n<meta property=\"og:image\" content=\"https:\/\/meripelastus.fi\/parainen\/wp-content\/uploads\/sites\/14\/2018\/08\/pmpBG007.jpg\" \/>\n\t<meta property=\"og:image:width\" content=\"1800\" \/>\n\t<meta property=\"og:image:height\" content=\"850\" \/>\n\t<meta property=\"og:image:type\" content=\"image\/jpeg\" \/>\n<meta name=\"twitter:card\" content=\"summary_large_image\" \/>\n<script type=\"application\/ld+json\" class=\"yoast-schema-graph\">{\"@context\":\"https:\/\/schema.org\",\"@graph\":[{\"@type\":\"WebPage\",\"@id\":\"https:\/\/meripelastus.fi\/parainen\/toiminta\/liity-jaseneksi\/\",\"url\":\"https:\/\/meripelastus.fi\/parainen\/toiminta\/liity-jaseneksi\/\",\"name\":\"Liity j\u00e4seneksi - Paraisten Meripelastajat\",\"isPartOf\":{\"@id\":\"https:\/\/meripelastus.fi\/parainen\/#website\"},\"primaryImageOfPage\":{\"@id\":\"https:\/\/meripelastus.fi\/parainen\/toiminta\/liity-jaseneksi\/#primaryimage\"},\"image\":{\"@id\":\"https:\/\/meripelastus.fi\/parainen\/toiminta\/liity-jaseneksi\/#primaryimage\"},\"thumbnailUrl\":\"https:\/\/meripelastus.fi\/parainen\/wp-content\/uploads\/sites\/14\/2018\/08\/pmpBG007.jpg\",\"datePublished\":\"2018-07-13T06:03:05+00:00\",\"dateModified\":\"2018-09-14T05:51:28+00:00\",\"breadcrumb\":{\"@id\":\"https:\/\/meripelastus.fi\/parainen\/toiminta\/liity-jaseneksi\/#breadcrumb\"},\"inLanguage\":\"fi\",\"potentialAction\":[{\"@type\":\"ReadAction\",\"target\":[\"https:\/\/meripelastus.fi\/parainen\/toiminta\/liity-jaseneksi\/\"]}]},{\"@type\":\"ImageObject\",\"inLanguage\":\"fi\",\"@id\":\"https:\/\/meripelastus.fi\/parainen\/toiminta\/liity-jaseneksi\/#primaryimage\",\"url\":\"https:\/\/meripelastus.fi\/parainen\/wp-content\/uploads\/sites\/14\/2018\/08\/pmpBG007.jpg\",\"contentUrl\":\"https:\/\/meripelastus.fi\/parainen\/wp-content\/uploads\/sites\/14\/2018\/08\/pmpBG007.jpg\",\"width\":1800,\"height\":850},{\"@type\":\"BreadcrumbList\",\"@id\":\"https:\/\/meripelastus.fi\/parainen\/toiminta\/liity-jaseneksi\/#breadcrumb\",\"itemListElement\":[{\"@type\":\"ListItem\",\"position\":1,\"name\":\"Etusivu\",\"item\":\"https:\/\/meripelastus.fi\/parainen\/\"},{\"@type\":\"ListItem\",\"position\":2,\"name\":\"Toiminta\",\"item\":\"https:\/\/meripelastus.fi\/parainen\/toiminta\/\"},{\"@type\":\"ListItem\",\"position\":3,\"name\":\"Liity j\u00e4seneksi\"}]},{\"@type\":\"WebSite\",\"@id\":\"https:\/\/meripelastus.fi\/parainen\/#website\",\"url\":\"https:\/\/meripelastus.fi\/parainen\/\",\"name\":\"Paraisten Meripelastajat\",\"description\":\"Vapaaehtoiset apunasi vesill\u00e4\",\"potentialAction\":[{\"@type\":\"SearchAction\",\"target\":{\"@type\":\"EntryPoint\",\"urlTemplate\":\"https:\/\/meripelastus.fi\/parainen\/?s={search_term_string}\"},\"query-input\":{\"@type\":\"PropertyValueSpecification\",\"valueRequired\":true,\"valueName\":\"search_term_string\"}}],\"inLanguage\":\"fi\"}]}<\/script>\n<!-- \/ Yoast SEO Premium plugin. -->","yoast_head_json":{"title":"Liity j\u00e4seneksi - Paraisten Meripelastajat","robots":{"index":"index","follow":"follow","max-snippet":"max-snippet:-1","max-image-preview":"max-image-preview:large","max-video-preview":"max-video-preview:-1"},"canonical":"https:\/\/meripelastus.fi\/parainen\/toiminta\/liity-jaseneksi\/","og_locale":"fi_FI","og_type":"article","og_title":"Liity j\u00e4seneksi","og_description":"Tule mukaan toimintaamme. Voit liitty\u00e4 yhdistyksemme j\u00e4seneksi alla olevien linkkien kautta. Henkil\u00f6j\u00e4senyys Henkil\u00f6j\u00e4senen\u00e4 tuet toimintaamme ja olet oikeutettu osallistumaan koulutukseemme sek\u00e4 p\u00e4ivystyksille. Liity henkil\u00f6j\u00e4seneksi &gt;&gt; Yhteis\u00f6j\u00e4senyys Yhteis\u00f6j\u00e4senyys on suunnattu mm.veneseuroille, yhteis\u00f6ille ja yrityksille. Yhteis\u00f6j\u00e4senen\u00e4 tuet toimintaamme. Liity yhteis\u00f6j\u00e4seneksi&gt;&gt;","og_url":"https:\/\/meripelastus.fi\/parainen\/toiminta\/liity-jaseneksi\/","og_site_name":"Paraisten Meripelastajat","article_modified_time":"2018-09-14T05:51:28+00:00","og_image":[{"width":1800,"height":850,"url":"https:\/\/meripelastus.fi\/parainen\/wp-content\/uploads\/sites\/14\/2018\/08\/pmpBG007.jpg","type":"image\/jpeg"}],"twitter_card":"summary_large_image","schema":{"@context":"https:\/\/schema.org","@graph":[{"@type":"WebPage","@id":"https:\/\/meripelastus.fi\/parainen\/toiminta\/liity-jaseneksi\/","url":"https:\/\/meripelastus.fi\/parainen\/toiminta\/liity-jaseneksi\/","name":"Liity j\u00e4seneksi - Paraisten Meripelastajat","isPartOf":{"@id":"https:\/\/meripelastus.fi\/parainen\/#website"},"primaryImageOfPage":{"@id":"https:\/\/meripelastus.fi\/parainen\/toiminta\/liity-jaseneksi\/#primaryimage"},"image":{"@id":"https:\/\/meripelastus.fi\/parainen\/toiminta\/liity-jaseneksi\/#primaryimage"},"thumbnailUrl":"https:\/\/meripelastus.fi\/parainen\/wp-content\/uploads\/sites\/14\/2018\/08\/pmpBG007.jpg","datePublished":"2018-07-13T06:03:05+00:00","dateModified":"2018-09-14T05:51:28+00:00","breadcrumb":{"@id":"https:\/\/meripelastus.fi\/parainen\/toiminta\/liity-jaseneksi\/#breadcrumb"},"inLanguage":"fi","potentialAction":[{"@type":"ReadAction","target":["https:\/\/meripelastus.fi\/parainen\/toiminta\/liity-jaseneksi\/"]}]},{"@type":"ImageObject","inLanguage":"fi","@id":"https:\/\/meripelastus.fi\/parainen\/toiminta\/liity-jaseneksi\/#primaryimage","url":"https:\/\/meripelastus.fi\/parainen\/wp-content\/uploads\/sites\/14\/2018\/08\/pmpBG007.jpg","contentUrl":"https:\/\/meripelastus.fi\/parainen\/wp-content\/uploads\/sites\/14\/2018\/08\/pmpBG007.jpg","width":1800,"height":850},{"@type":"BreadcrumbList","@id":"https:\/\/meripelastus.fi\/parainen\/toiminta\/liity-jaseneksi\/#breadcrumb","itemListElement":[{"@type":"ListItem","position":1,"name":"Etusivu","item":"https:\/\/meripelastus.fi\/parainen\/"},{"@type":"ListItem","position":2,"name":"Toiminta","item":"https:\/\/meripelastus.fi\/parainen\/toiminta\/"},{"@type":"ListItem","position":3,"name":"Liity j\u00e4seneksi"}]},{"@type":"WebSite","@id":"https:\/\/meripelastus.fi\/parainen\/#website","url":"https:\/\/meripelastus.fi\/parainen\/","name":"Paraisten Meripelastajat","description":"Vapaaehtoiset apunasi vesill\u00e4","potentialAction":[{"@type":"SearchAction","target":{"@type":"EntryPoint","urlTemplate":"https:\/\/meripelastus.fi\/parainen\/?s={search_term_string}"},"query-input":{"@type":"PropertyValueSpecification","valueRequired":true,"valueName":"search_term_string"}}],"inLanguage":"fi"}]}},"_links":{"self":[{"href":"https:\/\/meripelastus.fi\/parainen\/wp-json\/wp\/v2\/pages\/188","targetHints":{"allow":["GET"]}}],"collection":[{"href":"https:\/\/meripelastus.fi\/parainen\/wp-json\/wp\/v2\/pages"}],"about":[{"href":"https:\/\/meripelastus.fi\/parainen\/wp-json\/wp\/v2\/types\/page"}],"author":[{"embeddable":true,"href":"https:\/\/meripelastus.fi\/parainen\/wp-json\/wp\/v2\/users\/1"}],"replies":[{"embeddable":true,"href":"https:\/\/meripelastus.fi\/parainen\/wp-json\/wp\/v2\/comments?post=188"}],"version-history":[{"count":10,"href":"https:\/\/meripelastus.fi\/parainen\/wp-json\/wp\/v2\/pages\/188\/revisions"}],"predecessor-version":[{"id":397,"href":"https:\/\/meripelastus.fi\/parainen\/wp-json\/wp\/v2\/pages\/188\/revisions\/397"}],"up":[{"embeddable":true,"href":"https:\/\/meripelastus.fi\/parainen\/wp-json\/wp\/v2\/pages\/20"}],"wp:featuredmedia":[{"embeddable":true,"href":"https:\/\/meripelastus.fi\/parainen\/wp-json\/wp\/v2\/media\/331"}],"wp:attachment":[{"href":"https:\/\/meripelastus.fi\/parainen\/wp-json\/wp\/v2\/media?parent=188"}],"curies":[{"name":"wp","href":"https:\/\/api.w.org\/{rel}","templated":true}]}}