{"id":8,"date":"2018-03-19T09:16:29","date_gmt":"2018-03-19T07:16:29","guid":{"rendered":"http:\/\/basetemplate.smpsyhdistykset.16.testivedos.com\/?page_id=8"},"modified":"2019-12-12T13:00:53","modified_gmt":"2019-12-12T11:00:53","slug":"tietoa-meista","status":"publish","type":"page","link":"https:\/\/meripelastus.fi\/oulu\/oulun-meripelastajat\/tietoa-meista\/","title":{"rendered":"Tietoa meist\u00e4"},"content":{"rendered":"<p>SMPS Oulun Meripelastajat ry on Per\u00e4meren vanhin vapaaehtoinen meripelastusyhdistys ja Suomen Meripelastusseuraan kuuluva paikallisyhdistys. Oulun Meripelastajien toiminta on ollut merkityksellist\u00e4 vuosikymmenien ajan rannikkokaupungissa, jonka t\u00e4rkeit\u00e4 elinkeinoja ovat olleet kaupallinen merenkulku ja kalastus. Nykyisin suuren osan avuntarvitsijoista muodostavat huviveneilij\u00e4t. Yhdistyksen toiminta kytkeytyy n\u00e4in koko Oulun seudun merenkululliseen historiaan ja nykyp\u00e4iv\u00e4\u00e4n.<\/p>\n<p>Oulun merialueella on tehty vapaaehtoista meripelastusty\u00f6t\u00e4 vuodesta 1939 l\u00e4htien. Alkuvuosina toiminnasta vastasivat merenkulun ammattilaiset ja luotsit. SMPS Oulun Meripelastajat ry on perustettu vuonna 1962. Yhdistyksen vuosibudjetti koostuu talkooty\u00f6st\u00e4, lahjoituksista, toiminta-avustuksista sek\u00e4 tilausajoista saaduista varoista. Toiminta on vapaaehtoista ja palkatonta.<\/p>\n<p>Voit lukea tuoreimmat kuulumisemme my\u00f6s Facebookissa osoitteessa <a href=\"http:\/\/facebook.com\/OulunMeripelastajat\" target=\"_blank\" rel=\"noopener noreferrer\">http:\/\/facebook.com\/OulunMeripelastajat<\/a><\/p>\n","protected":false},"excerpt":{"rendered":"<p>SMPS Oulun Meripelastajat ry on Per\u00e4meren vanhin vapaaehtoinen meripelastusyhdistys ja Suomen Meripelastusseuraan kuuluva paikallisyhdistys. Oulun Meripelastajien toiminta on ollut merkityksellist\u00e4 vuosikymmenien ajan rannikkokaupungissa, jonka t\u00e4rkeit\u00e4 elinkeinoja ovat olleet kaupallinen merenkulku ja kalastus. Nykyisin suuren osan avuntarvitsijoista muodostavat huviveneilij\u00e4t. Yhdistyksen toiminta kytkeytyy n\u00e4in koko Oulun seudun merenkululliseen historiaan ja nykyp\u00e4iv\u00e4\u00e4n. Oulun merialueella on tehty vapaaehtoista meripelastusty\u00f6t\u00e4 [&hellip;]<\/p>\n","protected":false},"author":1,"featured_media":0,"parent":6,"menu_order":0,"comment_status":"closed","ping_status":"closed","template":"","meta":{"_acf_changed":false,"inline_featured_image":false,"footnotes":""},"class_list":["post-8","page","type-page","status-publish","hentry"],"acf":[],"yoast_head":"<!-- This site is optimized with the Yoast SEO Premium plugin v27.2 (Yoast SEO v27.2) - https:\/\/yoast.com\/product\/yoast-seo-premium-wordpress\/ -->\n<title>Tietoa meist\u00e4 - Oulun Meripelastajat<\/title>\n<meta name=\"robots\" content=\"index, follow, max-snippet:-1, max-image-preview:large, max-video-preview:-1\" \/>\n<link rel=\"canonical\" href=\"https:\/\/meripelastus.fi\/oulu\/oulun-meripelastajat\/tietoa-meista\/\" \/>\n<meta property=\"og:locale\" content=\"fi_FI\" \/>\n<meta property=\"og:type\" content=\"article\" \/>\n<meta property=\"og:title\" content=\"Tietoa meist\u00e4\" \/>\n<meta property=\"og:description\" content=\"SMPS Oulun Meripelastajat ry on Per\u00e4meren vanhin vapaaehtoinen meripelastusyhdistys ja Suomen Meripelastusseuraan kuuluva paikallisyhdistys. Oulun Meripelastajien toiminta on ollut merkityksellist\u00e4 vuosikymmenien ajan rannikkokaupungissa, jonka t\u00e4rkeit\u00e4 elinkeinoja ovat olleet kaupallinen merenkulku ja kalastus. Nykyisin suuren osan avuntarvitsijoista muodostavat huviveneilij\u00e4t. Yhdistyksen toiminta kytkeytyy n\u00e4in koko Oulun seudun merenkululliseen historiaan ja nykyp\u00e4iv\u00e4\u00e4n. Oulun merialueella on tehty vapaaehtoista meripelastusty\u00f6t\u00e4 [&hellip;]\" \/>\n<meta property=\"og:url\" content=\"https:\/\/meripelastus.fi\/oulu\/oulun-meripelastajat\/tietoa-meista\/\" \/>\n<meta property=\"og:site_name\" content=\"Oulun Meripelastajat\" \/>\n<meta property=\"article:modified_time\" content=\"2019-12-12T11:00:53+00:00\" \/>\n<meta name=\"twitter:card\" content=\"summary_large_image\" \/>\n<meta name=\"twitter:label1\" content=\"Arvioitu lukuaika\" \/>\n\t<meta name=\"twitter:data1\" content=\"1 minuutti\" \/>\n<script type=\"application\/ld+json\" class=\"yoast-schema-graph\">{\"@context\":\"https:\/\/schema.org\",\"@graph\":[{\"@type\":\"WebPage\",\"@id\":\"https:\/\/meripelastus.fi\/oulu\/oulun-meripelastajat\/tietoa-meista\/\",\"url\":\"https:\/\/meripelastus.fi\/oulu\/oulun-meripelastajat\/tietoa-meista\/\",\"name\":\"Tietoa meist\u00e4 - Oulun Meripelastajat\",\"isPartOf\":{\"@id\":\"https:\/\/meripelastus.fi\/oulu\/#website\"},\"datePublished\":\"2018-03-19T07:16:29+00:00\",\"dateModified\":\"2019-12-12T11:00:53+00:00\",\"breadcrumb\":{\"@id\":\"https:\/\/meripelastus.fi\/oulu\/oulun-meripelastajat\/tietoa-meista\/#breadcrumb\"},\"inLanguage\":\"fi\",\"potentialAction\":[{\"@type\":\"ReadAction\",\"target\":[\"https:\/\/meripelastus.fi\/oulu\/oulun-meripelastajat\/tietoa-meista\/\"]}]},{\"@type\":\"BreadcrumbList\",\"@id\":\"https:\/\/meripelastus.fi\/oulu\/oulun-meripelastajat\/tietoa-meista\/#breadcrumb\",\"itemListElement\":[{\"@type\":\"ListItem\",\"position\":1,\"name\":\"Etusivu\",\"item\":\"https:\/\/meripelastus.fi\/oulu\/\"},{\"@type\":\"ListItem\",\"position\":2,\"name\":\"Oulun Meripelastajat\",\"item\":\"https:\/\/meripelastus.fi\/oulu\/oulun-meripelastajat\/\"},{\"@type\":\"ListItem\",\"position\":3,\"name\":\"Tietoa meist\u00e4\"}]},{\"@type\":\"WebSite\",\"@id\":\"https:\/\/meripelastus.fi\/oulu\/#website\",\"url\":\"https:\/\/meripelastus.fi\/oulu\/\",\"name\":\"Oulun Meripelastajat\",\"description\":\"Vapaaehtoiset apunasi vesill\u00e4\",\"potentialAction\":[{\"@type\":\"SearchAction\",\"target\":{\"@type\":\"EntryPoint\",\"urlTemplate\":\"https:\/\/meripelastus.fi\/oulu\/?s={search_term_string}\"},\"query-input\":{\"@type\":\"PropertyValueSpecification\",\"valueRequired\":true,\"valueName\":\"search_term_string\"}}],\"inLanguage\":\"fi\"}]}<\/script>\n<!-- \/ Yoast SEO Premium plugin. -->","yoast_head_json":{"title":"Tietoa meist\u00e4 - Oulun Meripelastajat","robots":{"index":"index","follow":"follow","max-snippet":"max-snippet:-1","max-image-preview":"max-image-preview:large","max-video-preview":"max-video-preview:-1"},"canonical":"https:\/\/meripelastus.fi\/oulu\/oulun-meripelastajat\/tietoa-meista\/","og_locale":"fi_FI","og_type":"article","og_title":"Tietoa meist\u00e4","og_description":"SMPS Oulun Meripelastajat ry on Per\u00e4meren vanhin vapaaehtoinen meripelastusyhdistys ja Suomen Meripelastusseuraan kuuluva paikallisyhdistys. Oulun Meripelastajien toiminta on ollut merkityksellist\u00e4 vuosikymmenien ajan rannikkokaupungissa, jonka t\u00e4rkeit\u00e4 elinkeinoja ovat olleet kaupallinen merenkulku ja kalastus. Nykyisin suuren osan avuntarvitsijoista muodostavat huviveneilij\u00e4t. Yhdistyksen toiminta kytkeytyy n\u00e4in koko Oulun seudun merenkululliseen historiaan ja nykyp\u00e4iv\u00e4\u00e4n. Oulun merialueella on tehty vapaaehtoista meripelastusty\u00f6t\u00e4 [&hellip;]","og_url":"https:\/\/meripelastus.fi\/oulu\/oulun-meripelastajat\/tietoa-meista\/","og_site_name":"Oulun Meripelastajat","article_modified_time":"2019-12-12T11:00:53+00:00","twitter_card":"summary_large_image","twitter_misc":{"Arvioitu lukuaika":"1 minuutti"},"schema":{"@context":"https:\/\/schema.org","@graph":[{"@type":"WebPage","@id":"https:\/\/meripelastus.fi\/oulu\/oulun-meripelastajat\/tietoa-meista\/","url":"https:\/\/meripelastus.fi\/oulu\/oulun-meripelastajat\/tietoa-meista\/","name":"Tietoa meist\u00e4 - Oulun Meripelastajat","isPartOf":{"@id":"https:\/\/meripelastus.fi\/oulu\/#website"},"datePublished":"2018-03-19T07:16:29+00:00","dateModified":"2019-12-12T11:00:53+00:00","breadcrumb":{"@id":"https:\/\/meripelastus.fi\/oulu\/oulun-meripelastajat\/tietoa-meista\/#breadcrumb"},"inLanguage":"fi","potentialAction":[{"@type":"ReadAction","target":["https:\/\/meripelastus.fi\/oulu\/oulun-meripelastajat\/tietoa-meista\/"]}]},{"@type":"BreadcrumbList","@id":"https:\/\/meripelastus.fi\/oulu\/oulun-meripelastajat\/tietoa-meista\/#breadcrumb","itemListElement":[{"@type":"ListItem","position":1,"name":"Etusivu","item":"https:\/\/meripelastus.fi\/oulu\/"},{"@type":"ListItem","position":2,"name":"Oulun Meripelastajat","item":"https:\/\/meripelastus.fi\/oulu\/oulun-meripelastajat\/"},{"@type":"ListItem","position":3,"name":"Tietoa meist\u00e4"}]},{"@type":"WebSite","@id":"https:\/\/meripelastus.fi\/oulu\/#website","url":"https:\/\/meripelastus.fi\/oulu\/","name":"Oulun Meripelastajat","description":"Vapaaehtoiset apunasi vesill\u00e4","potentialAction":[{"@type":"SearchAction","target":{"@type":"EntryPoint","urlTemplate":"https:\/\/meripelastus.fi\/oulu\/?s={search_term_string}"},"query-input":{"@type":"PropertyValueSpecification","valueRequired":true,"valueName":"search_term_string"}}],"inLanguage":"fi"}]}},"_links":{"self":[{"href":"https:\/\/meripelastus.fi\/oulu\/wp-json\/wp\/v2\/pages\/8","targetHints":{"allow":["GET"]}}],"collection":[{"href":"https:\/\/meripelastus.fi\/oulu\/wp-json\/wp\/v2\/pages"}],"about":[{"href":"https:\/\/meripelastus.fi\/oulu\/wp-json\/wp\/v2\/types\/page"}],"author":[{"embeddable":true,"href":"https:\/\/meripelastus.fi\/oulu\/wp-json\/wp\/v2\/users\/1"}],"replies":[{"embeddable":true,"href":"https:\/\/meripelastus.fi\/oulu\/wp-json\/wp\/v2\/comments?post=8"}],"version-history":[{"count":7,"href":"https:\/\/meripelastus.fi\/oulu\/wp-json\/wp\/v2\/pages\/8\/revisions"}],"predecessor-version":[{"id":205,"href":"https:\/\/meripelastus.fi\/oulu\/wp-json\/wp\/v2\/pages\/8\/revisions\/205"}],"up":[{"embeddable":true,"href":"https:\/\/meripelastus.fi\/oulu\/wp-json\/wp\/v2\/pages\/6"}],"wp:attachment":[{"href":"https:\/\/meripelastus.fi\/oulu\/wp-json\/wp\/v2\/media?parent=8"}],"curies":[{"name":"wp","href":"https:\/\/api.w.org\/{rel}","templated":true}]}}