{"id":51,"date":"2018-03-19T09:24:37","date_gmt":"2018-03-19T07:24:37","guid":{"rendered":"http:\/\/basetemplate.smpsyhdistykset.16.testivedos.com\/?page_id=51"},"modified":"2019-12-15T14:32:12","modified_gmt":"2019-12-15T12:32:12","slug":"yhteystiedot","status":"publish","type":"page","link":"https:\/\/meripelastus.fi\/oulu\/yhteystiedot\/","title":{"rendered":"Yhteystiedot"},"content":{"rendered":"<p>&nbsp;<\/p>\n<p>P\u00e4ivyst\u00e4v\u00e4 p\u00e4\u00e4llikk\u00f6\u00a0<strong>0400659112<\/strong><\/p>\n<p>Yhteydenotot: <a href=\"mailto:oulunmeripelastajat@gmail.com\">oulunmeripelastajat@gmail.com<\/a><\/p>\n<p><span>Puheenjohtaja: <a href=\"mailto:pj.oulu@messi.meripelastus.fi\">pj.oulu@messi.meripelastus.fi<\/a><\/span><\/p>\n<p>&nbsp;<\/p>\n<p>&nbsp;<\/p>\n","protected":false},"excerpt":{"rendered":"<p>&nbsp; P\u00e4ivyst\u00e4v\u00e4 p\u00e4\u00e4llikk\u00f6\u00a00400659112 Yhteydenotot: oulunmeripelastajat@gmail.com Puheenjohtaja: pj.oulu@messi.meripelastus.fi &nbsp; &nbsp;<\/p>\n","protected":false},"author":1,"featured_media":0,"parent":0,"menu_order":4,"comment_status":"closed","ping_status":"closed","template":"","meta":{"_acf_changed":false,"inline_featured_image":false,"footnotes":""},"class_list":["post-51","page","type-page","status-publish","hentry"],"acf":[],"yoast_head":"<!-- This site is optimized with the Yoast SEO Premium plugin v27.2 (Yoast SEO v27.2) - https:\/\/yoast.com\/product\/yoast-seo-premium-wordpress\/ -->\n<title>Yhteystiedot - Oulun Meripelastajat<\/title>\n<meta name=\"robots\" content=\"index, follow, max-snippet:-1, max-image-preview:large, max-video-preview:-1\" \/>\n<link rel=\"canonical\" href=\"https:\/\/meripelastus.fi\/oulu\/yhteystiedot\/\" \/>\n<meta property=\"og:locale\" content=\"fi_FI\" \/>\n<meta property=\"og:type\" content=\"article\" \/>\n<meta property=\"og:title\" content=\"Yhteystiedot\" \/>\n<meta property=\"og:description\" content=\"&nbsp; P\u00e4ivyst\u00e4v\u00e4 p\u00e4\u00e4llikk\u00f6\u00a00400659112 Yhteydenotot: oulunmeripelastajat@gmail.com Puheenjohtaja: pj.oulu@messi.meripelastus.fi &nbsp; &nbsp;\" \/>\n<meta property=\"og:url\" content=\"https:\/\/meripelastus.fi\/oulu\/yhteystiedot\/\" \/>\n<meta property=\"og:site_name\" content=\"Oulun Meripelastajat\" \/>\n<meta property=\"article:modified_time\" content=\"2019-12-15T12:32:12+00:00\" \/>\n<meta name=\"twitter:card\" content=\"summary_large_image\" \/>\n<script type=\"application\/ld+json\" class=\"yoast-schema-graph\">{\"@context\":\"https:\/\/schema.org\",\"@graph\":[{\"@type\":\"WebPage\",\"@id\":\"https:\/\/meripelastus.fi\/oulu\/yhteystiedot\/\",\"url\":\"https:\/\/meripelastus.fi\/oulu\/yhteystiedot\/\",\"name\":\"Yhteystiedot - Oulun Meripelastajat\",\"isPartOf\":{\"@id\":\"https:\/\/meripelastus.fi\/oulu\/#website\"},\"datePublished\":\"2018-03-19T07:24:37+00:00\",\"dateModified\":\"2019-12-15T12:32:12+00:00\",\"breadcrumb\":{\"@id\":\"https:\/\/meripelastus.fi\/oulu\/yhteystiedot\/#breadcrumb\"},\"inLanguage\":\"fi\",\"potentialAction\":[{\"@type\":\"ReadAction\",\"target\":[\"https:\/\/meripelastus.fi\/oulu\/yhteystiedot\/\"]}]},{\"@type\":\"BreadcrumbList\",\"@id\":\"https:\/\/meripelastus.fi\/oulu\/yhteystiedot\/#breadcrumb\",\"itemListElement\":[{\"@type\":\"ListItem\",\"position\":1,\"name\":\"Etusivu\",\"item\":\"https:\/\/meripelastus.fi\/oulu\/\"},{\"@type\":\"ListItem\",\"position\":2,\"name\":\"Yhteystiedot\"}]},{\"@type\":\"WebSite\",\"@id\":\"https:\/\/meripelastus.fi\/oulu\/#website\",\"url\":\"https:\/\/meripelastus.fi\/oulu\/\",\"name\":\"Oulun Meripelastajat\",\"description\":\"Vapaaehtoiset apunasi vesill\u00e4\",\"potentialAction\":[{\"@type\":\"SearchAction\",\"target\":{\"@type\":\"EntryPoint\",\"urlTemplate\":\"https:\/\/meripelastus.fi\/oulu\/?s={search_term_string}\"},\"query-input\":{\"@type\":\"PropertyValueSpecification\",\"valueRequired\":true,\"valueName\":\"search_term_string\"}}],\"inLanguage\":\"fi\"}]}<\/script>\n<!-- \/ Yoast SEO Premium plugin. -->","yoast_head_json":{"title":"Yhteystiedot - Oulun Meripelastajat","robots":{"index":"index","follow":"follow","max-snippet":"max-snippet:-1","max-image-preview":"max-image-preview:large","max-video-preview":"max-video-preview:-1"},"canonical":"https:\/\/meripelastus.fi\/oulu\/yhteystiedot\/","og_locale":"fi_FI","og_type":"article","og_title":"Yhteystiedot","og_description":"&nbsp; P\u00e4ivyst\u00e4v\u00e4 p\u00e4\u00e4llikk\u00f6\u00a00400659112 Yhteydenotot: oulunmeripelastajat@gmail.com Puheenjohtaja: pj.oulu@messi.meripelastus.fi &nbsp; &nbsp;","og_url":"https:\/\/meripelastus.fi\/oulu\/yhteystiedot\/","og_site_name":"Oulun Meripelastajat","article_modified_time":"2019-12-15T12:32:12+00:00","twitter_card":"summary_large_image","schema":{"@context":"https:\/\/schema.org","@graph":[{"@type":"WebPage","@id":"https:\/\/meripelastus.fi\/oulu\/yhteystiedot\/","url":"https:\/\/meripelastus.fi\/oulu\/yhteystiedot\/","name":"Yhteystiedot - Oulun Meripelastajat","isPartOf":{"@id":"https:\/\/meripelastus.fi\/oulu\/#website"},"datePublished":"2018-03-19T07:24:37+00:00","dateModified":"2019-12-15T12:32:12+00:00","breadcrumb":{"@id":"https:\/\/meripelastus.fi\/oulu\/yhteystiedot\/#breadcrumb"},"inLanguage":"fi","potentialAction":[{"@type":"ReadAction","target":["https:\/\/meripelastus.fi\/oulu\/yhteystiedot\/"]}]},{"@type":"BreadcrumbList","@id":"https:\/\/meripelastus.fi\/oulu\/yhteystiedot\/#breadcrumb","itemListElement":[{"@type":"ListItem","position":1,"name":"Etusivu","item":"https:\/\/meripelastus.fi\/oulu\/"},{"@type":"ListItem","position":2,"name":"Yhteystiedot"}]},{"@type":"WebSite","@id":"https:\/\/meripelastus.fi\/oulu\/#website","url":"https:\/\/meripelastus.fi\/oulu\/","name":"Oulun Meripelastajat","description":"Vapaaehtoiset apunasi vesill\u00e4","potentialAction":[{"@type":"SearchAction","target":{"@type":"EntryPoint","urlTemplate":"https:\/\/meripelastus.fi\/oulu\/?s={search_term_string}"},"query-input":{"@type":"PropertyValueSpecification","valueRequired":true,"valueName":"search_term_string"}}],"inLanguage":"fi"}]}},"_links":{"self":[{"href":"https:\/\/meripelastus.fi\/oulu\/wp-json\/wp\/v2\/pages\/51","targetHints":{"allow":["GET"]}}],"collection":[{"href":"https:\/\/meripelastus.fi\/oulu\/wp-json\/wp\/v2\/pages"}],"about":[{"href":"https:\/\/meripelastus.fi\/oulu\/wp-json\/wp\/v2\/types\/page"}],"author":[{"embeddable":true,"href":"https:\/\/meripelastus.fi\/oulu\/wp-json\/wp\/v2\/users\/1"}],"replies":[{"embeddable":true,"href":"https:\/\/meripelastus.fi\/oulu\/wp-json\/wp\/v2\/comments?post=51"}],"version-history":[{"count":5,"href":"https:\/\/meripelastus.fi\/oulu\/wp-json\/wp\/v2\/pages\/51\/revisions"}],"predecessor-version":[{"id":256,"href":"https:\/\/meripelastus.fi\/oulu\/wp-json\/wp\/v2\/pages\/51\/revisions\/256"}],"wp:attachment":[{"href":"https:\/\/meripelastus.fi\/oulu\/wp-json\/wp\/v2\/media?parent=51"}],"curies":[{"name":"wp","href":"https:\/\/api.w.org\/{rel}","templated":true}]}}