{"id":283,"date":"2020-01-27T22:54:35","date_gmt":"2020-01-27T20:54:35","guid":{"rendered":"https:\/\/meripelastus.fi\/oulu-vedos\/?page_id=283"},"modified":"2020-01-27T22:54:35","modified_gmt":"2020-01-27T20:54:35","slug":"koulutus","status":"publish","type":"page","link":"https:\/\/meripelastus.fi\/oulu\/koulutus\/","title":{"rendered":"Koulutus"},"content":{"rendered":"<div class=\"title\">\n<h2 id=\"page-title\" class=\"title\">Koulutus<\/h2>\n<\/div>\n<div class=\"region region-content\">\n<div id=\"block-system-main\" class=\"block-shadow block block-system first last odd\">\n<div class=\"separator\"><\/div>\n<div class=\"content\">\n<div id=\"node-14\" class=\"node node-page view-mode-full clearfix\">\n<div class=\"content\">\n<div class=\"field field-name-body field-type-text-with-summary field-label-hidden\">\n<div class=\"field-items\">\n<div class=\"field-item even\">\n<p><strong>Avovesikaudella j\u00e4rjest\u00e4mme harjoitusillat aluksillamme maanantaisin, keskiviikkoisin ja torstaisin.<\/strong><\/p>\n<p><strong>Kauden aikana harjoiteltavia asioita ovat mm.\u00a0\u00a0\u00a0<\/strong><\/p>\n<ol>\n<li>Veneiden tuntemus: aluksen merikelpoisuus, merisulkutila, l\u00e4ht\u00f6- ja paluutarkastukset, veneiden varusteet.<\/li>\n<li>Irrotus, kiinnitys: erilaiset kiinnitystilanteet, ty\u00f6njako, ty\u00f6turvallisuus.<\/li>\n<li>Pelastautumisv\u00e4lineet: pelastusliivit, paukkuliivit, pelastuspuvut ja\u00a0niiden k\u00e4ytt\u00f6 ja huolto, uinti pelastautumisv\u00e4lineiss\u00e4.<\/li>\n<li>Hinaus: vastuusitoumus, kylkihinaus, per\u00e4hinaus, hinausvahti, valmistelut, ty\u00f6turvallisuus.<\/li>\n<li>Merimiestaidot:\u00a0solmut, k\u00f6ydet ja heittoliina.<\/li>\n<li>Ensiapu ja potilaan kuljetus: potilaan siirto, paaripotilaan kuljetus, potilaan seuranta kuljetuksen aikana, tyhji\u00f6patja.<\/li>\n<li>Pelastaminen vedest\u00e4: vedest\u00e4 pelastaminen alukselle, turvalliset ty\u00f6tavat.<\/li>\n<li>Koulutusrasti-ilta: aiheena on harjoitella aktiivisesti puuttuvia rastiaiheita koulutuskortteihin sek\u00e4 ker\u00e4t\u00e4 osaa-rasteja.<\/li>\n<li>Alkusammutus\u00a0ja oman aluksen palontorjunta: palontorjuntasuunnitelma, riskit, alkusammutus aluksella.<\/li>\n<li>Palonsammutus: palonsammutuksen teoriaa, sammutuskalusto, selvitykset, sammutuspari.<\/li>\n<li>Mies meress\u00e4 -tilanne: pintapelastajan\u00a0varusteet, vedest\u00e4 nostot, ty\u00f6turvallisuus.<\/li>\n<li>Viestiliikenne:\u00a0radiolaitteiden k\u00e4ytt\u00f6, h\u00e4t\u00e4liikenne.<\/li>\n<li>Vesiteiden s\u00e4\u00e4nn\u00f6t ja karttaty\u00f6skentely: merikartat, merimerkit ja muut turvalaitteet, karttamerkinn\u00e4t, karttaharjoituksia, toiminta merimerkkien\u00a0puuttuessa tai niiden ollessa viallisia, alusten kulkuvalot, p\u00e4iv\u00e4- ja \u00e4\u00e4nimerkit, v\u00e4ist\u00e4miss\u00e4\u00e4nt\u00f6jen perusteet.<\/li>\n<li>Karilta irrotus:\u00a0avustettavan irrotus, takertuneen aluksen irrotus, k\u00f6ysien kiinnitykset, ty\u00f6turvallisuus.<\/li>\n<li>Vauriontorjunta: vuotavien ja uponneiden alusten avustaminen, tyhjennysv\u00e4lineet, tukkeamisv\u00e4lineet.<\/li>\n<li>Koulutusrasti-ilta: aiheena on harjoitella aktiivisesti puuttuvia rastiaiheita koulutuskortteihin sek\u00e4 ker\u00e4t\u00e4 osaa-rasteja<\/li>\n<li>Etsinn\u00e4n suunnittelu ja toteutus, t\u00e4hystys: t\u00e4hystys valoisan ja pime\u00e4n aikana. H\u00e4t\u00e4merkit. Osaamisen yll\u00e4pitoharjoitus p\u00e4\u00e4llyst\u00f6lle.<\/li>\n<li>Ymp\u00e4rist\u00f6nsuojelu: omaan toimintaan liittyv\u00e4 ymp\u00e4rist\u00f6nsuojelu ja ymp\u00e4rist\u00f6vahinkojen torjunta.<\/li>\n<li>EA-harjoitusilta: ensiapuosaamisen yll\u00e4pit\u00e4minen.<\/li>\n<li>Pime\u00e4toiminta: soveltavia harjoituksia kes\u00e4n aikana harjoitelluista aiheista pime\u00e4ll\u00e4.<\/li>\n<\/ol>\n<\/div>\n<\/div>\n<\/div>\n<\/div>\n<\/div>\n<\/div>\n<\/div>\n<\/div>\n","protected":false},"excerpt":{"rendered":"<p>Koulutus Avovesikaudella j\u00e4rjest\u00e4mme harjoitusillat aluksillamme maanantaisin, keskiviikkoisin ja torstaisin. Kauden aikana harjoiteltavia asioita ovat mm.\u00a0\u00a0\u00a0 Veneiden tuntemus: aluksen merikelpoisuus, merisulkutila, l\u00e4ht\u00f6- ja paluutarkastukset, veneiden varusteet. Irrotus, kiinnitys: erilaiset kiinnitystilanteet, ty\u00f6njako, ty\u00f6turvallisuus. Pelastautumisv\u00e4lineet: pelastusliivit, paukkuliivit, pelastuspuvut ja\u00a0niiden k\u00e4ytt\u00f6 ja huolto, uinti pelastautumisv\u00e4lineiss\u00e4. Hinaus: vastuusitoumus, kylkihinaus, per\u00e4hinaus, hinausvahti, valmistelut, ty\u00f6turvallisuus. Merimiestaidot:\u00a0solmut, k\u00f6ydet ja heittoliina. Ensiapu ja potilaan [&hellip;]<\/p>\n","protected":false},"author":57,"featured_media":0,"parent":0,"menu_order":0,"comment_status":"closed","ping_status":"closed","template":"","meta":{"_acf_changed":false,"inline_featured_image":false,"footnotes":""},"class_list":["post-283","page","type-page","status-publish","hentry"],"acf":[],"yoast_head":"<!-- This site is optimized with the Yoast SEO Premium plugin v27.2 (Yoast SEO v27.2) - https:\/\/yoast.com\/product\/yoast-seo-premium-wordpress\/ -->\n<title>Koulutus - Oulun Meripelastajat<\/title>\n<meta name=\"robots\" content=\"index, follow, max-snippet:-1, max-image-preview:large, max-video-preview:-1\" \/>\n<link rel=\"canonical\" href=\"https:\/\/meripelastus.fi\/oulu\/koulutus\/\" \/>\n<meta property=\"og:locale\" content=\"fi_FI\" \/>\n<meta property=\"og:type\" content=\"article\" \/>\n<meta property=\"og:title\" content=\"Koulutus\" \/>\n<meta property=\"og:description\" content=\"Koulutus Avovesikaudella j\u00e4rjest\u00e4mme harjoitusillat aluksillamme maanantaisin, keskiviikkoisin ja torstaisin. Kauden aikana harjoiteltavia asioita ovat mm.\u00a0\u00a0\u00a0 Veneiden tuntemus: aluksen merikelpoisuus, merisulkutila, l\u00e4ht\u00f6- ja paluutarkastukset, veneiden varusteet. Irrotus, kiinnitys: erilaiset kiinnitystilanteet, ty\u00f6njako, ty\u00f6turvallisuus. Pelastautumisv\u00e4lineet: pelastusliivit, paukkuliivit, pelastuspuvut ja\u00a0niiden k\u00e4ytt\u00f6 ja huolto, uinti pelastautumisv\u00e4lineiss\u00e4. Hinaus: vastuusitoumus, kylkihinaus, per\u00e4hinaus, hinausvahti, valmistelut, ty\u00f6turvallisuus. Merimiestaidot:\u00a0solmut, k\u00f6ydet ja heittoliina. Ensiapu ja potilaan [&hellip;]\" \/>\n<meta property=\"og:url\" content=\"https:\/\/meripelastus.fi\/oulu\/koulutus\/\" \/>\n<meta property=\"og:site_name\" content=\"Oulun Meripelastajat\" \/>\n<meta name=\"twitter:card\" content=\"summary_large_image\" \/>\n<meta name=\"twitter:label1\" content=\"Arvioitu lukuaika\" \/>\n\t<meta name=\"twitter:data1\" content=\"1 minuutti\" \/>\n<script type=\"application\/ld+json\" class=\"yoast-schema-graph\">{\"@context\":\"https:\/\/schema.org\",\"@graph\":[{\"@type\":\"WebPage\",\"@id\":\"https:\/\/meripelastus.fi\/oulu\/koulutus\/\",\"url\":\"https:\/\/meripelastus.fi\/oulu\/koulutus\/\",\"name\":\"Koulutus - Oulun Meripelastajat\",\"isPartOf\":{\"@id\":\"https:\/\/meripelastus.fi\/oulu\/#website\"},\"datePublished\":\"2020-01-27T20:54:35+00:00\",\"breadcrumb\":{\"@id\":\"https:\/\/meripelastus.fi\/oulu\/koulutus\/#breadcrumb\"},\"inLanguage\":\"fi\",\"potentialAction\":[{\"@type\":\"ReadAction\",\"target\":[\"https:\/\/meripelastus.fi\/oulu\/koulutus\/\"]}]},{\"@type\":\"BreadcrumbList\",\"@id\":\"https:\/\/meripelastus.fi\/oulu\/koulutus\/#breadcrumb\",\"itemListElement\":[{\"@type\":\"ListItem\",\"position\":1,\"name\":\"Etusivu\",\"item\":\"https:\/\/meripelastus.fi\/oulu\/\"},{\"@type\":\"ListItem\",\"position\":2,\"name\":\"Koulutus\"}]},{\"@type\":\"WebSite\",\"@id\":\"https:\/\/meripelastus.fi\/oulu\/#website\",\"url\":\"https:\/\/meripelastus.fi\/oulu\/\",\"name\":\"Oulun Meripelastajat\",\"description\":\"Vapaaehtoiset apunasi vesill\u00e4\",\"potentialAction\":[{\"@type\":\"SearchAction\",\"target\":{\"@type\":\"EntryPoint\",\"urlTemplate\":\"https:\/\/meripelastus.fi\/oulu\/?s={search_term_string}\"},\"query-input\":{\"@type\":\"PropertyValueSpecification\",\"valueRequired\":true,\"valueName\":\"search_term_string\"}}],\"inLanguage\":\"fi\"}]}<\/script>\n<!-- \/ Yoast SEO Premium plugin. -->","yoast_head_json":{"title":"Koulutus - Oulun Meripelastajat","robots":{"index":"index","follow":"follow","max-snippet":"max-snippet:-1","max-image-preview":"max-image-preview:large","max-video-preview":"max-video-preview:-1"},"canonical":"https:\/\/meripelastus.fi\/oulu\/koulutus\/","og_locale":"fi_FI","og_type":"article","og_title":"Koulutus","og_description":"Koulutus Avovesikaudella j\u00e4rjest\u00e4mme harjoitusillat aluksillamme maanantaisin, keskiviikkoisin ja torstaisin. Kauden aikana harjoiteltavia asioita ovat mm.\u00a0\u00a0\u00a0 Veneiden tuntemus: aluksen merikelpoisuus, merisulkutila, l\u00e4ht\u00f6- ja paluutarkastukset, veneiden varusteet. Irrotus, kiinnitys: erilaiset kiinnitystilanteet, ty\u00f6njako, ty\u00f6turvallisuus. Pelastautumisv\u00e4lineet: pelastusliivit, paukkuliivit, pelastuspuvut ja\u00a0niiden k\u00e4ytt\u00f6 ja huolto, uinti pelastautumisv\u00e4lineiss\u00e4. Hinaus: vastuusitoumus, kylkihinaus, per\u00e4hinaus, hinausvahti, valmistelut, ty\u00f6turvallisuus. Merimiestaidot:\u00a0solmut, k\u00f6ydet ja heittoliina. Ensiapu ja potilaan [&hellip;]","og_url":"https:\/\/meripelastus.fi\/oulu\/koulutus\/","og_site_name":"Oulun Meripelastajat","twitter_card":"summary_large_image","twitter_misc":{"Arvioitu lukuaika":"1 minuutti"},"schema":{"@context":"https:\/\/schema.org","@graph":[{"@type":"WebPage","@id":"https:\/\/meripelastus.fi\/oulu\/koulutus\/","url":"https:\/\/meripelastus.fi\/oulu\/koulutus\/","name":"Koulutus - Oulun Meripelastajat","isPartOf":{"@id":"https:\/\/meripelastus.fi\/oulu\/#website"},"datePublished":"2020-01-27T20:54:35+00:00","breadcrumb":{"@id":"https:\/\/meripelastus.fi\/oulu\/koulutus\/#breadcrumb"},"inLanguage":"fi","potentialAction":[{"@type":"ReadAction","target":["https:\/\/meripelastus.fi\/oulu\/koulutus\/"]}]},{"@type":"BreadcrumbList","@id":"https:\/\/meripelastus.fi\/oulu\/koulutus\/#breadcrumb","itemListElement":[{"@type":"ListItem","position":1,"name":"Etusivu","item":"https:\/\/meripelastus.fi\/oulu\/"},{"@type":"ListItem","position":2,"name":"Koulutus"}]},{"@type":"WebSite","@id":"https:\/\/meripelastus.fi\/oulu\/#website","url":"https:\/\/meripelastus.fi\/oulu\/","name":"Oulun Meripelastajat","description":"Vapaaehtoiset apunasi vesill\u00e4","potentialAction":[{"@type":"SearchAction","target":{"@type":"EntryPoint","urlTemplate":"https:\/\/meripelastus.fi\/oulu\/?s={search_term_string}"},"query-input":{"@type":"PropertyValueSpecification","valueRequired":true,"valueName":"search_term_string"}}],"inLanguage":"fi"}]}},"_links":{"self":[{"href":"https:\/\/meripelastus.fi\/oulu\/wp-json\/wp\/v2\/pages\/283","targetHints":{"allow":["GET"]}}],"collection":[{"href":"https:\/\/meripelastus.fi\/oulu\/wp-json\/wp\/v2\/pages"}],"about":[{"href":"https:\/\/meripelastus.fi\/oulu\/wp-json\/wp\/v2\/types\/page"}],"author":[{"embeddable":true,"href":"https:\/\/meripelastus.fi\/oulu\/wp-json\/wp\/v2\/users\/57"}],"replies":[{"embeddable":true,"href":"https:\/\/meripelastus.fi\/oulu\/wp-json\/wp\/v2\/comments?post=283"}],"version-history":[{"count":1,"href":"https:\/\/meripelastus.fi\/oulu\/wp-json\/wp\/v2\/pages\/283\/revisions"}],"predecessor-version":[{"id":284,"href":"https:\/\/meripelastus.fi\/oulu\/wp-json\/wp\/v2\/pages\/283\/revisions\/284"}],"wp:attachment":[{"href":"https:\/\/meripelastus.fi\/oulu\/wp-json\/wp\/v2\/media?parent=283"}],"curies":[{"name":"wp","href":"https:\/\/api.w.org\/{rel}","templated":true}]}}