{"id":263,"date":"2020-01-02T16:26:10","date_gmt":"2020-01-02T14:26:10","guid":{"rendered":"https:\/\/meripelastus.fi\/oulu-vedos\/?page_id=263"},"modified":"2021-04-27T21:09:13","modified_gmt":"2021-04-27T18:09:13","slug":"yhteisojasen","status":"publish","type":"page","link":"https:\/\/meripelastus.fi\/oulu\/yhteisojasen\/","title":{"rendered":"Liity yhteis\u00f6j\u00e4seneksi"},"content":{"rendered":"<p>Yhteis\u00f6j\u00e4senyys vain 250 \u20ac vuodessa !<\/p>\n<p>Yhteis\u00f6j\u00e4senyys on tarkoitettu yrityksille, venekerhoille ja veneily-yhdistyksille, jotka haluavat olla mukana mahdollistamassa vapaaehtoista meripelastusta Oulussa.<\/p>\n<p><span>(Toistaiseksi voimassaoleva sopimus. Laskutus kerran vuodessa)<\/span><\/p>\n\n<div class=\"wpcf7 no-js\" id=\"wpcf7-f262-o1\" lang=\"fi\" dir=\"ltr\" data-wpcf7-id=\"262\">\n<div class=\"screen-reader-response\"><p role=\"status\" aria-live=\"polite\" aria-atomic=\"true\"><\/p> <ul><\/ul><\/div>\n<form action=\"\/oulu\/wp-json\/wp\/v2\/pages\/263#wpcf7-f262-o1\" method=\"post\" class=\"wpcf7-form init\" aria-label=\"Yhteydenottolomake\" novalidate=\"novalidate\" data-status=\"init\">\n<fieldset class=\"hidden-fields-container\"><input type=\"hidden\" name=\"_wpcf7\" value=\"262\" \/><input type=\"hidden\" name=\"_wpcf7_version\" value=\"6.1.5\" \/><input type=\"hidden\" name=\"_wpcf7_locale\" value=\"fi\" \/><input type=\"hidden\" name=\"_wpcf7_unit_tag\" value=\"wpcf7-f262-o1\" \/><input type=\"hidden\" name=\"_wpcf7_container_post\" value=\"0\" \/><input type=\"hidden\" name=\"_wpcf7_posted_data_hash\" value=\"\" \/><input type=\"hidden\" name=\"_wpcf7_recaptcha_response\" value=\"\" \/>\n<\/fieldset>\n<div class=\"form-group\">\n\t<p><label for=\" company-name\" class=\"control-label\">Yritys\/Yhteis\u00f6<\/label><br \/>\n<span class=\"wpcf7-form-control-wrap\" data-name=\"company-name\"><input size=\"40\" maxlength=\"400\" class=\"wpcf7-form-control wpcf7-text wpcf7-validates-as-required form-control\" aria-required=\"true\" aria-invalid=\"false\" value=\"\" type=\"text\" name=\"company-name\" \/><\/span>\n\t<\/p>\n<\/div>\n<div class=\"form-group\">\n\t<p><label for=\" person-name\" class=\"control-label\">Yhteyshenkil\u00f6n nimi<\/label><br \/>\n<span class=\"wpcf7-form-control-wrap\" data-name=\"person-name\"><input size=\"40\" maxlength=\"400\" class=\"wpcf7-form-control wpcf7-text wpcf7-validates-as-required form-control\" aria-required=\"true\" aria-invalid=\"false\" value=\"\" type=\"text\" name=\"person-name\" \/><\/span>\n\t<\/p>\n<\/div>\n<div class=\"form-group\">\n\t<p><label for=\"company-number\" class=\"control-label\">Y-tunnus<\/label><br \/>\n<span class=\"wpcf7-form-control-wrap\" data-name=\"company-number\"><input size=\"40\" maxlength=\"400\" class=\"wpcf7-form-control wpcf7-text wpcf7-validates-as-required form-control\" aria-required=\"true\" aria-invalid=\"false\" value=\"\" type=\"text\" name=\"company-number\" \/><\/span>\n\t<\/p>\n<\/div>\n<div class=\"form-group\">\n\t<p><label for=\"street-address\" class=\"control-label\"> Katuosoite<\/label><br \/>\n<span class=\"wpcf7-form-control-wrap\" data-name=\"street-address\"><input size=\"40\" maxlength=\"400\" class=\"wpcf7-form-control wpcf7-text wpcf7-validates-as-required form-control\" aria-required=\"true\" aria-invalid=\"false\" value=\"\" type=\"text\" name=\"street-address\" \/><\/span>\n\t<\/p>\n<\/div>\n<div class=\"form-group\">\n\t<p><label for=\"post-code\" class=\"control-label\"> Postinumero ja -toimipaikka<\/label><br \/>\n<span class=\"wpcf7-form-control-wrap\" data-name=\"post-code\"><input size=\"40\" maxlength=\"400\" class=\"wpcf7-form-control wpcf7-text wpcf7-validates-as-required form-control\" aria-required=\"true\" aria-invalid=\"false\" value=\"\" type=\"text\" name=\"post-code\" \/><\/span>\n\t<\/p>\n<\/div>\n<div class=\"form-group\">\n\t<p><label for=\"tel-520\" class=\"control-label\"> Puhelinnumero<\/label><br \/>\n<span class=\"wpcf7-form-control-wrap\" data-name=\"tel-520\"><input size=\"40\" maxlength=\"400\" class=\"wpcf7-form-control wpcf7-tel wpcf7-text wpcf7-validates-as-tel form-control\" aria-invalid=\"false\" value=\"\" type=\"tel\" name=\"tel-520\" \/><\/span>\n\t<\/p>\n<\/div>\n<div class=\"form-group\">\n\t<p><label for=\"your-email\" class=\"control-label\"> S\u00e4hk\u00f6postiosoite<\/label><br \/>\n<span class=\"wpcf7-form-control-wrap\" data-name=\"your-email\"><input size=\"40\" maxlength=\"400\" class=\"wpcf7-form-control wpcf7-email wpcf7-validates-as-required wpcf7-text wpcf7-validates-as-email form-control\" aria-required=\"true\" aria-invalid=\"false\" value=\"\" type=\"email\" name=\"your-email\" \/><\/span>\n\t<\/p>\n<\/div>\n<p><input class=\"wpcf7-form-control wpcf7-submit has-spinner btn-block btn btn-primary btn-lg\" type=\"submit\" value=\"L\u00e4het\u00e4\" \/>\n<\/p><div class=\"wpcf7-response-output\" aria-hidden=\"true\"><\/div>\n<\/form>\n<\/div>\n\n","protected":false},"excerpt":{"rendered":"<p>Yhteis\u00f6j\u00e4senyys vain 250 \u20ac vuodessa ! Yhteis\u00f6j\u00e4senyys on tarkoitettu yrityksille, venekerhoille ja veneily-yhdistyksille, jotka haluavat olla mukana mahdollistamassa vapaaehtoista meripelastusta Oulussa. (Toistaiseksi voimassaoleva sopimus. Laskutus kerran vuodessa)<\/p>\n","protected":false},"author":1,"featured_media":0,"parent":0,"menu_order":0,"comment_status":"closed","ping_status":"closed","template":"","meta":{"_acf_changed":false,"inline_featured_image":false,"footnotes":""},"class_list":["post-263","page","type-page","status-publish","hentry"],"acf":[],"yoast_head":"<!-- This site is optimized with the Yoast SEO Premium plugin v27.4 (Yoast SEO v27.4) - https:\/\/yoast.com\/product\/yoast-seo-premium-wordpress\/ -->\n<title>Liity yhteis\u00f6j\u00e4seneksi - Oulun Meripelastajat<\/title>\n<meta name=\"robots\" content=\"index, follow, max-snippet:-1, max-image-preview:large, max-video-preview:-1\" \/>\n<link rel=\"canonical\" href=\"https:\/\/meripelastus.fi\/oulu\/yhteisojasen\/\" \/>\n<meta property=\"og:locale\" content=\"fi_FI\" \/>\n<meta property=\"og:type\" content=\"article\" \/>\n<meta property=\"og:title\" content=\"Liity yhteis\u00f6j\u00e4seneksi\" \/>\n<meta property=\"og:description\" content=\"Yhteis\u00f6j\u00e4senyys vain 250 \u20ac vuodessa ! Yhteis\u00f6j\u00e4senyys on tarkoitettu yrityksille, venekerhoille ja veneily-yhdistyksille, jotka haluavat olla mukana mahdollistamassa vapaaehtoista meripelastusta Oulussa. (Toistaiseksi voimassaoleva sopimus. Laskutus kerran vuodessa)\" \/>\n<meta property=\"og:url\" content=\"https:\/\/meripelastus.fi\/oulu\/yhteisojasen\/\" \/>\n<meta property=\"og:site_name\" content=\"Oulun Meripelastajat\" \/>\n<meta property=\"article:modified_time\" content=\"2021-04-27T18:09:13+00:00\" \/>\n<meta name=\"twitter:card\" content=\"summary_large_image\" \/>\n<meta name=\"twitter:label1\" content=\"Arvioitu lukuaika\" \/>\n\t<meta name=\"twitter:data1\" content=\"1 minuutti\" \/>\n<script type=\"application\/ld+json\" class=\"yoast-schema-graph\">{\"@context\":\"https:\\\/\\\/schema.org\",\"@graph\":[{\"@type\":\"WebPage\",\"@id\":\"https:\\\/\\\/meripelastus.fi\\\/oulu\\\/yhteisojasen\\\/\",\"url\":\"https:\\\/\\\/meripelastus.fi\\\/oulu\\\/yhteisojasen\\\/\",\"name\":\"Liity yhteis\u00f6j\u00e4seneksi - Oulun Meripelastajat\",\"isPartOf\":{\"@id\":\"https:\\\/\\\/meripelastus.fi\\\/oulu\\\/#website\"},\"datePublished\":\"2020-01-02T14:26:10+00:00\",\"dateModified\":\"2021-04-27T18:09:13+00:00\",\"breadcrumb\":{\"@id\":\"https:\\\/\\\/meripelastus.fi\\\/oulu\\\/yhteisojasen\\\/#breadcrumb\"},\"inLanguage\":\"fi\",\"potentialAction\":[{\"@type\":\"ReadAction\",\"target\":[\"https:\\\/\\\/meripelastus.fi\\\/oulu\\\/yhteisojasen\\\/\"]}]},{\"@type\":\"BreadcrumbList\",\"@id\":\"https:\\\/\\\/meripelastus.fi\\\/oulu\\\/yhteisojasen\\\/#breadcrumb\",\"itemListElement\":[{\"@type\":\"ListItem\",\"position\":1,\"name\":\"Etusivu\",\"item\":\"https:\\\/\\\/meripelastus.fi\\\/oulu\\\/\"},{\"@type\":\"ListItem\",\"position\":2,\"name\":\"Liity yhteis\u00f6j\u00e4seneksi\"}]},{\"@type\":\"WebSite\",\"@id\":\"https:\\\/\\\/meripelastus.fi\\\/oulu\\\/#website\",\"url\":\"https:\\\/\\\/meripelastus.fi\\\/oulu\\\/\",\"name\":\"Oulun Meripelastajat\",\"description\":\"Vapaaehtoiset apunasi vesill\u00e4\",\"potentialAction\":[{\"@type\":\"SearchAction\",\"target\":{\"@type\":\"EntryPoint\",\"urlTemplate\":\"https:\\\/\\\/meripelastus.fi\\\/oulu\\\/?s={search_term_string}\"},\"query-input\":{\"@type\":\"PropertyValueSpecification\",\"valueRequired\":true,\"valueName\":\"search_term_string\"}}],\"inLanguage\":\"fi\"}]}<\/script>\n<!-- \/ Yoast SEO Premium plugin. -->","yoast_head_json":{"title":"Liity yhteis\u00f6j\u00e4seneksi - Oulun Meripelastajat","robots":{"index":"index","follow":"follow","max-snippet":"max-snippet:-1","max-image-preview":"max-image-preview:large","max-video-preview":"max-video-preview:-1"},"canonical":"https:\/\/meripelastus.fi\/oulu\/yhteisojasen\/","og_locale":"fi_FI","og_type":"article","og_title":"Liity yhteis\u00f6j\u00e4seneksi","og_description":"Yhteis\u00f6j\u00e4senyys vain 250 \u20ac vuodessa ! Yhteis\u00f6j\u00e4senyys on tarkoitettu yrityksille, venekerhoille ja veneily-yhdistyksille, jotka haluavat olla mukana mahdollistamassa vapaaehtoista meripelastusta Oulussa. (Toistaiseksi voimassaoleva sopimus. Laskutus kerran vuodessa)","og_url":"https:\/\/meripelastus.fi\/oulu\/yhteisojasen\/","og_site_name":"Oulun Meripelastajat","article_modified_time":"2021-04-27T18:09:13+00:00","twitter_card":"summary_large_image","twitter_misc":{"Arvioitu lukuaika":"1 minuutti"},"schema":{"@context":"https:\/\/schema.org","@graph":[{"@type":"WebPage","@id":"https:\/\/meripelastus.fi\/oulu\/yhteisojasen\/","url":"https:\/\/meripelastus.fi\/oulu\/yhteisojasen\/","name":"Liity yhteis\u00f6j\u00e4seneksi - Oulun Meripelastajat","isPartOf":{"@id":"https:\/\/meripelastus.fi\/oulu\/#website"},"datePublished":"2020-01-02T14:26:10+00:00","dateModified":"2021-04-27T18:09:13+00:00","breadcrumb":{"@id":"https:\/\/meripelastus.fi\/oulu\/yhteisojasen\/#breadcrumb"},"inLanguage":"fi","potentialAction":[{"@type":"ReadAction","target":["https:\/\/meripelastus.fi\/oulu\/yhteisojasen\/"]}]},{"@type":"BreadcrumbList","@id":"https:\/\/meripelastus.fi\/oulu\/yhteisojasen\/#breadcrumb","itemListElement":[{"@type":"ListItem","position":1,"name":"Etusivu","item":"https:\/\/meripelastus.fi\/oulu\/"},{"@type":"ListItem","position":2,"name":"Liity yhteis\u00f6j\u00e4seneksi"}]},{"@type":"WebSite","@id":"https:\/\/meripelastus.fi\/oulu\/#website","url":"https:\/\/meripelastus.fi\/oulu\/","name":"Oulun Meripelastajat","description":"Vapaaehtoiset apunasi vesill\u00e4","potentialAction":[{"@type":"SearchAction","target":{"@type":"EntryPoint","urlTemplate":"https:\/\/meripelastus.fi\/oulu\/?s={search_term_string}"},"query-input":{"@type":"PropertyValueSpecification","valueRequired":true,"valueName":"search_term_string"}}],"inLanguage":"fi"}]}},"_links":{"self":[{"href":"https:\/\/meripelastus.fi\/oulu\/wp-json\/wp\/v2\/pages\/263","targetHints":{"allow":["GET"]}}],"collection":[{"href":"https:\/\/meripelastus.fi\/oulu\/wp-json\/wp\/v2\/pages"}],"about":[{"href":"https:\/\/meripelastus.fi\/oulu\/wp-json\/wp\/v2\/types\/page"}],"author":[{"embeddable":true,"href":"https:\/\/meripelastus.fi\/oulu\/wp-json\/wp\/v2\/users\/1"}],"replies":[{"embeddable":true,"href":"https:\/\/meripelastus.fi\/oulu\/wp-json\/wp\/v2\/comments?post=263"}],"version-history":[{"count":6,"href":"https:\/\/meripelastus.fi\/oulu\/wp-json\/wp\/v2\/pages\/263\/revisions"}],"predecessor-version":[{"id":355,"href":"https:\/\/meripelastus.fi\/oulu\/wp-json\/wp\/v2\/pages\/263\/revisions\/355"}],"wp:attachment":[{"href":"https:\/\/meripelastus.fi\/oulu\/wp-json\/wp\/v2\/media?parent=263"}],"curies":[{"name":"wp","href":"https:\/\/api.w.org\/{rel}","templated":true}]}}