{"id":190,"date":"2019-12-09T13:05:17","date_gmt":"2019-12-09T11:05:17","guid":{"rendered":"https:\/\/meripelastus.fi\/oulu-vedos\/?page_id=190"},"modified":"2024-12-13T10:38:45","modified_gmt":"2024-12-13T08:38:45","slug":"tukijat","status":"publish","type":"page","link":"https:\/\/meripelastus.fi\/oulu\/oulun-meripelastajat\/tukijat\/","title":{"rendered":"Auta meit\u00e4 auttamaan!"},"content":{"rendered":"<div>Vaikka vapaaehtoiset meripelastajat tekev\u00e4t ty\u00f6t\u00e4\u00e4n ilman mit\u00e4\u00e4n rahallista korvausta, vaatii pelastusalusten ja -varusteiden hankinta ja yll\u00e4pito sek\u00e4 miehist\u00f6n koulutus jatkuvaa rahoitusta. Yksityisten ihmisten ja yhteis\u00f6jen tuki on t\u00e4rke\u00e4\u00e4 toimintamme jatkumiselle.<\/div>\n<div>Lahjoittamalla voit auttaa pit\u00e4m\u00e4\u00e4n meripelastajat vesill\u00e4!<\/div>\n<div>\u00a0<\/div>\n<div>SMPS Oulun Meripelastajat ry (1544839-3)<\/div>\n<div>FI86 8000 1101 3302 32 (DABAFIHH)<\/div>\n<div>\u00a0<\/div>\n<div>Rahanker\u00e4ysluvan numero RA\/2021\/143<\/div>\n<div>\u00a0\u00a0<\/div>\n<div>Kiitos tuestasi!<\/div>\n<div>SMPS Oulun Meripelastajat ry<\/div>\n<p>\u00a0<\/p>\n<h1 style=\"text-align: left\"><strong>Toimintaamme tukevat<\/strong><\/h1>\n<p><a href=\"https:\/\/www.lahitapiola.fi\/\" target=\"_blank\" rel=\"noopener noreferrer\"><img loading=\"lazy\" decoding=\"async\" class=\"alignnone wp-image-245 size-medium\" src=\"https:\/\/meripelastus.fi\/oulu-vedos\/wp-content\/uploads\/sites\/26\/2019\/12\/Lahitapiola_logoltfi-300x80.png\" alt=\"\" width=\"300\" height=\"80\" srcset=\"https:\/\/meripelastus.fi\/oulu\/wp-content\/uploads\/sites\/26\/2019\/12\/Lahitapiola_logoltfi-300x80.png 300w, https:\/\/meripelastus.fi\/oulu\/wp-content\/uploads\/sites\/26\/2019\/12\/Lahitapiola_logoltfi-768x205.png 768w, https:\/\/meripelastus.fi\/oulu\/wp-content\/uploads\/sites\/26\/2019\/12\/Lahitapiola_logoltfi.png 886w\" sizes=\"auto, (max-width: 300px) 100vw, 300px\" \/><\/a><\/p>\n<p><img loading=\"lazy\" decoding=\"async\" class=\"alignleft size-full wp-image-329\" src=\"https:\/\/meripelastus.fi\/oulu\/wp-content\/uploads\/sites\/26\/2020\/10\/Konttivuokraus.png\" alt=\"\" width=\"203\" height=\"96\" \/><\/p>\n<p>\u00a0<\/p>\n<p>\u00a0<\/p>\n<p>\u00a0<\/p>\n<p><img loading=\"lazy\" decoding=\"async\" class=\"alignleft size-medium wp-image-334\" src=\"https:\/\/meripelastus.fi\/oulu\/wp-content\/uploads\/sites\/26\/2020\/10\/herman-300x118.png\" alt=\"\" width=\"300\" height=\"118\" srcset=\"https:\/\/meripelastus.fi\/oulu\/wp-content\/uploads\/sites\/26\/2020\/10\/herman-300x118.png 300w, https:\/\/meripelastus.fi\/oulu\/wp-content\/uploads\/sites\/26\/2020\/10\/herman.png 440w\" sizes=\"auto, (max-width: 300px) 100vw, 300px\" \/><\/p>\n<p>\u00a0<\/p>\n<p>\u00a0<\/p>\n<p>\u00a0<\/p>\n<p><a href=\"http:\/\/www.oat.fi\/\" target=\"_blank\" rel=\"noopener noreferrer\"><img loading=\"lazy\" decoding=\"async\" class=\"alignnone wp-image-249 size-full\" src=\"https:\/\/meripelastus.fi\/oulu-vedos\/wp-content\/uploads\/sites\/26\/2019\/12\/OAT-1.jpg\" alt=\"\" width=\"269\" height=\"96\" \/><\/a><\/p>\n<p><a href=\"https:\/\/dci.fi\/\" target=\"_blank\" rel=\"noopener noreferrer\"><img loading=\"lazy\" decoding=\"async\" class=\"wp-image-235 size-full alignleft\" src=\"https:\/\/meripelastus.fi\/oulu-vedos\/wp-content\/uploads\/sites\/26\/2019\/12\/DCI-Logo-new_150x150.jpg\" alt=\"\" width=\"150\" height=\"150\" \/><\/a><\/p>\n<p>\u00a0<\/p>\n<p>\u00a0<\/p>\n<p>\u00a0<\/p>\n<p>\u00a0<\/p>\n<p><a href=\"https:\/\/juniper.net\" target=\"_blank\" rel=\"noopener noreferrer\"><img loading=\"lazy\" decoding=\"async\" class=\"alignnone wp-image-237 size-full\" style=\"font-size: 1.1rem\" src=\"https:\/\/meripelastus.fi\/oulu-vedos\/wp-content\/uploads\/sites\/26\/2019\/12\/juniper.jpg\" alt=\"\" width=\"199\" height=\"74\" \/><\/a><\/p>\n<p><a href=\"https:\/\/www.kourutek.fi\/\" target=\"_blank\" rel=\"noopener noreferrer\"><img loading=\"lazy\" decoding=\"async\" class=\"alignnone wp-image-239 size-full\" src=\"https:\/\/meripelastus.fi\/oulu-vedos\/wp-content\/uploads\/sites\/26\/2019\/12\/Kourutek.jpg\" alt=\"\" width=\"180\" height=\"45\" \/><\/a><\/p>\n<p><a href=\"http:\/\/haukiputaankaluste.fi\/\" target=\"_blank\" rel=\"noopener noreferrer\"><img loading=\"lazy\" decoding=\"async\" class=\"alignnone wp-image-305 size-full\" src=\"https:\/\/meripelastus.fi\/oulu\/wp-content\/uploads\/sites\/26\/2020\/03\/Haukiputaan_kaluste.png\" alt=\"\" width=\"300\" height=\"154\" \/><\/a><\/p>\n<p><a href=\"https:\/\/www.karttaselain.fi\" target=\"_blank\" rel=\"noopener noreferrer\"><img loading=\"lazy\" decoding=\"async\" class=\"alignnone wp-image-240 size-medium\" src=\"https:\/\/meripelastus.fi\/oulu-vedos\/wp-content\/uploads\/sites\/26\/2019\/12\/Logo-with-name-300x94.png\" alt=\"\" width=\"300\" height=\"94\" srcset=\"https:\/\/meripelastus.fi\/oulu\/wp-content\/uploads\/sites\/26\/2019\/12\/Logo-with-name-300x94.png 300w, https:\/\/meripelastus.fi\/oulu\/wp-content\/uploads\/sites\/26\/2019\/12\/Logo-with-name.png 420w\" sizes=\"auto, (max-width: 300px) 100vw, 300px\" \/><\/a><\/p>\n<p><a href=\"https:\/\/www.valostore.fi\/\" target=\"_blank\" rel=\"noopener noreferrer\"><img loading=\"lazy\" decoding=\"async\" class=\"alignnone wp-image-242 size-medium\" src=\"https:\/\/meripelastus.fi\/oulu-vedos\/wp-content\/uploads\/sites\/26\/2019\/12\/valostore_logo-300x62.jpg\" alt=\"\" width=\"300\" height=\"62\" srcset=\"https:\/\/meripelastus.fi\/oulu\/wp-content\/uploads\/sites\/26\/2019\/12\/valostore_logo-300x62.jpg 300w, https:\/\/meripelastus.fi\/oulu\/wp-content\/uploads\/sites\/26\/2019\/12\/valostore_logo.jpg 710w\" sizes=\"auto, (max-width: 300px) 100vw, 300px\" \/><\/a><\/p>\n<p><a href=\"http:\/\/www.videcam.com\/\" target=\"_blank\" rel=\"noopener noreferrer\"><img loading=\"lazy\" decoding=\"async\" class=\"alignnone wp-image-243 size-full\" src=\"https:\/\/meripelastus.fi\/oulu-vedos\/wp-content\/uploads\/sites\/26\/2019\/12\/videcam.jpg\" alt=\"\" width=\"216\" height=\"65\" \/><\/a><\/p>\n<p><a href=\"https:\/\/www.scanditron.com\/\" target=\"_blank\" rel=\"noopener noreferrer\"><img loading=\"lazy\" decoding=\"async\" class=\"alignnone wp-image-269 size-medium\" src=\"https:\/\/meripelastus.fi\/oulu-vedos\/wp-content\/uploads\/sites\/26\/2020\/01\/Scanditron_Nya-300x48.jpg\" alt=\"\" width=\"300\" height=\"48\" srcset=\"https:\/\/meripelastus.fi\/oulu\/wp-content\/uploads\/sites\/26\/2020\/01\/Scanditron_Nya-300x48.jpg 300w, https:\/\/meripelastus.fi\/oulu\/wp-content\/uploads\/sites\/26\/2020\/01\/Scanditron_Nya-768x123.jpg 768w, https:\/\/meripelastus.fi\/oulu\/wp-content\/uploads\/sites\/26\/2020\/01\/Scanditron_Nya-1024x164.jpg 1024w, https:\/\/meripelastus.fi\/oulu\/wp-content\/uploads\/sites\/26\/2020\/01\/Scanditron_Nya-1536x246.jpg 1536w, https:\/\/meripelastus.fi\/oulu\/wp-content\/uploads\/sites\/26\/2020\/01\/Scanditron_Nya.jpg 1555w\" sizes=\"auto, (max-width: 300px) 100vw, 300px\" \/><\/a><\/p>\n<p><img loading=\"lazy\" decoding=\"async\" class=\"alignleft size-medium wp-image-350\" src=\"https:\/\/meripelastus.fi\/oulu\/wp-content\/uploads\/sites\/26\/2021\/03\/OP_Oulu_RGB_vasen-300x100.png\" alt=\"\" width=\"300\" height=\"100\" srcset=\"https:\/\/meripelastus.fi\/oulu\/wp-content\/uploads\/sites\/26\/2021\/03\/OP_Oulu_RGB_vasen-300x100.png 300w, https:\/\/meripelastus.fi\/oulu\/wp-content\/uploads\/sites\/26\/2021\/03\/OP_Oulu_RGB_vasen.png 1061w, https:\/\/meripelastus.fi\/oulu\/wp-content\/uploads\/sites\/26\/2021\/03\/OP_Oulu_RGB_vasen-768x256.png 768w, https:\/\/meripelastus.fi\/oulu\/wp-content\/uploads\/sites\/26\/2021\/03\/OP_Oulu_RGB_vasen-1024x342.png 1024w\" sizes=\"auto, (max-width: 300px) 100vw, 300px\" \/><\/p>\n<p>\u00a0<\/p>\n<p>\u00a0<\/p>\n<p>\u00a0<\/p>\n<p><img loading=\"lazy\" decoding=\"async\" class=\"alignleft size-medium wp-image-358\" src=\"https:\/\/meripelastus.fi\/oulu\/wp-content\/uploads\/sites\/26\/2021\/06\/Torppa-300x171.png\" alt=\"\" width=\"300\" height=\"171\" srcset=\"https:\/\/meripelastus.fi\/oulu\/wp-content\/uploads\/sites\/26\/2021\/06\/Torppa-300x171.png 300w, https:\/\/meripelastus.fi\/oulu\/wp-content\/uploads\/sites\/26\/2021\/06\/Torppa-768x439.png 768w, https:\/\/meripelastus.fi\/oulu\/wp-content\/uploads\/sites\/26\/2021\/06\/Torppa.png 994w\" sizes=\"auto, (max-width: 300px) 100vw, 300px\" \/><\/p>\n<p>\u00a0<\/p>\n<p>\u00a0<\/p>\n<p>\u00a0<\/p>\n<p>\u00a0<\/p>\n<p>\u00a0<\/p>\n<p><img loading=\"lazy\" decoding=\"async\" class=\"alignleft size-medium wp-image-465\" src=\"https:\/\/meripelastus.fi\/oulu\/wp-content\/uploads\/sites\/26\/2024\/12\/Logo-TP-300x300.jpg\" alt=\"\" width=\"300\" height=\"300\" srcset=\"https:\/\/meripelastus.fi\/oulu\/wp-content\/uploads\/sites\/26\/2024\/12\/Logo-TP-300x300.jpg 300w, https:\/\/meripelastus.fi\/oulu\/wp-content\/uploads\/sites\/26\/2024\/12\/Logo-TP-150x150.jpg 150w, https:\/\/meripelastus.fi\/oulu\/wp-content\/uploads\/sites\/26\/2024\/12\/Logo-TP-160x160.jpg 160w, https:\/\/meripelastus.fi\/oulu\/wp-content\/uploads\/sites\/26\/2024\/12\/Logo-TP.jpg 377w\" sizes=\"auto, (max-width: 300px) 100vw, 300px\" \/><\/p>\n\n\n<p><\/p>\n","protected":false},"excerpt":{"rendered":"<p>Vaikka vapaaehtoiset meripelastajat tekev\u00e4t ty\u00f6t\u00e4\u00e4n ilman mit\u00e4\u00e4n rahallista korvausta, vaatii pelastusalusten ja -varusteiden hankinta ja yll\u00e4pito sek\u00e4 miehist\u00f6n koulutus jatkuvaa rahoitusta. Yksityisten ihmisten ja yhteis\u00f6jen tuki on t\u00e4rke\u00e4\u00e4 toimintamme jatkumiselle. Lahjoittamalla voit auttaa pit\u00e4m\u00e4\u00e4n meripelastajat vesill\u00e4! \u00a0 SMPS Oulun Meripelastajat ry (1544839-3) FI86 8000 1101 3302 32 (DABAFIHH) \u00a0 Rahanker\u00e4ysluvan numero RA\/2021\/143 \u00a0\u00a0 Kiitos tuestasi! [&hellip;]<\/p>\n","protected":false},"author":1,"featured_media":0,"parent":6,"menu_order":0,"comment_status":"closed","ping_status":"closed","template":"","meta":{"_acf_changed":false,"inline_featured_image":false,"footnotes":""},"class_list":["post-190","page","type-page","status-publish","hentry"],"acf":[],"yoast_head":"<!-- This site is optimized with the Yoast SEO Premium plugin v27.2 (Yoast SEO v27.2) - https:\/\/yoast.com\/product\/yoast-seo-premium-wordpress\/ -->\n<title>Auta meit\u00e4 auttamaan! - Oulun Meripelastajat<\/title>\n<meta name=\"robots\" content=\"index, follow, max-snippet:-1, max-image-preview:large, max-video-preview:-1\" \/>\n<link rel=\"canonical\" href=\"https:\/\/meripelastus.fi\/oulu\/oulun-meripelastajat\/tukijat\/\" \/>\n<meta property=\"og:locale\" content=\"fi_FI\" \/>\n<meta property=\"og:type\" content=\"article\" \/>\n<meta property=\"og:title\" content=\"Auta meit\u00e4 auttamaan!\" \/>\n<meta property=\"og:description\" content=\"Vaikka vapaaehtoiset meripelastajat tekev\u00e4t ty\u00f6t\u00e4\u00e4n ilman mit\u00e4\u00e4n rahallista korvausta, vaatii pelastusalusten ja -varusteiden hankinta ja yll\u00e4pito sek\u00e4 miehist\u00f6n koulutus jatkuvaa rahoitusta. Yksityisten ihmisten ja yhteis\u00f6jen tuki on t\u00e4rke\u00e4\u00e4 toimintamme jatkumiselle. Lahjoittamalla voit auttaa pit\u00e4m\u00e4\u00e4n meripelastajat vesill\u00e4! \u00a0 SMPS Oulun Meripelastajat ry (1544839-3) FI86 8000 1101 3302 32 (DABAFIHH) \u00a0 Rahanker\u00e4ysluvan numero RA\/2021\/143 \u00a0\u00a0 Kiitos tuestasi! [&hellip;]\" \/>\n<meta property=\"og:url\" content=\"https:\/\/meripelastus.fi\/oulu\/oulun-meripelastajat\/tukijat\/\" \/>\n<meta property=\"og:site_name\" content=\"Oulun Meripelastajat\" \/>\n<meta property=\"article:modified_time\" content=\"2024-12-13T08:38:45+00:00\" \/>\n<meta property=\"og:image\" content=\"https:\/\/meripelastus.fi\/oulu\/wp-content\/uploads\/sites\/26\/2019\/12\/Lahitapiola_logoltfi.png\" \/>\n\t<meta property=\"og:image:width\" content=\"886\" \/>\n\t<meta property=\"og:image:height\" content=\"236\" \/>\n\t<meta property=\"og:image:type\" content=\"image\/png\" \/>\n<meta name=\"twitter:card\" content=\"summary_large_image\" \/>\n<meta name=\"twitter:label1\" content=\"Arvioitu lukuaika\" \/>\n\t<meta name=\"twitter:data1\" content=\"4 minuuttia\" \/>\n<script type=\"application\/ld+json\" class=\"yoast-schema-graph\">{\"@context\":\"https:\/\/schema.org\",\"@graph\":[{\"@type\":\"WebPage\",\"@id\":\"https:\/\/meripelastus.fi\/oulu\/oulun-meripelastajat\/tukijat\/\",\"url\":\"https:\/\/meripelastus.fi\/oulu\/oulun-meripelastajat\/tukijat\/\",\"name\":\"Auta meit\u00e4 auttamaan! - Oulun Meripelastajat\",\"isPartOf\":{\"@id\":\"https:\/\/meripelastus.fi\/oulu\/#website\"},\"primaryImageOfPage\":{\"@id\":\"https:\/\/meripelastus.fi\/oulu\/oulun-meripelastajat\/tukijat\/#primaryimage\"},\"image\":{\"@id\":\"https:\/\/meripelastus.fi\/oulu\/oulun-meripelastajat\/tukijat\/#primaryimage\"},\"thumbnailUrl\":\"https:\/\/meripelastus.fi\/oulu-vedos\/wp-content\/uploads\/sites\/26\/2019\/12\/Lahitapiola_logoltfi-300x80.png\",\"datePublished\":\"2019-12-09T11:05:17+00:00\",\"dateModified\":\"2024-12-13T08:38:45+00:00\",\"breadcrumb\":{\"@id\":\"https:\/\/meripelastus.fi\/oulu\/oulun-meripelastajat\/tukijat\/#breadcrumb\"},\"inLanguage\":\"fi\",\"potentialAction\":[{\"@type\":\"ReadAction\",\"target\":[\"https:\/\/meripelastus.fi\/oulu\/oulun-meripelastajat\/tukijat\/\"]}]},{\"@type\":\"ImageObject\",\"inLanguage\":\"fi\",\"@id\":\"https:\/\/meripelastus.fi\/oulu\/oulun-meripelastajat\/tukijat\/#primaryimage\",\"url\":\"https:\/\/meripelastus.fi\/oulu-vedos\/wp-content\/uploads\/sites\/26\/2019\/12\/Lahitapiola_logoltfi-300x80.png\",\"contentUrl\":\"https:\/\/meripelastus.fi\/oulu-vedos\/wp-content\/uploads\/sites\/26\/2019\/12\/Lahitapiola_logoltfi-300x80.png\"},{\"@type\":\"BreadcrumbList\",\"@id\":\"https:\/\/meripelastus.fi\/oulu\/oulun-meripelastajat\/tukijat\/#breadcrumb\",\"itemListElement\":[{\"@type\":\"ListItem\",\"position\":1,\"name\":\"Etusivu\",\"item\":\"https:\/\/meripelastus.fi\/oulu\/\"},{\"@type\":\"ListItem\",\"position\":2,\"name\":\"Oulun Meripelastajat\",\"item\":\"https:\/\/meripelastus.fi\/oulu\/oulun-meripelastajat\/\"},{\"@type\":\"ListItem\",\"position\":3,\"name\":\"Auta meit\u00e4 auttamaan!\"}]},{\"@type\":\"WebSite\",\"@id\":\"https:\/\/meripelastus.fi\/oulu\/#website\",\"url\":\"https:\/\/meripelastus.fi\/oulu\/\",\"name\":\"Oulun Meripelastajat\",\"description\":\"Vapaaehtoiset apunasi vesill\u00e4\",\"potentialAction\":[{\"@type\":\"SearchAction\",\"target\":{\"@type\":\"EntryPoint\",\"urlTemplate\":\"https:\/\/meripelastus.fi\/oulu\/?s={search_term_string}\"},\"query-input\":{\"@type\":\"PropertyValueSpecification\",\"valueRequired\":true,\"valueName\":\"search_term_string\"}}],\"inLanguage\":\"fi\"}]}<\/script>\n<!-- \/ Yoast SEO Premium plugin. -->","yoast_head_json":{"title":"Auta meit\u00e4 auttamaan! - Oulun Meripelastajat","robots":{"index":"index","follow":"follow","max-snippet":"max-snippet:-1","max-image-preview":"max-image-preview:large","max-video-preview":"max-video-preview:-1"},"canonical":"https:\/\/meripelastus.fi\/oulu\/oulun-meripelastajat\/tukijat\/","og_locale":"fi_FI","og_type":"article","og_title":"Auta meit\u00e4 auttamaan!","og_description":"Vaikka vapaaehtoiset meripelastajat tekev\u00e4t ty\u00f6t\u00e4\u00e4n ilman mit\u00e4\u00e4n rahallista korvausta, vaatii pelastusalusten ja -varusteiden hankinta ja yll\u00e4pito sek\u00e4 miehist\u00f6n koulutus jatkuvaa rahoitusta. Yksityisten ihmisten ja yhteis\u00f6jen tuki on t\u00e4rke\u00e4\u00e4 toimintamme jatkumiselle. Lahjoittamalla voit auttaa pit\u00e4m\u00e4\u00e4n meripelastajat vesill\u00e4! \u00a0 SMPS Oulun Meripelastajat ry (1544839-3) FI86 8000 1101 3302 32 (DABAFIHH) \u00a0 Rahanker\u00e4ysluvan numero RA\/2021\/143 \u00a0\u00a0 Kiitos tuestasi! [&hellip;]","og_url":"https:\/\/meripelastus.fi\/oulu\/oulun-meripelastajat\/tukijat\/","og_site_name":"Oulun Meripelastajat","article_modified_time":"2024-12-13T08:38:45+00:00","og_image":[{"width":886,"height":236,"url":"https:\/\/meripelastus.fi\/oulu\/wp-content\/uploads\/sites\/26\/2019\/12\/Lahitapiola_logoltfi.png","type":"image\/png"}],"twitter_card":"summary_large_image","twitter_misc":{"Arvioitu lukuaika":"4 minuuttia"},"schema":{"@context":"https:\/\/schema.org","@graph":[{"@type":"WebPage","@id":"https:\/\/meripelastus.fi\/oulu\/oulun-meripelastajat\/tukijat\/","url":"https:\/\/meripelastus.fi\/oulu\/oulun-meripelastajat\/tukijat\/","name":"Auta meit\u00e4 auttamaan! - Oulun Meripelastajat","isPartOf":{"@id":"https:\/\/meripelastus.fi\/oulu\/#website"},"primaryImageOfPage":{"@id":"https:\/\/meripelastus.fi\/oulu\/oulun-meripelastajat\/tukijat\/#primaryimage"},"image":{"@id":"https:\/\/meripelastus.fi\/oulu\/oulun-meripelastajat\/tukijat\/#primaryimage"},"thumbnailUrl":"https:\/\/meripelastus.fi\/oulu-vedos\/wp-content\/uploads\/sites\/26\/2019\/12\/Lahitapiola_logoltfi-300x80.png","datePublished":"2019-12-09T11:05:17+00:00","dateModified":"2024-12-13T08:38:45+00:00","breadcrumb":{"@id":"https:\/\/meripelastus.fi\/oulu\/oulun-meripelastajat\/tukijat\/#breadcrumb"},"inLanguage":"fi","potentialAction":[{"@type":"ReadAction","target":["https:\/\/meripelastus.fi\/oulu\/oulun-meripelastajat\/tukijat\/"]}]},{"@type":"ImageObject","inLanguage":"fi","@id":"https:\/\/meripelastus.fi\/oulu\/oulun-meripelastajat\/tukijat\/#primaryimage","url":"https:\/\/meripelastus.fi\/oulu-vedos\/wp-content\/uploads\/sites\/26\/2019\/12\/Lahitapiola_logoltfi-300x80.png","contentUrl":"https:\/\/meripelastus.fi\/oulu-vedos\/wp-content\/uploads\/sites\/26\/2019\/12\/Lahitapiola_logoltfi-300x80.png"},{"@type":"BreadcrumbList","@id":"https:\/\/meripelastus.fi\/oulu\/oulun-meripelastajat\/tukijat\/#breadcrumb","itemListElement":[{"@type":"ListItem","position":1,"name":"Etusivu","item":"https:\/\/meripelastus.fi\/oulu\/"},{"@type":"ListItem","position":2,"name":"Oulun Meripelastajat","item":"https:\/\/meripelastus.fi\/oulu\/oulun-meripelastajat\/"},{"@type":"ListItem","position":3,"name":"Auta meit\u00e4 auttamaan!"}]},{"@type":"WebSite","@id":"https:\/\/meripelastus.fi\/oulu\/#website","url":"https:\/\/meripelastus.fi\/oulu\/","name":"Oulun Meripelastajat","description":"Vapaaehtoiset apunasi vesill\u00e4","potentialAction":[{"@type":"SearchAction","target":{"@type":"EntryPoint","urlTemplate":"https:\/\/meripelastus.fi\/oulu\/?s={search_term_string}"},"query-input":{"@type":"PropertyValueSpecification","valueRequired":true,"valueName":"search_term_string"}}],"inLanguage":"fi"}]}},"_links":{"self":[{"href":"https:\/\/meripelastus.fi\/oulu\/wp-json\/wp\/v2\/pages\/190","targetHints":{"allow":["GET"]}}],"collection":[{"href":"https:\/\/meripelastus.fi\/oulu\/wp-json\/wp\/v2\/pages"}],"about":[{"href":"https:\/\/meripelastus.fi\/oulu\/wp-json\/wp\/v2\/types\/page"}],"author":[{"embeddable":true,"href":"https:\/\/meripelastus.fi\/oulu\/wp-json\/wp\/v2\/users\/1"}],"replies":[{"embeddable":true,"href":"https:\/\/meripelastus.fi\/oulu\/wp-json\/wp\/v2\/comments?post=190"}],"version-history":[{"count":26,"href":"https:\/\/meripelastus.fi\/oulu\/wp-json\/wp\/v2\/pages\/190\/revisions"}],"predecessor-version":[{"id":467,"href":"https:\/\/meripelastus.fi\/oulu\/wp-json\/wp\/v2\/pages\/190\/revisions\/467"}],"up":[{"embeddable":true,"href":"https:\/\/meripelastus.fi\/oulu\/wp-json\/wp\/v2\/pages\/6"}],"wp:attachment":[{"href":"https:\/\/meripelastus.fi\/oulu\/wp-json\/wp\/v2\/media?parent=190"}],"curies":[{"name":"wp","href":"https:\/\/api.w.org\/{rel}","templated":true}]}}