{"id":188,"date":"2019-12-09T13:04:53","date_gmt":"2019-12-09T11:04:53","guid":{"rendered":"https:\/\/meripelastus.fi\/oulu-vedos\/?page_id=188"},"modified":"2021-04-27T21:07:02","modified_gmt":"2021-04-27T18:07:02","slug":"liity-jaseneksi","status":"publish","type":"page","link":"https:\/\/meripelastus.fi\/oulu\/oulun-meripelastajat\/liity-jaseneksi\/","title":{"rendered":"Liity j\u00e4seneksi"},"content":{"rendered":"<p>Kiva kun olet kiinnostunut aloittamaan uuden koko el\u00e4m\u00e4n mittaisen harrastuksen \ud83d\ude42<\/p>\n<p>SMPS Oulun Meripelastusyhdistys tarjoaa monipuolista tekemist\u00e4 vauvasta mummoon sek\u00e4 vaariin.<\/p>\n<p>18 vuotta t\u00e4ytt\u00e4neet p\u00e4\u00e4sev\u00e4t mukaan operatiiviseen toimintaan ja h\u00e4lytysmiehist\u00f6\u00f6n. Mutta jo 16 vuotiaana voit osallistua alustoimintaan itsen\u00e4isesti. Yhdistyksemme henkil\u00f6j\u00e4senmaksu on 37\u20ac vuodessa. Mit\u00e4\u00e4n l\u00e4ht\u00f6tietoja et tarvitse vaan me koulutamme sinut Suomen Meripelastusseuran koulutusj\u00e4rjestelm\u00e4n mukaisesti. Riitt\u00e4\u00e4 ett\u00e4 omaat hyv\u00e4n fyysinen ja psyykkinen peruskunnon, l\u00e4p\u00e4iset 200m uimatestin sek\u00e4 n\u00e4\u00f6ntarkkuutesi on 0,5 silm\u00e4laseilla ja 0,1 ilman. H\u00e4lytysmiehist\u00f6ss\u00e4 toimiminen vaatii my\u00f6s paljon vapaa-aikaa ja sitoutumista toimintaan. N\u00e4in varmistamme ett\u00e4 aluksemme ovat 24\/7 valmiudessa ja oikein miehitettyn\u00e4 avovesikaudella.<\/p>\n<p>Niille, joilla ei terveydentilansa tai el\u00e4m\u00e4ntilanteensa puolesta ole mahdollisuutta olla mukana operatiivisessa toiminnassa, tarjoamme mahdollisuuden osallistua yhdistyksen muihin teht\u00e4viin. Alusten tekniset ty\u00f6t sek\u00e4 kunnossapito, hallinnolliset teht\u00e4v\u00e4t ja varainkeruu ovat niin ik\u00e4\u00e4n t\u00e4rke\u00e4 osa toimintaamme.<\/p>\n<p>Jos omistat oman veneen eik\u00e4 aikasi riit\u00e4 miehist\u00f6ss\u00e4 toimimiseen suosittelemme hankkimaan Trossi-j\u00e4sepalvelun 88\u20ac vuosimaksulla. Trossi-j\u00e4senyys sis\u00e4lt\u00e4\u00e4 yhdistyksemme henkil\u00f6j\u00e4senyyden lis\u00e4ksi turvan my\u00f6s veneellesi teknisen vian sattuessa. Trossi-j\u00e4senen vene hinataan veloituksetta l\u00e4himp\u00e4\u00e4n turvasatamaan, jossa vene on mahdollista korjata. Trossipalvelu on k\u00e4ytett\u00e4viss\u00e4 Suomen ja Ruotsin rannikolla sek\u00e4 Suomen suurimmilla sis\u00e4vesill\u00e4, riippumatta siit\u00e4 mihin j\u00e4senyhdistykseen kuulut.<\/p>\n<p>Kolmas yhdistyksemme j\u00e4senluokka on <a href=\"https:\/\/meripelastus.fi\/oulu\/yhteisojasen\/\">yhteis\u00f6j\u00e4senyys<\/a> 250\u20ac vuosimaksulla. Liitt\u00e4m\u00e4ll\u00e4 yrityksesi tai yhteis\u00f6si j\u00e4seneksemme tuet vapaaehtoista meripelastusta ja olet omalta osaltasi mahdollistamassa avun saannin h\u00e4t\u00e4\u00e4n joutuneelle. Yhteis\u00f6j\u00e4senen\u00e4 saatte halutessanne logonne meid\u00e4n tukija listalle, sek\u00e4 vuosittaisen kunniakirjan komistamaan toimitilojenne sein\u00e4\u00e4.<\/p>\n<p>Eik\u00e4 t\u00e4ss\u00e4 viel\u00e4 kaikki \ud83d\ude09\u00a0 Kaikkiin j\u00e4senluokkiin sis\u00e4ltyy kaksi kertaa vuodessa ilmestyv\u00e4 Meripelastaja lehti.<\/p>\n<p>Napsauta alla olevaa linkki\u00e4 ja aloita koko el\u00e4m\u00e4si mittainen maailman paras harrastus!<\/p>\n<p><a href=\"https:\/\/meripelastus.fi\/jasenyys\/liittymislomakkeet\/\" target=\"_blank\" rel=\"noopener noreferrer\">Liity henkil\u00f6j\u00e4seneksi t\u00e4st\u00e4<\/a><\/p>\n<p>Lis\u00e4tietoja<span> pj.oulu@messi.meripelastus.fi<\/span> sek\u00e4 numerosta <span>0400 659112<\/span><\/p>\n","protected":false},"excerpt":{"rendered":"<p>Kiva kun olet kiinnostunut aloittamaan uuden koko el\u00e4m\u00e4n mittaisen harrastuksen \ud83d\ude42 SMPS Oulun Meripelastusyhdistys tarjoaa monipuolista tekemist\u00e4 vauvasta mummoon sek\u00e4 vaariin. 18 vuotta t\u00e4ytt\u00e4neet p\u00e4\u00e4sev\u00e4t mukaan operatiiviseen toimintaan ja h\u00e4lytysmiehist\u00f6\u00f6n. Mutta jo 16 vuotiaana voit osallistua alustoimintaan itsen\u00e4isesti. Yhdistyksemme henkil\u00f6j\u00e4senmaksu on 37\u20ac vuodessa. Mit\u00e4\u00e4n l\u00e4ht\u00f6tietoja et tarvitse vaan me koulutamme sinut Suomen Meripelastusseuran koulutusj\u00e4rjestelm\u00e4n mukaisesti. [&hellip;]<\/p>\n","protected":false},"author":1,"featured_media":0,"parent":6,"menu_order":0,"comment_status":"closed","ping_status":"closed","template":"","meta":{"_acf_changed":false,"inline_featured_image":false,"footnotes":""},"class_list":["post-188","page","type-page","status-publish","hentry"],"acf":[],"yoast_head":"<!-- This site is optimized with the Yoast SEO Premium plugin v27.2 (Yoast SEO v27.2) - https:\/\/yoast.com\/product\/yoast-seo-premium-wordpress\/ -->\n<title>Liity j\u00e4seneksi - Oulun Meripelastajat<\/title>\n<meta name=\"robots\" content=\"index, follow, max-snippet:-1, max-image-preview:large, max-video-preview:-1\" \/>\n<link rel=\"canonical\" href=\"https:\/\/meripelastus.fi\/oulu\/oulun-meripelastajat\/liity-jaseneksi\/\" \/>\n<meta property=\"og:locale\" content=\"fi_FI\" \/>\n<meta property=\"og:type\" content=\"article\" \/>\n<meta property=\"og:title\" content=\"Liity j\u00e4seneksi\" \/>\n<meta property=\"og:description\" content=\"Kiva kun olet kiinnostunut aloittamaan uuden koko el\u00e4m\u00e4n mittaisen harrastuksen \ud83d\ude42 SMPS Oulun Meripelastusyhdistys tarjoaa monipuolista tekemist\u00e4 vauvasta mummoon sek\u00e4 vaariin. 18 vuotta t\u00e4ytt\u00e4neet p\u00e4\u00e4sev\u00e4t mukaan operatiiviseen toimintaan ja h\u00e4lytysmiehist\u00f6\u00f6n. Mutta jo 16 vuotiaana voit osallistua alustoimintaan itsen\u00e4isesti. Yhdistyksemme henkil\u00f6j\u00e4senmaksu on 37\u20ac vuodessa. Mit\u00e4\u00e4n l\u00e4ht\u00f6tietoja et tarvitse vaan me koulutamme sinut Suomen Meripelastusseuran koulutusj\u00e4rjestelm\u00e4n mukaisesti. [&hellip;]\" \/>\n<meta property=\"og:url\" content=\"https:\/\/meripelastus.fi\/oulu\/oulun-meripelastajat\/liity-jaseneksi\/\" \/>\n<meta property=\"og:site_name\" content=\"Oulun Meripelastajat\" \/>\n<meta property=\"article:modified_time\" content=\"2021-04-27T18:07:02+00:00\" \/>\n<meta name=\"twitter:card\" content=\"summary_large_image\" \/>\n<meta name=\"twitter:label1\" content=\"Arvioitu lukuaika\" \/>\n\t<meta name=\"twitter:data1\" content=\"2 minuuttia\" \/>\n<script type=\"application\/ld+json\" class=\"yoast-schema-graph\">{\"@context\":\"https:\/\/schema.org\",\"@graph\":[{\"@type\":\"WebPage\",\"@id\":\"https:\/\/meripelastus.fi\/oulu\/oulun-meripelastajat\/liity-jaseneksi\/\",\"url\":\"https:\/\/meripelastus.fi\/oulu\/oulun-meripelastajat\/liity-jaseneksi\/\",\"name\":\"Liity j\u00e4seneksi - Oulun Meripelastajat\",\"isPartOf\":{\"@id\":\"https:\/\/meripelastus.fi\/oulu\/#website\"},\"datePublished\":\"2019-12-09T11:04:53+00:00\",\"dateModified\":\"2021-04-27T18:07:02+00:00\",\"breadcrumb\":{\"@id\":\"https:\/\/meripelastus.fi\/oulu\/oulun-meripelastajat\/liity-jaseneksi\/#breadcrumb\"},\"inLanguage\":\"fi\",\"potentialAction\":[{\"@type\":\"ReadAction\",\"target\":[\"https:\/\/meripelastus.fi\/oulu\/oulun-meripelastajat\/liity-jaseneksi\/\"]}]},{\"@type\":\"BreadcrumbList\",\"@id\":\"https:\/\/meripelastus.fi\/oulu\/oulun-meripelastajat\/liity-jaseneksi\/#breadcrumb\",\"itemListElement\":[{\"@type\":\"ListItem\",\"position\":1,\"name\":\"Etusivu\",\"item\":\"https:\/\/meripelastus.fi\/oulu\/\"},{\"@type\":\"ListItem\",\"position\":2,\"name\":\"Oulun Meripelastajat\",\"item\":\"https:\/\/meripelastus.fi\/oulu\/oulun-meripelastajat\/\"},{\"@type\":\"ListItem\",\"position\":3,\"name\":\"Liity j\u00e4seneksi\"}]},{\"@type\":\"WebSite\",\"@id\":\"https:\/\/meripelastus.fi\/oulu\/#website\",\"url\":\"https:\/\/meripelastus.fi\/oulu\/\",\"name\":\"Oulun Meripelastajat\",\"description\":\"Vapaaehtoiset apunasi vesill\u00e4\",\"potentialAction\":[{\"@type\":\"SearchAction\",\"target\":{\"@type\":\"EntryPoint\",\"urlTemplate\":\"https:\/\/meripelastus.fi\/oulu\/?s={search_term_string}\"},\"query-input\":{\"@type\":\"PropertyValueSpecification\",\"valueRequired\":true,\"valueName\":\"search_term_string\"}}],\"inLanguage\":\"fi\"}]}<\/script>\n<!-- \/ Yoast SEO Premium plugin. -->","yoast_head_json":{"title":"Liity j\u00e4seneksi - Oulun Meripelastajat","robots":{"index":"index","follow":"follow","max-snippet":"max-snippet:-1","max-image-preview":"max-image-preview:large","max-video-preview":"max-video-preview:-1"},"canonical":"https:\/\/meripelastus.fi\/oulu\/oulun-meripelastajat\/liity-jaseneksi\/","og_locale":"fi_FI","og_type":"article","og_title":"Liity j\u00e4seneksi","og_description":"Kiva kun olet kiinnostunut aloittamaan uuden koko el\u00e4m\u00e4n mittaisen harrastuksen \ud83d\ude42 SMPS Oulun Meripelastusyhdistys tarjoaa monipuolista tekemist\u00e4 vauvasta mummoon sek\u00e4 vaariin. 18 vuotta t\u00e4ytt\u00e4neet p\u00e4\u00e4sev\u00e4t mukaan operatiiviseen toimintaan ja h\u00e4lytysmiehist\u00f6\u00f6n. Mutta jo 16 vuotiaana voit osallistua alustoimintaan itsen\u00e4isesti. Yhdistyksemme henkil\u00f6j\u00e4senmaksu on 37\u20ac vuodessa. Mit\u00e4\u00e4n l\u00e4ht\u00f6tietoja et tarvitse vaan me koulutamme sinut Suomen Meripelastusseuran koulutusj\u00e4rjestelm\u00e4n mukaisesti. [&hellip;]","og_url":"https:\/\/meripelastus.fi\/oulu\/oulun-meripelastajat\/liity-jaseneksi\/","og_site_name":"Oulun Meripelastajat","article_modified_time":"2021-04-27T18:07:02+00:00","twitter_card":"summary_large_image","twitter_misc":{"Arvioitu lukuaika":"2 minuuttia"},"schema":{"@context":"https:\/\/schema.org","@graph":[{"@type":"WebPage","@id":"https:\/\/meripelastus.fi\/oulu\/oulun-meripelastajat\/liity-jaseneksi\/","url":"https:\/\/meripelastus.fi\/oulu\/oulun-meripelastajat\/liity-jaseneksi\/","name":"Liity j\u00e4seneksi - Oulun Meripelastajat","isPartOf":{"@id":"https:\/\/meripelastus.fi\/oulu\/#website"},"datePublished":"2019-12-09T11:04:53+00:00","dateModified":"2021-04-27T18:07:02+00:00","breadcrumb":{"@id":"https:\/\/meripelastus.fi\/oulu\/oulun-meripelastajat\/liity-jaseneksi\/#breadcrumb"},"inLanguage":"fi","potentialAction":[{"@type":"ReadAction","target":["https:\/\/meripelastus.fi\/oulu\/oulun-meripelastajat\/liity-jaseneksi\/"]}]},{"@type":"BreadcrumbList","@id":"https:\/\/meripelastus.fi\/oulu\/oulun-meripelastajat\/liity-jaseneksi\/#breadcrumb","itemListElement":[{"@type":"ListItem","position":1,"name":"Etusivu","item":"https:\/\/meripelastus.fi\/oulu\/"},{"@type":"ListItem","position":2,"name":"Oulun Meripelastajat","item":"https:\/\/meripelastus.fi\/oulu\/oulun-meripelastajat\/"},{"@type":"ListItem","position":3,"name":"Liity j\u00e4seneksi"}]},{"@type":"WebSite","@id":"https:\/\/meripelastus.fi\/oulu\/#website","url":"https:\/\/meripelastus.fi\/oulu\/","name":"Oulun Meripelastajat","description":"Vapaaehtoiset apunasi vesill\u00e4","potentialAction":[{"@type":"SearchAction","target":{"@type":"EntryPoint","urlTemplate":"https:\/\/meripelastus.fi\/oulu\/?s={search_term_string}"},"query-input":{"@type":"PropertyValueSpecification","valueRequired":true,"valueName":"search_term_string"}}],"inLanguage":"fi"}]}},"_links":{"self":[{"href":"https:\/\/meripelastus.fi\/oulu\/wp-json\/wp\/v2\/pages\/188","targetHints":{"allow":["GET"]}}],"collection":[{"href":"https:\/\/meripelastus.fi\/oulu\/wp-json\/wp\/v2\/pages"}],"about":[{"href":"https:\/\/meripelastus.fi\/oulu\/wp-json\/wp\/v2\/types\/page"}],"author":[{"embeddable":true,"href":"https:\/\/meripelastus.fi\/oulu\/wp-json\/wp\/v2\/users\/1"}],"replies":[{"embeddable":true,"href":"https:\/\/meripelastus.fi\/oulu\/wp-json\/wp\/v2\/comments?post=188"}],"version-history":[{"count":11,"href":"https:\/\/meripelastus.fi\/oulu\/wp-json\/wp\/v2\/pages\/188\/revisions"}],"predecessor-version":[{"id":353,"href":"https:\/\/meripelastus.fi\/oulu\/wp-json\/wp\/v2\/pages\/188\/revisions\/353"}],"up":[{"embeddable":true,"href":"https:\/\/meripelastus.fi\/oulu\/wp-json\/wp\/v2\/pages\/6"}],"wp:attachment":[{"href":"https:\/\/meripelastus.fi\/oulu\/wp-json\/wp\/v2\/media?parent=188"}],"curies":[{"name":"wp","href":"https:\/\/api.w.org\/{rel}","templated":true}]}}