{"id":186,"date":"2019-12-09T13:04:23","date_gmt":"2019-12-09T11:04:23","guid":{"rendered":"https:\/\/meripelastus.fi\/oulu-vedos\/?page_id=186"},"modified":"2020-03-24T14:05:13","modified_gmt":"2020-03-24T12:05:13","slug":"tukikohta","status":"publish","type":"page","link":"https:\/\/meripelastus.fi\/oulu\/oulun-meripelastajat\/tukikohta\/","title":{"rendered":"Tukikohta"},"content":{"rendered":"<p>Tukikohtamme sijaitsee Hietasaaren veneilykeskuksessa, osoitteessa Kansankent\u00e4ntie 10<\/p>\n<p>Tukikohta on v<span>almistunut kev\u00e4\u00e4ll\u00e4 2019 tarjoten alustemme vapaaehtoiselle miehist\u00f6lle tilat varusteiden s\u00e4ilytt\u00e4miseen ja koulutukseen.<\/span><\/p>\n<p>&nbsp;<\/p>\n<p><img loading=\"lazy\" decoding=\"async\" class=\"alignnone wp-image-276\" style=\"font-size: 1.1rem\" src=\"https:\/\/meripelastus.fi\/oulu-vedos\/wp-content\/uploads\/sites\/26\/2020\/01\/maja-300x271.jpg\" alt=\"\" width=\"772\" height=\"697\" srcset=\"https:\/\/meripelastus.fi\/oulu\/wp-content\/uploads\/sites\/26\/2020\/01\/maja-300x271.jpg 300w, https:\/\/meripelastus.fi\/oulu\/wp-content\/uploads\/sites\/26\/2020\/01\/maja-768x693.jpg 768w, https:\/\/meripelastus.fi\/oulu\/wp-content\/uploads\/sites\/26\/2020\/01\/maja-1024x924.jpg 1024w, https:\/\/meripelastus.fi\/oulu\/wp-content\/uploads\/sites\/26\/2020\/01\/maja-1536x1386.jpg 1536w, https:\/\/meripelastus.fi\/oulu\/wp-content\/uploads\/sites\/26\/2020\/01\/maja-2048x1849.jpg 2048w\" sizes=\"auto, (max-width: 772px) 100vw, 772px\" \/><\/p>\n<p><img loading=\"lazy\" decoding=\"async\" class=\"alignnone wp-image-216\" src=\"https:\/\/meripelastus.fi\/oulu-vedos\/wp-content\/uploads\/sites\/26\/2019\/12\/Koulutustila-300x225.jpg\" alt=\"\" width=\"772\" height=\"579\" srcset=\"https:\/\/meripelastus.fi\/oulu\/wp-content\/uploads\/sites\/26\/2019\/12\/Koulutustila-300x225.jpg 300w, https:\/\/meripelastus.fi\/oulu\/wp-content\/uploads\/sites\/26\/2019\/12\/Koulutustila-768x576.jpg 768w, https:\/\/meripelastus.fi\/oulu\/wp-content\/uploads\/sites\/26\/2019\/12\/Koulutustila-1024x768.jpg 1024w, https:\/\/meripelastus.fi\/oulu\/wp-content\/uploads\/sites\/26\/2019\/12\/Koulutustila-1600x1200.jpg 1600w\" sizes=\"auto, (max-width: 772px) 100vw, 772px\" \/><\/p>\n<p><img loading=\"lazy\" decoding=\"async\" class=\"alignnone wp-image-217\" src=\"https:\/\/meripelastus.fi\/oulu-vedos\/wp-content\/uploads\/sites\/26\/2019\/12\/Varustetila-300x225.jpg\" alt=\"\" width=\"773\" height=\"581\" srcset=\"https:\/\/meripelastus.fi\/oulu\/wp-content\/uploads\/sites\/26\/2019\/12\/Varustetila-300x225.jpg 300w, https:\/\/meripelastus.fi\/oulu\/wp-content\/uploads\/sites\/26\/2019\/12\/Varustetila-768x576.jpg 768w, https:\/\/meripelastus.fi\/oulu\/wp-content\/uploads\/sites\/26\/2019\/12\/Varustetila-1024x768.jpg 1024w, https:\/\/meripelastus.fi\/oulu\/wp-content\/uploads\/sites\/26\/2019\/12\/Varustetila-1600x1200.jpg 1600w\" sizes=\"auto, (max-width: 773px) 100vw, 773px\" \/><\/p>\n<p>&nbsp;<\/p>\n","protected":false},"excerpt":{"rendered":"<p>Tukikohtamme sijaitsee Hietasaaren veneilykeskuksessa, osoitteessa Kansankent\u00e4ntie 10 Tukikohta on valmistunut kev\u00e4\u00e4ll\u00e4 2019 tarjoten alustemme vapaaehtoiselle miehist\u00f6lle tilat varusteiden s\u00e4ilytt\u00e4miseen ja koulutukseen. &nbsp; &nbsp;<\/p>\n","protected":false},"author":1,"featured_media":0,"parent":6,"menu_order":0,"comment_status":"closed","ping_status":"closed","template":"","meta":{"_acf_changed":false,"inline_featured_image":false,"footnotes":""},"class_list":["post-186","page","type-page","status-publish","hentry"],"acf":[],"yoast_head":"<!-- This site is optimized with the Yoast SEO Premium plugin v27.2 (Yoast SEO v27.2) - https:\/\/yoast.com\/product\/yoast-seo-premium-wordpress\/ -->\n<title>Tukikohta - Oulun Meripelastajat<\/title>\n<meta name=\"robots\" content=\"index, follow, max-snippet:-1, max-image-preview:large, max-video-preview:-1\" \/>\n<link rel=\"canonical\" href=\"https:\/\/meripelastus.fi\/oulu\/oulun-meripelastajat\/tukikohta\/\" \/>\n<meta property=\"og:locale\" content=\"fi_FI\" \/>\n<meta property=\"og:type\" content=\"article\" \/>\n<meta property=\"og:title\" content=\"Tukikohta\" \/>\n<meta property=\"og:description\" content=\"Tukikohtamme sijaitsee Hietasaaren veneilykeskuksessa, osoitteessa Kansankent\u00e4ntie 10 Tukikohta on valmistunut kev\u00e4\u00e4ll\u00e4 2019 tarjoten alustemme vapaaehtoiselle miehist\u00f6lle tilat varusteiden s\u00e4ilytt\u00e4miseen ja koulutukseen. &nbsp; &nbsp;\" \/>\n<meta property=\"og:url\" content=\"https:\/\/meripelastus.fi\/oulu\/oulun-meripelastajat\/tukikohta\/\" \/>\n<meta property=\"og:site_name\" content=\"Oulun Meripelastajat\" \/>\n<meta property=\"article:modified_time\" content=\"2020-03-24T12:05:13+00:00\" \/>\n<meta property=\"og:image\" content=\"https:\/\/meripelastus.fi\/oulu-vedos\/wp-content\/uploads\/sites\/26\/2020\/01\/maja-300x271.jpg\" \/>\n<meta name=\"twitter:card\" content=\"summary_large_image\" \/>\n<script type=\"application\/ld+json\" class=\"yoast-schema-graph\">{\"@context\":\"https:\/\/schema.org\",\"@graph\":[{\"@type\":\"WebPage\",\"@id\":\"https:\/\/meripelastus.fi\/oulu\/oulun-meripelastajat\/tukikohta\/\",\"url\":\"https:\/\/meripelastus.fi\/oulu\/oulun-meripelastajat\/tukikohta\/\",\"name\":\"Tukikohta - Oulun Meripelastajat\",\"isPartOf\":{\"@id\":\"https:\/\/meripelastus.fi\/oulu\/#website\"},\"primaryImageOfPage\":{\"@id\":\"https:\/\/meripelastus.fi\/oulu\/oulun-meripelastajat\/tukikohta\/#primaryimage\"},\"image\":{\"@id\":\"https:\/\/meripelastus.fi\/oulu\/oulun-meripelastajat\/tukikohta\/#primaryimage\"},\"thumbnailUrl\":\"https:\/\/meripelastus.fi\/oulu-vedos\/wp-content\/uploads\/sites\/26\/2020\/01\/maja-300x271.jpg\",\"datePublished\":\"2019-12-09T11:04:23+00:00\",\"dateModified\":\"2020-03-24T12:05:13+00:00\",\"breadcrumb\":{\"@id\":\"https:\/\/meripelastus.fi\/oulu\/oulun-meripelastajat\/tukikohta\/#breadcrumb\"},\"inLanguage\":\"fi\",\"potentialAction\":[{\"@type\":\"ReadAction\",\"target\":[\"https:\/\/meripelastus.fi\/oulu\/oulun-meripelastajat\/tukikohta\/\"]}]},{\"@type\":\"ImageObject\",\"inLanguage\":\"fi\",\"@id\":\"https:\/\/meripelastus.fi\/oulu\/oulun-meripelastajat\/tukikohta\/#primaryimage\",\"url\":\"https:\/\/meripelastus.fi\/oulu-vedos\/wp-content\/uploads\/sites\/26\/2020\/01\/maja-300x271.jpg\",\"contentUrl\":\"https:\/\/meripelastus.fi\/oulu-vedos\/wp-content\/uploads\/sites\/26\/2020\/01\/maja-300x271.jpg\"},{\"@type\":\"BreadcrumbList\",\"@id\":\"https:\/\/meripelastus.fi\/oulu\/oulun-meripelastajat\/tukikohta\/#breadcrumb\",\"itemListElement\":[{\"@type\":\"ListItem\",\"position\":1,\"name\":\"Etusivu\",\"item\":\"https:\/\/meripelastus.fi\/oulu\/\"},{\"@type\":\"ListItem\",\"position\":2,\"name\":\"Oulun Meripelastajat\",\"item\":\"https:\/\/meripelastus.fi\/oulu\/oulun-meripelastajat\/\"},{\"@type\":\"ListItem\",\"position\":3,\"name\":\"Tukikohta\"}]},{\"@type\":\"WebSite\",\"@id\":\"https:\/\/meripelastus.fi\/oulu\/#website\",\"url\":\"https:\/\/meripelastus.fi\/oulu\/\",\"name\":\"Oulun Meripelastajat\",\"description\":\"Vapaaehtoiset apunasi vesill\u00e4\",\"potentialAction\":[{\"@type\":\"SearchAction\",\"target\":{\"@type\":\"EntryPoint\",\"urlTemplate\":\"https:\/\/meripelastus.fi\/oulu\/?s={search_term_string}\"},\"query-input\":{\"@type\":\"PropertyValueSpecification\",\"valueRequired\":true,\"valueName\":\"search_term_string\"}}],\"inLanguage\":\"fi\"}]}<\/script>\n<!-- \/ Yoast SEO Premium plugin. -->","yoast_head_json":{"title":"Tukikohta - Oulun Meripelastajat","robots":{"index":"index","follow":"follow","max-snippet":"max-snippet:-1","max-image-preview":"max-image-preview:large","max-video-preview":"max-video-preview:-1"},"canonical":"https:\/\/meripelastus.fi\/oulu\/oulun-meripelastajat\/tukikohta\/","og_locale":"fi_FI","og_type":"article","og_title":"Tukikohta","og_description":"Tukikohtamme sijaitsee Hietasaaren veneilykeskuksessa, osoitteessa Kansankent\u00e4ntie 10 Tukikohta on valmistunut kev\u00e4\u00e4ll\u00e4 2019 tarjoten alustemme vapaaehtoiselle miehist\u00f6lle tilat varusteiden s\u00e4ilytt\u00e4miseen ja koulutukseen. &nbsp; &nbsp;","og_url":"https:\/\/meripelastus.fi\/oulu\/oulun-meripelastajat\/tukikohta\/","og_site_name":"Oulun Meripelastajat","article_modified_time":"2020-03-24T12:05:13+00:00","og_image":[{"url":"https:\/\/meripelastus.fi\/oulu-vedos\/wp-content\/uploads\/sites\/26\/2020\/01\/maja-300x271.jpg","type":"","width":"","height":""}],"twitter_card":"summary_large_image","schema":{"@context":"https:\/\/schema.org","@graph":[{"@type":"WebPage","@id":"https:\/\/meripelastus.fi\/oulu\/oulun-meripelastajat\/tukikohta\/","url":"https:\/\/meripelastus.fi\/oulu\/oulun-meripelastajat\/tukikohta\/","name":"Tukikohta - Oulun Meripelastajat","isPartOf":{"@id":"https:\/\/meripelastus.fi\/oulu\/#website"},"primaryImageOfPage":{"@id":"https:\/\/meripelastus.fi\/oulu\/oulun-meripelastajat\/tukikohta\/#primaryimage"},"image":{"@id":"https:\/\/meripelastus.fi\/oulu\/oulun-meripelastajat\/tukikohta\/#primaryimage"},"thumbnailUrl":"https:\/\/meripelastus.fi\/oulu-vedos\/wp-content\/uploads\/sites\/26\/2020\/01\/maja-300x271.jpg","datePublished":"2019-12-09T11:04:23+00:00","dateModified":"2020-03-24T12:05:13+00:00","breadcrumb":{"@id":"https:\/\/meripelastus.fi\/oulu\/oulun-meripelastajat\/tukikohta\/#breadcrumb"},"inLanguage":"fi","potentialAction":[{"@type":"ReadAction","target":["https:\/\/meripelastus.fi\/oulu\/oulun-meripelastajat\/tukikohta\/"]}]},{"@type":"ImageObject","inLanguage":"fi","@id":"https:\/\/meripelastus.fi\/oulu\/oulun-meripelastajat\/tukikohta\/#primaryimage","url":"https:\/\/meripelastus.fi\/oulu-vedos\/wp-content\/uploads\/sites\/26\/2020\/01\/maja-300x271.jpg","contentUrl":"https:\/\/meripelastus.fi\/oulu-vedos\/wp-content\/uploads\/sites\/26\/2020\/01\/maja-300x271.jpg"},{"@type":"BreadcrumbList","@id":"https:\/\/meripelastus.fi\/oulu\/oulun-meripelastajat\/tukikohta\/#breadcrumb","itemListElement":[{"@type":"ListItem","position":1,"name":"Etusivu","item":"https:\/\/meripelastus.fi\/oulu\/"},{"@type":"ListItem","position":2,"name":"Oulun Meripelastajat","item":"https:\/\/meripelastus.fi\/oulu\/oulun-meripelastajat\/"},{"@type":"ListItem","position":3,"name":"Tukikohta"}]},{"@type":"WebSite","@id":"https:\/\/meripelastus.fi\/oulu\/#website","url":"https:\/\/meripelastus.fi\/oulu\/","name":"Oulun Meripelastajat","description":"Vapaaehtoiset apunasi vesill\u00e4","potentialAction":[{"@type":"SearchAction","target":{"@type":"EntryPoint","urlTemplate":"https:\/\/meripelastus.fi\/oulu\/?s={search_term_string}"},"query-input":{"@type":"PropertyValueSpecification","valueRequired":true,"valueName":"search_term_string"}}],"inLanguage":"fi"}]}},"_links":{"self":[{"href":"https:\/\/meripelastus.fi\/oulu\/wp-json\/wp\/v2\/pages\/186","targetHints":{"allow":["GET"]}}],"collection":[{"href":"https:\/\/meripelastus.fi\/oulu\/wp-json\/wp\/v2\/pages"}],"about":[{"href":"https:\/\/meripelastus.fi\/oulu\/wp-json\/wp\/v2\/types\/page"}],"author":[{"embeddable":true,"href":"https:\/\/meripelastus.fi\/oulu\/wp-json\/wp\/v2\/users\/1"}],"replies":[{"embeddable":true,"href":"https:\/\/meripelastus.fi\/oulu\/wp-json\/wp\/v2\/comments?post=186"}],"version-history":[{"count":9,"href":"https:\/\/meripelastus.fi\/oulu\/wp-json\/wp\/v2\/pages\/186\/revisions"}],"predecessor-version":[{"id":302,"href":"https:\/\/meripelastus.fi\/oulu\/wp-json\/wp\/v2\/pages\/186\/revisions\/302"}],"up":[{"embeddable":true,"href":"https:\/\/meripelastus.fi\/oulu\/wp-json\/wp\/v2\/pages\/6"}],"wp:attachment":[{"href":"https:\/\/meripelastus.fi\/oulu\/wp-json\/wp\/v2\/media?parent=186"}],"curies":[{"name":"wp","href":"https:\/\/api.w.org\/{rel}","templated":true}]}}