{"id":10,"date":"2018-03-19T09:16:59","date_gmt":"2018-03-19T07:16:59","guid":{"rendered":"http:\/\/basetemplate.smpsyhdistykset.16.testivedos.com\/?page_id=10"},"modified":"2020-05-06T19:30:21","modified_gmt":"2020-05-06T16:30:21","slug":"uutiset","status":"publish","type":"page","link":"https:\/\/meripelastus.fi\/oulu\/oulun-meripelastajat\/uutiset\/","title":{"rendered":"Uutiset"},"content":{"rendered":"","protected":false},"excerpt":{"rendered":"","protected":false},"author":1,"featured_media":0,"parent":6,"menu_order":0,"comment_status":"closed","ping_status":"closed","template":"","meta":{"_acf_changed":false,"inline_featured_image":false,"footnotes":""},"class_list":["post-10","page","type-page","status-publish","hentry"],"acf":[],"yoast_head":"<!-- This site is optimized with the Yoast SEO Premium plugin v27.4 (Yoast SEO v27.4) - https:\/\/yoast.com\/product\/yoast-seo-premium-wordpress\/ -->\n<title>Uutiset - Oulun Meripelastajat<\/title>\n<meta name=\"description\" content=\"Yhdistyksen syyskokouksen p\u00e4\u00e4t\u00f6ksi\u00e4\" \/>\n<meta name=\"robots\" content=\"index, follow, max-snippet:-1, max-image-preview:large, max-video-preview:-1\" \/>\n<link rel=\"canonical\" href=\"https:\/\/meripelastus.fi\/oulu\/oulun-meripelastajat\/uutiset\/\" \/>\n<meta property=\"og:locale\" content=\"fi_FI\" \/>\n<meta property=\"og:type\" content=\"article\" \/>\n<meta property=\"og:title\" content=\"Uutiset\" \/>\n<meta property=\"og:description\" content=\"Yhdistyksen syyskokouksen p\u00e4\u00e4t\u00f6ksi\u00e4\" \/>\n<meta property=\"og:url\" content=\"https:\/\/meripelastus.fi\/oulu\/oulun-meripelastajat\/uutiset\/\" \/>\n<meta property=\"og:site_name\" content=\"Oulun Meripelastajat\" \/>\n<meta property=\"article:modified_time\" content=\"2020-05-06T16:30:21+00:00\" \/>\n<meta name=\"twitter:card\" content=\"summary_large_image\" \/>\n<script type=\"application\/ld+json\" class=\"yoast-schema-graph\">{\"@context\":\"https:\\\/\\\/schema.org\",\"@graph\":[{\"@type\":[\"WebPage\",\"CollectionPage\"],\"@id\":\"https:\\\/\\\/meripelastus.fi\\\/oulu\\\/oulun-meripelastajat\\\/uutiset\\\/\",\"url\":\"https:\\\/\\\/meripelastus.fi\\\/oulu\\\/oulun-meripelastajat\\\/uutiset\\\/\",\"name\":\"Uutiset - Oulun Meripelastajat\",\"isPartOf\":{\"@id\":\"https:\\\/\\\/meripelastus.fi\\\/oulu\\\/#website\"},\"datePublished\":\"2018-03-19T07:16:59+00:00\",\"dateModified\":\"2020-05-06T16:30:21+00:00\",\"description\":\"Yhdistyksen syyskokouksen p\u00e4\u00e4t\u00f6ksi\u00e4\",\"breadcrumb\":{\"@id\":\"https:\\\/\\\/meripelastus.fi\\\/oulu\\\/oulun-meripelastajat\\\/uutiset\\\/#breadcrumb\"},\"inLanguage\":\"fi\"},{\"@type\":\"BreadcrumbList\",\"@id\":\"https:\\\/\\\/meripelastus.fi\\\/oulu\\\/oulun-meripelastajat\\\/uutiset\\\/#breadcrumb\",\"itemListElement\":[{\"@type\":\"ListItem\",\"position\":1,\"name\":\"Etusivu\",\"item\":\"https:\\\/\\\/meripelastus.fi\\\/oulu\\\/\"},{\"@type\":\"ListItem\",\"position\":2,\"name\":\"Oulun Meripelastajat\",\"item\":\"https:\\\/\\\/meripelastus.fi\\\/oulu\\\/oulun-meripelastajat\\\/\"},{\"@type\":\"ListItem\",\"position\":3,\"name\":\"Uutiset\"}]},{\"@type\":\"WebSite\",\"@id\":\"https:\\\/\\\/meripelastus.fi\\\/oulu\\\/#website\",\"url\":\"https:\\\/\\\/meripelastus.fi\\\/oulu\\\/\",\"name\":\"Oulun Meripelastajat\",\"description\":\"Vapaaehtoiset apunasi vesill\u00e4\",\"potentialAction\":[{\"@type\":\"SearchAction\",\"target\":{\"@type\":\"EntryPoint\",\"urlTemplate\":\"https:\\\/\\\/meripelastus.fi\\\/oulu\\\/?s={search_term_string}\"},\"query-input\":{\"@type\":\"PropertyValueSpecification\",\"valueRequired\":true,\"valueName\":\"search_term_string\"}}],\"inLanguage\":\"fi\"}]}<\/script>\n<!-- \/ Yoast SEO Premium plugin. -->","yoast_head_json":{"title":"Uutiset - Oulun Meripelastajat","description":"Yhdistyksen syyskokouksen p\u00e4\u00e4t\u00f6ksi\u00e4","robots":{"index":"index","follow":"follow","max-snippet":"max-snippet:-1","max-image-preview":"max-image-preview:large","max-video-preview":"max-video-preview:-1"},"canonical":"https:\/\/meripelastus.fi\/oulu\/oulun-meripelastajat\/uutiset\/","og_locale":"fi_FI","og_type":"article","og_title":"Uutiset","og_description":"Yhdistyksen syyskokouksen p\u00e4\u00e4t\u00f6ksi\u00e4","og_url":"https:\/\/meripelastus.fi\/oulu\/oulun-meripelastajat\/uutiset\/","og_site_name":"Oulun Meripelastajat","article_modified_time":"2020-05-06T16:30:21+00:00","twitter_card":"summary_large_image","schema":{"@context":"https:\/\/schema.org","@graph":[{"@type":["WebPage","CollectionPage"],"@id":"https:\/\/meripelastus.fi\/oulu\/oulun-meripelastajat\/uutiset\/","url":"https:\/\/meripelastus.fi\/oulu\/oulun-meripelastajat\/uutiset\/","name":"Uutiset - Oulun Meripelastajat","isPartOf":{"@id":"https:\/\/meripelastus.fi\/oulu\/#website"},"datePublished":"2018-03-19T07:16:59+00:00","dateModified":"2020-05-06T16:30:21+00:00","description":"Yhdistyksen syyskokouksen p\u00e4\u00e4t\u00f6ksi\u00e4","breadcrumb":{"@id":"https:\/\/meripelastus.fi\/oulu\/oulun-meripelastajat\/uutiset\/#breadcrumb"},"inLanguage":"fi"},{"@type":"BreadcrumbList","@id":"https:\/\/meripelastus.fi\/oulu\/oulun-meripelastajat\/uutiset\/#breadcrumb","itemListElement":[{"@type":"ListItem","position":1,"name":"Etusivu","item":"https:\/\/meripelastus.fi\/oulu\/"},{"@type":"ListItem","position":2,"name":"Oulun Meripelastajat","item":"https:\/\/meripelastus.fi\/oulu\/oulun-meripelastajat\/"},{"@type":"ListItem","position":3,"name":"Uutiset"}]},{"@type":"WebSite","@id":"https:\/\/meripelastus.fi\/oulu\/#website","url":"https:\/\/meripelastus.fi\/oulu\/","name":"Oulun Meripelastajat","description":"Vapaaehtoiset apunasi vesill\u00e4","potentialAction":[{"@type":"SearchAction","target":{"@type":"EntryPoint","urlTemplate":"https:\/\/meripelastus.fi\/oulu\/?s={search_term_string}"},"query-input":{"@type":"PropertyValueSpecification","valueRequired":true,"valueName":"search_term_string"}}],"inLanguage":"fi"}]}},"_links":{"self":[{"href":"https:\/\/meripelastus.fi\/oulu\/wp-json\/wp\/v2\/pages\/10","targetHints":{"allow":["GET"]}}],"collection":[{"href":"https:\/\/meripelastus.fi\/oulu\/wp-json\/wp\/v2\/pages"}],"about":[{"href":"https:\/\/meripelastus.fi\/oulu\/wp-json\/wp\/v2\/types\/page"}],"author":[{"embeddable":true,"href":"https:\/\/meripelastus.fi\/oulu\/wp-json\/wp\/v2\/users\/1"}],"replies":[{"embeddable":true,"href":"https:\/\/meripelastus.fi\/oulu\/wp-json\/wp\/v2\/comments?post=10"}],"version-history":[{"count":5,"href":"https:\/\/meripelastus.fi\/oulu\/wp-json\/wp\/v2\/pages\/10\/revisions"}],"predecessor-version":[{"id":317,"href":"https:\/\/meripelastus.fi\/oulu\/wp-json\/wp\/v2\/pages\/10\/revisions\/317"}],"up":[{"embeddable":true,"href":"https:\/\/meripelastus.fi\/oulu\/wp-json\/wp\/v2\/pages\/6"}],"wp:attachment":[{"href":"https:\/\/meripelastus.fi\/oulu\/wp-json\/wp\/v2\/media?parent=10"}],"curies":[{"name":"wp","href":"https:\/\/api.w.org\/{rel}","templated":true}]}}