{"id":990,"date":"2025-02-04T21:30:30","date_gmt":"2025-02-04T19:30:30","guid":{"rendered":"https:\/\/meripelastus.fi\/naantali\/?page_id=990"},"modified":"2025-02-04T21:32:00","modified_gmt":"2025-02-04T19:32:00","slug":"nunnalahti","status":"publish","type":"page","link":"https:\/\/meripelastus.fi\/naantali\/toiminta\/alukset\/nunnalahti\/","title":{"rendered":"Pv Nunnalahti (1987-2012)"},"content":{"rendered":"\n<p>Vuonna 1986 aloitettiin veneprojekti, jonka lopputuloksena oli alkuvuodesta 1987 valmistunut upouusi Pv Nunnalahti. Nunnalahden rakensi Uudenkaupungin veneveist\u00e4m\u00f6 ja sen malliksi valittiin viittavene, sill\u00e4 viittaveneist\u00e4 oli kuultu hyvi\u00e4 kokemuksia Turun ja Inkoon meripelastajilta.<\/p>\n\n\n\n<figure class=\"wp-block-pullquote has-medium-font-size\"><blockquote><p>&#8221;Nimi erottuu kutsuttaessa. Se on riitt\u00e4v\u00e4n pitk\u00e4 ja helposti lausuttavissa. Nunnalahtia ei ole muita. Satamassa viljavarastona olevan vanhan ja kunnioitettavan tankkerin kyljess\u00e4 lukee viel\u00e4 Nunnalahti, mutta virallisista alusrekistereist\u00e4 se on jo poistettu. Lis\u00e4ksi Nunnalahti on osa Naantalia.&#8221;<\/p><cite>Puheesta aluksen kastetilaisuudessa 23.5.1987<\/cite><\/blockquote><\/figure>\n\n\n\n<p>Olipahan Nunnalahdessa my\u00f6s jotain mit\u00e4 muissa veneiss\u00e4 ei viel\u00e4 ollut. Naantalin seudun meripelastajat solmi sopimuksen piikki\u00f6l\u00e4isen Insin\u00f6\u00f6ritoimisto P.I. Aaltosen kanssa, jonka seurauksena Nunnalahti sai testik\u00e4ytt\u00f6\u00f6n meripelastusaluksiin suunnitellun PIA-pelastuskaiteen. Kaiteen avulla pystyi vedest\u00e4 pelastamaan henkil\u00f6n jopa yksin.<\/p>\n\n\n\n<p>2013 Nunnalahti v\u00e4istyi uudemman veneen tielt\u00e4 ja siirtyi Suolahdelle jatkamaan ty\u00f6t\u00e4\u00e4n pelastusaluksena. 2015 Nunnalahti poistui kokonaan pelastusk\u00e4yt\u00f6st\u00e4.<\/p>\n\n\n\n<figure class=\"wp-block-image size-large is-style-default\"><img loading=\"lazy\" decoding=\"async\" width=\"1024\" height=\"768\" src=\"https:\/\/meripelastus.fi\/naantali\/wp-content\/uploads\/sites\/9\/2025\/02\/Mokin-kastajaiset-064-1-1024x768.jpg\" alt=\"\" class=\"wp-image-980\" srcset=\"https:\/\/meripelastus.fi\/naantali\/wp-content\/uploads\/sites\/9\/2025\/02\/Mokin-kastajaiset-064-1-1024x768.jpg 1024w, https:\/\/meripelastus.fi\/naantali\/wp-content\/uploads\/sites\/9\/2025\/02\/Mokin-kastajaiset-064-1-300x225.jpg 300w, https:\/\/meripelastus.fi\/naantali\/wp-content\/uploads\/sites\/9\/2025\/02\/Mokin-kastajaiset-064-1-768x576.jpg 768w, https:\/\/meripelastus.fi\/naantali\/wp-content\/uploads\/sites\/9\/2025\/02\/Mokin-kastajaiset-064-1-1536x1152.jpg 1536w, https:\/\/meripelastus.fi\/naantali\/wp-content\/uploads\/sites\/9\/2025\/02\/Mokin-kastajaiset-064-1.jpg 1600w\" sizes=\"auto, (max-width: 1024px) 100vw, 1024px\" \/><figcaption class=\"wp-element-caption\">Nunnalahti Ut\u00f6n majakan valmistumisen 190-vuotisjuhlassa<\/figcaption><\/figure>\n\n\n\n<figure class=\"wp-block-image size-large\"><img loading=\"lazy\" decoding=\"async\" width=\"1024\" height=\"535\" src=\"https:\/\/meripelastus.fi\/naantali\/wp-content\/uploads\/sites\/9\/2024\/08\/AV-1024x535.jpg\" alt=\"\" class=\"wp-image-770\" srcset=\"https:\/\/meripelastus.fi\/naantali\/wp-content\/uploads\/sites\/9\/2024\/08\/AV-1024x535.jpg 1024w, https:\/\/meripelastus.fi\/naantali\/wp-content\/uploads\/sites\/9\/2024\/08\/AV-300x157.jpg 300w, https:\/\/meripelastus.fi\/naantali\/wp-content\/uploads\/sites\/9\/2024\/08\/AV-768x401.jpg 768w, https:\/\/meripelastus.fi\/naantali\/wp-content\/uploads\/sites\/9\/2024\/08\/AV-1536x803.jpg 1536w, https:\/\/meripelastus.fi\/naantali\/wp-content\/uploads\/sites\/9\/2024\/08\/AV-2048x1070.jpg 2048w\" sizes=\"auto, (max-width: 1024px) 100vw, 1024px\" \/><figcaption class=\"wp-element-caption\">Nunnalahden mukana kulki usein my\u00f6s pienempi apuvene<\/figcaption><\/figure>\n\n\n\n<h2 class=\"wp-block-heading\" id=\"h-ominaisuudet\">Ominaisuudet<\/h2>\n\n\n\n<p><strong>Mittatiedot<br><\/strong>Pituus: 10,1 m<br>Leveys: 3,2 m<br>Korkeus: 4 m<br>Syv\u00e4ys: 0,8 m<br>Paino: 5 tn<\/p>\n\n\n\n<p><strong>Konetiedot<\/strong><br>M\u00e4\u00e4r\u00e4: 1 kpl<br>Teho: 96 kW (124 hp)<br>Propulsio: akseliveto<br>Marssinopeus: 10 kn (19 km\/h)<br>Maksimi nopeus: 14 kn (26 km\/h)<\/p>\n\n\n\n<p><strong>Yleist\u00e4<\/strong><br>Valmistaja: Uudenkaupungin Veneveist\u00e4m\u00f6 Oy<br>Rakennettu: 1987<br>Miehist\u00f6: 1+2 henkil\u00f6\u00e4<\/p>\n","protected":false},"excerpt":{"rendered":"<p>Vuonna 1986 aloitettiin veneprojekti, jonka lopputuloksena oli alkuvuodesta 1987 valmistunut upouusi Pv Nunnalahti. Nunnalahden rakensi Uudenkaupungin veneveist\u00e4m\u00f6 ja sen malliksi valittiin viittavene, sill\u00e4 viittaveneist\u00e4 oli kuultu hyvi\u00e4 kokemuksia Turun ja Inkoon meripelastajilta. &#8221;Nimi erottuu kutsuttaessa. Se on riitt\u00e4v\u00e4n pitk\u00e4 ja helposti lausuttavissa. Nunnalahtia ei ole muita. Satamassa viljavarastona olevan vanhan ja kunnioitettavan tankkerin kyljess\u00e4 lukee [&hellip;]<\/p>\n","protected":false},"author":114,"featured_media":0,"parent":738,"menu_order":0,"comment_status":"closed","ping_status":"closed","template":"","meta":{"_acf_changed":false,"inline_featured_image":false,"footnotes":""},"class_list":["post-990","page","type-page","status-publish","hentry"],"acf":[],"yoast_head":"<!-- This site is optimized with the Yoast SEO Premium plugin v27.2 (Yoast SEO v27.2) - https:\/\/yoast.com\/product\/yoast-seo-premium-wordpress\/ -->\n<title>Pv Nunnalahti (1987-2012) - Naantalin Seudun Meripelastajat<\/title>\n<meta name=\"robots\" content=\"index, follow, max-snippet:-1, max-image-preview:large, max-video-preview:-1\" \/>\n<link rel=\"canonical\" href=\"https:\/\/meripelastus.fi\/naantali\/toiminta\/alukset\/nunnalahti\/\" \/>\n<meta property=\"og:locale\" content=\"fi_FI\" \/>\n<meta property=\"og:type\" content=\"article\" \/>\n<meta property=\"og:title\" content=\"Pv Nunnalahti (1987-2012)\" \/>\n<meta property=\"og:description\" content=\"Vuonna 1986 aloitettiin veneprojekti, jonka lopputuloksena oli alkuvuodesta 1987 valmistunut upouusi Pv Nunnalahti. Nunnalahden rakensi Uudenkaupungin veneveist\u00e4m\u00f6 ja sen malliksi valittiin viittavene, sill\u00e4 viittaveneist\u00e4 oli kuultu hyvi\u00e4 kokemuksia Turun ja Inkoon meripelastajilta. &#8221;Nimi erottuu kutsuttaessa. Se on riitt\u00e4v\u00e4n pitk\u00e4 ja helposti lausuttavissa. Nunnalahtia ei ole muita. Satamassa viljavarastona olevan vanhan ja kunnioitettavan tankkerin kyljess\u00e4 lukee [&hellip;]\" \/>\n<meta property=\"og:url\" content=\"https:\/\/meripelastus.fi\/naantali\/toiminta\/alukset\/nunnalahti\/\" \/>\n<meta property=\"og:site_name\" content=\"Naantalin Seudun Meripelastajat\" \/>\n<meta property=\"article:modified_time\" content=\"2025-02-04T19:32:00+00:00\" \/>\n<meta property=\"og:image\" content=\"https:\/\/meripelastus.fi\/naantali\/wp-content\/uploads\/sites\/9\/2025\/02\/Mokin-kastajaiset-064-1.jpg\" \/>\n\t<meta property=\"og:image:width\" content=\"1600\" \/>\n\t<meta property=\"og:image:height\" content=\"1200\" \/>\n\t<meta property=\"og:image:type\" content=\"image\/jpeg\" \/>\n<meta name=\"twitter:card\" content=\"summary_large_image\" \/>\n<meta name=\"twitter:label1\" content=\"Arvioitu lukuaika\" \/>\n\t<meta name=\"twitter:data1\" content=\"2 minuuttia\" \/>\n<script type=\"application\/ld+json\" class=\"yoast-schema-graph\">{\"@context\":\"https:\/\/schema.org\",\"@graph\":[{\"@type\":\"WebPage\",\"@id\":\"https:\/\/meripelastus.fi\/naantali\/toiminta\/alukset\/nunnalahti\/\",\"url\":\"https:\/\/meripelastus.fi\/naantali\/toiminta\/alukset\/nunnalahti\/\",\"name\":\"Pv Nunnalahti (1987-2012) - Naantalin Seudun Meripelastajat\",\"isPartOf\":{\"@id\":\"https:\/\/meripelastus.fi\/naantali\/#website\"},\"primaryImageOfPage\":{\"@id\":\"https:\/\/meripelastus.fi\/naantali\/toiminta\/alukset\/nunnalahti\/#primaryimage\"},\"image\":{\"@id\":\"https:\/\/meripelastus.fi\/naantali\/toiminta\/alukset\/nunnalahti\/#primaryimage\"},\"thumbnailUrl\":\"https:\/\/meripelastus.fi\/naantali\/wp-content\/uploads\/sites\/9\/2025\/02\/Mokin-kastajaiset-064-1-1024x768.jpg\",\"datePublished\":\"2025-02-04T19:30:30+00:00\",\"dateModified\":\"2025-02-04T19:32:00+00:00\",\"breadcrumb\":{\"@id\":\"https:\/\/meripelastus.fi\/naantali\/toiminta\/alukset\/nunnalahti\/#breadcrumb\"},\"inLanguage\":\"fi\",\"potentialAction\":[{\"@type\":\"ReadAction\",\"target\":[\"https:\/\/meripelastus.fi\/naantali\/toiminta\/alukset\/nunnalahti\/\"]}]},{\"@type\":\"ImageObject\",\"inLanguage\":\"fi\",\"@id\":\"https:\/\/meripelastus.fi\/naantali\/toiminta\/alukset\/nunnalahti\/#primaryimage\",\"url\":\"https:\/\/meripelastus.fi\/naantali\/wp-content\/uploads\/sites\/9\/2025\/02\/Mokin-kastajaiset-064-1.jpg\",\"contentUrl\":\"https:\/\/meripelastus.fi\/naantali\/wp-content\/uploads\/sites\/9\/2025\/02\/Mokin-kastajaiset-064-1.jpg\",\"width\":1600,\"height\":1200},{\"@type\":\"BreadcrumbList\",\"@id\":\"https:\/\/meripelastus.fi\/naantali\/toiminta\/alukset\/nunnalahti\/#breadcrumb\",\"itemListElement\":[{\"@type\":\"ListItem\",\"position\":1,\"name\":\"Etusivu\",\"item\":\"https:\/\/meripelastus.fi\/naantali\/\"},{\"@type\":\"ListItem\",\"position\":2,\"name\":\"Toiminta\",\"item\":\"https:\/\/meripelastus.fi\/naantali\/toiminta\/\"},{\"@type\":\"ListItem\",\"position\":3,\"name\":\"Alukset\",\"item\":\"https:\/\/meripelastus.fi\/naantali\/toiminta\/alukset\/\"},{\"@type\":\"ListItem\",\"position\":4,\"name\":\"Pv Nunnalahti (1987-2012)\"}]},{\"@type\":\"WebSite\",\"@id\":\"https:\/\/meripelastus.fi\/naantali\/#website\",\"url\":\"https:\/\/meripelastus.fi\/naantali\/\",\"name\":\"Naantalin Seudun Meripelastajat\",\"description\":\"Uusi SMPS Yhdistykset -sivusto\",\"potentialAction\":[{\"@type\":\"SearchAction\",\"target\":{\"@type\":\"EntryPoint\",\"urlTemplate\":\"https:\/\/meripelastus.fi\/naantali\/?s={search_term_string}\"},\"query-input\":{\"@type\":\"PropertyValueSpecification\",\"valueRequired\":true,\"valueName\":\"search_term_string\"}}],\"inLanguage\":\"fi\"}]}<\/script>\n<!-- \/ Yoast SEO Premium plugin. -->","yoast_head_json":{"title":"Pv Nunnalahti (1987-2012) - Naantalin Seudun Meripelastajat","robots":{"index":"index","follow":"follow","max-snippet":"max-snippet:-1","max-image-preview":"max-image-preview:large","max-video-preview":"max-video-preview:-1"},"canonical":"https:\/\/meripelastus.fi\/naantali\/toiminta\/alukset\/nunnalahti\/","og_locale":"fi_FI","og_type":"article","og_title":"Pv Nunnalahti (1987-2012)","og_description":"Vuonna 1986 aloitettiin veneprojekti, jonka lopputuloksena oli alkuvuodesta 1987 valmistunut upouusi Pv Nunnalahti. Nunnalahden rakensi Uudenkaupungin veneveist\u00e4m\u00f6 ja sen malliksi valittiin viittavene, sill\u00e4 viittaveneist\u00e4 oli kuultu hyvi\u00e4 kokemuksia Turun ja Inkoon meripelastajilta. &#8221;Nimi erottuu kutsuttaessa. Se on riitt\u00e4v\u00e4n pitk\u00e4 ja helposti lausuttavissa. Nunnalahtia ei ole muita. Satamassa viljavarastona olevan vanhan ja kunnioitettavan tankkerin kyljess\u00e4 lukee [&hellip;]","og_url":"https:\/\/meripelastus.fi\/naantali\/toiminta\/alukset\/nunnalahti\/","og_site_name":"Naantalin Seudun Meripelastajat","article_modified_time":"2025-02-04T19:32:00+00:00","og_image":[{"width":1600,"height":1200,"url":"https:\/\/meripelastus.fi\/naantali\/wp-content\/uploads\/sites\/9\/2025\/02\/Mokin-kastajaiset-064-1.jpg","type":"image\/jpeg"}],"twitter_card":"summary_large_image","twitter_misc":{"Arvioitu lukuaika":"2 minuuttia"},"schema":{"@context":"https:\/\/schema.org","@graph":[{"@type":"WebPage","@id":"https:\/\/meripelastus.fi\/naantali\/toiminta\/alukset\/nunnalahti\/","url":"https:\/\/meripelastus.fi\/naantali\/toiminta\/alukset\/nunnalahti\/","name":"Pv Nunnalahti (1987-2012) - Naantalin Seudun Meripelastajat","isPartOf":{"@id":"https:\/\/meripelastus.fi\/naantali\/#website"},"primaryImageOfPage":{"@id":"https:\/\/meripelastus.fi\/naantali\/toiminta\/alukset\/nunnalahti\/#primaryimage"},"image":{"@id":"https:\/\/meripelastus.fi\/naantali\/toiminta\/alukset\/nunnalahti\/#primaryimage"},"thumbnailUrl":"https:\/\/meripelastus.fi\/naantali\/wp-content\/uploads\/sites\/9\/2025\/02\/Mokin-kastajaiset-064-1-1024x768.jpg","datePublished":"2025-02-04T19:30:30+00:00","dateModified":"2025-02-04T19:32:00+00:00","breadcrumb":{"@id":"https:\/\/meripelastus.fi\/naantali\/toiminta\/alukset\/nunnalahti\/#breadcrumb"},"inLanguage":"fi","potentialAction":[{"@type":"ReadAction","target":["https:\/\/meripelastus.fi\/naantali\/toiminta\/alukset\/nunnalahti\/"]}]},{"@type":"ImageObject","inLanguage":"fi","@id":"https:\/\/meripelastus.fi\/naantali\/toiminta\/alukset\/nunnalahti\/#primaryimage","url":"https:\/\/meripelastus.fi\/naantali\/wp-content\/uploads\/sites\/9\/2025\/02\/Mokin-kastajaiset-064-1.jpg","contentUrl":"https:\/\/meripelastus.fi\/naantali\/wp-content\/uploads\/sites\/9\/2025\/02\/Mokin-kastajaiset-064-1.jpg","width":1600,"height":1200},{"@type":"BreadcrumbList","@id":"https:\/\/meripelastus.fi\/naantali\/toiminta\/alukset\/nunnalahti\/#breadcrumb","itemListElement":[{"@type":"ListItem","position":1,"name":"Etusivu","item":"https:\/\/meripelastus.fi\/naantali\/"},{"@type":"ListItem","position":2,"name":"Toiminta","item":"https:\/\/meripelastus.fi\/naantali\/toiminta\/"},{"@type":"ListItem","position":3,"name":"Alukset","item":"https:\/\/meripelastus.fi\/naantali\/toiminta\/alukset\/"},{"@type":"ListItem","position":4,"name":"Pv Nunnalahti (1987-2012)"}]},{"@type":"WebSite","@id":"https:\/\/meripelastus.fi\/naantali\/#website","url":"https:\/\/meripelastus.fi\/naantali\/","name":"Naantalin Seudun Meripelastajat","description":"Uusi SMPS Yhdistykset -sivusto","potentialAction":[{"@type":"SearchAction","target":{"@type":"EntryPoint","urlTemplate":"https:\/\/meripelastus.fi\/naantali\/?s={search_term_string}"},"query-input":{"@type":"PropertyValueSpecification","valueRequired":true,"valueName":"search_term_string"}}],"inLanguage":"fi"}]}},"_links":{"self":[{"href":"https:\/\/meripelastus.fi\/naantali\/wp-json\/wp\/v2\/pages\/990","targetHints":{"allow":["GET"]}}],"collection":[{"href":"https:\/\/meripelastus.fi\/naantali\/wp-json\/wp\/v2\/pages"}],"about":[{"href":"https:\/\/meripelastus.fi\/naantali\/wp-json\/wp\/v2\/types\/page"}],"author":[{"embeddable":true,"href":"https:\/\/meripelastus.fi\/naantali\/wp-json\/wp\/v2\/users\/114"}],"replies":[{"embeddable":true,"href":"https:\/\/meripelastus.fi\/naantali\/wp-json\/wp\/v2\/comments?post=990"}],"version-history":[{"count":1,"href":"https:\/\/meripelastus.fi\/naantali\/wp-json\/wp\/v2\/pages\/990\/revisions"}],"predecessor-version":[{"id":991,"href":"https:\/\/meripelastus.fi\/naantali\/wp-json\/wp\/v2\/pages\/990\/revisions\/991"}],"up":[{"embeddable":true,"href":"https:\/\/meripelastus.fi\/naantali\/wp-json\/wp\/v2\/pages\/738"}],"wp:attachment":[{"href":"https:\/\/meripelastus.fi\/naantali\/wp-json\/wp\/v2\/media?parent=990"}],"curies":[{"name":"wp","href":"https:\/\/api.w.org\/{rel}","templated":true}]}}