{"id":8,"date":"2018-03-19T09:16:29","date_gmt":"2018-03-19T07:16:29","guid":{"rendered":"http:\/\/basetemplate.smpsyhdistykset.16.testivedos.com\/?page_id=8"},"modified":"2024-10-22T18:36:00","modified_gmt":"2024-10-22T15:36:00","slug":"tietoa-meista","status":"publish","type":"page","link":"https:\/\/meripelastus.fi\/naantali\/naantalin-meripelastajat\/tietoa-meista\/","title":{"rendered":"Tietoa meist\u00e4"},"content":{"rendered":"\n<p>Vuonna 1965 perustettu Naantalin Seudun Meripelastajat ry toimii Saaristomeren alueella. Yhdistyksemme yll\u00e4pit\u00e4\u00e4, turvaa ja avustaa vapaaehtoisvoimin veneilij\u00f6iden ja vesill\u00e4liikkujien turvallisuutta. J\u00e4seni\u00e4 yhdistyksess\u00e4 on hieman yli 700. Aktiivimiehist\u00f6ss\u00e4 on noin 60 henkil\u00f6\u00e4 ja alusten p\u00e4\u00e4llik\u00f6it\u00e4 18 henkil\u00f6\u00e4.<\/p>\n\n\n\n<p>Aluksia yhdistyksen k\u00e4yt\u00f6ss\u00e4 on kaksi: PV4 -luokan, kolmen hengen miehist\u00f6ll\u00e4 ajettava, 12,1 metrinen <strong>Pv L\u00e4hitapiola V-S<\/strong>, sek\u00e4 PV1 -luokan, kahden hengen miehist\u00f6ll\u00e4 ajettava, 7,5 metrinen <strong>Pv Reka<\/strong>. Molemmat soveltuvat niin partiointiin kuin pelastusteht\u00e4viin p\u00e4ivystysalueellamme.<\/p>\n\n\n\n<p>Mannertukikohtamme on Lammasluodossa Naantalin Purjehdusseuran yhteydess\u00e4 ja saaristotukikohta Riukuluodon saaressa. Yhdistyksen maja sijaitse Naantalin keskustassa, osoitteessa Presidentinkatu 8.<\/p>\n\n\n\n<div class=\"wp-block-buttons is-nowrap is-layout-flex wp-container-core-buttons-is-layout-ad2f72ca wp-block-buttons-is-layout-flex\">\n<div class=\"wp-block-button has-custom-width wp-block-button__width-25 has-custom-font-size is-style-fill has-small-font-size\"><a class=\"wp-block-button__link wp-element-button\" href=\"https:\/\/meripelastus.fi\/naantali\/toiminta\/alukset\/\" style=\"border-radius:10px\">lis\u00e4\u00e4 veneist\u00e4mme<\/a><\/div>\n\n\n\n<div class=\"wp-block-button has-custom-width wp-block-button__width-25 has-custom-font-size is-style-outline has-small-font-size is-style-outline--1\"><a class=\"wp-block-button__link wp-element-button\" href=\"https:\/\/meripelastus.fi\/naantali\/toiminta\/liity-jaseneksi\/\" style=\"border-radius:10px\">Liity j\u00e4seneksi<\/a><\/div>\n\n\n\n<div class=\"wp-block-button has-custom-width wp-block-button__width-25 has-custom-font-size is-style-fill has-small-font-size\"><a class=\"wp-block-button__link wp-element-button\" href=\"https:\/\/meripelastus.fi\/naantali\/toiminta\/koulutus\/\" style=\"border-radius:10px\">Koulutus<\/a><\/div>\n\n\n<\/div>\n\n\n\n<figure class=\"wp-block-image\"><img loading=\"lazy\" decoding=\"async\" width=\"1083\" height=\"110\" src=\"https:\/\/meripelastus.fi\/naantali\/wp-content\/uploads\/sites\/9\/2024\/02\/smps-kompassi-sininen.png\" alt=\"\" class=\"wp-image-724\" srcset=\"https:\/\/meripelastus.fi\/naantali\/wp-content\/uploads\/sites\/9\/2024\/02\/smps-kompassi-sininen.png 1083w, https:\/\/meripelastus.fi\/naantali\/wp-content\/uploads\/sites\/9\/2024\/02\/smps-kompassi-sininen-300x30.png 300w, https:\/\/meripelastus.fi\/naantali\/wp-content\/uploads\/sites\/9\/2024\/02\/smps-kompassi-sininen-1024x104.png 1024w, https:\/\/meripelastus.fi\/naantali\/wp-content\/uploads\/sites\/9\/2024\/02\/smps-kompassi-sininen-768x78.png 768w\" sizes=\"auto, (max-width: 1083px) 100vw, 1083px\" \/><\/figure>\n\n\n\n<figure class=\"wp-block-embed is-type-video is-provider-youtube wp-block-embed-youtube wp-embed-aspect-16-9 wp-has-aspect-ratio\"><div class=\"wp-block-embed__wrapper\">\n<iframe loading=\"lazy\" title=\"Me olemme Meripelastusseura\" width=\"500\" height=\"281\" src=\"https:\/\/www.youtube.com\/embed\/Ro6COmKFKYI?feature=oembed\" frameborder=\"0\" allow=\"accelerometer; autoplay; clipboard-write; encrypted-media; gyroscope; picture-in-picture; web-share\" referrerpolicy=\"strict-origin-when-cross-origin\" allowfullscreen><\/iframe>\n<\/div><\/figure>\n\n\n\n<p><\/p>\n","protected":false},"excerpt":{"rendered":"<p>Vuonna 1965 perustettu Naantalin Seudun Meripelastajat ry toimii Saaristomeren alueella. Yhdistyksemme yll\u00e4pit\u00e4\u00e4, turvaa ja avustaa vapaaehtoisvoimin veneilij\u00f6iden ja vesill\u00e4liikkujien turvallisuutta. J\u00e4seni\u00e4 yhdistyksess\u00e4 on hieman yli 700. Aktiivimiehist\u00f6ss\u00e4 on noin 60 henkil\u00f6\u00e4 ja alusten p\u00e4\u00e4llik\u00f6it\u00e4 18 henkil\u00f6\u00e4. Aluksia yhdistyksen k\u00e4yt\u00f6ss\u00e4 on kaksi: PV4 -luokan, kolmen hengen miehist\u00f6ll\u00e4 ajettava, 12,1 metrinen Pv L\u00e4hitapiola V-S, sek\u00e4 PV1 -luokan, [&hellip;]<\/p>\n","protected":false},"author":1,"featured_media":553,"parent":6,"menu_order":0,"comment_status":"closed","ping_status":"closed","template":"","meta":{"_acf_changed":false,"inline_featured_image":false,"footnotes":""},"class_list":["post-8","page","type-page","status-publish","has-post-thumbnail","hentry"],"acf":[],"yoast_head":"<!-- This site is optimized with the Yoast SEO Premium plugin v27.2 (Yoast SEO v27.2) - https:\/\/yoast.com\/product\/yoast-seo-premium-wordpress\/ -->\n<title>Tietoa meist\u00e4 - Naantalin Seudun Meripelastajat<\/title>\n<meta name=\"robots\" content=\"index, follow, max-snippet:-1, max-image-preview:large, max-video-preview:-1\" \/>\n<link rel=\"canonical\" href=\"https:\/\/meripelastus.fi\/naantali\/naantalin-meripelastajat\/tietoa-meista\/\" \/>\n<meta property=\"og:locale\" content=\"fi_FI\" \/>\n<meta property=\"og:type\" content=\"article\" \/>\n<meta property=\"og:title\" content=\"Tietoa meist\u00e4\" \/>\n<meta property=\"og:description\" content=\"Vuonna 1965 perustettu Naantalin Seudun Meripelastajat ry toimii Saaristomeren alueella. Yhdistyksemme yll\u00e4pit\u00e4\u00e4, turvaa ja avustaa vapaaehtoisvoimin veneilij\u00f6iden ja vesill\u00e4liikkujien turvallisuutta. J\u00e4seni\u00e4 yhdistyksess\u00e4 on hieman yli 700. Aktiivimiehist\u00f6ss\u00e4 on noin 60 henkil\u00f6\u00e4 ja alusten p\u00e4\u00e4llik\u00f6it\u00e4 18 henkil\u00f6\u00e4. Aluksia yhdistyksen k\u00e4yt\u00f6ss\u00e4 on kaksi: PV4 -luokan, kolmen hengen miehist\u00f6ll\u00e4 ajettava, 12,1 metrinen Pv L\u00e4hitapiola V-S, sek\u00e4 PV1 -luokan, [&hellip;]\" \/>\n<meta property=\"og:url\" content=\"https:\/\/meripelastus.fi\/naantali\/naantalin-meripelastajat\/tietoa-meista\/\" \/>\n<meta property=\"og:site_name\" content=\"Naantalin Seudun Meripelastajat\" \/>\n<meta property=\"article:modified_time\" content=\"2024-10-22T15:36:00+00:00\" \/>\n<meta property=\"og:image\" content=\"https:\/\/meripelastus.fi\/naantali\/wp-content\/uploads\/sites\/9\/2022\/05\/MG_2109.jpg\" \/>\n\t<meta property=\"og:image:width\" content=\"2048\" \/>\n\t<meta property=\"og:image:height\" content=\"1365\" \/>\n\t<meta property=\"og:image:type\" content=\"image\/jpeg\" \/>\n<meta name=\"twitter:card\" content=\"summary_large_image\" \/>\n<meta name=\"twitter:label1\" content=\"Arvioitu lukuaika\" \/>\n\t<meta name=\"twitter:data1\" content=\"1 minuutti\" \/>\n<script type=\"application\/ld+json\" class=\"yoast-schema-graph\">{\"@context\":\"https:\/\/schema.org\",\"@graph\":[{\"@type\":\"WebPage\",\"@id\":\"https:\/\/meripelastus.fi\/naantali\/naantalin-meripelastajat\/tietoa-meista\/\",\"url\":\"https:\/\/meripelastus.fi\/naantali\/naantalin-meripelastajat\/tietoa-meista\/\",\"name\":\"Tietoa meist\u00e4 - Naantalin Seudun Meripelastajat\",\"isPartOf\":{\"@id\":\"https:\/\/meripelastus.fi\/naantali\/#website\"},\"primaryImageOfPage\":{\"@id\":\"https:\/\/meripelastus.fi\/naantali\/naantalin-meripelastajat\/tietoa-meista\/#primaryimage\"},\"image\":{\"@id\":\"https:\/\/meripelastus.fi\/naantali\/naantalin-meripelastajat\/tietoa-meista\/#primaryimage\"},\"thumbnailUrl\":\"https:\/\/meripelastus.fi\/naantali\/wp-content\/uploads\/sites\/9\/2022\/05\/MG_2109.jpg\",\"datePublished\":\"2018-03-19T07:16:29+00:00\",\"dateModified\":\"2024-10-22T15:36:00+00:00\",\"breadcrumb\":{\"@id\":\"https:\/\/meripelastus.fi\/naantali\/naantalin-meripelastajat\/tietoa-meista\/#breadcrumb\"},\"inLanguage\":\"fi\",\"potentialAction\":[{\"@type\":\"ReadAction\",\"target\":[\"https:\/\/meripelastus.fi\/naantali\/naantalin-meripelastajat\/tietoa-meista\/\"]}]},{\"@type\":\"ImageObject\",\"inLanguage\":\"fi\",\"@id\":\"https:\/\/meripelastus.fi\/naantali\/naantalin-meripelastajat\/tietoa-meista\/#primaryimage\",\"url\":\"https:\/\/meripelastus.fi\/naantali\/wp-content\/uploads\/sites\/9\/2022\/05\/MG_2109.jpg\",\"contentUrl\":\"https:\/\/meripelastus.fi\/naantali\/wp-content\/uploads\/sites\/9\/2022\/05\/MG_2109.jpg\",\"width\":2048,\"height\":1365},{\"@type\":\"BreadcrumbList\",\"@id\":\"https:\/\/meripelastus.fi\/naantali\/naantalin-meripelastajat\/tietoa-meista\/#breadcrumb\",\"itemListElement\":[{\"@type\":\"ListItem\",\"position\":1,\"name\":\"Etusivu\",\"item\":\"https:\/\/meripelastus.fi\/naantali\/\"},{\"@type\":\"ListItem\",\"position\":2,\"name\":\"Naantalin Meripelastajat\",\"item\":\"https:\/\/meripelastus.fi\/naantali\/naantalin-meripelastajat\/\"},{\"@type\":\"ListItem\",\"position\":3,\"name\":\"Tietoa meist\u00e4\"}]},{\"@type\":\"WebSite\",\"@id\":\"https:\/\/meripelastus.fi\/naantali\/#website\",\"url\":\"https:\/\/meripelastus.fi\/naantali\/\",\"name\":\"Naantalin Seudun Meripelastajat\",\"description\":\"Uusi SMPS Yhdistykset -sivusto\",\"potentialAction\":[{\"@type\":\"SearchAction\",\"target\":{\"@type\":\"EntryPoint\",\"urlTemplate\":\"https:\/\/meripelastus.fi\/naantali\/?s={search_term_string}\"},\"query-input\":{\"@type\":\"PropertyValueSpecification\",\"valueRequired\":true,\"valueName\":\"search_term_string\"}}],\"inLanguage\":\"fi\"}]}<\/script>\n<!-- \/ Yoast SEO Premium plugin. -->","yoast_head_json":{"title":"Tietoa meist\u00e4 - Naantalin Seudun Meripelastajat","robots":{"index":"index","follow":"follow","max-snippet":"max-snippet:-1","max-image-preview":"max-image-preview:large","max-video-preview":"max-video-preview:-1"},"canonical":"https:\/\/meripelastus.fi\/naantali\/naantalin-meripelastajat\/tietoa-meista\/","og_locale":"fi_FI","og_type":"article","og_title":"Tietoa meist\u00e4","og_description":"Vuonna 1965 perustettu Naantalin Seudun Meripelastajat ry toimii Saaristomeren alueella. Yhdistyksemme yll\u00e4pit\u00e4\u00e4, turvaa ja avustaa vapaaehtoisvoimin veneilij\u00f6iden ja vesill\u00e4liikkujien turvallisuutta. J\u00e4seni\u00e4 yhdistyksess\u00e4 on hieman yli 700. Aktiivimiehist\u00f6ss\u00e4 on noin 60 henkil\u00f6\u00e4 ja alusten p\u00e4\u00e4llik\u00f6it\u00e4 18 henkil\u00f6\u00e4. Aluksia yhdistyksen k\u00e4yt\u00f6ss\u00e4 on kaksi: PV4 -luokan, kolmen hengen miehist\u00f6ll\u00e4 ajettava, 12,1 metrinen Pv L\u00e4hitapiola V-S, sek\u00e4 PV1 -luokan, [&hellip;]","og_url":"https:\/\/meripelastus.fi\/naantali\/naantalin-meripelastajat\/tietoa-meista\/","og_site_name":"Naantalin Seudun Meripelastajat","article_modified_time":"2024-10-22T15:36:00+00:00","og_image":[{"width":2048,"height":1365,"url":"https:\/\/meripelastus.fi\/naantali\/wp-content\/uploads\/sites\/9\/2022\/05\/MG_2109.jpg","type":"image\/jpeg"}],"twitter_card":"summary_large_image","twitter_misc":{"Arvioitu lukuaika":"1 minuutti"},"schema":{"@context":"https:\/\/schema.org","@graph":[{"@type":"WebPage","@id":"https:\/\/meripelastus.fi\/naantali\/naantalin-meripelastajat\/tietoa-meista\/","url":"https:\/\/meripelastus.fi\/naantali\/naantalin-meripelastajat\/tietoa-meista\/","name":"Tietoa meist\u00e4 - Naantalin Seudun Meripelastajat","isPartOf":{"@id":"https:\/\/meripelastus.fi\/naantali\/#website"},"primaryImageOfPage":{"@id":"https:\/\/meripelastus.fi\/naantali\/naantalin-meripelastajat\/tietoa-meista\/#primaryimage"},"image":{"@id":"https:\/\/meripelastus.fi\/naantali\/naantalin-meripelastajat\/tietoa-meista\/#primaryimage"},"thumbnailUrl":"https:\/\/meripelastus.fi\/naantali\/wp-content\/uploads\/sites\/9\/2022\/05\/MG_2109.jpg","datePublished":"2018-03-19T07:16:29+00:00","dateModified":"2024-10-22T15:36:00+00:00","breadcrumb":{"@id":"https:\/\/meripelastus.fi\/naantali\/naantalin-meripelastajat\/tietoa-meista\/#breadcrumb"},"inLanguage":"fi","potentialAction":[{"@type":"ReadAction","target":["https:\/\/meripelastus.fi\/naantali\/naantalin-meripelastajat\/tietoa-meista\/"]}]},{"@type":"ImageObject","inLanguage":"fi","@id":"https:\/\/meripelastus.fi\/naantali\/naantalin-meripelastajat\/tietoa-meista\/#primaryimage","url":"https:\/\/meripelastus.fi\/naantali\/wp-content\/uploads\/sites\/9\/2022\/05\/MG_2109.jpg","contentUrl":"https:\/\/meripelastus.fi\/naantali\/wp-content\/uploads\/sites\/9\/2022\/05\/MG_2109.jpg","width":2048,"height":1365},{"@type":"BreadcrumbList","@id":"https:\/\/meripelastus.fi\/naantali\/naantalin-meripelastajat\/tietoa-meista\/#breadcrumb","itemListElement":[{"@type":"ListItem","position":1,"name":"Etusivu","item":"https:\/\/meripelastus.fi\/naantali\/"},{"@type":"ListItem","position":2,"name":"Naantalin Meripelastajat","item":"https:\/\/meripelastus.fi\/naantali\/naantalin-meripelastajat\/"},{"@type":"ListItem","position":3,"name":"Tietoa meist\u00e4"}]},{"@type":"WebSite","@id":"https:\/\/meripelastus.fi\/naantali\/#website","url":"https:\/\/meripelastus.fi\/naantali\/","name":"Naantalin Seudun Meripelastajat","description":"Uusi SMPS Yhdistykset -sivusto","potentialAction":[{"@type":"SearchAction","target":{"@type":"EntryPoint","urlTemplate":"https:\/\/meripelastus.fi\/naantali\/?s={search_term_string}"},"query-input":{"@type":"PropertyValueSpecification","valueRequired":true,"valueName":"search_term_string"}}],"inLanguage":"fi"}]}},"_links":{"self":[{"href":"https:\/\/meripelastus.fi\/naantali\/wp-json\/wp\/v2\/pages\/8","targetHints":{"allow":["GET"]}}],"collection":[{"href":"https:\/\/meripelastus.fi\/naantali\/wp-json\/wp\/v2\/pages"}],"about":[{"href":"https:\/\/meripelastus.fi\/naantali\/wp-json\/wp\/v2\/types\/page"}],"author":[{"embeddable":true,"href":"https:\/\/meripelastus.fi\/naantali\/wp-json\/wp\/v2\/users\/1"}],"replies":[{"embeddable":true,"href":"https:\/\/meripelastus.fi\/naantali\/wp-json\/wp\/v2\/comments?post=8"}],"version-history":[{"count":29,"href":"https:\/\/meripelastus.fi\/naantali\/wp-json\/wp\/v2\/pages\/8\/revisions"}],"predecessor-version":[{"id":869,"href":"https:\/\/meripelastus.fi\/naantali\/wp-json\/wp\/v2\/pages\/8\/revisions\/869"}],"up":[{"embeddable":true,"href":"https:\/\/meripelastus.fi\/naantali\/wp-json\/wp\/v2\/pages\/6"}],"wp:featuredmedia":[{"embeddable":true,"href":"https:\/\/meripelastus.fi\/naantali\/wp-json\/wp\/v2\/media\/553"}],"wp:attachment":[{"href":"https:\/\/meripelastus.fi\/naantali\/wp-json\/wp\/v2\/media?parent=8"}],"curies":[{"name":"wp","href":"https:\/\/api.w.org\/{rel}","templated":true}]}}